{"id":27473,"date":"2023-09-06T20:51:30","date_gmt":"2023-09-06T18:51:30","guid":{"rendered":"https:\/\/groupecoiff.com\/?post_type=product&#038;p=27473"},"modified":"2024-08-29T20:29:20","modified_gmt":"2024-08-29T18:29:20","slug":"fauteuil-de-spa-livia","status":"publish","type":"product","link":"https:\/\/groupecoiff.com\/en\/produit\/fauteuil-de-spa-livia\/","title":{"rendered":"Livia Spa Pedicure Chair"},"content":{"rendered":"<p><strong>If you want a Pedicure chair with numerous features, then choose the Livia SPA chair.<\/strong><\/p>\n<ul>\n<li>\n<h3>Livia SPA chair description<\/h3>\n<\/li>\n<\/ul>\n<p>The Livia spa chair has an ergonomic design that follows the contours of your body for optimal support. The padded armrests and reclining backrest allow you to find the perfect position to relax.<\/p>\n<p>The gentle and enveloping massages provided by the multiple functions of this spa chair give you deep relief from muscle tension and an immediate sense of well-being.<\/p>\n<p>Avec son design \u00e9l\u00e9gant, il est confortable et poss\u00e8de un rev\u00eatement en PU de haute qualit\u00e9. Son rembourrage luxueux et moelleux vous invite \u00e0 vous installer confortablement et \u00e0 vous abandonner \u00e0 une relaxation totale. Profitez d\u2019un moment privil\u00e9gi\u00e9 de bien-\u00eatre absolu dans notre fauteuil de spa moderne.<\/p>\n<ul>\n<li>\n<h3>Caract\u00e9ristiques du fauteuil<\/h3>\n<\/li>\n<\/ul>\n<p>The Livia Pedicure chair is equipped with 2 motors that allow you to adjust the backrest inclination and seat movement. The swiveling armrests facilitate access to the seat and include a fully integrated manicure bowl.<\/p>\n<p>Thanks to this chair, you will be able to perform a multitude of treatments. For example shiatsu massage, facial treatments, hair removal sessions, pedicures, etc.<\/p>\n<ul>\n<li>Padded in high-quality PU<\/li>\n<li>Foot bath with hydromassage and shower<\/li>\n<li>Height-adjustable footrest<\/li>\n<\/ul>","protected":false},"excerpt":{"rendered":"<p>Si vous d\u00e9sirez un fauteuil de P\u00e9dicure avec de nombreuses fonctionnalit\u00e9s, alors optez pour le fauteuil de SPA Livia. Description fauteuil de SPA Livia Le fauteuil de spa Livia a une conception ergonomique qui \u00e9pouse les contours de votre corps pour un soutien optimal. Les accoudoirs rembourr\u00e9s et le dossier inclinable vous permettent de trouver [&hellip;]<\/p>\n","protected":false},"featured_media":27570,"comment_status":"open","ping_status":"closed","template":"","meta":{"googlesitekit_rrm_CAow0YCiDA:productID":"","jetpack_post_was_ever_published":false,"jetpack_publicize_message":"","jetpack_publicize_feature_enabled":true,"jetpack_social_post_already_shared":false,"jetpack_social_options":{"image_generator_settings":{"template":"highway","default_image_id":0,"font":"","enabled":false},"version":2}},"product_brand":[],"product_cat":[52,61],"product_tag":[],"class_list":{"0":"post-27473","1":"product","2":"type-product","3":"status-publish","4":"has-post-thumbnail","6":"product_cat-fauteuil-pedicure-spa","7":"product_cat-mobilier-esthetique","9":"first","10":"instock","11":"taxable","12":"shipping-taxable","13":"purchasable","14":"product-type-variable"},"yoast_head":"<!-- This site is optimized with the Yoast SEO Premium plugin v27.4 (Yoast SEO v27.4) - https:\/\/yoast.com\/product\/yoast-seo-premium-wordpress\/ -->\n<title>Fauteuil de P\u00e9dicure spa Livia - Groupe Coiff<\/title>\n<meta name=\"description\" content=\"D\u00e9couvrez notre fauteuil de spa livia moderne, con\u00e7u pour vous offrir une exp\u00e9rience de d\u00e9tente exceptionnelle. Design \u00e9l\u00e9gant et ligne \u00e9pur\u00e9e, confortable.\" \/>\n<meta name=\"robots\" content=\"index, follow, max-snippet:-1, max-image-preview:large, max-video-preview:-1\" \/>\n<link rel=\"canonical\" href=\"https:\/\/groupecoiff.com\/en\/product-2\/fauteuil-de-spa-livia\/\" \/>\n<meta property=\"og:locale\" content=\"en_US\" \/>\n<meta property=\"og:type\" content=\"article\" \/>\n<meta property=\"og:title\" content=\"Livia le fauteuil de p\u00e9dicure\" \/>\n<meta property=\"og:description\" content=\"Optez pour le fauteuil de p\u00e9dicure Livia. Il est \u00e9quip\u00e9 de 2\u00a0moteurs qui permettent de r\u00e9gler l\u2019inclinaison du dossier et le d\u00e9placement de l\u2019assise. Avec son design \u00e9l\u00e9gant, le fauteuil SPA est confortable et poss\u00e8de un rev\u00eatement en PU de haute qualit\u00e9. Les accoudoirs pivotants facilitent l\u2019acc\u00e8s au si\u00e8ge et incluent un bol \u00e0 manucure compl\u00e8tement int\u00e9gr\u00e9. vous pourrez effectuer une multitude de soins\u00a0: comme le massage shiatsu, des soins du visage, des s\u00e9ances d\u2019\u00e9pilation, de p\u00e9dicure, etc.\" \/>\n<meta property=\"og:url\" content=\"https:\/\/groupecoiff.com\/en\/product-2\/fauteuil-de-spa-livia\/\" \/>\n<meta property=\"og:site_name\" content=\"Groupe Coiff\" \/>\n<meta property=\"article:publisher\" content=\"https:\/\/www.facebook.com\/GroupeCoiff\" \/>\n<meta property=\"article:modified_time\" content=\"2024-08-29T18:29:20+00:00\" \/>\n<meta property=\"og:image\" content=\"https:\/\/groupecoiff.com\/wp-content\/uploads\/2023\/09\/Livia-1.png\" \/>\n\t<meta property=\"og:image:width\" content=\"1080\" \/>\n\t<meta property=\"og:image:height\" content=\"1080\" \/>\n\t<meta property=\"og:image:type\" content=\"image\/png\" \/>\n<meta name=\"twitter:card\" content=\"summary_large_image\" \/>\n<meta name=\"twitter:title\" content=\"Fauteuil de P\u00e9dicure spa Livia\" \/>\n<meta name=\"twitter:site\" content=\"@groupecoiff\" \/>\n<meta name=\"twitter:label1\" content=\"Availability\" \/>\n\t<meta name=\"twitter:data1\" content=\"In stock\" \/>\n<script type=\"application\/ld+json\" class=\"yoast-schema-graph\">{\"@context\":\"https:\\\/\\\/schema.org\",\"@graph\":[{\"@type\":\"WebPage\",\"@id\":\"https:\\\/\\\/groupecoiff.com\\\/produit\\\/fauteuil-de-spa-livia\\\/\",\"url\":\"https:\\\/\\\/groupecoiff.com\\\/produit\\\/fauteuil-de-spa-livia\\\/\",\"name\":\"Fauteuil de P\u00e9dicure spa Livia - Groupe Coiff\",\"isPartOf\":{\"@id\":\"https:\\\/\\\/groupecoiff.com\\\/#website\"},\"primaryImageOfPage\":{\"@id\":\"https:\\\/\\\/groupecoiff.com\\\/produit\\\/fauteuil-de-spa-livia\\\/#primaryimage\"},\"image\":{\"@id\":\"https:\\\/\\\/groupecoiff.com\\\/produit\\\/fauteuil-de-spa-livia\\\/#primaryimage\"},\"thumbnailUrl\":\"https:\\\/\\\/groupecoiff.com\\\/wp-content\\\/uploads\\\/2023\\\/09\\\/Livia-1.png\",\"datePublished\":\"2023-09-06T18:51:30+00:00\",\"dateModified\":\"2024-08-29T18:29:20+00:00\",\"description\":\"D\u00e9couvrez notre fauteuil de spa livia moderne, con\u00e7u pour vous offrir une exp\u00e9rience de d\u00e9tente exceptionnelle. Design \u00e9l\u00e9gant et ligne \u00e9pur\u00e9e, confortable.\",\"breadcrumb\":{\"@id\":\"https:\\\/\\\/groupecoiff.com\\\/produit\\\/fauteuil-de-spa-livia\\\/#breadcrumb\"},\"inLanguage\":\"en-US\",\"potentialAction\":[{\"@type\":\"ReadAction\",\"target\":[\"https:\\\/\\\/groupecoiff.com\\\/produit\\\/fauteuil-de-spa-livia\\\/\"]}]},{\"@type\":\"ImageObject\",\"inLanguage\":\"en-US\",\"@id\":\"https:\\\/\\\/groupecoiff.com\\\/produit\\\/fauteuil-de-spa-livia\\\/#primaryimage\",\"url\":\"https:\\\/\\\/groupecoiff.com\\\/wp-content\\\/uploads\\\/2023\\\/09\\\/Livia-1.png\",\"contentUrl\":\"https:\\\/\\\/groupecoiff.com\\\/wp-content\\\/uploads\\\/2023\\\/09\\\/Livia-1.png\",\"width\":1080,\"height\":1080,\"caption\":\"Fauteuil de spa Livia\"},{\"@type\":\"BreadcrumbList\",\"@id\":\"https:\\\/\\\/groupecoiff.com\\\/produit\\\/fauteuil-de-spa-livia\\\/#breadcrumb\",\"itemListElement\":[{\"@type\":\"ListItem\",\"position\":1,\"name\":\"Accueil\",\"item\":\"https:\\\/\\\/groupecoiff.com\\\/\"},{\"@type\":\"ListItem\",\"position\":2,\"name\":\"Boutique\",\"item\":\"https:\\\/\\\/groupecoiff.com\\\/boutique\\\/\"},{\"@type\":\"ListItem\",\"position\":3,\"name\":\"Fauteuil de P\u00e9dicure spa Livia\"}]},{\"@type\":\"WebSite\",\"@id\":\"https:\\\/\\\/groupecoiff.com\\\/#website\",\"url\":\"https:\\\/\\\/groupecoiff.com\\\/\",\"name\":\"Groupe Coiff\",\"description\":\"Tout pour la coiffure\",\"publisher\":{\"@id\":\"https:\\\/\\\/groupecoiff.com\\\/#organization\"},\"potentialAction\":[{\"@type\":\"SearchAction\",\"target\":{\"@type\":\"EntryPoint\",\"urlTemplate\":\"https:\\\/\\\/groupecoiff.com\\\/?s={search_term_string}\"},\"query-input\":{\"@type\":\"PropertyValueSpecification\",\"valueRequired\":true,\"valueName\":\"search_term_string\"}}],\"inLanguage\":\"en-US\"},{\"@type\":\"Organization\",\"@id\":\"https:\\\/\\\/groupecoiff.com\\\/#organization\",\"name\":\"Groupe Coiff\",\"alternateName\":\"Groupe Coiff : Le Mobilier De Coiffure Haut de Gamme Pour Une \u00c9l\u00e9gance In\u00e9gal\u00e9e\",\"url\":\"https:\\\/\\\/groupecoiff.com\\\/\",\"logo\":{\"@type\":\"ImageObject\",\"inLanguage\":\"en-US\",\"@id\":\"https:\\\/\\\/groupecoiff.com\\\/#\\\/schema\\\/logo\\\/image\\\/\",\"url\":\"https:\\\/\\\/groupecoiff.com\\\/wp-content\\\/uploads\\\/2024\\\/01\\\/cropped-Groupe-Coiff-Logo.webp\",\"contentUrl\":\"https:\\\/\\\/groupecoiff.com\\\/wp-content\\\/uploads\\\/2024\\\/01\\\/cropped-Groupe-Coiff-Logo.webp\",\"width\":512,\"height\":512,\"caption\":\"Groupe Coiff\"},\"image\":{\"@id\":\"https:\\\/\\\/groupecoiff.com\\\/#\\\/schema\\\/logo\\\/image\\\/\"},\"sameAs\":[\"https:\\\/\\\/www.facebook.com\\\/GroupeCoiff\",\"https:\\\/\\\/x.com\\\/groupecoiff\",\"https:\\\/\\\/www.instagram.com\\\/groupecoiff\\\/\",\"https:\\\/\\\/www.tiktok.com\\\/@groupecoiff\",\"https:\\\/\\\/www.youtube.com\\\/@groupecoiff\",\"https:\\\/\\\/twitter.com\\\/groupecoiff\",\"https:\\\/\\\/www.leboncoin.fr\\\/boutique\\\/3961302\\\/groupe_coiff.htm\"],\"description\":\"D\u00e9couvrez le mobilier de coiffure haut de gamme de Groupe Coiff, alliant \u00e9l\u00e9gance et fonctionnalit\u00e9 pour sublimer votre salon et satisfaire vos clients.\",\"email\":\"contact@groupecoiff.com\",\"telephone\":\"0676951605\",\"legalName\":\"Groupe Coiff\",\"foundingDate\":\"2022-11-16\",\"vatID\":\"FR84921406419\",\"taxID\":\"92140641900025\"}]}<\/script>\n<meta property=\"og:availability\" content=\"instock\" \/>\n<meta property=\"product:availability\" content=\"instock\" \/>\n<meta property=\"product:retailer_item_id\" content=\"GC7LLRD27473\" \/>\n<meta property=\"product:condition\" content=\"new\" \/>\n<!-- \/ Yoast SEO Premium plugin. -->","yoast_head_json":{"title":"Livia Spa Pedicure Chair - Groupe Coiff","description":"Discover our modern livia spa chair, designed to offer you an exceptional relaxation experience. Elegant design and clean lines, comfortable.","robots":{"index":"index","follow":"follow","max-snippet":"max-snippet:-1","max-image-preview":"max-image-preview:large","max-video-preview":"max-video-preview:-1"},"canonical":"https:\/\/groupecoiff.com\/en\/product-2\/fauteuil-de-spa-livia\/","og_locale":"en_US","og_type":"article","og_title":"Livia le fauteuil de p\u00e9dicure","og_description":"Optez pour le fauteuil de p\u00e9dicure Livia. Il est \u00e9quip\u00e9 de 2\u00a0moteurs qui permettent de r\u00e9gler l\u2019inclinaison du dossier et le d\u00e9placement de l\u2019assise. Avec son design \u00e9l\u00e9gant, le fauteuil SPA est confortable et poss\u00e8de un rev\u00eatement en PU de haute qualit\u00e9. Les accoudoirs pivotants facilitent l\u2019acc\u00e8s au si\u00e8ge et incluent un bol \u00e0 manucure compl\u00e8tement int\u00e9gr\u00e9. vous pourrez effectuer une multitude de soins\u00a0: comme le massage shiatsu, des soins du visage, des s\u00e9ances d\u2019\u00e9pilation, de p\u00e9dicure, etc.","og_url":"https:\/\/groupecoiff.com\/en\/product-2\/fauteuil-de-spa-livia\/","og_site_name":"Groupe Coiff","article_publisher":"https:\/\/www.facebook.com\/GroupeCoiff","article_modified_time":"2024-08-29T18:29:20+00:00","og_image":[{"width":1080,"height":1080,"url":"https:\/\/groupecoiff.com\/wp-content\/uploads\/2023\/09\/Livia-1.png","type":"image\/png"}],"twitter_card":"summary_large_image","twitter_title":"Fauteuil de P\u00e9dicure spa Livia","twitter_site":"@groupecoiff","twitter_misc":{"Availability":"In stock"},"schema":{"@context":"https:\/\/schema.org","@graph":[{"@type":"WebPage","@id":"https:\/\/groupecoiff.com\/produit\/fauteuil-de-spa-livia\/","url":"https:\/\/groupecoiff.com\/produit\/fauteuil-de-spa-livia\/","name":"Livia Spa Pedicure Chair - Groupe Coiff","isPartOf":{"@id":"https:\/\/groupecoiff.com\/#website"},"primaryImageOfPage":{"@id":"https:\/\/groupecoiff.com\/produit\/fauteuil-de-spa-livia\/#primaryimage"},"image":{"@id":"https:\/\/groupecoiff.com\/produit\/fauteuil-de-spa-livia\/#primaryimage"},"thumbnailUrl":"https:\/\/groupecoiff.com\/wp-content\/uploads\/2023\/09\/Livia-1.png","datePublished":"2023-09-06T18:51:30+00:00","dateModified":"2024-08-29T18:29:20+00:00","description":"Discover our modern livia spa chair, designed to offer you an exceptional relaxation experience. Elegant design and clean lines, comfortable.","breadcrumb":{"@id":"https:\/\/groupecoiff.com\/produit\/fauteuil-de-spa-livia\/#breadcrumb"},"inLanguage":"en-US","potentialAction":[{"@type":"ReadAction","target":["https:\/\/groupecoiff.com\/produit\/fauteuil-de-spa-livia\/"]}]},{"@type":"ImageObject","inLanguage":"en-US","@id":"https:\/\/groupecoiff.com\/produit\/fauteuil-de-spa-livia\/#primaryimage","url":"https:\/\/groupecoiff.com\/wp-content\/uploads\/2023\/09\/Livia-1.png","contentUrl":"https:\/\/groupecoiff.com\/wp-content\/uploads\/2023\/09\/Livia-1.png","width":1080,"height":1080,"caption":"Fauteuil de spa Livia"},{"@type":"BreadcrumbList","@id":"https:\/\/groupecoiff.com\/produit\/fauteuil-de-spa-livia\/#breadcrumb","itemListElement":[{"@type":"ListItem","position":1,"name":"Accueil","item":"https:\/\/groupecoiff.com\/"},{"@type":"ListItem","position":2,"name":"Boutique","item":"https:\/\/groupecoiff.com\/boutique\/"},{"@type":"ListItem","position":3,"name":"Fauteuil de P\u00e9dicure spa Livia"}]},{"@type":"WebSite","@id":"https:\/\/groupecoiff.com\/#website","url":"https:\/\/groupecoiff.com\/","name":"Coiff Group","description":"Everything for the hairdresser","publisher":{"@id":"https:\/\/groupecoiff.com\/#organization"},"potentialAction":[{"@type":"SearchAction","target":{"@type":"EntryPoint","urlTemplate":"https:\/\/groupecoiff.com\/?s={search_term_string}"},"query-input":{"@type":"PropertyValueSpecification","valueRequired":true,"valueName":"search_term_string"}}],"inLanguage":"en-US"},{"@type":"Organization","@id":"https:\/\/groupecoiff.com\/#organization","name":"Coiff Group","alternateName":"Groupe Coiff : Le Mobilier De Coiffure Haut de Gamme Pour Une \u00c9l\u00e9gance In\u00e9gal\u00e9e","url":"https:\/\/groupecoiff.com\/","logo":{"@type":"ImageObject","inLanguage":"en-US","@id":"https:\/\/groupecoiff.com\/#\/schema\/logo\/image\/","url":"https:\/\/groupecoiff.com\/wp-content\/uploads\/2024\/01\/cropped-Groupe-Coiff-Logo.webp","contentUrl":"https:\/\/groupecoiff.com\/wp-content\/uploads\/2024\/01\/cropped-Groupe-Coiff-Logo.webp","width":512,"height":512,"caption":"Groupe Coiff"},"image":{"@id":"https:\/\/groupecoiff.com\/#\/schema\/logo\/image\/"},"sameAs":["https:\/\/www.facebook.com\/GroupeCoiff","https:\/\/x.com\/groupecoiff","https:\/\/www.instagram.com\/groupecoiff\/","https:\/\/www.tiktok.com\/@groupecoiff","https:\/\/www.youtube.com\/@groupecoiff","https:\/\/twitter.com\/groupecoiff","https:\/\/www.leboncoin.fr\/boutique\/3961302\/groupe_coiff.htm"],"description":"Discover Groupe Coiff's top-of-the-range hairdressing furniture, combining elegance and functionality to enhance your salon and satisfy your customers.","email":"contact@groupecoiff.com","telephone":"0676951605","legalName":"Groupe Coiff","foundingDate":"2022-11-16","vatID":"FR84921406419","taxID":"92140641900025"}]},"og_availability":"instock","product_availability":"instock","product_retailer_item_id":"GC7LLRD27473","product_condition":"new"},"jetpack_publicize_connections":[],"jetpack_likes_enabled":true,"jetpack_sharing_enabled":true,"_links":{"self":[{"href":"https:\/\/groupecoiff.com\/en\/wp-json\/wp\/v2\/product\/27473","targetHints":{"allow":["GET"]}}],"collection":[{"href":"https:\/\/groupecoiff.com\/en\/wp-json\/wp\/v2\/product"}],"about":[{"href":"https:\/\/groupecoiff.com\/en\/wp-json\/wp\/v2\/types\/product"}],"replies":[{"embeddable":true,"href":"https:\/\/groupecoiff.com\/en\/wp-json\/wp\/v2\/comments?post=27473"}],"version-history":[{"count":0,"href":"https:\/\/groupecoiff.com\/en\/wp-json\/wp\/v2\/product\/27473\/revisions"}],"wp:featuredmedia":[{"embeddable":true,"href":"https:\/\/groupecoiff.com\/en\/wp-json\/wp\/v2\/media\/27570"}],"wp:attachment":[{"href":"https:\/\/groupecoiff.com\/en\/wp-json\/wp\/v2\/media?parent=27473"}],"wp:term":[{"taxonomy":"product_brand","embeddable":true,"href":"https:\/\/groupecoiff.com\/en\/wp-json\/wp\/v2\/product_brand?post=27473"},{"taxonomy":"product_cat","embeddable":true,"href":"https:\/\/groupecoiff.com\/en\/wp-json\/wp\/v2\/product_cat?post=27473"},{"taxonomy":"product_tag","embeddable":true,"href":"https:\/\/groupecoiff.com\/en\/wp-json\/wp\/v2\/product_tag?post=27473"}],"curies":[{"name":"wp","href":"https:\/\/api.w.org\/{rel}","templated":true}]}}