{"id":27574,"date":"2023-09-06T20:55:54","date_gmt":"2023-09-06T18:55:54","guid":{"rendered":"https:\/\/groupecoiff.com\/?post_type=product&#038;p=27574"},"modified":"2024-08-29T20:31:32","modified_gmt":"2024-08-29T18:31:32","slug":"fauteuil-salle-dattente-napoleon-br-1pl","status":"publish","type":"product","link":"https:\/\/groupecoiff.com\/en\/produit\/fauteuil-salle-dattente-napoleon-br-1pl\/","title":{"rendered":"Fauteuil salle d&rsquo;attente Napol\u00e9on Br 1PL"},"content":{"rendered":"<ul>\n<li>\n<h3>Fauteuil salle d&rsquo;attente Napol\u00e9on Br 1PL &#8211; Le must-have pour les salons de coiffure<\/h3>\n<\/li>\n<\/ul>\n<p>Transformez l&rsquo;attente en un moment agr\u00e9able avec notre fauteuil d&rsquo;attente Napol\u00e9on 1 place, sp\u00e9cialement con\u00e7u pour les salons de coiffure. Impr\u00e9gn\u00e9 d&rsquo;un design Chesterfield intemporel, ce canap\u00e9 apportera une touche d&rsquo;\u00e9l\u00e9gance \u00e0 votre espace d&rsquo;accueil.<\/p>\n<ul>\n<li>\n<h3>Comfort and durability with premium PU material upholstery<\/h3>\n<\/li>\n<\/ul>\n<p>Le fauteuil salle d\u2019attente Napol\u00e9on est dot\u00e9 d\u2019un rev\u00eatement en mati\u00e8re PU de haute qualit\u00e9, offrant \u00e0 la fois confort et durabilit\u00e9. Ce mat\u00e9riau r\u00e9sistant est facile \u00e0 entretenir et r\u00e9siste aux taches, ce qui en fait un choix parfait pour les salons de coiffure o\u00f9 l\u2019entretien r\u00e9gulier est essentiel.<\/p>\n<ul>\n<li>\n<h3>Chair Features:<\/h3>\n<\/li>\n<\/ul>\n<p>&#8211; Couleur\u00a0: Marron<\/p>\n<p>\u2013 Nombre de places : 1<\/p>\n<p>\u2013 Mati\u00e8re : PU<\/p>\n<p>\u2013 Design Chesterfield \u00e9l\u00e9gant<\/p>\n<p>\u2013 Rev\u00eatement en mati\u00e8re synth\u00e9tique r\u00e9sistante et facile \u00e0 entretenir<\/p>\n<p>\u2013 Confort optimal avec dossier et accoudoirs rembourr\u00e9s<\/p>","protected":false},"excerpt":{"rendered":"<p>D\u00e9couvrez notre fauteuil salle d'attente Napol\u00e9on Br 1PL, alliant style Chesterfield et confort optimal. Parfait pour les salons de coiffure !<\/p>","protected":false},"featured_media":27664,"comment_status":"open","ping_status":"closed","template":"","meta":{"googlesitekit_rrm_CAow0YCiDA:productID":"","jetpack_post_was_ever_published":false,"jetpack_publicize_message":"","jetpack_publicize_feature_enabled":true,"jetpack_social_post_already_shared":false,"jetpack_social_options":{"image_generator_settings":{"template":"highway","default_image_id":0,"font":"","enabled":false},"version":2}},"product_brand":[],"product_cat":[313,53],"product_tag":[],"class_list":{"0":"post-27574","1":"product","2":"type-product","3":"status-publish","4":"has-post-thumbnail","6":"product_cat-meuble-de-coiffure","7":"product_cat-mobilier-salle-dattente","9":"first","10":"outofstock","11":"taxable","12":"shipping-taxable","13":"purchasable","14":"product-type-simple"},"yoast_head":"<!-- This site is optimized with the Yoast SEO Premium plugin v27.4 (Yoast SEO v27.4) - https:\/\/yoast.com\/product\/yoast-seo-premium-wordpress\/ -->\n<title>Fauteuil salle d&#039;attente Napol\u00e9on Br 1PL - Groupe Coiff<\/title>\n<meta name=\"description\" content=\"D\u00e9couvrez notre fauteuil salle d&#039;attente Napol\u00e9on Br 1PL, alliant style Chesterfield et confort optimal. Parfait pour les salons de coiffure !\" \/>\n<meta name=\"robots\" content=\"index, follow, max-snippet:-1, max-image-preview:large, max-video-preview:-1\" \/>\n<link rel=\"canonical\" href=\"https:\/\/groupecoiff.com\/en\/product-2\/fauteuil-salle-dattente-napoleon-br-1pl\/\" \/>\n<meta property=\"og:locale\" content=\"en_US\" \/>\n<meta property=\"og:type\" content=\"article\" \/>\n<meta property=\"og:title\" content=\"Fauteuil salle d&#039;attente Napol\u00e9on Br 1PL fauteuil d\u2019attente\" \/>\n<meta property=\"og:description\" content=\"D\u00e9couvrez notre fauteuil d\u2019attente Napol\u00e9on Br\u00a01PL. Il donnera sans aucun doute un style chic et \u00e9l\u00e9gant \u00e0 votre salon de coiffure avec son dossier et ses accoudoirs rembourr\u00e9s et d\u00e9cor\u00e9s de boutons.\" \/>\n<meta property=\"og:url\" content=\"https:\/\/groupecoiff.com\/en\/product-2\/fauteuil-salle-dattente-napoleon-br-1pl\/\" \/>\n<meta property=\"og:site_name\" content=\"Groupe Coiff\" \/>\n<meta property=\"article:publisher\" content=\"https:\/\/www.facebook.com\/GroupeCoiff\" \/>\n<meta property=\"article:modified_time\" content=\"2024-08-29T18:31:32+00:00\" \/>\n<meta property=\"og:image\" content=\"https:\/\/groupecoiff.com\/wp-content\/uploads\/2023\/09\/Napoleon-Br-1PL-3.png\" \/>\n\t<meta property=\"og:image:width\" content=\"1080\" \/>\n\t<meta property=\"og:image:height\" content=\"1080\" \/>\n\t<meta property=\"og:image:type\" content=\"image\/png\" \/>\n<meta name=\"twitter:card\" content=\"summary_large_image\" \/>\n<meta name=\"twitter:title\" content=\"Fauteuil salle d&#039;attente Napol\u00e9on Br 1PL\" \/>\n<meta name=\"twitter:site\" content=\"@groupecoiff\" \/>\n<meta name=\"twitter:label1\" content=\"Price\" \/>\n\t<meta name=\"twitter:data1\" content=\"749,00&nbsp;&euro;\" \/>\n\t<meta name=\"twitter:label2\" content=\"Availability\" \/>\n\t<meta name=\"twitter:data2\" content=\"Out of stock\" \/>\n<script type=\"application\/ld+json\" class=\"yoast-schema-graph\">{\"@context\":\"https:\\\/\\\/schema.org\",\"@graph\":[{\"@type\":\"WebPage\",\"@id\":\"https:\\\/\\\/groupecoiff.com\\\/produit\\\/fauteuil-salle-dattente-napoleon-br-1pl\\\/\",\"url\":\"https:\\\/\\\/groupecoiff.com\\\/produit\\\/fauteuil-salle-dattente-napoleon-br-1pl\\\/\",\"name\":\"Fauteuil salle d'attente Napol\u00e9on Br 1PL - Groupe Coiff\",\"isPartOf\":{\"@id\":\"https:\\\/\\\/groupecoiff.com\\\/#website\"},\"primaryImageOfPage\":{\"@id\":\"https:\\\/\\\/groupecoiff.com\\\/produit\\\/fauteuil-salle-dattente-napoleon-br-1pl\\\/#primaryimage\"},\"image\":{\"@id\":\"https:\\\/\\\/groupecoiff.com\\\/produit\\\/fauteuil-salle-dattente-napoleon-br-1pl\\\/#primaryimage\"},\"thumbnailUrl\":\"https:\\\/\\\/groupecoiff.com\\\/wp-content\\\/uploads\\\/2023\\\/09\\\/Napoleon-Br-1PL-3.png\",\"datePublished\":\"2023-09-06T18:55:54+00:00\",\"dateModified\":\"2024-08-29T18:31:32+00:00\",\"description\":\"D\u00e9couvrez notre fauteuil salle d'attente Napol\u00e9on Br 1PL, alliant style Chesterfield et confort optimal. Parfait pour les salons de coiffure !\",\"breadcrumb\":{\"@id\":\"https:\\\/\\\/groupecoiff.com\\\/produit\\\/fauteuil-salle-dattente-napoleon-br-1pl\\\/#breadcrumb\"},\"inLanguage\":\"en-US\",\"potentialAction\":[{\"@type\":\"ReadAction\",\"target\":[\"https:\\\/\\\/groupecoiff.com\\\/produit\\\/fauteuil-salle-dattente-napoleon-br-1pl\\\/\"]}]},{\"@type\":\"ImageObject\",\"inLanguage\":\"en-US\",\"@id\":\"https:\\\/\\\/groupecoiff.com\\\/produit\\\/fauteuil-salle-dattente-napoleon-br-1pl\\\/#primaryimage\",\"url\":\"https:\\\/\\\/groupecoiff.com\\\/wp-content\\\/uploads\\\/2023\\\/09\\\/Napoleon-Br-1PL-3.png\",\"contentUrl\":\"https:\\\/\\\/groupecoiff.com\\\/wp-content\\\/uploads\\\/2023\\\/09\\\/Napoleon-Br-1PL-3.png\",\"width\":1080,\"height\":1080,\"caption\":\"fauteuil d'attente Napol\u00e9on Br 1PL\"},{\"@type\":\"BreadcrumbList\",\"@id\":\"https:\\\/\\\/groupecoiff.com\\\/produit\\\/fauteuil-salle-dattente-napoleon-br-1pl\\\/#breadcrumb\",\"itemListElement\":[{\"@type\":\"ListItem\",\"position\":1,\"name\":\"Accueil\",\"item\":\"https:\\\/\\\/groupecoiff.com\\\/\"},{\"@type\":\"ListItem\",\"position\":2,\"name\":\"Boutique\",\"item\":\"https:\\\/\\\/groupecoiff.com\\\/boutique\\\/\"},{\"@type\":\"ListItem\",\"position\":3,\"name\":\"Fauteuil salle d&rsquo;attente Napol\u00e9on Br 1PL\"}]},{\"@type\":\"WebSite\",\"@id\":\"https:\\\/\\\/groupecoiff.com\\\/#website\",\"url\":\"https:\\\/\\\/groupecoiff.com\\\/\",\"name\":\"Groupe Coiff\",\"description\":\"Tout pour la coiffure\",\"publisher\":{\"@id\":\"https:\\\/\\\/groupecoiff.com\\\/#organization\"},\"potentialAction\":[{\"@type\":\"SearchAction\",\"target\":{\"@type\":\"EntryPoint\",\"urlTemplate\":\"https:\\\/\\\/groupecoiff.com\\\/?s={search_term_string}\"},\"query-input\":{\"@type\":\"PropertyValueSpecification\",\"valueRequired\":true,\"valueName\":\"search_term_string\"}}],\"inLanguage\":\"en-US\"},{\"@type\":\"Organization\",\"@id\":\"https:\\\/\\\/groupecoiff.com\\\/#organization\",\"name\":\"Groupe Coiff\",\"alternateName\":\"Groupe Coiff : Le Mobilier De Coiffure Haut de Gamme Pour Une \u00c9l\u00e9gance In\u00e9gal\u00e9e\",\"url\":\"https:\\\/\\\/groupecoiff.com\\\/\",\"logo\":{\"@type\":\"ImageObject\",\"inLanguage\":\"en-US\",\"@id\":\"https:\\\/\\\/groupecoiff.com\\\/#\\\/schema\\\/logo\\\/image\\\/\",\"url\":\"https:\\\/\\\/groupecoiff.com\\\/wp-content\\\/uploads\\\/2024\\\/01\\\/cropped-Groupe-Coiff-Logo.webp\",\"contentUrl\":\"https:\\\/\\\/groupecoiff.com\\\/wp-content\\\/uploads\\\/2024\\\/01\\\/cropped-Groupe-Coiff-Logo.webp\",\"width\":512,\"height\":512,\"caption\":\"Groupe Coiff\"},\"image\":{\"@id\":\"https:\\\/\\\/groupecoiff.com\\\/#\\\/schema\\\/logo\\\/image\\\/\"},\"sameAs\":[\"https:\\\/\\\/www.facebook.com\\\/GroupeCoiff\",\"https:\\\/\\\/x.com\\\/groupecoiff\",\"https:\\\/\\\/www.instagram.com\\\/groupecoiff\\\/\",\"https:\\\/\\\/www.tiktok.com\\\/@groupecoiff\",\"https:\\\/\\\/www.youtube.com\\\/@groupecoiff\",\"https:\\\/\\\/twitter.com\\\/groupecoiff\",\"https:\\\/\\\/www.leboncoin.fr\\\/boutique\\\/3961302\\\/groupe_coiff.htm\"],\"description\":\"D\u00e9couvrez le mobilier de coiffure haut de gamme de Groupe Coiff, alliant \u00e9l\u00e9gance et fonctionnalit\u00e9 pour sublimer votre salon et satisfaire vos clients.\",\"email\":\"contact@groupecoiff.com\",\"telephone\":\"0676951605\",\"legalName\":\"Groupe Coiff\",\"foundingDate\":\"2022-11-16\",\"vatID\":\"FR84921406419\",\"taxID\":\"92140641900025\"}]}<\/script>\n<meta property=\"product:price:amount\" content=\"749.00\" \/>\n<meta property=\"product:price:currency\" content=\"EUR\" \/>\n<meta property=\"og:availability\" content=\"out of stock\" \/>\n<meta property=\"product:availability\" content=\"out of stock\" \/>\n<meta property=\"product:retailer_item_id\" content=\"GCA9FVP27574\" \/>\n<meta property=\"product:condition\" content=\"new\" \/>\n<!-- \/ Yoast SEO Premium plugin. -->","yoast_head_json":{"title":"Napoleon Br 1PL Waiting Room Chair - Groupe Coiff","description":"Discover our Napol\u00e9on Br 1PL waiting room chair, combining Chesterfield style and optimal comfort. Perfect for hair salons!","robots":{"index":"index","follow":"follow","max-snippet":"max-snippet:-1","max-image-preview":"max-image-preview:large","max-video-preview":"max-video-preview:-1"},"canonical":"https:\/\/groupecoiff.com\/en\/product-2\/fauteuil-salle-dattente-napoleon-br-1pl\/","og_locale":"en_US","og_type":"article","og_title":"Fauteuil salle d'attente Napol\u00e9on Br 1PL fauteuil d\u2019attente","og_description":"D\u00e9couvrez notre fauteuil d\u2019attente Napol\u00e9on Br\u00a01PL. Il donnera sans aucun doute un style chic et \u00e9l\u00e9gant \u00e0 votre salon de coiffure avec son dossier et ses accoudoirs rembourr\u00e9s et d\u00e9cor\u00e9s de boutons.","og_url":"https:\/\/groupecoiff.com\/en\/product-2\/fauteuil-salle-dattente-napoleon-br-1pl\/","og_site_name":"Groupe Coiff","article_publisher":"https:\/\/www.facebook.com\/GroupeCoiff","article_modified_time":"2024-08-29T18:31:32+00:00","og_image":[{"width":1080,"height":1080,"url":"https:\/\/groupecoiff.com\/wp-content\/uploads\/2023\/09\/Napoleon-Br-1PL-3.png","type":"image\/png"}],"twitter_card":"summary_large_image","twitter_title":"Fauteuil salle d'attente Napol\u00e9on Br 1PL","twitter_site":"@groupecoiff","twitter_misc":{"Price":"749,00&nbsp;&euro;","Availability":"Out of stock"},"schema":{"@context":"https:\/\/schema.org","@graph":[{"@type":"WebPage","@id":"https:\/\/groupecoiff.com\/produit\/fauteuil-salle-dattente-napoleon-br-1pl\/","url":"https:\/\/groupecoiff.com\/produit\/fauteuil-salle-dattente-napoleon-br-1pl\/","name":"Napoleon Br 1PL Waiting Room Chair - Groupe Coiff","isPartOf":{"@id":"https:\/\/groupecoiff.com\/#website"},"primaryImageOfPage":{"@id":"https:\/\/groupecoiff.com\/produit\/fauteuil-salle-dattente-napoleon-br-1pl\/#primaryimage"},"image":{"@id":"https:\/\/groupecoiff.com\/produit\/fauteuil-salle-dattente-napoleon-br-1pl\/#primaryimage"},"thumbnailUrl":"https:\/\/groupecoiff.com\/wp-content\/uploads\/2023\/09\/Napoleon-Br-1PL-3.png","datePublished":"2023-09-06T18:55:54+00:00","dateModified":"2024-08-29T18:31:32+00:00","description":"Discover our Napol\u00e9on Br 1PL waiting room chair, combining Chesterfield style and optimal comfort. Perfect for hair salons!","breadcrumb":{"@id":"https:\/\/groupecoiff.com\/produit\/fauteuil-salle-dattente-napoleon-br-1pl\/#breadcrumb"},"inLanguage":"en-US","potentialAction":[{"@type":"ReadAction","target":["https:\/\/groupecoiff.com\/produit\/fauteuil-salle-dattente-napoleon-br-1pl\/"]}]},{"@type":"ImageObject","inLanguage":"en-US","@id":"https:\/\/groupecoiff.com\/produit\/fauteuil-salle-dattente-napoleon-br-1pl\/#primaryimage","url":"https:\/\/groupecoiff.com\/wp-content\/uploads\/2023\/09\/Napoleon-Br-1PL-3.png","contentUrl":"https:\/\/groupecoiff.com\/wp-content\/uploads\/2023\/09\/Napoleon-Br-1PL-3.png","width":1080,"height":1080,"caption":"fauteuil d'attente Napol\u00e9on Br 1PL"},{"@type":"BreadcrumbList","@id":"https:\/\/groupecoiff.com\/produit\/fauteuil-salle-dattente-napoleon-br-1pl\/#breadcrumb","itemListElement":[{"@type":"ListItem","position":1,"name":"Accueil","item":"https:\/\/groupecoiff.com\/"},{"@type":"ListItem","position":2,"name":"Boutique","item":"https:\/\/groupecoiff.com\/boutique\/"},{"@type":"ListItem","position":3,"name":"Fauteuil salle d&rsquo;attente Napol\u00e9on Br 1PL"}]},{"@type":"WebSite","@id":"https:\/\/groupecoiff.com\/#website","url":"https:\/\/groupecoiff.com\/","name":"Coiff Group","description":"Everything for the hairdresser","publisher":{"@id":"https:\/\/groupecoiff.com\/#organization"},"potentialAction":[{"@type":"SearchAction","target":{"@type":"EntryPoint","urlTemplate":"https:\/\/groupecoiff.com\/?s={search_term_string}"},"query-input":{"@type":"PropertyValueSpecification","valueRequired":true,"valueName":"search_term_string"}}],"inLanguage":"en-US"},{"@type":"Organization","@id":"https:\/\/groupecoiff.com\/#organization","name":"Coiff Group","alternateName":"Groupe Coiff : Le Mobilier De Coiffure Haut de Gamme Pour Une \u00c9l\u00e9gance In\u00e9gal\u00e9e","url":"https:\/\/groupecoiff.com\/","logo":{"@type":"ImageObject","inLanguage":"en-US","@id":"https:\/\/groupecoiff.com\/#\/schema\/logo\/image\/","url":"https:\/\/groupecoiff.com\/wp-content\/uploads\/2024\/01\/cropped-Groupe-Coiff-Logo.webp","contentUrl":"https:\/\/groupecoiff.com\/wp-content\/uploads\/2024\/01\/cropped-Groupe-Coiff-Logo.webp","width":512,"height":512,"caption":"Groupe Coiff"},"image":{"@id":"https:\/\/groupecoiff.com\/#\/schema\/logo\/image\/"},"sameAs":["https:\/\/www.facebook.com\/GroupeCoiff","https:\/\/x.com\/groupecoiff","https:\/\/www.instagram.com\/groupecoiff\/","https:\/\/www.tiktok.com\/@groupecoiff","https:\/\/www.youtube.com\/@groupecoiff","https:\/\/twitter.com\/groupecoiff","https:\/\/www.leboncoin.fr\/boutique\/3961302\/groupe_coiff.htm"],"description":"Discover Groupe Coiff's top-of-the-range hairdressing furniture, combining elegance and functionality to enhance your salon and satisfy your customers.","email":"contact@groupecoiff.com","telephone":"0676951605","legalName":"Groupe Coiff","foundingDate":"2022-11-16","vatID":"FR84921406419","taxID":"92140641900025"}]},"product_price_amount":"749.00","product_price_currency":"EUR","og_availability":"out of stock","product_availability":"out of stock","product_retailer_item_id":"GCA9FVP27574","product_condition":"new"},"jetpack_publicize_connections":[],"jetpack_likes_enabled":true,"jetpack_sharing_enabled":true,"_links":{"self":[{"href":"https:\/\/groupecoiff.com\/en\/wp-json\/wp\/v2\/product\/27574","targetHints":{"allow":["GET"]}}],"collection":[{"href":"https:\/\/groupecoiff.com\/en\/wp-json\/wp\/v2\/product"}],"about":[{"href":"https:\/\/groupecoiff.com\/en\/wp-json\/wp\/v2\/types\/product"}],"replies":[{"embeddable":true,"href":"https:\/\/groupecoiff.com\/en\/wp-json\/wp\/v2\/comments?post=27574"}],"version-history":[{"count":0,"href":"https:\/\/groupecoiff.com\/en\/wp-json\/wp\/v2\/product\/27574\/revisions"}],"wp:featuredmedia":[{"embeddable":true,"href":"https:\/\/groupecoiff.com\/en\/wp-json\/wp\/v2\/media\/27664"}],"wp:attachment":[{"href":"https:\/\/groupecoiff.com\/en\/wp-json\/wp\/v2\/media?parent=27574"}],"wp:term":[{"taxonomy":"product_brand","embeddable":true,"href":"https:\/\/groupecoiff.com\/en\/wp-json\/wp\/v2\/product_brand?post=27574"},{"taxonomy":"product_cat","embeddable":true,"href":"https:\/\/groupecoiff.com\/en\/wp-json\/wp\/v2\/product_cat?post=27574"},{"taxonomy":"product_tag","embeddable":true,"href":"https:\/\/groupecoiff.com\/en\/wp-json\/wp\/v2\/product_tag?post=27574"}],"curies":[{"name":"wp","href":"https:\/\/api.w.org\/{rel}","templated":true}]}}