{"id":27618,"date":"2023-09-06T20:57:43","date_gmt":"2023-09-06T18:57:43","guid":{"rendered":"https:\/\/groupecoiff.com\/?post_type=product&#038;p=27618"},"modified":"2024-08-29T20:32:18","modified_gmt":"2024-08-29T18:32:18","slug":"vapozone-sharon","status":"publish","type":"product","link":"https:\/\/groupecoiff.com\/en\/produit\/vapozone-sharon\/","title":{"rendered":"Vapozone Sharon"},"content":{"rendered":"<p>Vapozone Sharon is designed for beauty salons and institutes. It can also be used for personal care at home.<\/p>\n<ul>\n<li>\n<h3>Description of Vapozone Sharon<\/h3>\n<\/li>\n<\/ul>\n<p>Le Vapozone Sharon est un appareil s&rsquo;utilise dans les soins esth\u00e9tiques du visage. Il s&rsquo;agit d&rsquo;un dispositif qui produit de la vapeur d&rsquo;eau chaude, souvent enrichie d&rsquo;huiles essentielles ou d&rsquo;extraits de plantes.<\/p>\n<p>L&rsquo;utilisation du Vapozone se fait g\u00e9n\u00e9ralement en pla\u00e7ant la t\u00eate de diffusion, reli\u00e9e \u00e0 l&rsquo;appareil par un tube flexible, \u00e0 proximit\u00e9 du visage. Cette technique permet \u00e0 la vapeur d&rsquo;envelopper d\u00e9licatement le visage, cr\u00e9ant une sensation apaisante et agr\u00e9able.<\/p>\n<p>The sharon vapozone is ideal for use in beauty salons and spas, thanks to its many advantages. It releases a warm, humidified steam that helps dilate the skin's pores, facilitating the extraction of impurities and blackheads during skin cleansing. What's more, the warmth of the steam promotes blood circulation, which can improve radiance and promote relaxation.<\/p>\n<ul>\n<li>\n<h3>Caract\u00e9ristiques<\/h3>\n<\/li>\n<\/ul>\n<p>Offer your customers a better service by equipping your beauty salon or home with the top-of-the-range Sharon vapozone. In addition to its ability to eliminate germs, it is recognized for :<\/p>\n<p>Stable, sturdy base with 4 wheels<br \/>\nTouch screen<br \/>\nWorks with distilled water<br \/>\nWater heats up in 5 minutes.<br \/>\nSteam function<br \/>\nOzone function<\/p>\n<p>For one Sharon Vapozone purchased, <strong><a href=\"https:\/\/groupecoiff.com\/en\/store\/\">Groupe Coiff<\/a><\/strong> offers you free delivery of your products, as quickly as possible in France and elsewhere.<\/p>","protected":false},"excerpt":{"rendered":"<p>Le Vapozone Sharon est con\u00e7u pour les salons d\u2019esth\u00e9tique ou les instituts de beaut\u00e9. Il\u00a0 s&rsquo;utilise aussi pour les soins personnels \u00e0 domicile. Description du Vapozone Sharon Le Vapozone Sharon est un appareil s&rsquo;utilise dans les soins esth\u00e9tiques du visage. Il s&rsquo;agit d&rsquo;un dispositif qui produit de la vapeur d&rsquo;eau chaude, souvent enrichie d&rsquo;huiles essentielles [&hellip;]<\/p>\n","protected":false},"featured_media":27700,"comment_status":"open","ping_status":"closed","template":"","meta":{"googlesitekit_rrm_CAow0YCiDA:productID":"","jetpack_post_was_ever_published":false,"jetpack_publicize_message":"","jetpack_publicize_feature_enabled":true,"jetpack_social_post_already_shared":false,"jetpack_social_options":{"image_generator_settings":{"template":"highway","default_image_id":0,"font":"","enabled":false},"version":2}},"product_brand":[],"product_cat":[82],"product_tag":[],"class_list":{"0":"post-27618","1":"product","2":"type-product","3":"status-publish","4":"has-post-thumbnail","6":"product_cat-vapozone","8":"first","9":"instock","10":"taxable","11":"shipping-taxable","12":"purchasable","13":"product-type-simple"},"yoast_head":"<!-- This site is optimized with the Yoast SEO Premium plugin v27.4 (Yoast SEO v27.4) - https:\/\/yoast.com\/product\/yoast-seo-premium-wordpress\/ -->\n<title>Vapozone Sharon - Groupe Coiff<\/title>\n<meta name=\"description\" content=\"Vapozone Sharon, \u00e9cran tactile avec une base stable et robuste compos\u00e9e de 4 roues. Rapide et efficace. Commandez d\u00e8s\u00a0maintenant\u00a0! Livraison Gratuite !\" \/>\n<meta name=\"robots\" content=\"index, follow, max-snippet:-1, max-image-preview:large, max-video-preview:-1\" \/>\n<link rel=\"canonical\" href=\"https:\/\/groupecoiff.com\/en\/product-2\/vapozone-sharon\/\" \/>\n<meta property=\"og:locale\" content=\"en_US\" \/>\n<meta property=\"og:type\" content=\"article\" \/>\n<meta property=\"og:title\" content=\"Vapozone Sharon vaporisateur facial\" \/>\n<meta property=\"og:description\" content=\"D\u00e9couvrez notre vaporisateur facial Sharon est con\u00e7u pour les salons d\u2019esth\u00e9tique ou les instituts de beaut\u00e9. Ce vaporisateur Sharon nettoie en profondeur la peau, le visage et le corps. Cet appareil produit une vapeur de qualit\u00e9 professionnelle pour un r\u00e9sultat optimal chaque fois.\" \/>\n<meta property=\"og:url\" content=\"https:\/\/groupecoiff.com\/en\/product-2\/vapozone-sharon\/\" \/>\n<meta property=\"og:site_name\" content=\"Groupe Coiff\" \/>\n<meta property=\"article:publisher\" content=\"https:\/\/www.facebook.com\/GroupeCoiff\" \/>\n<meta property=\"article:modified_time\" content=\"2024-08-29T18:32:18+00:00\" \/>\n<meta property=\"og:image\" content=\"https:\/\/groupecoiff.com\/wp-content\/uploads\/2023\/09\/Sharon-1.jpg\" \/>\n\t<meta property=\"og:image:width\" content=\"1080\" \/>\n\t<meta property=\"og:image:height\" content=\"1080\" \/>\n\t<meta property=\"og:image:type\" content=\"image\/jpeg\" \/>\n<meta name=\"twitter:card\" content=\"summary_large_image\" \/>\n<meta name=\"twitter:title\" content=\"Vapozone Sharon\" \/>\n<meta name=\"twitter:site\" content=\"@groupecoiff\" \/>\n<meta name=\"twitter:label1\" content=\"Price\" \/>\n\t<meta name=\"twitter:data1\" content=\"190,00&nbsp;&euro;\" \/>\n\t<meta name=\"twitter:label2\" content=\"Availability\" \/>\n\t<meta name=\"twitter:data2\" content=\"In stock\" \/>\n<script type=\"application\/ld+json\" class=\"yoast-schema-graph\">{\"@context\":\"https:\\\/\\\/schema.org\",\"@graph\":[{\"@type\":\"WebPage\",\"@id\":\"https:\\\/\\\/groupecoiff.com\\\/produit\\\/vapozone-sharon\\\/\",\"url\":\"https:\\\/\\\/groupecoiff.com\\\/produit\\\/vapozone-sharon\\\/\",\"name\":\"Vapozone Sharon - Groupe Coiff\",\"isPartOf\":{\"@id\":\"https:\\\/\\\/groupecoiff.com\\\/#website\"},\"primaryImageOfPage\":{\"@id\":\"https:\\\/\\\/groupecoiff.com\\\/produit\\\/vapozone-sharon\\\/#primaryimage\"},\"image\":{\"@id\":\"https:\\\/\\\/groupecoiff.com\\\/produit\\\/vapozone-sharon\\\/#primaryimage\"},\"thumbnailUrl\":\"https:\\\/\\\/groupecoiff.com\\\/wp-content\\\/uploads\\\/2023\\\/09\\\/Sharon-1.jpg\",\"datePublished\":\"2023-09-06T18:57:43+00:00\",\"dateModified\":\"2024-08-29T18:32:18+00:00\",\"description\":\"Vapozone Sharon, \u00e9cran tactile avec une base stable et robuste compos\u00e9e de 4 roues. Rapide et efficace. Commandez d\u00e8s\u00a0maintenant\u00a0! Livraison Gratuite !\",\"breadcrumb\":{\"@id\":\"https:\\\/\\\/groupecoiff.com\\\/produit\\\/vapozone-sharon\\\/#breadcrumb\"},\"inLanguage\":\"en-US\",\"potentialAction\":[{\"@type\":\"ReadAction\",\"target\":[\"https:\\\/\\\/groupecoiff.com\\\/produit\\\/vapozone-sharon\\\/\"]}]},{\"@type\":\"ImageObject\",\"inLanguage\":\"en-US\",\"@id\":\"https:\\\/\\\/groupecoiff.com\\\/produit\\\/vapozone-sharon\\\/#primaryimage\",\"url\":\"https:\\\/\\\/groupecoiff.com\\\/wp-content\\\/uploads\\\/2023\\\/09\\\/Sharon-1.jpg\",\"contentUrl\":\"https:\\\/\\\/groupecoiff.com\\\/wp-content\\\/uploads\\\/2023\\\/09\\\/Sharon-1.jpg\",\"width\":1080,\"height\":1080,\"caption\":\"Vapozone Sharon\"},{\"@type\":\"BreadcrumbList\",\"@id\":\"https:\\\/\\\/groupecoiff.com\\\/produit\\\/vapozone-sharon\\\/#breadcrumb\",\"itemListElement\":[{\"@type\":\"ListItem\",\"position\":1,\"name\":\"Accueil\",\"item\":\"https:\\\/\\\/groupecoiff.com\\\/\"},{\"@type\":\"ListItem\",\"position\":2,\"name\":\"Boutique\",\"item\":\"https:\\\/\\\/groupecoiff.com\\\/boutique\\\/\"},{\"@type\":\"ListItem\",\"position\":3,\"name\":\"Vapozone Sharon\"}]},{\"@type\":\"WebSite\",\"@id\":\"https:\\\/\\\/groupecoiff.com\\\/#website\",\"url\":\"https:\\\/\\\/groupecoiff.com\\\/\",\"name\":\"Groupe Coiff\",\"description\":\"Tout pour la coiffure\",\"publisher\":{\"@id\":\"https:\\\/\\\/groupecoiff.com\\\/#organization\"},\"potentialAction\":[{\"@type\":\"SearchAction\",\"target\":{\"@type\":\"EntryPoint\",\"urlTemplate\":\"https:\\\/\\\/groupecoiff.com\\\/?s={search_term_string}\"},\"query-input\":{\"@type\":\"PropertyValueSpecification\",\"valueRequired\":true,\"valueName\":\"search_term_string\"}}],\"inLanguage\":\"en-US\"},{\"@type\":\"Organization\",\"@id\":\"https:\\\/\\\/groupecoiff.com\\\/#organization\",\"name\":\"Groupe Coiff\",\"alternateName\":\"Groupe Coiff : Le Mobilier De Coiffure Haut de Gamme Pour Une \u00c9l\u00e9gance In\u00e9gal\u00e9e\",\"url\":\"https:\\\/\\\/groupecoiff.com\\\/\",\"logo\":{\"@type\":\"ImageObject\",\"inLanguage\":\"en-US\",\"@id\":\"https:\\\/\\\/groupecoiff.com\\\/#\\\/schema\\\/logo\\\/image\\\/\",\"url\":\"https:\\\/\\\/groupecoiff.com\\\/wp-content\\\/uploads\\\/2024\\\/01\\\/cropped-Groupe-Coiff-Logo.webp\",\"contentUrl\":\"https:\\\/\\\/groupecoiff.com\\\/wp-content\\\/uploads\\\/2024\\\/01\\\/cropped-Groupe-Coiff-Logo.webp\",\"width\":512,\"height\":512,\"caption\":\"Groupe Coiff\"},\"image\":{\"@id\":\"https:\\\/\\\/groupecoiff.com\\\/#\\\/schema\\\/logo\\\/image\\\/\"},\"sameAs\":[\"https:\\\/\\\/www.facebook.com\\\/GroupeCoiff\",\"https:\\\/\\\/x.com\\\/groupecoiff\",\"https:\\\/\\\/www.instagram.com\\\/groupecoiff\\\/\",\"https:\\\/\\\/www.tiktok.com\\\/@groupecoiff\",\"https:\\\/\\\/www.youtube.com\\\/@groupecoiff\",\"https:\\\/\\\/twitter.com\\\/groupecoiff\",\"https:\\\/\\\/www.leboncoin.fr\\\/boutique\\\/3961302\\\/groupe_coiff.htm\"],\"description\":\"D\u00e9couvrez le mobilier de coiffure haut de gamme de Groupe Coiff, alliant \u00e9l\u00e9gance et fonctionnalit\u00e9 pour sublimer votre salon et satisfaire vos clients.\",\"email\":\"contact@groupecoiff.com\",\"telephone\":\"0676951605\",\"legalName\":\"Groupe Coiff\",\"foundingDate\":\"2022-11-16\",\"vatID\":\"FR84921406419\",\"taxID\":\"92140641900025\"}]}<\/script>\n<meta property=\"product:price:amount\" content=\"190.00\" \/>\n<meta property=\"product:price:currency\" content=\"EUR\" \/>\n<meta property=\"og:availability\" content=\"instock\" \/>\n<meta property=\"product:availability\" content=\"instock\" \/>\n<meta property=\"product:retailer_item_id\" content=\"GC6O7IZ27618\" \/>\n<meta property=\"product:condition\" content=\"new\" \/>\n<!-- \/ Yoast SEO Premium plugin. -->","yoast_head_json":{"title":"Sharon Vapozone - Groupe Coiff","description":"Sharon Vapozone, touchscreen with a stable and robust base featuring 4 wheels. Fast and efficient. Order now! Free Delivery!","robots":{"index":"index","follow":"follow","max-snippet":"max-snippet:-1","max-image-preview":"max-image-preview:large","max-video-preview":"max-video-preview:-1"},"canonical":"https:\/\/groupecoiff.com\/en\/product-2\/vapozone-sharon\/","og_locale":"en_US","og_type":"article","og_title":"Vapozone Sharon vaporisateur facial","og_description":"D\u00e9couvrez notre vaporisateur facial Sharon est con\u00e7u pour les salons d\u2019esth\u00e9tique ou les instituts de beaut\u00e9. Ce vaporisateur Sharon nettoie en profondeur la peau, le visage et le corps. Cet appareil produit une vapeur de qualit\u00e9 professionnelle pour un r\u00e9sultat optimal chaque fois.","og_url":"https:\/\/groupecoiff.com\/en\/product-2\/vapozone-sharon\/","og_site_name":"Groupe Coiff","article_publisher":"https:\/\/www.facebook.com\/GroupeCoiff","article_modified_time":"2024-08-29T18:32:18+00:00","og_image":[{"width":1080,"height":1080,"url":"https:\/\/groupecoiff.com\/wp-content\/uploads\/2023\/09\/Sharon-1.jpg","type":"image\/jpeg"}],"twitter_card":"summary_large_image","twitter_title":"Vapozone Sharon","twitter_site":"@groupecoiff","twitter_misc":{"Price":"190,00&nbsp;&euro;","Availability":"In stock"},"schema":{"@context":"https:\/\/schema.org","@graph":[{"@type":"WebPage","@id":"https:\/\/groupecoiff.com\/produit\/vapozone-sharon\/","url":"https:\/\/groupecoiff.com\/produit\/vapozone-sharon\/","name":"Sharon Vapozone - Groupe Coiff","isPartOf":{"@id":"https:\/\/groupecoiff.com\/#website"},"primaryImageOfPage":{"@id":"https:\/\/groupecoiff.com\/produit\/vapozone-sharon\/#primaryimage"},"image":{"@id":"https:\/\/groupecoiff.com\/produit\/vapozone-sharon\/#primaryimage"},"thumbnailUrl":"https:\/\/groupecoiff.com\/wp-content\/uploads\/2023\/09\/Sharon-1.jpg","datePublished":"2023-09-06T18:57:43+00:00","dateModified":"2024-08-29T18:32:18+00:00","description":"Sharon Vapozone, touchscreen with a stable and robust base featuring 4 wheels. Fast and efficient. Order now! Free Delivery!","breadcrumb":{"@id":"https:\/\/groupecoiff.com\/produit\/vapozone-sharon\/#breadcrumb"},"inLanguage":"en-US","potentialAction":[{"@type":"ReadAction","target":["https:\/\/groupecoiff.com\/produit\/vapozone-sharon\/"]}]},{"@type":"ImageObject","inLanguage":"en-US","@id":"https:\/\/groupecoiff.com\/produit\/vapozone-sharon\/#primaryimage","url":"https:\/\/groupecoiff.com\/wp-content\/uploads\/2023\/09\/Sharon-1.jpg","contentUrl":"https:\/\/groupecoiff.com\/wp-content\/uploads\/2023\/09\/Sharon-1.jpg","width":1080,"height":1080,"caption":"Vapozone Sharon"},{"@type":"BreadcrumbList","@id":"https:\/\/groupecoiff.com\/produit\/vapozone-sharon\/#breadcrumb","itemListElement":[{"@type":"ListItem","position":1,"name":"Accueil","item":"https:\/\/groupecoiff.com\/"},{"@type":"ListItem","position":2,"name":"Boutique","item":"https:\/\/groupecoiff.com\/boutique\/"},{"@type":"ListItem","position":3,"name":"Vapozone Sharon"}]},{"@type":"WebSite","@id":"https:\/\/groupecoiff.com\/#website","url":"https:\/\/groupecoiff.com\/","name":"Coiff Group","description":"Everything for the hairdresser","publisher":{"@id":"https:\/\/groupecoiff.com\/#organization"},"potentialAction":[{"@type":"SearchAction","target":{"@type":"EntryPoint","urlTemplate":"https:\/\/groupecoiff.com\/?s={search_term_string}"},"query-input":{"@type":"PropertyValueSpecification","valueRequired":true,"valueName":"search_term_string"}}],"inLanguage":"en-US"},{"@type":"Organization","@id":"https:\/\/groupecoiff.com\/#organization","name":"Coiff Group","alternateName":"Groupe Coiff : Le Mobilier De Coiffure Haut de Gamme Pour Une \u00c9l\u00e9gance In\u00e9gal\u00e9e","url":"https:\/\/groupecoiff.com\/","logo":{"@type":"ImageObject","inLanguage":"en-US","@id":"https:\/\/groupecoiff.com\/#\/schema\/logo\/image\/","url":"https:\/\/groupecoiff.com\/wp-content\/uploads\/2024\/01\/cropped-Groupe-Coiff-Logo.webp","contentUrl":"https:\/\/groupecoiff.com\/wp-content\/uploads\/2024\/01\/cropped-Groupe-Coiff-Logo.webp","width":512,"height":512,"caption":"Groupe Coiff"},"image":{"@id":"https:\/\/groupecoiff.com\/#\/schema\/logo\/image\/"},"sameAs":["https:\/\/www.facebook.com\/GroupeCoiff","https:\/\/x.com\/groupecoiff","https:\/\/www.instagram.com\/groupecoiff\/","https:\/\/www.tiktok.com\/@groupecoiff","https:\/\/www.youtube.com\/@groupecoiff","https:\/\/twitter.com\/groupecoiff","https:\/\/www.leboncoin.fr\/boutique\/3961302\/groupe_coiff.htm"],"description":"Discover Groupe Coiff's top-of-the-range hairdressing furniture, combining elegance and functionality to enhance your salon and satisfy your customers.","email":"contact@groupecoiff.com","telephone":"0676951605","legalName":"Groupe Coiff","foundingDate":"2022-11-16","vatID":"FR84921406419","taxID":"92140641900025"}]},"product_price_amount":"190.00","product_price_currency":"EUR","og_availability":"instock","product_availability":"instock","product_retailer_item_id":"GC6O7IZ27618","product_condition":"new"},"jetpack_publicize_connections":[],"jetpack_likes_enabled":true,"jetpack_sharing_enabled":true,"_links":{"self":[{"href":"https:\/\/groupecoiff.com\/en\/wp-json\/wp\/v2\/product\/27618","targetHints":{"allow":["GET"]}}],"collection":[{"href":"https:\/\/groupecoiff.com\/en\/wp-json\/wp\/v2\/product"}],"about":[{"href":"https:\/\/groupecoiff.com\/en\/wp-json\/wp\/v2\/types\/product"}],"replies":[{"embeddable":true,"href":"https:\/\/groupecoiff.com\/en\/wp-json\/wp\/v2\/comments?post=27618"}],"version-history":[{"count":0,"href":"https:\/\/groupecoiff.com\/en\/wp-json\/wp\/v2\/product\/27618\/revisions"}],"wp:featuredmedia":[{"embeddable":true,"href":"https:\/\/groupecoiff.com\/en\/wp-json\/wp\/v2\/media\/27700"}],"wp:attachment":[{"href":"https:\/\/groupecoiff.com\/en\/wp-json\/wp\/v2\/media?parent=27618"}],"wp:term":[{"taxonomy":"product_brand","embeddable":true,"href":"https:\/\/groupecoiff.com\/en\/wp-json\/wp\/v2\/product_brand?post=27618"},{"taxonomy":"product_cat","embeddable":true,"href":"https:\/\/groupecoiff.com\/en\/wp-json\/wp\/v2\/product_cat?post=27618"},{"taxonomy":"product_tag","embeddable":true,"href":"https:\/\/groupecoiff.com\/en\/wp-json\/wp\/v2\/product_tag?post=27618"}],"curies":[{"name":"wp","href":"https:\/\/api.w.org\/{rel}","templated":true}]}}