{"id":27670,"date":"2023-09-06T21:00:08","date_gmt":"2023-09-06T19:00:08","guid":{"rendered":"https:\/\/groupecoiff.com\/?post_type=product&#038;p=27670"},"modified":"2024-08-29T20:32:37","modified_gmt":"2024-08-29T18:32:37","slug":"lampe-loupe-a-led-jax","status":"publish","type":"product","link":"https:\/\/groupecoiff.com\/en\/produit\/lampe-loupe-a-led-jax\/","title":{"rendered":"Lampe loupe \u00e0 LED Jax"},"content":{"rendered":"<h3><strong>Jax est une lampe loupe \u00e0 LED de lumi\u00e8re froide et loupe \u00e0 5 dioptries. Gr\u00e2ce \u00e0 son syst\u00e8me d\u2019\u00e9clairage LED, il est \u00e9conomique et ne pr\u00e9sente aucun risque d\u2019\u00e9chauffement ou de br\u00fblure. L&rsquo;outil parfait pour votre salon de coiffure.<\/strong><\/h3>\n<ul>\n<li>\n<h3>Description of the Jax LED magnifying lamp<\/h3>\n<\/li>\n<\/ul>\n<p>The Jax magnifier lamp is mounted on a flexible arm that can be adjusted to different positions and angles. This enables the lamp and magnifier to be optimally positioned for precise, comfortable viewing.<\/p>\n<p>En premier lieu, elle offre un grossissement r\u00e9glable pour permettre une visualisation pr\u00e9cise des d\u00e9tails. En second lieu, elle dispose d&rsquo;une loupe amovible qui peut \u00eatre relev\u00e9e ou abaiss\u00e9e selon les besoins.<\/p>\n<p>The magnifying glass provides additional magnification when used separately from the light if needed.<\/p>\n<p>However, the Jax LED magnifier lamp is designed with a stable base that allows it to be securely fixed to a table or work surface. This ensures that the lamp remains in place during use and provides stable viewing. It comes on a compact base with 5 castors for maximum stability.<\/p>\n<p>Last but not least, you can find this model on a vice for mounting on rolling tables, pedestal tables or beauty carts.<\/p>\n<ul>\n<li>\n<h3>Jax LED features<\/h3>\n<\/li>\n<\/ul>\n<p>LED lamp and magnifying glass<br \/>\n5 dioptres<br \/>\nWall-mounting option<br \/>\nPower: 8 W<br \/>\n760 lumens<br \/>\nVoltage: 220 Vac - 240 Vac<\/p>\n<p>For one LED lamp purchased, <strong><span style=\"color: #993300\"><a style=\"color: #993300\" href=\"https:\/\/groupecoiff.com\/en\/store\/\">Groupe Coiff<\/a><\/span><\/strong> offers you free delivery, as quickly as possible in France and elsewhere.<\/p>","protected":false},"excerpt":{"rendered":"<p>Jax est une lampe loupe \u00e0 LED de lumi\u00e8re froide et loupe \u00e0 5 dioptries. Gr\u00e2ce \u00e0 son syst\u00e8me d\u2019\u00e9clairage LED, il est \u00e9conomique et ne pr\u00e9sente aucun risque d\u2019\u00e9chauffement ou de br\u00fblure. L&rsquo;outil parfait pour votre salon de coiffure. Description de la lampe loupe \u00e0 LED Jax La lampe loupe Jax est mont\u00e9e sur [&hellip;]<\/p>\n","protected":false},"featured_media":27734,"comment_status":"open","ping_status":"closed","template":"","meta":{"googlesitekit_rrm_CAow0YCiDA:productID":"","jetpack_post_was_ever_published":false,"jetpack_publicize_message":"","jetpack_publicize_feature_enabled":true,"jetpack_social_post_already_shared":false,"jetpack_social_options":{"image_generator_settings":{"template":"highway","default_image_id":0,"font":"","enabled":false},"version":2}},"product_brand":[],"product_cat":[42,57],"product_tag":[],"class_list":{"0":"post-27670","1":"product","2":"type-product","3":"status-publish","4":"has-post-thumbnail","6":"product_cat-accessoires","7":"product_cat-lampes-et-lampes-loupes","9":"first","10":"instock","11":"featured","12":"taxable","13":"shipping-taxable","14":"purchasable","15":"product-type-simple"},"yoast_head":"<!-- This site is optimized with the Yoast SEO Premium plugin v27.4 (Yoast SEO v27.4) - https:\/\/yoast.com\/product\/yoast-seo-premium-wordpress\/ -->\n<title>Lampe Loupe \u00e0 LED Jax: Pour Votre Salon de Coiffure - Groupe Coiff<\/title>\n<meta name=\"description\" content=\"Offrez \u00e0 votre salon de coiffure la lumi\u00e8re parfaite avec notre lampe\u00a0loupe\u00a0LED Jax. Option fixation murale Puissance\u00a0: 8 W | 760 lumens. Livraison gratuite\" \/>\n<meta name=\"robots\" content=\"index, follow, max-snippet:-1, max-image-preview:large, max-video-preview:-1\" \/>\n<link rel=\"canonical\" href=\"https:\/\/groupecoiff.com\/en\/product-2\/lampe-loupe-a-led-jax\/\" \/>\n<meta property=\"og:locale\" content=\"en_US\" \/>\n<meta property=\"og:type\" content=\"article\" \/>\n<meta property=\"og:title\" content=\"Jax\" \/>\n<meta property=\"og:description\" content=\"D\u00e9couvrez notre lampe Jax \u00e0 LED de lumi\u00e8re froide et loupe \u00e0 5 dioptries \u00e9quip\u00e9e d\u2019un bras articul\u00e9, ce qui facilite son positionnement. Il est \u00e9conomique et ne pr\u00e9sente aucun risque d\u2019\u00e9chauffement ou de br\u00fblure.\" \/>\n<meta property=\"og:url\" content=\"https:\/\/groupecoiff.com\/en\/product-2\/lampe-loupe-a-led-jax\/\" \/>\n<meta property=\"og:site_name\" content=\"Groupe Coiff\" \/>\n<meta property=\"article:publisher\" content=\"https:\/\/www.facebook.com\/GroupeCoiff\" \/>\n<meta property=\"article:modified_time\" content=\"2024-08-29T18:32:37+00:00\" \/>\n<meta property=\"og:image\" content=\"https:\/\/groupecoiff.com\/wp-content\/uploads\/2023\/09\/Jax-1.png\" \/>\n\t<meta property=\"og:image:width\" content=\"1080\" \/>\n\t<meta property=\"og:image:height\" content=\"1080\" \/>\n\t<meta property=\"og:image:type\" content=\"image\/png\" \/>\n<meta name=\"twitter:card\" content=\"summary_large_image\" \/>\n<meta name=\"twitter:title\" content=\"Lampe loupe \u00e0 LED Jax\" \/>\n<meta name=\"twitter:site\" content=\"@groupecoiff\" \/>\n<meta name=\"twitter:label1\" content=\"Price\" \/>\n\t<meta name=\"twitter:data1\" content=\"149,00&nbsp;&euro;\" \/>\n\t<meta name=\"twitter:label2\" content=\"Availability\" \/>\n\t<meta name=\"twitter:data2\" content=\"In stock\" \/>\n<script type=\"application\/ld+json\" class=\"yoast-schema-graph\">{\"@context\":\"https:\\\/\\\/schema.org\",\"@graph\":[{\"@type\":\"WebPage\",\"@id\":\"https:\\\/\\\/groupecoiff.com\\\/produit\\\/lampe-loupe-a-led-jax\\\/\",\"url\":\"https:\\\/\\\/groupecoiff.com\\\/produit\\\/lampe-loupe-a-led-jax\\\/\",\"name\":\"Lampe Loupe \u00e0 LED Jax: Pour Votre Salon de Coiffure - Groupe Coiff\",\"isPartOf\":{\"@id\":\"https:\\\/\\\/groupecoiff.com\\\/#website\"},\"primaryImageOfPage\":{\"@id\":\"https:\\\/\\\/groupecoiff.com\\\/produit\\\/lampe-loupe-a-led-jax\\\/#primaryimage\"},\"image\":{\"@id\":\"https:\\\/\\\/groupecoiff.com\\\/produit\\\/lampe-loupe-a-led-jax\\\/#primaryimage\"},\"thumbnailUrl\":\"https:\\\/\\\/groupecoiff.com\\\/wp-content\\\/uploads\\\/2023\\\/09\\\/Jax-1.png\",\"datePublished\":\"2023-09-06T19:00:08+00:00\",\"dateModified\":\"2024-08-29T18:32:37+00:00\",\"description\":\"Offrez \u00e0 votre salon de coiffure la lumi\u00e8re parfaite avec notre lampe\u00a0loupe\u00a0LED Jax. Option fixation murale Puissance\u00a0: 8 W | 760 lumens. Livraison gratuite\",\"breadcrumb\":{\"@id\":\"https:\\\/\\\/groupecoiff.com\\\/produit\\\/lampe-loupe-a-led-jax\\\/#breadcrumb\"},\"inLanguage\":\"en-US\",\"potentialAction\":[{\"@type\":\"ReadAction\",\"target\":[\"https:\\\/\\\/groupecoiff.com\\\/produit\\\/lampe-loupe-a-led-jax\\\/\"]}]},{\"@type\":\"ImageObject\",\"inLanguage\":\"en-US\",\"@id\":\"https:\\\/\\\/groupecoiff.com\\\/produit\\\/lampe-loupe-a-led-jax\\\/#primaryimage\",\"url\":\"https:\\\/\\\/groupecoiff.com\\\/wp-content\\\/uploads\\\/2023\\\/09\\\/Jax-1.png\",\"contentUrl\":\"https:\\\/\\\/groupecoiff.com\\\/wp-content\\\/uploads\\\/2023\\\/09\\\/Jax-1.png\",\"width\":1080,\"height\":1080,\"caption\":\"Lampe loupe \u00e0 LED Jax\"},{\"@type\":\"BreadcrumbList\",\"@id\":\"https:\\\/\\\/groupecoiff.com\\\/produit\\\/lampe-loupe-a-led-jax\\\/#breadcrumb\",\"itemListElement\":[{\"@type\":\"ListItem\",\"position\":1,\"name\":\"Accueil\",\"item\":\"https:\\\/\\\/groupecoiff.com\\\/\"},{\"@type\":\"ListItem\",\"position\":2,\"name\":\"Boutique\",\"item\":\"https:\\\/\\\/groupecoiff.com\\\/boutique\\\/\"},{\"@type\":\"ListItem\",\"position\":3,\"name\":\"Lampe loupe \u00e0 LED Jax\"}]},{\"@type\":\"WebSite\",\"@id\":\"https:\\\/\\\/groupecoiff.com\\\/#website\",\"url\":\"https:\\\/\\\/groupecoiff.com\\\/\",\"name\":\"Groupe Coiff\",\"description\":\"Tout pour la coiffure\",\"publisher\":{\"@id\":\"https:\\\/\\\/groupecoiff.com\\\/#organization\"},\"potentialAction\":[{\"@type\":\"SearchAction\",\"target\":{\"@type\":\"EntryPoint\",\"urlTemplate\":\"https:\\\/\\\/groupecoiff.com\\\/?s={search_term_string}\"},\"query-input\":{\"@type\":\"PropertyValueSpecification\",\"valueRequired\":true,\"valueName\":\"search_term_string\"}}],\"inLanguage\":\"en-US\"},{\"@type\":\"Organization\",\"@id\":\"https:\\\/\\\/groupecoiff.com\\\/#organization\",\"name\":\"Groupe Coiff\",\"alternateName\":\"Groupe Coiff : Le Mobilier De Coiffure Haut de Gamme Pour Une \u00c9l\u00e9gance In\u00e9gal\u00e9e\",\"url\":\"https:\\\/\\\/groupecoiff.com\\\/\",\"logo\":{\"@type\":\"ImageObject\",\"inLanguage\":\"en-US\",\"@id\":\"https:\\\/\\\/groupecoiff.com\\\/#\\\/schema\\\/logo\\\/image\\\/\",\"url\":\"https:\\\/\\\/groupecoiff.com\\\/wp-content\\\/uploads\\\/2024\\\/01\\\/cropped-Groupe-Coiff-Logo.webp\",\"contentUrl\":\"https:\\\/\\\/groupecoiff.com\\\/wp-content\\\/uploads\\\/2024\\\/01\\\/cropped-Groupe-Coiff-Logo.webp\",\"width\":512,\"height\":512,\"caption\":\"Groupe Coiff\"},\"image\":{\"@id\":\"https:\\\/\\\/groupecoiff.com\\\/#\\\/schema\\\/logo\\\/image\\\/\"},\"sameAs\":[\"https:\\\/\\\/www.facebook.com\\\/GroupeCoiff\",\"https:\\\/\\\/x.com\\\/groupecoiff\",\"https:\\\/\\\/www.instagram.com\\\/groupecoiff\\\/\",\"https:\\\/\\\/www.tiktok.com\\\/@groupecoiff\",\"https:\\\/\\\/www.youtube.com\\\/@groupecoiff\",\"https:\\\/\\\/twitter.com\\\/groupecoiff\",\"https:\\\/\\\/www.leboncoin.fr\\\/boutique\\\/3961302\\\/groupe_coiff.htm\"],\"description\":\"D\u00e9couvrez le mobilier de coiffure haut de gamme de Groupe Coiff, alliant \u00e9l\u00e9gance et fonctionnalit\u00e9 pour sublimer votre salon et satisfaire vos clients.\",\"email\":\"contact@groupecoiff.com\",\"telephone\":\"0676951605\",\"legalName\":\"Groupe Coiff\",\"foundingDate\":\"2022-11-16\",\"vatID\":\"FR84921406419\",\"taxID\":\"92140641900025\"}]}<\/script>\n<meta property=\"product:price:amount\" content=\"149.00\" \/>\n<meta property=\"product:price:currency\" content=\"EUR\" \/>\n<meta property=\"og:availability\" content=\"instock\" \/>\n<meta property=\"product:availability\" content=\"instock\" \/>\n<meta property=\"product:retailer_item_id\" content=\"GC83Q4W27670\" \/>\n<meta property=\"product:condition\" content=\"new\" \/>\n<!-- \/ Yoast SEO Premium plugin. -->","yoast_head_json":{"title":"Jax LED Magnifying Lamp: For Your Hair Salon - Groupe Coiff","description":"Provide your hair salon with perfect lighting with our Jax LED magnifying lamp. Wall mounting option Power: 8 W | 760 lumens. Free delivery","robots":{"index":"index","follow":"follow","max-snippet":"max-snippet:-1","max-image-preview":"max-image-preview:large","max-video-preview":"max-video-preview:-1"},"canonical":"https:\/\/groupecoiff.com\/en\/product-2\/lampe-loupe-a-led-jax\/","og_locale":"en_US","og_type":"article","og_title":"Jax","og_description":"D\u00e9couvrez notre lampe Jax \u00e0 LED de lumi\u00e8re froide et loupe \u00e0 5 dioptries \u00e9quip\u00e9e d\u2019un bras articul\u00e9, ce qui facilite son positionnement. Il est \u00e9conomique et ne pr\u00e9sente aucun risque d\u2019\u00e9chauffement ou de br\u00fblure.","og_url":"https:\/\/groupecoiff.com\/en\/product-2\/lampe-loupe-a-led-jax\/","og_site_name":"Groupe Coiff","article_publisher":"https:\/\/www.facebook.com\/GroupeCoiff","article_modified_time":"2024-08-29T18:32:37+00:00","og_image":[{"width":1080,"height":1080,"url":"https:\/\/groupecoiff.com\/wp-content\/uploads\/2023\/09\/Jax-1.png","type":"image\/png"}],"twitter_card":"summary_large_image","twitter_title":"Lampe loupe \u00e0 LED Jax","twitter_site":"@groupecoiff","twitter_misc":{"Price":"149,00&nbsp;&euro;","Availability":"In stock"},"schema":{"@context":"https:\/\/schema.org","@graph":[{"@type":"WebPage","@id":"https:\/\/groupecoiff.com\/produit\/lampe-loupe-a-led-jax\/","url":"https:\/\/groupecoiff.com\/produit\/lampe-loupe-a-led-jax\/","name":"Jax LED Magnifying Lamp: For Your Hair Salon - Groupe Coiff","isPartOf":{"@id":"https:\/\/groupecoiff.com\/#website"},"primaryImageOfPage":{"@id":"https:\/\/groupecoiff.com\/produit\/lampe-loupe-a-led-jax\/#primaryimage"},"image":{"@id":"https:\/\/groupecoiff.com\/produit\/lampe-loupe-a-led-jax\/#primaryimage"},"thumbnailUrl":"https:\/\/groupecoiff.com\/wp-content\/uploads\/2023\/09\/Jax-1.png","datePublished":"2023-09-06T19:00:08+00:00","dateModified":"2024-08-29T18:32:37+00:00","description":"Provide your hair salon with perfect lighting with our Jax LED magnifying lamp. Wall mounting option Power: 8 W | 760 lumens. Free delivery","breadcrumb":{"@id":"https:\/\/groupecoiff.com\/produit\/lampe-loupe-a-led-jax\/#breadcrumb"},"inLanguage":"en-US","potentialAction":[{"@type":"ReadAction","target":["https:\/\/groupecoiff.com\/produit\/lampe-loupe-a-led-jax\/"]}]},{"@type":"ImageObject","inLanguage":"en-US","@id":"https:\/\/groupecoiff.com\/produit\/lampe-loupe-a-led-jax\/#primaryimage","url":"https:\/\/groupecoiff.com\/wp-content\/uploads\/2023\/09\/Jax-1.png","contentUrl":"https:\/\/groupecoiff.com\/wp-content\/uploads\/2023\/09\/Jax-1.png","width":1080,"height":1080,"caption":"Lampe loupe \u00e0 LED Jax"},{"@type":"BreadcrumbList","@id":"https:\/\/groupecoiff.com\/produit\/lampe-loupe-a-led-jax\/#breadcrumb","itemListElement":[{"@type":"ListItem","position":1,"name":"Accueil","item":"https:\/\/groupecoiff.com\/"},{"@type":"ListItem","position":2,"name":"Boutique","item":"https:\/\/groupecoiff.com\/boutique\/"},{"@type":"ListItem","position":3,"name":"Lampe loupe \u00e0 LED Jax"}]},{"@type":"WebSite","@id":"https:\/\/groupecoiff.com\/#website","url":"https:\/\/groupecoiff.com\/","name":"Coiff Group","description":"Everything for the hairdresser","publisher":{"@id":"https:\/\/groupecoiff.com\/#organization"},"potentialAction":[{"@type":"SearchAction","target":{"@type":"EntryPoint","urlTemplate":"https:\/\/groupecoiff.com\/?s={search_term_string}"},"query-input":{"@type":"PropertyValueSpecification","valueRequired":true,"valueName":"search_term_string"}}],"inLanguage":"en-US"},{"@type":"Organization","@id":"https:\/\/groupecoiff.com\/#organization","name":"Coiff Group","alternateName":"Groupe Coiff : Le Mobilier De Coiffure Haut de Gamme Pour Une \u00c9l\u00e9gance In\u00e9gal\u00e9e","url":"https:\/\/groupecoiff.com\/","logo":{"@type":"ImageObject","inLanguage":"en-US","@id":"https:\/\/groupecoiff.com\/#\/schema\/logo\/image\/","url":"https:\/\/groupecoiff.com\/wp-content\/uploads\/2024\/01\/cropped-Groupe-Coiff-Logo.webp","contentUrl":"https:\/\/groupecoiff.com\/wp-content\/uploads\/2024\/01\/cropped-Groupe-Coiff-Logo.webp","width":512,"height":512,"caption":"Groupe Coiff"},"image":{"@id":"https:\/\/groupecoiff.com\/#\/schema\/logo\/image\/"},"sameAs":["https:\/\/www.facebook.com\/GroupeCoiff","https:\/\/x.com\/groupecoiff","https:\/\/www.instagram.com\/groupecoiff\/","https:\/\/www.tiktok.com\/@groupecoiff","https:\/\/www.youtube.com\/@groupecoiff","https:\/\/twitter.com\/groupecoiff","https:\/\/www.leboncoin.fr\/boutique\/3961302\/groupe_coiff.htm"],"description":"Discover Groupe Coiff's top-of-the-range hairdressing furniture, combining elegance and functionality to enhance your salon and satisfy your customers.","email":"contact@groupecoiff.com","telephone":"0676951605","legalName":"Groupe Coiff","foundingDate":"2022-11-16","vatID":"FR84921406419","taxID":"92140641900025"}]},"product_price_amount":"149.00","product_price_currency":"EUR","og_availability":"instock","product_availability":"instock","product_retailer_item_id":"GC83Q4W27670","product_condition":"new"},"jetpack_publicize_connections":[],"jetpack_likes_enabled":true,"jetpack_sharing_enabled":true,"_links":{"self":[{"href":"https:\/\/groupecoiff.com\/en\/wp-json\/wp\/v2\/product\/27670","targetHints":{"allow":["GET"]}}],"collection":[{"href":"https:\/\/groupecoiff.com\/en\/wp-json\/wp\/v2\/product"}],"about":[{"href":"https:\/\/groupecoiff.com\/en\/wp-json\/wp\/v2\/types\/product"}],"replies":[{"embeddable":true,"href":"https:\/\/groupecoiff.com\/en\/wp-json\/wp\/v2\/comments?post=27670"}],"version-history":[{"count":0,"href":"https:\/\/groupecoiff.com\/en\/wp-json\/wp\/v2\/product\/27670\/revisions"}],"wp:featuredmedia":[{"embeddable":true,"href":"https:\/\/groupecoiff.com\/en\/wp-json\/wp\/v2\/media\/27734"}],"wp:attachment":[{"href":"https:\/\/groupecoiff.com\/en\/wp-json\/wp\/v2\/media?parent=27670"}],"wp:term":[{"taxonomy":"product_brand","embeddable":true,"href":"https:\/\/groupecoiff.com\/en\/wp-json\/wp\/v2\/product_brand?post=27670"},{"taxonomy":"product_cat","embeddable":true,"href":"https:\/\/groupecoiff.com\/en\/wp-json\/wp\/v2\/product_cat?post=27670"},{"taxonomy":"product_tag","embeddable":true,"href":"https:\/\/groupecoiff.com\/en\/wp-json\/wp\/v2\/product_tag?post=27670"}],"curies":[{"name":"wp","href":"https:\/\/api.w.org\/{rel}","templated":true}]}}