{"id":27680,"date":"2023-09-06T21:00:35","date_gmt":"2023-09-06T19:00:35","guid":{"rendered":"https:\/\/groupecoiff.com\/?post_type=product&#038;p=27680"},"modified":"2024-08-29T20:33:10","modified_gmt":"2024-08-29T18:33:10","slug":"chariot-de-coiffure-liv","status":"publish","type":"product","link":"https:\/\/groupecoiff.com\/en\/produit\/chariot-de-coiffure-liv\/","title":{"rendered":"Chariot de coiffure Liv"},"content":{"rendered":"<ul>\n<li><strong>Liv Salon Trolley: Practicality and Efficiency for Your Salon<\/strong><\/li>\n<\/ul>\n<p>Le chariot de coiffure Liv est l&rsquo;outil essentiel pour tout professionnel de la coiffure ou du barbering. Avec sa conception robuste et ses fonctionnalit\u00e9s pratiques, il r\u00e9pond parfaitement aux besoins de votre salon de coiffure ou de beaut\u00e9.<\/p>\n<h4><strong>Description of the Liv Salon Trolley<\/strong><\/h4>\n<p>Made of metal, the Liv styling trolley offers a solid and durable structure. This guarantees reliable use for many years. Equipped with lockable wheels, it can be easily moved throughout the salon, thus offering great flexibility.<\/p>\n<p>This trolley features several spacious shelves and drawers. This provides sufficient storage space for all your hairdressing tools, such as brushes, combs, scissors, hair clips, hair products and other essential accessories.<\/p>\n<p>The trolley's work surface is heat-resistant and easy to clean. This allows you to safely place hot tools such as curling irons or hair dryers.<\/p>\n<p>Avec ses 5 plateaux amovibles en polypropyl\u00e8ne, ce chariot offre un acc\u00e8s facile \u00e0 vos outils. De plus, deux plateaux peuvent rester suspendus des c\u00f4t\u00e9s sup\u00e9rieurs du chariot pour un acc\u00e8s encore plus pratique. La partie sup\u00e9rieure dispose de plusieurs compartiments et d\u2019un support pour les outils. Cela vous permet de garder vos outils organis\u00e9s et \u00e0 port\u00e9e de main.<\/p>\n<p><strong>Main Features<\/strong><\/p>\n<ul>\n<li>Made of durable polypropylene<\/li>\n<li>5 pull-out trays for optimal storage<\/li>\n<li>Quick and easy assembly without tools<\/li>\n<li>Swivel castors for easy movement<\/li>\n<\/ul>\n<p>For each Liv styling trolley purchased, Group Coiff offers you free delivery, thus guaranteeing quick receipt of your equipment throughout France.<\/p>\n<p>Optez pour le chariot de coiffure Liv et ajoutez une touche de praticit\u00e9 et d&rsquo;efficacit\u00e9 \u00e0 votre salon de coiffure ou de beaut\u00e9.<\/p>","protected":false},"excerpt":{"rendered":"<p>Chariot de Coiffure Liv : Praticit\u00e9 et Efficacit\u00e9 pour Votre Salon Le chariot de coiffure Liv est l&rsquo;outil essentiel pour tout professionnel de la coiffure ou du barbering. Avec sa conception robuste et ses fonctionnalit\u00e9s pratiques, il r\u00e9pond parfaitement aux besoins de votre salon de coiffure ou de beaut\u00e9. Description du Chariot de Coiffure Liv [&hellip;]<\/p>\n","protected":false},"featured_media":27745,"comment_status":"open","ping_status":"closed","template":"","meta":{"googlesitekit_rrm_CAow0YCiDA:productID":"","jetpack_post_was_ever_published":false,"jetpack_publicize_message":"","jetpack_publicize_feature_enabled":true,"jetpack_social_post_already_shared":false,"jetpack_social_options":{"image_generator_settings":{"template":"highway","default_image_id":0,"font":"","enabled":false},"version":2}},"product_brand":[],"product_cat":[47],"product_tag":[],"class_list":{"0":"post-27680","1":"product","2":"type-product","3":"status-publish","4":"has-post-thumbnail","6":"product_cat-chariots","8":"first","9":"instock","10":"featured","11":"taxable","12":"shipping-taxable","13":"purchasable","14":"product-type-simple"},"yoast_head":"<!-- This site is optimized with the Yoast SEO Premium plugin v27.4 (Yoast SEO v27.4) - https:\/\/yoast.com\/product\/yoast-seo-premium-wordpress\/ -->\n<title>Liv: Le Chariot de Coiffure Professionnel - Groupe Coiff<\/title>\n<meta name=\"description\" content=\"Chariot de coiffure Liv de haute qualit\u00e9 pour faciliter vos d\u00e9placements ! Chariot avec roulette, montage facile pratique et simple. Livraison rapide !\" \/>\n<meta name=\"robots\" content=\"index, follow, max-snippet:-1, max-image-preview:large, max-video-preview:-1\" \/>\n<link rel=\"canonical\" href=\"https:\/\/groupecoiff.com\/en\/product-2\/chariot-de-coiffure-liv\/\" \/>\n<meta property=\"og:locale\" content=\"en_US\" \/>\n<meta property=\"og:type\" content=\"article\" \/>\n<meta property=\"og:title\" content=\"Liv\" \/>\n<meta property=\"og:description\" content=\"Liv est un chariot de coiffure ou barbier \u00e9conomique qui r\u00e9pond aux besoins des professionnels. Fabriqu\u00e9 en polypropyl\u00e8ne, il poss\u00e8de 5 plateaux amovibles offrant un acc\u00e8s facile \u00e0 vos outils.\" \/>\n<meta property=\"og:url\" content=\"https:\/\/groupecoiff.com\/en\/product-2\/chariot-de-coiffure-liv\/\" \/>\n<meta property=\"og:site_name\" content=\"Groupe Coiff\" \/>\n<meta property=\"article:publisher\" content=\"https:\/\/www.facebook.com\/GroupeCoiff\" \/>\n<meta property=\"article:modified_time\" content=\"2024-08-29T18:33:10+00:00\" \/>\n<meta property=\"og:image\" content=\"https:\/\/groupecoiff.com\/wp-content\/uploads\/2023\/09\/Liv-2.png\" \/>\n\t<meta property=\"og:image:width\" content=\"1080\" \/>\n\t<meta property=\"og:image:height\" content=\"1080\" \/>\n\t<meta property=\"og:image:type\" content=\"image\/png\" \/>\n<meta name=\"twitter:card\" content=\"summary_large_image\" \/>\n<meta name=\"twitter:title\" content=\"Chariot de coiffure Liv\" \/>\n<meta name=\"twitter:site\" content=\"@groupecoiff\" \/>\n<meta name=\"twitter:label1\" content=\"Price\" \/>\n\t<meta name=\"twitter:data1\" content=\"149,00&nbsp;&euro;\" \/>\n\t<meta name=\"twitter:label2\" content=\"Availability\" \/>\n\t<meta name=\"twitter:data2\" content=\"In stock\" \/>\n<script type=\"application\/ld+json\" class=\"yoast-schema-graph\">{\"@context\":\"https:\\\/\\\/schema.org\",\"@graph\":[{\"@type\":\"WebPage\",\"@id\":\"https:\\\/\\\/groupecoiff.com\\\/produit\\\/chariot-de-coiffure-liv\\\/\",\"url\":\"https:\\\/\\\/groupecoiff.com\\\/produit\\\/chariot-de-coiffure-liv\\\/\",\"name\":\"Liv: Le Chariot de Coiffure Professionnel - Groupe Coiff\",\"isPartOf\":{\"@id\":\"https:\\\/\\\/groupecoiff.com\\\/#website\"},\"primaryImageOfPage\":{\"@id\":\"https:\\\/\\\/groupecoiff.com\\\/produit\\\/chariot-de-coiffure-liv\\\/#primaryimage\"},\"image\":{\"@id\":\"https:\\\/\\\/groupecoiff.com\\\/produit\\\/chariot-de-coiffure-liv\\\/#primaryimage\"},\"thumbnailUrl\":\"https:\\\/\\\/groupecoiff.com\\\/wp-content\\\/uploads\\\/2023\\\/09\\\/Liv-2.png\",\"datePublished\":\"2023-09-06T19:00:35+00:00\",\"dateModified\":\"2024-08-29T18:33:10+00:00\",\"description\":\"Chariot de coiffure Liv de haute qualit\u00e9 pour faciliter vos d\u00e9placements ! Chariot avec roulette, montage facile pratique et simple. Livraison rapide !\",\"breadcrumb\":{\"@id\":\"https:\\\/\\\/groupecoiff.com\\\/produit\\\/chariot-de-coiffure-liv\\\/#breadcrumb\"},\"inLanguage\":\"en-US\",\"potentialAction\":[{\"@type\":\"ReadAction\",\"target\":[\"https:\\\/\\\/groupecoiff.com\\\/produit\\\/chariot-de-coiffure-liv\\\/\"]}]},{\"@type\":\"ImageObject\",\"inLanguage\":\"en-US\",\"@id\":\"https:\\\/\\\/groupecoiff.com\\\/produit\\\/chariot-de-coiffure-liv\\\/#primaryimage\",\"url\":\"https:\\\/\\\/groupecoiff.com\\\/wp-content\\\/uploads\\\/2023\\\/09\\\/Liv-2.png\",\"contentUrl\":\"https:\\\/\\\/groupecoiff.com\\\/wp-content\\\/uploads\\\/2023\\\/09\\\/Liv-2.png\",\"width\":1080,\"height\":1080,\"caption\":\"Chariot de coiffure Liv\"},{\"@type\":\"BreadcrumbList\",\"@id\":\"https:\\\/\\\/groupecoiff.com\\\/produit\\\/chariot-de-coiffure-liv\\\/#breadcrumb\",\"itemListElement\":[{\"@type\":\"ListItem\",\"position\":1,\"name\":\"Accueil\",\"item\":\"https:\\\/\\\/groupecoiff.com\\\/\"},{\"@type\":\"ListItem\",\"position\":2,\"name\":\"Boutique\",\"item\":\"https:\\\/\\\/groupecoiff.com\\\/boutique\\\/\"},{\"@type\":\"ListItem\",\"position\":3,\"name\":\"Chariot de coiffure Liv\"}]},{\"@type\":\"WebSite\",\"@id\":\"https:\\\/\\\/groupecoiff.com\\\/#website\",\"url\":\"https:\\\/\\\/groupecoiff.com\\\/\",\"name\":\"Groupe Coiff\",\"description\":\"Tout pour la coiffure\",\"publisher\":{\"@id\":\"https:\\\/\\\/groupecoiff.com\\\/#organization\"},\"potentialAction\":[{\"@type\":\"SearchAction\",\"target\":{\"@type\":\"EntryPoint\",\"urlTemplate\":\"https:\\\/\\\/groupecoiff.com\\\/?s={search_term_string}\"},\"query-input\":{\"@type\":\"PropertyValueSpecification\",\"valueRequired\":true,\"valueName\":\"search_term_string\"}}],\"inLanguage\":\"en-US\"},{\"@type\":\"Organization\",\"@id\":\"https:\\\/\\\/groupecoiff.com\\\/#organization\",\"name\":\"Groupe Coiff\",\"alternateName\":\"Groupe Coiff : Le Mobilier De Coiffure Haut de Gamme Pour Une \u00c9l\u00e9gance In\u00e9gal\u00e9e\",\"url\":\"https:\\\/\\\/groupecoiff.com\\\/\",\"logo\":{\"@type\":\"ImageObject\",\"inLanguage\":\"en-US\",\"@id\":\"https:\\\/\\\/groupecoiff.com\\\/#\\\/schema\\\/logo\\\/image\\\/\",\"url\":\"https:\\\/\\\/groupecoiff.com\\\/wp-content\\\/uploads\\\/2024\\\/01\\\/cropped-Groupe-Coiff-Logo.webp\",\"contentUrl\":\"https:\\\/\\\/groupecoiff.com\\\/wp-content\\\/uploads\\\/2024\\\/01\\\/cropped-Groupe-Coiff-Logo.webp\",\"width\":512,\"height\":512,\"caption\":\"Groupe Coiff\"},\"image\":{\"@id\":\"https:\\\/\\\/groupecoiff.com\\\/#\\\/schema\\\/logo\\\/image\\\/\"},\"sameAs\":[\"https:\\\/\\\/www.facebook.com\\\/GroupeCoiff\",\"https:\\\/\\\/x.com\\\/groupecoiff\",\"https:\\\/\\\/www.instagram.com\\\/groupecoiff\\\/\",\"https:\\\/\\\/www.tiktok.com\\\/@groupecoiff\",\"https:\\\/\\\/www.youtube.com\\\/@groupecoiff\",\"https:\\\/\\\/twitter.com\\\/groupecoiff\",\"https:\\\/\\\/www.leboncoin.fr\\\/boutique\\\/3961302\\\/groupe_coiff.htm\"],\"description\":\"D\u00e9couvrez le mobilier de coiffure haut de gamme de Groupe Coiff, alliant \u00e9l\u00e9gance et fonctionnalit\u00e9 pour sublimer votre salon et satisfaire vos clients.\",\"email\":\"contact@groupecoiff.com\",\"telephone\":\"0676951605\",\"legalName\":\"Groupe Coiff\",\"foundingDate\":\"2022-11-16\",\"vatID\":\"FR84921406419\",\"taxID\":\"92140641900025\"}]}<\/script>\n<meta property=\"product:price:amount\" content=\"149.00\" \/>\n<meta property=\"product:price:currency\" content=\"EUR\" \/>\n<meta property=\"og:availability\" content=\"instock\" \/>\n<meta property=\"product:availability\" content=\"instock\" \/>\n<meta property=\"product:retailer_item_id\" content=\"GCM49V827680\" \/>\n<meta property=\"product:condition\" content=\"new\" \/>\n<!-- \/ Yoast SEO Premium plugin. -->","yoast_head_json":{"title":"Liv: The Professional Hair Styling Trolley - Groupe Coiff","description":"High-quality Liv salon trolley to make your movements easier! Trolley with casters, easy assembly - practical and simple. Fast delivery!","robots":{"index":"index","follow":"follow","max-snippet":"max-snippet:-1","max-image-preview":"max-image-preview:large","max-video-preview":"max-video-preview:-1"},"canonical":"https:\/\/groupecoiff.com\/en\/product-2\/chariot-de-coiffure-liv\/","og_locale":"en_US","og_type":"article","og_title":"Liv","og_description":"Liv est un chariot de coiffure ou barbier \u00e9conomique qui r\u00e9pond aux besoins des professionnels. Fabriqu\u00e9 en polypropyl\u00e8ne, il poss\u00e8de 5 plateaux amovibles offrant un acc\u00e8s facile \u00e0 vos outils.","og_url":"https:\/\/groupecoiff.com\/en\/product-2\/chariot-de-coiffure-liv\/","og_site_name":"Groupe Coiff","article_publisher":"https:\/\/www.facebook.com\/GroupeCoiff","article_modified_time":"2024-08-29T18:33:10+00:00","og_image":[{"width":1080,"height":1080,"url":"https:\/\/groupecoiff.com\/wp-content\/uploads\/2023\/09\/Liv-2.png","type":"image\/png"}],"twitter_card":"summary_large_image","twitter_title":"Chariot de coiffure Liv","twitter_site":"@groupecoiff","twitter_misc":{"Price":"149,00&nbsp;&euro;","Availability":"In stock"},"schema":{"@context":"https:\/\/schema.org","@graph":[{"@type":"WebPage","@id":"https:\/\/groupecoiff.com\/produit\/chariot-de-coiffure-liv\/","url":"https:\/\/groupecoiff.com\/produit\/chariot-de-coiffure-liv\/","name":"Liv: The Professional Hair Styling Trolley - Groupe Coiff","isPartOf":{"@id":"https:\/\/groupecoiff.com\/#website"},"primaryImageOfPage":{"@id":"https:\/\/groupecoiff.com\/produit\/chariot-de-coiffure-liv\/#primaryimage"},"image":{"@id":"https:\/\/groupecoiff.com\/produit\/chariot-de-coiffure-liv\/#primaryimage"},"thumbnailUrl":"https:\/\/groupecoiff.com\/wp-content\/uploads\/2023\/09\/Liv-2.png","datePublished":"2023-09-06T19:00:35+00:00","dateModified":"2024-08-29T18:33:10+00:00","description":"High-quality Liv salon trolley to make your movements easier! Trolley with casters, easy assembly - practical and simple. Fast delivery!","breadcrumb":{"@id":"https:\/\/groupecoiff.com\/produit\/chariot-de-coiffure-liv\/#breadcrumb"},"inLanguage":"en-US","potentialAction":[{"@type":"ReadAction","target":["https:\/\/groupecoiff.com\/produit\/chariot-de-coiffure-liv\/"]}]},{"@type":"ImageObject","inLanguage":"en-US","@id":"https:\/\/groupecoiff.com\/produit\/chariot-de-coiffure-liv\/#primaryimage","url":"https:\/\/groupecoiff.com\/wp-content\/uploads\/2023\/09\/Liv-2.png","contentUrl":"https:\/\/groupecoiff.com\/wp-content\/uploads\/2023\/09\/Liv-2.png","width":1080,"height":1080,"caption":"Chariot de coiffure Liv"},{"@type":"BreadcrumbList","@id":"https:\/\/groupecoiff.com\/produit\/chariot-de-coiffure-liv\/#breadcrumb","itemListElement":[{"@type":"ListItem","position":1,"name":"Accueil","item":"https:\/\/groupecoiff.com\/"},{"@type":"ListItem","position":2,"name":"Boutique","item":"https:\/\/groupecoiff.com\/boutique\/"},{"@type":"ListItem","position":3,"name":"Chariot de coiffure Liv"}]},{"@type":"WebSite","@id":"https:\/\/groupecoiff.com\/#website","url":"https:\/\/groupecoiff.com\/","name":"Coiff Group","description":"Everything for the hairdresser","publisher":{"@id":"https:\/\/groupecoiff.com\/#organization"},"potentialAction":[{"@type":"SearchAction","target":{"@type":"EntryPoint","urlTemplate":"https:\/\/groupecoiff.com\/?s={search_term_string}"},"query-input":{"@type":"PropertyValueSpecification","valueRequired":true,"valueName":"search_term_string"}}],"inLanguage":"en-US"},{"@type":"Organization","@id":"https:\/\/groupecoiff.com\/#organization","name":"Coiff Group","alternateName":"Groupe Coiff : Le Mobilier De Coiffure Haut de Gamme Pour Une \u00c9l\u00e9gance In\u00e9gal\u00e9e","url":"https:\/\/groupecoiff.com\/","logo":{"@type":"ImageObject","inLanguage":"en-US","@id":"https:\/\/groupecoiff.com\/#\/schema\/logo\/image\/","url":"https:\/\/groupecoiff.com\/wp-content\/uploads\/2024\/01\/cropped-Groupe-Coiff-Logo.webp","contentUrl":"https:\/\/groupecoiff.com\/wp-content\/uploads\/2024\/01\/cropped-Groupe-Coiff-Logo.webp","width":512,"height":512,"caption":"Groupe Coiff"},"image":{"@id":"https:\/\/groupecoiff.com\/#\/schema\/logo\/image\/"},"sameAs":["https:\/\/www.facebook.com\/GroupeCoiff","https:\/\/x.com\/groupecoiff","https:\/\/www.instagram.com\/groupecoiff\/","https:\/\/www.tiktok.com\/@groupecoiff","https:\/\/www.youtube.com\/@groupecoiff","https:\/\/twitter.com\/groupecoiff","https:\/\/www.leboncoin.fr\/boutique\/3961302\/groupe_coiff.htm"],"description":"Discover Groupe Coiff's top-of-the-range hairdressing furniture, combining elegance and functionality to enhance your salon and satisfy your customers.","email":"contact@groupecoiff.com","telephone":"0676951605","legalName":"Groupe Coiff","foundingDate":"2022-11-16","vatID":"FR84921406419","taxID":"92140641900025"}]},"product_price_amount":"149.00","product_price_currency":"EUR","og_availability":"instock","product_availability":"instock","product_retailer_item_id":"GCM49V827680","product_condition":"new"},"jetpack_publicize_connections":[],"jetpack_likes_enabled":true,"jetpack_sharing_enabled":true,"_links":{"self":[{"href":"https:\/\/groupecoiff.com\/en\/wp-json\/wp\/v2\/product\/27680","targetHints":{"allow":["GET"]}}],"collection":[{"href":"https:\/\/groupecoiff.com\/en\/wp-json\/wp\/v2\/product"}],"about":[{"href":"https:\/\/groupecoiff.com\/en\/wp-json\/wp\/v2\/types\/product"}],"replies":[{"embeddable":true,"href":"https:\/\/groupecoiff.com\/en\/wp-json\/wp\/v2\/comments?post=27680"}],"version-history":[{"count":0,"href":"https:\/\/groupecoiff.com\/en\/wp-json\/wp\/v2\/product\/27680\/revisions"}],"wp:featuredmedia":[{"embeddable":true,"href":"https:\/\/groupecoiff.com\/en\/wp-json\/wp\/v2\/media\/27745"}],"wp:attachment":[{"href":"https:\/\/groupecoiff.com\/en\/wp-json\/wp\/v2\/media?parent=27680"}],"wp:term":[{"taxonomy":"product_brand","embeddable":true,"href":"https:\/\/groupecoiff.com\/en\/wp-json\/wp\/v2\/product_brand?post=27680"},{"taxonomy":"product_cat","embeddable":true,"href":"https:\/\/groupecoiff.com\/en\/wp-json\/wp\/v2\/product_cat?post=27680"},{"taxonomy":"product_tag","embeddable":true,"href":"https:\/\/groupecoiff.com\/en\/wp-json\/wp\/v2\/product_tag?post=27680"}],"curies":[{"name":"wp","href":"https:\/\/api.w.org\/{rel}","templated":true}]}}