{"id":27691,"date":"2023-09-06T21:00:59","date_gmt":"2023-09-06T19:00:59","guid":{"rendered":"https:\/\/groupecoiff.com\/?post_type=product&#038;p=27691"},"modified":"2024-08-29T20:33:17","modified_gmt":"2024-08-29T18:33:17","slug":"come-hairdressing-sterilizer","status":"publish","type":"product","link":"https:\/\/groupecoiff.com\/en\/produit\/sterilisateur-de-coiffure-come\/","title":{"rendered":"St\u00e9rilisateur de coiffure C\u00f4me"},"content":{"rendered":"<ul>\n<li>\n<h4><strong>St\u00e9rilisateur de Coiffure C\u00f4me : Garant de l&rsquo;Hygi\u00e8ne dans votre Salon de Beaut\u00e9<\/strong><\/h4>\n<\/li>\n<\/ul>\n<p>Le st\u00e9rilisateur de coiffure C\u00f4me est un indispensable pour maintenir un niveau optimal d&rsquo;hygi\u00e8ne dans votre salon, offrant \u00e0 vos clients une tranquillit\u00e9 d&rsquo;esprit quant \u00e0 la propret\u00e9 des outils utilis\u00e9s.<\/p>\n<h4><strong>Description of the C\u00f4me Sterilizer<\/strong><\/h4>\n<p>Designed for cold sterilization of styling tools such as scissors, brushes and combs. The C\u00f4me sterilizer is equipped with indicator lights or visual indicators. This makes it easy to follow the sterilization process and know when tools are ready for use.<\/p>\n<p>Made from durable, heat-resistant materials, this sterilizer features built-in safety features. These include hermetic closures for safe, reliable operation.<\/p>\n<p>Powered by UV light, the C\u00f4me sterilizer disinfects your tools in less than 30 minutes. This ensures optimum hygiene for your salon.<\/p>\n<h4><strong>Main Features<\/strong><\/h4>\n<ul>\n<li>Mode of operation: Germicidal UV<\/li>\n<li>Capacity: 3.5 l<\/li>\n<li>Wavelength: 180 nm to 254 nm<\/li>\n<li>Disinfection time: 15 to 20 minutes<\/li>\n<\/ul>\n<p>Thanks to its advanced features and practical design, the C\u00f4me sterilizer is an ideal choice for any hair or beauty salon concerned with maintaining high standards of hygiene.<\/p>\n<p>For every C\u00f4me sterilizer purchased, Group Coiff offers free delivery, ensuring you receive your equipment quickly anywhere in France.<\/p>","protected":false},"excerpt":{"rendered":"<p>Keep your beauty salon clean with the C\u00f4me hair sterilizer. Efficient cleaning of accessories and tools. UV light operating mode<\/p>","protected":false},"featured_media":27758,"comment_status":"open","ping_status":"closed","template":"","meta":{"googlesitekit_rrm_CAow0YCiDA:productID":"","jetpack_publicize_message":"","jetpack_publicize_feature_enabled":true,"jetpack_social_post_already_shared":false,"jetpack_social_options":{"image_generator_settings":{"template":"highway","default_image_id":0,"font":"","enabled":false},"version":2}},"product_brand":[],"product_cat":[56],"product_tag":[],"class_list":{"0":"post-27691","1":"product","2":"type-product","3":"status-publish","4":"has-post-thumbnail","6":"product_cat-hygiene-coiffure","8":"first","9":"instock","10":"featured","11":"taxable","12":"shipping-taxable","13":"purchasable","14":"product-type-simple"},"yoast_head":"<!-- This site is optimized with the Yoast SEO Premium plugin v27.5 (Yoast SEO v27.5) - https:\/\/yoast.com\/product\/yoast-seo-premium-wordpress\/ -->\n<title>C\u00f4me: Un \u00c9quipement Performant de St\u00e9rilisation - Groupe Coiff<\/title>\n<meta name=\"description\" content=\"Maintenez votre salon de beaut\u00e9 propre avec le st\u00e9rilisateur de coiffure C\u00f4me. Nettoyage efficace des accessoires et outils. Mode fonctionnement lumi\u00e8re UV\" \/>\n<meta name=\"robots\" content=\"index, follow, max-snippet:-1, max-image-preview:large, max-video-preview:-1\" \/>\n<link rel=\"canonical\" href=\"https:\/\/groupecoiff.com\/en\/product-2\/come-hairdressing-sterilizer\/\" \/>\n<meta property=\"og:locale\" content=\"en_US\" \/>\n<meta property=\"og:type\" content=\"article\" \/>\n<meta property=\"og:title\" content=\"St\u00e9rilisateur de coiffure C\u00f4me sterilisateur-come\" \/>\n<meta property=\"og:description\" content=\"L&#039;hygi\u00e8ne dans un salon de coiffure est quelque chose de tr\u00e8s important. Optez pour le st\u00e9rilisateur UV C\u00f4me pour d\u00e9sinfecter tous vos mat\u00e9riels et accessoires de coiffure.\" \/>\n<meta property=\"og:url\" content=\"https:\/\/groupecoiff.com\/en\/product-2\/come-hairdressing-sterilizer\/\" \/>\n<meta property=\"og:site_name\" content=\"Groupe Coiff\" \/>\n<meta property=\"article:publisher\" content=\"https:\/\/www.facebook.com\/GroupeCoiff\" \/>\n<meta property=\"article:modified_time\" content=\"2024-08-29T18:33:17+00:00\" \/>\n<meta property=\"og:image\" content=\"https:\/\/groupecoiff.com\/wp-content\/uploads\/2023\/09\/Come-1.png\" \/>\n\t<meta property=\"og:image:width\" content=\"1080\" \/>\n\t<meta property=\"og:image:height\" content=\"1080\" \/>\n\t<meta property=\"og:image:type\" content=\"image\/png\" \/>\n<meta name=\"twitter:card\" content=\"summary_large_image\" \/>\n<meta name=\"twitter:title\" content=\"St\u00e9rilisateur de coiffure C\u00f4me\" \/>\n<meta name=\"twitter:site\" content=\"@groupecoiff\" \/>\n<meta name=\"twitter:label1\" content=\"Price\" \/>\n\t<meta name=\"twitter:data1\" content=\"70,00&nbsp;&euro;\" \/>\n\t<meta name=\"twitter:label2\" content=\"Availability\" \/>\n\t<meta name=\"twitter:data2\" content=\"In stock\" \/>\n<script type=\"application\/ld+json\" class=\"yoast-schema-graph\">{\"@context\":\"https:\\\/\\\/schema.org\",\"@graph\":[{\"@type\":\"WebPage\",\"@id\":\"https:\\\/\\\/groupecoiff.com\\\/produit\\\/sterilisateur-de-coiffure-come\\\/\",\"url\":\"https:\\\/\\\/groupecoiff.com\\\/produit\\\/sterilisateur-de-coiffure-come\\\/\",\"name\":\"C\u00f4me: Un \u00c9quipement Performant de St\u00e9rilisation - Groupe Coiff\",\"isPartOf\":{\"@id\":\"https:\\\/\\\/groupecoiff.com\\\/#website\"},\"primaryImageOfPage\":{\"@id\":\"https:\\\/\\\/groupecoiff.com\\\/produit\\\/sterilisateur-de-coiffure-come\\\/#primaryimage\"},\"image\":{\"@id\":\"https:\\\/\\\/groupecoiff.com\\\/produit\\\/sterilisateur-de-coiffure-come\\\/#primaryimage\"},\"thumbnailUrl\":\"https:\\\/\\\/groupecoiff.com\\\/wp-content\\\/uploads\\\/2023\\\/09\\\/Come-1.png\",\"datePublished\":\"2023-09-06T19:00:59+00:00\",\"dateModified\":\"2024-08-29T18:33:17+00:00\",\"description\":\"Maintenez votre salon de beaut\u00e9 propre avec le st\u00e9rilisateur de coiffure C\u00f4me. Nettoyage efficace des accessoires et outils. Mode fonctionnement lumi\u00e8re UV\",\"breadcrumb\":{\"@id\":\"https:\\\/\\\/groupecoiff.com\\\/produit\\\/sterilisateur-de-coiffure-come\\\/#breadcrumb\"},\"inLanguage\":\"en-US\",\"potentialAction\":[{\"@type\":\"ReadAction\",\"target\":[\"https:\\\/\\\/groupecoiff.com\\\/produit\\\/sterilisateur-de-coiffure-come\\\/\"]}]},{\"@type\":\"ImageObject\",\"inLanguage\":\"en-US\",\"@id\":\"https:\\\/\\\/groupecoiff.com\\\/produit\\\/sterilisateur-de-coiffure-come\\\/#primaryimage\",\"url\":\"https:\\\/\\\/groupecoiff.com\\\/wp-content\\\/uploads\\\/2023\\\/09\\\/Come-1.png\",\"contentUrl\":\"https:\\\/\\\/groupecoiff.com\\\/wp-content\\\/uploads\\\/2023\\\/09\\\/Come-1.png\",\"width\":1080,\"height\":1080,\"caption\":\"St\u00e9rilisateur de coiffure C\u00f4me\"},{\"@type\":\"BreadcrumbList\",\"@id\":\"https:\\\/\\\/groupecoiff.com\\\/produit\\\/sterilisateur-de-coiffure-come\\\/#breadcrumb\",\"itemListElement\":[{\"@type\":\"ListItem\",\"position\":1,\"name\":\"Accueil\",\"item\":\"https:\\\/\\\/groupecoiff.com\\\/\"},{\"@type\":\"ListItem\",\"position\":2,\"name\":\"Boutique\",\"item\":\"https:\\\/\\\/groupecoiff.com\\\/en\\\/boutique\\\/\"},{\"@type\":\"ListItem\",\"position\":3,\"name\":\"St\u00e9rilisateur de coiffure C\u00f4me\"}]},{\"@type\":\"WebSite\",\"@id\":\"https:\\\/\\\/groupecoiff.com\\\/#website\",\"url\":\"https:\\\/\\\/groupecoiff.com\\\/\",\"name\":\"Groupe Coiff\",\"description\":\"Tout pour la coiffure\",\"publisher\":{\"@id\":\"https:\\\/\\\/groupecoiff.com\\\/#organization\"},\"potentialAction\":[{\"@type\":\"SearchAction\",\"target\":{\"@type\":\"EntryPoint\",\"urlTemplate\":\"https:\\\/\\\/groupecoiff.com\\\/?s={search_term_string}\"},\"query-input\":{\"@type\":\"PropertyValueSpecification\",\"valueRequired\":true,\"valueName\":\"search_term_string\"}}],\"inLanguage\":\"en-US\"},{\"@type\":\"Organization\",\"@id\":\"https:\\\/\\\/groupecoiff.com\\\/#organization\",\"name\":\"Groupe Coiff\",\"alternateName\":\"Groupe Coiff : Le Mobilier De Coiffure Haut de Gamme Pour Une \u00c9l\u00e9gance In\u00e9gal\u00e9e\",\"url\":\"https:\\\/\\\/groupecoiff.com\\\/\",\"logo\":{\"@type\":\"ImageObject\",\"inLanguage\":\"en-US\",\"@id\":\"https:\\\/\\\/groupecoiff.com\\\/#\\\/schema\\\/logo\\\/image\\\/\",\"url\":\"https:\\\/\\\/groupecoiff.com\\\/wp-content\\\/uploads\\\/2024\\\/01\\\/cropped-Groupe-Coiff-Logo.webp\",\"contentUrl\":\"https:\\\/\\\/groupecoiff.com\\\/wp-content\\\/uploads\\\/2024\\\/01\\\/cropped-Groupe-Coiff-Logo.webp\",\"width\":512,\"height\":512,\"caption\":\"Groupe Coiff\"},\"image\":{\"@id\":\"https:\\\/\\\/groupecoiff.com\\\/#\\\/schema\\\/logo\\\/image\\\/\"},\"sameAs\":[\"https:\\\/\\\/www.facebook.com\\\/GroupeCoiff\",\"https:\\\/\\\/x.com\\\/groupecoiff\",\"https:\\\/\\\/www.instagram.com\\\/groupecoiff\\\/\",\"https:\\\/\\\/www.tiktok.com\\\/@groupecoiff\",\"https:\\\/\\\/www.youtube.com\\\/@groupecoiff\",\"https:\\\/\\\/twitter.com\\\/groupecoiff\",\"https:\\\/\\\/www.leboncoin.fr\\\/boutique\\\/3961302\\\/groupe_coiff.htm\"],\"description\":\"D\u00e9couvrez le mobilier de coiffure haut de gamme de Groupe Coiff, alliant \u00e9l\u00e9gance et fonctionnalit\u00e9 pour sublimer votre salon et satisfaire vos clients.\",\"email\":\"contact@groupecoiff.com\",\"telephone\":\"0676951605\",\"legalName\":\"Groupe Coiff\",\"foundingDate\":\"2022-11-16\",\"vatID\":\"FR84921406419\",\"taxID\":\"92140641900025\"}]}<\/script>\n<meta property=\"product:price:amount\" content=\"70.00\" \/>\n<meta property=\"product:price:currency\" content=\"EUR\" \/>\n<meta property=\"og:availability\" content=\"instock\" \/>\n<meta property=\"product:availability\" content=\"instock\" \/>\n<meta property=\"product:retailer_item_id\" content=\"GC28SYY27691\" \/>\n<meta property=\"product:condition\" content=\"new\" \/>\n<!-- \/ Yoast SEO Premium plugin. -->","yoast_head_json":{"title":"C\u00f4me: High-Performance Sterilization Equipment - Groupe Coiff","description":"Keep your beauty salon clean with the C\u00f4me hair sterilizer. Efficient cleaning of accessories and tools. UV light operating mode","robots":{"index":"index","follow":"follow","max-snippet":"max-snippet:-1","max-image-preview":"max-image-preview:large","max-video-preview":"max-video-preview:-1"},"canonical":"https:\/\/groupecoiff.com\/en\/product-2\/come-hairdressing-sterilizer\/","og_locale":"en_US","og_type":"article","og_title":"St\u00e9rilisateur de coiffure C\u00f4me sterilisateur-come","og_description":"L'hygi\u00e8ne dans un salon de coiffure est quelque chose de tr\u00e8s important. Optez pour le st\u00e9rilisateur UV C\u00f4me pour d\u00e9sinfecter tous vos mat\u00e9riels et accessoires de coiffure.","og_url":"https:\/\/groupecoiff.com\/en\/product-2\/come-hairdressing-sterilizer\/","og_site_name":"Groupe Coiff","article_publisher":"https:\/\/www.facebook.com\/GroupeCoiff","article_modified_time":"2024-08-29T18:33:17+00:00","og_image":[{"width":1080,"height":1080,"url":"https:\/\/groupecoiff.com\/wp-content\/uploads\/2023\/09\/Come-1.png","type":"image\/png"}],"twitter_card":"summary_large_image","twitter_title":"St\u00e9rilisateur de coiffure C\u00f4me","twitter_site":"@groupecoiff","twitter_misc":{"Price":"70,00&nbsp;&euro;","Availability":"In stock"},"schema":{"@context":"https:\/\/schema.org","@graph":[{"@type":"WebPage","@id":"https:\/\/groupecoiff.com\/produit\/sterilisateur-de-coiffure-come\/","url":"https:\/\/groupecoiff.com\/produit\/sterilisateur-de-coiffure-come\/","name":"C\u00f4me: High-Performance Sterilization Equipment - Groupe Coiff","isPartOf":{"@id":"https:\/\/groupecoiff.com\/#website"},"primaryImageOfPage":{"@id":"https:\/\/groupecoiff.com\/produit\/sterilisateur-de-coiffure-come\/#primaryimage"},"image":{"@id":"https:\/\/groupecoiff.com\/produit\/sterilisateur-de-coiffure-come\/#primaryimage"},"thumbnailUrl":"https:\/\/groupecoiff.com\/wp-content\/uploads\/2023\/09\/Come-1.png","datePublished":"2023-09-06T19:00:59+00:00","dateModified":"2024-08-29T18:33:17+00:00","description":"Keep your beauty salon clean with the C\u00f4me hair sterilizer. Efficient cleaning of accessories and tools. UV light operating mode","breadcrumb":{"@id":"https:\/\/groupecoiff.com\/produit\/sterilisateur-de-coiffure-come\/#breadcrumb"},"inLanguage":"en-US","potentialAction":[{"@type":"ReadAction","target":["https:\/\/groupecoiff.com\/produit\/sterilisateur-de-coiffure-come\/"]}]},{"@type":"ImageObject","inLanguage":"en-US","@id":"https:\/\/groupecoiff.com\/produit\/sterilisateur-de-coiffure-come\/#primaryimage","url":"https:\/\/groupecoiff.com\/wp-content\/uploads\/2023\/09\/Come-1.png","contentUrl":"https:\/\/groupecoiff.com\/wp-content\/uploads\/2023\/09\/Come-1.png","width":1080,"height":1080,"caption":"St\u00e9rilisateur de coiffure C\u00f4me"},{"@type":"BreadcrumbList","@id":"https:\/\/groupecoiff.com\/produit\/sterilisateur-de-coiffure-come\/#breadcrumb","itemListElement":[{"@type":"ListItem","position":1,"name":"Accueil","item":"https:\/\/groupecoiff.com\/"},{"@type":"ListItem","position":2,"name":"Boutique","item":"https:\/\/groupecoiff.com\/en\/boutique\/"},{"@type":"ListItem","position":3,"name":"St\u00e9rilisateur de coiffure C\u00f4me"}]},{"@type":"WebSite","@id":"https:\/\/groupecoiff.com\/#website","url":"https:\/\/groupecoiff.com\/","name":"Coiff Group","description":"Everything for the hairdresser","publisher":{"@id":"https:\/\/groupecoiff.com\/#organization"},"potentialAction":[{"@type":"SearchAction","target":{"@type":"EntryPoint","urlTemplate":"https:\/\/groupecoiff.com\/?s={search_term_string}"},"query-input":{"@type":"PropertyValueSpecification","valueRequired":true,"valueName":"search_term_string"}}],"inLanguage":"en-US"},{"@type":"Organization","@id":"https:\/\/groupecoiff.com\/#organization","name":"Coiff Group","alternateName":"Groupe Coiff : Le Mobilier De Coiffure Haut de Gamme Pour Une \u00c9l\u00e9gance In\u00e9gal\u00e9e","url":"https:\/\/groupecoiff.com\/","logo":{"@type":"ImageObject","inLanguage":"en-US","@id":"https:\/\/groupecoiff.com\/#\/schema\/logo\/image\/","url":"https:\/\/groupecoiff.com\/wp-content\/uploads\/2024\/01\/cropped-Groupe-Coiff-Logo.webp","contentUrl":"https:\/\/groupecoiff.com\/wp-content\/uploads\/2024\/01\/cropped-Groupe-Coiff-Logo.webp","width":512,"height":512,"caption":"Groupe Coiff"},"image":{"@id":"https:\/\/groupecoiff.com\/#\/schema\/logo\/image\/"},"sameAs":["https:\/\/www.facebook.com\/GroupeCoiff","https:\/\/x.com\/groupecoiff","https:\/\/www.instagram.com\/groupecoiff\/","https:\/\/www.tiktok.com\/@groupecoiff","https:\/\/www.youtube.com\/@groupecoiff","https:\/\/twitter.com\/groupecoiff","https:\/\/www.leboncoin.fr\/boutique\/3961302\/groupe_coiff.htm"],"description":"Discover Groupe Coiff's top-of-the-range hairdressing furniture, combining elegance and functionality to enhance your salon and satisfy your customers.","email":"contact@groupecoiff.com","telephone":"0676951605","legalName":"Groupe Coiff","foundingDate":"2022-11-16","vatID":"FR84921406419","taxID":"92140641900025"}]},"product_price_amount":"70.00","product_price_currency":"EUR","og_availability":"instock","product_availability":"instock","product_retailer_item_id":"GC28SYY27691","product_condition":"new"},"jetpack_publicize_connections":[],"jetpack_likes_enabled":true,"jetpack_sharing_enabled":true,"_links":{"self":[{"href":"https:\/\/groupecoiff.com\/en\/wp-json\/wp\/v2\/product\/27691","targetHints":{"allow":["GET"]}}],"collection":[{"href":"https:\/\/groupecoiff.com\/en\/wp-json\/wp\/v2\/product"}],"about":[{"href":"https:\/\/groupecoiff.com\/en\/wp-json\/wp\/v2\/types\/product"}],"replies":[{"embeddable":true,"href":"https:\/\/groupecoiff.com\/en\/wp-json\/wp\/v2\/comments?post=27691"}],"version-history":[{"count":0,"href":"https:\/\/groupecoiff.com\/en\/wp-json\/wp\/v2\/product\/27691\/revisions"}],"wp:featuredmedia":[{"embeddable":true,"href":"https:\/\/groupecoiff.com\/en\/wp-json\/wp\/v2\/media\/27758"}],"wp:attachment":[{"href":"https:\/\/groupecoiff.com\/en\/wp-json\/wp\/v2\/media?parent=27691"}],"wp:term":[{"taxonomy":"product_brand","embeddable":true,"href":"https:\/\/groupecoiff.com\/en\/wp-json\/wp\/v2\/product_brand?post=27691"},{"taxonomy":"product_cat","embeddable":true,"href":"https:\/\/groupecoiff.com\/en\/wp-json\/wp\/v2\/product_cat?post=27691"},{"taxonomy":"product_tag","embeddable":true,"href":"https:\/\/groupecoiff.com\/en\/wp-json\/wp\/v2\/product_tag?post=27691"}],"curies":[{"name":"wp","href":"https:\/\/api.w.org\/{rel}","templated":true}]}}