{"id":27786,"date":"2023-09-06T21:04:05","date_gmt":"2023-09-06T19:04:05","guid":{"rendered":"https:\/\/groupecoiff.com\/?post_type=product&#038;p=27786"},"modified":"2025-11-21T15:10:37","modified_gmt":"2025-11-21T14:10:37","slug":"enseigne-barbier-de-grande-taille-kosen","status":"publish","type":"product","link":"https:\/\/groupecoiff.com\/en\/produit\/enseigne-barbier-de-grande-taille-kosen\/","title":{"rendered":"KOSEN plus-size barber sign"},"content":{"rendered":"<ul>\n<li>\n<h3><strong>Sign Kosen Barber - Enlighten Your Style :<\/strong><\/h3>\n<\/li>\n<\/ul>\n<p>Optez pour l&rsquo;\u00e9l\u00e9gance intemporelle avec notre Enseigne Barbier Grande Taille Kosen, une pi\u00e8ce lumineuse con\u00e7ue pour l&rsquo;int\u00e9rieur et l&rsquo;ext\u00e9rieur. Fabriqu\u00e9e avec des mat\u00e9riaux hautement \u00e9tanches, cette enseigne allie durabilit\u00e9 et esth\u00e9tique.<\/p>\n<ul>\n<li><strong>Premium Features<\/strong><\/li>\n<\/ul>\n<ol>\n<li>Dimensions: 28x210x34 cm<\/li>\n<li>Dimensions: 28x180x34 cm<\/li>\n<li>- Highly waterproof material for indoor and outdoor use.<\/li>\n<\/ol>\n<p>Immerse yourself in the world of barbering with our vintage Kosen barber sign, perfect for salons and areas dedicated to men's hairdressing.<\/p>\n<ul>\n<li><strong>Retro-Chic Design<\/strong><\/li>\n<\/ul>\n<ol>\n<li>Add a retro touch with our Kosen Vintage Barber Pole.<\/li>\n<li>- Personalise your space with a large barber sign, a bold statement.<\/li>\n<\/ol>\n<p>Explore our range of matching barber furniture to create a harmonious atmosphere in your salon.<\/p>","protected":false},"excerpt":{"rendered":"<p>Optez pour l&rsquo;intemporalit\u00e9 et l&rsquo;\u00e9l\u00e9gance avec notre Enseigne barbier vintage Kosen. Parfaite pour l&rsquo;int\u00e9rieur et l&rsquo;ext\u00e9rieur. Profitez-en aujourd&rsquo;hui!<\/p>","protected":false},"featured_media":30410,"comment_status":"open","ping_status":"closed","template":"","meta":{"googlesitekit_rrm_CAow0YCiDA:productID":"","jetpack_publicize_message":"","jetpack_publicize_feature_enabled":true,"jetpack_social_post_already_shared":false,"jetpack_social_options":{"image_generator_settings":{"template":"highway","default_image_id":0,"font":"","enabled":false},"version":2}},"product_brand":[],"product_cat":[49],"product_tag":[],"class_list":{"0":"post-27786","1":"product","2":"type-product","3":"status-publish","4":"has-post-thumbnail","6":"product_cat-enseigne-de-barbier","8":"first","9":"outofstock","10":"featured","11":"taxable","12":"shipping-taxable","13":"product-type-variable"},"yoast_head":"<!-- This site is optimized with the Yoast SEO Premium plugin v27.5 (Yoast SEO v27.5) - https:\/\/yoast.com\/product\/yoast-seo-premium-wordpress\/ -->\n<title>Enseigne barbier grande taille KOSEN - Optez pour l&#039;\u00e9l\u00e9gance\ud83d\udcab Groupe Coiff<\/title>\n<meta name=\"description\" content=\"Donnez une touche r\u00e9tro \u00e0 votre salon avec notre enseigne barbier lumineuse. Disponible en grande taille, elle ajoutera une ambiance vintage \u00e0 votre espace.\" \/>\n<meta name=\"robots\" content=\"index, follow, max-snippet:-1, max-image-preview:large, max-video-preview:-1\" \/>\n<link rel=\"canonical\" href=\"https:\/\/groupecoiff.com\/en\/product-2\/enseigne-barbier-de-grande-taille-kosen\/\" \/>\n<meta property=\"og:locale\" content=\"en_US\" \/>\n<meta property=\"og:type\" content=\"article\" \/>\n<meta property=\"og:title\" content=\"Enseigne Barbier Grande Taille KOSEN\" \/>\n<meta property=\"og:description\" content=\"Donnez une touche r\u00e9tro \u00e0 votre salon avec notre enseigne barbier lumineuse. Disponible en grande taille, elle ajoutera une ambiance vintage \u00e0 votre espace.\" \/>\n<meta property=\"og:url\" content=\"https:\/\/groupecoiff.com\/en\/product-2\/enseigne-barbier-de-grande-taille-kosen\/\" \/>\n<meta property=\"og:site_name\" content=\"Groupe Coiff\" \/>\n<meta property=\"article:publisher\" content=\"https:\/\/www.facebook.com\/GroupeCoiff\" \/>\n<meta property=\"article:modified_time\" content=\"2025-11-21T14:10:37+00:00\" \/>\n<meta property=\"og:image\" content=\"https:\/\/groupecoiff.com\/wp-content\/uploads\/2023\/09\/Enseigne-barbier-Kosen.webp\" \/>\n\t<meta property=\"og:image:width\" content=\"1080\" \/>\n\t<meta property=\"og:image:height\" content=\"1080\" \/>\n\t<meta property=\"og:image:type\" content=\"image\/webp\" \/>\n<meta name=\"twitter:card\" content=\"summary_large_image\" \/>\n<meta name=\"twitter:site\" content=\"@groupecoiff\" \/>\n<meta name=\"twitter:label1\" content=\"Availability\" \/>\n\t<meta name=\"twitter:data1\" content=\"Out of stock\" \/>\n<script type=\"application\/ld+json\" class=\"yoast-schema-graph\">{\"@context\":\"https:\\\/\\\/schema.org\",\"@graph\":[{\"@type\":\"WebPage\",\"@id\":\"https:\\\/\\\/groupecoiff.com\\\/produit\\\/enseigne-barbier-de-grande-taille-kosen\\\/\",\"url\":\"https:\\\/\\\/groupecoiff.com\\\/produit\\\/enseigne-barbier-de-grande-taille-kosen\\\/\",\"name\":\"Enseigne barbier grande taille KOSEN - Optez pour l'\u00e9l\u00e9gance\ud83d\udcab Groupe Coiff\",\"isPartOf\":{\"@id\":\"https:\\\/\\\/groupecoiff.com\\\/#website\"},\"primaryImageOfPage\":{\"@id\":\"https:\\\/\\\/groupecoiff.com\\\/produit\\\/enseigne-barbier-de-grande-taille-kosen\\\/#primaryimage\"},\"image\":{\"@id\":\"https:\\\/\\\/groupecoiff.com\\\/produit\\\/enseigne-barbier-de-grande-taille-kosen\\\/#primaryimage\"},\"thumbnailUrl\":\"https:\\\/\\\/groupecoiff.com\\\/wp-content\\\/uploads\\\/2023\\\/09\\\/Enseigne-barbier-Kosen.webp\",\"datePublished\":\"2023-09-06T19:04:05+00:00\",\"dateModified\":\"2025-11-21T14:10:37+00:00\",\"description\":\"Donnez une touche r\u00e9tro \u00e0 votre salon avec notre enseigne barbier lumineuse. Disponible en grande taille, elle ajoutera une ambiance vintage \u00e0 votre espace.\",\"breadcrumb\":{\"@id\":\"https:\\\/\\\/groupecoiff.com\\\/produit\\\/enseigne-barbier-de-grande-taille-kosen\\\/#breadcrumb\"},\"inLanguage\":\"en-US\",\"potentialAction\":[{\"@type\":\"ReadAction\",\"target\":[\"https:\\\/\\\/groupecoiff.com\\\/produit\\\/enseigne-barbier-de-grande-taille-kosen\\\/\"]}]},{\"@type\":\"ImageObject\",\"inLanguage\":\"en-US\",\"@id\":\"https:\\\/\\\/groupecoiff.com\\\/produit\\\/enseigne-barbier-de-grande-taille-kosen\\\/#primaryimage\",\"url\":\"https:\\\/\\\/groupecoiff.com\\\/wp-content\\\/uploads\\\/2023\\\/09\\\/Enseigne-barbier-Kosen.webp\",\"contentUrl\":\"https:\\\/\\\/groupecoiff.com\\\/wp-content\\\/uploads\\\/2023\\\/09\\\/Enseigne-barbier-Kosen.webp\",\"width\":1080,\"height\":1080,\"caption\":\"Enseigne barbier grande taille Kosen - Enseigne barbier vintage Kosen - Barber pole vintage Kosen -\"},{\"@type\":\"BreadcrumbList\",\"@id\":\"https:\\\/\\\/groupecoiff.com\\\/produit\\\/enseigne-barbier-de-grande-taille-kosen\\\/#breadcrumb\",\"itemListElement\":[{\"@type\":\"ListItem\",\"position\":1,\"name\":\"Accueil\",\"item\":\"https:\\\/\\\/groupecoiff.com\\\/\"},{\"@type\":\"ListItem\",\"position\":2,\"name\":\"Boutique\",\"item\":\"https:\\\/\\\/groupecoiff.com\\\/en\\\/boutique\\\/\"},{\"@type\":\"ListItem\",\"position\":3,\"name\":\"Enseigne Barbier Grande Taille KOSEN\"}]},{\"@type\":\"WebSite\",\"@id\":\"https:\\\/\\\/groupecoiff.com\\\/#website\",\"url\":\"https:\\\/\\\/groupecoiff.com\\\/\",\"name\":\"Groupe Coiff\",\"description\":\"Tout pour la coiffure\",\"publisher\":{\"@id\":\"https:\\\/\\\/groupecoiff.com\\\/#organization\"},\"potentialAction\":[{\"@type\":\"SearchAction\",\"target\":{\"@type\":\"EntryPoint\",\"urlTemplate\":\"https:\\\/\\\/groupecoiff.com\\\/?s={search_term_string}\"},\"query-input\":{\"@type\":\"PropertyValueSpecification\",\"valueRequired\":true,\"valueName\":\"search_term_string\"}}],\"inLanguage\":\"en-US\"},{\"@type\":\"Organization\",\"@id\":\"https:\\\/\\\/groupecoiff.com\\\/#organization\",\"name\":\"Groupe Coiff\",\"alternateName\":\"Groupe Coiff : Le Mobilier De Coiffure Haut de Gamme Pour Une \u00c9l\u00e9gance In\u00e9gal\u00e9e\",\"url\":\"https:\\\/\\\/groupecoiff.com\\\/\",\"logo\":{\"@type\":\"ImageObject\",\"inLanguage\":\"en-US\",\"@id\":\"https:\\\/\\\/groupecoiff.com\\\/#\\\/schema\\\/logo\\\/image\\\/\",\"url\":\"https:\\\/\\\/groupecoiff.com\\\/wp-content\\\/uploads\\\/2024\\\/01\\\/cropped-Groupe-Coiff-Logo.webp\",\"contentUrl\":\"https:\\\/\\\/groupecoiff.com\\\/wp-content\\\/uploads\\\/2024\\\/01\\\/cropped-Groupe-Coiff-Logo.webp\",\"width\":512,\"height\":512,\"caption\":\"Groupe Coiff\"},\"image\":{\"@id\":\"https:\\\/\\\/groupecoiff.com\\\/#\\\/schema\\\/logo\\\/image\\\/\"},\"sameAs\":[\"https:\\\/\\\/www.facebook.com\\\/GroupeCoiff\",\"https:\\\/\\\/x.com\\\/groupecoiff\",\"https:\\\/\\\/www.instagram.com\\\/groupecoiff\\\/\",\"https:\\\/\\\/www.tiktok.com\\\/@groupecoiff\",\"https:\\\/\\\/www.youtube.com\\\/@groupecoiff\",\"https:\\\/\\\/twitter.com\\\/groupecoiff\",\"https:\\\/\\\/www.leboncoin.fr\\\/boutique\\\/3961302\\\/groupe_coiff.htm\"],\"description\":\"D\u00e9couvrez le mobilier de coiffure haut de gamme de Groupe Coiff, alliant \u00e9l\u00e9gance et fonctionnalit\u00e9 pour sublimer votre salon et satisfaire vos clients.\",\"email\":\"contact@groupecoiff.com\",\"telephone\":\"0676951605\",\"legalName\":\"Groupe Coiff\",\"foundingDate\":\"2022-11-16\",\"vatID\":\"FR84921406419\",\"taxID\":\"92140641900025\"}]}<\/script>\n<meta property=\"og:availability\" content=\"out of stock\" \/>\n<meta property=\"product:availability\" content=\"out of stock\" \/>\n<meta property=\"product:retailer_item_id\" content=\"GC9435K27786\" \/>\n<meta property=\"product:condition\" content=\"new\" \/>\n<!-- \/ Yoast SEO Premium plugin. -->","yoast_head_json":{"title":"KOSEN large barber sign - Choose elegance\ud83d\udcab Groupe Coiff","description":"Give your salon a retro touch with our illuminated barber sign. Available in large size, it will add a vintage ambiance to your space.","robots":{"index":"index","follow":"follow","max-snippet":"max-snippet:-1","max-image-preview":"max-image-preview:large","max-video-preview":"max-video-preview:-1"},"canonical":"https:\/\/groupecoiff.com\/en\/product-2\/enseigne-barbier-de-grande-taille-kosen\/","og_locale":"en_US","og_type":"article","og_title":"Enseigne Barbier Grande Taille KOSEN","og_description":"Donnez une touche r\u00e9tro \u00e0 votre salon avec notre enseigne barbier lumineuse. Disponible en grande taille, elle ajoutera une ambiance vintage \u00e0 votre espace.","og_url":"https:\/\/groupecoiff.com\/en\/product-2\/enseigne-barbier-de-grande-taille-kosen\/","og_site_name":"Groupe Coiff","article_publisher":"https:\/\/www.facebook.com\/GroupeCoiff","article_modified_time":"2025-11-21T14:10:37+00:00","og_image":[{"width":1080,"height":1080,"url":"https:\/\/groupecoiff.com\/wp-content\/uploads\/2023\/09\/Enseigne-barbier-Kosen.webp","type":"image\/webp"}],"twitter_card":"summary_large_image","twitter_site":"@groupecoiff","twitter_misc":{"Availability":"Out of stock"},"schema":{"@context":"https:\/\/schema.org","@graph":[{"@type":"WebPage","@id":"https:\/\/groupecoiff.com\/produit\/enseigne-barbier-de-grande-taille-kosen\/","url":"https:\/\/groupecoiff.com\/produit\/enseigne-barbier-de-grande-taille-kosen\/","name":"KOSEN large barber sign - Choose elegance\ud83d\udcab Groupe Coiff","isPartOf":{"@id":"https:\/\/groupecoiff.com\/#website"},"primaryImageOfPage":{"@id":"https:\/\/groupecoiff.com\/produit\/enseigne-barbier-de-grande-taille-kosen\/#primaryimage"},"image":{"@id":"https:\/\/groupecoiff.com\/produit\/enseigne-barbier-de-grande-taille-kosen\/#primaryimage"},"thumbnailUrl":"https:\/\/groupecoiff.com\/wp-content\/uploads\/2023\/09\/Enseigne-barbier-Kosen.webp","datePublished":"2023-09-06T19:04:05+00:00","dateModified":"2025-11-21T14:10:37+00:00","description":"Give your salon a retro touch with our illuminated barber sign. Available in large size, it will add a vintage ambiance to your space.","breadcrumb":{"@id":"https:\/\/groupecoiff.com\/produit\/enseigne-barbier-de-grande-taille-kosen\/#breadcrumb"},"inLanguage":"en-US","potentialAction":[{"@type":"ReadAction","target":["https:\/\/groupecoiff.com\/produit\/enseigne-barbier-de-grande-taille-kosen\/"]}]},{"@type":"ImageObject","inLanguage":"en-US","@id":"https:\/\/groupecoiff.com\/produit\/enseigne-barbier-de-grande-taille-kosen\/#primaryimage","url":"https:\/\/groupecoiff.com\/wp-content\/uploads\/2023\/09\/Enseigne-barbier-Kosen.webp","contentUrl":"https:\/\/groupecoiff.com\/wp-content\/uploads\/2023\/09\/Enseigne-barbier-Kosen.webp","width":1080,"height":1080,"caption":"Enseigne barbier grande taille Kosen - Enseigne barbier vintage Kosen - Barber pole vintage Kosen -"},{"@type":"BreadcrumbList","@id":"https:\/\/groupecoiff.com\/produit\/enseigne-barbier-de-grande-taille-kosen\/#breadcrumb","itemListElement":[{"@type":"ListItem","position":1,"name":"Accueil","item":"https:\/\/groupecoiff.com\/"},{"@type":"ListItem","position":2,"name":"Boutique","item":"https:\/\/groupecoiff.com\/en\/boutique\/"},{"@type":"ListItem","position":3,"name":"Enseigne Barbier Grande Taille KOSEN"}]},{"@type":"WebSite","@id":"https:\/\/groupecoiff.com\/#website","url":"https:\/\/groupecoiff.com\/","name":"Coiff Group","description":"Everything for the hairdresser","publisher":{"@id":"https:\/\/groupecoiff.com\/#organization"},"potentialAction":[{"@type":"SearchAction","target":{"@type":"EntryPoint","urlTemplate":"https:\/\/groupecoiff.com\/?s={search_term_string}"},"query-input":{"@type":"PropertyValueSpecification","valueRequired":true,"valueName":"search_term_string"}}],"inLanguage":"en-US"},{"@type":"Organization","@id":"https:\/\/groupecoiff.com\/#organization","name":"Coiff Group","alternateName":"Groupe Coiff : Le Mobilier De Coiffure Haut de Gamme Pour Une \u00c9l\u00e9gance In\u00e9gal\u00e9e","url":"https:\/\/groupecoiff.com\/","logo":{"@type":"ImageObject","inLanguage":"en-US","@id":"https:\/\/groupecoiff.com\/#\/schema\/logo\/image\/","url":"https:\/\/groupecoiff.com\/wp-content\/uploads\/2024\/01\/cropped-Groupe-Coiff-Logo.webp","contentUrl":"https:\/\/groupecoiff.com\/wp-content\/uploads\/2024\/01\/cropped-Groupe-Coiff-Logo.webp","width":512,"height":512,"caption":"Groupe Coiff"},"image":{"@id":"https:\/\/groupecoiff.com\/#\/schema\/logo\/image\/"},"sameAs":["https:\/\/www.facebook.com\/GroupeCoiff","https:\/\/x.com\/groupecoiff","https:\/\/www.instagram.com\/groupecoiff\/","https:\/\/www.tiktok.com\/@groupecoiff","https:\/\/www.youtube.com\/@groupecoiff","https:\/\/twitter.com\/groupecoiff","https:\/\/www.leboncoin.fr\/boutique\/3961302\/groupe_coiff.htm"],"description":"Discover Groupe Coiff's top-of-the-range hairdressing furniture, combining elegance and functionality to enhance your salon and satisfy your customers.","email":"contact@groupecoiff.com","telephone":"0676951605","legalName":"Groupe Coiff","foundingDate":"2022-11-16","vatID":"FR84921406419","taxID":"92140641900025"}]},"og_availability":"out of stock","product_availability":"out of stock","product_retailer_item_id":"GC9435K27786","product_condition":"new"},"jetpack_publicize_connections":[],"jetpack_likes_enabled":true,"jetpack_sharing_enabled":true,"_links":{"self":[{"href":"https:\/\/groupecoiff.com\/en\/wp-json\/wp\/v2\/product\/27786","targetHints":{"allow":["GET"]}}],"collection":[{"href":"https:\/\/groupecoiff.com\/en\/wp-json\/wp\/v2\/product"}],"about":[{"href":"https:\/\/groupecoiff.com\/en\/wp-json\/wp\/v2\/types\/product"}],"replies":[{"embeddable":true,"href":"https:\/\/groupecoiff.com\/en\/wp-json\/wp\/v2\/comments?post=27786"}],"version-history":[{"count":0,"href":"https:\/\/groupecoiff.com\/en\/wp-json\/wp\/v2\/product\/27786\/revisions"}],"wp:featuredmedia":[{"embeddable":true,"href":"https:\/\/groupecoiff.com\/en\/wp-json\/wp\/v2\/media\/30410"}],"wp:attachment":[{"href":"https:\/\/groupecoiff.com\/en\/wp-json\/wp\/v2\/media?parent=27786"}],"wp:term":[{"taxonomy":"product_brand","embeddable":true,"href":"https:\/\/groupecoiff.com\/en\/wp-json\/wp\/v2\/product_brand?post=27786"},{"taxonomy":"product_cat","embeddable":true,"href":"https:\/\/groupecoiff.com\/en\/wp-json\/wp\/v2\/product_cat?post=27786"},{"taxonomy":"product_tag","embeddable":true,"href":"https:\/\/groupecoiff.com\/en\/wp-json\/wp\/v2\/product_tag?post=27786"}],"curies":[{"name":"wp","href":"https:\/\/api.w.org\/{rel}","templated":true}]}}