{"id":28206,"date":"2023-09-21T15:50:28","date_gmt":"2023-09-21T13:50:28","guid":{"rendered":"https:\/\/groupecoiff.com\/?post_type=product&#038;p=28206"},"modified":"2024-10-05T07:50:53","modified_gmt":"2024-10-05T05:50:53","slug":"bac-a-shampoing-madison-silver","status":"publish","type":"product","link":"https:\/\/groupecoiff.com\/en\/produit\/bac-a-shampoing-madison-silver\/","title":{"rendered":"Bac \u00e0 shampoing Madison Silver"},"content":{"rendered":"<ul>\n<li><strong>Bac \u00e0 shampoing Madison Silver : avec vasque c\u00e9ramique<\/strong><\/li>\n<\/ul>\n<p>Il offre un m\u00e9lange parfait de style \u00e9l\u00e9gant et de fonctionnalit\u00e9 sup\u00e9rieure, r\u00e9pondant ainsi aux exigences des salons de coiffure les plus exigeants.<\/p>\n<ul>\n<li><strong>Un design unique et \u00e9l\u00e9gant<\/strong><\/li>\n<\/ul>\n<p>Le bac \u00e0 shampoing Madison Silver est \u00e9quip\u00e9 d&rsquo;un si\u00e8ge spacieux rembourr\u00e9 en similicuir noir et en mousse \u00e0 haute densit\u00e9. Il garantit un confort optimal et une sensation de relaxation pour vos clients. Son design classique et sophistiqu\u00e9 s&rsquo;int\u00e8gre parfaitement dans le d\u00e9cor de votre salon. Il ajoute une touche d&rsquo;originalit\u00e9 et de convivialit\u00e9.<\/p>\n<ul>\n<li><strong>Un bac shampoing pratique et r\u00e9sistant<\/strong><\/li>\n<\/ul>\n<p>Le repose-jambes \u00e9lectrique r\u00e9glable assure une grande praticit\u00e9 lors des s\u00e9ances de lavage. Il \u00e9vite les \u00e9claboussures et les fuites d&rsquo;eau. Cet \u00e9quipement garantit une exp\u00e9rience de lavage agr\u00e9able pour le coiffeur et le client, facile \u00e0 utiliser et \u00e0 prendre en main.. De plus, sa vasque en c\u00e9ramique offre une durabilit\u00e9 exceptionnelle en r\u00e9sistant aux t\u00e2ches et aux d\u00e9colorations.<\/p>\n<ul>\n<li><strong>Livraison gratuite et durabilit\u00e9 assur\u00e9e<\/strong><\/li>\n<\/ul>\n<div class=\"flex-1 overflow-hidden\">\n<div class=\"react-scroll-to-bottom--css-gpngm-79elbk h-full\">\n<div class=\"react-scroll-to-bottom--css-gpngm-1n7m0yu\">\n<div class=\"flex flex-col text-sm pb-9\">\n<div class=\"w-full text-token-text-primary\" dir=\"auto\" data-testid=\"conversation-turn-35\" data-scroll-anchor=\"true\">\n<div class=\"py-2 px-3 text-base md:px-4 m-auto md:px-5 lg:px-1 xl:px-5\">\n<div class=\"mx-auto flex flex-1 gap-3 text-base juice:gap-4 juice:md:gap-6 md:max-w-3xl lg:max-w-[40rem] xl:max-w-[48rem]\">\n<div class=\"relative flex w-full min-w-0 flex-col agent-turn\">\n<div class=\"flex-col gap-1 md:gap-3\">\n<div class=\"flex flex-grow flex-col max-w-full\">\n<div class=\"min-h-[20px] text-message flex flex-col items-start whitespace-pre-wrap break-words [.text-message+&amp;]:mt-5 overflow-x-auto gap-3\" dir=\"auto\" data-message-author-role=\"assistant\" data-message-id=\"739e6947-8a3e-4717-b85c-96f4eef8f384\">\n<div class=\"markdown prose w-full break-words dark:prose-invert light\">\n<p>Le bac \u00e0 shampoing Madison Silver, avec une offre de livraison gratuite, repr\u00e9sente un investissement judicieux. Sa durabilit\u00e9 \u00e0 toute \u00e9preuve en fait un choix optimal pour tout salon de coiffure. R\u00e9sistant \u00e0 l&rsquo;usure quotidienne, il promet une utilisation prolong\u00e9e et une satisfaction durable pour vos clients.<\/p>\n<\/div>\n<\/div>\n<\/div>\n<\/div>\n<\/div>\n<\/div>\n<\/div>\n<\/div>\n<\/div>\n<\/div>\n<\/div>\n<\/div>\n<h6 style=\"text-align: center\"><span style=\"color: #808000\"><a style=\"color: #808000\" href=\"https:\/\/groupecoiff.com\/wp-content\/uploads\/2023\/09\/Madison-Silver-Fiche-technique.pdf\">Madison Silver &#8211; Fiche technique<\/a><\/span><\/h6>\n","protected":false},"excerpt":{"rendered":"<p>D\u00e9couvrez le bac \u00e0 shampoing Madison Silver: un must-have pour les salons de coiffure. Offrez \u00e0 vos clients une exp\u00e9rience de lavage de qualit\u00e9 sup\u00e9rieure !<\/p>","protected":false},"featured_media":28210,"comment_status":"open","ping_status":"closed","template":"","meta":{"googlesitekit_rrm_CAow0YCiDA:productID":"","jetpack_post_was_ever_published":false,"jetpack_publicize_message":"","jetpack_publicize_feature_enabled":true,"jetpack_social_post_already_shared":true,"jetpack_social_options":{"image_generator_settings":{"template":"highway","default_image_id":0,"font":"","enabled":false},"version":2}},"product_brand":[],"product_cat":[44,313],"product_tag":[],"class_list":{"0":"post-28206","1":"product","2":"type-product","3":"status-publish","4":"has-post-thumbnail","6":"product_cat-bac-de-lavage","7":"product_cat-meuble-de-coiffure","9":"first","10":"instock","11":"featured","12":"taxable","13":"shipping-taxable","14":"purchasable","15":"product-type-simple"},"yoast_head":"<!-- This site is optimized with the Yoast SEO Premium plugin v27.5 (Yoast SEO v27.5) - https:\/\/yoast.com\/product\/yoast-seo-premium-wordpress\/ -->\n<title>Bac \u00e0 shampoing Madison Silver-\u00c9quipement de Premi\u00e8re Classe - Groupe Coiff<\/title>\n<meta name=\"description\" content=\"D\u00e9couvrez le bac \u00e0 shampoing Madison Silver: un must-have pour les salons de coiffure. Offrez \u00e0 vos clients une exp\u00e9rience de lavage de qualit\u00e9 sup\u00e9rieure !\" \/>\n<meta name=\"robots\" content=\"index, follow, max-snippet:-1, max-image-preview:large, max-video-preview:-1\" \/>\n<link rel=\"canonical\" href=\"https:\/\/groupecoiff.com\/en\/product-2\/bac-a-shampoing-madison-silver\/\" \/>\n<meta property=\"og:locale\" content=\"en_US\" \/>\n<meta property=\"og:type\" content=\"article\" \/>\n<meta property=\"og:title\" content=\"Bac \u00e0 shampoing Madison Silver\" \/>\n<meta property=\"og:description\" content=\"D\u00e9couvrez le bac \u00e0 shampoing Madison Silver: un must-have pour les salons de coiffure. Offrez \u00e0 vos clients une exp\u00e9rience de lavage de qualit\u00e9 sup\u00e9rieure !\" \/>\n<meta property=\"og:url\" content=\"https:\/\/groupecoiff.com\/en\/product-2\/bac-a-shampoing-madison-silver\/\" \/>\n<meta property=\"og:site_name\" content=\"Groupe Coiff\" \/>\n<meta property=\"article:publisher\" content=\"https:\/\/www.facebook.com\/GroupeCoiff\" \/>\n<meta property=\"article:modified_time\" content=\"2024-10-05T05:50:53+00:00\" \/>\n<meta property=\"og:image\" content=\"https:\/\/groupecoiff.com\/wp-content\/uploads\/2023\/09\/Bac-a-shampoing-Madison-Silver-4.webp\" \/>\n\t<meta property=\"og:image:width\" content=\"1080\" \/>\n\t<meta property=\"og:image:height\" content=\"1080\" \/>\n\t<meta property=\"og:image:type\" content=\"image\/webp\" \/>\n<meta name=\"twitter:card\" content=\"summary_large_image\" \/>\n<meta name=\"twitter:site\" content=\"@groupecoiff\" \/>\n<meta name=\"twitter:label1\" content=\"Price\" \/>\n\t<meta name=\"twitter:data1\" content=\"799,00&nbsp;&euro;\" \/>\n\t<meta name=\"twitter:label2\" content=\"Availability\" \/>\n\t<meta name=\"twitter:data2\" content=\"In stock\" \/>\n<script type=\"application\/ld+json\" class=\"yoast-schema-graph\">{\"@context\":\"https:\\\/\\\/schema.org\",\"@graph\":[{\"@type\":\"WebPage\",\"@id\":\"https:\\\/\\\/groupecoiff.com\\\/produit\\\/bac-a-shampoing-madison-silver\\\/\",\"url\":\"https:\\\/\\\/groupecoiff.com\\\/produit\\\/bac-a-shampoing-madison-silver\\\/\",\"name\":\"Bac \u00e0 shampoing Madison Silver-\u00c9quipement de Premi\u00e8re Classe - Groupe Coiff\",\"isPartOf\":{\"@id\":\"https:\\\/\\\/groupecoiff.com\\\/#website\"},\"primaryImageOfPage\":{\"@id\":\"https:\\\/\\\/groupecoiff.com\\\/produit\\\/bac-a-shampoing-madison-silver\\\/#primaryimage\"},\"image\":{\"@id\":\"https:\\\/\\\/groupecoiff.com\\\/produit\\\/bac-a-shampoing-madison-silver\\\/#primaryimage\"},\"thumbnailUrl\":\"https:\\\/\\\/groupecoiff.com\\\/wp-content\\\/uploads\\\/2023\\\/09\\\/Bac-a-shampoing-Madison-Silver-4.webp\",\"datePublished\":\"2023-09-21T13:50:28+00:00\",\"dateModified\":\"2024-10-05T05:50:53+00:00\",\"description\":\"D\u00e9couvrez le bac \u00e0 shampoing Madison Silver: un must-have pour les salons de coiffure. Offrez \u00e0 vos clients une exp\u00e9rience de lavage de qualit\u00e9 sup\u00e9rieure !\",\"breadcrumb\":{\"@id\":\"https:\\\/\\\/groupecoiff.com\\\/produit\\\/bac-a-shampoing-madison-silver\\\/#breadcrumb\"},\"inLanguage\":\"en-US\",\"potentialAction\":[{\"@type\":\"ReadAction\",\"target\":[\"https:\\\/\\\/groupecoiff.com\\\/produit\\\/bac-a-shampoing-madison-silver\\\/\"]}]},{\"@type\":\"ImageObject\",\"inLanguage\":\"en-US\",\"@id\":\"https:\\\/\\\/groupecoiff.com\\\/produit\\\/bac-a-shampoing-madison-silver\\\/#primaryimage\",\"url\":\"https:\\\/\\\/groupecoiff.com\\\/wp-content\\\/uploads\\\/2023\\\/09\\\/Bac-a-shampoing-Madison-Silver-4.webp\",\"contentUrl\":\"https:\\\/\\\/groupecoiff.com\\\/wp-content\\\/uploads\\\/2023\\\/09\\\/Bac-a-shampoing-Madison-Silver-4.webp\",\"width\":1080,\"height\":1080,\"caption\":\"Bac \u00e0 shampoing Madison Silver bac de lavage Bac \u00e0 shampoing professionnel bac de lavage coiffure\"},{\"@type\":\"BreadcrumbList\",\"@id\":\"https:\\\/\\\/groupecoiff.com\\\/produit\\\/bac-a-shampoing-madison-silver\\\/#breadcrumb\",\"itemListElement\":[{\"@type\":\"ListItem\",\"position\":1,\"name\":\"Accueil\",\"item\":\"https:\\\/\\\/groupecoiff.com\\\/\"},{\"@type\":\"ListItem\",\"position\":2,\"name\":\"Boutique\",\"item\":\"https:\\\/\\\/groupecoiff.com\\\/en\\\/boutique\\\/\"},{\"@type\":\"ListItem\",\"position\":3,\"name\":\"Bac \u00e0 shampoing Madison Silver\"}]},{\"@type\":\"WebSite\",\"@id\":\"https:\\\/\\\/groupecoiff.com\\\/#website\",\"url\":\"https:\\\/\\\/groupecoiff.com\\\/\",\"name\":\"Groupe Coiff\",\"description\":\"Tout pour la coiffure\",\"publisher\":{\"@id\":\"https:\\\/\\\/groupecoiff.com\\\/#organization\"},\"potentialAction\":[{\"@type\":\"SearchAction\",\"target\":{\"@type\":\"EntryPoint\",\"urlTemplate\":\"https:\\\/\\\/groupecoiff.com\\\/?s={search_term_string}\"},\"query-input\":{\"@type\":\"PropertyValueSpecification\",\"valueRequired\":true,\"valueName\":\"search_term_string\"}}],\"inLanguage\":\"en-US\"},{\"@type\":\"Organization\",\"@id\":\"https:\\\/\\\/groupecoiff.com\\\/#organization\",\"name\":\"Groupe Coiff\",\"alternateName\":\"Groupe Coiff : Le Mobilier De Coiffure Haut de Gamme Pour Une \u00c9l\u00e9gance In\u00e9gal\u00e9e\",\"url\":\"https:\\\/\\\/groupecoiff.com\\\/\",\"logo\":{\"@type\":\"ImageObject\",\"inLanguage\":\"en-US\",\"@id\":\"https:\\\/\\\/groupecoiff.com\\\/#\\\/schema\\\/logo\\\/image\\\/\",\"url\":\"https:\\\/\\\/groupecoiff.com\\\/wp-content\\\/uploads\\\/2024\\\/01\\\/cropped-Groupe-Coiff-Logo.webp\",\"contentUrl\":\"https:\\\/\\\/groupecoiff.com\\\/wp-content\\\/uploads\\\/2024\\\/01\\\/cropped-Groupe-Coiff-Logo.webp\",\"width\":512,\"height\":512,\"caption\":\"Groupe Coiff\"},\"image\":{\"@id\":\"https:\\\/\\\/groupecoiff.com\\\/#\\\/schema\\\/logo\\\/image\\\/\"},\"sameAs\":[\"https:\\\/\\\/www.facebook.com\\\/GroupeCoiff\",\"https:\\\/\\\/x.com\\\/groupecoiff\",\"https:\\\/\\\/www.instagram.com\\\/groupecoiff\\\/\",\"https:\\\/\\\/www.tiktok.com\\\/@groupecoiff\",\"https:\\\/\\\/www.youtube.com\\\/@groupecoiff\",\"https:\\\/\\\/twitter.com\\\/groupecoiff\",\"https:\\\/\\\/www.leboncoin.fr\\\/boutique\\\/3961302\\\/groupe_coiff.htm\"],\"description\":\"D\u00e9couvrez le mobilier de coiffure haut de gamme de Groupe Coiff, alliant \u00e9l\u00e9gance et fonctionnalit\u00e9 pour sublimer votre salon et satisfaire vos clients.\",\"email\":\"contact@groupecoiff.com\",\"telephone\":\"0676951605\",\"legalName\":\"Groupe Coiff\",\"foundingDate\":\"2022-11-16\",\"vatID\":\"FR84921406419\",\"taxID\":\"92140641900025\"}]}<\/script>\n<meta property=\"product:price:amount\" content=\"799.00\" \/>\n<meta property=\"product:price:currency\" content=\"EUR\" \/>\n<meta property=\"og:availability\" content=\"instock\" \/>\n<meta property=\"product:availability\" content=\"instock\" \/>\n<meta property=\"product:retailer_item_id\" content=\"GCPW95428206\" \/>\n<meta property=\"product:condition\" content=\"new\" \/>\n<!-- \/ Yoast SEO Premium plugin. -->","yoast_head_json":{"title":"Madison Silver Shampoo Bowl - First Class Equipment - Groupe Coiff","description":"Discover the Madison Silver shampoo bowl: a must-have for hair salons. Give your clients a superior quality washing experience!","robots":{"index":"index","follow":"follow","max-snippet":"max-snippet:-1","max-image-preview":"max-image-preview:large","max-video-preview":"max-video-preview:-1"},"canonical":"https:\/\/groupecoiff.com\/en\/product-2\/bac-a-shampoing-madison-silver\/","og_locale":"en_US","og_type":"article","og_title":"Bac \u00e0 shampoing Madison Silver","og_description":"D\u00e9couvrez le bac \u00e0 shampoing Madison Silver: un must-have pour les salons de coiffure. Offrez \u00e0 vos clients une exp\u00e9rience de lavage de qualit\u00e9 sup\u00e9rieure !","og_url":"https:\/\/groupecoiff.com\/en\/product-2\/bac-a-shampoing-madison-silver\/","og_site_name":"Groupe Coiff","article_publisher":"https:\/\/www.facebook.com\/GroupeCoiff","article_modified_time":"2024-10-05T05:50:53+00:00","og_image":[{"width":1080,"height":1080,"url":"https:\/\/groupecoiff.com\/wp-content\/uploads\/2023\/09\/Bac-a-shampoing-Madison-Silver-4.webp","type":"image\/webp"}],"twitter_card":"summary_large_image","twitter_site":"@groupecoiff","twitter_misc":{"Price":"799,00&nbsp;&euro;","Availability":"In stock"},"schema":{"@context":"https:\/\/schema.org","@graph":[{"@type":"WebPage","@id":"https:\/\/groupecoiff.com\/produit\/bac-a-shampoing-madison-silver\/","url":"https:\/\/groupecoiff.com\/produit\/bac-a-shampoing-madison-silver\/","name":"Madison Silver Shampoo Bowl - First Class Equipment - Groupe Coiff","isPartOf":{"@id":"https:\/\/groupecoiff.com\/#website"},"primaryImageOfPage":{"@id":"https:\/\/groupecoiff.com\/produit\/bac-a-shampoing-madison-silver\/#primaryimage"},"image":{"@id":"https:\/\/groupecoiff.com\/produit\/bac-a-shampoing-madison-silver\/#primaryimage"},"thumbnailUrl":"https:\/\/groupecoiff.com\/wp-content\/uploads\/2023\/09\/Bac-a-shampoing-Madison-Silver-4.webp","datePublished":"2023-09-21T13:50:28+00:00","dateModified":"2024-10-05T05:50:53+00:00","description":"Discover the Madison Silver shampoo bowl: a must-have for hair salons. Give your clients a superior quality washing experience!","breadcrumb":{"@id":"https:\/\/groupecoiff.com\/produit\/bac-a-shampoing-madison-silver\/#breadcrumb"},"inLanguage":"en-US","potentialAction":[{"@type":"ReadAction","target":["https:\/\/groupecoiff.com\/produit\/bac-a-shampoing-madison-silver\/"]}]},{"@type":"ImageObject","inLanguage":"en-US","@id":"https:\/\/groupecoiff.com\/produit\/bac-a-shampoing-madison-silver\/#primaryimage","url":"https:\/\/groupecoiff.com\/wp-content\/uploads\/2023\/09\/Bac-a-shampoing-Madison-Silver-4.webp","contentUrl":"https:\/\/groupecoiff.com\/wp-content\/uploads\/2023\/09\/Bac-a-shampoing-Madison-Silver-4.webp","width":1080,"height":1080,"caption":"Bac \u00e0 shampoing Madison Silver bac de lavage Bac \u00e0 shampoing professionnel bac de lavage coiffure"},{"@type":"BreadcrumbList","@id":"https:\/\/groupecoiff.com\/produit\/bac-a-shampoing-madison-silver\/#breadcrumb","itemListElement":[{"@type":"ListItem","position":1,"name":"Accueil","item":"https:\/\/groupecoiff.com\/"},{"@type":"ListItem","position":2,"name":"Boutique","item":"https:\/\/groupecoiff.com\/en\/boutique\/"},{"@type":"ListItem","position":3,"name":"Bac \u00e0 shampoing Madison Silver"}]},{"@type":"WebSite","@id":"https:\/\/groupecoiff.com\/#website","url":"https:\/\/groupecoiff.com\/","name":"Coiff Group","description":"Everything for the hairdresser","publisher":{"@id":"https:\/\/groupecoiff.com\/#organization"},"potentialAction":[{"@type":"SearchAction","target":{"@type":"EntryPoint","urlTemplate":"https:\/\/groupecoiff.com\/?s={search_term_string}"},"query-input":{"@type":"PropertyValueSpecification","valueRequired":true,"valueName":"search_term_string"}}],"inLanguage":"en-US"},{"@type":"Organization","@id":"https:\/\/groupecoiff.com\/#organization","name":"Coiff Group","alternateName":"Groupe Coiff : Le Mobilier De Coiffure Haut de Gamme Pour Une \u00c9l\u00e9gance In\u00e9gal\u00e9e","url":"https:\/\/groupecoiff.com\/","logo":{"@type":"ImageObject","inLanguage":"en-US","@id":"https:\/\/groupecoiff.com\/#\/schema\/logo\/image\/","url":"https:\/\/groupecoiff.com\/wp-content\/uploads\/2024\/01\/cropped-Groupe-Coiff-Logo.webp","contentUrl":"https:\/\/groupecoiff.com\/wp-content\/uploads\/2024\/01\/cropped-Groupe-Coiff-Logo.webp","width":512,"height":512,"caption":"Groupe Coiff"},"image":{"@id":"https:\/\/groupecoiff.com\/#\/schema\/logo\/image\/"},"sameAs":["https:\/\/www.facebook.com\/GroupeCoiff","https:\/\/x.com\/groupecoiff","https:\/\/www.instagram.com\/groupecoiff\/","https:\/\/www.tiktok.com\/@groupecoiff","https:\/\/www.youtube.com\/@groupecoiff","https:\/\/twitter.com\/groupecoiff","https:\/\/www.leboncoin.fr\/boutique\/3961302\/groupe_coiff.htm"],"description":"Discover Groupe Coiff's top-of-the-range hairdressing furniture, combining elegance and functionality to enhance your salon and satisfy your customers.","email":"contact@groupecoiff.com","telephone":"0676951605","legalName":"Groupe Coiff","foundingDate":"2022-11-16","vatID":"FR84921406419","taxID":"92140641900025"}]},"product_price_amount":"799.00","product_price_currency":"EUR","og_availability":"instock","product_availability":"instock","product_retailer_item_id":"GCPW95428206","product_condition":"new"},"jetpack_publicize_connections":[],"jetpack_likes_enabled":true,"jetpack_sharing_enabled":true,"_links":{"self":[{"href":"https:\/\/groupecoiff.com\/en\/wp-json\/wp\/v2\/product\/28206","targetHints":{"allow":["GET"]}}],"collection":[{"href":"https:\/\/groupecoiff.com\/en\/wp-json\/wp\/v2\/product"}],"about":[{"href":"https:\/\/groupecoiff.com\/en\/wp-json\/wp\/v2\/types\/product"}],"replies":[{"embeddable":true,"href":"https:\/\/groupecoiff.com\/en\/wp-json\/wp\/v2\/comments?post=28206"}],"version-history":[{"count":0,"href":"https:\/\/groupecoiff.com\/en\/wp-json\/wp\/v2\/product\/28206\/revisions"}],"wp:featuredmedia":[{"embeddable":true,"href":"https:\/\/groupecoiff.com\/en\/wp-json\/wp\/v2\/media\/28210"}],"wp:attachment":[{"href":"https:\/\/groupecoiff.com\/en\/wp-json\/wp\/v2\/media?parent=28206"}],"wp:term":[{"taxonomy":"product_brand","embeddable":true,"href":"https:\/\/groupecoiff.com\/en\/wp-json\/wp\/v2\/product_brand?post=28206"},{"taxonomy":"product_cat","embeddable":true,"href":"https:\/\/groupecoiff.com\/en\/wp-json\/wp\/v2\/product_cat?post=28206"},{"taxonomy":"product_tag","embeddable":true,"href":"https:\/\/groupecoiff.com\/en\/wp-json\/wp\/v2\/product_tag?post=28206"}],"curies":[{"name":"wp","href":"https:\/\/api.w.org\/{rel}","templated":true}]}}