{"id":29858,"date":"2023-11-20T20:53:01","date_gmt":"2023-11-20T19:53:01","guid":{"rendered":"https:\/\/groupecoiff.com\/?post_type=product&#038;p=29858"},"modified":"2025-08-11T11:34:00","modified_gmt":"2025-08-11T09:34:00","slug":"chauffe-cire-professionnel-kate-1000-ml","status":"publish","type":"product","link":"https:\/\/groupecoiff.com\/en\/produit\/chauffe-cire-professionnel-kate-1000-ml\/","title":{"rendered":"\/ Professional Wax Warmer Kate 1000 ML"},"content":{"rendered":"<ul>\n<li><strong>Chauffe Cire Professionnel Kate 1000 ML: L&rsquo;Essentiel Pour Votre Salon de Beaut\u00e9<\/strong>\n<p>D\u00e9couvrez l&rsquo;appareil chauffe-cire professionnel Kate, une solution in\u00e9gal\u00e9e pour sublimer vos s\u00e9ances d&rsquo;\u00e9pilation en salon. Dot\u00e9 d&rsquo;une capacit\u00e9 g\u00e9n\u00e9reuse de 1000 ML, cet appareil red\u00e9finit les normes de performance.<\/p>\n<p><strong>Impeccable performance<\/strong><\/p>\n<ul>\n<li>Fast heating for optimal efficiency.<\/li>\n<li>1000 ML capacity for extended sessions without interruption.<\/li>\n<li>Compatible with all professional waxes.<\/li>\n<li>- Precise temperature control for trouble-free application.<\/li>\n<li>Easy cleaning ensuring impeccable hygiene.<\/li>\n<\/ul>\n<p>Raise the standard of your hair removal services with the Kate 1000 ML Wax Heater, your essential partner for perfect, long-lasting results.<\/li>\n<\/ul>","protected":false},"excerpt":{"rendered":"<p class=\"LC20lb MBeuO DKV0Md\">l&#039;Appareil chauffe-cire professionnel Kate 1000 ML offre des performances in\u00e9gal\u00e9es. Chauffage rapide, capacit\u00e9 \u00e9tendue et adaptabilit\u00e9 \u00e0 toutes les cires professionnelles !<\/p>","protected":false},"featured_media":29862,"comment_status":"open","ping_status":"closed","template":"","meta":{"googlesitekit_rrm_CAow0YCiDA:productID":"","jetpack_post_was_ever_published":false,"jetpack_publicize_message":"","jetpack_publicize_feature_enabled":true,"jetpack_social_post_already_shared":true,"jetpack_social_options":{"image_generator_settings":{"template":"highway","default_image_id":0,"font":"","enabled":false},"version":2}},"product_brand":[],"product_cat":[56],"product_tag":[],"class_list":{"0":"post-29858","1":"product","2":"type-product","3":"status-publish","4":"has-post-thumbnail","6":"product_cat-hygiene-coiffure","8":"first","9":"instock","10":"featured","11":"taxable","12":"shipping-taxable","13":"purchasable","14":"product-type-simple"},"yoast_head":"<!-- This site is optimized with the Yoast SEO Premium plugin v27.4 (Yoast SEO v27.4) - https:\/\/yoast.com\/product\/yoast-seo-premium-wordpress\/ -->\n<title>Chauffe Cire Professionnel Kate 1000 ML - Compatible Avec Toutes Les Cires - Groupe Coiff<\/title>\n<meta name=\"description\" content=\"Le Chauffe Cire Professionnel Kate 1000 ML offre des performances in\u00e9gal\u00e9es. Chauffage rapide, capacit\u00e9 \u00e9tendue et adaptabilit\u00e9 \u00e0 toutes les cires professionnelles !\" \/>\n<meta name=\"robots\" content=\"index, follow, max-snippet:-1, max-image-preview:large, max-video-preview:-1\" \/>\n<link rel=\"canonical\" href=\"https:\/\/groupecoiff.com\/en\/product-2\/chauffe-cire-professionnel-kate-1000-ml\/\" \/>\n<meta property=\"og:locale\" content=\"en_US\" \/>\n<meta property=\"og:type\" content=\"article\" \/>\n<meta property=\"og:title\" content=\"Chauffe Cire Professionnel Kate 1000 ML\" \/>\n<meta property=\"og:description\" content=\"Le Chauffe Cire Professionnel Kate 1000 ML offre des performances in\u00e9gal\u00e9es. Chauffage rapide, capacit\u00e9 \u00e9tendue et adaptabilit\u00e9 \u00e0 toutes les cires professionnelles !\" \/>\n<meta property=\"og:url\" content=\"https:\/\/groupecoiff.com\/en\/product-2\/chauffe-cire-professionnel-kate-1000-ml\/\" \/>\n<meta property=\"og:site_name\" content=\"Groupe Coiff\" \/>\n<meta property=\"article:publisher\" content=\"https:\/\/www.facebook.com\/GroupeCoiff\" \/>\n<meta property=\"article:modified_time\" content=\"2025-08-11T09:34:00+00:00\" \/>\n<meta property=\"og:image\" content=\"https:\/\/groupecoiff.com\/wp-content\/uploads\/2023\/11\/Chauffe-Cire-Professionnel-Kate.webp\" \/>\n\t<meta property=\"og:image:width\" content=\"1080\" \/>\n\t<meta property=\"og:image:height\" content=\"1080\" \/>\n\t<meta property=\"og:image:type\" content=\"image\/webp\" \/>\n<meta name=\"twitter:card\" content=\"summary_large_image\" \/>\n<meta name=\"twitter:site\" content=\"@groupecoiff\" \/>\n<meta name=\"twitter:label1\" content=\"Price\" \/>\n\t<meta name=\"twitter:data1\" content=\"149,00&nbsp;&euro;\" \/>\n\t<meta name=\"twitter:label2\" content=\"Availability\" \/>\n\t<meta name=\"twitter:data2\" content=\"In stock\" \/>\n<script type=\"application\/ld+json\" class=\"yoast-schema-graph\">{\"@context\":\"https:\\\/\\\/schema.org\",\"@graph\":[{\"@type\":\"WebPage\",\"@id\":\"https:\\\/\\\/groupecoiff.com\\\/produit\\\/chauffe-cire-professionnel-kate-1000-ml\\\/\",\"url\":\"https:\\\/\\\/groupecoiff.com\\\/produit\\\/chauffe-cire-professionnel-kate-1000-ml\\\/\",\"name\":\"Chauffe Cire Professionnel Kate 1000 ML - Compatible Avec Toutes Les Cires - Groupe Coiff\",\"isPartOf\":{\"@id\":\"https:\\\/\\\/groupecoiff.com\\\/#website\"},\"primaryImageOfPage\":{\"@id\":\"https:\\\/\\\/groupecoiff.com\\\/produit\\\/chauffe-cire-professionnel-kate-1000-ml\\\/#primaryimage\"},\"image\":{\"@id\":\"https:\\\/\\\/groupecoiff.com\\\/produit\\\/chauffe-cire-professionnel-kate-1000-ml\\\/#primaryimage\"},\"thumbnailUrl\":\"https:\\\/\\\/groupecoiff.com\\\/wp-content\\\/uploads\\\/2023\\\/11\\\/Chauffe-Cire-Professionnel-Kate.webp\",\"datePublished\":\"2023-11-20T19:53:01+00:00\",\"dateModified\":\"2025-08-11T09:34:00+00:00\",\"description\":\"Le Chauffe Cire Professionnel Kate 1000 ML offre des performances in\u00e9gal\u00e9es. Chauffage rapide, capacit\u00e9 \u00e9tendue et adaptabilit\u00e9 \u00e0 toutes les cires professionnelles !\",\"breadcrumb\":{\"@id\":\"https:\\\/\\\/groupecoiff.com\\\/produit\\\/chauffe-cire-professionnel-kate-1000-ml\\\/#breadcrumb\"},\"inLanguage\":\"en-US\",\"potentialAction\":[{\"@type\":\"ReadAction\",\"target\":[\"https:\\\/\\\/groupecoiff.com\\\/produit\\\/chauffe-cire-professionnel-kate-1000-ml\\\/\"]}]},{\"@type\":\"ImageObject\",\"inLanguage\":\"en-US\",\"@id\":\"https:\\\/\\\/groupecoiff.com\\\/produit\\\/chauffe-cire-professionnel-kate-1000-ml\\\/#primaryimage\",\"url\":\"https:\\\/\\\/groupecoiff.com\\\/wp-content\\\/uploads\\\/2023\\\/11\\\/Chauffe-Cire-Professionnel-Kate.webp\",\"contentUrl\":\"https:\\\/\\\/groupecoiff.com\\\/wp-content\\\/uploads\\\/2023\\\/11\\\/Chauffe-Cire-Professionnel-Kate.webp\",\"width\":1080,\"height\":1080,\"caption\":\"Le Chauffe Cire Professionnel Kate 1000 ML offre des performances in\u00e9gal\u00e9es. Chauffage rapide, capacit\u00e9 \u00e9tendue et adaptabilit\u00e9 \u00e0 toutes les cires professionnelles !\"},{\"@type\":\"BreadcrumbList\",\"@id\":\"https:\\\/\\\/groupecoiff.com\\\/produit\\\/chauffe-cire-professionnel-kate-1000-ml\\\/#breadcrumb\",\"itemListElement\":[{\"@type\":\"ListItem\",\"position\":1,\"name\":\"Accueil\",\"item\":\"https:\\\/\\\/groupecoiff.com\\\/\"},{\"@type\":\"ListItem\",\"position\":2,\"name\":\"Boutique\",\"item\":\"https:\\\/\\\/groupecoiff.com\\\/boutique\\\/\"},{\"@type\":\"ListItem\",\"position\":3,\"name\":\"Chauffe Cire Professionnel Kate 1000 ML\"}]},{\"@type\":\"WebSite\",\"@id\":\"https:\\\/\\\/groupecoiff.com\\\/#website\",\"url\":\"https:\\\/\\\/groupecoiff.com\\\/\",\"name\":\"Groupe Coiff\",\"description\":\"Tout pour la coiffure\",\"publisher\":{\"@id\":\"https:\\\/\\\/groupecoiff.com\\\/#organization\"},\"potentialAction\":[{\"@type\":\"SearchAction\",\"target\":{\"@type\":\"EntryPoint\",\"urlTemplate\":\"https:\\\/\\\/groupecoiff.com\\\/?s={search_term_string}\"},\"query-input\":{\"@type\":\"PropertyValueSpecification\",\"valueRequired\":true,\"valueName\":\"search_term_string\"}}],\"inLanguage\":\"en-US\"},{\"@type\":\"Organization\",\"@id\":\"https:\\\/\\\/groupecoiff.com\\\/#organization\",\"name\":\"Groupe Coiff\",\"alternateName\":\"Groupe Coiff : Le Mobilier De Coiffure Haut de Gamme Pour Une \u00c9l\u00e9gance In\u00e9gal\u00e9e\",\"url\":\"https:\\\/\\\/groupecoiff.com\\\/\",\"logo\":{\"@type\":\"ImageObject\",\"inLanguage\":\"en-US\",\"@id\":\"https:\\\/\\\/groupecoiff.com\\\/#\\\/schema\\\/logo\\\/image\\\/\",\"url\":\"https:\\\/\\\/groupecoiff.com\\\/wp-content\\\/uploads\\\/2024\\\/01\\\/cropped-Groupe-Coiff-Logo.webp\",\"contentUrl\":\"https:\\\/\\\/groupecoiff.com\\\/wp-content\\\/uploads\\\/2024\\\/01\\\/cropped-Groupe-Coiff-Logo.webp\",\"width\":512,\"height\":512,\"caption\":\"Groupe Coiff\"},\"image\":{\"@id\":\"https:\\\/\\\/groupecoiff.com\\\/#\\\/schema\\\/logo\\\/image\\\/\"},\"sameAs\":[\"https:\\\/\\\/www.facebook.com\\\/GroupeCoiff\",\"https:\\\/\\\/x.com\\\/groupecoiff\",\"https:\\\/\\\/www.instagram.com\\\/groupecoiff\\\/\",\"https:\\\/\\\/www.tiktok.com\\\/@groupecoiff\",\"https:\\\/\\\/www.youtube.com\\\/@groupecoiff\",\"https:\\\/\\\/twitter.com\\\/groupecoiff\",\"https:\\\/\\\/www.leboncoin.fr\\\/boutique\\\/3961302\\\/groupe_coiff.htm\"],\"description\":\"D\u00e9couvrez le mobilier de coiffure haut de gamme de Groupe Coiff, alliant \u00e9l\u00e9gance et fonctionnalit\u00e9 pour sublimer votre salon et satisfaire vos clients.\",\"email\":\"contact@groupecoiff.com\",\"telephone\":\"0676951605\",\"legalName\":\"Groupe Coiff\",\"foundingDate\":\"2022-11-16\",\"vatID\":\"FR84921406419\",\"taxID\":\"92140641900025\"}]}<\/script>\n<meta property=\"product:price:amount\" content=\"149.00\" \/>\n<meta property=\"product:price:currency\" content=\"EUR\" \/>\n<meta property=\"og:availability\" content=\"instock\" \/>\n<meta property=\"product:availability\" content=\"instock\" \/>\n<meta property=\"product:retailer_item_id\" content=\"3760402777738529858\" \/>\n<meta property=\"product:condition\" content=\"new\" \/>\n<!-- \/ Yoast SEO Premium plugin. -->","yoast_head_json":{"title":"Kate 1000 ML Professional Wax Warmer - Compatible With All Waxes - Groupe Coiff","description":"The Professional Wax Warmer Kate 1000 ML offers unmatched performance. Fast heating, extended capacity and adaptability to all professional waxes!","robots":{"index":"index","follow":"follow","max-snippet":"max-snippet:-1","max-image-preview":"max-image-preview:large","max-video-preview":"max-video-preview:-1"},"canonical":"https:\/\/groupecoiff.com\/en\/product-2\/chauffe-cire-professionnel-kate-1000-ml\/","og_locale":"en_US","og_type":"article","og_title":"Chauffe Cire Professionnel Kate 1000 ML","og_description":"Le Chauffe Cire Professionnel Kate 1000 ML offre des performances in\u00e9gal\u00e9es. Chauffage rapide, capacit\u00e9 \u00e9tendue et adaptabilit\u00e9 \u00e0 toutes les cires professionnelles !","og_url":"https:\/\/groupecoiff.com\/en\/product-2\/chauffe-cire-professionnel-kate-1000-ml\/","og_site_name":"Groupe Coiff","article_publisher":"https:\/\/www.facebook.com\/GroupeCoiff","article_modified_time":"2025-08-11T09:34:00+00:00","og_image":[{"width":1080,"height":1080,"url":"https:\/\/groupecoiff.com\/wp-content\/uploads\/2023\/11\/Chauffe-Cire-Professionnel-Kate.webp","type":"image\/webp"}],"twitter_card":"summary_large_image","twitter_site":"@groupecoiff","twitter_misc":{"Price":"149,00&nbsp;&euro;","Availability":"In stock"},"schema":{"@context":"https:\/\/schema.org","@graph":[{"@type":"WebPage","@id":"https:\/\/groupecoiff.com\/produit\/chauffe-cire-professionnel-kate-1000-ml\/","url":"https:\/\/groupecoiff.com\/produit\/chauffe-cire-professionnel-kate-1000-ml\/","name":"Kate 1000 ML Professional Wax Warmer - Compatible With All Waxes - Groupe Coiff","isPartOf":{"@id":"https:\/\/groupecoiff.com\/#website"},"primaryImageOfPage":{"@id":"https:\/\/groupecoiff.com\/produit\/chauffe-cire-professionnel-kate-1000-ml\/#primaryimage"},"image":{"@id":"https:\/\/groupecoiff.com\/produit\/chauffe-cire-professionnel-kate-1000-ml\/#primaryimage"},"thumbnailUrl":"https:\/\/groupecoiff.com\/wp-content\/uploads\/2023\/11\/Chauffe-Cire-Professionnel-Kate.webp","datePublished":"2023-11-20T19:53:01+00:00","dateModified":"2025-08-11T09:34:00+00:00","description":"The Professional Wax Warmer Kate 1000 ML offers unmatched performance. Fast heating, extended capacity and adaptability to all professional waxes!","breadcrumb":{"@id":"https:\/\/groupecoiff.com\/produit\/chauffe-cire-professionnel-kate-1000-ml\/#breadcrumb"},"inLanguage":"en-US","potentialAction":[{"@type":"ReadAction","target":["https:\/\/groupecoiff.com\/produit\/chauffe-cire-professionnel-kate-1000-ml\/"]}]},{"@type":"ImageObject","inLanguage":"en-US","@id":"https:\/\/groupecoiff.com\/produit\/chauffe-cire-professionnel-kate-1000-ml\/#primaryimage","url":"https:\/\/groupecoiff.com\/wp-content\/uploads\/2023\/11\/Chauffe-Cire-Professionnel-Kate.webp","contentUrl":"https:\/\/groupecoiff.com\/wp-content\/uploads\/2023\/11\/Chauffe-Cire-Professionnel-Kate.webp","width":1080,"height":1080,"caption":"Le Chauffe Cire Professionnel Kate 1000 ML offre des performances in\u00e9gal\u00e9es. Chauffage rapide, capacit\u00e9 \u00e9tendue et adaptabilit\u00e9 \u00e0 toutes les cires professionnelles !"},{"@type":"BreadcrumbList","@id":"https:\/\/groupecoiff.com\/produit\/chauffe-cire-professionnel-kate-1000-ml\/#breadcrumb","itemListElement":[{"@type":"ListItem","position":1,"name":"Accueil","item":"https:\/\/groupecoiff.com\/"},{"@type":"ListItem","position":2,"name":"Boutique","item":"https:\/\/groupecoiff.com\/boutique\/"},{"@type":"ListItem","position":3,"name":"Chauffe Cire Professionnel Kate 1000 ML"}]},{"@type":"WebSite","@id":"https:\/\/groupecoiff.com\/#website","url":"https:\/\/groupecoiff.com\/","name":"Coiff Group","description":"Everything for the hairdresser","publisher":{"@id":"https:\/\/groupecoiff.com\/#organization"},"potentialAction":[{"@type":"SearchAction","target":{"@type":"EntryPoint","urlTemplate":"https:\/\/groupecoiff.com\/?s={search_term_string}"},"query-input":{"@type":"PropertyValueSpecification","valueRequired":true,"valueName":"search_term_string"}}],"inLanguage":"en-US"},{"@type":"Organization","@id":"https:\/\/groupecoiff.com\/#organization","name":"Coiff Group","alternateName":"Groupe Coiff : Le Mobilier De Coiffure Haut de Gamme Pour Une \u00c9l\u00e9gance In\u00e9gal\u00e9e","url":"https:\/\/groupecoiff.com\/","logo":{"@type":"ImageObject","inLanguage":"en-US","@id":"https:\/\/groupecoiff.com\/#\/schema\/logo\/image\/","url":"https:\/\/groupecoiff.com\/wp-content\/uploads\/2024\/01\/cropped-Groupe-Coiff-Logo.webp","contentUrl":"https:\/\/groupecoiff.com\/wp-content\/uploads\/2024\/01\/cropped-Groupe-Coiff-Logo.webp","width":512,"height":512,"caption":"Groupe Coiff"},"image":{"@id":"https:\/\/groupecoiff.com\/#\/schema\/logo\/image\/"},"sameAs":["https:\/\/www.facebook.com\/GroupeCoiff","https:\/\/x.com\/groupecoiff","https:\/\/www.instagram.com\/groupecoiff\/","https:\/\/www.tiktok.com\/@groupecoiff","https:\/\/www.youtube.com\/@groupecoiff","https:\/\/twitter.com\/groupecoiff","https:\/\/www.leboncoin.fr\/boutique\/3961302\/groupe_coiff.htm"],"description":"Discover Groupe Coiff's top-of-the-range hairdressing furniture, combining elegance and functionality to enhance your salon and satisfy your customers.","email":"contact@groupecoiff.com","telephone":"0676951605","legalName":"Groupe Coiff","foundingDate":"2022-11-16","vatID":"FR84921406419","taxID":"92140641900025"}]},"product_price_amount":"149.00","product_price_currency":"EUR","og_availability":"instock","product_availability":"instock","product_retailer_item_id":"3760402777738529858","product_condition":"new"},"jetpack_publicize_connections":[],"jetpack_likes_enabled":true,"jetpack_sharing_enabled":true,"_links":{"self":[{"href":"https:\/\/groupecoiff.com\/en\/wp-json\/wp\/v2\/product\/29858","targetHints":{"allow":["GET"]}}],"collection":[{"href":"https:\/\/groupecoiff.com\/en\/wp-json\/wp\/v2\/product"}],"about":[{"href":"https:\/\/groupecoiff.com\/en\/wp-json\/wp\/v2\/types\/product"}],"replies":[{"embeddable":true,"href":"https:\/\/groupecoiff.com\/en\/wp-json\/wp\/v2\/comments?post=29858"}],"version-history":[{"count":0,"href":"https:\/\/groupecoiff.com\/en\/wp-json\/wp\/v2\/product\/29858\/revisions"}],"wp:featuredmedia":[{"embeddable":true,"href":"https:\/\/groupecoiff.com\/en\/wp-json\/wp\/v2\/media\/29862"}],"wp:attachment":[{"href":"https:\/\/groupecoiff.com\/en\/wp-json\/wp\/v2\/media?parent=29858"}],"wp:term":[{"taxonomy":"product_brand","embeddable":true,"href":"https:\/\/groupecoiff.com\/en\/wp-json\/wp\/v2\/product_brand?post=29858"},{"taxonomy":"product_cat","embeddable":true,"href":"https:\/\/groupecoiff.com\/en\/wp-json\/wp\/v2\/product_cat?post=29858"},{"taxonomy":"product_tag","embeddable":true,"href":"https:\/\/groupecoiff.com\/en\/wp-json\/wp\/v2\/product_tag?post=29858"}],"curies":[{"name":"wp","href":"https:\/\/api.w.org\/{rel}","templated":true}]}}