{"id":29973,"date":"2023-12-02T23:27:34","date_gmt":"2023-12-02T22:27:34","guid":{"rendered":"https:\/\/groupecoiff.com\/?post_type=product&#038;p=29973"},"modified":"2024-08-29T20:46:10","modified_gmt":"2024-08-29T18:46:10","slug":"fauteuil-barbier-lawrence-black","status":"publish","type":"product","link":"https:\/\/groupecoiff.com\/en\/produit\/fauteuil-barbier-lawrence-black\/","title":{"rendered":"Lawrence Black barber chair"},"content":{"rendered":"<ul>\n<li>\n<h4><strong>Lawrence Black Barber Chair: Simplicity, Durability and Elegance<\/strong><\/h4>\n<p>La chaise barbier Lawrence Black incarne l&rsquo;alliance parfaite entre la simplicit\u00e9 d&rsquo;utilisation, la durabilit\u00e9 et l&rsquo;\u00e9l\u00e9gance. Elle offre un r\u00e9sultat optimal pour tout salon de barbier ou salon de beaut\u00e9.<\/p>\n<h4><strong>Description<\/strong><\/h4>\n<p>Le fauteuil de coiffure pour homme Lawrence Black est dot\u00e9 d\u2019une mousse haute densit\u00e9 pour le rembourrage. Son si\u00e8ge ergonomique assure un confort optimal d\u00e8s l\u2019installation du client. Il poss\u00e8de un dossier inclinable et un repose-t\u00eate amovible et r\u00e9glable. De plus, sa pompe hydraulique verrouillable offre une aisance de positionnement. Son frein r\u00e9glable garantit une s\u00e9curit\u00e9 suppl\u00e9mentaire.<\/p>\n<p>Le design classique du fauteuil barbier Lawrence Black est relev\u00e9 d\u2019une touche de modernit\u00e9 gr\u00e2ce \u00e0 son rev\u00eatement en similicuir et ses finitions matelass\u00e9es. Que vous recherchiez un salon de barbier classique ou un espace plus moderne. Ce fauteuil s\u2019adapte \u00e0 vos besoins, offrant \u00e0 la fois style et fonctionnalit\u00e9.<\/p>\n<p>Covered in faux leather, this men's styling chair combines ergonomics and versatility, adding a unique vintage touch to your barbershop while ensuring comfort and functionality.<\/p>\n<p><strong>Caract\u00e9ristiques<\/strong><\/p>\n<ul>\n<li>Cast aluminum structure<\/li>\n<li>Round chromed metal stand<\/li>\n<li>Wooden interior structure<\/li>\n<li>Adjustable aluminum footrest<\/li>\n<li>Removable and adjustable headrest<\/li>\n<li>High-density foam quickly springs back into place once the load has been lifted<\/li>\n<\/ul>\n<p>En plus, pour l&rsquo;achat d&rsquo;une chaise barbier vintage Lawrence Black, Group Coiff vous offre la livraison gratuite, assur\u00e9e dans les meilleurs d\u00e9lais en France comme ailleurs.<\/p>\n<p>Optez pour la simplicit\u00e9, la durabilit\u00e9 et l\u2019\u00e9l\u00e9gance avec la chaise barbier Lawrence Black, un choix s\u00fbr pour votre salon de coiffure ou de beaut\u00e9.<\/li>\n<\/ul>","protected":false},"excerpt":{"rendered":"<p>Lawrence Black vintage barber chair in black leather with stainless steel armrests and adjustable footrest. Comfortable, elegant and durable, it is perfect for modern hair salons.<\/p>","protected":false},"featured_media":29975,"comment_status":"open","ping_status":"closed","template":"","meta":{"googlesitekit_rrm_CAow0YCiDA:productID":"","jetpack_publicize_message":"","jetpack_publicize_feature_enabled":true,"jetpack_social_post_already_shared":true,"jetpack_social_options":{"image_generator_settings":{"template":"highway","default_image_id":0,"font":"","enabled":false},"version":2}},"product_brand":[],"product_cat":[51,313],"product_tag":[129,126,128,127,121,123,122,124,130,125],"class_list":{"0":"post-29973","1":"product","2":"type-product","3":"status-publish","4":"has-post-thumbnail","6":"product_cat-fauteuil-de-barbier-professionnel","7":"product_cat-meuble-de-coiffure","8":"product_tag-accoudoirs-en-acier-inoxydable","9":"product_tag-confortable","10":"product_tag-cuir-noir","11":"product_tag-elegant","12":"product_tag-fauteuil-barbier","13":"product_tag-fauteuil-de-barbier","14":"product_tag-fauteuil-de-coiffure","15":"product_tag-lawrence-black","16":"product_tag-repose-pieds-reglable","17":"product_tag-salon-de-coiffure","19":"first","20":"instock","21":"featured","22":"taxable","23":"shipping-taxable","24":"purchasable","25":"product-type-simple"},"yoast_head":"<!-- This site is optimized with the Yoast SEO Premium plugin v27.5 (Yoast SEO v27.5) - https:\/\/yoast.com\/product\/yoast-seo-premium-wordpress\/ -->\n<title>Fauteuil barbier Lawrence Black - Groupe Coiff<\/title>\n<meta name=\"description\" content=\"Le Fauteuil barbier Lawrence Black : l&#039;investissement id\u00e9al pour votre salon de coiffure. Ergonomie, design moderne et r\u00e9sultats exceptionnels garantis !\" \/>\n<meta name=\"robots\" content=\"index, follow, max-snippet:-1, max-image-preview:large, max-video-preview:-1\" \/>\n<link rel=\"canonical\" href=\"https:\/\/groupecoiff.com\/en\/product-2\/fauteuil-barbier-lawrence-black\/\" \/>\n<meta property=\"og:locale\" content=\"en_US\" \/>\n<meta property=\"og:type\" content=\"article\" \/>\n<meta property=\"og:title\" content=\"Fauteuil barbier Lawrence Black\" \/>\n<meta property=\"og:description\" content=\"Le Fauteuil barbier Lawrence Black : l&#039;investissement id\u00e9al pour votre salon de coiffure. Ergonomie, design moderne et r\u00e9sultats exceptionnels garantis !\" \/>\n<meta property=\"og:url\" content=\"https:\/\/groupecoiff.com\/en\/product-2\/fauteuil-barbier-lawrence-black\/\" \/>\n<meta property=\"og:site_name\" content=\"Groupe Coiff\" \/>\n<meta property=\"article:publisher\" content=\"https:\/\/www.facebook.com\/GroupeCoiff\" \/>\n<meta property=\"article:modified_time\" content=\"2024-08-29T18:46:10+00:00\" \/>\n<meta property=\"og:image\" content=\"https:\/\/groupecoiff.com\/wp-content\/uploads\/2023\/12\/Fauteuil-barbier-vintage-Lawrence-Black-2.webp\" \/>\n\t<meta property=\"og:image:width\" content=\"1080\" \/>\n\t<meta property=\"og:image:height\" content=\"1080\" \/>\n\t<meta property=\"og:image:type\" content=\"image\/webp\" \/>\n<meta name=\"twitter:card\" content=\"summary_large_image\" \/>\n<meta name=\"twitter:site\" content=\"@groupecoiff\" \/>\n<meta name=\"twitter:label1\" content=\"Price\" \/>\n\t<meta name=\"twitter:data1\" content=\"599,00&nbsp;&euro;\" \/>\n\t<meta name=\"twitter:label2\" content=\"Availability\" \/>\n\t<meta name=\"twitter:data2\" content=\"In stock\" \/>\n<script type=\"application\/ld+json\" class=\"yoast-schema-graph\">{\"@context\":\"https:\\\/\\\/schema.org\",\"@graph\":[{\"@type\":\"WebPage\",\"@id\":\"https:\\\/\\\/groupecoiff.com\\\/produit\\\/fauteuil-barbier-lawrence-black\\\/\",\"url\":\"https:\\\/\\\/groupecoiff.com\\\/produit\\\/fauteuil-barbier-lawrence-black\\\/\",\"name\":\"Fauteuil barbier Lawrence Black - Groupe Coiff\",\"isPartOf\":{\"@id\":\"https:\\\/\\\/groupecoiff.com\\\/#website\"},\"primaryImageOfPage\":{\"@id\":\"https:\\\/\\\/groupecoiff.com\\\/produit\\\/fauteuil-barbier-lawrence-black\\\/#primaryimage\"},\"image\":{\"@id\":\"https:\\\/\\\/groupecoiff.com\\\/produit\\\/fauteuil-barbier-lawrence-black\\\/#primaryimage\"},\"thumbnailUrl\":\"https:\\\/\\\/groupecoiff.com\\\/wp-content\\\/uploads\\\/2023\\\/12\\\/Fauteuil-barbier-vintage-Lawrence-Black-2.webp\",\"datePublished\":\"2023-12-02T22:27:34+00:00\",\"dateModified\":\"2024-08-29T18:46:10+00:00\",\"description\":\"Le Fauteuil barbier Lawrence Black : l'investissement id\u00e9al pour votre salon de coiffure. Ergonomie, design moderne et r\u00e9sultats exceptionnels garantis !\",\"breadcrumb\":{\"@id\":\"https:\\\/\\\/groupecoiff.com\\\/produit\\\/fauteuil-barbier-lawrence-black\\\/#breadcrumb\"},\"inLanguage\":\"en-US\",\"potentialAction\":[{\"@type\":\"ReadAction\",\"target\":[\"https:\\\/\\\/groupecoiff.com\\\/produit\\\/fauteuil-barbier-lawrence-black\\\/\"]}]},{\"@type\":\"ImageObject\",\"inLanguage\":\"en-US\",\"@id\":\"https:\\\/\\\/groupecoiff.com\\\/produit\\\/fauteuil-barbier-lawrence-black\\\/#primaryimage\",\"url\":\"https:\\\/\\\/groupecoiff.com\\\/wp-content\\\/uploads\\\/2023\\\/12\\\/Fauteuil-barbier-vintage-Lawrence-Black-2.webp\",\"contentUrl\":\"https:\\\/\\\/groupecoiff.com\\\/wp-content\\\/uploads\\\/2023\\\/12\\\/Fauteuil-barbier-vintage-Lawrence-Black-2.webp\",\"width\":1080,\"height\":1080,\"caption\":\"Fauteuil barbier vintage Lawrence Black fauteuil barbier fauteuil de coiffure pour homme chaise barbier vintage\"},{\"@type\":\"BreadcrumbList\",\"@id\":\"https:\\\/\\\/groupecoiff.com\\\/produit\\\/fauteuil-barbier-lawrence-black\\\/#breadcrumb\",\"itemListElement\":[{\"@type\":\"ListItem\",\"position\":1,\"name\":\"Accueil\",\"item\":\"https:\\\/\\\/groupecoiff.com\\\/\"},{\"@type\":\"ListItem\",\"position\":2,\"name\":\"Boutique\",\"item\":\"https:\\\/\\\/groupecoiff.com\\\/en\\\/boutique\\\/\"},{\"@type\":\"ListItem\",\"position\":3,\"name\":\"Fauteuil barbier Lawrence Black\"}]},{\"@type\":\"WebSite\",\"@id\":\"https:\\\/\\\/groupecoiff.com\\\/#website\",\"url\":\"https:\\\/\\\/groupecoiff.com\\\/\",\"name\":\"Groupe Coiff\",\"description\":\"Tout pour la coiffure\",\"publisher\":{\"@id\":\"https:\\\/\\\/groupecoiff.com\\\/#organization\"},\"potentialAction\":[{\"@type\":\"SearchAction\",\"target\":{\"@type\":\"EntryPoint\",\"urlTemplate\":\"https:\\\/\\\/groupecoiff.com\\\/?s={search_term_string}\"},\"query-input\":{\"@type\":\"PropertyValueSpecification\",\"valueRequired\":true,\"valueName\":\"search_term_string\"}}],\"inLanguage\":\"en-US\"},{\"@type\":\"Organization\",\"@id\":\"https:\\\/\\\/groupecoiff.com\\\/#organization\",\"name\":\"Groupe Coiff\",\"alternateName\":\"Groupe Coiff : Le Mobilier De Coiffure Haut de Gamme Pour Une \u00c9l\u00e9gance In\u00e9gal\u00e9e\",\"url\":\"https:\\\/\\\/groupecoiff.com\\\/\",\"logo\":{\"@type\":\"ImageObject\",\"inLanguage\":\"en-US\",\"@id\":\"https:\\\/\\\/groupecoiff.com\\\/#\\\/schema\\\/logo\\\/image\\\/\",\"url\":\"https:\\\/\\\/groupecoiff.com\\\/wp-content\\\/uploads\\\/2024\\\/01\\\/cropped-Groupe-Coiff-Logo.webp\",\"contentUrl\":\"https:\\\/\\\/groupecoiff.com\\\/wp-content\\\/uploads\\\/2024\\\/01\\\/cropped-Groupe-Coiff-Logo.webp\",\"width\":512,\"height\":512,\"caption\":\"Groupe Coiff\"},\"image\":{\"@id\":\"https:\\\/\\\/groupecoiff.com\\\/#\\\/schema\\\/logo\\\/image\\\/\"},\"sameAs\":[\"https:\\\/\\\/www.facebook.com\\\/GroupeCoiff\",\"https:\\\/\\\/x.com\\\/groupecoiff\",\"https:\\\/\\\/www.instagram.com\\\/groupecoiff\\\/\",\"https:\\\/\\\/www.tiktok.com\\\/@groupecoiff\",\"https:\\\/\\\/www.youtube.com\\\/@groupecoiff\",\"https:\\\/\\\/twitter.com\\\/groupecoiff\",\"https:\\\/\\\/www.leboncoin.fr\\\/boutique\\\/3961302\\\/groupe_coiff.htm\"],\"description\":\"D\u00e9couvrez le mobilier de coiffure haut de gamme de Groupe Coiff, alliant \u00e9l\u00e9gance et fonctionnalit\u00e9 pour sublimer votre salon et satisfaire vos clients.\",\"email\":\"contact@groupecoiff.com\",\"telephone\":\"0676951605\",\"legalName\":\"Groupe Coiff\",\"foundingDate\":\"2022-11-16\",\"vatID\":\"FR84921406419\",\"taxID\":\"92140641900025\"}]}<\/script>\n<meta property=\"product:price:amount\" content=\"599.00\" \/>\n<meta property=\"product:price:currency\" content=\"EUR\" \/>\n<meta property=\"og:availability\" content=\"instock\" \/>\n<meta property=\"product:availability\" content=\"instock\" \/>\n<meta property=\"product:condition\" content=\"new\" \/>\n<!-- \/ Yoast SEO Premium plugin. -->","yoast_head_json":{"title":"Lawrence Black Barber Chair - Groupe Coiff","description":"Le fauteuil barbier Lawrence : l'investissement id\u00e9al pour votre salon de coiffure. Ergonomie, design moderne et r\u00e9sultats exceptionnels garantis !","robots":{"index":"index","follow":"follow","max-snippet":"max-snippet:-1","max-image-preview":"max-image-preview:large","max-video-preview":"max-video-preview:-1"},"canonical":"https:\/\/groupecoiff.com\/en\/product-2\/fauteuil-barbier-lawrence-black\/","og_locale":"en_US","og_type":"article","og_title":"Fauteuil barbier Lawrence Black","og_description":"Le Fauteuil barbier Lawrence Black : l'investissement id\u00e9al pour votre salon de coiffure. Ergonomie, design moderne et r\u00e9sultats exceptionnels garantis !","og_url":"https:\/\/groupecoiff.com\/en\/product-2\/fauteuil-barbier-lawrence-black\/","og_site_name":"Groupe Coiff","article_publisher":"https:\/\/www.facebook.com\/GroupeCoiff","article_modified_time":"2024-08-29T18:46:10+00:00","og_image":[{"width":1080,"height":1080,"url":"https:\/\/groupecoiff.com\/wp-content\/uploads\/2023\/12\/Fauteuil-barbier-vintage-Lawrence-Black-2.webp","type":"image\/webp"}],"twitter_card":"summary_large_image","twitter_site":"@groupecoiff","twitter_misc":{"Price":"599,00&nbsp;&euro;","Availability":"In stock"},"schema":{"@context":"https:\/\/schema.org","@graph":[{"@type":"WebPage","@id":"https:\/\/groupecoiff.com\/produit\/fauteuil-barbier-lawrence-black\/","url":"https:\/\/groupecoiff.com\/produit\/fauteuil-barbier-lawrence-black\/","name":"Lawrence Black Barber Chair - Groupe Coiff","isPartOf":{"@id":"https:\/\/groupecoiff.com\/#website"},"primaryImageOfPage":{"@id":"https:\/\/groupecoiff.com\/produit\/fauteuil-barbier-lawrence-black\/#primaryimage"},"image":{"@id":"https:\/\/groupecoiff.com\/produit\/fauteuil-barbier-lawrence-black\/#primaryimage"},"thumbnailUrl":"https:\/\/groupecoiff.com\/wp-content\/uploads\/2023\/12\/Fauteuil-barbier-vintage-Lawrence-Black-2.webp","datePublished":"2023-12-02T22:27:34+00:00","dateModified":"2024-08-29T18:46:10+00:00","description":"Le fauteuil barbier Lawrence : l'investissement id\u00e9al pour votre salon de coiffure. Ergonomie, design moderne et r\u00e9sultats exceptionnels garantis !","breadcrumb":{"@id":"https:\/\/groupecoiff.com\/produit\/fauteuil-barbier-lawrence-black\/#breadcrumb"},"inLanguage":"en-US","potentialAction":[{"@type":"ReadAction","target":["https:\/\/groupecoiff.com\/produit\/fauteuil-barbier-lawrence-black\/"]}]},{"@type":"ImageObject","inLanguage":"en-US","@id":"https:\/\/groupecoiff.com\/produit\/fauteuil-barbier-lawrence-black\/#primaryimage","url":"https:\/\/groupecoiff.com\/wp-content\/uploads\/2023\/12\/Fauteuil-barbier-vintage-Lawrence-Black-2.webp","contentUrl":"https:\/\/groupecoiff.com\/wp-content\/uploads\/2023\/12\/Fauteuil-barbier-vintage-Lawrence-Black-2.webp","width":1080,"height":1080,"caption":"Fauteuil barbier vintage Lawrence Black fauteuil barbier fauteuil de coiffure pour homme chaise barbier vintage"},{"@type":"BreadcrumbList","@id":"https:\/\/groupecoiff.com\/produit\/fauteuil-barbier-lawrence-black\/#breadcrumb","itemListElement":[{"@type":"ListItem","position":1,"name":"Accueil","item":"https:\/\/groupecoiff.com\/"},{"@type":"ListItem","position":2,"name":"Boutique","item":"https:\/\/groupecoiff.com\/en\/boutique\/"},{"@type":"ListItem","position":3,"name":"Fauteuil barbier Lawrence Black"}]},{"@type":"WebSite","@id":"https:\/\/groupecoiff.com\/#website","url":"https:\/\/groupecoiff.com\/","name":"Coiff Group","description":"Everything for the hairdresser","publisher":{"@id":"https:\/\/groupecoiff.com\/#organization"},"potentialAction":[{"@type":"SearchAction","target":{"@type":"EntryPoint","urlTemplate":"https:\/\/groupecoiff.com\/?s={search_term_string}"},"query-input":{"@type":"PropertyValueSpecification","valueRequired":true,"valueName":"search_term_string"}}],"inLanguage":"en-US"},{"@type":"Organization","@id":"https:\/\/groupecoiff.com\/#organization","name":"Coiff Group","alternateName":"Groupe Coiff : Le Mobilier De Coiffure Haut de Gamme Pour Une \u00c9l\u00e9gance In\u00e9gal\u00e9e","url":"https:\/\/groupecoiff.com\/","logo":{"@type":"ImageObject","inLanguage":"en-US","@id":"https:\/\/groupecoiff.com\/#\/schema\/logo\/image\/","url":"https:\/\/groupecoiff.com\/wp-content\/uploads\/2024\/01\/cropped-Groupe-Coiff-Logo.webp","contentUrl":"https:\/\/groupecoiff.com\/wp-content\/uploads\/2024\/01\/cropped-Groupe-Coiff-Logo.webp","width":512,"height":512,"caption":"Groupe Coiff"},"image":{"@id":"https:\/\/groupecoiff.com\/#\/schema\/logo\/image\/"},"sameAs":["https:\/\/www.facebook.com\/GroupeCoiff","https:\/\/x.com\/groupecoiff","https:\/\/www.instagram.com\/groupecoiff\/","https:\/\/www.tiktok.com\/@groupecoiff","https:\/\/www.youtube.com\/@groupecoiff","https:\/\/twitter.com\/groupecoiff","https:\/\/www.leboncoin.fr\/boutique\/3961302\/groupe_coiff.htm"],"description":"Discover Groupe Coiff's top-of-the-range hairdressing furniture, combining elegance and functionality to enhance your salon and satisfy your customers.","email":"contact@groupecoiff.com","telephone":"0676951605","legalName":"Groupe Coiff","foundingDate":"2022-11-16","vatID":"FR84921406419","taxID":"92140641900025"}]},"product_price_amount":"599.00","product_price_currency":"EUR","og_availability":"instock","product_availability":"instock","product_condition":"new"},"jetpack_publicize_connections":[],"jetpack_likes_enabled":true,"jetpack_sharing_enabled":true,"_links":{"self":[{"href":"https:\/\/groupecoiff.com\/en\/wp-json\/wp\/v2\/product\/29973","targetHints":{"allow":["GET"]}}],"collection":[{"href":"https:\/\/groupecoiff.com\/en\/wp-json\/wp\/v2\/product"}],"about":[{"href":"https:\/\/groupecoiff.com\/en\/wp-json\/wp\/v2\/types\/product"}],"replies":[{"embeddable":true,"href":"https:\/\/groupecoiff.com\/en\/wp-json\/wp\/v2\/comments?post=29973"}],"version-history":[{"count":0,"href":"https:\/\/groupecoiff.com\/en\/wp-json\/wp\/v2\/product\/29973\/revisions"}],"wp:featuredmedia":[{"embeddable":true,"href":"https:\/\/groupecoiff.com\/en\/wp-json\/wp\/v2\/media\/29975"}],"wp:attachment":[{"href":"https:\/\/groupecoiff.com\/en\/wp-json\/wp\/v2\/media?parent=29973"}],"wp:term":[{"taxonomy":"product_brand","embeddable":true,"href":"https:\/\/groupecoiff.com\/en\/wp-json\/wp\/v2\/product_brand?post=29973"},{"taxonomy":"product_cat","embeddable":true,"href":"https:\/\/groupecoiff.com\/en\/wp-json\/wp\/v2\/product_cat?post=29973"},{"taxonomy":"product_tag","embeddable":true,"href":"https:\/\/groupecoiff.com\/en\/wp-json\/wp\/v2\/product_tag?post=29973"}],"curies":[{"name":"wp","href":"https:\/\/api.w.org\/{rel}","templated":true}]}}