{"id":30143,"date":"2023-12-11T08:13:39","date_gmt":"2023-12-11T07:13:39","guid":{"rendered":"https:\/\/groupecoiff.com\/?post_type=product&#038;p=30143"},"modified":"2026-03-13T12:15:22","modified_gmt":"2026-03-13T11:15:22","slug":"bac-a-shampooing-professionnel-throx","status":"publish","type":"product","link":"https:\/\/groupecoiff.com\/en\/produit\/bac-a-shampooing-professionnel-throx\/","title":{"rendered":"THROX professional shampoo container"},"content":{"rendered":"<ul>\n<li><strong>THROX Professional Shampoo Tray: Compact Elegance and Space Savings<\/strong>\n<p>Discover the THROX Small Shampoo Tray, the smart, affordable solution for space-saving hairdressers and barbers. Its elegant design and compact construction make it the ideal choice for those looking for efficiency without compromising on style.<\/p>\n<p><strong>Compact design, low cost<\/strong><\/p>\n<p>The THROX professional wash tub offers a pleasant shampooing experience without sacrificing space or budget. Its tilting ceramic nozzle, adapted to the nape of the neck, provides unrivalled relaxation. High-quality black leather upholstery adds a touch of sophistication.<\/p>\n<p><strong>Features of the THROX Professional Shampoo Tray<\/strong><\/p>\n<ul>\n<li>Dimensions: 58x110x102.5 cm<\/li>\n<li>Weight: 36 kg<\/li>\n<li>Cladding : PVC<\/li>\n<\/ul>\n<p><strong>Take care of your hair with THROX<\/strong><\/p>\n<p>The THROX professional wash basin offers the ultimate in functionality at an affordable price. Transform your salon with this essential piece of hairdressing furniture. Order now and make the most of your space while offering your customers an exceptional shampooing experience.<\/li>\n<\/ul>","protected":false},"excerpt":{"rendered":"<p>Take care of your clients with the THROX professional wash basin. Smart design, affordable cost. Ideal for hair salons and barbers!<\/p>","protected":false},"featured_media":30145,"comment_status":"open","ping_status":"closed","template":"","meta":{"googlesitekit_rrm_CAow0YCiDA:productID":"","jetpack_publicize_message":"","jetpack_publicize_feature_enabled":true,"jetpack_social_post_already_shared":true,"jetpack_social_options":{"image_generator_settings":{"template":"highway","default_image_id":0,"font":"","enabled":false},"version":2}},"product_brand":[],"product_cat":[44,313],"product_tag":[],"class_list":{"0":"post-30143","1":"product","2":"type-product","3":"status-publish","4":"has-post-thumbnail","6":"product_cat-bac-de-lavage","7":"product_cat-meuble-de-coiffure","9":"first","10":"outofstock","11":"featured","12":"taxable","13":"shipping-taxable","14":"purchasable","15":"product-type-simple"},"yoast_head":"<!-- This site is optimized with the Yoast SEO Premium plugin v27.5 (Yoast SEO v27.5) - https:\/\/yoast.com\/product\/yoast-seo-premium-wordpress\/ -->\n<title>Bac \u00e0 Shampoing THROX | Id\u00e9al pour Salons Peu Encombrants - Groupe Coiff<\/title>\n<meta name=\"description\" content=\"D\u00e9couvrez le confort et l&#039;\u00e9conomie avec le Bac \u00e0 Shampoing professionnel THROX. Compact, design raffin\u00e9. Id\u00e9al pour les professionnels de la coiffure !\" \/>\n<meta name=\"robots\" content=\"index, follow, max-snippet:-1, max-image-preview:large, max-video-preview:-1\" \/>\n<link rel=\"canonical\" href=\"https:\/\/groupecoiff.com\/en\/product-2\/bac-a-shampooing-professionnel-throx\/\" \/>\n<meta property=\"og:locale\" content=\"en_US\" \/>\n<meta property=\"og:type\" content=\"article\" \/>\n<meta property=\"og:title\" content=\"Bac \u00e0 Shampoing professionnel THROX\" \/>\n<meta property=\"og:description\" content=\"D\u00e9couvrez le confort et l&#039;\u00e9conomie avec le Bac \u00e0 Shampoing professionnel THROX. Compact, design raffin\u00e9. Id\u00e9al pour les professionnels de la coiffure !\" \/>\n<meta property=\"og:url\" content=\"https:\/\/groupecoiff.com\/en\/product-2\/bac-a-shampooing-professionnel-throx\/\" \/>\n<meta property=\"og:site_name\" content=\"Groupe Coiff\" \/>\n<meta property=\"article:publisher\" content=\"https:\/\/www.facebook.com\/GroupeCoiff\" \/>\n<meta property=\"article:modified_time\" content=\"2026-03-13T11:15:22+00:00\" \/>\n<meta property=\"og:image\" content=\"https:\/\/groupecoiff.com\/wp-content\/uploads\/2023\/12\/Bac-a-Shampooing-THROX-2.webp\" \/>\n\t<meta property=\"og:image:width\" content=\"1080\" \/>\n\t<meta property=\"og:image:height\" content=\"1080\" \/>\n\t<meta property=\"og:image:type\" content=\"image\/webp\" \/>\n<meta name=\"twitter:card\" content=\"summary_large_image\" \/>\n<meta name=\"twitter:site\" content=\"@groupecoiff\" \/>\n<meta name=\"twitter:label1\" content=\"Price\" \/>\n\t<meta name=\"twitter:data1\" content=\"449,00&nbsp;&euro;\" \/>\n\t<meta name=\"twitter:label2\" content=\"Availability\" \/>\n\t<meta name=\"twitter:data2\" content=\"Out of stock\" \/>\n<script type=\"application\/ld+json\" class=\"yoast-schema-graph\">{\"@context\":\"https:\\\/\\\/schema.org\",\"@graph\":[{\"@type\":\"WebPage\",\"@id\":\"https:\\\/\\\/groupecoiff.com\\\/produit\\\/bac-a-shampooing-professionnel-throx\\\/\",\"url\":\"https:\\\/\\\/groupecoiff.com\\\/produit\\\/bac-a-shampooing-professionnel-throx\\\/\",\"name\":\"Bac \u00e0 Shampoing THROX | Id\u00e9al pour Salons Peu Encombrants - Groupe Coiff\",\"isPartOf\":{\"@id\":\"https:\\\/\\\/groupecoiff.com\\\/#website\"},\"primaryImageOfPage\":{\"@id\":\"https:\\\/\\\/groupecoiff.com\\\/produit\\\/bac-a-shampooing-professionnel-throx\\\/#primaryimage\"},\"image\":{\"@id\":\"https:\\\/\\\/groupecoiff.com\\\/produit\\\/bac-a-shampooing-professionnel-throx\\\/#primaryimage\"},\"thumbnailUrl\":\"https:\\\/\\\/groupecoiff.com\\\/wp-content\\\/uploads\\\/2023\\\/12\\\/Bac-a-Shampooing-THROX-2.webp\",\"datePublished\":\"2023-12-11T07:13:39+00:00\",\"dateModified\":\"2026-03-13T11:15:22+00:00\",\"description\":\"D\u00e9couvrez le confort et l'\u00e9conomie avec le Bac \u00e0 Shampoing professionnel THROX. Compact, design raffin\u00e9. Id\u00e9al pour les professionnels de la coiffure !\",\"breadcrumb\":{\"@id\":\"https:\\\/\\\/groupecoiff.com\\\/produit\\\/bac-a-shampooing-professionnel-throx\\\/#breadcrumb\"},\"inLanguage\":\"en-US\",\"potentialAction\":[{\"@type\":\"ReadAction\",\"target\":[\"https:\\\/\\\/groupecoiff.com\\\/produit\\\/bac-a-shampooing-professionnel-throx\\\/\"]}]},{\"@type\":\"ImageObject\",\"inLanguage\":\"en-US\",\"@id\":\"https:\\\/\\\/groupecoiff.com\\\/produit\\\/bac-a-shampooing-professionnel-throx\\\/#primaryimage\",\"url\":\"https:\\\/\\\/groupecoiff.com\\\/wp-content\\\/uploads\\\/2023\\\/12\\\/Bac-a-Shampooing-THROX-2.webp\",\"contentUrl\":\"https:\\\/\\\/groupecoiff.com\\\/wp-content\\\/uploads\\\/2023\\\/12\\\/Bac-a-Shampooing-THROX-2.webp\",\"width\":1080,\"height\":1080,\"caption\":\"Bac \u00e0 Shampoing THROX: - Bac de lavage THROX, -Bac \u00e0 Shampoing salon de coiffure, Bac \u00e0 Shampoing professionnel THROX\"},{\"@type\":\"BreadcrumbList\",\"@id\":\"https:\\\/\\\/groupecoiff.com\\\/produit\\\/bac-a-shampooing-professionnel-throx\\\/#breadcrumb\",\"itemListElement\":[{\"@type\":\"ListItem\",\"position\":1,\"name\":\"Accueil\",\"item\":\"https:\\\/\\\/groupecoiff.com\\\/\"},{\"@type\":\"ListItem\",\"position\":2,\"name\":\"Boutique\",\"item\":\"https:\\\/\\\/groupecoiff.com\\\/en\\\/boutique\\\/\"},{\"@type\":\"ListItem\",\"position\":3,\"name\":\"Bac \u00e0 Shampoing professionnel THROX\"}]},{\"@type\":\"WebSite\",\"@id\":\"https:\\\/\\\/groupecoiff.com\\\/#website\",\"url\":\"https:\\\/\\\/groupecoiff.com\\\/\",\"name\":\"Groupe Coiff\",\"description\":\"Tout pour la coiffure\",\"publisher\":{\"@id\":\"https:\\\/\\\/groupecoiff.com\\\/#organization\"},\"potentialAction\":[{\"@type\":\"SearchAction\",\"target\":{\"@type\":\"EntryPoint\",\"urlTemplate\":\"https:\\\/\\\/groupecoiff.com\\\/?s={search_term_string}\"},\"query-input\":{\"@type\":\"PropertyValueSpecification\",\"valueRequired\":true,\"valueName\":\"search_term_string\"}}],\"inLanguage\":\"en-US\"},{\"@type\":\"Organization\",\"@id\":\"https:\\\/\\\/groupecoiff.com\\\/#organization\",\"name\":\"Groupe Coiff\",\"alternateName\":\"Groupe Coiff : Le Mobilier De Coiffure Haut de Gamme Pour Une \u00c9l\u00e9gance In\u00e9gal\u00e9e\",\"url\":\"https:\\\/\\\/groupecoiff.com\\\/\",\"logo\":{\"@type\":\"ImageObject\",\"inLanguage\":\"en-US\",\"@id\":\"https:\\\/\\\/groupecoiff.com\\\/#\\\/schema\\\/logo\\\/image\\\/\",\"url\":\"https:\\\/\\\/groupecoiff.com\\\/wp-content\\\/uploads\\\/2024\\\/01\\\/cropped-Groupe-Coiff-Logo.webp\",\"contentUrl\":\"https:\\\/\\\/groupecoiff.com\\\/wp-content\\\/uploads\\\/2024\\\/01\\\/cropped-Groupe-Coiff-Logo.webp\",\"width\":512,\"height\":512,\"caption\":\"Groupe Coiff\"},\"image\":{\"@id\":\"https:\\\/\\\/groupecoiff.com\\\/#\\\/schema\\\/logo\\\/image\\\/\"},\"sameAs\":[\"https:\\\/\\\/www.facebook.com\\\/GroupeCoiff\",\"https:\\\/\\\/x.com\\\/groupecoiff\",\"https:\\\/\\\/www.instagram.com\\\/groupecoiff\\\/\",\"https:\\\/\\\/www.tiktok.com\\\/@groupecoiff\",\"https:\\\/\\\/www.youtube.com\\\/@groupecoiff\",\"https:\\\/\\\/twitter.com\\\/groupecoiff\",\"https:\\\/\\\/www.leboncoin.fr\\\/boutique\\\/3961302\\\/groupe_coiff.htm\"],\"description\":\"D\u00e9couvrez le mobilier de coiffure haut de gamme de Groupe Coiff, alliant \u00e9l\u00e9gance et fonctionnalit\u00e9 pour sublimer votre salon et satisfaire vos clients.\",\"email\":\"contact@groupecoiff.com\",\"telephone\":\"0676951605\",\"legalName\":\"Groupe Coiff\",\"foundingDate\":\"2022-11-16\",\"vatID\":\"FR84921406419\",\"taxID\":\"92140641900025\"}]}<\/script>\n<meta property=\"product:price:amount\" content=\"449.00\" \/>\n<meta property=\"product:price:currency\" content=\"EUR\" \/>\n<meta property=\"og:availability\" content=\"out of stock\" \/>\n<meta property=\"product:availability\" content=\"out of stock\" \/>\n<meta property=\"product:condition\" content=\"new\" \/>\n<!-- \/ Yoast SEO Premium plugin. -->","yoast_head_json":{"title":"THROX Shampoo Bowl | Ideal for Space-Saving Salons - Coiff Group","description":"Discover comfort and economy with the THROX Professional Shampoo Bowl. Compact, refined design. Ideal for hair professionals!","robots":{"index":"index","follow":"follow","max-snippet":"max-snippet:-1","max-image-preview":"max-image-preview:large","max-video-preview":"max-video-preview:-1"},"canonical":"https:\/\/groupecoiff.com\/en\/product-2\/bac-a-shampooing-professionnel-throx\/","og_locale":"en_US","og_type":"article","og_title":"Bac \u00e0 Shampoing professionnel THROX","og_description":"D\u00e9couvrez le confort et l'\u00e9conomie avec le Bac \u00e0 Shampoing professionnel THROX. Compact, design raffin\u00e9. Id\u00e9al pour les professionnels de la coiffure !","og_url":"https:\/\/groupecoiff.com\/en\/product-2\/bac-a-shampooing-professionnel-throx\/","og_site_name":"Groupe Coiff","article_publisher":"https:\/\/www.facebook.com\/GroupeCoiff","article_modified_time":"2026-03-13T11:15:22+00:00","og_image":[{"width":1080,"height":1080,"url":"https:\/\/groupecoiff.com\/wp-content\/uploads\/2023\/12\/Bac-a-Shampooing-THROX-2.webp","type":"image\/webp"}],"twitter_card":"summary_large_image","twitter_site":"@groupecoiff","twitter_misc":{"Price":"449,00&nbsp;&euro;","Availability":"Out of stock"},"schema":{"@context":"https:\/\/schema.org","@graph":[{"@type":"WebPage","@id":"https:\/\/groupecoiff.com\/produit\/bac-a-shampooing-professionnel-throx\/","url":"https:\/\/groupecoiff.com\/produit\/bac-a-shampooing-professionnel-throx\/","name":"THROX Shampoo Bowl | Ideal for Space-Saving Salons - Coiff Group","isPartOf":{"@id":"https:\/\/groupecoiff.com\/#website"},"primaryImageOfPage":{"@id":"https:\/\/groupecoiff.com\/produit\/bac-a-shampooing-professionnel-throx\/#primaryimage"},"image":{"@id":"https:\/\/groupecoiff.com\/produit\/bac-a-shampooing-professionnel-throx\/#primaryimage"},"thumbnailUrl":"https:\/\/groupecoiff.com\/wp-content\/uploads\/2023\/12\/Bac-a-Shampooing-THROX-2.webp","datePublished":"2023-12-11T07:13:39+00:00","dateModified":"2026-03-13T11:15:22+00:00","description":"Discover comfort and economy with the THROX Professional Shampoo Bowl. Compact, refined design. Ideal for hair professionals!","breadcrumb":{"@id":"https:\/\/groupecoiff.com\/produit\/bac-a-shampooing-professionnel-throx\/#breadcrumb"},"inLanguage":"en-US","potentialAction":[{"@type":"ReadAction","target":["https:\/\/groupecoiff.com\/produit\/bac-a-shampooing-professionnel-throx\/"]}]},{"@type":"ImageObject","inLanguage":"en-US","@id":"https:\/\/groupecoiff.com\/produit\/bac-a-shampooing-professionnel-throx\/#primaryimage","url":"https:\/\/groupecoiff.com\/wp-content\/uploads\/2023\/12\/Bac-a-Shampooing-THROX-2.webp","contentUrl":"https:\/\/groupecoiff.com\/wp-content\/uploads\/2023\/12\/Bac-a-Shampooing-THROX-2.webp","width":1080,"height":1080,"caption":"Bac \u00e0 Shampoing THROX: - Bac de lavage THROX, -Bac \u00e0 Shampoing salon de coiffure, Bac \u00e0 Shampoing professionnel THROX"},{"@type":"BreadcrumbList","@id":"https:\/\/groupecoiff.com\/produit\/bac-a-shampooing-professionnel-throx\/#breadcrumb","itemListElement":[{"@type":"ListItem","position":1,"name":"Accueil","item":"https:\/\/groupecoiff.com\/"},{"@type":"ListItem","position":2,"name":"Boutique","item":"https:\/\/groupecoiff.com\/en\/boutique\/"},{"@type":"ListItem","position":3,"name":"Bac \u00e0 Shampoing professionnel THROX"}]},{"@type":"WebSite","@id":"https:\/\/groupecoiff.com\/#website","url":"https:\/\/groupecoiff.com\/","name":"Coiff Group","description":"Everything for the hairdresser","publisher":{"@id":"https:\/\/groupecoiff.com\/#organization"},"potentialAction":[{"@type":"SearchAction","target":{"@type":"EntryPoint","urlTemplate":"https:\/\/groupecoiff.com\/?s={search_term_string}"},"query-input":{"@type":"PropertyValueSpecification","valueRequired":true,"valueName":"search_term_string"}}],"inLanguage":"en-US"},{"@type":"Organization","@id":"https:\/\/groupecoiff.com\/#organization","name":"Coiff Group","alternateName":"Groupe Coiff : Le Mobilier De Coiffure Haut de Gamme Pour Une \u00c9l\u00e9gance In\u00e9gal\u00e9e","url":"https:\/\/groupecoiff.com\/","logo":{"@type":"ImageObject","inLanguage":"en-US","@id":"https:\/\/groupecoiff.com\/#\/schema\/logo\/image\/","url":"https:\/\/groupecoiff.com\/wp-content\/uploads\/2024\/01\/cropped-Groupe-Coiff-Logo.webp","contentUrl":"https:\/\/groupecoiff.com\/wp-content\/uploads\/2024\/01\/cropped-Groupe-Coiff-Logo.webp","width":512,"height":512,"caption":"Groupe Coiff"},"image":{"@id":"https:\/\/groupecoiff.com\/#\/schema\/logo\/image\/"},"sameAs":["https:\/\/www.facebook.com\/GroupeCoiff","https:\/\/x.com\/groupecoiff","https:\/\/www.instagram.com\/groupecoiff\/","https:\/\/www.tiktok.com\/@groupecoiff","https:\/\/www.youtube.com\/@groupecoiff","https:\/\/twitter.com\/groupecoiff","https:\/\/www.leboncoin.fr\/boutique\/3961302\/groupe_coiff.htm"],"description":"Discover Groupe Coiff's top-of-the-range hairdressing furniture, combining elegance and functionality to enhance your salon and satisfy your customers.","email":"contact@groupecoiff.com","telephone":"0676951605","legalName":"Groupe Coiff","foundingDate":"2022-11-16","vatID":"FR84921406419","taxID":"92140641900025"}]},"product_price_amount":"449.00","product_price_currency":"EUR","og_availability":"out of stock","product_availability":"out of stock","product_condition":"new"},"jetpack_publicize_connections":[],"jetpack_likes_enabled":true,"jetpack_sharing_enabled":true,"_links":{"self":[{"href":"https:\/\/groupecoiff.com\/en\/wp-json\/wp\/v2\/product\/30143","targetHints":{"allow":["GET"]}}],"collection":[{"href":"https:\/\/groupecoiff.com\/en\/wp-json\/wp\/v2\/product"}],"about":[{"href":"https:\/\/groupecoiff.com\/en\/wp-json\/wp\/v2\/types\/product"}],"replies":[{"embeddable":true,"href":"https:\/\/groupecoiff.com\/en\/wp-json\/wp\/v2\/comments?post=30143"}],"version-history":[{"count":1,"href":"https:\/\/groupecoiff.com\/en\/wp-json\/wp\/v2\/product\/30143\/revisions"}],"predecessor-version":[{"id":51101,"href":"https:\/\/groupecoiff.com\/en\/wp-json\/wp\/v2\/product\/30143\/revisions\/51101"}],"wp:featuredmedia":[{"embeddable":true,"href":"https:\/\/groupecoiff.com\/en\/wp-json\/wp\/v2\/media\/30145"}],"wp:attachment":[{"href":"https:\/\/groupecoiff.com\/en\/wp-json\/wp\/v2\/media?parent=30143"}],"wp:term":[{"taxonomy":"product_brand","embeddable":true,"href":"https:\/\/groupecoiff.com\/en\/wp-json\/wp\/v2\/product_brand?post=30143"},{"taxonomy":"product_cat","embeddable":true,"href":"https:\/\/groupecoiff.com\/en\/wp-json\/wp\/v2\/product_cat?post=30143"},{"taxonomy":"product_tag","embeddable":true,"href":"https:\/\/groupecoiff.com\/en\/wp-json\/wp\/v2\/product_tag?post=30143"}],"curies":[{"name":"wp","href":"https:\/\/api.w.org\/{rel}","templated":true}]}}