{"id":30810,"date":"2024-02-05T18:23:57","date_gmt":"2024-02-05T17:23:57","guid":{"rendered":"https:\/\/groupecoiff.com\/?post_type=product&#038;p=30810"},"modified":"2025-09-08T16:47:06","modified_gmt":"2025-09-08T14:47:06","slug":"presentoir-produits-de-beaute-reno","status":"publish","type":"product","link":"https:\/\/groupecoiff.com\/en\/produit\/presentoir-produits-de-beaute-reno\/","title":{"rendered":"Pr\u00e9sentoir Produits de Beaut\u00e9 Reno"},"content":{"rendered":"<ul>\n<li>\n<h4><strong>Pr\u00e9sentoir Produits de Beaut\u00e9 Reno \u2013 \u00c9l\u00e9gance Fonctionnelle Red\u00e9finie<\/strong><\/h4>\n<\/li>\n<\/ul>\n<p>Discover the refinement of <strong>Pr\u00e9sentoir Produits de Beaut\u00e9 Reno<\/strong>, une vitrine cosm\u00e9tique alliant \u00e9l\u00e9gance et fonctionnalit\u00e9, con\u00e7ue pour r\u00e9pondre aux exigences des espaces d\u2019accueil professionnels.<\/p>\n<h5><strong>Sophisticated Design and Versatility<\/strong><\/h5>\n<p>Cette vitrine de produits cosm\u00e9tique Reno, dot\u00e9e d\u2019un design en bois naturel plaqu\u00e9 et de moulures en bois massif, conf\u00e8re une touche de sophistication \u00e0 votre environnement professionnel. Son vernis noir, moderne et professionnel, s\u2019harmonise avec tous les styles de d\u00e9coration.<\/p>\n<h5><strong>\u00a0Organization and Efficiency<\/strong><\/h5>\n<p>The versatile furniture offers impeccable organization thanks to its displays equipped with removable drawers. The 12 spacious drawers allow efficient storage of various essential products, thus providing a practical and aesthetic solution for beauty industry businesses.<\/p>\n<h5><strong>Dimensions pr\u00e9cises<\/strong><\/h5>\n<ul>\n<li>Height: 90 cm<\/li>\n<li>Width: 100 cm<\/li>\n<li>Depth: 60 cm<\/li>\n<li>Weight: 75.5 kg<\/li>\n<li>Color: Black<\/li>\n<\/ul>","protected":false},"excerpt":{"rendered":"<p>Transformez votre environnement professionnel gr\u00e2ce \u00e0 la vitrine de produits cosm\u00e9tique Reno. Dot\u00e9 d&#039;un style noir contemporain chaleureux et intemporel, il vous offrira une touche de sophistication.<\/p>","protected":false},"featured_media":30817,"comment_status":"open","ping_status":"closed","template":"","meta":{"googlesitekit_rrm_CAow0YCiDA:productID":"","jetpack_publicize_message":"","jetpack_publicize_feature_enabled":true,"jetpack_social_post_already_shared":true,"jetpack_social_options":{"image_generator_settings":{"template":"highway","default_image_id":0,"font":"","enabled":false},"version":2}},"product_brand":[],"product_cat":[313,65],"product_tag":[],"class_list":{"0":"post-30810","1":"product","2":"type-product","3":"status-publish","4":"has-post-thumbnail","6":"product_cat-meuble-de-coiffure","7":"product_cat-presentoirs","9":"first","10":"instock","11":"featured","12":"taxable","13":"shipping-taxable","14":"purchasable","15":"product-type-simple"},"yoast_head":"<!-- This site is optimized with the Yoast SEO Premium plugin v27.5 (Yoast SEO v27.5) - https:\/\/yoast.com\/product\/yoast-seo-premium-wordpress\/ -->\n<title>Pr\u00e9sentoir Produits de Beaut\u00e9 Reno: Elegance &amp; Fonctionnalit\u00e9 - Groupe Coiff<\/title>\n<meta name=\"description\" content=\"D\u00e9couvrez l&#039;\u00e9l\u00e9gance et la fonctionnalit\u00e9 du Pr\u00e9sentoir Produits de Beaut\u00e9 Reno ! Style et sophistication sont assur\u00e9s pour votre espace professionnel \ud83d\ude0d\" \/>\n<meta name=\"robots\" content=\"index, follow, max-snippet:-1, max-image-preview:large, max-video-preview:-1\" \/>\n<link rel=\"canonical\" href=\"https:\/\/groupecoiff.com\/en\/product-2\/presentoir-produits-de-beaute-reno\/\" \/>\n<meta property=\"og:locale\" content=\"en_US\" \/>\n<meta property=\"og:type\" content=\"article\" \/>\n<meta property=\"og:title\" content=\"Pr\u00e9sentoir Produits de Beaut\u00e9 Reno\" \/>\n<meta property=\"og:description\" content=\"D\u00e9couvrez l&#039;\u00e9l\u00e9gance et la fonctionnalit\u00e9 du Pr\u00e9sentoir Produits de Beaut\u00e9 Reno ! Style et sophistication sont assur\u00e9s pour votre espace professionnel \ud83d\ude0d\" \/>\n<meta property=\"og:url\" content=\"https:\/\/groupecoiff.com\/en\/product-2\/presentoir-produits-de-beaute-reno\/\" \/>\n<meta property=\"og:site_name\" content=\"Groupe Coiff\" \/>\n<meta property=\"article:publisher\" content=\"https:\/\/www.facebook.com\/GroupeCoiff\" \/>\n<meta property=\"article:modified_time\" content=\"2025-09-08T14:47:06+00:00\" \/>\n<meta property=\"og:image\" content=\"https:\/\/groupecoiff.com\/wp-content\/uploads\/2024\/02\/Presentoir-Produits-de-Beaute-Reno-7.webp\" \/>\n\t<meta property=\"og:image:width\" content=\"1080\" \/>\n\t<meta property=\"og:image:height\" content=\"1080\" \/>\n\t<meta property=\"og:image:type\" content=\"image\/webp\" \/>\n<meta name=\"twitter:card\" content=\"summary_large_image\" \/>\n<meta name=\"twitter:site\" content=\"@groupecoiff\" \/>\n<meta name=\"twitter:label1\" content=\"Price\" \/>\n\t<meta name=\"twitter:data1\" content=\"990,00&nbsp;&euro;\" \/>\n\t<meta name=\"twitter:label2\" content=\"Availability\" \/>\n\t<meta name=\"twitter:data2\" content=\"In stock\" \/>\n<script type=\"application\/ld+json\" class=\"yoast-schema-graph\">{\"@context\":\"https:\\\/\\\/schema.org\",\"@graph\":[{\"@type\":\"WebPage\",\"@id\":\"https:\\\/\\\/groupecoiff.com\\\/produit\\\/presentoir-produits-de-beaute-reno\\\/\",\"url\":\"https:\\\/\\\/groupecoiff.com\\\/produit\\\/presentoir-produits-de-beaute-reno\\\/\",\"name\":\"Pr\u00e9sentoir Produits de Beaut\u00e9 Reno: Elegance & Fonctionnalit\u00e9 - Groupe Coiff\",\"isPartOf\":{\"@id\":\"https:\\\/\\\/groupecoiff.com\\\/#website\"},\"primaryImageOfPage\":{\"@id\":\"https:\\\/\\\/groupecoiff.com\\\/produit\\\/presentoir-produits-de-beaute-reno\\\/#primaryimage\"},\"image\":{\"@id\":\"https:\\\/\\\/groupecoiff.com\\\/produit\\\/presentoir-produits-de-beaute-reno\\\/#primaryimage\"},\"thumbnailUrl\":\"https:\\\/\\\/groupecoiff.com\\\/wp-content\\\/uploads\\\/2024\\\/02\\\/Presentoir-Produits-de-Beaute-Reno-7.webp\",\"datePublished\":\"2024-02-05T17:23:57+00:00\",\"dateModified\":\"2025-09-08T14:47:06+00:00\",\"description\":\"D\u00e9couvrez l'\u00e9l\u00e9gance et la fonctionnalit\u00e9 du Pr\u00e9sentoir Produits de Beaut\u00e9 Reno ! Style et sophistication sont assur\u00e9s pour votre espace professionnel \ud83d\ude0d\",\"breadcrumb\":{\"@id\":\"https:\\\/\\\/groupecoiff.com\\\/produit\\\/presentoir-produits-de-beaute-reno\\\/#breadcrumb\"},\"inLanguage\":\"en-US\",\"potentialAction\":[{\"@type\":\"ReadAction\",\"target\":[\"https:\\\/\\\/groupecoiff.com\\\/produit\\\/presentoir-produits-de-beaute-reno\\\/\"]}]},{\"@type\":\"ImageObject\",\"inLanguage\":\"en-US\",\"@id\":\"https:\\\/\\\/groupecoiff.com\\\/produit\\\/presentoir-produits-de-beaute-reno\\\/#primaryimage\",\"url\":\"https:\\\/\\\/groupecoiff.com\\\/wp-content\\\/uploads\\\/2024\\\/02\\\/Presentoir-Produits-de-Beaute-Reno-7.webp\",\"contentUrl\":\"https:\\\/\\\/groupecoiff.com\\\/wp-content\\\/uploads\\\/2024\\\/02\\\/Presentoir-Produits-de-Beaute-Reno-7.webp\",\"width\":1080,\"height\":1080,\"caption\":\"Pr\u00e9sentoir Produits de Beaut\u00e9 Reno - vitrine de produits cosm\u00e9tique Reno - Pr\u00e9sentoir salon de coiffure - Mobilier de coiffure professionnel - Pr\u00e9sentoir Produits de Beaut\u00e9\"},{\"@type\":\"BreadcrumbList\",\"@id\":\"https:\\\/\\\/groupecoiff.com\\\/produit\\\/presentoir-produits-de-beaute-reno\\\/#breadcrumb\",\"itemListElement\":[{\"@type\":\"ListItem\",\"position\":1,\"name\":\"Accueil\",\"item\":\"https:\\\/\\\/groupecoiff.com\\\/\"},{\"@type\":\"ListItem\",\"position\":2,\"name\":\"Boutique\",\"item\":\"https:\\\/\\\/groupecoiff.com\\\/en\\\/boutique\\\/\"},{\"@type\":\"ListItem\",\"position\":3,\"name\":\"Pr\u00e9sentoir Produits de Beaut\u00e9 Reno\"}]},{\"@type\":\"WebSite\",\"@id\":\"https:\\\/\\\/groupecoiff.com\\\/#website\",\"url\":\"https:\\\/\\\/groupecoiff.com\\\/\",\"name\":\"Groupe Coiff\",\"description\":\"Tout pour la coiffure\",\"publisher\":{\"@id\":\"https:\\\/\\\/groupecoiff.com\\\/#organization\"},\"potentialAction\":[{\"@type\":\"SearchAction\",\"target\":{\"@type\":\"EntryPoint\",\"urlTemplate\":\"https:\\\/\\\/groupecoiff.com\\\/?s={search_term_string}\"},\"query-input\":{\"@type\":\"PropertyValueSpecification\",\"valueRequired\":true,\"valueName\":\"search_term_string\"}}],\"inLanguage\":\"en-US\"},{\"@type\":\"Organization\",\"@id\":\"https:\\\/\\\/groupecoiff.com\\\/#organization\",\"name\":\"Groupe Coiff\",\"alternateName\":\"Groupe Coiff : Le Mobilier De Coiffure Haut de Gamme Pour Une \u00c9l\u00e9gance In\u00e9gal\u00e9e\",\"url\":\"https:\\\/\\\/groupecoiff.com\\\/\",\"logo\":{\"@type\":\"ImageObject\",\"inLanguage\":\"en-US\",\"@id\":\"https:\\\/\\\/groupecoiff.com\\\/#\\\/schema\\\/logo\\\/image\\\/\",\"url\":\"https:\\\/\\\/groupecoiff.com\\\/wp-content\\\/uploads\\\/2024\\\/01\\\/cropped-Groupe-Coiff-Logo.webp\",\"contentUrl\":\"https:\\\/\\\/groupecoiff.com\\\/wp-content\\\/uploads\\\/2024\\\/01\\\/cropped-Groupe-Coiff-Logo.webp\",\"width\":512,\"height\":512,\"caption\":\"Groupe Coiff\"},\"image\":{\"@id\":\"https:\\\/\\\/groupecoiff.com\\\/#\\\/schema\\\/logo\\\/image\\\/\"},\"sameAs\":[\"https:\\\/\\\/www.facebook.com\\\/GroupeCoiff\",\"https:\\\/\\\/x.com\\\/groupecoiff\",\"https:\\\/\\\/www.instagram.com\\\/groupecoiff\\\/\",\"https:\\\/\\\/www.tiktok.com\\\/@groupecoiff\",\"https:\\\/\\\/www.youtube.com\\\/@groupecoiff\",\"https:\\\/\\\/twitter.com\\\/groupecoiff\",\"https:\\\/\\\/www.leboncoin.fr\\\/boutique\\\/3961302\\\/groupe_coiff.htm\"],\"description\":\"D\u00e9couvrez le mobilier de coiffure haut de gamme de Groupe Coiff, alliant \u00e9l\u00e9gance et fonctionnalit\u00e9 pour sublimer votre salon et satisfaire vos clients.\",\"email\":\"contact@groupecoiff.com\",\"telephone\":\"0676951605\",\"legalName\":\"Groupe Coiff\",\"foundingDate\":\"2022-11-16\",\"vatID\":\"FR84921406419\",\"taxID\":\"92140641900025\"}]}<\/script>\n<meta property=\"product:price:amount\" content=\"990.00\" \/>\n<meta property=\"product:price:currency\" content=\"EUR\" \/>\n<meta property=\"og:availability\" content=\"instock\" \/>\n<meta property=\"product:availability\" content=\"instock\" \/>\n<meta property=\"product:condition\" content=\"new\" \/>\n<!-- \/ Yoast SEO Premium plugin. -->","yoast_head_json":{"title":"Pr\u00e9sentoir Produits de Beaut\u00e9 Reno: Elegance &amp; Fonctionnalit\u00e9 - Groupe Coiff","description":"Discover the elegance and functionality of the Reno Beauty Products Display Stand! Style and sophistication are guaranteed for your professional space \ud83d\ude0d","robots":{"index":"index","follow":"follow","max-snippet":"max-snippet:-1","max-image-preview":"max-image-preview:large","max-video-preview":"max-video-preview:-1"},"canonical":"https:\/\/groupecoiff.com\/en\/product-2\/presentoir-produits-de-beaute-reno\/","og_locale":"en_US","og_type":"article","og_title":"Pr\u00e9sentoir Produits de Beaut\u00e9 Reno","og_description":"D\u00e9couvrez l'\u00e9l\u00e9gance et la fonctionnalit\u00e9 du Pr\u00e9sentoir Produits de Beaut\u00e9 Reno ! Style et sophistication sont assur\u00e9s pour votre espace professionnel \ud83d\ude0d","og_url":"https:\/\/groupecoiff.com\/en\/product-2\/presentoir-produits-de-beaute-reno\/","og_site_name":"Groupe Coiff","article_publisher":"https:\/\/www.facebook.com\/GroupeCoiff","article_modified_time":"2025-09-08T14:47:06+00:00","og_image":[{"width":1080,"height":1080,"url":"https:\/\/groupecoiff.com\/wp-content\/uploads\/2024\/02\/Presentoir-Produits-de-Beaute-Reno-7.webp","type":"image\/webp"}],"twitter_card":"summary_large_image","twitter_site":"@groupecoiff","twitter_misc":{"Price":"990,00&nbsp;&euro;","Availability":"In stock"},"schema":{"@context":"https:\/\/schema.org","@graph":[{"@type":"WebPage","@id":"https:\/\/groupecoiff.com\/produit\/presentoir-produits-de-beaute-reno\/","url":"https:\/\/groupecoiff.com\/produit\/presentoir-produits-de-beaute-reno\/","name":"Pr\u00e9sentoir Produits de Beaut\u00e9 Reno: Elegance &amp; Fonctionnalit\u00e9 - Groupe Coiff","isPartOf":{"@id":"https:\/\/groupecoiff.com\/#website"},"primaryImageOfPage":{"@id":"https:\/\/groupecoiff.com\/produit\/presentoir-produits-de-beaute-reno\/#primaryimage"},"image":{"@id":"https:\/\/groupecoiff.com\/produit\/presentoir-produits-de-beaute-reno\/#primaryimage"},"thumbnailUrl":"https:\/\/groupecoiff.com\/wp-content\/uploads\/2024\/02\/Presentoir-Produits-de-Beaute-Reno-7.webp","datePublished":"2024-02-05T17:23:57+00:00","dateModified":"2025-09-08T14:47:06+00:00","description":"Discover the elegance and functionality of the Reno Beauty Products Display Stand! Style and sophistication are guaranteed for your professional space \ud83d\ude0d","breadcrumb":{"@id":"https:\/\/groupecoiff.com\/produit\/presentoir-produits-de-beaute-reno\/#breadcrumb"},"inLanguage":"en-US","potentialAction":[{"@type":"ReadAction","target":["https:\/\/groupecoiff.com\/produit\/presentoir-produits-de-beaute-reno\/"]}]},{"@type":"ImageObject","inLanguage":"en-US","@id":"https:\/\/groupecoiff.com\/produit\/presentoir-produits-de-beaute-reno\/#primaryimage","url":"https:\/\/groupecoiff.com\/wp-content\/uploads\/2024\/02\/Presentoir-Produits-de-Beaute-Reno-7.webp","contentUrl":"https:\/\/groupecoiff.com\/wp-content\/uploads\/2024\/02\/Presentoir-Produits-de-Beaute-Reno-7.webp","width":1080,"height":1080,"caption":"Pr\u00e9sentoir Produits de Beaut\u00e9 Reno - vitrine de produits cosm\u00e9tique Reno - Pr\u00e9sentoir salon de coiffure - Mobilier de coiffure professionnel - Pr\u00e9sentoir Produits de Beaut\u00e9"},{"@type":"BreadcrumbList","@id":"https:\/\/groupecoiff.com\/produit\/presentoir-produits-de-beaute-reno\/#breadcrumb","itemListElement":[{"@type":"ListItem","position":1,"name":"Accueil","item":"https:\/\/groupecoiff.com\/"},{"@type":"ListItem","position":2,"name":"Boutique","item":"https:\/\/groupecoiff.com\/en\/boutique\/"},{"@type":"ListItem","position":3,"name":"Pr\u00e9sentoir Produits de Beaut\u00e9 Reno"}]},{"@type":"WebSite","@id":"https:\/\/groupecoiff.com\/#website","url":"https:\/\/groupecoiff.com\/","name":"Coiff Group","description":"Everything for the hairdresser","publisher":{"@id":"https:\/\/groupecoiff.com\/#organization"},"potentialAction":[{"@type":"SearchAction","target":{"@type":"EntryPoint","urlTemplate":"https:\/\/groupecoiff.com\/?s={search_term_string}"},"query-input":{"@type":"PropertyValueSpecification","valueRequired":true,"valueName":"search_term_string"}}],"inLanguage":"en-US"},{"@type":"Organization","@id":"https:\/\/groupecoiff.com\/#organization","name":"Coiff Group","alternateName":"Groupe Coiff : Le Mobilier De Coiffure Haut de Gamme Pour Une \u00c9l\u00e9gance In\u00e9gal\u00e9e","url":"https:\/\/groupecoiff.com\/","logo":{"@type":"ImageObject","inLanguage":"en-US","@id":"https:\/\/groupecoiff.com\/#\/schema\/logo\/image\/","url":"https:\/\/groupecoiff.com\/wp-content\/uploads\/2024\/01\/cropped-Groupe-Coiff-Logo.webp","contentUrl":"https:\/\/groupecoiff.com\/wp-content\/uploads\/2024\/01\/cropped-Groupe-Coiff-Logo.webp","width":512,"height":512,"caption":"Groupe Coiff"},"image":{"@id":"https:\/\/groupecoiff.com\/#\/schema\/logo\/image\/"},"sameAs":["https:\/\/www.facebook.com\/GroupeCoiff","https:\/\/x.com\/groupecoiff","https:\/\/www.instagram.com\/groupecoiff\/","https:\/\/www.tiktok.com\/@groupecoiff","https:\/\/www.youtube.com\/@groupecoiff","https:\/\/twitter.com\/groupecoiff","https:\/\/www.leboncoin.fr\/boutique\/3961302\/groupe_coiff.htm"],"description":"Discover Groupe Coiff's top-of-the-range hairdressing furniture, combining elegance and functionality to enhance your salon and satisfy your customers.","email":"contact@groupecoiff.com","telephone":"0676951605","legalName":"Groupe Coiff","foundingDate":"2022-11-16","vatID":"FR84921406419","taxID":"92140641900025"}]},"product_price_amount":"990.00","product_price_currency":"EUR","og_availability":"instock","product_availability":"instock","product_condition":"new"},"jetpack_publicize_connections":[],"jetpack_likes_enabled":true,"jetpack_sharing_enabled":true,"_links":{"self":[{"href":"https:\/\/groupecoiff.com\/en\/wp-json\/wp\/v2\/product\/30810","targetHints":{"allow":["GET"]}}],"collection":[{"href":"https:\/\/groupecoiff.com\/en\/wp-json\/wp\/v2\/product"}],"about":[{"href":"https:\/\/groupecoiff.com\/en\/wp-json\/wp\/v2\/types\/product"}],"replies":[{"embeddable":true,"href":"https:\/\/groupecoiff.com\/en\/wp-json\/wp\/v2\/comments?post=30810"}],"version-history":[{"count":0,"href":"https:\/\/groupecoiff.com\/en\/wp-json\/wp\/v2\/product\/30810\/revisions"}],"wp:featuredmedia":[{"embeddable":true,"href":"https:\/\/groupecoiff.com\/en\/wp-json\/wp\/v2\/media\/30817"}],"wp:attachment":[{"href":"https:\/\/groupecoiff.com\/en\/wp-json\/wp\/v2\/media?parent=30810"}],"wp:term":[{"taxonomy":"product_brand","embeddable":true,"href":"https:\/\/groupecoiff.com\/en\/wp-json\/wp\/v2\/product_brand?post=30810"},{"taxonomy":"product_cat","embeddable":true,"href":"https:\/\/groupecoiff.com\/en\/wp-json\/wp\/v2\/product_cat?post=30810"},{"taxonomy":"product_tag","embeddable":true,"href":"https:\/\/groupecoiff.com\/en\/wp-json\/wp\/v2\/product_tag?post=30810"}],"curies":[{"name":"wp","href":"https:\/\/api.w.org\/{rel}","templated":true}]}}