{"id":31332,"date":"2024-02-28T21:20:13","date_gmt":"2024-02-28T20:20:13","guid":{"rendered":"https:\/\/groupecoiff.com\/?post_type=product&#038;p=31332"},"modified":"2024-05-08T15:12:20","modified_gmt":"2024-05-08T13:12:20","slug":"coiffeuse-barbier-vintage-oke-7br","status":"publish","type":"product","link":"https:\/\/groupecoiff.com\/en\/produit\/coiffeuse-barbier-vintage-oke-7br\/","title":{"rendered":"Vintage Barber Styling Station Oke 7BR"},"content":{"rendered":"<ul>\n<li><strong>D\u00e9couvrez la Coiffeuse Barbier Oke 7B : Alliant Style R\u00e9tro et Fonctionnalit\u00e9 Moderne<\/strong><\/li>\n<\/ul>\n<p>The <strong>Oke 7BR Barber Styling Chair<\/strong> offre un charme r\u00e9tro authentique pour votre salon de coiffure. Ses nombreux rangements simplifient l\u2019organisation de votre espace de travail.<\/p>\n<p><strong>Circular Mirror and Precise Dimensions for a Refined Vintage Style<\/strong><\/p>\n<p>Un miroir circulaire d\u2019un diam\u00e8tre de 80cm avec contours blancs et LED int\u00e9gr\u00e9es, vous permettant de travailler votre silhouette avec pr\u00e9cision dans les moindres d\u00e9tails.<\/p>\n<p><strong>Oke 7BR Vintage Styling Station: Protection and Durability Guaranteed<\/strong><\/p>\n<p>A glass plate protects the wood against splashes, ensuring its longevity. Made with quality materials, this styling station combines vintage style and modern robustness.<\/p>\n<p><strong>Key Features of the Oke 7BR Vintage Barber Furniture:<\/strong><\/p>\n<ul>\n<li>Light wood color<\/li>\n<li>2 drawers<\/li>\n<li>3 open spaces<\/li>\n<li>Metal handles<\/li>\n<li>Kit d&rsquo;\u00e9vacuation et robinetterie inclus<\/li>\n<\/ul>\n<p><strong>Commandez Votre Meuble de Coiffure Vintage Oke 7BR d\u00e8s Aujourd&rsquo;hui<\/strong><\/p>\n<p>Optez pour la Coiffeuse Barbier Vintage Oke 7B pour un espace de travail authentique et fonctionnel. Transformez votre salon avec ce meuble professionnel de qualit\u00e9.<\/p>","protected":false},"excerpt":{"rendered":"<p>Ajoutez une touche de sophistication vintage \u00e0 votre salon avec le Poste de Coiffage Vintage Oke 7B. Pratique, \u00e9l\u00e9gant et durable pour un espace de travail impeccable. \u2728<\/p>","protected":false},"featured_media":31311,"comment_status":"open","ping_status":"closed","template":"","meta":{"googlesitekit_rrm_CAow0YCiDA:productID":"","jetpack_publicize_message":"","jetpack_publicize_feature_enabled":true,"jetpack_social_post_already_shared":true,"jetpack_social_options":{"image_generator_settings":{"template":"highway","default_image_id":0,"font":"","enabled":false},"version":2}},"product_brand":[],"product_cat":[313,48],"product_tag":[],"class_list":{"0":"post-31332","1":"product","2":"type-product","3":"status-publish","4":"has-post-thumbnail","6":"product_cat-meuble-de-coiffure","7":"product_cat-poste-de-coiffage-professionnel","9":"first","10":"instock","11":"featured","12":"taxable","13":"shipping-taxable","14":"purchasable","15":"product-type-variable"},"yoast_head":"<!-- This site is optimized with the Yoast SEO Premium plugin v27.5 (Yoast SEO v27.5) - https:\/\/yoast.com\/product\/yoast-seo-premium-wordpress\/ -->\n<title>Coiffeuse Barbier Vintage Oke 7BR : Charme r\u00e9tro authentique - Groupe Coiff<\/title>\n<meta name=\"description\" content=\"Cr\u00e9ez un salon de coiffure unique avec la Coiffeuse Barbier Vintage Oke 7BR. Un design r\u00e9tro avec un miroir circulaire et de nombreux rangements\ud83d\udc88\" \/>\n<meta name=\"robots\" content=\"index, follow, max-snippet:-1, max-image-preview:large, max-video-preview:-1\" \/>\n<link rel=\"canonical\" href=\"https:\/\/groupecoiff.com\/en\/product-2\/coiffeuse-barbier-vintage-oke-7br\/\" \/>\n<meta property=\"og:locale\" content=\"en_US\" \/>\n<meta property=\"og:type\" content=\"article\" \/>\n<meta property=\"og:title\" content=\"Coiffeuse Barbier Vintage Oke 7BR\" \/>\n<meta property=\"og:description\" content=\"Cr\u00e9ez un salon de coiffure unique avec la Coiffeuse Barbier Vintage Oke 7BR. Un design r\u00e9tro avec un miroir circulaire et de nombreux rangements\ud83d\udc88\" \/>\n<meta property=\"og:url\" content=\"https:\/\/groupecoiff.com\/en\/product-2\/coiffeuse-barbier-vintage-oke-7br\/\" \/>\n<meta property=\"og:site_name\" content=\"Groupe Coiff\" \/>\n<meta property=\"article:publisher\" content=\"https:\/\/www.facebook.com\/GroupeCoiff\" \/>\n<meta property=\"article:modified_time\" content=\"2024-05-08T13:12:20+00:00\" \/>\n<meta property=\"og:image\" content=\"https:\/\/groupecoiff.com\/wp-content\/uploads\/2024\/02\/Coiffeuse-Barbier-Vintage-Oke-collection-4.webp\" \/>\n\t<meta property=\"og:image:width\" content=\"1080\" \/>\n\t<meta property=\"og:image:height\" content=\"1080\" \/>\n\t<meta property=\"og:image:type\" content=\"image\/webp\" \/>\n<meta name=\"twitter:card\" content=\"summary_large_image\" \/>\n<meta name=\"twitter:site\" content=\"@groupecoiff\" \/>\n<meta name=\"twitter:label1\" content=\"Availability\" \/>\n\t<meta name=\"twitter:data1\" content=\"In stock\" \/>\n<script type=\"application\/ld+json\" class=\"yoast-schema-graph\">{\"@context\":\"https:\\\/\\\/schema.org\",\"@graph\":[{\"@type\":\"WebPage\",\"@id\":\"https:\\\/\\\/groupecoiff.com\\\/produit\\\/coiffeuse-barbier-vintage-oke-7br\\\/\",\"url\":\"https:\\\/\\\/groupecoiff.com\\\/produit\\\/coiffeuse-barbier-vintage-oke-7br\\\/\",\"name\":\"Coiffeuse Barbier Vintage Oke 7BR : Charme r\u00e9tro authentique - Groupe Coiff\",\"isPartOf\":{\"@id\":\"https:\\\/\\\/groupecoiff.com\\\/#website\"},\"primaryImageOfPage\":{\"@id\":\"https:\\\/\\\/groupecoiff.com\\\/produit\\\/coiffeuse-barbier-vintage-oke-7br\\\/#primaryimage\"},\"image\":{\"@id\":\"https:\\\/\\\/groupecoiff.com\\\/produit\\\/coiffeuse-barbier-vintage-oke-7br\\\/#primaryimage\"},\"thumbnailUrl\":\"https:\\\/\\\/groupecoiff.com\\\/wp-content\\\/uploads\\\/2024\\\/02\\\/Coiffeuse-Barbier-Vintage-Oke-collection-4.webp\",\"datePublished\":\"2024-02-28T20:20:13+00:00\",\"dateModified\":\"2024-05-08T13:12:20+00:00\",\"description\":\"Cr\u00e9ez un salon de coiffure unique avec la Coiffeuse Barbier Vintage Oke 7BR. Un design r\u00e9tro avec un miroir circulaire et de nombreux rangements\ud83d\udc88\",\"breadcrumb\":{\"@id\":\"https:\\\/\\\/groupecoiff.com\\\/produit\\\/coiffeuse-barbier-vintage-oke-7br\\\/#breadcrumb\"},\"inLanguage\":\"en-US\",\"potentialAction\":[{\"@type\":\"ReadAction\",\"target\":[\"https:\\\/\\\/groupecoiff.com\\\/produit\\\/coiffeuse-barbier-vintage-oke-7br\\\/\"]}]},{\"@type\":\"ImageObject\",\"inLanguage\":\"en-US\",\"@id\":\"https:\\\/\\\/groupecoiff.com\\\/produit\\\/coiffeuse-barbier-vintage-oke-7br\\\/#primaryimage\",\"url\":\"https:\\\/\\\/groupecoiff.com\\\/wp-content\\\/uploads\\\/2024\\\/02\\\/Coiffeuse-Barbier-Vintage-Oke-collection-4.webp\",\"contentUrl\":\"https:\\\/\\\/groupecoiff.com\\\/wp-content\\\/uploads\\\/2024\\\/02\\\/Coiffeuse-Barbier-Vintage-Oke-collection-4.webp\",\"width\":1080,\"height\":1080,\"caption\":\"Coiffeuse Barbier Vintage Oke 7BR - Poste de Coiffage Vintage Oke 7BR - Meuble Barbier Vintage Oke 7BR - Meuble de coiffure Vintage Oke 7BR - mobilier de coiffure professionnel\"},{\"@type\":\"BreadcrumbList\",\"@id\":\"https:\\\/\\\/groupecoiff.com\\\/produit\\\/coiffeuse-barbier-vintage-oke-7br\\\/#breadcrumb\",\"itemListElement\":[{\"@type\":\"ListItem\",\"position\":1,\"name\":\"Accueil\",\"item\":\"https:\\\/\\\/groupecoiff.com\\\/\"},{\"@type\":\"ListItem\",\"position\":2,\"name\":\"Boutique\",\"item\":\"https:\\\/\\\/groupecoiff.com\\\/en\\\/boutique\\\/\"},{\"@type\":\"ListItem\",\"position\":3,\"name\":\"Coiffeuse Barbier Vintage Oke 7BR\"}]},{\"@type\":\"WebSite\",\"@id\":\"https:\\\/\\\/groupecoiff.com\\\/#website\",\"url\":\"https:\\\/\\\/groupecoiff.com\\\/\",\"name\":\"Groupe Coiff\",\"description\":\"Tout pour la coiffure\",\"publisher\":{\"@id\":\"https:\\\/\\\/groupecoiff.com\\\/#organization\"},\"potentialAction\":[{\"@type\":\"SearchAction\",\"target\":{\"@type\":\"EntryPoint\",\"urlTemplate\":\"https:\\\/\\\/groupecoiff.com\\\/?s={search_term_string}\"},\"query-input\":{\"@type\":\"PropertyValueSpecification\",\"valueRequired\":true,\"valueName\":\"search_term_string\"}}],\"inLanguage\":\"en-US\"},{\"@type\":\"Organization\",\"@id\":\"https:\\\/\\\/groupecoiff.com\\\/#organization\",\"name\":\"Groupe Coiff\",\"alternateName\":\"Groupe Coiff : Le Mobilier De Coiffure Haut de Gamme Pour Une \u00c9l\u00e9gance In\u00e9gal\u00e9e\",\"url\":\"https:\\\/\\\/groupecoiff.com\\\/\",\"logo\":{\"@type\":\"ImageObject\",\"inLanguage\":\"en-US\",\"@id\":\"https:\\\/\\\/groupecoiff.com\\\/#\\\/schema\\\/logo\\\/image\\\/\",\"url\":\"https:\\\/\\\/groupecoiff.com\\\/wp-content\\\/uploads\\\/2024\\\/01\\\/cropped-Groupe-Coiff-Logo.webp\",\"contentUrl\":\"https:\\\/\\\/groupecoiff.com\\\/wp-content\\\/uploads\\\/2024\\\/01\\\/cropped-Groupe-Coiff-Logo.webp\",\"width\":512,\"height\":512,\"caption\":\"Groupe Coiff\"},\"image\":{\"@id\":\"https:\\\/\\\/groupecoiff.com\\\/#\\\/schema\\\/logo\\\/image\\\/\"},\"sameAs\":[\"https:\\\/\\\/www.facebook.com\\\/GroupeCoiff\",\"https:\\\/\\\/x.com\\\/groupecoiff\",\"https:\\\/\\\/www.instagram.com\\\/groupecoiff\\\/\",\"https:\\\/\\\/www.tiktok.com\\\/@groupecoiff\",\"https:\\\/\\\/www.youtube.com\\\/@groupecoiff\",\"https:\\\/\\\/twitter.com\\\/groupecoiff\",\"https:\\\/\\\/www.leboncoin.fr\\\/boutique\\\/3961302\\\/groupe_coiff.htm\"],\"description\":\"D\u00e9couvrez le mobilier de coiffure haut de gamme de Groupe Coiff, alliant \u00e9l\u00e9gance et fonctionnalit\u00e9 pour sublimer votre salon et satisfaire vos clients.\",\"email\":\"contact@groupecoiff.com\",\"telephone\":\"0676951605\",\"legalName\":\"Groupe Coiff\",\"foundingDate\":\"2022-11-16\",\"vatID\":\"FR84921406419\",\"taxID\":\"92140641900025\"}]}<\/script>\n<meta property=\"og:availability\" content=\"instock\" \/>\n<meta property=\"product:availability\" content=\"instock\" \/>\n<meta property=\"product:condition\" content=\"new\" \/>\n<!-- \/ Yoast SEO Premium plugin. -->","yoast_head_json":{"title":"Vintage Barber Styling Station Oke 7BR: Authentic retro charm - Groupe Coiff","description":"Create a unique hair salon with the Vintage Barber Styling Station Oke 7BR. A retro design with a circular mirror and plenty of storage\ud83d\udc88","robots":{"index":"index","follow":"follow","max-snippet":"max-snippet:-1","max-image-preview":"max-image-preview:large","max-video-preview":"max-video-preview:-1"},"canonical":"https:\/\/groupecoiff.com\/en\/product-2\/coiffeuse-barbier-vintage-oke-7br\/","og_locale":"en_US","og_type":"article","og_title":"Coiffeuse Barbier Vintage Oke 7BR","og_description":"Cr\u00e9ez un salon de coiffure unique avec la Coiffeuse Barbier Vintage Oke 7BR. Un design r\u00e9tro avec un miroir circulaire et de nombreux rangements\ud83d\udc88","og_url":"https:\/\/groupecoiff.com\/en\/product-2\/coiffeuse-barbier-vintage-oke-7br\/","og_site_name":"Groupe Coiff","article_publisher":"https:\/\/www.facebook.com\/GroupeCoiff","article_modified_time":"2024-05-08T13:12:20+00:00","og_image":[{"width":1080,"height":1080,"url":"https:\/\/groupecoiff.com\/wp-content\/uploads\/2024\/02\/Coiffeuse-Barbier-Vintage-Oke-collection-4.webp","type":"image\/webp"}],"twitter_card":"summary_large_image","twitter_site":"@groupecoiff","twitter_misc":{"Availability":"In stock"},"schema":{"@context":"https:\/\/schema.org","@graph":[{"@type":"WebPage","@id":"https:\/\/groupecoiff.com\/produit\/coiffeuse-barbier-vintage-oke-7br\/","url":"https:\/\/groupecoiff.com\/produit\/coiffeuse-barbier-vintage-oke-7br\/","name":"Vintage Barber Styling Station Oke 7BR: Authentic retro charm - Groupe Coiff","isPartOf":{"@id":"https:\/\/groupecoiff.com\/#website"},"primaryImageOfPage":{"@id":"https:\/\/groupecoiff.com\/produit\/coiffeuse-barbier-vintage-oke-7br\/#primaryimage"},"image":{"@id":"https:\/\/groupecoiff.com\/produit\/coiffeuse-barbier-vintage-oke-7br\/#primaryimage"},"thumbnailUrl":"https:\/\/groupecoiff.com\/wp-content\/uploads\/2024\/02\/Coiffeuse-Barbier-Vintage-Oke-collection-4.webp","datePublished":"2024-02-28T20:20:13+00:00","dateModified":"2024-05-08T13:12:20+00:00","description":"Create a unique hair salon with the Vintage Barber Styling Station Oke 7BR. A retro design with a circular mirror and plenty of storage\ud83d\udc88","breadcrumb":{"@id":"https:\/\/groupecoiff.com\/produit\/coiffeuse-barbier-vintage-oke-7br\/#breadcrumb"},"inLanguage":"en-US","potentialAction":[{"@type":"ReadAction","target":["https:\/\/groupecoiff.com\/produit\/coiffeuse-barbier-vintage-oke-7br\/"]}]},{"@type":"ImageObject","inLanguage":"en-US","@id":"https:\/\/groupecoiff.com\/produit\/coiffeuse-barbier-vintage-oke-7br\/#primaryimage","url":"https:\/\/groupecoiff.com\/wp-content\/uploads\/2024\/02\/Coiffeuse-Barbier-Vintage-Oke-collection-4.webp","contentUrl":"https:\/\/groupecoiff.com\/wp-content\/uploads\/2024\/02\/Coiffeuse-Barbier-Vintage-Oke-collection-4.webp","width":1080,"height":1080,"caption":"Coiffeuse Barbier Vintage Oke 7BR - Poste de Coiffage Vintage Oke 7BR - Meuble Barbier Vintage Oke 7BR - Meuble de coiffure Vintage Oke 7BR - mobilier de coiffure professionnel"},{"@type":"BreadcrumbList","@id":"https:\/\/groupecoiff.com\/produit\/coiffeuse-barbier-vintage-oke-7br\/#breadcrumb","itemListElement":[{"@type":"ListItem","position":1,"name":"Accueil","item":"https:\/\/groupecoiff.com\/"},{"@type":"ListItem","position":2,"name":"Boutique","item":"https:\/\/groupecoiff.com\/en\/boutique\/"},{"@type":"ListItem","position":3,"name":"Coiffeuse Barbier Vintage Oke 7BR"}]},{"@type":"WebSite","@id":"https:\/\/groupecoiff.com\/#website","url":"https:\/\/groupecoiff.com\/","name":"Coiff Group","description":"Everything for the hairdresser","publisher":{"@id":"https:\/\/groupecoiff.com\/#organization"},"potentialAction":[{"@type":"SearchAction","target":{"@type":"EntryPoint","urlTemplate":"https:\/\/groupecoiff.com\/?s={search_term_string}"},"query-input":{"@type":"PropertyValueSpecification","valueRequired":true,"valueName":"search_term_string"}}],"inLanguage":"en-US"},{"@type":"Organization","@id":"https:\/\/groupecoiff.com\/#organization","name":"Coiff Group","alternateName":"Groupe Coiff : Le Mobilier De Coiffure Haut de Gamme Pour Une \u00c9l\u00e9gance In\u00e9gal\u00e9e","url":"https:\/\/groupecoiff.com\/","logo":{"@type":"ImageObject","inLanguage":"en-US","@id":"https:\/\/groupecoiff.com\/#\/schema\/logo\/image\/","url":"https:\/\/groupecoiff.com\/wp-content\/uploads\/2024\/01\/cropped-Groupe-Coiff-Logo.webp","contentUrl":"https:\/\/groupecoiff.com\/wp-content\/uploads\/2024\/01\/cropped-Groupe-Coiff-Logo.webp","width":512,"height":512,"caption":"Groupe Coiff"},"image":{"@id":"https:\/\/groupecoiff.com\/#\/schema\/logo\/image\/"},"sameAs":["https:\/\/www.facebook.com\/GroupeCoiff","https:\/\/x.com\/groupecoiff","https:\/\/www.instagram.com\/groupecoiff\/","https:\/\/www.tiktok.com\/@groupecoiff","https:\/\/www.youtube.com\/@groupecoiff","https:\/\/twitter.com\/groupecoiff","https:\/\/www.leboncoin.fr\/boutique\/3961302\/groupe_coiff.htm"],"description":"Discover Groupe Coiff's top-of-the-range hairdressing furniture, combining elegance and functionality to enhance your salon and satisfy your customers.","email":"contact@groupecoiff.com","telephone":"0676951605","legalName":"Groupe Coiff","foundingDate":"2022-11-16","vatID":"FR84921406419","taxID":"92140641900025"}]},"og_availability":"instock","product_availability":"instock","product_condition":"new"},"jetpack_publicize_connections":[],"jetpack_likes_enabled":true,"jetpack_sharing_enabled":true,"_links":{"self":[{"href":"https:\/\/groupecoiff.com\/en\/wp-json\/wp\/v2\/product\/31332","targetHints":{"allow":["GET"]}}],"collection":[{"href":"https:\/\/groupecoiff.com\/en\/wp-json\/wp\/v2\/product"}],"about":[{"href":"https:\/\/groupecoiff.com\/en\/wp-json\/wp\/v2\/types\/product"}],"replies":[{"embeddable":true,"href":"https:\/\/groupecoiff.com\/en\/wp-json\/wp\/v2\/comments?post=31332"}],"version-history":[{"count":0,"href":"https:\/\/groupecoiff.com\/en\/wp-json\/wp\/v2\/product\/31332\/revisions"}],"wp:featuredmedia":[{"embeddable":true,"href":"https:\/\/groupecoiff.com\/en\/wp-json\/wp\/v2\/media\/31311"}],"wp:attachment":[{"href":"https:\/\/groupecoiff.com\/en\/wp-json\/wp\/v2\/media?parent=31332"}],"wp:term":[{"taxonomy":"product_brand","embeddable":true,"href":"https:\/\/groupecoiff.com\/en\/wp-json\/wp\/v2\/product_brand?post=31332"},{"taxonomy":"product_cat","embeddable":true,"href":"https:\/\/groupecoiff.com\/en\/wp-json\/wp\/v2\/product_cat?post=31332"},{"taxonomy":"product_tag","embeddable":true,"href":"https:\/\/groupecoiff.com\/en\/wp-json\/wp\/v2\/product_tag?post=31332"}],"curies":[{"name":"wp","href":"https:\/\/api.w.org\/{rel}","templated":true}]}}