{"id":31410,"date":"2024-03-01T13:29:58","date_gmt":"2024-03-01T12:29:58","guid":{"rendered":"https:\/\/groupecoiff.com\/?post_type=product&#038;p=31410"},"modified":"2025-08-24T23:33:40","modified_gmt":"2025-08-24T21:33:40","slug":"poste-de-coiffage-vintage-william-1b","status":"publish","type":"product","link":"https:\/\/groupecoiff.com\/en\/produit\/poste-de-coiffage-vintage-william-1b\/","title":{"rendered":"William 1B Vintage Styling Station"},"content":{"rendered":"<ul>\n<li>\n<h4><strong>Poste de Coiffage Vintage William 1B \u2013 Un \u00c9l\u00e9ment Incontournable pour Votre Barber Shop<\/strong><\/h4>\n<\/li>\n<\/ul>\n<p>The William 1B barber styling station embodies refinement and functionality. Made from premium materials, it guarantees an incomparable hairdressing experience.<\/p>\n<ul>\n<li><strong>William 1B vintage barber station: Main Features:<\/strong><\/li>\n<\/ul>\n<p><strong>Sophisticated Design:<\/strong> The new William styling station collection offers unique designs adapted to all barber shop styles.<\/p>\n<p><strong>Customizable Options:<\/strong> Choose the ceramic color and mirror type according to your aesthetic.<\/p>\n<p><strong>Optimal Storage Space:<\/strong> \u00c9quip\u00e9 de tiroirs et d&rsquo;\u00e9tag\u00e8res int\u00e9gr\u00e9s, ce poste de coiffage professionnel William 1B optimise l&rsquo;espace de stockage des produits.<\/p>\n<p><strong>Quality materials :<\/strong> Solid varnished wood finish and varnished wood panel ensuring increased durability.<\/p>\n<p><strong>Integrated Protection:<\/strong> Verre de protection pour faciliter l&rsquo;entretien du banc et prot\u00e9ger contre les \u00e9claboussures d&rsquo;eau.<\/p>\n<ul>\n<li><strong>William 1B Barber Station: Create a Retro and Elegant Atmosphere:<\/strong><\/li>\n<\/ul>\n<p>Gr\u00e2ce \u00e0 ses \u00e9quipements et ses nombreux rangements, la Coiffeuse barbier vintage William 1B vous permet d\u2019avoir votre mat\u00e9riel de coiffure \u00e0 port\u00e9e de main. Son esth\u00e9tique travaill\u00e9e cr\u00e9e une ambiance r\u00e9tro et \u00e9l\u00e9gante dans votre barber shop.<\/p>\n<ul>\n<li><strong>Order Now:<\/strong><\/li>\n<\/ul>\n<p>Ne manquez pas l&rsquo;occasion d&rsquo;ajouter le Poste de Coiffage Vintage William 1B \u00e0 votre salon de coiffure. Commandez d\u00e8s maintenant et offrez \u00e0 vos clients une exp\u00e9rience de coiffure haut de gamme.<\/p>\n<p>&nbsp;<\/p>\n<h6 style=\"text-align: center;\"><span style=\"color: #808000;\"><a style=\"color: #808000;\" href=\"https:\/\/groupecoiff.com\/wp-content\/uploads\/2024\/03\/William-1B_22-Fiche-Technique.pdf\">William 1B &#8211; Fiche Technique<\/a><\/span><\/h6>","protected":false},"excerpt":{"rendered":"<p>Une fusion parfaite de style et de raffinement : la Coiffeuse barbier vintage William 1B. \u2702\ufe0f Essayez aujourd&rsquo;hui et profitez d&rsquo;une exp\u00e9rience sans pareille! \ud83d\udc87\u200d\u2640\ufe0fMobilier de coiffure professionnel\ud83d\udc87\u200d\u2640\ufe0f<\/p>","protected":false},"featured_media":30909,"comment_status":"open","ping_status":"closed","template":"","meta":{"googlesitekit_rrm_CAow0YCiDA:productID":"","jetpack_publicize_message":"","jetpack_publicize_feature_enabled":true,"jetpack_social_post_already_shared":true,"jetpack_social_options":{"image_generator_settings":{"template":"highway","default_image_id":0,"font":"","enabled":false},"version":2}},"product_brand":[],"product_cat":[313,48],"product_tag":[367,324,447,125],"class_list":{"0":"post-31410","1":"product","2":"type-product","3":"status-publish","4":"has-post-thumbnail","6":"product_cat-meuble-de-coiffure","7":"product_cat-poste-de-coiffage-professionnel","8":"product_tag-coiffeuse-pour-salon-de-coiffure","9":"product_tag-meuble-de-coiffure-professionnel","10":"product_tag-poste-de-coiffage-barbier","11":"product_tag-salon-de-coiffure","13":"first","14":"instock","15":"sale","16":"featured","17":"taxable","18":"shipping-taxable","19":"purchasable","20":"product-type-variable"},"yoast_head":"<!-- This site is optimized with the Yoast SEO Premium plugin v27.5 (Yoast SEO v27.5) - https:\/\/yoast.com\/product\/yoast-seo-premium-wordpress\/ -->\n<title>Poste de Coiffage Vintage William 1B: Style Vintage Unique - Groupe Coiff<\/title>\n<meta name=\"description\" content=\"Optez pour le poste de coiffage barbier William 1B et faites bonne impression. Son design unique est un choix id\u00e9al pour votre salle de barber shop\ud83d\udc51\" \/>\n<meta name=\"robots\" content=\"index, follow, max-snippet:-1, max-image-preview:large, max-video-preview:-1\" \/>\n<link rel=\"canonical\" href=\"https:\/\/groupecoiff.com\/en\/product-2\/poste-de-coiffage-vintage-william-1b\/\" \/>\n<meta property=\"og:locale\" content=\"en_US\" \/>\n<meta property=\"og:type\" content=\"article\" \/>\n<meta property=\"og:title\" content=\"Poste de Coiffage Vintage William 1B\" \/>\n<meta property=\"og:description\" content=\"Optez pour le poste de coiffage barbier William 1B et faites bonne impression. Son design unique est un choix id\u00e9al pour votre salle de barber shop\ud83d\udc51\" \/>\n<meta property=\"og:url\" content=\"https:\/\/groupecoiff.com\/en\/product-2\/poste-de-coiffage-vintage-william-1b\/\" \/>\n<meta property=\"og:site_name\" content=\"Groupe Coiff\" \/>\n<meta property=\"article:publisher\" content=\"https:\/\/www.facebook.com\/GroupeCoiff\" \/>\n<meta property=\"article:modified_time\" content=\"2025-08-24T21:33:40+00:00\" \/>\n<meta property=\"og:image\" content=\"https:\/\/groupecoiff.com\/wp-content\/uploads\/2024\/02\/William-1-B22.webp\" \/>\n\t<meta property=\"og:image:width\" content=\"1080\" \/>\n\t<meta property=\"og:image:height\" content=\"1080\" \/>\n\t<meta property=\"og:image:type\" content=\"image\/webp\" \/>\n<meta name=\"twitter:card\" content=\"summary_large_image\" \/>\n<meta name=\"twitter:site\" content=\"@groupecoiff\" \/>\n<meta name=\"twitter:label1\" content=\"Availability\" \/>\n\t<meta name=\"twitter:data1\" content=\"In stock\" \/>\n<script type=\"application\/ld+json\" class=\"yoast-schema-graph\">{\"@context\":\"https:\\\/\\\/schema.org\",\"@graph\":[{\"@type\":\"WebPage\",\"@id\":\"https:\\\/\\\/groupecoiff.com\\\/produit\\\/poste-de-coiffage-vintage-william-1b\\\/\",\"url\":\"https:\\\/\\\/groupecoiff.com\\\/produit\\\/poste-de-coiffage-vintage-william-1b\\\/\",\"name\":\"Poste de Coiffage Vintage William 1B: Style Vintage Unique - Groupe Coiff\",\"isPartOf\":{\"@id\":\"https:\\\/\\\/groupecoiff.com\\\/#website\"},\"primaryImageOfPage\":{\"@id\":\"https:\\\/\\\/groupecoiff.com\\\/produit\\\/poste-de-coiffage-vintage-william-1b\\\/#primaryimage\"},\"image\":{\"@id\":\"https:\\\/\\\/groupecoiff.com\\\/produit\\\/poste-de-coiffage-vintage-william-1b\\\/#primaryimage\"},\"thumbnailUrl\":\"https:\\\/\\\/groupecoiff.com\\\/wp-content\\\/uploads\\\/2024\\\/02\\\/William-1-B22.webp\",\"datePublished\":\"2024-03-01T12:29:58+00:00\",\"dateModified\":\"2025-08-24T21:33:40+00:00\",\"description\":\"Optez pour le poste de coiffage barbier William 1B et faites bonne impression. Son design unique est un choix id\u00e9al pour votre salle de barber shop\ud83d\udc51\",\"breadcrumb\":{\"@id\":\"https:\\\/\\\/groupecoiff.com\\\/produit\\\/poste-de-coiffage-vintage-william-1b\\\/#breadcrumb\"},\"inLanguage\":\"en-US\",\"potentialAction\":[{\"@type\":\"ReadAction\",\"target\":[\"https:\\\/\\\/groupecoiff.com\\\/produit\\\/poste-de-coiffage-vintage-william-1b\\\/\"]}]},{\"@type\":\"ImageObject\",\"inLanguage\":\"en-US\",\"@id\":\"https:\\\/\\\/groupecoiff.com\\\/produit\\\/poste-de-coiffage-vintage-william-1b\\\/#primaryimage\",\"url\":\"https:\\\/\\\/groupecoiff.com\\\/wp-content\\\/uploads\\\/2024\\\/02\\\/William-1-B22.webp\",\"contentUrl\":\"https:\\\/\\\/groupecoiff.com\\\/wp-content\\\/uploads\\\/2024\\\/02\\\/William-1-B22.webp\",\"width\":1080,\"height\":1080,\"caption\":\"Poste de Coiffage Vintage William B1- Poste de coiffage barbier William B1 - Poste de coiffage professionnel William B1- Mobilier de coiffure professionnel - Coiffeuse barbier vintage William B1\"},{\"@type\":\"BreadcrumbList\",\"@id\":\"https:\\\/\\\/groupecoiff.com\\\/produit\\\/poste-de-coiffage-vintage-william-1b\\\/#breadcrumb\",\"itemListElement\":[{\"@type\":\"ListItem\",\"position\":1,\"name\":\"Accueil\",\"item\":\"https:\\\/\\\/groupecoiff.com\\\/\"},{\"@type\":\"ListItem\",\"position\":2,\"name\":\"Boutique\",\"item\":\"https:\\\/\\\/groupecoiff.com\\\/en\\\/boutique\\\/\"},{\"@type\":\"ListItem\",\"position\":3,\"name\":\"Poste de Coiffage Vintage William 1B\"}]},{\"@type\":\"WebSite\",\"@id\":\"https:\\\/\\\/groupecoiff.com\\\/#website\",\"url\":\"https:\\\/\\\/groupecoiff.com\\\/\",\"name\":\"Groupe Coiff\",\"description\":\"Tout pour la coiffure\",\"publisher\":{\"@id\":\"https:\\\/\\\/groupecoiff.com\\\/#organization\"},\"potentialAction\":[{\"@type\":\"SearchAction\",\"target\":{\"@type\":\"EntryPoint\",\"urlTemplate\":\"https:\\\/\\\/groupecoiff.com\\\/?s={search_term_string}\"},\"query-input\":{\"@type\":\"PropertyValueSpecification\",\"valueRequired\":true,\"valueName\":\"search_term_string\"}}],\"inLanguage\":\"en-US\"},{\"@type\":\"Organization\",\"@id\":\"https:\\\/\\\/groupecoiff.com\\\/#organization\",\"name\":\"Groupe Coiff\",\"alternateName\":\"Groupe Coiff : Le Mobilier De Coiffure Haut de Gamme Pour Une \u00c9l\u00e9gance In\u00e9gal\u00e9e\",\"url\":\"https:\\\/\\\/groupecoiff.com\\\/\",\"logo\":{\"@type\":\"ImageObject\",\"inLanguage\":\"en-US\",\"@id\":\"https:\\\/\\\/groupecoiff.com\\\/#\\\/schema\\\/logo\\\/image\\\/\",\"url\":\"https:\\\/\\\/groupecoiff.com\\\/wp-content\\\/uploads\\\/2024\\\/01\\\/cropped-Groupe-Coiff-Logo.webp\",\"contentUrl\":\"https:\\\/\\\/groupecoiff.com\\\/wp-content\\\/uploads\\\/2024\\\/01\\\/cropped-Groupe-Coiff-Logo.webp\",\"width\":512,\"height\":512,\"caption\":\"Groupe Coiff\"},\"image\":{\"@id\":\"https:\\\/\\\/groupecoiff.com\\\/#\\\/schema\\\/logo\\\/image\\\/\"},\"sameAs\":[\"https:\\\/\\\/www.facebook.com\\\/GroupeCoiff\",\"https:\\\/\\\/x.com\\\/groupecoiff\",\"https:\\\/\\\/www.instagram.com\\\/groupecoiff\\\/\",\"https:\\\/\\\/www.tiktok.com\\\/@groupecoiff\",\"https:\\\/\\\/www.youtube.com\\\/@groupecoiff\",\"https:\\\/\\\/twitter.com\\\/groupecoiff\",\"https:\\\/\\\/www.leboncoin.fr\\\/boutique\\\/3961302\\\/groupe_coiff.htm\"],\"description\":\"D\u00e9couvrez le mobilier de coiffure haut de gamme de Groupe Coiff, alliant \u00e9l\u00e9gance et fonctionnalit\u00e9 pour sublimer votre salon et satisfaire vos clients.\",\"email\":\"contact@groupecoiff.com\",\"telephone\":\"0676951605\",\"legalName\":\"Groupe Coiff\",\"foundingDate\":\"2022-11-16\",\"vatID\":\"FR84921406419\",\"taxID\":\"92140641900025\"}]}<\/script>\n<meta property=\"og:availability\" content=\"instock\" \/>\n<meta property=\"product:availability\" content=\"instock\" \/>\n<meta property=\"product:condition\" content=\"new\" \/>\n<!-- \/ Yoast SEO Premium plugin. -->","yoast_head_json":{"title":"William 1B Vintage Styling Station: Unique Vintage Style - Groupe Coiff","description":"Choose the William 1B barber styling station and make a good impression. Its unique design is an ideal choice for your barber shop\ud83d\udc51","robots":{"index":"index","follow":"follow","max-snippet":"max-snippet:-1","max-image-preview":"max-image-preview:large","max-video-preview":"max-video-preview:-1"},"canonical":"https:\/\/groupecoiff.com\/en\/product-2\/poste-de-coiffage-vintage-william-1b\/","og_locale":"en_US","og_type":"article","og_title":"Poste de Coiffage Vintage William 1B","og_description":"Optez pour le poste de coiffage barbier William 1B et faites bonne impression. Son design unique est un choix id\u00e9al pour votre salle de barber shop\ud83d\udc51","og_url":"https:\/\/groupecoiff.com\/en\/product-2\/poste-de-coiffage-vintage-william-1b\/","og_site_name":"Groupe Coiff","article_publisher":"https:\/\/www.facebook.com\/GroupeCoiff","article_modified_time":"2025-08-24T21:33:40+00:00","og_image":[{"width":1080,"height":1080,"url":"https:\/\/groupecoiff.com\/wp-content\/uploads\/2024\/02\/William-1-B22.webp","type":"image\/webp"}],"twitter_card":"summary_large_image","twitter_site":"@groupecoiff","twitter_misc":{"Availability":"In stock"},"schema":{"@context":"https:\/\/schema.org","@graph":[{"@type":"WebPage","@id":"https:\/\/groupecoiff.com\/produit\/poste-de-coiffage-vintage-william-1b\/","url":"https:\/\/groupecoiff.com\/produit\/poste-de-coiffage-vintage-william-1b\/","name":"William 1B Vintage Styling Station: Unique Vintage Style - Groupe Coiff","isPartOf":{"@id":"https:\/\/groupecoiff.com\/#website"},"primaryImageOfPage":{"@id":"https:\/\/groupecoiff.com\/produit\/poste-de-coiffage-vintage-william-1b\/#primaryimage"},"image":{"@id":"https:\/\/groupecoiff.com\/produit\/poste-de-coiffage-vintage-william-1b\/#primaryimage"},"thumbnailUrl":"https:\/\/groupecoiff.com\/wp-content\/uploads\/2024\/02\/William-1-B22.webp","datePublished":"2024-03-01T12:29:58+00:00","dateModified":"2025-08-24T21:33:40+00:00","description":"Choose the William 1B barber styling station and make a good impression. Its unique design is an ideal choice for your barber shop\ud83d\udc51","breadcrumb":{"@id":"https:\/\/groupecoiff.com\/produit\/poste-de-coiffage-vintage-william-1b\/#breadcrumb"},"inLanguage":"en-US","potentialAction":[{"@type":"ReadAction","target":["https:\/\/groupecoiff.com\/produit\/poste-de-coiffage-vintage-william-1b\/"]}]},{"@type":"ImageObject","inLanguage":"en-US","@id":"https:\/\/groupecoiff.com\/produit\/poste-de-coiffage-vintage-william-1b\/#primaryimage","url":"https:\/\/groupecoiff.com\/wp-content\/uploads\/2024\/02\/William-1-B22.webp","contentUrl":"https:\/\/groupecoiff.com\/wp-content\/uploads\/2024\/02\/William-1-B22.webp","width":1080,"height":1080,"caption":"Poste de Coiffage Vintage William B1- Poste de coiffage barbier William B1 - Poste de coiffage professionnel William B1- Mobilier de coiffure professionnel - Coiffeuse barbier vintage William B1"},{"@type":"BreadcrumbList","@id":"https:\/\/groupecoiff.com\/produit\/poste-de-coiffage-vintage-william-1b\/#breadcrumb","itemListElement":[{"@type":"ListItem","position":1,"name":"Accueil","item":"https:\/\/groupecoiff.com\/"},{"@type":"ListItem","position":2,"name":"Boutique","item":"https:\/\/groupecoiff.com\/en\/boutique\/"},{"@type":"ListItem","position":3,"name":"Poste de Coiffage Vintage William 1B"}]},{"@type":"WebSite","@id":"https:\/\/groupecoiff.com\/#website","url":"https:\/\/groupecoiff.com\/","name":"Coiff Group","description":"Everything for the hairdresser","publisher":{"@id":"https:\/\/groupecoiff.com\/#organization"},"potentialAction":[{"@type":"SearchAction","target":{"@type":"EntryPoint","urlTemplate":"https:\/\/groupecoiff.com\/?s={search_term_string}"},"query-input":{"@type":"PropertyValueSpecification","valueRequired":true,"valueName":"search_term_string"}}],"inLanguage":"en-US"},{"@type":"Organization","@id":"https:\/\/groupecoiff.com\/#organization","name":"Coiff Group","alternateName":"Groupe Coiff : Le Mobilier De Coiffure Haut de Gamme Pour Une \u00c9l\u00e9gance In\u00e9gal\u00e9e","url":"https:\/\/groupecoiff.com\/","logo":{"@type":"ImageObject","inLanguage":"en-US","@id":"https:\/\/groupecoiff.com\/#\/schema\/logo\/image\/","url":"https:\/\/groupecoiff.com\/wp-content\/uploads\/2024\/01\/cropped-Groupe-Coiff-Logo.webp","contentUrl":"https:\/\/groupecoiff.com\/wp-content\/uploads\/2024\/01\/cropped-Groupe-Coiff-Logo.webp","width":512,"height":512,"caption":"Groupe Coiff"},"image":{"@id":"https:\/\/groupecoiff.com\/#\/schema\/logo\/image\/"},"sameAs":["https:\/\/www.facebook.com\/GroupeCoiff","https:\/\/x.com\/groupecoiff","https:\/\/www.instagram.com\/groupecoiff\/","https:\/\/www.tiktok.com\/@groupecoiff","https:\/\/www.youtube.com\/@groupecoiff","https:\/\/twitter.com\/groupecoiff","https:\/\/www.leboncoin.fr\/boutique\/3961302\/groupe_coiff.htm"],"description":"Discover Groupe Coiff's top-of-the-range hairdressing furniture, combining elegance and functionality to enhance your salon and satisfy your customers.","email":"contact@groupecoiff.com","telephone":"0676951605","legalName":"Groupe Coiff","foundingDate":"2022-11-16","vatID":"FR84921406419","taxID":"92140641900025"}]},"og_availability":"instock","product_availability":"instock","product_condition":"new"},"jetpack_publicize_connections":[],"jetpack_likes_enabled":true,"jetpack_sharing_enabled":true,"_links":{"self":[{"href":"https:\/\/groupecoiff.com\/en\/wp-json\/wp\/v2\/product\/31410","targetHints":{"allow":["GET"]}}],"collection":[{"href":"https:\/\/groupecoiff.com\/en\/wp-json\/wp\/v2\/product"}],"about":[{"href":"https:\/\/groupecoiff.com\/en\/wp-json\/wp\/v2\/types\/product"}],"replies":[{"embeddable":true,"href":"https:\/\/groupecoiff.com\/en\/wp-json\/wp\/v2\/comments?post=31410"}],"version-history":[{"count":0,"href":"https:\/\/groupecoiff.com\/en\/wp-json\/wp\/v2\/product\/31410\/revisions"}],"wp:featuredmedia":[{"embeddable":true,"href":"https:\/\/groupecoiff.com\/en\/wp-json\/wp\/v2\/media\/30909"}],"wp:attachment":[{"href":"https:\/\/groupecoiff.com\/en\/wp-json\/wp\/v2\/media?parent=31410"}],"wp:term":[{"taxonomy":"product_brand","embeddable":true,"href":"https:\/\/groupecoiff.com\/en\/wp-json\/wp\/v2\/product_brand?post=31410"},{"taxonomy":"product_cat","embeddable":true,"href":"https:\/\/groupecoiff.com\/en\/wp-json\/wp\/v2\/product_cat?post=31410"},{"taxonomy":"product_tag","embeddable":true,"href":"https:\/\/groupecoiff.com\/en\/wp-json\/wp\/v2\/product_tag?post=31410"}],"curies":[{"name":"wp","href":"https:\/\/api.w.org\/{rel}","templated":true}]}}