{"id":31730,"date":"2024-03-26T14:18:49","date_gmt":"2024-03-26T13:18:49","guid":{"rendered":"https:\/\/groupecoiff.com\/?post_type=product&#038;p=31730"},"modified":"2024-05-07T14:22:49","modified_gmt":"2024-05-07T12:22:49","slug":"bac-a-shampoing-professionnel-beverly","status":"publish","type":"product","link":"https:\/\/groupecoiff.com\/en\/produit\/bac-a-shampoing-professionnel-beverly\/","title":{"rendered":"BEVERLY Professional Shampoo Tray"},"content":{"rendered":"<ul>\n<li>\n<h2 data-sourcepos=\"1:1-1:84\">Professional BEVERLY Shampoo Bowl: The Must-Have for Your Hair Salon<\/h2>\n<p data-sourcepos=\"3:1-3:60\"><strong>Luxury and comfort at the heart of your hair salon<\/strong><\/p>\n<p data-sourcepos=\"5:1-5:315\">Le bac \u00e0 shampoing professionnel BEVERLY incarne l\u2019alliance parfaite du luxe et du confort pour votre salon de coiffure. Son rev\u00eatement en similicuir anti-feu M2 garantit une s\u00e9curit\u00e9 optimale pour vos clients, tandis que sa cuve noire conf\u00e8re \u00e0 votre espace une touche d\u2019\u00e9l\u00e9gance et de sophistication intemporelle.<\/p>\n<p data-sourcepos=\"7:1-7:35\"><strong>Absolute Comfort for Your Clients<\/strong><\/p>\n<p data-sourcepos=\"9:1-9:291\">Dot\u00e9 d\u2019un repose-pied m\u00e9canique et d\u2019une mousse ind\u00e9formable, le bac \u00e0 shampoing BEVERLY offre \u00e0 vos clients une exp\u00e9rience de d\u00e9tente in\u00e9gal\u00e9e. Ce mobilier haut de gamme garantit un moment de pure relaxation, id\u00e9al pour les soins capillaires, les massages du cuir chevelu et les shampoings.<\/p>\n<p data-sourcepos=\"11:1-11:64\"><strong>High-End Features for Incomparable Quality<\/strong><\/p>\n<ul data-sourcepos=\"13:1-19:0\">\n<li data-sourcepos=\"13:1-13:77\">Fire-resistant PVC covering: Optimal safety for your clients and your salon.<\/li>\n<li data-sourcepos=\"14:1-14:100\">Robust wood and metal structure: Guaranteed stability and durability for intensive use.<\/li>\n<li data-sourcepos=\"15:1-15:95\">Non-deformable polyurethane foam padding: Lasting comfort for an unforgettable experience.<\/li>\n<li data-sourcepos=\"16:1-16:89\">Manual mechanical footrest: Easy position adjustment for ideal posture.<\/li>\n<li data-sourcepos=\"17:1-17:93\">Ceramic bowl on oscillating mechanism: Adjustable tilt for personalized comfort.<\/li>\n<li data-sourcepos=\"18:1-19:0\">Mitigeur \u00e0 cartouche c\u00e9ramique et syst\u00e8me d&rsquo;\u00e9coulement complet: Utilisation pratique et hygi\u00e9nique.<\/li>\n<\/ul>\n<p data-sourcepos=\"20:1-20:52\"><strong>Perfect Dimensions for Optimal Layout<\/strong><\/p>\n<ul data-sourcepos=\"22:1-25:0\">\n<li data-sourcepos=\"22:1-22:22\"><span class=\"citation-0\">Width: 67 cm<\/span><\/li>\n<li data-sourcepos=\"23:1-23:48\"><span class=\"citation-0\">Depth: from 121 to 141 cm (with footrest)<\/span><\/li>\n<li data-sourcepos=\"24:1-25:0\"><span class=\"citation-0\">Bowl height: 95 cm<\/span><\/li>\n<\/ul>\n<p data-sourcepos=\"26:1-26:281\"><strong><span class=\"citation-0 citation-end-0\">Offer your clients a shampoo experience<\/span> exceptionnelle avec le bac \u00e0 shampoing professionnel BEVERLY. Son design \u00e9l\u00e9gant, ses fonctionnalit\u00e9s haut de gamme et son confort incomparable en font le choix id\u00e9al pour tout salon de coiffure qui aspire \u00e0 l\u2019excellence.<\/strong><\/p>\n<\/li>\n<\/ul>","protected":false},"excerpt":{"rendered":"<p>Comfort and luxury are guaranteed with the BEVERLY professional washing bowl. With its fire-resistant coating and sophisticated black basin, your clients will feel pampered and relaxed. \ud83d\udc86\u200d\u2640\ufe0f<\/p>","protected":false},"featured_media":31731,"comment_status":"open","ping_status":"closed","template":"","meta":{"googlesitekit_rrm_CAow0YCiDA:productID":"","jetpack_post_was_ever_published":false,"jetpack_publicize_message":"","jetpack_publicize_feature_enabled":true,"jetpack_social_post_already_shared":true,"jetpack_social_options":{"image_generator_settings":{"template":"highway","default_image_id":0,"font":"","enabled":false},"version":2}},"product_brand":[],"product_cat":[44,313],"product_tag":[],"class_list":{"0":"post-31730","1":"product","2":"type-product","3":"status-publish","4":"has-post-thumbnail","6":"product_cat-bac-de-lavage","7":"product_cat-meuble-de-coiffure","9":"first","10":"instock","11":"featured","12":"taxable","13":"shipping-taxable","14":"purchasable","15":"product-type-variable"},"yoast_head":"<!-- This site is optimized with the Yoast SEO Premium plugin v27.4 (Yoast SEO v27.4) - https:\/\/yoast.com\/product\/yoast-seo-premium-wordpress\/ -->\n<title>Bac \u00e0 Shampoing Professionnel BEVERLY : Le Confort Absolu - Groupe Coiff<\/title>\n<meta name=\"description\" content=\"Optez pour le bac \u00e0 Shampoing Professionnel BEVERLY et offrez \u00e0 vos clients une exp\u00e9rience de lavage unique. S\u00e9curit\u00e9, \u00e9l\u00e9gance et confort au rendez-vous!\" \/>\n<meta name=\"robots\" content=\"index, follow, max-snippet:-1, max-image-preview:large, max-video-preview:-1\" \/>\n<link rel=\"canonical\" href=\"https:\/\/groupecoiff.com\/en\/product-2\/bac-a-shampoing-professionnel-beverly\/\" \/>\n<meta property=\"og:locale\" content=\"en_US\" \/>\n<meta property=\"og:type\" content=\"article\" \/>\n<meta property=\"og:title\" content=\"Bac \u00e0 Shampoing Professionnel BEVERLY\" \/>\n<meta property=\"og:description\" content=\"Optez pour le bac \u00e0 Shampoing Professionnel BEVERLY et offrez \u00e0 vos clients une exp\u00e9rience de lavage unique. S\u00e9curit\u00e9, \u00e9l\u00e9gance et confort au rendez-vous!\" \/>\n<meta property=\"og:url\" content=\"https:\/\/groupecoiff.com\/en\/product-2\/bac-a-shampoing-professionnel-beverly\/\" \/>\n<meta property=\"og:site_name\" content=\"Groupe Coiff\" \/>\n<meta property=\"article:publisher\" content=\"https:\/\/www.facebook.com\/GroupeCoiff\" \/>\n<meta property=\"article:modified_time\" content=\"2024-05-07T12:22:49+00:00\" \/>\n<meta property=\"og:image\" content=\"https:\/\/groupecoiff.com\/wp-content\/uploads\/2024\/03\/Bac-a-Shampoing-Professionnel-BEVERLY-1.webp\" \/>\n\t<meta property=\"og:image:width\" content=\"1080\" \/>\n\t<meta property=\"og:image:height\" content=\"1080\" \/>\n\t<meta property=\"og:image:type\" content=\"image\/webp\" \/>\n<meta name=\"twitter:card\" content=\"summary_large_image\" \/>\n<meta name=\"twitter:site\" content=\"@groupecoiff\" \/>\n<meta name=\"twitter:label1\" content=\"Availability\" \/>\n\t<meta name=\"twitter:data1\" content=\"In stock\" \/>\n<script type=\"application\/ld+json\" class=\"yoast-schema-graph\">{\"@context\":\"https:\\\/\\\/schema.org\",\"@graph\":[{\"@type\":\"WebPage\",\"@id\":\"https:\\\/\\\/groupecoiff.com\\\/produit\\\/bac-a-shampoing-professionnel-beverly\\\/\",\"url\":\"https:\\\/\\\/groupecoiff.com\\\/produit\\\/bac-a-shampoing-professionnel-beverly\\\/\",\"name\":\"Bac \u00e0 Shampoing Professionnel BEVERLY : Le Confort Absolu - Groupe Coiff\",\"isPartOf\":{\"@id\":\"https:\\\/\\\/groupecoiff.com\\\/#website\"},\"primaryImageOfPage\":{\"@id\":\"https:\\\/\\\/groupecoiff.com\\\/produit\\\/bac-a-shampoing-professionnel-beverly\\\/#primaryimage\"},\"image\":{\"@id\":\"https:\\\/\\\/groupecoiff.com\\\/produit\\\/bac-a-shampoing-professionnel-beverly\\\/#primaryimage\"},\"thumbnailUrl\":\"https:\\\/\\\/groupecoiff.com\\\/wp-content\\\/uploads\\\/2024\\\/03\\\/Bac-a-Shampoing-Professionnel-BEVERLY-1.webp\",\"datePublished\":\"2024-03-26T13:18:49+00:00\",\"dateModified\":\"2024-05-07T12:22:49+00:00\",\"description\":\"Optez pour le bac \u00e0 Shampoing Professionnel BEVERLY et offrez \u00e0 vos clients une exp\u00e9rience de lavage unique. S\u00e9curit\u00e9, \u00e9l\u00e9gance et confort au rendez-vous!\",\"breadcrumb\":{\"@id\":\"https:\\\/\\\/groupecoiff.com\\\/produit\\\/bac-a-shampoing-professionnel-beverly\\\/#breadcrumb\"},\"inLanguage\":\"en-US\",\"potentialAction\":[{\"@type\":\"ReadAction\",\"target\":[\"https:\\\/\\\/groupecoiff.com\\\/produit\\\/bac-a-shampoing-professionnel-beverly\\\/\"]}]},{\"@type\":\"ImageObject\",\"inLanguage\":\"en-US\",\"@id\":\"https:\\\/\\\/groupecoiff.com\\\/produit\\\/bac-a-shampoing-professionnel-beverly\\\/#primaryimage\",\"url\":\"https:\\\/\\\/groupecoiff.com\\\/wp-content\\\/uploads\\\/2024\\\/03\\\/Bac-a-Shampoing-Professionnel-BEVERLY-1.webp\",\"contentUrl\":\"https:\\\/\\\/groupecoiff.com\\\/wp-content\\\/uploads\\\/2024\\\/03\\\/Bac-a-Shampoing-Professionnel-BEVERLY-1.webp\",\"width\":1080,\"height\":1080,\"caption\":\"Bac \u00e0 Shampoing Professionnel BEVERLY -bac de lavage Professionnel BEVERLY - bac \u00e0 shampooing salon de coiffure - bac de lavage salon de coiffure - mobilier de coiffure haut de gamme\"},{\"@type\":\"BreadcrumbList\",\"@id\":\"https:\\\/\\\/groupecoiff.com\\\/produit\\\/bac-a-shampoing-professionnel-beverly\\\/#breadcrumb\",\"itemListElement\":[{\"@type\":\"ListItem\",\"position\":1,\"name\":\"Accueil\",\"item\":\"https:\\\/\\\/groupecoiff.com\\\/\"},{\"@type\":\"ListItem\",\"position\":2,\"name\":\"Boutique\",\"item\":\"https:\\\/\\\/groupecoiff.com\\\/boutique\\\/\"},{\"@type\":\"ListItem\",\"position\":3,\"name\":\"Bac \u00e0 Shampoing Professionnel BEVERLY\"}]},{\"@type\":\"WebSite\",\"@id\":\"https:\\\/\\\/groupecoiff.com\\\/#website\",\"url\":\"https:\\\/\\\/groupecoiff.com\\\/\",\"name\":\"Groupe Coiff\",\"description\":\"Tout pour la coiffure\",\"publisher\":{\"@id\":\"https:\\\/\\\/groupecoiff.com\\\/#organization\"},\"potentialAction\":[{\"@type\":\"SearchAction\",\"target\":{\"@type\":\"EntryPoint\",\"urlTemplate\":\"https:\\\/\\\/groupecoiff.com\\\/?s={search_term_string}\"},\"query-input\":{\"@type\":\"PropertyValueSpecification\",\"valueRequired\":true,\"valueName\":\"search_term_string\"}}],\"inLanguage\":\"en-US\"},{\"@type\":\"Organization\",\"@id\":\"https:\\\/\\\/groupecoiff.com\\\/#organization\",\"name\":\"Groupe Coiff\",\"alternateName\":\"Groupe Coiff : Le Mobilier De Coiffure Haut de Gamme Pour Une \u00c9l\u00e9gance In\u00e9gal\u00e9e\",\"url\":\"https:\\\/\\\/groupecoiff.com\\\/\",\"logo\":{\"@type\":\"ImageObject\",\"inLanguage\":\"en-US\",\"@id\":\"https:\\\/\\\/groupecoiff.com\\\/#\\\/schema\\\/logo\\\/image\\\/\",\"url\":\"https:\\\/\\\/groupecoiff.com\\\/wp-content\\\/uploads\\\/2024\\\/01\\\/cropped-Groupe-Coiff-Logo.webp\",\"contentUrl\":\"https:\\\/\\\/groupecoiff.com\\\/wp-content\\\/uploads\\\/2024\\\/01\\\/cropped-Groupe-Coiff-Logo.webp\",\"width\":512,\"height\":512,\"caption\":\"Groupe Coiff\"},\"image\":{\"@id\":\"https:\\\/\\\/groupecoiff.com\\\/#\\\/schema\\\/logo\\\/image\\\/\"},\"sameAs\":[\"https:\\\/\\\/www.facebook.com\\\/GroupeCoiff\",\"https:\\\/\\\/x.com\\\/groupecoiff\",\"https:\\\/\\\/www.instagram.com\\\/groupecoiff\\\/\",\"https:\\\/\\\/www.tiktok.com\\\/@groupecoiff\",\"https:\\\/\\\/www.youtube.com\\\/@groupecoiff\",\"https:\\\/\\\/twitter.com\\\/groupecoiff\",\"https:\\\/\\\/www.leboncoin.fr\\\/boutique\\\/3961302\\\/groupe_coiff.htm\"],\"description\":\"D\u00e9couvrez le mobilier de coiffure haut de gamme de Groupe Coiff, alliant \u00e9l\u00e9gance et fonctionnalit\u00e9 pour sublimer votre salon et satisfaire vos clients.\",\"email\":\"contact@groupecoiff.com\",\"telephone\":\"0676951605\",\"legalName\":\"Groupe Coiff\",\"foundingDate\":\"2022-11-16\",\"vatID\":\"FR84921406419\",\"taxID\":\"92140641900025\"}]}<\/script>\n<meta property=\"og:availability\" content=\"instock\" \/>\n<meta property=\"product:availability\" content=\"instock\" \/>\n<meta property=\"product:condition\" content=\"new\" \/>\n<!-- \/ Yoast SEO Premium plugin. -->","yoast_head_json":{"title":"Professional BEVERLY Shampoo Bowl: Absolute Comfort - Groupe Coiff","description":"Choose the Professional BEVERLY Shampoo Bowl and offer your clients a unique washing experience. Safety, elegance and comfort guaranteed!","robots":{"index":"index","follow":"follow","max-snippet":"max-snippet:-1","max-image-preview":"max-image-preview:large","max-video-preview":"max-video-preview:-1"},"canonical":"https:\/\/groupecoiff.com\/en\/product-2\/bac-a-shampoing-professionnel-beverly\/","og_locale":"en_US","og_type":"article","og_title":"Bac \u00e0 Shampoing Professionnel BEVERLY","og_description":"Optez pour le bac \u00e0 Shampoing Professionnel BEVERLY et offrez \u00e0 vos clients une exp\u00e9rience de lavage unique. S\u00e9curit\u00e9, \u00e9l\u00e9gance et confort au rendez-vous!","og_url":"https:\/\/groupecoiff.com\/en\/product-2\/bac-a-shampoing-professionnel-beverly\/","og_site_name":"Groupe Coiff","article_publisher":"https:\/\/www.facebook.com\/GroupeCoiff","article_modified_time":"2024-05-07T12:22:49+00:00","og_image":[{"width":1080,"height":1080,"url":"https:\/\/groupecoiff.com\/wp-content\/uploads\/2024\/03\/Bac-a-Shampoing-Professionnel-BEVERLY-1.webp","type":"image\/webp"}],"twitter_card":"summary_large_image","twitter_site":"@groupecoiff","twitter_misc":{"Availability":"In stock"},"schema":{"@context":"https:\/\/schema.org","@graph":[{"@type":"WebPage","@id":"https:\/\/groupecoiff.com\/produit\/bac-a-shampoing-professionnel-beverly\/","url":"https:\/\/groupecoiff.com\/produit\/bac-a-shampoing-professionnel-beverly\/","name":"Professional BEVERLY Shampoo Bowl: Absolute Comfort - Groupe Coiff","isPartOf":{"@id":"https:\/\/groupecoiff.com\/#website"},"primaryImageOfPage":{"@id":"https:\/\/groupecoiff.com\/produit\/bac-a-shampoing-professionnel-beverly\/#primaryimage"},"image":{"@id":"https:\/\/groupecoiff.com\/produit\/bac-a-shampoing-professionnel-beverly\/#primaryimage"},"thumbnailUrl":"https:\/\/groupecoiff.com\/wp-content\/uploads\/2024\/03\/Bac-a-Shampoing-Professionnel-BEVERLY-1.webp","datePublished":"2024-03-26T13:18:49+00:00","dateModified":"2024-05-07T12:22:49+00:00","description":"Choose the Professional BEVERLY Shampoo Bowl and offer your clients a unique washing experience. Safety, elegance and comfort guaranteed!","breadcrumb":{"@id":"https:\/\/groupecoiff.com\/produit\/bac-a-shampoing-professionnel-beverly\/#breadcrumb"},"inLanguage":"en-US","potentialAction":[{"@type":"ReadAction","target":["https:\/\/groupecoiff.com\/produit\/bac-a-shampoing-professionnel-beverly\/"]}]},{"@type":"ImageObject","inLanguage":"en-US","@id":"https:\/\/groupecoiff.com\/produit\/bac-a-shampoing-professionnel-beverly\/#primaryimage","url":"https:\/\/groupecoiff.com\/wp-content\/uploads\/2024\/03\/Bac-a-Shampoing-Professionnel-BEVERLY-1.webp","contentUrl":"https:\/\/groupecoiff.com\/wp-content\/uploads\/2024\/03\/Bac-a-Shampoing-Professionnel-BEVERLY-1.webp","width":1080,"height":1080,"caption":"Bac \u00e0 Shampoing Professionnel BEVERLY -bac de lavage Professionnel BEVERLY - bac \u00e0 shampooing salon de coiffure - bac de lavage salon de coiffure - mobilier de coiffure haut de gamme"},{"@type":"BreadcrumbList","@id":"https:\/\/groupecoiff.com\/produit\/bac-a-shampoing-professionnel-beverly\/#breadcrumb","itemListElement":[{"@type":"ListItem","position":1,"name":"Accueil","item":"https:\/\/groupecoiff.com\/"},{"@type":"ListItem","position":2,"name":"Boutique","item":"https:\/\/groupecoiff.com\/boutique\/"},{"@type":"ListItem","position":3,"name":"Bac \u00e0 Shampoing Professionnel BEVERLY"}]},{"@type":"WebSite","@id":"https:\/\/groupecoiff.com\/#website","url":"https:\/\/groupecoiff.com\/","name":"Coiff Group","description":"Everything for the hairdresser","publisher":{"@id":"https:\/\/groupecoiff.com\/#organization"},"potentialAction":[{"@type":"SearchAction","target":{"@type":"EntryPoint","urlTemplate":"https:\/\/groupecoiff.com\/?s={search_term_string}"},"query-input":{"@type":"PropertyValueSpecification","valueRequired":true,"valueName":"search_term_string"}}],"inLanguage":"en-US"},{"@type":"Organization","@id":"https:\/\/groupecoiff.com\/#organization","name":"Coiff Group","alternateName":"Groupe Coiff : Le Mobilier De Coiffure Haut de Gamme Pour Une \u00c9l\u00e9gance In\u00e9gal\u00e9e","url":"https:\/\/groupecoiff.com\/","logo":{"@type":"ImageObject","inLanguage":"en-US","@id":"https:\/\/groupecoiff.com\/#\/schema\/logo\/image\/","url":"https:\/\/groupecoiff.com\/wp-content\/uploads\/2024\/01\/cropped-Groupe-Coiff-Logo.webp","contentUrl":"https:\/\/groupecoiff.com\/wp-content\/uploads\/2024\/01\/cropped-Groupe-Coiff-Logo.webp","width":512,"height":512,"caption":"Groupe Coiff"},"image":{"@id":"https:\/\/groupecoiff.com\/#\/schema\/logo\/image\/"},"sameAs":["https:\/\/www.facebook.com\/GroupeCoiff","https:\/\/x.com\/groupecoiff","https:\/\/www.instagram.com\/groupecoiff\/","https:\/\/www.tiktok.com\/@groupecoiff","https:\/\/www.youtube.com\/@groupecoiff","https:\/\/twitter.com\/groupecoiff","https:\/\/www.leboncoin.fr\/boutique\/3961302\/groupe_coiff.htm"],"description":"Discover Groupe Coiff's top-of-the-range hairdressing furniture, combining elegance and functionality to enhance your salon and satisfy your customers.","email":"contact@groupecoiff.com","telephone":"0676951605","legalName":"Groupe Coiff","foundingDate":"2022-11-16","vatID":"FR84921406419","taxID":"92140641900025"}]},"og_availability":"instock","product_availability":"instock","product_condition":"new"},"jetpack_publicize_connections":[],"jetpack_likes_enabled":true,"jetpack_sharing_enabled":true,"_links":{"self":[{"href":"https:\/\/groupecoiff.com\/en\/wp-json\/wp\/v2\/product\/31730","targetHints":{"allow":["GET"]}}],"collection":[{"href":"https:\/\/groupecoiff.com\/en\/wp-json\/wp\/v2\/product"}],"about":[{"href":"https:\/\/groupecoiff.com\/en\/wp-json\/wp\/v2\/types\/product"}],"replies":[{"embeddable":true,"href":"https:\/\/groupecoiff.com\/en\/wp-json\/wp\/v2\/comments?post=31730"}],"version-history":[{"count":0,"href":"https:\/\/groupecoiff.com\/en\/wp-json\/wp\/v2\/product\/31730\/revisions"}],"wp:featuredmedia":[{"embeddable":true,"href":"https:\/\/groupecoiff.com\/en\/wp-json\/wp\/v2\/media\/31731"}],"wp:attachment":[{"href":"https:\/\/groupecoiff.com\/en\/wp-json\/wp\/v2\/media?parent=31730"}],"wp:term":[{"taxonomy":"product_brand","embeddable":true,"href":"https:\/\/groupecoiff.com\/en\/wp-json\/wp\/v2\/product_brand?post=31730"},{"taxonomy":"product_cat","embeddable":true,"href":"https:\/\/groupecoiff.com\/en\/wp-json\/wp\/v2\/product_cat?post=31730"},{"taxonomy":"product_tag","embeddable":true,"href":"https:\/\/groupecoiff.com\/en\/wp-json\/wp\/v2\/product_tag?post=31730"}],"curies":[{"name":"wp","href":"https:\/\/api.w.org\/{rel}","templated":true}]}}