{"id":32054,"date":"2024-04-30T16:04:02","date_gmt":"2024-04-30T14:04:02","guid":{"rendered":"https:\/\/groupecoiff.com\/?post_type=product&#038;p=32054"},"modified":"2024-05-07T05:29:47","modified_gmt":"2024-05-07T03:29:47","slug":"comptoir-daccueil-gabbiano-g26s","status":"publish","type":"product","link":"https:\/\/groupecoiff.com\/en\/produit\/comptoir-daccueil-gabbiano-g26s\/","title":{"rendered":"Comptoir d&rsquo;Accueil Gabbiano G26S"},"content":{"rendered":"<ul>\n<li><strong>The Gabbiano G26S cashier's counter: an elegant and functional welcome<\/strong>\n<p>Plongez dans une exp\u00e9rience d&rsquo;accueil exceptionnelle avec le Comptoir d&rsquo;Accueil Gabbiano G26S, disponible dans une vari\u00e9t\u00e9 de couleurs pour s&rsquo;adapter \u00e0 tous les d\u00e9cors.<\/p>\n<p><strong>Maximum functionality<\/strong><\/p>\n<p>This hair salon reception unit offers great functionality for optimal working comfort. With its multiple shelves, drawers and cabinets, its practical top features a cable duct for connecting your electronic equipment, and its shelves are designed for easy customization.<\/p>\n<p><strong>Elegance and durability<\/strong><\/p>\n<p>Made from high-quality materials, this reception unit is both durable and easy to maintain. The front is upholstered in synthetic leather in white tones, adding a touch of elegance, while the decorative knobs underline its uniqueness.<\/p>\n<p><strong>Technical specifications<\/strong><\/p>\n<ul>\n<li>Laminated panel color: White<\/li>\n<li>Front Color: Gray<\/li>\n<li>Front material : Synthetic leather<\/li>\n<\/ul>\n<p>No need for tedious assembly, this Gabbiano G26S reception counter is ready to use as soon as you receive it. Its exact dimensions are shown in the photo for hassle-free installation.<\/li>\n<\/ul>","protected":false},"excerpt":{"rendered":"<p>Bring a touch of modernity and functionality to your salon with the Gabbiano G26S cash desk. Opt for the very best in reception furniture.<\/p>","protected":false},"featured_media":32065,"comment_status":"open","ping_status":"closed","template":"","meta":{"googlesitekit_rrm_CAow0YCiDA:productID":"","jetpack_post_was_ever_published":false,"jetpack_publicize_message":"","jetpack_publicize_feature_enabled":true,"jetpack_social_post_already_shared":true,"jetpack_social_options":{"image_generator_settings":{"template":"highway","default_image_id":0,"font":"","enabled":false},"version":2}},"product_brand":[],"product_cat":[59,313],"product_tag":[],"class_list":{"0":"post-32054","1":"product","2":"type-product","3":"status-publish","4":"has-post-thumbnail","6":"product_cat-comptoir-daccueil","7":"product_cat-meuble-de-coiffure","9":"first","10":"instock","11":"featured","12":"taxable","13":"shipping-taxable","14":"purchasable","15":"product-type-simple"},"yoast_head":"<!-- This site is optimized with the Yoast SEO Premium plugin v27.4 (Yoast SEO v27.4) - https:\/\/yoast.com\/product\/yoast-seo-premium-wordpress\/ -->\n<title>Comptoir d&#039;Accueil Gabbiano G26S: L&#039;exp\u00e9rience d&#039;accueil ultime - Groupe Coiff<\/title>\n<meta name=\"description\" content=\"D\u00e9couvrez le Comptoir d&#039;Accueil Gabbiano G26S, un indispensable pour votre salon de coiffure. Il s&#039;adapte \u00e0 tous les d\u00e9cors. Faites le choix de la qualit\u00e9!\" \/>\n<meta name=\"robots\" content=\"index, follow, max-snippet:-1, max-image-preview:large, max-video-preview:-1\" \/>\n<link rel=\"canonical\" href=\"https:\/\/groupecoiff.com\/en\/product-2\/comptoir-daccueil-gabbiano-g26s\/\" \/>\n<meta property=\"og:locale\" content=\"en_US\" \/>\n<meta property=\"og:type\" content=\"article\" \/>\n<meta property=\"og:title\" content=\"Comptoir d&#039;Accueil Gabbiano G26S\" \/>\n<meta property=\"og:description\" content=\"D\u00e9couvrez le Comptoir d&#039;Accueil Gabbiano G26S, un indispensable pour votre salon de coiffure. Il s&#039;adapte \u00e0 tous les d\u00e9cors. Faites le choix de la qualit\u00e9!\" \/>\n<meta property=\"og:url\" content=\"https:\/\/groupecoiff.com\/en\/product-2\/comptoir-daccueil-gabbiano-g26s\/\" \/>\n<meta property=\"og:site_name\" content=\"Groupe Coiff\" \/>\n<meta property=\"article:publisher\" content=\"https:\/\/www.facebook.com\/GroupeCoiff\" \/>\n<meta property=\"article:modified_time\" content=\"2024-05-07T03:29:47+00:00\" \/>\n<meta property=\"og:image\" content=\"https:\/\/groupecoiff.com\/wp-content\/uploads\/2024\/04\/Comptoir-dAccueil-Gabbiano-G26S-11.webp\" \/>\n\t<meta property=\"og:image:width\" content=\"1080\" \/>\n\t<meta property=\"og:image:height\" content=\"1080\" \/>\n\t<meta property=\"og:image:type\" content=\"image\/webp\" \/>\n<meta name=\"twitter:card\" content=\"summary_large_image\" \/>\n<meta name=\"twitter:site\" content=\"@groupecoiff\" \/>\n<meta name=\"twitter:label1\" content=\"Price\" \/>\n\t<meta name=\"twitter:data1\" content=\"579,00&nbsp;&euro;\" \/>\n\t<meta name=\"twitter:label2\" content=\"Availability\" \/>\n\t<meta name=\"twitter:data2\" content=\"In stock\" \/>\n<script type=\"application\/ld+json\" class=\"yoast-schema-graph\">{\"@context\":\"https:\\\/\\\/schema.org\",\"@graph\":[{\"@type\":\"WebPage\",\"@id\":\"https:\\\/\\\/groupecoiff.com\\\/produit\\\/comptoir-daccueil-gabbiano-g26s\\\/\",\"url\":\"https:\\\/\\\/groupecoiff.com\\\/produit\\\/comptoir-daccueil-gabbiano-g26s\\\/\",\"name\":\"Comptoir d'Accueil Gabbiano G26S: L'exp\u00e9rience d'accueil ultime - Groupe Coiff\",\"isPartOf\":{\"@id\":\"https:\\\/\\\/groupecoiff.com\\\/#website\"},\"primaryImageOfPage\":{\"@id\":\"https:\\\/\\\/groupecoiff.com\\\/produit\\\/comptoir-daccueil-gabbiano-g26s\\\/#primaryimage\"},\"image\":{\"@id\":\"https:\\\/\\\/groupecoiff.com\\\/produit\\\/comptoir-daccueil-gabbiano-g26s\\\/#primaryimage\"},\"thumbnailUrl\":\"https:\\\/\\\/groupecoiff.com\\\/wp-content\\\/uploads\\\/2024\\\/04\\\/Comptoir-dAccueil-Gabbiano-G26S-11.webp\",\"datePublished\":\"2024-04-30T14:04:02+00:00\",\"dateModified\":\"2024-05-07T03:29:47+00:00\",\"description\":\"D\u00e9couvrez le Comptoir d'Accueil Gabbiano G26S, un indispensable pour votre salon de coiffure. Il s'adapte \u00e0 tous les d\u00e9cors. Faites le choix de la qualit\u00e9!\",\"breadcrumb\":{\"@id\":\"https:\\\/\\\/groupecoiff.com\\\/produit\\\/comptoir-daccueil-gabbiano-g26s\\\/#breadcrumb\"},\"inLanguage\":\"en-US\",\"potentialAction\":[{\"@type\":\"ReadAction\",\"target\":[\"https:\\\/\\\/groupecoiff.com\\\/produit\\\/comptoir-daccueil-gabbiano-g26s\\\/\"]}]},{\"@type\":\"ImageObject\",\"inLanguage\":\"en-US\",\"@id\":\"https:\\\/\\\/groupecoiff.com\\\/produit\\\/comptoir-daccueil-gabbiano-g26s\\\/#primaryimage\",\"url\":\"https:\\\/\\\/groupecoiff.com\\\/wp-content\\\/uploads\\\/2024\\\/04\\\/Comptoir-dAccueil-Gabbiano-G26S-11.webp\",\"contentUrl\":\"https:\\\/\\\/groupecoiff.com\\\/wp-content\\\/uploads\\\/2024\\\/04\\\/Comptoir-dAccueil-Gabbiano-G26S-11.webp\",\"width\":1080,\"height\":1080,\"caption\":\"Comptoir d'Accueil Gabbiano G26S - Comptoir caisse Gabbiano G26S - meuble de r\u00e9ception pour salon de coiffure - meuble d'accueil pour salon de coiffure - mobilier de coiffure haute gamme\"},{\"@type\":\"BreadcrumbList\",\"@id\":\"https:\\\/\\\/groupecoiff.com\\\/produit\\\/comptoir-daccueil-gabbiano-g26s\\\/#breadcrumb\",\"itemListElement\":[{\"@type\":\"ListItem\",\"position\":1,\"name\":\"Accueil\",\"item\":\"https:\\\/\\\/groupecoiff.com\\\/\"},{\"@type\":\"ListItem\",\"position\":2,\"name\":\"Boutique\",\"item\":\"https:\\\/\\\/groupecoiff.com\\\/boutique\\\/\"},{\"@type\":\"ListItem\",\"position\":3,\"name\":\"Comptoir d&rsquo;Accueil Gabbiano G26S\"}]},{\"@type\":\"WebSite\",\"@id\":\"https:\\\/\\\/groupecoiff.com\\\/#website\",\"url\":\"https:\\\/\\\/groupecoiff.com\\\/\",\"name\":\"Groupe Coiff\",\"description\":\"Tout pour la coiffure\",\"publisher\":{\"@id\":\"https:\\\/\\\/groupecoiff.com\\\/#organization\"},\"potentialAction\":[{\"@type\":\"SearchAction\",\"target\":{\"@type\":\"EntryPoint\",\"urlTemplate\":\"https:\\\/\\\/groupecoiff.com\\\/?s={search_term_string}\"},\"query-input\":{\"@type\":\"PropertyValueSpecification\",\"valueRequired\":true,\"valueName\":\"search_term_string\"}}],\"inLanguage\":\"en-US\"},{\"@type\":\"Organization\",\"@id\":\"https:\\\/\\\/groupecoiff.com\\\/#organization\",\"name\":\"Groupe Coiff\",\"alternateName\":\"Groupe Coiff : Le Mobilier De Coiffure Haut de Gamme Pour Une \u00c9l\u00e9gance In\u00e9gal\u00e9e\",\"url\":\"https:\\\/\\\/groupecoiff.com\\\/\",\"logo\":{\"@type\":\"ImageObject\",\"inLanguage\":\"en-US\",\"@id\":\"https:\\\/\\\/groupecoiff.com\\\/#\\\/schema\\\/logo\\\/image\\\/\",\"url\":\"https:\\\/\\\/groupecoiff.com\\\/wp-content\\\/uploads\\\/2024\\\/01\\\/cropped-Groupe-Coiff-Logo.webp\",\"contentUrl\":\"https:\\\/\\\/groupecoiff.com\\\/wp-content\\\/uploads\\\/2024\\\/01\\\/cropped-Groupe-Coiff-Logo.webp\",\"width\":512,\"height\":512,\"caption\":\"Groupe Coiff\"},\"image\":{\"@id\":\"https:\\\/\\\/groupecoiff.com\\\/#\\\/schema\\\/logo\\\/image\\\/\"},\"sameAs\":[\"https:\\\/\\\/www.facebook.com\\\/GroupeCoiff\",\"https:\\\/\\\/x.com\\\/groupecoiff\",\"https:\\\/\\\/www.instagram.com\\\/groupecoiff\\\/\",\"https:\\\/\\\/www.tiktok.com\\\/@groupecoiff\",\"https:\\\/\\\/www.youtube.com\\\/@groupecoiff\",\"https:\\\/\\\/twitter.com\\\/groupecoiff\",\"https:\\\/\\\/www.leboncoin.fr\\\/boutique\\\/3961302\\\/groupe_coiff.htm\"],\"description\":\"D\u00e9couvrez le mobilier de coiffure haut de gamme de Groupe Coiff, alliant \u00e9l\u00e9gance et fonctionnalit\u00e9 pour sublimer votre salon et satisfaire vos clients.\",\"email\":\"contact@groupecoiff.com\",\"telephone\":\"0676951605\",\"legalName\":\"Groupe Coiff\",\"foundingDate\":\"2022-11-16\",\"vatID\":\"FR84921406419\",\"taxID\":\"92140641900025\"}]}<\/script>\n<meta property=\"product:price:amount\" content=\"579.00\" \/>\n<meta property=\"product:price:currency\" content=\"EUR\" \/>\n<meta property=\"og:availability\" content=\"instock\" \/>\n<meta property=\"product:availability\" content=\"instock\" \/>\n<meta property=\"product:condition\" content=\"new\" \/>\n<!-- \/ Yoast SEO Premium plugin. -->","yoast_head_json":{"title":"Gabbiano G26S Reception Desk: The Ultimate Welcome Experience - Groupe Coiff","description":"D\u00e9couvrez le Comptoir d'Accueil Gabbiano G26B, un indispensable pour votre salon de coiffure. Il s'adapte \u00e0 tous les d\u00e9cors. Faites le choix de la qualit\u00e9!","robots":{"index":"index","follow":"follow","max-snippet":"max-snippet:-1","max-image-preview":"max-image-preview:large","max-video-preview":"max-video-preview:-1"},"canonical":"https:\/\/groupecoiff.com\/en\/product-2\/comptoir-daccueil-gabbiano-g26s\/","og_locale":"en_US","og_type":"article","og_title":"Comptoir d'Accueil Gabbiano G26S","og_description":"D\u00e9couvrez le Comptoir d'Accueil Gabbiano G26S, un indispensable pour votre salon de coiffure. Il s'adapte \u00e0 tous les d\u00e9cors. Faites le choix de la qualit\u00e9!","og_url":"https:\/\/groupecoiff.com\/en\/product-2\/comptoir-daccueil-gabbiano-g26s\/","og_site_name":"Groupe Coiff","article_publisher":"https:\/\/www.facebook.com\/GroupeCoiff","article_modified_time":"2024-05-07T03:29:47+00:00","og_image":[{"width":1080,"height":1080,"url":"https:\/\/groupecoiff.com\/wp-content\/uploads\/2024\/04\/Comptoir-dAccueil-Gabbiano-G26S-11.webp","type":"image\/webp"}],"twitter_card":"summary_large_image","twitter_site":"@groupecoiff","twitter_misc":{"Price":"579,00&nbsp;&euro;","Availability":"In stock"},"schema":{"@context":"https:\/\/schema.org","@graph":[{"@type":"WebPage","@id":"https:\/\/groupecoiff.com\/produit\/comptoir-daccueil-gabbiano-g26s\/","url":"https:\/\/groupecoiff.com\/produit\/comptoir-daccueil-gabbiano-g26s\/","name":"Gabbiano G26S Reception Desk: The Ultimate Welcome Experience - Groupe Coiff","isPartOf":{"@id":"https:\/\/groupecoiff.com\/#website"},"primaryImageOfPage":{"@id":"https:\/\/groupecoiff.com\/produit\/comptoir-daccueil-gabbiano-g26s\/#primaryimage"},"image":{"@id":"https:\/\/groupecoiff.com\/produit\/comptoir-daccueil-gabbiano-g26s\/#primaryimage"},"thumbnailUrl":"https:\/\/groupecoiff.com\/wp-content\/uploads\/2024\/04\/Comptoir-dAccueil-Gabbiano-G26S-11.webp","datePublished":"2024-04-30T14:04:02+00:00","dateModified":"2024-05-07T03:29:47+00:00","description":"D\u00e9couvrez le Comptoir d'Accueil Gabbiano G26B, un indispensable pour votre salon de coiffure. Il s'adapte \u00e0 tous les d\u00e9cors. Faites le choix de la qualit\u00e9!","breadcrumb":{"@id":"https:\/\/groupecoiff.com\/produit\/comptoir-daccueil-gabbiano-g26s\/#breadcrumb"},"inLanguage":"en-US","potentialAction":[{"@type":"ReadAction","target":["https:\/\/groupecoiff.com\/produit\/comptoir-daccueil-gabbiano-g26s\/"]}]},{"@type":"ImageObject","inLanguage":"en-US","@id":"https:\/\/groupecoiff.com\/produit\/comptoir-daccueil-gabbiano-g26s\/#primaryimage","url":"https:\/\/groupecoiff.com\/wp-content\/uploads\/2024\/04\/Comptoir-dAccueil-Gabbiano-G26S-11.webp","contentUrl":"https:\/\/groupecoiff.com\/wp-content\/uploads\/2024\/04\/Comptoir-dAccueil-Gabbiano-G26S-11.webp","width":1080,"height":1080,"caption":"Comptoir d'Accueil Gabbiano G26S - Comptoir caisse Gabbiano G26S - meuble de r\u00e9ception pour salon de coiffure - meuble d'accueil pour salon de coiffure - mobilier de coiffure haute gamme"},{"@type":"BreadcrumbList","@id":"https:\/\/groupecoiff.com\/produit\/comptoir-daccueil-gabbiano-g26s\/#breadcrumb","itemListElement":[{"@type":"ListItem","position":1,"name":"Accueil","item":"https:\/\/groupecoiff.com\/"},{"@type":"ListItem","position":2,"name":"Boutique","item":"https:\/\/groupecoiff.com\/boutique\/"},{"@type":"ListItem","position":3,"name":"Comptoir d&rsquo;Accueil Gabbiano G26S"}]},{"@type":"WebSite","@id":"https:\/\/groupecoiff.com\/#website","url":"https:\/\/groupecoiff.com\/","name":"Coiff Group","description":"Everything for the hairdresser","publisher":{"@id":"https:\/\/groupecoiff.com\/#organization"},"potentialAction":[{"@type":"SearchAction","target":{"@type":"EntryPoint","urlTemplate":"https:\/\/groupecoiff.com\/?s={search_term_string}"},"query-input":{"@type":"PropertyValueSpecification","valueRequired":true,"valueName":"search_term_string"}}],"inLanguage":"en-US"},{"@type":"Organization","@id":"https:\/\/groupecoiff.com\/#organization","name":"Coiff Group","alternateName":"Groupe Coiff : Le Mobilier De Coiffure Haut de Gamme Pour Une \u00c9l\u00e9gance In\u00e9gal\u00e9e","url":"https:\/\/groupecoiff.com\/","logo":{"@type":"ImageObject","inLanguage":"en-US","@id":"https:\/\/groupecoiff.com\/#\/schema\/logo\/image\/","url":"https:\/\/groupecoiff.com\/wp-content\/uploads\/2024\/01\/cropped-Groupe-Coiff-Logo.webp","contentUrl":"https:\/\/groupecoiff.com\/wp-content\/uploads\/2024\/01\/cropped-Groupe-Coiff-Logo.webp","width":512,"height":512,"caption":"Groupe Coiff"},"image":{"@id":"https:\/\/groupecoiff.com\/#\/schema\/logo\/image\/"},"sameAs":["https:\/\/www.facebook.com\/GroupeCoiff","https:\/\/x.com\/groupecoiff","https:\/\/www.instagram.com\/groupecoiff\/","https:\/\/www.tiktok.com\/@groupecoiff","https:\/\/www.youtube.com\/@groupecoiff","https:\/\/twitter.com\/groupecoiff","https:\/\/www.leboncoin.fr\/boutique\/3961302\/groupe_coiff.htm"],"description":"Discover Groupe Coiff's top-of-the-range hairdressing furniture, combining elegance and functionality to enhance your salon and satisfy your customers.","email":"contact@groupecoiff.com","telephone":"0676951605","legalName":"Groupe Coiff","foundingDate":"2022-11-16","vatID":"FR84921406419","taxID":"92140641900025"}]},"product_price_amount":"579.00","product_price_currency":"EUR","og_availability":"instock","product_availability":"instock","product_condition":"new"},"jetpack_publicize_connections":[],"jetpack_likes_enabled":true,"jetpack_sharing_enabled":true,"_links":{"self":[{"href":"https:\/\/groupecoiff.com\/en\/wp-json\/wp\/v2\/product\/32054","targetHints":{"allow":["GET"]}}],"collection":[{"href":"https:\/\/groupecoiff.com\/en\/wp-json\/wp\/v2\/product"}],"about":[{"href":"https:\/\/groupecoiff.com\/en\/wp-json\/wp\/v2\/types\/product"}],"replies":[{"embeddable":true,"href":"https:\/\/groupecoiff.com\/en\/wp-json\/wp\/v2\/comments?post=32054"}],"version-history":[{"count":0,"href":"https:\/\/groupecoiff.com\/en\/wp-json\/wp\/v2\/product\/32054\/revisions"}],"wp:featuredmedia":[{"embeddable":true,"href":"https:\/\/groupecoiff.com\/en\/wp-json\/wp\/v2\/media\/32065"}],"wp:attachment":[{"href":"https:\/\/groupecoiff.com\/en\/wp-json\/wp\/v2\/media?parent=32054"}],"wp:term":[{"taxonomy":"product_brand","embeddable":true,"href":"https:\/\/groupecoiff.com\/en\/wp-json\/wp\/v2\/product_brand?post=32054"},{"taxonomy":"product_cat","embeddable":true,"href":"https:\/\/groupecoiff.com\/en\/wp-json\/wp\/v2\/product_cat?post=32054"},{"taxonomy":"product_tag","embeddable":true,"href":"https:\/\/groupecoiff.com\/en\/wp-json\/wp\/v2\/product_tag?post=32054"}],"curies":[{"name":"wp","href":"https:\/\/api.w.org\/{rel}","templated":true}]}}