{"id":32561,"date":"2024-05-06T11:45:39","date_gmt":"2024-05-06T09:45:39","guid":{"rendered":"https:\/\/groupecoiff.com\/?post_type=product&#038;p=32561"},"modified":"2024-10-02T10:29:35","modified_gmt":"2024-10-02T08:29:35","slug":"appareil-purification-de-lhydrogene-h2-6-en-1","status":"publish","type":"product","link":"https:\/\/groupecoiff.com\/en\/produit\/appareil-purification-de-lhydrogene-h2-6-en-1\/","title":{"rendered":"Appareil Purification de l&rsquo;Hydrog\u00e8ne H2 6 en 1"},"content":{"rendered":"<ul>\n<li>\n<h4><strong>Appareil Purification de l&rsquo;Hydrog\u00e8ne H2 6 en 1: R\u00e9volution dans les Soins de Beaut\u00e9<\/strong><\/h4>\n<\/li>\n<\/ul>\n<p>Offrez \u00e0 votre salon de beaut\u00e9 le summum de l&rsquo;innovation avec l&rsquo;Appareil Purification de l&rsquo;Hydrog\u00e8ne H2 6 en 1, \u00e9galement connu sous le nom de HYDROGEN PLUS. Cette machine r\u00e9volutionnaire combine six technologies avanc\u00e9es pour offrir des traitements spectaculaires et des r\u00e9sultats visibles d\u00e8s la premi\u00e8re utilisation.<\/p>\n<h5><strong>Cutting-Edge Technology<\/strong><\/h5>\n<ul>\n<li>Purificateur d\u2019Hydrog\u00e8ne Nouvelle G\u00e9n\u00e9ration: Neutralise les radicaux libres et exfolie en profondeur la peau, laissant une peau oxyg\u00e9n\u00e9e et nourrie pour un \u00e9clat naturel.<\/li>\n<\/ul>\n<h5><strong>Complete Skin Care<\/strong><\/h5>\n<ol>\n<li>Ondes Radio (RF): Stimulent la production de collag\u00e8ne et d&rsquo;\u00e9lastine, am\u00e9liorant l&rsquo;ovale du visage et r\u00e9duisant les rides.<\/li>\n<li>\u00c9chographies: Facilitent la p\u00e9n\u00e9tration des actifs cosm\u00e9tiques, activant la production de collag\u00e8ne et d\u2019\u00e9lastine pour une r\u00e9g\u00e9n\u00e9ration cutan\u00e9e en profondeur.<\/li>\n<li>Cavitation Peeling: Deep cleanses the skin and reduces imperfections using ultrasonic waves.<\/li>\n<\/ol>\n<h5><strong>Comfort and Efficiency<\/strong><\/h5>\n<ul>\n<li>Cooling Head: Refreshes the skin, reduces swelling and relaxes muscles, leaving skin hydrated and relaxed.<\/li>\n<li>Vaporizer: Evenly distributes cosmetic products, effectively moisturizing and refreshing the skin.<\/li>\n<\/ul>\n<h5><strong>Futuristic Design<\/strong><\/h5>\n<ul>\n<li>Elegant and Ergonomic Design: Aesthetic addition to any beauty salon, with compact dimensions for easy storage.<\/li>\n<li>Hygiene and Durability: High-quality materials ensuring ease of cleaning and maintenance.<\/li>\n<\/ul>\n<h5><strong>Caract\u00e9ristiques Techniques :<\/strong><\/h5>\n<ul>\n<li>Power: 160 W<\/li>\n<li>Power Supply: 220-240 V<\/li>\n<li>Ultrasound Frequency: 1 MHz<\/li>\n<li>Radio Wave Frequency: 1 MHz, bipolar<\/li>\n<li>Radio Wave Power: 20 W<\/li>\n<li>D\u00e9bit d&rsquo;Eau: 30 L<\/li>\n<\/ul>\n<h5><strong>Dimensions:<\/strong><\/h5>\n<ul>\n<li>Width: 27 cm<\/li>\n<li>Height: 27 cm (with handle for heads: 41 cm)<\/li>\n<li>Length: 40 cm<\/li>\n<\/ul>\n<p>Investissez dans le futur des soins de beaut\u00e9 avec l&rsquo;Appareil Purification de l&rsquo;Hydrog\u00e8ne H2 6 en 1, une machine r\u00e9volutionnaire pour des r\u00e9sultats visibles et des clients satisfaits.<\/p>","protected":false},"excerpt":{"rendered":"<div class=\"yst-label yst-radio__label yst-flex yst-flex-wrap yst-items-center\">Offrez-vous des traitements spectaculaires gr\u00e2ce \u00e0 l&rsquo;Appareil Multi-fonctions esth\u00e9tique et beaut\u00e9 HYDROGEN PLUS L&rsquo;alliance parfaite entre technologie avanc\u00e9e et \u00e9clat naturel.<\/div>","protected":false},"featured_media":32562,"comment_status":"open","ping_status":"closed","template":"","meta":{"googlesitekit_rrm_CAow0YCiDA:productID":"","jetpack_post_was_ever_published":false,"jetpack_publicize_message":"","jetpack_publicize_feature_enabled":true,"jetpack_social_post_already_shared":true,"jetpack_social_options":{"image_generator_settings":{"template":"highway","default_image_id":0,"font":"","enabled":false},"version":2}},"product_brand":[],"product_cat":[61,82],"product_tag":[335,336,337],"class_list":{"0":"post-32561","1":"product","2":"type-product","3":"status-publish","4":"has-post-thumbnail","6":"product_cat-mobilier-esthetique","7":"product_cat-vapozone","8":"product_tag-hydrogene-h2-6-en-1","9":"product_tag-lappareil-purification-de-lhydrogene","10":"product_tag-purificateur-dhydrogene-nouvelle-generation","12":"first","13":"instock","14":"featured","15":"taxable","16":"shipping-taxable","17":"purchasable","18":"product-type-simple"},"yoast_head":"<!-- This site is optimized with the Yoast SEO Premium plugin v27.4 (Yoast SEO v27.4) - https:\/\/yoast.com\/product\/yoast-seo-premium-wordpress\/ -->\n<title>Appareil Purification de l&#039;Hydrog\u00e8ne H2 6 en 1: Soins Innovants - Groupe Coiff<\/title>\n<meta name=\"description\" content=\"Nourrissez votre peau en profondeur avec l&#039;Appareil Purification de l&#039;Hydrog\u00e8ne H2 6 en 1. Une r\u00e9volution beaut\u00e9 pour un teint radieux!\" \/>\n<meta name=\"robots\" content=\"index, follow, max-snippet:-1, max-image-preview:large, max-video-preview:-1\" \/>\n<link rel=\"canonical\" href=\"https:\/\/groupecoiff.com\/en\/product-2\/appareil-purification-de-lhydrogene-h2-6-en-1\/\" \/>\n<meta property=\"og:locale\" content=\"en_US\" \/>\n<meta property=\"og:type\" content=\"article\" \/>\n<meta property=\"og:title\" content=\"Appareil Purification de l&#039;Hydrog\u00e8ne H2 6 en 1\" \/>\n<meta property=\"og:description\" content=\"Nourrissez votre peau en profondeur avec l&#039;Appareil Purification de l&#039;Hydrog\u00e8ne H2 6 en 1. Une r\u00e9volution beaut\u00e9 pour un teint radieux!\" \/>\n<meta property=\"og:url\" content=\"https:\/\/groupecoiff.com\/en\/product-2\/appareil-purification-de-lhydrogene-h2-6-en-1\/\" \/>\n<meta property=\"og:site_name\" content=\"Groupe Coiff\" \/>\n<meta property=\"article:publisher\" content=\"https:\/\/www.facebook.com\/GroupeCoiff\" \/>\n<meta property=\"article:modified_time\" content=\"2024-10-02T08:29:35+00:00\" \/>\n<meta property=\"og:image\" content=\"https:\/\/groupecoiff.com\/wp-content\/uploads\/2024\/05\/Appareil-Purification-de-lHydrogene-H2-6-en-1-1.webp\" \/>\n\t<meta property=\"og:image:width\" content=\"1080\" \/>\n\t<meta property=\"og:image:height\" content=\"1080\" \/>\n\t<meta property=\"og:image:type\" content=\"image\/webp\" \/>\n<meta name=\"twitter:card\" content=\"summary_large_image\" \/>\n<meta name=\"twitter:site\" content=\"@groupecoiff\" \/>\n<meta name=\"twitter:label1\" content=\"Price\" \/>\n\t<meta name=\"twitter:data1\" content=\"679,00&nbsp;&euro;\" \/>\n\t<meta name=\"twitter:label2\" content=\"Availability\" \/>\n\t<meta name=\"twitter:data2\" content=\"In stock\" \/>\n<script type=\"application\/ld+json\" class=\"yoast-schema-graph\">{\"@context\":\"https:\\\/\\\/schema.org\",\"@graph\":[{\"@type\":\"WebPage\",\"@id\":\"https:\\\/\\\/groupecoiff.com\\\/produit\\\/appareil-purification-de-lhydrogene-h2-6-en-1\\\/\",\"url\":\"https:\\\/\\\/groupecoiff.com\\\/produit\\\/appareil-purification-de-lhydrogene-h2-6-en-1\\\/\",\"name\":\"Appareil Purification de l'Hydrog\u00e8ne H2 6 en 1: Soins Innovants - Groupe Coiff\",\"isPartOf\":{\"@id\":\"https:\\\/\\\/groupecoiff.com\\\/#website\"},\"primaryImageOfPage\":{\"@id\":\"https:\\\/\\\/groupecoiff.com\\\/produit\\\/appareil-purification-de-lhydrogene-h2-6-en-1\\\/#primaryimage\"},\"image\":{\"@id\":\"https:\\\/\\\/groupecoiff.com\\\/produit\\\/appareil-purification-de-lhydrogene-h2-6-en-1\\\/#primaryimage\"},\"thumbnailUrl\":\"https:\\\/\\\/groupecoiff.com\\\/wp-content\\\/uploads\\\/2024\\\/05\\\/Appareil-Purification-de-lHydrogene-H2-6-en-1-1.webp\",\"datePublished\":\"2024-05-06T09:45:39+00:00\",\"dateModified\":\"2024-10-02T08:29:35+00:00\",\"description\":\"Nourrissez votre peau en profondeur avec l'Appareil Purification de l'Hydrog\u00e8ne H2 6 en 1. Une r\u00e9volution beaut\u00e9 pour un teint radieux!\",\"breadcrumb\":{\"@id\":\"https:\\\/\\\/groupecoiff.com\\\/produit\\\/appareil-purification-de-lhydrogene-h2-6-en-1\\\/#breadcrumb\"},\"inLanguage\":\"en-US\",\"potentialAction\":[{\"@type\":\"ReadAction\",\"target\":[\"https:\\\/\\\/groupecoiff.com\\\/produit\\\/appareil-purification-de-lhydrogene-h2-6-en-1\\\/\"]}]},{\"@type\":\"ImageObject\",\"inLanguage\":\"en-US\",\"@id\":\"https:\\\/\\\/groupecoiff.com\\\/produit\\\/appareil-purification-de-lhydrogene-h2-6-en-1\\\/#primaryimage\",\"url\":\"https:\\\/\\\/groupecoiff.com\\\/wp-content\\\/uploads\\\/2024\\\/05\\\/Appareil-Purification-de-lHydrogene-H2-6-en-1-1.webp\",\"contentUrl\":\"https:\\\/\\\/groupecoiff.com\\\/wp-content\\\/uploads\\\/2024\\\/05\\\/Appareil-Purification-de-lHydrogene-H2-6-en-1-1.webp\",\"width\":1080,\"height\":1080,\"caption\":\"Appareil Purification de l'Hydrog\u00e8ne H2 6 en 1 - Appareil Multi-fonctions esth\u00e9tique et beaut\u00e9 HYDROGEN PLUS - machine a Eau \u00e0 Hydrog\u00e8ne et oxyg\u00e9ne - Purificateur d'hydrog\u00e8ne nouvelle g\u00e9n\u00e9ration - Appareil esth\u00e9tique et beaut\u00e9 HYDROGEN PLUS\"},{\"@type\":\"BreadcrumbList\",\"@id\":\"https:\\\/\\\/groupecoiff.com\\\/produit\\\/appareil-purification-de-lhydrogene-h2-6-en-1\\\/#breadcrumb\",\"itemListElement\":[{\"@type\":\"ListItem\",\"position\":1,\"name\":\"Accueil\",\"item\":\"https:\\\/\\\/groupecoiff.com\\\/\"},{\"@type\":\"ListItem\",\"position\":2,\"name\":\"Boutique\",\"item\":\"https:\\\/\\\/groupecoiff.com\\\/boutique\\\/\"},{\"@type\":\"ListItem\",\"position\":3,\"name\":\"Appareil Purification de l&rsquo;Hydrog\u00e8ne H2 6 en 1\"}]},{\"@type\":\"WebSite\",\"@id\":\"https:\\\/\\\/groupecoiff.com\\\/#website\",\"url\":\"https:\\\/\\\/groupecoiff.com\\\/\",\"name\":\"Groupe Coiff\",\"description\":\"Tout pour la coiffure\",\"publisher\":{\"@id\":\"https:\\\/\\\/groupecoiff.com\\\/#organization\"},\"potentialAction\":[{\"@type\":\"SearchAction\",\"target\":{\"@type\":\"EntryPoint\",\"urlTemplate\":\"https:\\\/\\\/groupecoiff.com\\\/?s={search_term_string}\"},\"query-input\":{\"@type\":\"PropertyValueSpecification\",\"valueRequired\":true,\"valueName\":\"search_term_string\"}}],\"inLanguage\":\"en-US\"},{\"@type\":\"Organization\",\"@id\":\"https:\\\/\\\/groupecoiff.com\\\/#organization\",\"name\":\"Groupe Coiff\",\"alternateName\":\"Groupe Coiff : Le Mobilier De Coiffure Haut de Gamme Pour Une \u00c9l\u00e9gance In\u00e9gal\u00e9e\",\"url\":\"https:\\\/\\\/groupecoiff.com\\\/\",\"logo\":{\"@type\":\"ImageObject\",\"inLanguage\":\"en-US\",\"@id\":\"https:\\\/\\\/groupecoiff.com\\\/#\\\/schema\\\/logo\\\/image\\\/\",\"url\":\"https:\\\/\\\/groupecoiff.com\\\/wp-content\\\/uploads\\\/2024\\\/01\\\/cropped-Groupe-Coiff-Logo.webp\",\"contentUrl\":\"https:\\\/\\\/groupecoiff.com\\\/wp-content\\\/uploads\\\/2024\\\/01\\\/cropped-Groupe-Coiff-Logo.webp\",\"width\":512,\"height\":512,\"caption\":\"Groupe Coiff\"},\"image\":{\"@id\":\"https:\\\/\\\/groupecoiff.com\\\/#\\\/schema\\\/logo\\\/image\\\/\"},\"sameAs\":[\"https:\\\/\\\/www.facebook.com\\\/GroupeCoiff\",\"https:\\\/\\\/x.com\\\/groupecoiff\",\"https:\\\/\\\/www.instagram.com\\\/groupecoiff\\\/\",\"https:\\\/\\\/www.tiktok.com\\\/@groupecoiff\",\"https:\\\/\\\/www.youtube.com\\\/@groupecoiff\",\"https:\\\/\\\/twitter.com\\\/groupecoiff\",\"https:\\\/\\\/www.leboncoin.fr\\\/boutique\\\/3961302\\\/groupe_coiff.htm\"],\"description\":\"D\u00e9couvrez le mobilier de coiffure haut de gamme de Groupe Coiff, alliant \u00e9l\u00e9gance et fonctionnalit\u00e9 pour sublimer votre salon et satisfaire vos clients.\",\"email\":\"contact@groupecoiff.com\",\"telephone\":\"0676951605\",\"legalName\":\"Groupe Coiff\",\"foundingDate\":\"2022-11-16\",\"vatID\":\"FR84921406419\",\"taxID\":\"92140641900025\"}]}<\/script>\n<meta property=\"product:price:amount\" content=\"679.00\" \/>\n<meta property=\"product:price:currency\" content=\"EUR\" \/>\n<meta property=\"og:availability\" content=\"instock\" \/>\n<meta property=\"product:availability\" content=\"instock\" \/>\n<meta property=\"product:condition\" content=\"new\" \/>\n<!-- \/ Yoast SEO Premium plugin. -->","yoast_head_json":{"title":"H2 Hydrogen Purification Device 6 in 1: Innovative Treatments - Groupe Coiff","description":"Nourish your skin deeply with the H2 Hydrogen Purification Device 6 in 1. A beauty revolution for a radiant complexion!","robots":{"index":"index","follow":"follow","max-snippet":"max-snippet:-1","max-image-preview":"max-image-preview:large","max-video-preview":"max-video-preview:-1"},"canonical":"https:\/\/groupecoiff.com\/en\/product-2\/appareil-purification-de-lhydrogene-h2-6-en-1\/","og_locale":"en_US","og_type":"article","og_title":"Appareil Purification de l'Hydrog\u00e8ne H2 6 en 1","og_description":"Nourrissez votre peau en profondeur avec l'Appareil Purification de l'Hydrog\u00e8ne H2 6 en 1. Une r\u00e9volution beaut\u00e9 pour un teint radieux!","og_url":"https:\/\/groupecoiff.com\/en\/product-2\/appareil-purification-de-lhydrogene-h2-6-en-1\/","og_site_name":"Groupe Coiff","article_publisher":"https:\/\/www.facebook.com\/GroupeCoiff","article_modified_time":"2024-10-02T08:29:35+00:00","og_image":[{"width":1080,"height":1080,"url":"https:\/\/groupecoiff.com\/wp-content\/uploads\/2024\/05\/Appareil-Purification-de-lHydrogene-H2-6-en-1-1.webp","type":"image\/webp"}],"twitter_card":"summary_large_image","twitter_site":"@groupecoiff","twitter_misc":{"Price":"679,00&nbsp;&euro;","Availability":"In stock"},"schema":{"@context":"https:\/\/schema.org","@graph":[{"@type":"WebPage","@id":"https:\/\/groupecoiff.com\/produit\/appareil-purification-de-lhydrogene-h2-6-en-1\/","url":"https:\/\/groupecoiff.com\/produit\/appareil-purification-de-lhydrogene-h2-6-en-1\/","name":"H2 Hydrogen Purification Device 6 in 1: Innovative Treatments - Groupe Coiff","isPartOf":{"@id":"https:\/\/groupecoiff.com\/#website"},"primaryImageOfPage":{"@id":"https:\/\/groupecoiff.com\/produit\/appareil-purification-de-lhydrogene-h2-6-en-1\/#primaryimage"},"image":{"@id":"https:\/\/groupecoiff.com\/produit\/appareil-purification-de-lhydrogene-h2-6-en-1\/#primaryimage"},"thumbnailUrl":"https:\/\/groupecoiff.com\/wp-content\/uploads\/2024\/05\/Appareil-Purification-de-lHydrogene-H2-6-en-1-1.webp","datePublished":"2024-05-06T09:45:39+00:00","dateModified":"2024-10-02T08:29:35+00:00","description":"Nourish your skin deeply with the H2 Hydrogen Purification Device 6 in 1. A beauty revolution for a radiant complexion!","breadcrumb":{"@id":"https:\/\/groupecoiff.com\/produit\/appareil-purification-de-lhydrogene-h2-6-en-1\/#breadcrumb"},"inLanguage":"en-US","potentialAction":[{"@type":"ReadAction","target":["https:\/\/groupecoiff.com\/produit\/appareil-purification-de-lhydrogene-h2-6-en-1\/"]}]},{"@type":"ImageObject","inLanguage":"en-US","@id":"https:\/\/groupecoiff.com\/produit\/appareil-purification-de-lhydrogene-h2-6-en-1\/#primaryimage","url":"https:\/\/groupecoiff.com\/wp-content\/uploads\/2024\/05\/Appareil-Purification-de-lHydrogene-H2-6-en-1-1.webp","contentUrl":"https:\/\/groupecoiff.com\/wp-content\/uploads\/2024\/05\/Appareil-Purification-de-lHydrogene-H2-6-en-1-1.webp","width":1080,"height":1080,"caption":"Appareil Purification de l'Hydrog\u00e8ne H2 6 en 1 - Appareil Multi-fonctions esth\u00e9tique et beaut\u00e9 HYDROGEN PLUS - machine a Eau \u00e0 Hydrog\u00e8ne et oxyg\u00e9ne - Purificateur d'hydrog\u00e8ne nouvelle g\u00e9n\u00e9ration - Appareil esth\u00e9tique et beaut\u00e9 HYDROGEN PLUS"},{"@type":"BreadcrumbList","@id":"https:\/\/groupecoiff.com\/produit\/appareil-purification-de-lhydrogene-h2-6-en-1\/#breadcrumb","itemListElement":[{"@type":"ListItem","position":1,"name":"Accueil","item":"https:\/\/groupecoiff.com\/"},{"@type":"ListItem","position":2,"name":"Boutique","item":"https:\/\/groupecoiff.com\/boutique\/"},{"@type":"ListItem","position":3,"name":"Appareil Purification de l&rsquo;Hydrog\u00e8ne H2 6 en 1"}]},{"@type":"WebSite","@id":"https:\/\/groupecoiff.com\/#website","url":"https:\/\/groupecoiff.com\/","name":"Coiff Group","description":"Everything for the hairdresser","publisher":{"@id":"https:\/\/groupecoiff.com\/#organization"},"potentialAction":[{"@type":"SearchAction","target":{"@type":"EntryPoint","urlTemplate":"https:\/\/groupecoiff.com\/?s={search_term_string}"},"query-input":{"@type":"PropertyValueSpecification","valueRequired":true,"valueName":"search_term_string"}}],"inLanguage":"en-US"},{"@type":"Organization","@id":"https:\/\/groupecoiff.com\/#organization","name":"Coiff Group","alternateName":"Groupe Coiff : Le Mobilier De Coiffure Haut de Gamme Pour Une \u00c9l\u00e9gance In\u00e9gal\u00e9e","url":"https:\/\/groupecoiff.com\/","logo":{"@type":"ImageObject","inLanguage":"en-US","@id":"https:\/\/groupecoiff.com\/#\/schema\/logo\/image\/","url":"https:\/\/groupecoiff.com\/wp-content\/uploads\/2024\/01\/cropped-Groupe-Coiff-Logo.webp","contentUrl":"https:\/\/groupecoiff.com\/wp-content\/uploads\/2024\/01\/cropped-Groupe-Coiff-Logo.webp","width":512,"height":512,"caption":"Groupe Coiff"},"image":{"@id":"https:\/\/groupecoiff.com\/#\/schema\/logo\/image\/"},"sameAs":["https:\/\/www.facebook.com\/GroupeCoiff","https:\/\/x.com\/groupecoiff","https:\/\/www.instagram.com\/groupecoiff\/","https:\/\/www.tiktok.com\/@groupecoiff","https:\/\/www.youtube.com\/@groupecoiff","https:\/\/twitter.com\/groupecoiff","https:\/\/www.leboncoin.fr\/boutique\/3961302\/groupe_coiff.htm"],"description":"Discover Groupe Coiff's top-of-the-range hairdressing furniture, combining elegance and functionality to enhance your salon and satisfy your customers.","email":"contact@groupecoiff.com","telephone":"0676951605","legalName":"Groupe Coiff","foundingDate":"2022-11-16","vatID":"FR84921406419","taxID":"92140641900025"}]},"product_price_amount":"679.00","product_price_currency":"EUR","og_availability":"instock","product_availability":"instock","product_condition":"new"},"jetpack_publicize_connections":[],"jetpack_likes_enabled":true,"jetpack_sharing_enabled":true,"_links":{"self":[{"href":"https:\/\/groupecoiff.com\/en\/wp-json\/wp\/v2\/product\/32561","targetHints":{"allow":["GET"]}}],"collection":[{"href":"https:\/\/groupecoiff.com\/en\/wp-json\/wp\/v2\/product"}],"about":[{"href":"https:\/\/groupecoiff.com\/en\/wp-json\/wp\/v2\/types\/product"}],"replies":[{"embeddable":true,"href":"https:\/\/groupecoiff.com\/en\/wp-json\/wp\/v2\/comments?post=32561"}],"version-history":[{"count":0,"href":"https:\/\/groupecoiff.com\/en\/wp-json\/wp\/v2\/product\/32561\/revisions"}],"wp:featuredmedia":[{"embeddable":true,"href":"https:\/\/groupecoiff.com\/en\/wp-json\/wp\/v2\/media\/32562"}],"wp:attachment":[{"href":"https:\/\/groupecoiff.com\/en\/wp-json\/wp\/v2\/media?parent=32561"}],"wp:term":[{"taxonomy":"product_brand","embeddable":true,"href":"https:\/\/groupecoiff.com\/en\/wp-json\/wp\/v2\/product_brand?post=32561"},{"taxonomy":"product_cat","embeddable":true,"href":"https:\/\/groupecoiff.com\/en\/wp-json\/wp\/v2\/product_cat?post=32561"},{"taxonomy":"product_tag","embeddable":true,"href":"https:\/\/groupecoiff.com\/en\/wp-json\/wp\/v2\/product_tag?post=32561"}],"curies":[{"name":"wp","href":"https:\/\/api.w.org\/{rel}","templated":true}]}}