{"id":32605,"date":"2024-05-07T09:32:58","date_gmt":"2024-05-07T07:32:58","guid":{"rendered":"https:\/\/groupecoiff.com\/?post_type=product&#038;p=32605"},"modified":"2026-03-19T20:20:31","modified_gmt":"2026-03-19T19:20:31","slug":"fauteuil-barbier-leo-gold-black","status":"publish","type":"product","link":"https:\/\/groupecoiff.com\/en\/produit\/fauteuil-barbier-leo-gold-black\/","title":{"rendered":"Fauteuil Barbier LEO Gold Black"},"content":{"rendered":"<ul>\n<li>\n<h3>Fauteuil Barbier LEO Gold BLACK : \u00c9l\u00e9gance et Confort<\/h3>\n<\/li>\n<\/ul>\n<p>D\u00e9couvrez le Fauteuil de barbier LEO Gold BLACK, un parfait m\u00e9lange de style et de fonctionnalit\u00e9 pour votre salon de coiffure.<\/p>\n<ul>\n<li><strong>Elegant and Vintage Design<\/strong><\/li>\n<\/ul>\n<p>This vintage barber chair boasts a sophisticated look. Its black upholstery and retro design add a unique touch to your space.<\/p>\n<ul>\n<li><strong>Comfort and customization<\/strong><\/li>\n<\/ul>\n<p>The professional barber chair is equipped with a robust hydraulic pump. Easily adjust the height from 54 to 67 cm, even with a seated client. The reclining backrest and adjustable footrest offer optimum comfort.<\/p>\n<p><strong>Settings<\/strong> :<br \/>\nSeat height: 54-67 cm<br \/>\nAdjustable footrest<br \/>\nDossier inclinable<\/p>\n<ul>\n<li><strong>Stability and durability<\/strong><\/li>\n<\/ul>\n<p>The wide, stable base guarantees safe use. Synthetic leather upholstery resists moisture. Padded armrests offer optimum support.<\/p>\n<ul>\n<li><strong>Technical specifications<\/strong><\/li>\n<\/ul>\n<p>Dimensions:<br \/>\nTotal height: 105 cm<br \/>\nTotal width: 64 cm<br \/>\nDepth: 60 cm<\/p>\n<p>La gamme des fauteuils de barbier LEO est aussi disponible en blanc, dor\u00e9, chrom\u00e9 et gris. Optez pour le Fauteuil de barbier LEO Gold BLACK et offrez \u00e0 vos clients une exp\u00e9rience de coiffure in\u00e9gal\u00e9e.<\/p>","protected":false},"excerpt":{"rendered":"<p>D\u00e9couvrez la chaise Barbier LEO Black pour une exp\u00e9rience de luxe et de confort incomparable. Soyez \u00e0 la pointe de la tendance dans votre salon de coiffure!<\/p>","protected":false},"featured_media":32647,"comment_status":"open","ping_status":"closed","template":"","meta":{"googlesitekit_rrm_CAow0YCiDA:productID":"","jetpack_publicize_message":"","jetpack_publicize_feature_enabled":true,"jetpack_social_post_already_shared":true,"jetpack_social_options":{"image_generator_settings":{"template":"highway","default_image_id":0,"font":"","enabled":false},"version":2}},"product_brand":[],"product_cat":[51,313],"product_tag":[121,123,324,125],"class_list":{"0":"post-32605","1":"product","2":"type-product","3":"status-publish","4":"has-post-thumbnail","6":"product_cat-fauteuil-de-barbier-professionnel","7":"product_cat-meuble-de-coiffure","8":"product_tag-fauteuil-barbier","9":"product_tag-fauteuil-de-barbier","10":"product_tag-meuble-de-coiffure-professionnel","11":"product_tag-salon-de-coiffure","13":"first","14":"instock","15":"sale","16":"featured","17":"taxable","18":"shipping-taxable","19":"purchasable","20":"product-type-simple"},"yoast_head":"<!-- This site is optimized with the Yoast SEO Premium plugin v27.5 (Yoast SEO v27.5) - https:\/\/yoast.com\/product\/yoast-seo-premium-wordpress\/ -->\n<title>Fauteuil Barbier LEO Gold Black: Luxe et Confort dans votre Salon - Groupe Coiff<\/title>\n<meta name=\"description\" content=\"Offrez \u00e0 votre salon de coiffure un look sophistiqu\u00e9 avec le Fauteuil Barbier LEO Gold Black. Design \u00e9l\u00e9gant et confort maximal pour satisfaire vos clients.\" \/>\n<meta name=\"robots\" content=\"index, follow, max-snippet:-1, max-image-preview:large, max-video-preview:-1\" \/>\n<link rel=\"canonical\" href=\"https:\/\/groupecoiff.com\/en\/product-2\/fauteuil-barbier-leo-gold-black\/\" \/>\n<meta property=\"og:locale\" content=\"en_US\" \/>\n<meta property=\"og:type\" content=\"article\" \/>\n<meta property=\"og:title\" content=\"Fauteuil Barbier LEO Gold Black\" \/>\n<meta property=\"og:description\" content=\"Offrez \u00e0 votre salon de coiffure un look sophistiqu\u00e9 avec le Fauteuil Barbier LEO Gold Black. Design \u00e9l\u00e9gant et confort maximal pour satisfaire vos clients.\" \/>\n<meta property=\"og:url\" content=\"https:\/\/groupecoiff.com\/en\/product-2\/fauteuil-barbier-leo-gold-black\/\" \/>\n<meta property=\"og:site_name\" content=\"Groupe Coiff\" \/>\n<meta property=\"article:publisher\" content=\"https:\/\/www.facebook.com\/GroupeCoiff\" \/>\n<meta property=\"article:modified_time\" content=\"2026-03-19T19:20:31+00:00\" \/>\n<meta property=\"og:image\" content=\"https:\/\/groupecoiff.com\/wp-content\/uploads\/2024\/05\/Fauteuil-Barbier-LEO-Gold-Black-5.webp\" \/>\n\t<meta property=\"og:image:width\" content=\"1080\" \/>\n\t<meta property=\"og:image:height\" content=\"1080\" \/>\n\t<meta property=\"og:image:type\" content=\"image\/webp\" \/>\n<meta name=\"twitter:card\" content=\"summary_large_image\" \/>\n<meta name=\"twitter:site\" content=\"@groupecoiff\" \/>\n<meta name=\"twitter:label1\" content=\"Price\" \/>\n\t<meta name=\"twitter:data1\" content=\"799,00&nbsp;&euro;\" \/>\n\t<meta name=\"twitter:label2\" content=\"Availability\" \/>\n\t<meta name=\"twitter:data2\" content=\"In stock\" \/>\n<script type=\"application\/ld+json\" class=\"yoast-schema-graph\">{\"@context\":\"https:\\\/\\\/schema.org\",\"@graph\":[{\"@type\":\"WebPage\",\"@id\":\"https:\\\/\\\/groupecoiff.com\\\/produit\\\/fauteuil-barbier-leo-gold-black\\\/\",\"url\":\"https:\\\/\\\/groupecoiff.com\\\/produit\\\/fauteuil-barbier-leo-gold-black\\\/\",\"name\":\"Fauteuil Barbier LEO Gold Black: Luxe et Confort dans votre Salon - Groupe Coiff\",\"isPartOf\":{\"@id\":\"https:\\\/\\\/groupecoiff.com\\\/#website\"},\"primaryImageOfPage\":{\"@id\":\"https:\\\/\\\/groupecoiff.com\\\/produit\\\/fauteuil-barbier-leo-gold-black\\\/#primaryimage\"},\"image\":{\"@id\":\"https:\\\/\\\/groupecoiff.com\\\/produit\\\/fauteuil-barbier-leo-gold-black\\\/#primaryimage\"},\"thumbnailUrl\":\"https:\\\/\\\/groupecoiff.com\\\/wp-content\\\/uploads\\\/2024\\\/05\\\/Fauteuil-Barbier-LEO-Gold-Black-5.webp\",\"datePublished\":\"2024-05-07T07:32:58+00:00\",\"dateModified\":\"2026-03-19T19:20:31+00:00\",\"description\":\"Offrez \u00e0 votre salon de coiffure un look sophistiqu\u00e9 avec le Fauteuil Barbier LEO Gold Black. Design \u00e9l\u00e9gant et confort maximal pour satisfaire vos clients.\",\"breadcrumb\":{\"@id\":\"https:\\\/\\\/groupecoiff.com\\\/produit\\\/fauteuil-barbier-leo-gold-black\\\/#breadcrumb\"},\"inLanguage\":\"en-US\",\"potentialAction\":[{\"@type\":\"ReadAction\",\"target\":[\"https:\\\/\\\/groupecoiff.com\\\/produit\\\/fauteuil-barbier-leo-gold-black\\\/\"]}]},{\"@type\":\"ImageObject\",\"inLanguage\":\"en-US\",\"@id\":\"https:\\\/\\\/groupecoiff.com\\\/produit\\\/fauteuil-barbier-leo-gold-black\\\/#primaryimage\",\"url\":\"https:\\\/\\\/groupecoiff.com\\\/wp-content\\\/uploads\\\/2024\\\/05\\\/Fauteuil-Barbier-LEO-Gold-Black-5.webp\",\"contentUrl\":\"https:\\\/\\\/groupecoiff.com\\\/wp-content\\\/uploads\\\/2024\\\/05\\\/Fauteuil-Barbier-LEO-Gold-Black-5.webp\",\"width\":1080,\"height\":1080,\"caption\":\"Fauteuil Barbier LEO Gold Black - chaise Barbier LEO Gold Black - Fauteuil de Barbier LEO\u00a0Gold Black - Fauteuil de coiffure LEO\u00a0Gold Black - mobilier de coiffure haut de gamme\"},{\"@type\":\"BreadcrumbList\",\"@id\":\"https:\\\/\\\/groupecoiff.com\\\/produit\\\/fauteuil-barbier-leo-gold-black\\\/#breadcrumb\",\"itemListElement\":[{\"@type\":\"ListItem\",\"position\":1,\"name\":\"Accueil\",\"item\":\"https:\\\/\\\/groupecoiff.com\\\/\"},{\"@type\":\"ListItem\",\"position\":2,\"name\":\"Boutique\",\"item\":\"https:\\\/\\\/groupecoiff.com\\\/en\\\/boutique\\\/\"},{\"@type\":\"ListItem\",\"position\":3,\"name\":\"Fauteuil Barbier LEO Gold Black\"}]},{\"@type\":\"WebSite\",\"@id\":\"https:\\\/\\\/groupecoiff.com\\\/#website\",\"url\":\"https:\\\/\\\/groupecoiff.com\\\/\",\"name\":\"Groupe Coiff\",\"description\":\"Tout pour la coiffure\",\"publisher\":{\"@id\":\"https:\\\/\\\/groupecoiff.com\\\/#organization\"},\"potentialAction\":[{\"@type\":\"SearchAction\",\"target\":{\"@type\":\"EntryPoint\",\"urlTemplate\":\"https:\\\/\\\/groupecoiff.com\\\/?s={search_term_string}\"},\"query-input\":{\"@type\":\"PropertyValueSpecification\",\"valueRequired\":true,\"valueName\":\"search_term_string\"}}],\"inLanguage\":\"en-US\"},{\"@type\":\"Organization\",\"@id\":\"https:\\\/\\\/groupecoiff.com\\\/#organization\",\"name\":\"Groupe Coiff\",\"alternateName\":\"Groupe Coiff : Le Mobilier De Coiffure Haut de Gamme Pour Une \u00c9l\u00e9gance In\u00e9gal\u00e9e\",\"url\":\"https:\\\/\\\/groupecoiff.com\\\/\",\"logo\":{\"@type\":\"ImageObject\",\"inLanguage\":\"en-US\",\"@id\":\"https:\\\/\\\/groupecoiff.com\\\/#\\\/schema\\\/logo\\\/image\\\/\",\"url\":\"https:\\\/\\\/groupecoiff.com\\\/wp-content\\\/uploads\\\/2024\\\/01\\\/cropped-Groupe-Coiff-Logo.webp\",\"contentUrl\":\"https:\\\/\\\/groupecoiff.com\\\/wp-content\\\/uploads\\\/2024\\\/01\\\/cropped-Groupe-Coiff-Logo.webp\",\"width\":512,\"height\":512,\"caption\":\"Groupe Coiff\"},\"image\":{\"@id\":\"https:\\\/\\\/groupecoiff.com\\\/#\\\/schema\\\/logo\\\/image\\\/\"},\"sameAs\":[\"https:\\\/\\\/www.facebook.com\\\/GroupeCoiff\",\"https:\\\/\\\/x.com\\\/groupecoiff\",\"https:\\\/\\\/www.instagram.com\\\/groupecoiff\\\/\",\"https:\\\/\\\/www.tiktok.com\\\/@groupecoiff\",\"https:\\\/\\\/www.youtube.com\\\/@groupecoiff\",\"https:\\\/\\\/twitter.com\\\/groupecoiff\",\"https:\\\/\\\/www.leboncoin.fr\\\/boutique\\\/3961302\\\/groupe_coiff.htm\"],\"description\":\"D\u00e9couvrez le mobilier de coiffure haut de gamme de Groupe Coiff, alliant \u00e9l\u00e9gance et fonctionnalit\u00e9 pour sublimer votre salon et satisfaire vos clients.\",\"email\":\"contact@groupecoiff.com\",\"telephone\":\"0676951605\",\"legalName\":\"Groupe Coiff\",\"foundingDate\":\"2022-11-16\",\"vatID\":\"FR84921406419\",\"taxID\":\"92140641900025\"}]}<\/script>\n<meta property=\"product:price:amount\" content=\"799.00\" \/>\n<meta property=\"product:price:currency\" content=\"EUR\" \/>\n<meta property=\"og:availability\" content=\"instock\" \/>\n<meta property=\"product:availability\" content=\"instock\" \/>\n<meta property=\"product:condition\" content=\"new\" \/>\n<!-- \/ Yoast SEO Premium plugin. -->","yoast_head_json":{"title":"LEO Gold Black Barber Chair: Luxury and Comfort in your Salon - Groupe Coiff","description":"Offrez \u00e0 votre salon de coiffure un look sophistiqu\u00e9 avec le Fauteuil Barbier LEO Black. Design \u00e9l\u00e9gant et confort maximal pour satisfaire vos clients.","robots":{"index":"index","follow":"follow","max-snippet":"max-snippet:-1","max-image-preview":"max-image-preview:large","max-video-preview":"max-video-preview:-1"},"canonical":"https:\/\/groupecoiff.com\/en\/product-2\/fauteuil-barbier-leo-gold-black\/","og_locale":"en_US","og_type":"article","og_title":"Fauteuil Barbier LEO Gold Black","og_description":"Offrez \u00e0 votre salon de coiffure un look sophistiqu\u00e9 avec le Fauteuil Barbier LEO Gold Black. Design \u00e9l\u00e9gant et confort maximal pour satisfaire vos clients.","og_url":"https:\/\/groupecoiff.com\/en\/product-2\/fauteuil-barbier-leo-gold-black\/","og_site_name":"Groupe Coiff","article_publisher":"https:\/\/www.facebook.com\/GroupeCoiff","article_modified_time":"2026-03-19T19:20:31+00:00","og_image":[{"width":1080,"height":1080,"url":"https:\/\/groupecoiff.com\/wp-content\/uploads\/2024\/05\/Fauteuil-Barbier-LEO-Gold-Black-5.webp","type":"image\/webp"}],"twitter_card":"summary_large_image","twitter_site":"@groupecoiff","twitter_misc":{"Price":"799,00&nbsp;&euro;","Availability":"In stock"},"schema":{"@context":"https:\/\/schema.org","@graph":[{"@type":"WebPage","@id":"https:\/\/groupecoiff.com\/produit\/fauteuil-barbier-leo-gold-black\/","url":"https:\/\/groupecoiff.com\/produit\/fauteuil-barbier-leo-gold-black\/","name":"LEO Gold Black Barber Chair: Luxury and Comfort in your Salon - Groupe Coiff","isPartOf":{"@id":"https:\/\/groupecoiff.com\/#website"},"primaryImageOfPage":{"@id":"https:\/\/groupecoiff.com\/produit\/fauteuil-barbier-leo-gold-black\/#primaryimage"},"image":{"@id":"https:\/\/groupecoiff.com\/produit\/fauteuil-barbier-leo-gold-black\/#primaryimage"},"thumbnailUrl":"https:\/\/groupecoiff.com\/wp-content\/uploads\/2024\/05\/Fauteuil-Barbier-LEO-Gold-Black-5.webp","datePublished":"2024-05-07T07:32:58+00:00","dateModified":"2026-03-19T19:20:31+00:00","description":"Offrez \u00e0 votre salon de coiffure un look sophistiqu\u00e9 avec le Fauteuil Barbier LEO Black. Design \u00e9l\u00e9gant et confort maximal pour satisfaire vos clients.","breadcrumb":{"@id":"https:\/\/groupecoiff.com\/produit\/fauteuil-barbier-leo-gold-black\/#breadcrumb"},"inLanguage":"en-US","potentialAction":[{"@type":"ReadAction","target":["https:\/\/groupecoiff.com\/produit\/fauteuil-barbier-leo-gold-black\/"]}]},{"@type":"ImageObject","inLanguage":"en-US","@id":"https:\/\/groupecoiff.com\/produit\/fauteuil-barbier-leo-gold-black\/#primaryimage","url":"https:\/\/groupecoiff.com\/wp-content\/uploads\/2024\/05\/Fauteuil-Barbier-LEO-Gold-Black-5.webp","contentUrl":"https:\/\/groupecoiff.com\/wp-content\/uploads\/2024\/05\/Fauteuil-Barbier-LEO-Gold-Black-5.webp","width":1080,"height":1080,"caption":"Fauteuil Barbier LEO Gold Black - chaise Barbier LEO Gold Black - Fauteuil de Barbier LEO\u00a0Gold Black - Fauteuil de coiffure LEO\u00a0Gold Black - mobilier de coiffure haut de gamme"},{"@type":"BreadcrumbList","@id":"https:\/\/groupecoiff.com\/produit\/fauteuil-barbier-leo-gold-black\/#breadcrumb","itemListElement":[{"@type":"ListItem","position":1,"name":"Accueil","item":"https:\/\/groupecoiff.com\/"},{"@type":"ListItem","position":2,"name":"Boutique","item":"https:\/\/groupecoiff.com\/en\/boutique\/"},{"@type":"ListItem","position":3,"name":"Fauteuil Barbier LEO Gold Black"}]},{"@type":"WebSite","@id":"https:\/\/groupecoiff.com\/#website","url":"https:\/\/groupecoiff.com\/","name":"Coiff Group","description":"Everything for the hairdresser","publisher":{"@id":"https:\/\/groupecoiff.com\/#organization"},"potentialAction":[{"@type":"SearchAction","target":{"@type":"EntryPoint","urlTemplate":"https:\/\/groupecoiff.com\/?s={search_term_string}"},"query-input":{"@type":"PropertyValueSpecification","valueRequired":true,"valueName":"search_term_string"}}],"inLanguage":"en-US"},{"@type":"Organization","@id":"https:\/\/groupecoiff.com\/#organization","name":"Coiff Group","alternateName":"Groupe Coiff : Le Mobilier De Coiffure Haut de Gamme Pour Une \u00c9l\u00e9gance In\u00e9gal\u00e9e","url":"https:\/\/groupecoiff.com\/","logo":{"@type":"ImageObject","inLanguage":"en-US","@id":"https:\/\/groupecoiff.com\/#\/schema\/logo\/image\/","url":"https:\/\/groupecoiff.com\/wp-content\/uploads\/2024\/01\/cropped-Groupe-Coiff-Logo.webp","contentUrl":"https:\/\/groupecoiff.com\/wp-content\/uploads\/2024\/01\/cropped-Groupe-Coiff-Logo.webp","width":512,"height":512,"caption":"Groupe Coiff"},"image":{"@id":"https:\/\/groupecoiff.com\/#\/schema\/logo\/image\/"},"sameAs":["https:\/\/www.facebook.com\/GroupeCoiff","https:\/\/x.com\/groupecoiff","https:\/\/www.instagram.com\/groupecoiff\/","https:\/\/www.tiktok.com\/@groupecoiff","https:\/\/www.youtube.com\/@groupecoiff","https:\/\/twitter.com\/groupecoiff","https:\/\/www.leboncoin.fr\/boutique\/3961302\/groupe_coiff.htm"],"description":"Discover Groupe Coiff's top-of-the-range hairdressing furniture, combining elegance and functionality to enhance your salon and satisfy your customers.","email":"contact@groupecoiff.com","telephone":"0676951605","legalName":"Groupe Coiff","foundingDate":"2022-11-16","vatID":"FR84921406419","taxID":"92140641900025"}]},"product_price_amount":"799.00","product_price_currency":"EUR","og_availability":"instock","product_availability":"instock","product_condition":"new"},"jetpack_publicize_connections":[],"jetpack_likes_enabled":true,"jetpack_sharing_enabled":true,"_links":{"self":[{"href":"https:\/\/groupecoiff.com\/en\/wp-json\/wp\/v2\/product\/32605","targetHints":{"allow":["GET"]}}],"collection":[{"href":"https:\/\/groupecoiff.com\/en\/wp-json\/wp\/v2\/product"}],"about":[{"href":"https:\/\/groupecoiff.com\/en\/wp-json\/wp\/v2\/types\/product"}],"replies":[{"embeddable":true,"href":"https:\/\/groupecoiff.com\/en\/wp-json\/wp\/v2\/comments?post=32605"}],"version-history":[{"count":1,"href":"https:\/\/groupecoiff.com\/en\/wp-json\/wp\/v2\/product\/32605\/revisions"}],"predecessor-version":[{"id":51312,"href":"https:\/\/groupecoiff.com\/en\/wp-json\/wp\/v2\/product\/32605\/revisions\/51312"}],"wp:featuredmedia":[{"embeddable":true,"href":"https:\/\/groupecoiff.com\/en\/wp-json\/wp\/v2\/media\/32647"}],"wp:attachment":[{"href":"https:\/\/groupecoiff.com\/en\/wp-json\/wp\/v2\/media?parent=32605"}],"wp:term":[{"taxonomy":"product_brand","embeddable":true,"href":"https:\/\/groupecoiff.com\/en\/wp-json\/wp\/v2\/product_brand?post=32605"},{"taxonomy":"product_cat","embeddable":true,"href":"https:\/\/groupecoiff.com\/en\/wp-json\/wp\/v2\/product_cat?post=32605"},{"taxonomy":"product_tag","embeddable":true,"href":"https:\/\/groupecoiff.com\/en\/wp-json\/wp\/v2\/product_tag?post=32605"}],"curies":[{"name":"wp","href":"https:\/\/api.w.org\/{rel}","templated":true}]}}