{"id":32655,"date":"2024-05-07T10:00:08","date_gmt":"2024-05-07T08:00:08","guid":{"rendered":"https:\/\/groupecoiff.com\/?post_type=product&#038;p=32655"},"modified":"2025-04-21T10:39:00","modified_gmt":"2025-04-21T08:39:00","slug":"fauteuil-barbier-leo-gold-white","status":"publish","type":"product","link":"https:\/\/groupecoiff.com\/en\/produit\/fauteuil-barbier-leo-gold-white\/","title":{"rendered":"LEO Gold White Barber Chair"},"content":{"rendered":"<ul>\n<li>\n<h4>Fauteuil Barbier LEO Gold White : \u00c9l\u00e9gance et Confort<\/h4>\n<\/li>\n<\/ul>\n<p>D\u00e9couvrez le Fauteuil de barbier LEO FULL Gold White, un parfait m\u00e9lange de style et de fonctionnalit\u00e9 pour votre salon de coiffure.<\/p>\n<ul>\n<li><strong>Elegant and Vintage Design<\/strong><\/li>\n<\/ul>\n<p>This vintage barber chair boasts a sophisticated look. Its black upholstery and retro design add a unique touch to your space.<\/p>\n<ul>\n<li><strong>Comfort and customization<\/strong><\/li>\n<\/ul>\n<p>The professional barber chair is equipped with a robust hydraulic pump. Easily adjust the height from 54 to 67 cm, even with a seated client. The reclining backrest and adjustable footrest offer optimum comfort.<\/p>\n<p><strong>Settings<\/strong> :<br \/>\nSeat height: 54-67 cm<br \/>\nAdjustable footrest<br \/>\nDossier inclinable<\/p>\n<ul>\n<li><strong>Stability and durability<\/strong><\/li>\n<\/ul>\n<p>The wide, stable base guarantees safe use. Synthetic leather upholstery resists moisture. Padded armrests offer optimum support.<\/p>\n<ul>\n<li><strong>Technical specifications<\/strong><\/li>\n<\/ul>\n<p>Dimensions:<br \/>\nTotal height: 105 cm<br \/>\nTotal width: 64 cm<br \/>\nDepth: 60 cm<\/p>\n<p>La gamme des fauteuils de barbier LEO est aussi disponible en dor\u00e9, noir, chrom\u00e9 et gris. Optez pour le Fauteuil de barbier LEO Gold White et offrez \u00e0 vos clients une exp\u00e9rience de coiffure in\u00e9gal\u00e9e.<\/p>","protected":false},"excerpt":{"rendered":"<div class=\"yst-label yst-radio__label yst-flex yst-flex-wrap yst-items-center\">Dive into luxury with the LEO Gold White Barber Chair. Maximum comfort and incomparable style for your salon. Make your space shine! \u2728<\/div>","protected":false},"featured_media":32659,"comment_status":"open","ping_status":"closed","template":"","meta":{"googlesitekit_rrm_CAow0YCiDA:productID":"","jetpack_post_was_ever_published":false,"jetpack_publicize_message":"","jetpack_publicize_feature_enabled":true,"jetpack_social_post_already_shared":true,"jetpack_social_options":{"image_generator_settings":{"template":"highway","default_image_id":0,"font":"","enabled":false},"version":2}},"product_brand":[],"product_cat":[51,313],"product_tag":[121,123,122,324],"class_list":{"0":"post-32655","1":"product","2":"type-product","3":"status-publish","4":"has-post-thumbnail","6":"product_cat-fauteuil-de-barbier-professionnel","7":"product_cat-meuble-de-coiffure","8":"product_tag-fauteuil-barbier","9":"product_tag-fauteuil-de-barbier","10":"product_tag-fauteuil-de-coiffure","11":"product_tag-meuble-de-coiffure-professionnel","13":"first","14":"outofstock","15":"featured","16":"taxable","17":"shipping-taxable","18":"purchasable","19":"product-type-simple"},"yoast_head":"<!-- This site is optimized with the Yoast SEO Premium plugin v27.5 (Yoast SEO v27.5) - https:\/\/yoast.com\/product\/yoast-seo-premium-wordpress\/ -->\n<title>Fauteuil Barbier LEO Gold White: Luxe et Confort dans votre Salon - Groupe Coiff<\/title>\n<meta name=\"description\" content=\"Le Fauteuil Barbier LEO Gold White allie confort et \u00e9l\u00e9gance pour votre salon de coiffure. Offrez \u00e0 vos clients une exp\u00e9rience de luxe inoubliable! \ud83d\udc88\" \/>\n<meta name=\"robots\" content=\"index, follow, max-snippet:-1, max-image-preview:large, max-video-preview:-1\" \/>\n<link rel=\"canonical\" href=\"https:\/\/groupecoiff.com\/en\/product-2\/fauteuil-barbier-leo-gold-white\/\" \/>\n<meta property=\"og:locale\" content=\"en_US\" \/>\n<meta property=\"og:type\" content=\"article\" \/>\n<meta property=\"og:title\" content=\"Fauteuil Barbier LEO Gold White\" \/>\n<meta property=\"og:description\" content=\"Le Fauteuil Barbier LEO Gold White allie confort et \u00e9l\u00e9gance pour votre salon de coiffure. Offrez \u00e0 vos clients une exp\u00e9rience de luxe inoubliable! \ud83d\udc88\" \/>\n<meta property=\"og:url\" content=\"https:\/\/groupecoiff.com\/en\/product-2\/fauteuil-barbier-leo-gold-white\/\" \/>\n<meta property=\"og:site_name\" content=\"Groupe Coiff\" \/>\n<meta property=\"article:publisher\" content=\"https:\/\/www.facebook.com\/GroupeCoiff\" \/>\n<meta property=\"article:modified_time\" content=\"2025-04-21T08:39:00+00:00\" \/>\n<meta property=\"og:image\" content=\"https:\/\/groupecoiff.com\/wp-content\/uploads\/2024\/05\/Fauteuil-Barbier-LEO-Gold-White-4.webp\" \/>\n\t<meta property=\"og:image:width\" content=\"1080\" \/>\n\t<meta property=\"og:image:height\" content=\"1080\" \/>\n\t<meta property=\"og:image:type\" content=\"image\/webp\" \/>\n<meta name=\"twitter:card\" content=\"summary_large_image\" \/>\n<meta name=\"twitter:site\" content=\"@groupecoiff\" \/>\n<meta name=\"twitter:label1\" content=\"Price\" \/>\n\t<meta name=\"twitter:data1\" content=\"899,00&nbsp;&euro;\" \/>\n\t<meta name=\"twitter:label2\" content=\"Availability\" \/>\n\t<meta name=\"twitter:data2\" content=\"Out of stock\" \/>\n<script type=\"application\/ld+json\" class=\"yoast-schema-graph\">{\"@context\":\"https:\\\/\\\/schema.org\",\"@graph\":[{\"@type\":\"WebPage\",\"@id\":\"https:\\\/\\\/groupecoiff.com\\\/en\\\/produit\\\/fauteuil-barbier-leo-gold-white\\\/\",\"url\":\"https:\\\/\\\/groupecoiff.com\\\/en\\\/produit\\\/fauteuil-barbier-leo-gold-white\\\/\",\"name\":\"Fauteuil Barbier LEO Gold White: Luxe et Confort dans votre Salon - Groupe Coiff\",\"isPartOf\":{\"@id\":\"https:\\\/\\\/groupecoiff.com\\\/#website\"},\"primaryImageOfPage\":{\"@id\":\"https:\\\/\\\/groupecoiff.com\\\/en\\\/produit\\\/fauteuil-barbier-leo-gold-white\\\/#primaryimage\"},\"image\":{\"@id\":\"https:\\\/\\\/groupecoiff.com\\\/en\\\/produit\\\/fauteuil-barbier-leo-gold-white\\\/#primaryimage\"},\"thumbnailUrl\":\"https:\\\/\\\/groupecoiff.com\\\/wp-content\\\/uploads\\\/2024\\\/05\\\/Fauteuil-Barbier-LEO-Gold-White-4.webp\",\"datePublished\":\"2024-05-07T08:00:08+00:00\",\"dateModified\":\"2025-04-21T08:39:00+00:00\",\"description\":\"Le Fauteuil Barbier LEO Gold White allie confort et \u00e9l\u00e9gance pour votre salon de coiffure. Offrez \u00e0 vos clients une exp\u00e9rience de luxe inoubliable! \ud83d\udc88\",\"breadcrumb\":{\"@id\":\"https:\\\/\\\/groupecoiff.com\\\/en\\\/produit\\\/fauteuil-barbier-leo-gold-white\\\/#breadcrumb\"},\"inLanguage\":\"en-US\",\"potentialAction\":[{\"@type\":\"ReadAction\",\"target\":[\"https:\\\/\\\/groupecoiff.com\\\/en\\\/produit\\\/fauteuil-barbier-leo-gold-white\\\/\"]}]},{\"@type\":\"ImageObject\",\"inLanguage\":\"en-US\",\"@id\":\"https:\\\/\\\/groupecoiff.com\\\/en\\\/produit\\\/fauteuil-barbier-leo-gold-white\\\/#primaryimage\",\"url\":\"https:\\\/\\\/groupecoiff.com\\\/wp-content\\\/uploads\\\/2024\\\/05\\\/Fauteuil-Barbier-LEO-Gold-White-4.webp\",\"contentUrl\":\"https:\\\/\\\/groupecoiff.com\\\/wp-content\\\/uploads\\\/2024\\\/05\\\/Fauteuil-Barbier-LEO-Gold-White-4.webp\",\"width\":1080,\"height\":1080,\"caption\":\"Fauteuil Barbier LEO Gold White - chaise Barbier LEO Gold White - Fauteuil de Barbier LEO\u00a0Gold White - Fauteuil de coiffure LEO\u00a0Gold White - mobilier de coiffure haut de gamme\"},{\"@type\":\"BreadcrumbList\",\"@id\":\"https:\\\/\\\/groupecoiff.com\\\/en\\\/produit\\\/fauteuil-barbier-leo-gold-white\\\/#breadcrumb\",\"itemListElement\":[{\"@type\":\"ListItem\",\"position\":1,\"name\":\"Accueil\",\"item\":\"https:\\\/\\\/groupecoiff.com\\\/\"},{\"@type\":\"ListItem\",\"position\":2,\"name\":\"Boutique\",\"item\":\"https:\\\/\\\/groupecoiff.com\\\/en\\\/boutique\\\/\"},{\"@type\":\"ListItem\",\"position\":3,\"name\":\"Fauteuil Barbier LEO Gold White\"}]},{\"@type\":\"WebSite\",\"@id\":\"https:\\\/\\\/groupecoiff.com\\\/#website\",\"url\":\"https:\\\/\\\/groupecoiff.com\\\/\",\"name\":\"Groupe Coiff\",\"description\":\"Tout pour la coiffure\",\"publisher\":{\"@id\":\"https:\\\/\\\/groupecoiff.com\\\/#organization\"},\"potentialAction\":[{\"@type\":\"SearchAction\",\"target\":{\"@type\":\"EntryPoint\",\"urlTemplate\":\"https:\\\/\\\/groupecoiff.com\\\/?s={search_term_string}\"},\"query-input\":{\"@type\":\"PropertyValueSpecification\",\"valueRequired\":true,\"valueName\":\"search_term_string\"}}],\"inLanguage\":\"en-US\"},{\"@type\":\"Organization\",\"@id\":\"https:\\\/\\\/groupecoiff.com\\\/#organization\",\"name\":\"Groupe Coiff\",\"alternateName\":\"Groupe Coiff : Le Mobilier De Coiffure Haut de Gamme Pour Une \u00c9l\u00e9gance In\u00e9gal\u00e9e\",\"url\":\"https:\\\/\\\/groupecoiff.com\\\/\",\"logo\":{\"@type\":\"ImageObject\",\"inLanguage\":\"en-US\",\"@id\":\"https:\\\/\\\/groupecoiff.com\\\/#\\\/schema\\\/logo\\\/image\\\/\",\"url\":\"https:\\\/\\\/groupecoiff.com\\\/wp-content\\\/uploads\\\/2024\\\/01\\\/cropped-Groupe-Coiff-Logo.webp\",\"contentUrl\":\"https:\\\/\\\/groupecoiff.com\\\/wp-content\\\/uploads\\\/2024\\\/01\\\/cropped-Groupe-Coiff-Logo.webp\",\"width\":512,\"height\":512,\"caption\":\"Groupe Coiff\"},\"image\":{\"@id\":\"https:\\\/\\\/groupecoiff.com\\\/#\\\/schema\\\/logo\\\/image\\\/\"},\"sameAs\":[\"https:\\\/\\\/www.facebook.com\\\/GroupeCoiff\",\"https:\\\/\\\/x.com\\\/groupecoiff\",\"https:\\\/\\\/www.instagram.com\\\/groupecoiff\\\/\",\"https:\\\/\\\/www.tiktok.com\\\/@groupecoiff\",\"https:\\\/\\\/www.youtube.com\\\/@groupecoiff\",\"https:\\\/\\\/twitter.com\\\/groupecoiff\",\"https:\\\/\\\/www.leboncoin.fr\\\/boutique\\\/3961302\\\/groupe_coiff.htm\"],\"description\":\"D\u00e9couvrez le mobilier de coiffure haut de gamme de Groupe Coiff, alliant \u00e9l\u00e9gance et fonctionnalit\u00e9 pour sublimer votre salon et satisfaire vos clients.\",\"email\":\"contact@groupecoiff.com\",\"telephone\":\"0676951605\",\"legalName\":\"Groupe Coiff\",\"foundingDate\":\"2022-11-16\",\"vatID\":\"FR84921406419\",\"taxID\":\"92140641900025\"}]}<\/script>\n<meta property=\"product:price:amount\" content=\"899.00\" \/>\n<meta property=\"product:price:currency\" content=\"EUR\" \/>\n<meta property=\"og:availability\" content=\"out of stock\" \/>\n<meta property=\"product:availability\" content=\"out of stock\" \/>\n<meta property=\"product:condition\" content=\"new\" \/>\n<!-- \/ Yoast SEO Premium plugin. -->","yoast_head_json":{"title":"LEO Gold White Barber Chair: Luxury and Comfort in your Salon - Groupe Coiff","description":"The LEO Gold White Barber Chair combines comfort and elegance for your hair salon. Offer your clients an unforgettable luxury experience! \ud83d\udc88","robots":{"index":"index","follow":"follow","max-snippet":"max-snippet:-1","max-image-preview":"max-image-preview:large","max-video-preview":"max-video-preview:-1"},"canonical":"https:\/\/groupecoiff.com\/en\/product-2\/fauteuil-barbier-leo-gold-white\/","og_locale":"en_US","og_type":"article","og_title":"Fauteuil Barbier LEO Gold White","og_description":"Le Fauteuil Barbier LEO Gold White allie confort et \u00e9l\u00e9gance pour votre salon de coiffure. Offrez \u00e0 vos clients une exp\u00e9rience de luxe inoubliable! \ud83d\udc88","og_url":"https:\/\/groupecoiff.com\/en\/product-2\/fauteuil-barbier-leo-gold-white\/","og_site_name":"Groupe Coiff","article_publisher":"https:\/\/www.facebook.com\/GroupeCoiff","article_modified_time":"2025-04-21T08:39:00+00:00","og_image":[{"width":1080,"height":1080,"url":"https:\/\/groupecoiff.com\/wp-content\/uploads\/2024\/05\/Fauteuil-Barbier-LEO-Gold-White-4.webp","type":"image\/webp"}],"twitter_card":"summary_large_image","twitter_site":"@groupecoiff","twitter_misc":{"Price":"899,00&nbsp;&euro;","Availability":"Out of stock"},"schema":{"@context":"https:\/\/schema.org","@graph":[{"@type":"WebPage","@id":"https:\/\/groupecoiff.com\/en\/produit\/fauteuil-barbier-leo-gold-white\/","url":"https:\/\/groupecoiff.com\/en\/produit\/fauteuil-barbier-leo-gold-white\/","name":"LEO Gold White Barber Chair: Luxury and Comfort in your Salon - Groupe Coiff","isPartOf":{"@id":"https:\/\/groupecoiff.com\/#website"},"primaryImageOfPage":{"@id":"https:\/\/groupecoiff.com\/en\/produit\/fauteuil-barbier-leo-gold-white\/#primaryimage"},"image":{"@id":"https:\/\/groupecoiff.com\/en\/produit\/fauteuil-barbier-leo-gold-white\/#primaryimage"},"thumbnailUrl":"https:\/\/groupecoiff.com\/wp-content\/uploads\/2024\/05\/Fauteuil-Barbier-LEO-Gold-White-4.webp","datePublished":"2024-05-07T08:00:08+00:00","dateModified":"2025-04-21T08:39:00+00:00","description":"The LEO Gold White Barber Chair combines comfort and elegance for your hair salon. Offer your clients an unforgettable luxury experience! \ud83d\udc88","breadcrumb":{"@id":"https:\/\/groupecoiff.com\/en\/produit\/fauteuil-barbier-leo-gold-white\/#breadcrumb"},"inLanguage":"en-US","potentialAction":[{"@type":"ReadAction","target":["https:\/\/groupecoiff.com\/en\/produit\/fauteuil-barbier-leo-gold-white\/"]}]},{"@type":"ImageObject","inLanguage":"en-US","@id":"https:\/\/groupecoiff.com\/en\/produit\/fauteuil-barbier-leo-gold-white\/#primaryimage","url":"https:\/\/groupecoiff.com\/wp-content\/uploads\/2024\/05\/Fauteuil-Barbier-LEO-Gold-White-4.webp","contentUrl":"https:\/\/groupecoiff.com\/wp-content\/uploads\/2024\/05\/Fauteuil-Barbier-LEO-Gold-White-4.webp","width":1080,"height":1080,"caption":"Fauteuil Barbier LEO Gold White - chaise Barbier LEO Gold White - Fauteuil de Barbier LEO\u00a0Gold White - Fauteuil de coiffure LEO\u00a0Gold White - mobilier de coiffure haut de gamme"},{"@type":"BreadcrumbList","@id":"https:\/\/groupecoiff.com\/en\/produit\/fauteuil-barbier-leo-gold-white\/#breadcrumb","itemListElement":[{"@type":"ListItem","position":1,"name":"Accueil","item":"https:\/\/groupecoiff.com\/"},{"@type":"ListItem","position":2,"name":"Boutique","item":"https:\/\/groupecoiff.com\/en\/boutique\/"},{"@type":"ListItem","position":3,"name":"Fauteuil Barbier LEO Gold White"}]},{"@type":"WebSite","@id":"https:\/\/groupecoiff.com\/#website","url":"https:\/\/groupecoiff.com\/","name":"Coiff Group","description":"Everything for the hairdresser","publisher":{"@id":"https:\/\/groupecoiff.com\/#organization"},"potentialAction":[{"@type":"SearchAction","target":{"@type":"EntryPoint","urlTemplate":"https:\/\/groupecoiff.com\/?s={search_term_string}"},"query-input":{"@type":"PropertyValueSpecification","valueRequired":true,"valueName":"search_term_string"}}],"inLanguage":"en-US"},{"@type":"Organization","@id":"https:\/\/groupecoiff.com\/#organization","name":"Coiff Group","alternateName":"Groupe Coiff : Le Mobilier De Coiffure Haut de Gamme Pour Une \u00c9l\u00e9gance In\u00e9gal\u00e9e","url":"https:\/\/groupecoiff.com\/","logo":{"@type":"ImageObject","inLanguage":"en-US","@id":"https:\/\/groupecoiff.com\/#\/schema\/logo\/image\/","url":"https:\/\/groupecoiff.com\/wp-content\/uploads\/2024\/01\/cropped-Groupe-Coiff-Logo.webp","contentUrl":"https:\/\/groupecoiff.com\/wp-content\/uploads\/2024\/01\/cropped-Groupe-Coiff-Logo.webp","width":512,"height":512,"caption":"Groupe Coiff"},"image":{"@id":"https:\/\/groupecoiff.com\/#\/schema\/logo\/image\/"},"sameAs":["https:\/\/www.facebook.com\/GroupeCoiff","https:\/\/x.com\/groupecoiff","https:\/\/www.instagram.com\/groupecoiff\/","https:\/\/www.tiktok.com\/@groupecoiff","https:\/\/www.youtube.com\/@groupecoiff","https:\/\/twitter.com\/groupecoiff","https:\/\/www.leboncoin.fr\/boutique\/3961302\/groupe_coiff.htm"],"description":"Discover Groupe Coiff's top-of-the-range hairdressing furniture, combining elegance and functionality to enhance your salon and satisfy your customers.","email":"contact@groupecoiff.com","telephone":"0676951605","legalName":"Groupe Coiff","foundingDate":"2022-11-16","vatID":"FR84921406419","taxID":"92140641900025"}]},"product_price_amount":"899.00","product_price_currency":"EUR","og_availability":"out of stock","product_availability":"out of stock","product_condition":"new"},"jetpack_publicize_connections":[],"jetpack_likes_enabled":true,"jetpack_sharing_enabled":true,"_links":{"self":[{"href":"https:\/\/groupecoiff.com\/en\/wp-json\/wp\/v2\/product\/32655","targetHints":{"allow":["GET"]}}],"collection":[{"href":"https:\/\/groupecoiff.com\/en\/wp-json\/wp\/v2\/product"}],"about":[{"href":"https:\/\/groupecoiff.com\/en\/wp-json\/wp\/v2\/types\/product"}],"replies":[{"embeddable":true,"href":"https:\/\/groupecoiff.com\/en\/wp-json\/wp\/v2\/comments?post=32655"}],"version-history":[{"count":0,"href":"https:\/\/groupecoiff.com\/en\/wp-json\/wp\/v2\/product\/32655\/revisions"}],"wp:featuredmedia":[{"embeddable":true,"href":"https:\/\/groupecoiff.com\/en\/wp-json\/wp\/v2\/media\/32659"}],"wp:attachment":[{"href":"https:\/\/groupecoiff.com\/en\/wp-json\/wp\/v2\/media?parent=32655"}],"wp:term":[{"taxonomy":"product_brand","embeddable":true,"href":"https:\/\/groupecoiff.com\/en\/wp-json\/wp\/v2\/product_brand?post=32655"},{"taxonomy":"product_cat","embeddable":true,"href":"https:\/\/groupecoiff.com\/en\/wp-json\/wp\/v2\/product_cat?post=32655"},{"taxonomy":"product_tag","embeddable":true,"href":"https:\/\/groupecoiff.com\/en\/wp-json\/wp\/v2\/product_tag?post=32655"}],"curies":[{"name":"wp","href":"https:\/\/api.w.org\/{rel}","templated":true}]}}