{"id":32980,"date":"2024-05-12T21:15:06","date_gmt":"2024-05-12T19:15:06","guid":{"rendered":"https:\/\/groupecoiff.com\/?post_type=product&#038;p=32980"},"modified":"2025-10-17T09:00:27","modified_gmt":"2025-10-17T07:00:27","slug":"bac-a-shampoing-garance","status":"publish","type":"product","link":"https:\/\/groupecoiff.com\/en\/produit\/bac-a-shampoing-garance\/","title":{"rendered":"Garance Shampoo Tray"},"content":{"rendered":"<ul>\n<li>\n<h4>Bac de Lavage Professionnel Garance : L&rsquo;\u00c9l\u00e9gance et le Confort pour Votre Salon<\/h4>\n<\/li>\n<\/ul>\n<div class=\"container\">\n<p>D\u00e9couvrez le bac \u00e0 shampoing Garance . Il repr\u00e9sente l&rsquo;alliance parfaite du confort et de l&rsquo;\u00e9l\u00e9gance. Il est id\u00e9al pour les salons de coiffure modernes. Associez-le au fauteuil de coiffure Garance Gris pour une parfaite harmonie.<\/p>\n<p><strong>Ergonomic and Robust Design<\/strong><\/p>\n<p>Ce meuble poss\u00e8de une structure solide. Des supports m\u00e9talliques assurent sa durabilit\u00e9 optimale. Les couleurs noir et dor\u00e9 apportent une touche de luxe. Votre salon gagnera en prestige.<\/p>\n<p><strong>Description D\u00e9taill\u00e9e du Produit<\/strong><\/p>\n<p>Garance est dot\u00e9 d&rsquo;un socle solide et d&rsquo;un lavabo spacieux, tous deux de couleur noire. Cela offre un confort maximal \u00e0 vos clients. La vasque en c\u00e9ramique noire est compl\u00e8te. Elle inclut robinets, douchette, siphon et appuie-t\u00eate en silicone.<\/p>\n<p><strong>Caract\u00e9ristiques Techniques Pr\u00e9cises<\/strong><\/p>\n<ol>\n<li>Auto-assemblage: Oui<\/li>\n<li>Couleur: Noir &amp; dor\u00e9<\/li>\n<li>Hauteur: 108 cm<\/li>\n<li>Largeur: 35 cm<\/li>\n<li>Longueur: 78 cm<\/li>\n<li>Hauteur du dossier: 46 cm<\/li>\n<li>Lavabo r\u00e9glable: Oui<\/li>\n<li>Brand: Gabbiano<\/li>\n<li>Mat\u00e9riau de l&rsquo;appuie-t\u00eate: Silicone<\/li>\n<li>Mat\u00e9riau du lavabo: C\u00e9ramique<\/li>\n<li>Place assise: 49 x 50 cm<\/li>\n<li>Poids: 51 kg<\/li>\n<\/ol>\n<p><strong>Why Choose the Garance Shampoo Bowl?<\/strong><\/p>\n<p>Offrez \u00e0 vos clients une exp\u00e9rience de lavage exceptionnelle. Ce mobilier de coiffure haut de gamme est un investissement s\u00fbr. Optez pour le bac de lavage Garance. Transformez votre salon en un espace de luxe et de confort.<\/p>\n<\/div>","protected":false},"excerpt":{"rendered":"<p>Le bac \u00e0 shampoing Garance combine style et confort pour les salons de coiffure. Apportez une touche d&rsquo;\u00e9l\u00e9gance \u00e0 votre espace professionnel !\ud83c\udf1f<\/p>","protected":false},"featured_media":45203,"comment_status":"open","ping_status":"closed","template":"","meta":{"googlesitekit_rrm_CAow0YCiDA:productID":"","jetpack_post_was_ever_published":false,"jetpack_publicize_message":"","jetpack_publicize_feature_enabled":true,"jetpack_social_post_already_shared":true,"jetpack_social_options":{"image_generator_settings":{"template":"highway","default_image_id":0,"font":"","enabled":false},"version":2}},"product_brand":[579],"product_cat":[44,313],"product_tag":[323,322,126,324,125],"class_list":{"0":"post-32980","1":"product","2":"type-product","3":"status-publish","4":"has-post-thumbnail","6":"product_brand-gabbiano","7":"product_cat-bac-de-lavage","8":"product_cat-meuble-de-coiffure","9":"product_tag-bac-a-shampoing","10":"product_tag-bac-de-lavage","11":"product_tag-confortable","12":"product_tag-meuble-de-coiffure-professionnel","13":"product_tag-salon-de-coiffure","15":"first","16":"instock","17":"sale","18":"featured","19":"taxable","20":"shipping-taxable","21":"purchasable","22":"product-type-simple"},"yoast_head":"<!-- This site is optimized with the Yoast SEO Premium plugin v27.4 (Yoast SEO v27.4) - https:\/\/yoast.com\/product\/yoast-seo-premium-wordpress\/ -->\n<title>Bac \u00e0 Shampoing Garance avec Lavabo Spacieux et Luxe - Groupe Coiff<\/title>\n<meta name=\"description\" content=\"D\u00e9couvrez la qualit\u00e9 et le design ergonomique du bac \u00e0 shampoing Garance. Faites briller votre salon avec cette pi\u00e8ce ma\u00eetresse ! \ud83c\udf1f\" \/>\n<meta name=\"robots\" content=\"index, follow, max-snippet:-1, max-image-preview:large, max-video-preview:-1\" \/>\n<link rel=\"canonical\" href=\"https:\/\/groupecoiff.com\/en\/product-2\/bac-a-shampoing-garance\/\" \/>\n<meta property=\"og:locale\" content=\"en_US\" \/>\n<meta property=\"og:type\" content=\"article\" \/>\n<meta property=\"og:title\" content=\"Bac \u00e0 Shampoing Garance\" \/>\n<meta property=\"og:description\" content=\"D\u00e9couvrez la qualit\u00e9 et le design ergonomique du bac \u00e0 shampoing Garance. Faites briller votre salon avec cette pi\u00e8ce ma\u00eetresse ! \ud83c\udf1f\" \/>\n<meta property=\"og:url\" content=\"https:\/\/groupecoiff.com\/en\/product-2\/bac-a-shampoing-garance\/\" \/>\n<meta property=\"og:site_name\" content=\"Groupe Coiff\" \/>\n<meta property=\"article:publisher\" content=\"https:\/\/www.facebook.com\/GroupeCoiff\" \/>\n<meta property=\"article:modified_time\" content=\"2025-10-17T07:00:27+00:00\" \/>\n<meta property=\"og:image\" content=\"https:\/\/groupecoiff.com\/wp-content\/uploads\/2024\/05\/Bac-Garance-Gold.webp\" \/>\n\t<meta property=\"og:image:width\" content=\"1200\" \/>\n\t<meta property=\"og:image:height\" content=\"1200\" \/>\n\t<meta property=\"og:image:type\" content=\"image\/webp\" \/>\n<meta name=\"twitter:card\" content=\"summary_large_image\" \/>\n<meta name=\"twitter:site\" content=\"@groupecoiff\" \/>\n<meta name=\"twitter:label1\" content=\"Price\" \/>\n\t<meta name=\"twitter:data1\" content=\"699,00&nbsp;&euro;\" \/>\n\t<meta name=\"twitter:label2\" content=\"Availability\" \/>\n\t<meta name=\"twitter:data2\" content=\"In stock\" \/>\n<script type=\"application\/ld+json\" class=\"yoast-schema-graph\">{\"@context\":\"https:\\\/\\\/schema.org\",\"@graph\":[{\"@type\":\"WebPage\",\"@id\":\"https:\\\/\\\/groupecoiff.com\\\/produit\\\/bac-a-shampoing-garance\\\/\",\"url\":\"https:\\\/\\\/groupecoiff.com\\\/produit\\\/bac-a-shampoing-garance\\\/\",\"name\":\"Bac \u00e0 Shampoing Garance avec Lavabo Spacieux et Luxe - Groupe Coiff\",\"isPartOf\":{\"@id\":\"https:\\\/\\\/groupecoiff.com\\\/#website\"},\"primaryImageOfPage\":{\"@id\":\"https:\\\/\\\/groupecoiff.com\\\/produit\\\/bac-a-shampoing-garance\\\/#primaryimage\"},\"image\":{\"@id\":\"https:\\\/\\\/groupecoiff.com\\\/produit\\\/bac-a-shampoing-garance\\\/#primaryimage\"},\"thumbnailUrl\":\"https:\\\/\\\/groupecoiff.com\\\/wp-content\\\/uploads\\\/2024\\\/05\\\/Bac-Garance-Gold.webp\",\"datePublished\":\"2024-05-12T19:15:06+00:00\",\"dateModified\":\"2025-10-17T07:00:27+00:00\",\"description\":\"D\u00e9couvrez la qualit\u00e9 et le design ergonomique du bac \u00e0 shampoing Garance. Faites briller votre salon avec cette pi\u00e8ce ma\u00eetresse ! \ud83c\udf1f\",\"breadcrumb\":{\"@id\":\"https:\\\/\\\/groupecoiff.com\\\/produit\\\/bac-a-shampoing-garance\\\/#breadcrumb\"},\"inLanguage\":\"en-US\",\"potentialAction\":[{\"@type\":\"ReadAction\",\"target\":[\"https:\\\/\\\/groupecoiff.com\\\/produit\\\/bac-a-shampoing-garance\\\/\"]}]},{\"@type\":\"ImageObject\",\"inLanguage\":\"en-US\",\"@id\":\"https:\\\/\\\/groupecoiff.com\\\/produit\\\/bac-a-shampoing-garance\\\/#primaryimage\",\"url\":\"https:\\\/\\\/groupecoiff.com\\\/wp-content\\\/uploads\\\/2024\\\/05\\\/Bac-Garance-Gold.webp\",\"contentUrl\":\"https:\\\/\\\/groupecoiff.com\\\/wp-content\\\/uploads\\\/2024\\\/05\\\/Bac-Garance-Gold.webp\",\"width\":1200,\"height\":1200,\"caption\":\"Bac \u00e0 Shampoing Garance - Bac de lavage Garance - Bac \u00e0 Shampoing pour salon de coiffure - Bac de lavage pour salon de coiffure - mobilier de coiffure haut de gamme\"},{\"@type\":\"BreadcrumbList\",\"@id\":\"https:\\\/\\\/groupecoiff.com\\\/produit\\\/bac-a-shampoing-garance\\\/#breadcrumb\",\"itemListElement\":[{\"@type\":\"ListItem\",\"position\":1,\"name\":\"Accueil\",\"item\":\"https:\\\/\\\/groupecoiff.com\\\/\"},{\"@type\":\"ListItem\",\"position\":2,\"name\":\"Boutique\",\"item\":\"https:\\\/\\\/groupecoiff.com\\\/boutique\\\/\"},{\"@type\":\"ListItem\",\"position\":3,\"name\":\"Bac \u00e0 Shampoing Garance\"}]},{\"@type\":\"WebSite\",\"@id\":\"https:\\\/\\\/groupecoiff.com\\\/#website\",\"url\":\"https:\\\/\\\/groupecoiff.com\\\/\",\"name\":\"Groupe Coiff\",\"description\":\"Tout pour la coiffure\",\"publisher\":{\"@id\":\"https:\\\/\\\/groupecoiff.com\\\/#organization\"},\"potentialAction\":[{\"@type\":\"SearchAction\",\"target\":{\"@type\":\"EntryPoint\",\"urlTemplate\":\"https:\\\/\\\/groupecoiff.com\\\/?s={search_term_string}\"},\"query-input\":{\"@type\":\"PropertyValueSpecification\",\"valueRequired\":true,\"valueName\":\"search_term_string\"}}],\"inLanguage\":\"en-US\"},{\"@type\":\"Organization\",\"@id\":\"https:\\\/\\\/groupecoiff.com\\\/#organization\",\"name\":\"Groupe Coiff\",\"alternateName\":\"Groupe Coiff : Le Mobilier De Coiffure Haut de Gamme Pour Une \u00c9l\u00e9gance In\u00e9gal\u00e9e\",\"url\":\"https:\\\/\\\/groupecoiff.com\\\/\",\"logo\":{\"@type\":\"ImageObject\",\"inLanguage\":\"en-US\",\"@id\":\"https:\\\/\\\/groupecoiff.com\\\/#\\\/schema\\\/logo\\\/image\\\/\",\"url\":\"https:\\\/\\\/groupecoiff.com\\\/wp-content\\\/uploads\\\/2024\\\/01\\\/cropped-Groupe-Coiff-Logo.webp\",\"contentUrl\":\"https:\\\/\\\/groupecoiff.com\\\/wp-content\\\/uploads\\\/2024\\\/01\\\/cropped-Groupe-Coiff-Logo.webp\",\"width\":512,\"height\":512,\"caption\":\"Groupe Coiff\"},\"image\":{\"@id\":\"https:\\\/\\\/groupecoiff.com\\\/#\\\/schema\\\/logo\\\/image\\\/\"},\"sameAs\":[\"https:\\\/\\\/www.facebook.com\\\/GroupeCoiff\",\"https:\\\/\\\/x.com\\\/groupecoiff\",\"https:\\\/\\\/www.instagram.com\\\/groupecoiff\\\/\",\"https:\\\/\\\/www.tiktok.com\\\/@groupecoiff\",\"https:\\\/\\\/www.youtube.com\\\/@groupecoiff\",\"https:\\\/\\\/twitter.com\\\/groupecoiff\",\"https:\\\/\\\/www.leboncoin.fr\\\/boutique\\\/3961302\\\/groupe_coiff.htm\"],\"description\":\"D\u00e9couvrez le mobilier de coiffure haut de gamme de Groupe Coiff, alliant \u00e9l\u00e9gance et fonctionnalit\u00e9 pour sublimer votre salon et satisfaire vos clients.\",\"email\":\"contact@groupecoiff.com\",\"telephone\":\"0676951605\",\"legalName\":\"Groupe Coiff\",\"foundingDate\":\"2022-11-16\",\"vatID\":\"FR84921406419\",\"taxID\":\"92140641900025\"}]}<\/script>\n<meta property=\"product:price:amount\" content=\"699.00\" \/>\n<meta property=\"product:price:currency\" content=\"EUR\" \/>\n<meta property=\"og:availability\" content=\"instock\" \/>\n<meta property=\"product:availability\" content=\"instock\" \/>\n<meta property=\"product:condition\" content=\"new\" \/>\n<!-- \/ Yoast SEO Premium plugin. -->","yoast_head_json":{"title":"Bac \u00e0 Shampoing Garance avec Lavabo Spacieux et Luxe - Groupe Coiff","description":"D\u00e9couvrez la qualit\u00e9 et le design ergonomique du bac \u00e0 shampoing Garance. Faites briller votre salon avec cette pi\u00e8ce ma\u00eetresse ! \ud83c\udf1f","robots":{"index":"index","follow":"follow","max-snippet":"max-snippet:-1","max-image-preview":"max-image-preview:large","max-video-preview":"max-video-preview:-1"},"canonical":"https:\/\/groupecoiff.com\/en\/product-2\/bac-a-shampoing-garance\/","og_locale":"en_US","og_type":"article","og_title":"Bac \u00e0 Shampoing Garance","og_description":"D\u00e9couvrez la qualit\u00e9 et le design ergonomique du bac \u00e0 shampoing Garance. Faites briller votre salon avec cette pi\u00e8ce ma\u00eetresse ! \ud83c\udf1f","og_url":"https:\/\/groupecoiff.com\/en\/product-2\/bac-a-shampoing-garance\/","og_site_name":"Groupe Coiff","article_publisher":"https:\/\/www.facebook.com\/GroupeCoiff","article_modified_time":"2025-10-17T07:00:27+00:00","og_image":[{"width":1200,"height":1200,"url":"https:\/\/groupecoiff.com\/wp-content\/uploads\/2024\/05\/Bac-Garance-Gold.webp","type":"image\/webp"}],"twitter_card":"summary_large_image","twitter_site":"@groupecoiff","twitter_misc":{"Price":"699,00&nbsp;&euro;","Availability":"In stock"},"schema":{"@context":"https:\/\/schema.org","@graph":[{"@type":"WebPage","@id":"https:\/\/groupecoiff.com\/produit\/bac-a-shampoing-garance\/","url":"https:\/\/groupecoiff.com\/produit\/bac-a-shampoing-garance\/","name":"Bac \u00e0 Shampoing Garance avec Lavabo Spacieux et Luxe - Groupe Coiff","isPartOf":{"@id":"https:\/\/groupecoiff.com\/#website"},"primaryImageOfPage":{"@id":"https:\/\/groupecoiff.com\/produit\/bac-a-shampoing-garance\/#primaryimage"},"image":{"@id":"https:\/\/groupecoiff.com\/produit\/bac-a-shampoing-garance\/#primaryimage"},"thumbnailUrl":"https:\/\/groupecoiff.com\/wp-content\/uploads\/2024\/05\/Bac-Garance-Gold.webp","datePublished":"2024-05-12T19:15:06+00:00","dateModified":"2025-10-17T07:00:27+00:00","description":"D\u00e9couvrez la qualit\u00e9 et le design ergonomique du bac \u00e0 shampoing Garance. Faites briller votre salon avec cette pi\u00e8ce ma\u00eetresse ! \ud83c\udf1f","breadcrumb":{"@id":"https:\/\/groupecoiff.com\/produit\/bac-a-shampoing-garance\/#breadcrumb"},"inLanguage":"en-US","potentialAction":[{"@type":"ReadAction","target":["https:\/\/groupecoiff.com\/produit\/bac-a-shampoing-garance\/"]}]},{"@type":"ImageObject","inLanguage":"en-US","@id":"https:\/\/groupecoiff.com\/produit\/bac-a-shampoing-garance\/#primaryimage","url":"https:\/\/groupecoiff.com\/wp-content\/uploads\/2024\/05\/Bac-Garance-Gold.webp","contentUrl":"https:\/\/groupecoiff.com\/wp-content\/uploads\/2024\/05\/Bac-Garance-Gold.webp","width":1200,"height":1200,"caption":"Bac \u00e0 Shampoing Garance - Bac de lavage Garance - Bac \u00e0 Shampoing pour salon de coiffure - Bac de lavage pour salon de coiffure - mobilier de coiffure haut de gamme"},{"@type":"BreadcrumbList","@id":"https:\/\/groupecoiff.com\/produit\/bac-a-shampoing-garance\/#breadcrumb","itemListElement":[{"@type":"ListItem","position":1,"name":"Accueil","item":"https:\/\/groupecoiff.com\/"},{"@type":"ListItem","position":2,"name":"Boutique","item":"https:\/\/groupecoiff.com\/boutique\/"},{"@type":"ListItem","position":3,"name":"Bac \u00e0 Shampoing Garance"}]},{"@type":"WebSite","@id":"https:\/\/groupecoiff.com\/#website","url":"https:\/\/groupecoiff.com\/","name":"Coiff Group","description":"Everything for the hairdresser","publisher":{"@id":"https:\/\/groupecoiff.com\/#organization"},"potentialAction":[{"@type":"SearchAction","target":{"@type":"EntryPoint","urlTemplate":"https:\/\/groupecoiff.com\/?s={search_term_string}"},"query-input":{"@type":"PropertyValueSpecification","valueRequired":true,"valueName":"search_term_string"}}],"inLanguage":"en-US"},{"@type":"Organization","@id":"https:\/\/groupecoiff.com\/#organization","name":"Coiff Group","alternateName":"Groupe Coiff : Le Mobilier De Coiffure Haut de Gamme Pour Une \u00c9l\u00e9gance In\u00e9gal\u00e9e","url":"https:\/\/groupecoiff.com\/","logo":{"@type":"ImageObject","inLanguage":"en-US","@id":"https:\/\/groupecoiff.com\/#\/schema\/logo\/image\/","url":"https:\/\/groupecoiff.com\/wp-content\/uploads\/2024\/01\/cropped-Groupe-Coiff-Logo.webp","contentUrl":"https:\/\/groupecoiff.com\/wp-content\/uploads\/2024\/01\/cropped-Groupe-Coiff-Logo.webp","width":512,"height":512,"caption":"Groupe Coiff"},"image":{"@id":"https:\/\/groupecoiff.com\/#\/schema\/logo\/image\/"},"sameAs":["https:\/\/www.facebook.com\/GroupeCoiff","https:\/\/x.com\/groupecoiff","https:\/\/www.instagram.com\/groupecoiff\/","https:\/\/www.tiktok.com\/@groupecoiff","https:\/\/www.youtube.com\/@groupecoiff","https:\/\/twitter.com\/groupecoiff","https:\/\/www.leboncoin.fr\/boutique\/3961302\/groupe_coiff.htm"],"description":"Discover Groupe Coiff's top-of-the-range hairdressing furniture, combining elegance and functionality to enhance your salon and satisfy your customers.","email":"contact@groupecoiff.com","telephone":"0676951605","legalName":"Groupe Coiff","foundingDate":"2022-11-16","vatID":"FR84921406419","taxID":"92140641900025"}]},"product_price_amount":"699.00","product_price_currency":"EUR","og_availability":"instock","product_availability":"instock","product_condition":"new"},"jetpack_publicize_connections":[],"jetpack_likes_enabled":true,"jetpack_sharing_enabled":true,"_links":{"self":[{"href":"https:\/\/groupecoiff.com\/en\/wp-json\/wp\/v2\/product\/32980","targetHints":{"allow":["GET"]}}],"collection":[{"href":"https:\/\/groupecoiff.com\/en\/wp-json\/wp\/v2\/product"}],"about":[{"href":"https:\/\/groupecoiff.com\/en\/wp-json\/wp\/v2\/types\/product"}],"replies":[{"embeddable":true,"href":"https:\/\/groupecoiff.com\/en\/wp-json\/wp\/v2\/comments?post=32980"}],"version-history":[{"count":0,"href":"https:\/\/groupecoiff.com\/en\/wp-json\/wp\/v2\/product\/32980\/revisions"}],"wp:featuredmedia":[{"embeddable":true,"href":"https:\/\/groupecoiff.com\/en\/wp-json\/wp\/v2\/media\/45203"}],"wp:attachment":[{"href":"https:\/\/groupecoiff.com\/en\/wp-json\/wp\/v2\/media?parent=32980"}],"wp:term":[{"taxonomy":"product_brand","embeddable":true,"href":"https:\/\/groupecoiff.com\/en\/wp-json\/wp\/v2\/product_brand?post=32980"},{"taxonomy":"product_cat","embeddable":true,"href":"https:\/\/groupecoiff.com\/en\/wp-json\/wp\/v2\/product_cat?post=32980"},{"taxonomy":"product_tag","embeddable":true,"href":"https:\/\/groupecoiff.com\/en\/wp-json\/wp\/v2\/product_tag?post=32980"}],"curies":[{"name":"wp","href":"https:\/\/api.w.org\/{rel}","templated":true}]}}