{"id":33175,"date":"2024-05-16T19:04:31","date_gmt":"2024-05-16T17:04:31","guid":{"rendered":"https:\/\/groupecoiff.com\/?post_type=product&#038;p=33175"},"modified":"2024-06-04T21:16:37","modified_gmt":"2024-06-04T19:16:37","slug":"vapozone-facial-azzurro-h1107","status":"publish","type":"product","link":"https:\/\/groupecoiff.com\/en\/produit\/vapozone-facial-azzurro-h1107\/","title":{"rendered":"Vapozone Facial Azzurro H1107"},"content":{"rendered":"<ul>\n<li>\n<h5>Reveal natural beauty with the Vapozone Facial Azzurro H1107<\/h5>\n<\/li>\n<\/ul>\n<p>Plongez dans une exp\u00e9rience de soin du visage luxueuse avec le Vapozone Facial Azzurro H1107. Ce vaporisateur multifonctionnel combine la puissance de la vapeur chaude, de l\u2019aromath\u00e9rapie et de l\u2019ozone pour offrir des soins faciaux complets et relaxants.<\/p>\n<h5>Advanced features<\/h5>\n<p>&#8211; <strong>Hot steam<\/strong> : Open skin pores for better penetration of skincare products.<br \/>\n&#8211; <strong>Aromatherapy<\/strong> : Enjoy the soothing benefits of essential oils during your facial treatment.<br \/>\n&#8211; <strong>Ozone<\/strong> Purify and disinfect the skin deeply for a sensation of freshness and cleanliness.<br \/>\n&#8211; <strong>Mounted on a stand<\/strong> : Offre une stabilit\u00e9 et une facilit\u00e9 d&rsquo;utilisation optimales dans le salon de beaut\u00e9.<\/p>\n<h5>Versatility and quality<\/h5>\n<p>The Vapozone Facial Azzurro H1107 is designed to meet the needs of the most demanding estheticians. Its multifunctional functionality makes it a versatile tool for a variety of skin treatments.<\/p>\n<h5>Perfect for high-end salons<\/h5>\n<p>Add a touch of luxury to your beauty salon with the Vapozone Multifunction Azzurro H1107. Its elegant design and advanced features make it an essential choice for quality-conscious professionals.<\/p>","protected":false},"excerpt":{"rendered":"<p>Transformez votre routine de soins du visage avec le Vapozone Multifonction Azzurro H1107. Ressentez les bienfaits apaisants de la vapeur chaude et de l&#039;aromath\u00e9rapie. \ud83d\ude0c<\/p>","protected":false},"featured_media":33189,"comment_status":"open","ping_status":"closed","template":"","meta":{"googlesitekit_rrm_CAow0YCiDA:productID":"","jetpack_post_was_ever_published":false,"jetpack_publicize_message":"","jetpack_publicize_feature_enabled":true,"jetpack_social_post_already_shared":true,"jetpack_social_options":{"image_generator_settings":{"template":"highway","default_image_id":0,"font":"","enabled":false},"version":2}},"product_brand":[],"product_cat":[312,56,82],"product_tag":[],"class_list":{"0":"post-33175","1":"product","2":"type-product","3":"status-publish","4":"has-post-thumbnail","6":"product_cat-accessoires-esthetique","7":"product_cat-hygiene-coiffure","8":"product_cat-vapozone","10":"first","11":"instock","12":"featured","13":"taxable","14":"shipping-taxable","15":"purchasable","16":"product-type-simple"},"yoast_head":"<!-- This site is optimized with the Yoast SEO Premium plugin v27.4 (Yoast SEO v27.4) - https:\/\/yoast.com\/product\/yoast-seo-premium-wordpress\/ -->\n<title>Vapozone Facial Azzurro H1107 : Soins complets et relaxants - Groupe Coiff<\/title>\n<meta name=\"description\" content=\"Offrez-vous un soin du visage relaxant avec le Vapozone Facial Azzurro H1107. Laissez la vapeur chaude et l&#039;aromath\u00e9rapie prendre soin de votre peau. \ud83d\udc4c\" \/>\n<meta name=\"robots\" content=\"index, follow, max-snippet:-1, max-image-preview:large, max-video-preview:-1\" \/>\n<link rel=\"canonical\" href=\"https:\/\/groupecoiff.com\/en\/product-2\/vapozone-facial-azzurro-h1107\/\" \/>\n<meta property=\"og:locale\" content=\"en_US\" \/>\n<meta property=\"og:type\" content=\"article\" \/>\n<meta property=\"og:title\" content=\"Vapozone Facial Azzurro H1107\" \/>\n<meta property=\"og:description\" content=\"Offrez-vous un soin du visage relaxant avec le Vapozone Facial Azzurro H1107. Laissez la vapeur chaude et l&#039;aromath\u00e9rapie prendre soin de votre peau. \ud83d\udc4c\" \/>\n<meta property=\"og:url\" content=\"https:\/\/groupecoiff.com\/en\/product-2\/vapozone-facial-azzurro-h1107\/\" \/>\n<meta property=\"og:site_name\" content=\"Groupe Coiff\" \/>\n<meta property=\"article:publisher\" content=\"https:\/\/www.facebook.com\/GroupeCoiff\" \/>\n<meta property=\"article:modified_time\" content=\"2024-06-04T19:16:37+00:00\" \/>\n<meta property=\"og:image\" content=\"https:\/\/groupecoiff.com\/wp-content\/uploads\/2024\/05\/Vapozone-Facial-Azzurro-H1107-5.webp\" \/>\n\t<meta property=\"og:image:width\" content=\"1080\" \/>\n\t<meta property=\"og:image:height\" content=\"1080\" \/>\n\t<meta property=\"og:image:type\" content=\"image\/webp\" \/>\n<meta name=\"twitter:card\" content=\"summary_large_image\" \/>\n<meta name=\"twitter:site\" content=\"@groupecoiff\" \/>\n<meta name=\"twitter:label1\" content=\"Price\" \/>\n\t<meta name=\"twitter:data1\" content=\"179,00&nbsp;&euro;\" \/>\n\t<meta name=\"twitter:label2\" content=\"Availability\" \/>\n\t<meta name=\"twitter:data2\" content=\"In stock\" \/>\n<script type=\"application\/ld+json\" class=\"yoast-schema-graph\">{\"@context\":\"https:\\\/\\\/schema.org\",\"@graph\":[{\"@type\":\"WebPage\",\"@id\":\"https:\\\/\\\/groupecoiff.com\\\/produit\\\/vapozone-facial-azzurro-h1107\\\/\",\"url\":\"https:\\\/\\\/groupecoiff.com\\\/produit\\\/vapozone-facial-azzurro-h1107\\\/\",\"name\":\"Vapozone Facial Azzurro H1107 : Soins complets et relaxants - Groupe Coiff\",\"isPartOf\":{\"@id\":\"https:\\\/\\\/groupecoiff.com\\\/#website\"},\"primaryImageOfPage\":{\"@id\":\"https:\\\/\\\/groupecoiff.com\\\/produit\\\/vapozone-facial-azzurro-h1107\\\/#primaryimage\"},\"image\":{\"@id\":\"https:\\\/\\\/groupecoiff.com\\\/produit\\\/vapozone-facial-azzurro-h1107\\\/#primaryimage\"},\"thumbnailUrl\":\"https:\\\/\\\/groupecoiff.com\\\/wp-content\\\/uploads\\\/2024\\\/05\\\/Vapozone-Facial-Azzurro-H1107-5.webp\",\"datePublished\":\"2024-05-16T17:04:31+00:00\",\"dateModified\":\"2024-06-04T19:16:37+00:00\",\"description\":\"Offrez-vous un soin du visage relaxant avec le Vapozone Facial Azzurro H1107. Laissez la vapeur chaude et l'aromath\u00e9rapie prendre soin de votre peau. \ud83d\udc4c\",\"breadcrumb\":{\"@id\":\"https:\\\/\\\/groupecoiff.com\\\/produit\\\/vapozone-facial-azzurro-h1107\\\/#breadcrumb\"},\"inLanguage\":\"en-US\",\"potentialAction\":[{\"@type\":\"ReadAction\",\"target\":[\"https:\\\/\\\/groupecoiff.com\\\/produit\\\/vapozone-facial-azzurro-h1107\\\/\"]}]},{\"@type\":\"ImageObject\",\"inLanguage\":\"en-US\",\"@id\":\"https:\\\/\\\/groupecoiff.com\\\/produit\\\/vapozone-facial-azzurro-h1107\\\/#primaryimage\",\"url\":\"https:\\\/\\\/groupecoiff.com\\\/wp-content\\\/uploads\\\/2024\\\/05\\\/Vapozone-Facial-Azzurro-H1107-5.webp\",\"contentUrl\":\"https:\\\/\\\/groupecoiff.com\\\/wp-content\\\/uploads\\\/2024\\\/05\\\/Vapozone-Facial-Azzurro-H1107-5.webp\",\"width\":1080,\"height\":1080,\"caption\":\"Vapozone Facial Azzurro H1107 - Vapozone Multifonction Azzurro H1107 - Vapozone Professionnel Azzurro H1107 - Vapozone avec Aromath\u00e9rapie - mat\u00e9riel de coiffure haut de gamme\"},{\"@type\":\"BreadcrumbList\",\"@id\":\"https:\\\/\\\/groupecoiff.com\\\/produit\\\/vapozone-facial-azzurro-h1107\\\/#breadcrumb\",\"itemListElement\":[{\"@type\":\"ListItem\",\"position\":1,\"name\":\"Accueil\",\"item\":\"https:\\\/\\\/groupecoiff.com\\\/\"},{\"@type\":\"ListItem\",\"position\":2,\"name\":\"Boutique\",\"item\":\"https:\\\/\\\/groupecoiff.com\\\/boutique\\\/\"},{\"@type\":\"ListItem\",\"position\":3,\"name\":\"Vapozone Facial Azzurro H1107\"}]},{\"@type\":\"WebSite\",\"@id\":\"https:\\\/\\\/groupecoiff.com\\\/#website\",\"url\":\"https:\\\/\\\/groupecoiff.com\\\/\",\"name\":\"Groupe Coiff\",\"description\":\"Tout pour la coiffure\",\"publisher\":{\"@id\":\"https:\\\/\\\/groupecoiff.com\\\/#organization\"},\"potentialAction\":[{\"@type\":\"SearchAction\",\"target\":{\"@type\":\"EntryPoint\",\"urlTemplate\":\"https:\\\/\\\/groupecoiff.com\\\/?s={search_term_string}\"},\"query-input\":{\"@type\":\"PropertyValueSpecification\",\"valueRequired\":true,\"valueName\":\"search_term_string\"}}],\"inLanguage\":\"en-US\"},{\"@type\":\"Organization\",\"@id\":\"https:\\\/\\\/groupecoiff.com\\\/#organization\",\"name\":\"Groupe Coiff\",\"alternateName\":\"Groupe Coiff : Le Mobilier De Coiffure Haut de Gamme Pour Une \u00c9l\u00e9gance In\u00e9gal\u00e9e\",\"url\":\"https:\\\/\\\/groupecoiff.com\\\/\",\"logo\":{\"@type\":\"ImageObject\",\"inLanguage\":\"en-US\",\"@id\":\"https:\\\/\\\/groupecoiff.com\\\/#\\\/schema\\\/logo\\\/image\\\/\",\"url\":\"https:\\\/\\\/groupecoiff.com\\\/wp-content\\\/uploads\\\/2024\\\/01\\\/cropped-Groupe-Coiff-Logo.webp\",\"contentUrl\":\"https:\\\/\\\/groupecoiff.com\\\/wp-content\\\/uploads\\\/2024\\\/01\\\/cropped-Groupe-Coiff-Logo.webp\",\"width\":512,\"height\":512,\"caption\":\"Groupe Coiff\"},\"image\":{\"@id\":\"https:\\\/\\\/groupecoiff.com\\\/#\\\/schema\\\/logo\\\/image\\\/\"},\"sameAs\":[\"https:\\\/\\\/www.facebook.com\\\/GroupeCoiff\",\"https:\\\/\\\/x.com\\\/groupecoiff\",\"https:\\\/\\\/www.instagram.com\\\/groupecoiff\\\/\",\"https:\\\/\\\/www.tiktok.com\\\/@groupecoiff\",\"https:\\\/\\\/www.youtube.com\\\/@groupecoiff\",\"https:\\\/\\\/twitter.com\\\/groupecoiff\",\"https:\\\/\\\/www.leboncoin.fr\\\/boutique\\\/3961302\\\/groupe_coiff.htm\"],\"description\":\"D\u00e9couvrez le mobilier de coiffure haut de gamme de Groupe Coiff, alliant \u00e9l\u00e9gance et fonctionnalit\u00e9 pour sublimer votre salon et satisfaire vos clients.\",\"email\":\"contact@groupecoiff.com\",\"telephone\":\"0676951605\",\"legalName\":\"Groupe Coiff\",\"foundingDate\":\"2022-11-16\",\"vatID\":\"FR84921406419\",\"taxID\":\"92140641900025\"}]}<\/script>\n<meta property=\"product:price:amount\" content=\"179.00\" \/>\n<meta property=\"product:price:currency\" content=\"EUR\" \/>\n<meta property=\"og:availability\" content=\"instock\" \/>\n<meta property=\"product:availability\" content=\"instock\" \/>\n<meta property=\"product:condition\" content=\"new\" \/>\n<!-- \/ Yoast SEO Premium plugin. -->","yoast_head_json":{"title":"Vapozone Facial Azzurro H1107: Complete and Relaxing Treatments - Groupe Coiff","description":"Treat yourself to a relaxing facial treatment with the Vapozone Facial Azzurro H1107. Let the warm steam and aromatherapy take care of your skin. \ud83d\udc4c","robots":{"index":"index","follow":"follow","max-snippet":"max-snippet:-1","max-image-preview":"max-image-preview:large","max-video-preview":"max-video-preview:-1"},"canonical":"https:\/\/groupecoiff.com\/en\/product-2\/vapozone-facial-azzurro-h1107\/","og_locale":"en_US","og_type":"article","og_title":"Vapozone Facial Azzurro H1107","og_description":"Offrez-vous un soin du visage relaxant avec le Vapozone Facial Azzurro H1107. Laissez la vapeur chaude et l'aromath\u00e9rapie prendre soin de votre peau. \ud83d\udc4c","og_url":"https:\/\/groupecoiff.com\/en\/product-2\/vapozone-facial-azzurro-h1107\/","og_site_name":"Groupe Coiff","article_publisher":"https:\/\/www.facebook.com\/GroupeCoiff","article_modified_time":"2024-06-04T19:16:37+00:00","og_image":[{"width":1080,"height":1080,"url":"https:\/\/groupecoiff.com\/wp-content\/uploads\/2024\/05\/Vapozone-Facial-Azzurro-H1107-5.webp","type":"image\/webp"}],"twitter_card":"summary_large_image","twitter_site":"@groupecoiff","twitter_misc":{"Price":"179,00&nbsp;&euro;","Availability":"In stock"},"schema":{"@context":"https:\/\/schema.org","@graph":[{"@type":"WebPage","@id":"https:\/\/groupecoiff.com\/produit\/vapozone-facial-azzurro-h1107\/","url":"https:\/\/groupecoiff.com\/produit\/vapozone-facial-azzurro-h1107\/","name":"Vapozone Facial Azzurro H1107: Complete and Relaxing Treatments - Groupe Coiff","isPartOf":{"@id":"https:\/\/groupecoiff.com\/#website"},"primaryImageOfPage":{"@id":"https:\/\/groupecoiff.com\/produit\/vapozone-facial-azzurro-h1107\/#primaryimage"},"image":{"@id":"https:\/\/groupecoiff.com\/produit\/vapozone-facial-azzurro-h1107\/#primaryimage"},"thumbnailUrl":"https:\/\/groupecoiff.com\/wp-content\/uploads\/2024\/05\/Vapozone-Facial-Azzurro-H1107-5.webp","datePublished":"2024-05-16T17:04:31+00:00","dateModified":"2024-06-04T19:16:37+00:00","description":"Treat yourself to a relaxing facial treatment with the Vapozone Facial Azzurro H1107. Let the warm steam and aromatherapy take care of your skin. \ud83d\udc4c","breadcrumb":{"@id":"https:\/\/groupecoiff.com\/produit\/vapozone-facial-azzurro-h1107\/#breadcrumb"},"inLanguage":"en-US","potentialAction":[{"@type":"ReadAction","target":["https:\/\/groupecoiff.com\/produit\/vapozone-facial-azzurro-h1107\/"]}]},{"@type":"ImageObject","inLanguage":"en-US","@id":"https:\/\/groupecoiff.com\/produit\/vapozone-facial-azzurro-h1107\/#primaryimage","url":"https:\/\/groupecoiff.com\/wp-content\/uploads\/2024\/05\/Vapozone-Facial-Azzurro-H1107-5.webp","contentUrl":"https:\/\/groupecoiff.com\/wp-content\/uploads\/2024\/05\/Vapozone-Facial-Azzurro-H1107-5.webp","width":1080,"height":1080,"caption":"Vapozone Facial Azzurro H1107 - Vapozone Multifonction Azzurro H1107 - Vapozone Professionnel Azzurro H1107 - Vapozone avec Aromath\u00e9rapie - mat\u00e9riel de coiffure haut de gamme"},{"@type":"BreadcrumbList","@id":"https:\/\/groupecoiff.com\/produit\/vapozone-facial-azzurro-h1107\/#breadcrumb","itemListElement":[{"@type":"ListItem","position":1,"name":"Accueil","item":"https:\/\/groupecoiff.com\/"},{"@type":"ListItem","position":2,"name":"Boutique","item":"https:\/\/groupecoiff.com\/boutique\/"},{"@type":"ListItem","position":3,"name":"Vapozone Facial Azzurro H1107"}]},{"@type":"WebSite","@id":"https:\/\/groupecoiff.com\/#website","url":"https:\/\/groupecoiff.com\/","name":"Coiff Group","description":"Everything for the hairdresser","publisher":{"@id":"https:\/\/groupecoiff.com\/#organization"},"potentialAction":[{"@type":"SearchAction","target":{"@type":"EntryPoint","urlTemplate":"https:\/\/groupecoiff.com\/?s={search_term_string}"},"query-input":{"@type":"PropertyValueSpecification","valueRequired":true,"valueName":"search_term_string"}}],"inLanguage":"en-US"},{"@type":"Organization","@id":"https:\/\/groupecoiff.com\/#organization","name":"Coiff Group","alternateName":"Groupe Coiff : Le Mobilier De Coiffure Haut de Gamme Pour Une \u00c9l\u00e9gance In\u00e9gal\u00e9e","url":"https:\/\/groupecoiff.com\/","logo":{"@type":"ImageObject","inLanguage":"en-US","@id":"https:\/\/groupecoiff.com\/#\/schema\/logo\/image\/","url":"https:\/\/groupecoiff.com\/wp-content\/uploads\/2024\/01\/cropped-Groupe-Coiff-Logo.webp","contentUrl":"https:\/\/groupecoiff.com\/wp-content\/uploads\/2024\/01\/cropped-Groupe-Coiff-Logo.webp","width":512,"height":512,"caption":"Groupe Coiff"},"image":{"@id":"https:\/\/groupecoiff.com\/#\/schema\/logo\/image\/"},"sameAs":["https:\/\/www.facebook.com\/GroupeCoiff","https:\/\/x.com\/groupecoiff","https:\/\/www.instagram.com\/groupecoiff\/","https:\/\/www.tiktok.com\/@groupecoiff","https:\/\/www.youtube.com\/@groupecoiff","https:\/\/twitter.com\/groupecoiff","https:\/\/www.leboncoin.fr\/boutique\/3961302\/groupe_coiff.htm"],"description":"Discover Groupe Coiff's top-of-the-range hairdressing furniture, combining elegance and functionality to enhance your salon and satisfy your customers.","email":"contact@groupecoiff.com","telephone":"0676951605","legalName":"Groupe Coiff","foundingDate":"2022-11-16","vatID":"FR84921406419","taxID":"92140641900025"}]},"product_price_amount":"179.00","product_price_currency":"EUR","og_availability":"instock","product_availability":"instock","product_condition":"new"},"jetpack_publicize_connections":[],"jetpack_likes_enabled":true,"jetpack_sharing_enabled":true,"_links":{"self":[{"href":"https:\/\/groupecoiff.com\/en\/wp-json\/wp\/v2\/product\/33175","targetHints":{"allow":["GET"]}}],"collection":[{"href":"https:\/\/groupecoiff.com\/en\/wp-json\/wp\/v2\/product"}],"about":[{"href":"https:\/\/groupecoiff.com\/en\/wp-json\/wp\/v2\/types\/product"}],"replies":[{"embeddable":true,"href":"https:\/\/groupecoiff.com\/en\/wp-json\/wp\/v2\/comments?post=33175"}],"version-history":[{"count":0,"href":"https:\/\/groupecoiff.com\/en\/wp-json\/wp\/v2\/product\/33175\/revisions"}],"wp:featuredmedia":[{"embeddable":true,"href":"https:\/\/groupecoiff.com\/en\/wp-json\/wp\/v2\/media\/33189"}],"wp:attachment":[{"href":"https:\/\/groupecoiff.com\/en\/wp-json\/wp\/v2\/media?parent=33175"}],"wp:term":[{"taxonomy":"product_brand","embeddable":true,"href":"https:\/\/groupecoiff.com\/en\/wp-json\/wp\/v2\/product_brand?post=33175"},{"taxonomy":"product_cat","embeddable":true,"href":"https:\/\/groupecoiff.com\/en\/wp-json\/wp\/v2\/product_cat?post=33175"},{"taxonomy":"product_tag","embeddable":true,"href":"https:\/\/groupecoiff.com\/en\/wp-json\/wp\/v2\/product_tag?post=33175"}],"curies":[{"name":"wp","href":"https:\/\/api.w.org\/{rel}","templated":true}]}}