{"id":34313,"date":"2024-08-02T11:22:15","date_gmt":"2024-08-02T09:22:15","guid":{"rendered":"https:\/\/groupecoiff.com\/?post_type=product&#038;p=34313"},"modified":"2024-08-02T12:17:53","modified_gmt":"2024-08-02T10:17:53","slug":"fauteuil-de-coiffure-linz-nq-or-blanc-2","status":"publish","type":"product","link":"https:\/\/groupecoiff.com\/en\/produit\/fauteuil-de-coiffure-linz-nq-gold-grey\/","title":{"rendered":"Fauteuil de Coiffure Linz NQ Gold Grey"},"content":{"rendered":"<ul>\n<li>\n<h5>Fauteuil de Coiffure Linz NQ Gold Grey : Luxe et Confort pour Votre Salon<\/h5>\n<p>Plongez dans le luxe avec le Fauteuil de Coiffure Linz NQ Gold Grey de Gabbiano, con\u00e7u pour offrir un confort ultime et une esth\u00e9tique sophistiqu\u00e9e \u00e0 votre salon de coiffure.<\/p>\n<h5>Absolute Comfort<\/h5>\n<p>This professional styling chair features high-quality foam padding and synthetic leather upholstery, guaranteeing optimum comfort for your customers during their styling sessions. Its durability and moisture resistance make it an ideal choice for intensive salon use.<\/p>\n<h5>Clean Design<\/h5>\n<p>Avec son design minimaliste et ses finitions en or et blanc, la chaise de Coiffure Linz NQ Or-Blanc apporte une touche d\u2019\u00e9l\u00e9gance et de sophistication \u00e0 votre espace. Son look intemporel en fait un \u00e9l\u00e9ment de d\u00e9coration \u00e0 part enti\u00e8re, ajoutant une note de luxe \u00e0 votre salon.<\/p>\n<h5>Optimal Functionality<\/h5>\n<p>La pompe hydraulique permet un r\u00e9glage facile de la hauteur, offrant un confort personnalis\u00e9 \u00e0 chaque client. De plus, l\u2019ensemble comprend un actionneur avec base et un repose-pieds pour une exp\u00e9rience de coiffure compl\u00e8te et agr\u00e9able.<\/p>\n<h5>Technical specifications<\/h5>\n<ul>\n<li>Pump: Hydraulic<\/li>\n<li>Upholstery Material: Synthetic Leather<\/li>\n<li>Couleur : Or et Gris Clair<\/li>\n<\/ul>\n<\/li>\n<\/ul>","protected":false},"excerpt":{"rendered":"<p>Transformez votre salon de coiffure avec la chaise de Coiffure Linz NQ Gold Grey de Gabbiano. Un design sophistiqu\u00e9 pour un confort in\u00e9gal\u00e9!<\/p>","protected":false},"featured_media":34331,"comment_status":"open","ping_status":"closed","template":"","meta":{"googlesitekit_rrm_CAow0YCiDA:productID":"","jetpack_post_was_ever_published":false,"jetpack_publicize_message":"","jetpack_publicize_feature_enabled":true,"jetpack_social_post_already_shared":true,"jetpack_social_options":{"image_generator_settings":{"template":"highway","default_image_id":0,"font":"","enabled":false},"version":2}},"product_brand":[],"product_cat":[46,313],"product_tag":[334,126,127,122,324,125],"class_list":{"0":"post-34313","1":"product","2":"type-product","3":"status-publish","4":"has-post-thumbnail","6":"product_cat-fauteuil-de-coiffure","7":"product_cat-meuble-de-coiffure","8":"product_tag-chaise-de-coiffure","9":"product_tag-confortable","10":"product_tag-elegant","11":"product_tag-fauteuil-de-coiffure","12":"product_tag-meuble-de-coiffure-professionnel","13":"product_tag-salon-de-coiffure","15":"first","16":"instock","17":"featured","18":"taxable","19":"shipping-taxable","20":"purchasable","21":"product-type-simple"},"yoast_head":"<!-- This site is optimized with the Yoast SEO Premium plugin v27.4 (Yoast SEO v27.4) - https:\/\/yoast.com\/product\/yoast-seo-premium-wordpress\/ -->\n<title>Le Fauteuil de Coiffure Linz NQ Gold Grey : Confort Supr\u00eame - Groupe Coiff<\/title>\n<meta name=\"description\" content=\"Offrez \u00e0 votre salon de coiffure une touche de luxe avec le Fauteuil de Coiffure Linz NQ Gold Grey de Gabbiano. Confort et esth\u00e9tique sophistiqu\u00e9e garantis!\" \/>\n<meta name=\"robots\" content=\"index, follow, max-snippet:-1, max-image-preview:large, max-video-preview:-1\" \/>\n<link rel=\"canonical\" href=\"https:\/\/groupecoiff.com\/en\/product-2\/fauteuil-de-coiffure-linz-nq-or-blanc-2\/\" \/>\n<meta property=\"og:locale\" content=\"en_US\" \/>\n<meta property=\"og:type\" content=\"article\" \/>\n<meta property=\"og:title\" content=\"Fauteuil de Coiffure Linz NQ Gold Grey\" \/>\n<meta property=\"og:description\" content=\"Offrez \u00e0 votre salon de coiffure une touche de luxe avec le Fauteuil de Coiffure Linz NQ Gold Grey de Gabbiano. Confort et esth\u00e9tique sophistiqu\u00e9e garantis!\" \/>\n<meta property=\"og:url\" content=\"https:\/\/groupecoiff.com\/en\/product-2\/fauteuil-de-coiffure-linz-nq-or-blanc-2\/\" \/>\n<meta property=\"og:site_name\" content=\"Groupe Coiff\" \/>\n<meta property=\"article:publisher\" content=\"https:\/\/www.facebook.com\/GroupeCoiff\" \/>\n<meta property=\"article:modified_time\" content=\"2024-08-02T10:17:53+00:00\" \/>\n<meta property=\"og:image\" content=\"https:\/\/groupecoiff.com\/wp-content\/uploads\/2024\/08\/Chaise-de-Coiffure-Linz-NQ-Gold-Grey-5.webp\" \/>\n\t<meta property=\"og:image:width\" content=\"1080\" \/>\n\t<meta property=\"og:image:height\" content=\"1080\" \/>\n\t<meta property=\"og:image:type\" content=\"image\/webp\" \/>\n<meta name=\"twitter:card\" content=\"summary_large_image\" \/>\n<meta name=\"twitter:site\" content=\"@groupecoiff\" \/>\n<meta name=\"twitter:label1\" content=\"Price\" \/>\n\t<meta name=\"twitter:data1\" content=\"425,00&nbsp;&euro;\" \/>\n\t<meta name=\"twitter:label2\" content=\"Availability\" \/>\n\t<meta name=\"twitter:data2\" content=\"In stock\" \/>\n<script type=\"application\/ld+json\" class=\"yoast-schema-graph\">{\"@context\":\"https:\\\/\\\/schema.org\",\"@graph\":[{\"@type\":\"WebPage\",\"@id\":\"https:\\\/\\\/groupecoiff.com\\\/produit\\\/fauteuil-de-coiffure-linz-nq-gold-grey\\\/\",\"url\":\"https:\\\/\\\/groupecoiff.com\\\/produit\\\/fauteuil-de-coiffure-linz-nq-gold-grey\\\/\",\"name\":\"Le Fauteuil de Coiffure Linz NQ Gold Grey : Confort Supr\u00eame - Groupe Coiff\",\"isPartOf\":{\"@id\":\"https:\\\/\\\/groupecoiff.com\\\/#website\"},\"primaryImageOfPage\":{\"@id\":\"https:\\\/\\\/groupecoiff.com\\\/produit\\\/fauteuil-de-coiffure-linz-nq-gold-grey\\\/#primaryimage\"},\"image\":{\"@id\":\"https:\\\/\\\/groupecoiff.com\\\/produit\\\/fauteuil-de-coiffure-linz-nq-gold-grey\\\/#primaryimage\"},\"thumbnailUrl\":\"https:\\\/\\\/groupecoiff.com\\\/wp-content\\\/uploads\\\/2024\\\/08\\\/Chaise-de-Coiffure-Linz-NQ-Gold-Grey-5.webp\",\"datePublished\":\"2024-08-02T09:22:15+00:00\",\"dateModified\":\"2024-08-02T10:17:53+00:00\",\"description\":\"Offrez \u00e0 votre salon de coiffure une touche de luxe avec le Fauteuil de Coiffure Linz NQ Gold Grey de Gabbiano. Confort et esth\u00e9tique sophistiqu\u00e9e garantis!\",\"breadcrumb\":{\"@id\":\"https:\\\/\\\/groupecoiff.com\\\/produit\\\/fauteuil-de-coiffure-linz-nq-gold-grey\\\/#breadcrumb\"},\"inLanguage\":\"en-US\",\"potentialAction\":[{\"@type\":\"ReadAction\",\"target\":[\"https:\\\/\\\/groupecoiff.com\\\/produit\\\/fauteuil-de-coiffure-linz-nq-gold-grey\\\/\"]}]},{\"@type\":\"ImageObject\",\"inLanguage\":\"en-US\",\"@id\":\"https:\\\/\\\/groupecoiff.com\\\/produit\\\/fauteuil-de-coiffure-linz-nq-gold-grey\\\/#primaryimage\",\"url\":\"https:\\\/\\\/groupecoiff.com\\\/wp-content\\\/uploads\\\/2024\\\/08\\\/Chaise-de-Coiffure-Linz-NQ-Gold-Grey-5.webp\",\"contentUrl\":\"https:\\\/\\\/groupecoiff.com\\\/wp-content\\\/uploads\\\/2024\\\/08\\\/Chaise-de-Coiffure-Linz-NQ-Gold-Grey-5.webp\",\"width\":1080,\"height\":1080,\"caption\":\"Fauteuil de Coiffure Linz NQ Gold Grey - Fauteuil de Coiffure Linz NQ Gold Grey - Chaise de coiffure professionnel - fauteuil de coiffure professionnel - mobilier de coiffure haut de gamme\"},{\"@type\":\"BreadcrumbList\",\"@id\":\"https:\\\/\\\/groupecoiff.com\\\/produit\\\/fauteuil-de-coiffure-linz-nq-gold-grey\\\/#breadcrumb\",\"itemListElement\":[{\"@type\":\"ListItem\",\"position\":1,\"name\":\"Accueil\",\"item\":\"https:\\\/\\\/groupecoiff.com\\\/\"},{\"@type\":\"ListItem\",\"position\":2,\"name\":\"Boutique\",\"item\":\"https:\\\/\\\/groupecoiff.com\\\/boutique\\\/\"},{\"@type\":\"ListItem\",\"position\":3,\"name\":\"Fauteuil de Coiffure Linz NQ Gold Grey\"}]},{\"@type\":\"WebSite\",\"@id\":\"https:\\\/\\\/groupecoiff.com\\\/#website\",\"url\":\"https:\\\/\\\/groupecoiff.com\\\/\",\"name\":\"Groupe Coiff\",\"description\":\"Tout pour la coiffure\",\"publisher\":{\"@id\":\"https:\\\/\\\/groupecoiff.com\\\/#organization\"},\"potentialAction\":[{\"@type\":\"SearchAction\",\"target\":{\"@type\":\"EntryPoint\",\"urlTemplate\":\"https:\\\/\\\/groupecoiff.com\\\/?s={search_term_string}\"},\"query-input\":{\"@type\":\"PropertyValueSpecification\",\"valueRequired\":true,\"valueName\":\"search_term_string\"}}],\"inLanguage\":\"en-US\"},{\"@type\":\"Organization\",\"@id\":\"https:\\\/\\\/groupecoiff.com\\\/#organization\",\"name\":\"Groupe Coiff\",\"alternateName\":\"Groupe Coiff : Le Mobilier De Coiffure Haut de Gamme Pour Une \u00c9l\u00e9gance In\u00e9gal\u00e9e\",\"url\":\"https:\\\/\\\/groupecoiff.com\\\/\",\"logo\":{\"@type\":\"ImageObject\",\"inLanguage\":\"en-US\",\"@id\":\"https:\\\/\\\/groupecoiff.com\\\/#\\\/schema\\\/logo\\\/image\\\/\",\"url\":\"https:\\\/\\\/groupecoiff.com\\\/wp-content\\\/uploads\\\/2024\\\/01\\\/cropped-Groupe-Coiff-Logo.webp\",\"contentUrl\":\"https:\\\/\\\/groupecoiff.com\\\/wp-content\\\/uploads\\\/2024\\\/01\\\/cropped-Groupe-Coiff-Logo.webp\",\"width\":512,\"height\":512,\"caption\":\"Groupe Coiff\"},\"image\":{\"@id\":\"https:\\\/\\\/groupecoiff.com\\\/#\\\/schema\\\/logo\\\/image\\\/\"},\"sameAs\":[\"https:\\\/\\\/www.facebook.com\\\/GroupeCoiff\",\"https:\\\/\\\/x.com\\\/groupecoiff\",\"https:\\\/\\\/www.instagram.com\\\/groupecoiff\\\/\",\"https:\\\/\\\/www.tiktok.com\\\/@groupecoiff\",\"https:\\\/\\\/www.youtube.com\\\/@groupecoiff\",\"https:\\\/\\\/twitter.com\\\/groupecoiff\",\"https:\\\/\\\/www.leboncoin.fr\\\/boutique\\\/3961302\\\/groupe_coiff.htm\"],\"description\":\"D\u00e9couvrez le mobilier de coiffure haut de gamme de Groupe Coiff, alliant \u00e9l\u00e9gance et fonctionnalit\u00e9 pour sublimer votre salon et satisfaire vos clients.\",\"email\":\"contact@groupecoiff.com\",\"telephone\":\"0676951605\",\"legalName\":\"Groupe Coiff\",\"foundingDate\":\"2022-11-16\",\"vatID\":\"FR84921406419\",\"taxID\":\"92140641900025\"}]}<\/script>\n<meta property=\"product:price:amount\" content=\"425.00\" \/>\n<meta property=\"product:price:currency\" content=\"EUR\" \/>\n<meta property=\"og:availability\" content=\"instock\" \/>\n<meta property=\"product:availability\" content=\"instock\" \/>\n<meta property=\"product:condition\" content=\"new\" \/>\n<!-- \/ Yoast SEO Premium plugin. -->","yoast_head_json":{"title":"Le Fauteuil de Coiffure Linz NQ Gold Grey : Confort Supr\u00eame - Groupe Coiff","description":"Offrez \u00e0 votre salon de coiffure une touche de luxe avec le Fauteuil de Coiffure Linz NQ Gold Grey de Gabbiano. Confort et esth\u00e9tique sophistiqu\u00e9e garantis!","robots":{"index":"index","follow":"follow","max-snippet":"max-snippet:-1","max-image-preview":"max-image-preview:large","max-video-preview":"max-video-preview:-1"},"canonical":"https:\/\/groupecoiff.com\/en\/product-2\/fauteuil-de-coiffure-linz-nq-or-blanc-2\/","og_locale":"en_US","og_type":"article","og_title":"Fauteuil de Coiffure Linz NQ Gold Grey","og_description":"Offrez \u00e0 votre salon de coiffure une touche de luxe avec le Fauteuil de Coiffure Linz NQ Gold Grey de Gabbiano. Confort et esth\u00e9tique sophistiqu\u00e9e garantis!","og_url":"https:\/\/groupecoiff.com\/en\/product-2\/fauteuil-de-coiffure-linz-nq-or-blanc-2\/","og_site_name":"Groupe Coiff","article_publisher":"https:\/\/www.facebook.com\/GroupeCoiff","article_modified_time":"2024-08-02T10:17:53+00:00","og_image":[{"width":1080,"height":1080,"url":"https:\/\/groupecoiff.com\/wp-content\/uploads\/2024\/08\/Chaise-de-Coiffure-Linz-NQ-Gold-Grey-5.webp","type":"image\/webp"}],"twitter_card":"summary_large_image","twitter_site":"@groupecoiff","twitter_misc":{"Price":"425,00&nbsp;&euro;","Availability":"In stock"},"schema":{"@context":"https:\/\/schema.org","@graph":[{"@type":"WebPage","@id":"https:\/\/groupecoiff.com\/produit\/fauteuil-de-coiffure-linz-nq-gold-grey\/","url":"https:\/\/groupecoiff.com\/produit\/fauteuil-de-coiffure-linz-nq-gold-grey\/","name":"Le Fauteuil de Coiffure Linz NQ Gold Grey : Confort Supr\u00eame - Groupe Coiff","isPartOf":{"@id":"https:\/\/groupecoiff.com\/#website"},"primaryImageOfPage":{"@id":"https:\/\/groupecoiff.com\/produit\/fauteuil-de-coiffure-linz-nq-gold-grey\/#primaryimage"},"image":{"@id":"https:\/\/groupecoiff.com\/produit\/fauteuil-de-coiffure-linz-nq-gold-grey\/#primaryimage"},"thumbnailUrl":"https:\/\/groupecoiff.com\/wp-content\/uploads\/2024\/08\/Chaise-de-Coiffure-Linz-NQ-Gold-Grey-5.webp","datePublished":"2024-08-02T09:22:15+00:00","dateModified":"2024-08-02T10:17:53+00:00","description":"Offrez \u00e0 votre salon de coiffure une touche de luxe avec le Fauteuil de Coiffure Linz NQ Gold Grey de Gabbiano. Confort et esth\u00e9tique sophistiqu\u00e9e garantis!","breadcrumb":{"@id":"https:\/\/groupecoiff.com\/produit\/fauteuil-de-coiffure-linz-nq-gold-grey\/#breadcrumb"},"inLanguage":"en-US","potentialAction":[{"@type":"ReadAction","target":["https:\/\/groupecoiff.com\/produit\/fauteuil-de-coiffure-linz-nq-gold-grey\/"]}]},{"@type":"ImageObject","inLanguage":"en-US","@id":"https:\/\/groupecoiff.com\/produit\/fauteuil-de-coiffure-linz-nq-gold-grey\/#primaryimage","url":"https:\/\/groupecoiff.com\/wp-content\/uploads\/2024\/08\/Chaise-de-Coiffure-Linz-NQ-Gold-Grey-5.webp","contentUrl":"https:\/\/groupecoiff.com\/wp-content\/uploads\/2024\/08\/Chaise-de-Coiffure-Linz-NQ-Gold-Grey-5.webp","width":1080,"height":1080,"caption":"Fauteuil de Coiffure Linz NQ Gold Grey - Fauteuil de Coiffure Linz NQ Gold Grey - Chaise de coiffure professionnel - fauteuil de coiffure professionnel - mobilier de coiffure haut de gamme"},{"@type":"BreadcrumbList","@id":"https:\/\/groupecoiff.com\/produit\/fauteuil-de-coiffure-linz-nq-gold-grey\/#breadcrumb","itemListElement":[{"@type":"ListItem","position":1,"name":"Accueil","item":"https:\/\/groupecoiff.com\/"},{"@type":"ListItem","position":2,"name":"Boutique","item":"https:\/\/groupecoiff.com\/boutique\/"},{"@type":"ListItem","position":3,"name":"Fauteuil de Coiffure Linz NQ Gold Grey"}]},{"@type":"WebSite","@id":"https:\/\/groupecoiff.com\/#website","url":"https:\/\/groupecoiff.com\/","name":"Coiff Group","description":"Everything for the hairdresser","publisher":{"@id":"https:\/\/groupecoiff.com\/#organization"},"potentialAction":[{"@type":"SearchAction","target":{"@type":"EntryPoint","urlTemplate":"https:\/\/groupecoiff.com\/?s={search_term_string}"},"query-input":{"@type":"PropertyValueSpecification","valueRequired":true,"valueName":"search_term_string"}}],"inLanguage":"en-US"},{"@type":"Organization","@id":"https:\/\/groupecoiff.com\/#organization","name":"Coiff Group","alternateName":"Groupe Coiff : Le Mobilier De Coiffure Haut de Gamme Pour Une \u00c9l\u00e9gance In\u00e9gal\u00e9e","url":"https:\/\/groupecoiff.com\/","logo":{"@type":"ImageObject","inLanguage":"en-US","@id":"https:\/\/groupecoiff.com\/#\/schema\/logo\/image\/","url":"https:\/\/groupecoiff.com\/wp-content\/uploads\/2024\/01\/cropped-Groupe-Coiff-Logo.webp","contentUrl":"https:\/\/groupecoiff.com\/wp-content\/uploads\/2024\/01\/cropped-Groupe-Coiff-Logo.webp","width":512,"height":512,"caption":"Groupe Coiff"},"image":{"@id":"https:\/\/groupecoiff.com\/#\/schema\/logo\/image\/"},"sameAs":["https:\/\/www.facebook.com\/GroupeCoiff","https:\/\/x.com\/groupecoiff","https:\/\/www.instagram.com\/groupecoiff\/","https:\/\/www.tiktok.com\/@groupecoiff","https:\/\/www.youtube.com\/@groupecoiff","https:\/\/twitter.com\/groupecoiff","https:\/\/www.leboncoin.fr\/boutique\/3961302\/groupe_coiff.htm"],"description":"Discover Groupe Coiff's top-of-the-range hairdressing furniture, combining elegance and functionality to enhance your salon and satisfy your customers.","email":"contact@groupecoiff.com","telephone":"0676951605","legalName":"Groupe Coiff","foundingDate":"2022-11-16","vatID":"FR84921406419","taxID":"92140641900025"}]},"product_price_amount":"425.00","product_price_currency":"EUR","og_availability":"instock","product_availability":"instock","product_condition":"new"},"jetpack_publicize_connections":[],"jetpack_likes_enabled":true,"jetpack_sharing_enabled":true,"_links":{"self":[{"href":"https:\/\/groupecoiff.com\/en\/wp-json\/wp\/v2\/product\/34313","targetHints":{"allow":["GET"]}}],"collection":[{"href":"https:\/\/groupecoiff.com\/en\/wp-json\/wp\/v2\/product"}],"about":[{"href":"https:\/\/groupecoiff.com\/en\/wp-json\/wp\/v2\/types\/product"}],"replies":[{"embeddable":true,"href":"https:\/\/groupecoiff.com\/en\/wp-json\/wp\/v2\/comments?post=34313"}],"version-history":[{"count":0,"href":"https:\/\/groupecoiff.com\/en\/wp-json\/wp\/v2\/product\/34313\/revisions"}],"wp:featuredmedia":[{"embeddable":true,"href":"https:\/\/groupecoiff.com\/en\/wp-json\/wp\/v2\/media\/34331"}],"wp:attachment":[{"href":"https:\/\/groupecoiff.com\/en\/wp-json\/wp\/v2\/media?parent=34313"}],"wp:term":[{"taxonomy":"product_brand","embeddable":true,"href":"https:\/\/groupecoiff.com\/en\/wp-json\/wp\/v2\/product_brand?post=34313"},{"taxonomy":"product_cat","embeddable":true,"href":"https:\/\/groupecoiff.com\/en\/wp-json\/wp\/v2\/product_cat?post=34313"},{"taxonomy":"product_tag","embeddable":true,"href":"https:\/\/groupecoiff.com\/en\/wp-json\/wp\/v2\/product_tag?post=34313"}],"curies":[{"name":"wp","href":"https:\/\/api.w.org\/{rel}","templated":true}]}}