{"id":34641,"date":"2024-08-21T18:19:37","date_gmt":"2024-08-21T16:19:37","guid":{"rendered":"https:\/\/groupecoiff.com\/?post_type=product&#038;p=34641"},"modified":"2025-10-10T13:06:27","modified_gmt":"2025-10-10T11:06:27","slug":"hair-system-hsb46-shampoo-container","status":"publish","type":"product","link":"https:\/\/groupecoiff.com\/en\/produit\/bac-a-shampoing-hair-system-hsb46\/","title":{"rendered":"Bac \u00e0 Shampoing Hair System HSB46"},"content":{"rendered":"<ul>\n<li>\n<h3>Hair System HSB46 wash tub: Elegance and comfort for your salon<\/h3>\n<\/li>\n<\/ul>\n<p>Le Bac \u00e0 Shampoing Hair System HSB46 se distingue par son design italien raffin\u00e9. Son apparence soign\u00e9e s\u2019int\u00e8gre harmonieusement dans tout salon, rehaussant l&rsquo;ambiance de votre espace tout en offrant une touche de sophistication.<\/p>\n<ul>\n<li><strong>Superior comfort for both stylist and customer<\/strong><\/li>\n<\/ul>\n<p>With its ergonomic shape, the HSB46 ensures optimum comfort for both professional and customer. The chair's aerodynamic design reduces fatigue by taking the strain off the hairdresser's back, while ensuring a pleasant experience for the customer.<\/p>\n<ul>\n<li><strong>Features of the Hair System HSB46 Shampoo Tray<\/strong><\/li>\n<\/ul>\n<ol>\n<li>Design italien \u00e9l\u00e9gant pour un aspect esth\u00e9tique exceptionnel.<br \/>\nErgonomie \u00e9tudi\u00e9e pour un confort optimal.<br \/>\nFabrication soign\u00e9e avec des mat\u00e9riaux de haute qualit\u00e9.<br \/>\nAdapt\u00e9 \u00e0 un usage intensif dans les salons professionnels.<\/li>\n<\/ol>\n<ul>\n<li><strong>Why choose the Hair System HSB46 wash tub?<\/strong><\/li>\n<\/ul>\n<p>This professional shampoo basin is not only a key element of your professional hairdressing furniture, but also an investment in the quality and comfort of your work. Its meticulous design and durability make it a wise choice for any salon seeking to offer its customers the very best.<\/p>","protected":false},"excerpt":{"rendered":"<p>D\u00e9couvrez le Bac \u00e0 Shampoing Hair System HSB46 avec son design italien \u00e9l\u00e9gant. Offrez \u00e0 votre salon une touche de sophistication et de confort.<\/p>","protected":false},"featured_media":45691,"comment_status":"open","ping_status":"closed","template":"","meta":{"googlesitekit_rrm_CAow0YCiDA:productID":"","jetpack_post_was_ever_published":false,"jetpack_publicize_message":"","jetpack_publicize_feature_enabled":true,"jetpack_social_post_already_shared":true,"jetpack_social_options":{"image_generator_settings":{"template":"highway","default_image_id":0,"font":"","enabled":false},"version":2}},"product_brand":[611],"product_cat":[44,313],"product_tag":[441,442,324],"class_list":{"0":"post-34641","1":"product","2":"type-product","3":"status-publish","4":"has-post-thumbnail","6":"product_brand-hair-system","7":"product_cat-bac-de-lavage","8":"product_cat-meuble-de-coiffure","9":"product_tag-bac-a-shampoing-professionnel","10":"product_tag-bac-de-lavage-professionnel","11":"product_tag-meuble-de-coiffure-professionnel","13":"first","14":"instock","15":"taxable","16":"shipping-taxable","17":"purchasable","18":"product-type-simple"},"yoast_head":"<!-- This site is optimized with the Yoast SEO Premium plugin v27.5 (Yoast SEO v27.5) - https:\/\/yoast.com\/product\/yoast-seo-premium-wordpress\/ -->\n<title>Bac \u00e0 Shampoing Hair System HSB46 : Design Italien Raffin\u00e9 - Groupe Coiff<\/title>\n<meta name=\"description\" content=\"Optez pour le raffinement italien avec le Bac \u00e0 Shampoing Hair System HSB46. Un design harmonieux qui s&#039;int\u00e8gre parfaitement dans votre salon. Essayez-le !\" \/>\n<meta name=\"robots\" content=\"index, follow, max-snippet:-1, max-image-preview:large, max-video-preview:-1\" \/>\n<link rel=\"canonical\" href=\"https:\/\/groupecoiff.com\/en\/product-2\/hair-system-hsb46-shampoo-container\/\" \/>\n<meta property=\"og:locale\" content=\"en_US\" \/>\n<meta property=\"og:type\" content=\"article\" \/>\n<meta property=\"og:title\" content=\"Bac \u00e0 Shampoing Hair System HSB46\" \/>\n<meta property=\"og:description\" content=\"Optez pour le raffinement italien avec le Bac \u00e0 Shampoing Hair System HSB46. Un design harmonieux qui s&#039;int\u00e8gre parfaitement dans votre salon. Essayez-le !\" \/>\n<meta property=\"og:url\" content=\"https:\/\/groupecoiff.com\/en\/product-2\/hair-system-hsb46-shampoo-container\/\" \/>\n<meta property=\"og:site_name\" content=\"Groupe Coiff\" \/>\n<meta property=\"article:publisher\" content=\"https:\/\/www.facebook.com\/GroupeCoiff\" \/>\n<meta property=\"article:modified_time\" content=\"2025-10-10T11:06:27+00:00\" \/>\n<meta property=\"og:image\" content=\"https:\/\/groupecoiff.com\/wp-content\/uploads\/2024\/08\/Hair-System-HSB46.webp\" \/>\n\t<meta property=\"og:image:width\" content=\"1080\" \/>\n\t<meta property=\"og:image:height\" content=\"1080\" \/>\n\t<meta property=\"og:image:type\" content=\"image\/webp\" \/>\n<meta name=\"twitter:card\" content=\"summary_large_image\" \/>\n<meta name=\"twitter:site\" content=\"@groupecoiff\" \/>\n<meta name=\"twitter:label1\" content=\"Price\" \/>\n\t<meta name=\"twitter:data1\" content=\"529,00&nbsp;&euro;\" \/>\n\t<meta name=\"twitter:label2\" content=\"Availability\" \/>\n\t<meta name=\"twitter:data2\" content=\"In stock\" \/>\n<script type=\"application\/ld+json\" class=\"yoast-schema-graph\">{\"@context\":\"https:\\\/\\\/schema.org\",\"@graph\":[{\"@type\":\"WebPage\",\"@id\":\"https:\\\/\\\/groupecoiff.com\\\/produit\\\/bac-a-shampoing-hair-system-hsb46\\\/\",\"url\":\"https:\\\/\\\/groupecoiff.com\\\/produit\\\/bac-a-shampoing-hair-system-hsb46\\\/\",\"name\":\"Bac \u00e0 Shampoing Hair System HSB46 : Design Italien Raffin\u00e9 - Groupe Coiff\",\"isPartOf\":{\"@id\":\"https:\\\/\\\/groupecoiff.com\\\/#website\"},\"primaryImageOfPage\":{\"@id\":\"https:\\\/\\\/groupecoiff.com\\\/produit\\\/bac-a-shampoing-hair-system-hsb46\\\/#primaryimage\"},\"image\":{\"@id\":\"https:\\\/\\\/groupecoiff.com\\\/produit\\\/bac-a-shampoing-hair-system-hsb46\\\/#primaryimage\"},\"thumbnailUrl\":\"https:\\\/\\\/groupecoiff.com\\\/wp-content\\\/uploads\\\/2024\\\/08\\\/Hair-System-HSB46.webp\",\"datePublished\":\"2024-08-21T16:19:37+00:00\",\"dateModified\":\"2025-10-10T11:06:27+00:00\",\"description\":\"Optez pour le raffinement italien avec le Bac \u00e0 Shampoing Hair System HSB46. Un design harmonieux qui s'int\u00e8gre parfaitement dans votre salon. Essayez-le !\",\"breadcrumb\":{\"@id\":\"https:\\\/\\\/groupecoiff.com\\\/produit\\\/bac-a-shampoing-hair-system-hsb46\\\/#breadcrumb\"},\"inLanguage\":\"en-US\",\"potentialAction\":[{\"@type\":\"ReadAction\",\"target\":[\"https:\\\/\\\/groupecoiff.com\\\/produit\\\/bac-a-shampoing-hair-system-hsb46\\\/\"]}]},{\"@type\":\"ImageObject\",\"inLanguage\":\"en-US\",\"@id\":\"https:\\\/\\\/groupecoiff.com\\\/produit\\\/bac-a-shampoing-hair-system-hsb46\\\/#primaryimage\",\"url\":\"https:\\\/\\\/groupecoiff.com\\\/wp-content\\\/uploads\\\/2024\\\/08\\\/Hair-System-HSB46.webp\",\"contentUrl\":\"https:\\\/\\\/groupecoiff.com\\\/wp-content\\\/uploads\\\/2024\\\/08\\\/Hair-System-HSB46.webp\",\"width\":1080,\"height\":1080,\"caption\":\"Bac \u00e0 Shampoing Hair System HSB46 - Bac de Lavage Hair System HSB46 - bac de lavage professionnel - mobilier de coiffure professionnel - bac \u00e0 shampoing professionnel\"},{\"@type\":\"BreadcrumbList\",\"@id\":\"https:\\\/\\\/groupecoiff.com\\\/produit\\\/bac-a-shampoing-hair-system-hsb46\\\/#breadcrumb\",\"itemListElement\":[{\"@type\":\"ListItem\",\"position\":1,\"name\":\"Accueil\",\"item\":\"https:\\\/\\\/groupecoiff.com\\\/\"},{\"@type\":\"ListItem\",\"position\":2,\"name\":\"Boutique\",\"item\":\"https:\\\/\\\/groupecoiff.com\\\/en\\\/boutique\\\/\"},{\"@type\":\"ListItem\",\"position\":3,\"name\":\"Bac \u00e0 Shampoing Hair System HSB46\"}]},{\"@type\":\"WebSite\",\"@id\":\"https:\\\/\\\/groupecoiff.com\\\/#website\",\"url\":\"https:\\\/\\\/groupecoiff.com\\\/\",\"name\":\"Groupe Coiff\",\"description\":\"Tout pour la coiffure\",\"publisher\":{\"@id\":\"https:\\\/\\\/groupecoiff.com\\\/#organization\"},\"potentialAction\":[{\"@type\":\"SearchAction\",\"target\":{\"@type\":\"EntryPoint\",\"urlTemplate\":\"https:\\\/\\\/groupecoiff.com\\\/?s={search_term_string}\"},\"query-input\":{\"@type\":\"PropertyValueSpecification\",\"valueRequired\":true,\"valueName\":\"search_term_string\"}}],\"inLanguage\":\"en-US\"},{\"@type\":\"Organization\",\"@id\":\"https:\\\/\\\/groupecoiff.com\\\/#organization\",\"name\":\"Groupe Coiff\",\"alternateName\":\"Groupe Coiff : Le Mobilier De Coiffure Haut de Gamme Pour Une \u00c9l\u00e9gance In\u00e9gal\u00e9e\",\"url\":\"https:\\\/\\\/groupecoiff.com\\\/\",\"logo\":{\"@type\":\"ImageObject\",\"inLanguage\":\"en-US\",\"@id\":\"https:\\\/\\\/groupecoiff.com\\\/#\\\/schema\\\/logo\\\/image\\\/\",\"url\":\"https:\\\/\\\/groupecoiff.com\\\/wp-content\\\/uploads\\\/2024\\\/01\\\/cropped-Groupe-Coiff-Logo.webp\",\"contentUrl\":\"https:\\\/\\\/groupecoiff.com\\\/wp-content\\\/uploads\\\/2024\\\/01\\\/cropped-Groupe-Coiff-Logo.webp\",\"width\":512,\"height\":512,\"caption\":\"Groupe Coiff\"},\"image\":{\"@id\":\"https:\\\/\\\/groupecoiff.com\\\/#\\\/schema\\\/logo\\\/image\\\/\"},\"sameAs\":[\"https:\\\/\\\/www.facebook.com\\\/GroupeCoiff\",\"https:\\\/\\\/x.com\\\/groupecoiff\",\"https:\\\/\\\/www.instagram.com\\\/groupecoiff\\\/\",\"https:\\\/\\\/www.tiktok.com\\\/@groupecoiff\",\"https:\\\/\\\/www.youtube.com\\\/@groupecoiff\",\"https:\\\/\\\/twitter.com\\\/groupecoiff\",\"https:\\\/\\\/www.leboncoin.fr\\\/boutique\\\/3961302\\\/groupe_coiff.htm\"],\"description\":\"D\u00e9couvrez le mobilier de coiffure haut de gamme de Groupe Coiff, alliant \u00e9l\u00e9gance et fonctionnalit\u00e9 pour sublimer votre salon et satisfaire vos clients.\",\"email\":\"contact@groupecoiff.com\",\"telephone\":\"0676951605\",\"legalName\":\"Groupe Coiff\",\"foundingDate\":\"2022-11-16\",\"vatID\":\"FR84921406419\",\"taxID\":\"92140641900025\"}]}<\/script>\n<meta property=\"product:price:amount\" content=\"529.00\" \/>\n<meta property=\"product:price:currency\" content=\"EUR\" \/>\n<meta property=\"og:availability\" content=\"instock\" \/>\n<meta property=\"product:availability\" content=\"instock\" \/>\n<meta property=\"product:condition\" content=\"new\" \/>\n<!-- \/ Yoast SEO Premium plugin. -->","yoast_head_json":{"title":"Hair System HSB46 Shampoo Tray: Refined Italian Design - Groupe Coiff","description":"Opt for Italian refinement with the Hair System HSB46 Shampoo Tray. A harmonious design that blends perfectly into your living room. Give it a try!","robots":{"index":"index","follow":"follow","max-snippet":"max-snippet:-1","max-image-preview":"max-image-preview:large","max-video-preview":"max-video-preview:-1"},"canonical":"https:\/\/groupecoiff.com\/en\/product-2\/hair-system-hsb46-shampoo-container\/","og_locale":"en_US","og_type":"article","og_title":"Bac \u00e0 Shampoing Hair System HSB46","og_description":"Optez pour le raffinement italien avec le Bac \u00e0 Shampoing Hair System HSB46. Un design harmonieux qui s'int\u00e8gre parfaitement dans votre salon. Essayez-le !","og_url":"https:\/\/groupecoiff.com\/en\/product-2\/hair-system-hsb46-shampoo-container\/","og_site_name":"Groupe Coiff","article_publisher":"https:\/\/www.facebook.com\/GroupeCoiff","article_modified_time":"2025-10-10T11:06:27+00:00","og_image":[{"width":1080,"height":1080,"url":"https:\/\/groupecoiff.com\/wp-content\/uploads\/2024\/08\/Hair-System-HSB46.webp","type":"image\/webp"}],"twitter_card":"summary_large_image","twitter_site":"@groupecoiff","twitter_misc":{"Price":"529,00&nbsp;&euro;","Availability":"In stock"},"schema":{"@context":"https:\/\/schema.org","@graph":[{"@type":"WebPage","@id":"https:\/\/groupecoiff.com\/produit\/bac-a-shampoing-hair-system-hsb46\/","url":"https:\/\/groupecoiff.com\/produit\/bac-a-shampoing-hair-system-hsb46\/","name":"Hair System HSB46 Shampoo Tray: Refined Italian Design - Groupe Coiff","isPartOf":{"@id":"https:\/\/groupecoiff.com\/#website"},"primaryImageOfPage":{"@id":"https:\/\/groupecoiff.com\/produit\/bac-a-shampoing-hair-system-hsb46\/#primaryimage"},"image":{"@id":"https:\/\/groupecoiff.com\/produit\/bac-a-shampoing-hair-system-hsb46\/#primaryimage"},"thumbnailUrl":"https:\/\/groupecoiff.com\/wp-content\/uploads\/2024\/08\/Hair-System-HSB46.webp","datePublished":"2024-08-21T16:19:37+00:00","dateModified":"2025-10-10T11:06:27+00:00","description":"Opt for Italian refinement with the Hair System HSB46 Shampoo Tray. A harmonious design that blends perfectly into your living room. Give it a try!","breadcrumb":{"@id":"https:\/\/groupecoiff.com\/produit\/bac-a-shampoing-hair-system-hsb46\/#breadcrumb"},"inLanguage":"en-US","potentialAction":[{"@type":"ReadAction","target":["https:\/\/groupecoiff.com\/produit\/bac-a-shampoing-hair-system-hsb46\/"]}]},{"@type":"ImageObject","inLanguage":"en-US","@id":"https:\/\/groupecoiff.com\/produit\/bac-a-shampoing-hair-system-hsb46\/#primaryimage","url":"https:\/\/groupecoiff.com\/wp-content\/uploads\/2024\/08\/Hair-System-HSB46.webp","contentUrl":"https:\/\/groupecoiff.com\/wp-content\/uploads\/2024\/08\/Hair-System-HSB46.webp","width":1080,"height":1080,"caption":"Bac \u00e0 Shampoing Hair System HSB46 - Bac de Lavage Hair System HSB46 - bac de lavage professionnel - mobilier de coiffure professionnel - bac \u00e0 shampoing professionnel"},{"@type":"BreadcrumbList","@id":"https:\/\/groupecoiff.com\/produit\/bac-a-shampoing-hair-system-hsb46\/#breadcrumb","itemListElement":[{"@type":"ListItem","position":1,"name":"Accueil","item":"https:\/\/groupecoiff.com\/"},{"@type":"ListItem","position":2,"name":"Boutique","item":"https:\/\/groupecoiff.com\/en\/boutique\/"},{"@type":"ListItem","position":3,"name":"Bac \u00e0 Shampoing Hair System HSB46"}]},{"@type":"WebSite","@id":"https:\/\/groupecoiff.com\/#website","url":"https:\/\/groupecoiff.com\/","name":"Coiff Group","description":"Everything for the hairdresser","publisher":{"@id":"https:\/\/groupecoiff.com\/#organization"},"potentialAction":[{"@type":"SearchAction","target":{"@type":"EntryPoint","urlTemplate":"https:\/\/groupecoiff.com\/?s={search_term_string}"},"query-input":{"@type":"PropertyValueSpecification","valueRequired":true,"valueName":"search_term_string"}}],"inLanguage":"en-US"},{"@type":"Organization","@id":"https:\/\/groupecoiff.com\/#organization","name":"Coiff Group","alternateName":"Groupe Coiff : Le Mobilier De Coiffure Haut de Gamme Pour Une \u00c9l\u00e9gance In\u00e9gal\u00e9e","url":"https:\/\/groupecoiff.com\/","logo":{"@type":"ImageObject","inLanguage":"en-US","@id":"https:\/\/groupecoiff.com\/#\/schema\/logo\/image\/","url":"https:\/\/groupecoiff.com\/wp-content\/uploads\/2024\/01\/cropped-Groupe-Coiff-Logo.webp","contentUrl":"https:\/\/groupecoiff.com\/wp-content\/uploads\/2024\/01\/cropped-Groupe-Coiff-Logo.webp","width":512,"height":512,"caption":"Groupe Coiff"},"image":{"@id":"https:\/\/groupecoiff.com\/#\/schema\/logo\/image\/"},"sameAs":["https:\/\/www.facebook.com\/GroupeCoiff","https:\/\/x.com\/groupecoiff","https:\/\/www.instagram.com\/groupecoiff\/","https:\/\/www.tiktok.com\/@groupecoiff","https:\/\/www.youtube.com\/@groupecoiff","https:\/\/twitter.com\/groupecoiff","https:\/\/www.leboncoin.fr\/boutique\/3961302\/groupe_coiff.htm"],"description":"Discover Groupe Coiff's top-of-the-range hairdressing furniture, combining elegance and functionality to enhance your salon and satisfy your customers.","email":"contact@groupecoiff.com","telephone":"0676951605","legalName":"Groupe Coiff","foundingDate":"2022-11-16","vatID":"FR84921406419","taxID":"92140641900025"}]},"product_price_amount":"529.00","product_price_currency":"EUR","og_availability":"instock","product_availability":"instock","product_condition":"new"},"jetpack_publicize_connections":[],"jetpack_likes_enabled":true,"jetpack_sharing_enabled":true,"_links":{"self":[{"href":"https:\/\/groupecoiff.com\/en\/wp-json\/wp\/v2\/product\/34641","targetHints":{"allow":["GET"]}}],"collection":[{"href":"https:\/\/groupecoiff.com\/en\/wp-json\/wp\/v2\/product"}],"about":[{"href":"https:\/\/groupecoiff.com\/en\/wp-json\/wp\/v2\/types\/product"}],"replies":[{"embeddable":true,"href":"https:\/\/groupecoiff.com\/en\/wp-json\/wp\/v2\/comments?post=34641"}],"version-history":[{"count":0,"href":"https:\/\/groupecoiff.com\/en\/wp-json\/wp\/v2\/product\/34641\/revisions"}],"wp:featuredmedia":[{"embeddable":true,"href":"https:\/\/groupecoiff.com\/en\/wp-json\/wp\/v2\/media\/45691"}],"wp:attachment":[{"href":"https:\/\/groupecoiff.com\/en\/wp-json\/wp\/v2\/media?parent=34641"}],"wp:term":[{"taxonomy":"product_brand","embeddable":true,"href":"https:\/\/groupecoiff.com\/en\/wp-json\/wp\/v2\/product_brand?post=34641"},{"taxonomy":"product_cat","embeddable":true,"href":"https:\/\/groupecoiff.com\/en\/wp-json\/wp\/v2\/product_cat?post=34641"},{"taxonomy":"product_tag","embeddable":true,"href":"https:\/\/groupecoiff.com\/en\/wp-json\/wp\/v2\/product_tag?post=34641"}],"curies":[{"name":"wp","href":"https:\/\/api.w.org\/{rel}","templated":true}]}}