{"id":35352,"date":"2024-09-23T12:08:50","date_gmt":"2024-09-23T10:08:50","guid":{"rendered":"https:\/\/groupecoiff.com\/?post_type=product&#038;p=35352"},"modified":"2025-09-09T19:46:59","modified_gmt":"2025-09-09T17:46:59","slug":"gyna-electric-gynecological-chair","status":"publish","type":"product","link":"https:\/\/groupecoiff.com\/en\/produit\/fauteuil-gynecologique-electrique-gyna\/","title":{"rendered":"GYNA Electric Gynecological Chair"},"content":{"rendered":"<ul>\n<li>\n<h3>GYNA Electric Gynecological Chair: Unparalleled Performance and Comfort<\/h3>\n<p>The GYNA Electric Gynecological Chair is a professional, ergonomic and robust piece of medical furniture. It guarantees comfort and performance for gynecological consultations, optimizing examinations while ensuring a pleasant experience for patients and practitioners.<\/p>\n<h4>High-end design and innovative features<\/h4>\n<p>The GYNA Electric Gynecological Chair features a stable structure and 4 powerful motors that ensure total control over the following adjustments:<\/p>\n<p>1. R\u00e9glage de la hauteur : Permet d&rsquo;adapter le fauteuil \u00e0 la taille du praticien pour un confort ergonomique.<\/p>\n<p>2. Backrest tilt: smooth transition between lying and semi-seated positions for maximum flexibility.<\/p>\n<p>3. Seat and footrest tilt: Ensures optimum patient positioning during examinations.<\/p>\n<p>The chair's 120\u00b0 rotation optimizes the workspace, facilitating medical procedures. What's more, the integrated foot pedals allow precise control of all movements, wherever the practitioner may be around the chair. This version also includes a RESET function that quickly resets the chair to zero between consultations.<\/p>\n<h4>Comfort and Safety<\/h4>\n<p>Featuring a high-quality gray PU upholstery, this electric gynecological examination chair offers an easy-to-clean surface, guaranteeing optimum hygiene. The integrated locking system ensures total safety during examinations, while the fold-down armrests and adjustable articulated legrests offer unrivalled patient comfort.<\/p>\n<h4>Mobility and Optional Accessories<\/h4>\n<p>For added flexibility, the GYNA Electric Gynecological Chair can be fitted with castors for easy movement around the consulting room. A roll holder and protective cover are also available as optional extras for even greater convenience.<\/p>\n<h4>Technical specifications<\/h4>\n<p>Dimensions without armrests: 186 x 56 x 62\/94 cm<\/p>\n<p>Dimensions with armrests: 186 x 86 x 62\/94 cm<\/p>\n<p>Weight: 79 kg<\/p>\n<p>Coating : High-quality PU<\/p>\n<p>Mattress thickness: 8 to 12 cm<\/p>\n<h4>Why choose the GYNA Electric Gynecological Chair?<\/h4>\n<p>Professional medical furniture to medical standards (Regulation 2017\/745)<\/p>\n<p>Professional Electric Gynecological Chair with 4 motors<\/p>\n<p>Table d&rsquo;examen gyn\u00e9cologique \u00e9lectrique polyvalente et pratique<\/p>\n<p>Comfort and safety for both patient and practitioner<\/p>\n<p>In conclusion, the GYNA Electric Gynecological Chair combines efficiency, safety and ergonomics. It is designed to transform your medical consultations into more comfortable and efficient experiences, for both you and your patients. Invest today in this state-of-the-art electric gynecological chair and benefit from a complete solution to optimize your consultations.<\/p>\n<h4>Available options :<\/h4>\n<p>Protective cover for armchairs<\/p>\n<p>Castors for easy movement<\/p>\n<p>Paper roll holder<\/li>\n<\/ul>\n<p>&nbsp;<\/p>\n<p style=\"text-align: center;\"><span style=\"color: #808000;\"><strong><a style=\"color: #808000;\" href=\"https:\/\/groupecoiff.com\/wp-content\/uploads\/2024\/09\/Fiche-Technique-Gyna.pdf\">Gyna data sheet<\/a><\/strong><\/span><\/p>\n<p style=\"text-align: center;\">","protected":false},"excerpt":{"rendered":"<p>Optimize your gynecological examinations with the GYNA Electric Gynecological Examination Chair. Robust, stable and with total control thanks to its 4 powerful motors!<\/p>","protected":false},"featured_media":35354,"comment_status":"open","ping_status":"closed","template":"","meta":{"googlesitekit_rrm_CAow0YCiDA:productID":"","jetpack_publicize_message":"","jetpack_publicize_feature_enabled":true,"jetpack_social_post_already_shared":true,"jetpack_social_options":{"image_generator_settings":{"template":"highway","default_image_id":0,"font":"","enabled":false},"version":2}},"product_brand":[576],"product_cat":[486,61,458],"product_tag":[459,460],"class_list":{"0":"post-35352","1":"product","2":"type-product","3":"status-publish","4":"has-post-thumbnail","6":"product_brand-weelko","7":"product_cat-fauteuil-de-soins-esthetique","8":"product_cat-mobilier-esthetique","9":"product_cat-mobilier-medical-professionnel","10":"product_tag-fauteuil-gynecologique-electrique","11":"product_tag-mobilier-medical","13":"first","14":"instock","15":"sale","16":"taxable","17":"shipping-taxable","18":"purchasable","19":"product-type-simple"},"yoast_head":"<!-- This site is optimized with the Yoast SEO Premium plugin v27.5 (Yoast SEO v27.5) - https:\/\/yoast.com\/product\/yoast-seo-premium-wordpress\/ -->\n<title>Fauteuil Gyn\u00e9cologique \u00c9lectrique GYNA: Confort et Contr\u00f4le Total<\/title>\n<meta name=\"description\" content=\"Facilitez vos consultations gyn\u00e9cologiques avec le Fauteuil Gyn\u00e9cologique \u00c9lectrique GYNA. Ergonomique, robuste et con\u00e7u pour une exp\u00e9rience optimale.\" \/>\n<meta name=\"robots\" content=\"index, follow, max-snippet:-1, max-image-preview:large, max-video-preview:-1\" \/>\n<link rel=\"canonical\" href=\"https:\/\/groupecoiff.com\/en\/product-2\/gyna-electric-gynecological-chair\/\" \/>\n<meta property=\"og:locale\" content=\"en_US\" \/>\n<meta property=\"og:type\" content=\"article\" \/>\n<meta property=\"og:title\" content=\"Fauteuil Gyn\u00e9cologique \u00c9lectrique GYNA\" \/>\n<meta property=\"og:description\" content=\"Facilitez vos consultations gyn\u00e9cologiques avec le Fauteuil Gyn\u00e9cologique \u00c9lectrique GYNA. Ergonomique, robuste et con\u00e7u pour une exp\u00e9rience optimale.\" \/>\n<meta property=\"og:url\" content=\"https:\/\/groupecoiff.com\/en\/product-2\/gyna-electric-gynecological-chair\/\" \/>\n<meta property=\"og:site_name\" content=\"Groupe Coiff\" \/>\n<meta property=\"article:publisher\" content=\"https:\/\/www.facebook.com\/GroupeCoiff\" \/>\n<meta property=\"article:modified_time\" content=\"2025-09-09T17:46:59+00:00\" \/>\n<meta property=\"og:image\" content=\"https:\/\/groupecoiff.com\/wp-content\/uploads\/2024\/09\/Fauteuil-Gynecologique-Electrique-GYNA-2.webp\" \/>\n\t<meta property=\"og:image:width\" content=\"1080\" \/>\n\t<meta property=\"og:image:height\" content=\"1080\" \/>\n\t<meta property=\"og:image:type\" content=\"image\/webp\" \/>\n<meta name=\"twitter:card\" content=\"summary_large_image\" \/>\n<meta name=\"twitter:site\" content=\"@groupecoiff\" \/>\n<meta name=\"twitter:label1\" content=\"Price\" \/>\n\t<meta name=\"twitter:data1\" content=\"2459,00&nbsp;&euro;\" \/>\n\t<meta name=\"twitter:label2\" content=\"Availability\" \/>\n\t<meta name=\"twitter:data2\" content=\"In stock\" \/>\n<script type=\"application\/ld+json\" class=\"yoast-schema-graph\">{\"@context\":\"https:\\\/\\\/schema.org\",\"@graph\":[{\"@type\":\"WebPage\",\"@id\":\"https:\\\/\\\/groupecoiff.com\\\/produit\\\/fauteuil-gynecologique-electrique-gyna\\\/\",\"url\":\"https:\\\/\\\/groupecoiff.com\\\/produit\\\/fauteuil-gynecologique-electrique-gyna\\\/\",\"name\":\"Fauteuil Gyn\u00e9cologique \u00c9lectrique GYNA: Confort et Contr\u00f4le Total\",\"isPartOf\":{\"@id\":\"https:\\\/\\\/groupecoiff.com\\\/#website\"},\"primaryImageOfPage\":{\"@id\":\"https:\\\/\\\/groupecoiff.com\\\/produit\\\/fauteuil-gynecologique-electrique-gyna\\\/#primaryimage\"},\"image\":{\"@id\":\"https:\\\/\\\/groupecoiff.com\\\/produit\\\/fauteuil-gynecologique-electrique-gyna\\\/#primaryimage\"},\"thumbnailUrl\":\"https:\\\/\\\/groupecoiff.com\\\/wp-content\\\/uploads\\\/2024\\\/09\\\/Fauteuil-Gynecologique-Electrique-GYNA-2.webp\",\"datePublished\":\"2024-09-23T10:08:50+00:00\",\"dateModified\":\"2025-09-09T17:46:59+00:00\",\"description\":\"Facilitez vos consultations gyn\u00e9cologiques avec le Fauteuil Gyn\u00e9cologique \u00c9lectrique GYNA. Ergonomique, robuste et con\u00e7u pour une exp\u00e9rience optimale.\",\"breadcrumb\":{\"@id\":\"https:\\\/\\\/groupecoiff.com\\\/produit\\\/fauteuil-gynecologique-electrique-gyna\\\/#breadcrumb\"},\"inLanguage\":\"en-US\",\"potentialAction\":[{\"@type\":\"ReadAction\",\"target\":[\"https:\\\/\\\/groupecoiff.com\\\/produit\\\/fauteuil-gynecologique-electrique-gyna\\\/\"]}]},{\"@type\":\"ImageObject\",\"inLanguage\":\"en-US\",\"@id\":\"https:\\\/\\\/groupecoiff.com\\\/produit\\\/fauteuil-gynecologique-electrique-gyna\\\/#primaryimage\",\"url\":\"https:\\\/\\\/groupecoiff.com\\\/wp-content\\\/uploads\\\/2024\\\/09\\\/Fauteuil-Gynecologique-Electrique-GYNA-2.webp\",\"contentUrl\":\"https:\\\/\\\/groupecoiff.com\\\/wp-content\\\/uploads\\\/2024\\\/09\\\/Fauteuil-Gynecologique-Electrique-GYNA-2.webp\",\"width\":1080,\"height\":1080,\"caption\":\"Fauteuil gyn\u00e9cologique \u00c9lectrique gyna (2)\"},{\"@type\":\"BreadcrumbList\",\"@id\":\"https:\\\/\\\/groupecoiff.com\\\/produit\\\/fauteuil-gynecologique-electrique-gyna\\\/#breadcrumb\",\"itemListElement\":[{\"@type\":\"ListItem\",\"position\":1,\"name\":\"Accueil\",\"item\":\"https:\\\/\\\/groupecoiff.com\\\/\"},{\"@type\":\"ListItem\",\"position\":2,\"name\":\"Boutique\",\"item\":\"https:\\\/\\\/groupecoiff.com\\\/en\\\/boutique\\\/\"},{\"@type\":\"ListItem\",\"position\":3,\"name\":\"Fauteuil Gyn\u00e9cologique \u00c9lectrique GYNA\"}]},{\"@type\":\"WebSite\",\"@id\":\"https:\\\/\\\/groupecoiff.com\\\/#website\",\"url\":\"https:\\\/\\\/groupecoiff.com\\\/\",\"name\":\"Groupe Coiff\",\"description\":\"Tout pour la coiffure\",\"publisher\":{\"@id\":\"https:\\\/\\\/groupecoiff.com\\\/#organization\"},\"potentialAction\":[{\"@type\":\"SearchAction\",\"target\":{\"@type\":\"EntryPoint\",\"urlTemplate\":\"https:\\\/\\\/groupecoiff.com\\\/?s={search_term_string}\"},\"query-input\":{\"@type\":\"PropertyValueSpecification\",\"valueRequired\":true,\"valueName\":\"search_term_string\"}}],\"inLanguage\":\"en-US\"},{\"@type\":\"Organization\",\"@id\":\"https:\\\/\\\/groupecoiff.com\\\/#organization\",\"name\":\"Groupe Coiff\",\"alternateName\":\"Groupe Coiff : Le Mobilier De Coiffure Haut de Gamme Pour Une \u00c9l\u00e9gance In\u00e9gal\u00e9e\",\"url\":\"https:\\\/\\\/groupecoiff.com\\\/\",\"logo\":{\"@type\":\"ImageObject\",\"inLanguage\":\"en-US\",\"@id\":\"https:\\\/\\\/groupecoiff.com\\\/#\\\/schema\\\/logo\\\/image\\\/\",\"url\":\"https:\\\/\\\/groupecoiff.com\\\/wp-content\\\/uploads\\\/2024\\\/01\\\/cropped-Groupe-Coiff-Logo.webp\",\"contentUrl\":\"https:\\\/\\\/groupecoiff.com\\\/wp-content\\\/uploads\\\/2024\\\/01\\\/cropped-Groupe-Coiff-Logo.webp\",\"width\":512,\"height\":512,\"caption\":\"Groupe Coiff\"},\"image\":{\"@id\":\"https:\\\/\\\/groupecoiff.com\\\/#\\\/schema\\\/logo\\\/image\\\/\"},\"sameAs\":[\"https:\\\/\\\/www.facebook.com\\\/GroupeCoiff\",\"https:\\\/\\\/x.com\\\/groupecoiff\",\"https:\\\/\\\/www.instagram.com\\\/groupecoiff\\\/\",\"https:\\\/\\\/www.tiktok.com\\\/@groupecoiff\",\"https:\\\/\\\/www.youtube.com\\\/@groupecoiff\",\"https:\\\/\\\/twitter.com\\\/groupecoiff\",\"https:\\\/\\\/www.leboncoin.fr\\\/boutique\\\/3961302\\\/groupe_coiff.htm\"],\"description\":\"D\u00e9couvrez le mobilier de coiffure haut de gamme de Groupe Coiff, alliant \u00e9l\u00e9gance et fonctionnalit\u00e9 pour sublimer votre salon et satisfaire vos clients.\",\"email\":\"contact@groupecoiff.com\",\"telephone\":\"0676951605\",\"legalName\":\"Groupe Coiff\",\"foundingDate\":\"2022-11-16\",\"vatID\":\"FR84921406419\",\"taxID\":\"92140641900025\"}]}<\/script>\n<meta property=\"product:price:amount\" content=\"2459.00\" \/>\n<meta property=\"product:price:currency\" content=\"EUR\" \/>\n<meta property=\"og:availability\" content=\"instock\" \/>\n<meta property=\"product:availability\" content=\"instock\" \/>\n<meta property=\"product:retailer_item_id\" content=\"2246EBS.4.A66\" \/>\n<meta property=\"product:condition\" content=\"new\" \/>\n<!-- \/ Yoast SEO Premium plugin. -->","yoast_head_json":{"title":"GYNA Electric Gynecological Chair: Comfort and Total Control","description":"Make your gynecological consultations easier with the GYNA Electric Gynecological Chair. Ergonomic, robust and designed for an optimal experience.","robots":{"index":"index","follow":"follow","max-snippet":"max-snippet:-1","max-image-preview":"max-image-preview:large","max-video-preview":"max-video-preview:-1"},"canonical":"https:\/\/groupecoiff.com\/en\/product-2\/gyna-electric-gynecological-chair\/","og_locale":"en_US","og_type":"article","og_title":"Fauteuil Gyn\u00e9cologique \u00c9lectrique GYNA","og_description":"Facilitez vos consultations gyn\u00e9cologiques avec le Fauteuil Gyn\u00e9cologique \u00c9lectrique GYNA. Ergonomique, robuste et con\u00e7u pour une exp\u00e9rience optimale.","og_url":"https:\/\/groupecoiff.com\/en\/product-2\/gyna-electric-gynecological-chair\/","og_site_name":"Groupe Coiff","article_publisher":"https:\/\/www.facebook.com\/GroupeCoiff","article_modified_time":"2025-09-09T17:46:59+00:00","og_image":[{"width":1080,"height":1080,"url":"https:\/\/groupecoiff.com\/wp-content\/uploads\/2024\/09\/Fauteuil-Gynecologique-Electrique-GYNA-2.webp","type":"image\/webp"}],"twitter_card":"summary_large_image","twitter_site":"@groupecoiff","twitter_misc":{"Price":"2459,00&nbsp;&euro;","Availability":"In stock"},"schema":{"@context":"https:\/\/schema.org","@graph":[{"@type":"WebPage","@id":"https:\/\/groupecoiff.com\/produit\/fauteuil-gynecologique-electrique-gyna\/","url":"https:\/\/groupecoiff.com\/produit\/fauteuil-gynecologique-electrique-gyna\/","name":"GYNA Electric Gynecological Chair: Comfort and Total Control","isPartOf":{"@id":"https:\/\/groupecoiff.com\/#website"},"primaryImageOfPage":{"@id":"https:\/\/groupecoiff.com\/produit\/fauteuil-gynecologique-electrique-gyna\/#primaryimage"},"image":{"@id":"https:\/\/groupecoiff.com\/produit\/fauteuil-gynecologique-electrique-gyna\/#primaryimage"},"thumbnailUrl":"https:\/\/groupecoiff.com\/wp-content\/uploads\/2024\/09\/Fauteuil-Gynecologique-Electrique-GYNA-2.webp","datePublished":"2024-09-23T10:08:50+00:00","dateModified":"2025-09-09T17:46:59+00:00","description":"Make your gynecological consultations easier with the GYNA Electric Gynecological Chair. Ergonomic, robust and designed for an optimal experience.","breadcrumb":{"@id":"https:\/\/groupecoiff.com\/produit\/fauteuil-gynecologique-electrique-gyna\/#breadcrumb"},"inLanguage":"en-US","potentialAction":[{"@type":"ReadAction","target":["https:\/\/groupecoiff.com\/produit\/fauteuil-gynecologique-electrique-gyna\/"]}]},{"@type":"ImageObject","inLanguage":"en-US","@id":"https:\/\/groupecoiff.com\/produit\/fauteuil-gynecologique-electrique-gyna\/#primaryimage","url":"https:\/\/groupecoiff.com\/wp-content\/uploads\/2024\/09\/Fauteuil-Gynecologique-Electrique-GYNA-2.webp","contentUrl":"https:\/\/groupecoiff.com\/wp-content\/uploads\/2024\/09\/Fauteuil-Gynecologique-Electrique-GYNA-2.webp","width":1080,"height":1080,"caption":"Fauteuil gyn\u00e9cologique \u00c9lectrique gyna (2)"},{"@type":"BreadcrumbList","@id":"https:\/\/groupecoiff.com\/produit\/fauteuil-gynecologique-electrique-gyna\/#breadcrumb","itemListElement":[{"@type":"ListItem","position":1,"name":"Accueil","item":"https:\/\/groupecoiff.com\/"},{"@type":"ListItem","position":2,"name":"Boutique","item":"https:\/\/groupecoiff.com\/en\/boutique\/"},{"@type":"ListItem","position":3,"name":"Fauteuil Gyn\u00e9cologique \u00c9lectrique GYNA"}]},{"@type":"WebSite","@id":"https:\/\/groupecoiff.com\/#website","url":"https:\/\/groupecoiff.com\/","name":"Coiff Group","description":"Everything for the hairdresser","publisher":{"@id":"https:\/\/groupecoiff.com\/#organization"},"potentialAction":[{"@type":"SearchAction","target":{"@type":"EntryPoint","urlTemplate":"https:\/\/groupecoiff.com\/?s={search_term_string}"},"query-input":{"@type":"PropertyValueSpecification","valueRequired":true,"valueName":"search_term_string"}}],"inLanguage":"en-US"},{"@type":"Organization","@id":"https:\/\/groupecoiff.com\/#organization","name":"Coiff Group","alternateName":"Groupe Coiff : Le Mobilier De Coiffure Haut de Gamme Pour Une \u00c9l\u00e9gance In\u00e9gal\u00e9e","url":"https:\/\/groupecoiff.com\/","logo":{"@type":"ImageObject","inLanguage":"en-US","@id":"https:\/\/groupecoiff.com\/#\/schema\/logo\/image\/","url":"https:\/\/groupecoiff.com\/wp-content\/uploads\/2024\/01\/cropped-Groupe-Coiff-Logo.webp","contentUrl":"https:\/\/groupecoiff.com\/wp-content\/uploads\/2024\/01\/cropped-Groupe-Coiff-Logo.webp","width":512,"height":512,"caption":"Groupe Coiff"},"image":{"@id":"https:\/\/groupecoiff.com\/#\/schema\/logo\/image\/"},"sameAs":["https:\/\/www.facebook.com\/GroupeCoiff","https:\/\/x.com\/groupecoiff","https:\/\/www.instagram.com\/groupecoiff\/","https:\/\/www.tiktok.com\/@groupecoiff","https:\/\/www.youtube.com\/@groupecoiff","https:\/\/twitter.com\/groupecoiff","https:\/\/www.leboncoin.fr\/boutique\/3961302\/groupe_coiff.htm"],"description":"Discover Groupe Coiff's top-of-the-range hairdressing furniture, combining elegance and functionality to enhance your salon and satisfy your customers.","email":"contact@groupecoiff.com","telephone":"0676951605","legalName":"Groupe Coiff","foundingDate":"2022-11-16","vatID":"FR84921406419","taxID":"92140641900025"}]},"product_price_amount":"2459.00","product_price_currency":"EUR","og_availability":"instock","product_availability":"instock","product_retailer_item_id":"2246EBS.4.A66","product_condition":"new"},"jetpack_publicize_connections":[],"jetpack_likes_enabled":true,"jetpack_sharing_enabled":true,"_links":{"self":[{"href":"https:\/\/groupecoiff.com\/en\/wp-json\/wp\/v2\/product\/35352","targetHints":{"allow":["GET"]}}],"collection":[{"href":"https:\/\/groupecoiff.com\/en\/wp-json\/wp\/v2\/product"}],"about":[{"href":"https:\/\/groupecoiff.com\/en\/wp-json\/wp\/v2\/types\/product"}],"replies":[{"embeddable":true,"href":"https:\/\/groupecoiff.com\/en\/wp-json\/wp\/v2\/comments?post=35352"}],"version-history":[{"count":0,"href":"https:\/\/groupecoiff.com\/en\/wp-json\/wp\/v2\/product\/35352\/revisions"}],"wp:featuredmedia":[{"embeddable":true,"href":"https:\/\/groupecoiff.com\/en\/wp-json\/wp\/v2\/media\/35354"}],"wp:attachment":[{"href":"https:\/\/groupecoiff.com\/en\/wp-json\/wp\/v2\/media?parent=35352"}],"wp:term":[{"taxonomy":"product_brand","embeddable":true,"href":"https:\/\/groupecoiff.com\/en\/wp-json\/wp\/v2\/product_brand?post=35352"},{"taxonomy":"product_cat","embeddable":true,"href":"https:\/\/groupecoiff.com\/en\/wp-json\/wp\/v2\/product_cat?post=35352"},{"taxonomy":"product_tag","embeddable":true,"href":"https:\/\/groupecoiff.com\/en\/wp-json\/wp\/v2\/product_tag?post=35352"}],"curies":[{"name":"wp","href":"https:\/\/api.w.org\/{rel}","templated":true}]}}