{"id":35624,"date":"2024-10-18T12:34:09","date_gmt":"2024-10-18T10:34:09","guid":{"rendered":"https:\/\/groupecoiff.com\/?post_type=product&#038;p=35624"},"modified":"2026-05-09T22:25:37","modified_gmt":"2026-05-09T20:25:37","slug":"loop-cb-styling-mirror","status":"publish","type":"product","link":"https:\/\/groupecoiff.com\/en\/produit\/miroir-de-coiffure-loop-cb\/","title":{"rendered":"Miroir de coiffure LOOP CB"},"content":{"rendered":"<h3>LOOP CB Styling Station: Modern Elegance and Functionality<\/h3>\n<p>The LOOP CG Styling Mirror is a must-have for any salon or beauty salon looking for a modern, refined style. Thanks to its gold frame and perimeter LED lighting, this LOOP CG styling station combines contemporary design with optimum functionality.<\/p>\n<h4><strong>Superior design and materials<\/strong><\/h4>\n<p>Made from high-density particleboard, the LOOP CG styling station stands out for its sturdiness and durability. It's made from particleboard replated on both sides with white melamine paper, offering impeccable aesthetics. Its silver mirror with polished, rounded edges adds a touch of elegance, while ensuring a perfect finish.<\/p>\n<h4><strong>LOOP CB mirror features<\/strong><\/h4>\n<ol>\n<li>Silver-plated mirror with polished edges, for an elegant finish<\/li>\n<li>3000K LED perimeter lighting, for uniform, pleasant illumination<\/li>\n<li>Silver frame adds a modern touch to your space<\/li>\n<li>Complete installation kit (screws, plugs, hooks)<\/li>\n<li>Dimensions: 170 cm x 70 cm x 4 cm<\/li>\n<li>Weight: 16 kg<\/li>\n<\/ol>\n<h4><strong>Easy Installation and Maintenance<\/strong><\/h4>\n<p>Thanks to the included installation kit, the LOOP CG Led Mirror Dressing Table is easy to install. It's also easy to maintain, ensuring a clean and tidy working environment all day long.<\/p>\n<h4><strong>The Ideal Choice for Modern Salons<\/strong><\/h4>\n<p>LOOP CB est la solution id\u00e9ale pour les professionnels de la beaut\u00e9. Son \u00e9clairage LED assure une visibilit\u00e9 parfaite, n\u00e9cessaire pour des prestations de qualit\u00e9. Ce mobilier pour salon de coiffure allie \u00e9l\u00e9gance et fonctionnalit\u00e9, r\u00e9pondant ainsi aux besoins des salons modernes.<\/p>\n<h4><strong>Pourquoi Choisir le Poste de Coiffure LOOP CB?<\/strong><\/h4>\n<p>Choosing the LOOP CG styling station means opting for a durable, aesthetic and practical product. This LOOP CG styling mirror creates a contemporary space while optimizing functionality for your services.<\/p>\n<p>&nbsp;<\/p>\n<h6 style=\"text-align: center;\"><span style=\"color: #808000;\"><a style=\"color: #808000;\" href=\"https:\/\/groupecoiff.com\/wp-content\/uploads\/2024\/10\/Fiche-Technique-LOOP.pdf\">Fiche Technique LOOP CB<\/a><\/span><\/h6>","protected":false},"excerpt":{"rendered":"<div class=\"yst-label yst-radio__label yst-flex yst-flex-wrap yst-items-center\">Bring a touch of modernity to your hair salon with the LOOP CB Hairdressing Mirror. Contemporary design, silver frame and 3000K LED lighting. Quality and style in one!<\/div>","protected":false},"featured_media":46344,"comment_status":"open","ping_status":"closed","template":"","meta":{"googlesitekit_rrm_CAow0YCiDA:productID":"","jetpack_publicize_message":"","jetpack_publicize_feature_enabled":true,"jetpack_social_post_already_shared":true,"jetpack_social_options":{"image_generator_settings":{"template":"highway","default_image_id":0,"font":"","enabled":false},"version":2}},"product_brand":[575],"product_cat":[313,48],"product_tag":[367,324,468,125],"class_list":{"0":"post-35624","1":"product","2":"type-product","3":"status-publish","4":"has-post-thumbnail","6":"product_brand-mirplay","7":"product_cat-meuble-de-coiffure","8":"product_cat-poste-de-coiffage-professionnel","9":"product_tag-coiffeuse-pour-salon-de-coiffure","10":"product_tag-meuble-de-coiffure-professionnel","11":"product_tag-miroir-de-coiffure","12":"product_tag-salon-de-coiffure","14":"first","15":"instock","16":"taxable","17":"shipping-taxable","18":"purchasable","19":"product-type-simple"},"yoast_head":"<!-- This site is optimized with the Yoast SEO Premium plugin v27.5 (Yoast SEO v27.5) - https:\/\/yoast.com\/product\/yoast-seo-premium-wordpress\/ -->\n<title>Miroir de coiffure LOOP CB: \u00c9l\u00e9gance et finition parfaite - Groupe Coiff<\/title>\n<meta name=\"description\" content=\"Ajoutez une touche d&#039;\u00e9l\u00e9gance contemporaine \u00e0 votre salon de coiffure avec le Miroir de coiffure LOOP CB. Design raffin\u00e9, cadre argent\u00e9 et \u00e9clairage LED.\" \/>\n<meta name=\"robots\" content=\"index, follow, max-snippet:-1, max-image-preview:large, max-video-preview:-1\" \/>\n<link rel=\"canonical\" href=\"https:\/\/groupecoiff.com\/en\/product-2\/loop-cb-styling-mirror\/\" \/>\n<meta property=\"og:locale\" content=\"en_US\" \/>\n<meta property=\"og:type\" content=\"article\" \/>\n<meta property=\"og:title\" content=\"Miroir de coiffure LOOP CB\" \/>\n<meta property=\"og:description\" content=\"Ajoutez une touche d&#039;\u00e9l\u00e9gance contemporaine \u00e0 votre salon de coiffure avec le Miroir de coiffure LOOP CB. Design raffin\u00e9, cadre argent\u00e9 et \u00e9clairage LED.\" \/>\n<meta property=\"og:url\" content=\"https:\/\/groupecoiff.com\/en\/product-2\/loop-cb-styling-mirror\/\" \/>\n<meta property=\"og:site_name\" content=\"Groupe Coiff\" \/>\n<meta property=\"article:publisher\" content=\"https:\/\/www.facebook.com\/GroupeCoiff\" \/>\n<meta property=\"article:modified_time\" content=\"2026-05-09T20:25:37+00:00\" \/>\n<meta property=\"og:image\" content=\"https:\/\/groupecoiff.com\/wp-content\/uploads\/2024\/10\/LOOP-CB-7.webp\" \/>\n\t<meta property=\"og:image:width\" content=\"1080\" \/>\n\t<meta property=\"og:image:height\" content=\"1080\" \/>\n\t<meta property=\"og:image:type\" content=\"image\/webp\" \/>\n<meta name=\"twitter:card\" content=\"summary_large_image\" \/>\n<meta name=\"twitter:site\" content=\"@groupecoiff\" \/>\n<meta name=\"twitter:label1\" content=\"Price\" \/>\n\t<meta name=\"twitter:data1\" content=\"299,00&nbsp;&euro;\" \/>\n\t<meta name=\"twitter:label2\" content=\"Availability\" \/>\n\t<meta name=\"twitter:data2\" content=\"In stock\" \/>\n<script type=\"application\/ld+json\" class=\"yoast-schema-graph\">{\"@context\":\"https:\\\/\\\/schema.org\",\"@graph\":[{\"@type\":\"WebPage\",\"@id\":\"https:\\\/\\\/groupecoiff.com\\\/produit\\\/miroir-de-coiffure-loop-cb\\\/\",\"url\":\"https:\\\/\\\/groupecoiff.com\\\/produit\\\/miroir-de-coiffure-loop-cb\\\/\",\"name\":\"Miroir de coiffure LOOP CB: \u00c9l\u00e9gance et finition parfaite - Groupe Coiff\",\"isPartOf\":{\"@id\":\"https:\\\/\\\/groupecoiff.com\\\/#website\"},\"primaryImageOfPage\":{\"@id\":\"https:\\\/\\\/groupecoiff.com\\\/produit\\\/miroir-de-coiffure-loop-cb\\\/#primaryimage\"},\"image\":{\"@id\":\"https:\\\/\\\/groupecoiff.com\\\/produit\\\/miroir-de-coiffure-loop-cb\\\/#primaryimage\"},\"thumbnailUrl\":\"https:\\\/\\\/groupecoiff.com\\\/wp-content\\\/uploads\\\/2024\\\/10\\\/LOOP-CB-7.webp\",\"datePublished\":\"2024-10-18T10:34:09+00:00\",\"dateModified\":\"2026-05-09T20:25:37+00:00\",\"description\":\"Ajoutez une touche d'\u00e9l\u00e9gance contemporaine \u00e0 votre salon de coiffure avec le Miroir de coiffure LOOP CB. Design raffin\u00e9, cadre argent\u00e9 et \u00e9clairage LED.\",\"breadcrumb\":{\"@id\":\"https:\\\/\\\/groupecoiff.com\\\/produit\\\/miroir-de-coiffure-loop-cb\\\/#breadcrumb\"},\"inLanguage\":\"en-US\",\"potentialAction\":[{\"@type\":\"ReadAction\",\"target\":[\"https:\\\/\\\/groupecoiff.com\\\/produit\\\/miroir-de-coiffure-loop-cb\\\/\"]}]},{\"@type\":\"ImageObject\",\"inLanguage\":\"en-US\",\"@id\":\"https:\\\/\\\/groupecoiff.com\\\/produit\\\/miroir-de-coiffure-loop-cb\\\/#primaryimage\",\"url\":\"https:\\\/\\\/groupecoiff.com\\\/wp-content\\\/uploads\\\/2024\\\/10\\\/LOOP-CB-7.webp\",\"contentUrl\":\"https:\\\/\\\/groupecoiff.com\\\/wp-content\\\/uploads\\\/2024\\\/10\\\/LOOP-CB-7.webp\",\"width\":1080,\"height\":1080,\"caption\":\"Miroir de coiffure LOOP CB - Poste de coiffage LOOP CB - Mobilier pour salon de coiffure - Coiffeuse avec miroir Led - Poste de coiffure professionnel\"},{\"@type\":\"BreadcrumbList\",\"@id\":\"https:\\\/\\\/groupecoiff.com\\\/produit\\\/miroir-de-coiffure-loop-cb\\\/#breadcrumb\",\"itemListElement\":[{\"@type\":\"ListItem\",\"position\":1,\"name\":\"Accueil\",\"item\":\"https:\\\/\\\/groupecoiff.com\\\/\"},{\"@type\":\"ListItem\",\"position\":2,\"name\":\"Boutique\",\"item\":\"https:\\\/\\\/groupecoiff.com\\\/en\\\/boutique\\\/\"},{\"@type\":\"ListItem\",\"position\":3,\"name\":\"Miroir de coiffure LOOP CB\"}]},{\"@type\":\"WebSite\",\"@id\":\"https:\\\/\\\/groupecoiff.com\\\/#website\",\"url\":\"https:\\\/\\\/groupecoiff.com\\\/\",\"name\":\"Groupe Coiff\",\"description\":\"Tout pour la coiffure\",\"publisher\":{\"@id\":\"https:\\\/\\\/groupecoiff.com\\\/#organization\"},\"potentialAction\":[{\"@type\":\"SearchAction\",\"target\":{\"@type\":\"EntryPoint\",\"urlTemplate\":\"https:\\\/\\\/groupecoiff.com\\\/?s={search_term_string}\"},\"query-input\":{\"@type\":\"PropertyValueSpecification\",\"valueRequired\":true,\"valueName\":\"search_term_string\"}}],\"inLanguage\":\"en-US\"},{\"@type\":\"Organization\",\"@id\":\"https:\\\/\\\/groupecoiff.com\\\/#organization\",\"name\":\"Groupe Coiff\",\"alternateName\":\"Groupe Coiff : Le Mobilier De Coiffure Haut de Gamme Pour Une \u00c9l\u00e9gance In\u00e9gal\u00e9e\",\"url\":\"https:\\\/\\\/groupecoiff.com\\\/\",\"logo\":{\"@type\":\"ImageObject\",\"inLanguage\":\"en-US\",\"@id\":\"https:\\\/\\\/groupecoiff.com\\\/#\\\/schema\\\/logo\\\/image\\\/\",\"url\":\"https:\\\/\\\/groupecoiff.com\\\/wp-content\\\/uploads\\\/2024\\\/01\\\/cropped-Groupe-Coiff-Logo.webp\",\"contentUrl\":\"https:\\\/\\\/groupecoiff.com\\\/wp-content\\\/uploads\\\/2024\\\/01\\\/cropped-Groupe-Coiff-Logo.webp\",\"width\":512,\"height\":512,\"caption\":\"Groupe Coiff\"},\"image\":{\"@id\":\"https:\\\/\\\/groupecoiff.com\\\/#\\\/schema\\\/logo\\\/image\\\/\"},\"sameAs\":[\"https:\\\/\\\/www.facebook.com\\\/GroupeCoiff\",\"https:\\\/\\\/x.com\\\/groupecoiff\",\"https:\\\/\\\/www.instagram.com\\\/groupecoiff\\\/\",\"https:\\\/\\\/www.tiktok.com\\\/@groupecoiff\",\"https:\\\/\\\/www.youtube.com\\\/@groupecoiff\",\"https:\\\/\\\/twitter.com\\\/groupecoiff\",\"https:\\\/\\\/www.leboncoin.fr\\\/boutique\\\/3961302\\\/groupe_coiff.htm\"],\"description\":\"D\u00e9couvrez le mobilier de coiffure haut de gamme de Groupe Coiff, alliant \u00e9l\u00e9gance et fonctionnalit\u00e9 pour sublimer votre salon et satisfaire vos clients.\",\"email\":\"contact@groupecoiff.com\",\"telephone\":\"0676951605\",\"legalName\":\"Groupe Coiff\",\"foundingDate\":\"2022-11-16\",\"vatID\":\"FR84921406419\",\"taxID\":\"92140641900025\"}]}<\/script>\n<meta property=\"product:price:amount\" content=\"299.00\" \/>\n<meta property=\"product:price:currency\" content=\"EUR\" \/>\n<meta property=\"og:availability\" content=\"instock\" \/>\n<meta property=\"product:availability\" content=\"instock\" \/>\n<meta property=\"product:condition\" content=\"new\" \/>\n<!-- \/ Yoast SEO Premium plugin. -->","yoast_head_json":{"title":"LOOP CB styling mirror: Elegance and a perfect finish - Groupe Coiff","description":"Add a touch of contemporary elegance to your salon with the LOOP CG Styling Mirror. Refined design, silver frame and LED lighting.","robots":{"index":"index","follow":"follow","max-snippet":"max-snippet:-1","max-image-preview":"max-image-preview:large","max-video-preview":"max-video-preview:-1"},"canonical":"https:\/\/groupecoiff.com\/en\/product-2\/loop-cb-styling-mirror\/","og_locale":"en_US","og_type":"article","og_title":"Miroir de coiffure LOOP CB","og_description":"Ajoutez une touche d'\u00e9l\u00e9gance contemporaine \u00e0 votre salon de coiffure avec le Miroir de coiffure LOOP CB. Design raffin\u00e9, cadre argent\u00e9 et \u00e9clairage LED.","og_url":"https:\/\/groupecoiff.com\/en\/product-2\/loop-cb-styling-mirror\/","og_site_name":"Groupe Coiff","article_publisher":"https:\/\/www.facebook.com\/GroupeCoiff","article_modified_time":"2026-05-09T20:25:37+00:00","og_image":[{"width":1080,"height":1080,"url":"https:\/\/groupecoiff.com\/wp-content\/uploads\/2024\/10\/LOOP-CB-7.webp","type":"image\/webp"}],"twitter_card":"summary_large_image","twitter_site":"@groupecoiff","twitter_misc":{"Price":"299,00&nbsp;&euro;","Availability":"In stock"},"schema":{"@context":"https:\/\/schema.org","@graph":[{"@type":"WebPage","@id":"https:\/\/groupecoiff.com\/produit\/miroir-de-coiffure-loop-cb\/","url":"https:\/\/groupecoiff.com\/produit\/miroir-de-coiffure-loop-cb\/","name":"LOOP CB styling mirror: Elegance and a perfect finish - Groupe Coiff","isPartOf":{"@id":"https:\/\/groupecoiff.com\/#website"},"primaryImageOfPage":{"@id":"https:\/\/groupecoiff.com\/produit\/miroir-de-coiffure-loop-cb\/#primaryimage"},"image":{"@id":"https:\/\/groupecoiff.com\/produit\/miroir-de-coiffure-loop-cb\/#primaryimage"},"thumbnailUrl":"https:\/\/groupecoiff.com\/wp-content\/uploads\/2024\/10\/LOOP-CB-7.webp","datePublished":"2024-10-18T10:34:09+00:00","dateModified":"2026-05-09T20:25:37+00:00","description":"Add a touch of contemporary elegance to your salon with the LOOP CG Styling Mirror. Refined design, silver frame and LED lighting.","breadcrumb":{"@id":"https:\/\/groupecoiff.com\/produit\/miroir-de-coiffure-loop-cb\/#breadcrumb"},"inLanguage":"en-US","potentialAction":[{"@type":"ReadAction","target":["https:\/\/groupecoiff.com\/produit\/miroir-de-coiffure-loop-cb\/"]}]},{"@type":"ImageObject","inLanguage":"en-US","@id":"https:\/\/groupecoiff.com\/produit\/miroir-de-coiffure-loop-cb\/#primaryimage","url":"https:\/\/groupecoiff.com\/wp-content\/uploads\/2024\/10\/LOOP-CB-7.webp","contentUrl":"https:\/\/groupecoiff.com\/wp-content\/uploads\/2024\/10\/LOOP-CB-7.webp","width":1080,"height":1080,"caption":"Miroir de coiffure LOOP CB - Poste de coiffage LOOP CB - Mobilier pour salon de coiffure - Coiffeuse avec miroir Led - Poste de coiffure professionnel"},{"@type":"BreadcrumbList","@id":"https:\/\/groupecoiff.com\/produit\/miroir-de-coiffure-loop-cb\/#breadcrumb","itemListElement":[{"@type":"ListItem","position":1,"name":"Accueil","item":"https:\/\/groupecoiff.com\/"},{"@type":"ListItem","position":2,"name":"Boutique","item":"https:\/\/groupecoiff.com\/en\/boutique\/"},{"@type":"ListItem","position":3,"name":"Miroir de coiffure LOOP CB"}]},{"@type":"WebSite","@id":"https:\/\/groupecoiff.com\/#website","url":"https:\/\/groupecoiff.com\/","name":"Coiff Group","description":"Everything for the hairdresser","publisher":{"@id":"https:\/\/groupecoiff.com\/#organization"},"potentialAction":[{"@type":"SearchAction","target":{"@type":"EntryPoint","urlTemplate":"https:\/\/groupecoiff.com\/?s={search_term_string}"},"query-input":{"@type":"PropertyValueSpecification","valueRequired":true,"valueName":"search_term_string"}}],"inLanguage":"en-US"},{"@type":"Organization","@id":"https:\/\/groupecoiff.com\/#organization","name":"Coiff Group","alternateName":"Groupe Coiff : Le Mobilier De Coiffure Haut de Gamme Pour Une \u00c9l\u00e9gance In\u00e9gal\u00e9e","url":"https:\/\/groupecoiff.com\/","logo":{"@type":"ImageObject","inLanguage":"en-US","@id":"https:\/\/groupecoiff.com\/#\/schema\/logo\/image\/","url":"https:\/\/groupecoiff.com\/wp-content\/uploads\/2024\/01\/cropped-Groupe-Coiff-Logo.webp","contentUrl":"https:\/\/groupecoiff.com\/wp-content\/uploads\/2024\/01\/cropped-Groupe-Coiff-Logo.webp","width":512,"height":512,"caption":"Groupe Coiff"},"image":{"@id":"https:\/\/groupecoiff.com\/#\/schema\/logo\/image\/"},"sameAs":["https:\/\/www.facebook.com\/GroupeCoiff","https:\/\/x.com\/groupecoiff","https:\/\/www.instagram.com\/groupecoiff\/","https:\/\/www.tiktok.com\/@groupecoiff","https:\/\/www.youtube.com\/@groupecoiff","https:\/\/twitter.com\/groupecoiff","https:\/\/www.leboncoin.fr\/boutique\/3961302\/groupe_coiff.htm"],"description":"Discover Groupe Coiff's top-of-the-range hairdressing furniture, combining elegance and functionality to enhance your salon and satisfy your customers.","email":"contact@groupecoiff.com","telephone":"0676951605","legalName":"Groupe Coiff","foundingDate":"2022-11-16","vatID":"FR84921406419","taxID":"92140641900025"}]},"product_price_amount":"299.00","product_price_currency":"EUR","og_availability":"instock","product_availability":"instock","product_condition":"new"},"jetpack_publicize_connections":[],"jetpack_likes_enabled":true,"jetpack_sharing_enabled":true,"_links":{"self":[{"href":"https:\/\/groupecoiff.com\/en\/wp-json\/wp\/v2\/product\/35624","targetHints":{"allow":["GET"]}}],"collection":[{"href":"https:\/\/groupecoiff.com\/en\/wp-json\/wp\/v2\/product"}],"about":[{"href":"https:\/\/groupecoiff.com\/en\/wp-json\/wp\/v2\/types\/product"}],"replies":[{"embeddable":true,"href":"https:\/\/groupecoiff.com\/en\/wp-json\/wp\/v2\/comments?post=35624"}],"version-history":[{"count":3,"href":"https:\/\/groupecoiff.com\/en\/wp-json\/wp\/v2\/product\/35624\/revisions"}],"predecessor-version":[{"id":53006,"href":"https:\/\/groupecoiff.com\/en\/wp-json\/wp\/v2\/product\/35624\/revisions\/53006"}],"wp:featuredmedia":[{"embeddable":true,"href":"https:\/\/groupecoiff.com\/en\/wp-json\/wp\/v2\/media\/46344"}],"wp:attachment":[{"href":"https:\/\/groupecoiff.com\/en\/wp-json\/wp\/v2\/media?parent=35624"}],"wp:term":[{"taxonomy":"product_brand","embeddable":true,"href":"https:\/\/groupecoiff.com\/en\/wp-json\/wp\/v2\/product_brand?post=35624"},{"taxonomy":"product_cat","embeddable":true,"href":"https:\/\/groupecoiff.com\/en\/wp-json\/wp\/v2\/product_cat?post=35624"},{"taxonomy":"product_tag","embeddable":true,"href":"https:\/\/groupecoiff.com\/en\/wp-json\/wp\/v2\/product_tag?post=35624"}],"curies":[{"name":"wp","href":"https:\/\/api.w.org\/{rel}","templated":true}]}}