{"id":35627,"date":"2024-10-20T20:25:33","date_gmt":"2024-10-20T18:25:33","guid":{"rendered":"https:\/\/groupecoiff.com\/?post_type=product&#038;p=35627"},"modified":"2025-10-10T12:50:17","modified_gmt":"2025-10-10T10:50:17","slug":"bac-a-shampoing-hair-system-hsb07","status":"publish","type":"product","link":"https:\/\/groupecoiff.com\/en\/produit\/bac-a-shampoing-hair-system-hsb07\/","title":{"rendered":"Bac \u00e0 shampoing Hair system HSB07"},"content":{"rendered":"<ul>\n<li>\n<h3>Bac de Lavage Hair System HSB07 : \u00c9l\u00e9gance et Confort pour Votre Salon<\/h3>\n<\/li>\n<\/ul>\n<p>Le Bac \u00e0 shampoing Hair System HSB07 allie design italien et fonctionnalit\u00e9 exceptionnelle. Con\u00e7u pour offrir un confort optimal aussi bien pour les coiffeurs que pour les clients, ce bac de lavage professionnel s&rsquo;int\u00e8gre parfaitement dans tout salon de coiffure ou institut de beaut\u00e9 moderne.<\/p>\n<ul>\n<li><strong>Un Design \u00c9l\u00e9gant et Confortable<\/strong><\/li>\n<\/ul>\n<p>Le Hair System HSB07 se distingue par sa forme profil\u00e9e, qui permet de travailler sans effort, tout en \u00e9vitant de solliciter le dos du professionnel. Le rembourrage en cuir \u00e9cologique offre un confort sup\u00e9rieur au client, tout en garantissant une assise douce et durable. La vasque en c\u00e9ramique blanche ajoute une touche de sophistication, tandis que la base noire cr\u00e9e un contraste \u00e9l\u00e9gant.<\/p>\n<ul>\n<li><strong>Main Features<\/strong><\/li>\n<\/ul>\n<ol>\n<li>Dimensions : 130 cm (longueur) x 65 cm (largeur) x 79 cm (hauteur)<\/li>\n<li>Hauteur du dossier : 85 cm<\/li>\n<li>Poids : 33 kg<\/li>\n<li>Rembourrage : Cuir \u00e9cologique Noir<\/li>\n<li>Repose-pieds int\u00e9gr\u00e9 pour plus de confort<\/li>\n<li>Vasque en c\u00e9ramique blanche r\u00e9sistante et facile \u00e0 entretenir<\/li>\n<\/ol>\n<ul>\n<li><strong>Avantages du Bac \u00e0 Shampoing Hair System HSB07<\/strong><\/li>\n<\/ul>\n<ol>\n<li>Confort optimal gr\u00e2ce \u00e0 son design ergonomique et son rembourrage de qualit\u00e9.<\/li>\n<li>Installation facile avec un kit complet inclus pour une mise en place rapide.<\/li>\n<li>Durabilit\u00e9 assur\u00e9e par des mat\u00e9riaux haut de gamme, tels que la c\u00e9ramique et le cuir \u00e9cologique.<\/li>\n<li>Esth\u00e9tique moderne pour s&rsquo;int\u00e9grer parfaitement dans n&rsquo;importe quel salon de coiffure professionnel.<\/li>\n<\/ol>\n<ul>\n<li><strong>Pourquoi Choisir le Bac \u00e0 Shampoing Hair System HSB07 ?<\/strong><\/li>\n<\/ul>\n<p>Le bac de lavage Hair System HSB07 est la solution id\u00e9ale pour les professionnels de la coiffure \u00e0 la recherche d\u2019un \u00e9quipement \u00e0 la fois fonctionnel et \u00e9l\u00e9gant. Son design ergonomique am\u00e9liore le confort de travail, tandis que sa construction solide garantit une utilisation durable.<\/p>","protected":false},"excerpt":{"rendered":"<div class=\"yst-label yst-radio__label yst-flex yst-flex-wrap yst-items-center\">R\u00e9alisez un espace moderne avec le Bac \u00e0 shampoing Hair system HSB07. Sa conception exceptionnelle et \u00e9l\u00e9gante ravira vos clients et stylistes !<\/div>","protected":false},"featured_media":45682,"comment_status":"open","ping_status":"closed","template":"","meta":{"googlesitekit_rrm_CAow0YCiDA:productID":"","jetpack_publicize_message":"","jetpack_publicize_feature_enabled":true,"jetpack_social_post_already_shared":true,"jetpack_social_options":{"image_generator_settings":{"template":"highway","default_image_id":0,"font":"","enabled":false},"version":2}},"product_brand":[611],"product_cat":[44,313],"product_tag":[323,322,324,125],"class_list":{"0":"post-35627","1":"product","2":"type-product","3":"status-publish","4":"has-post-thumbnail","6":"product_brand-hair-system","7":"product_cat-bac-de-lavage","8":"product_cat-meuble-de-coiffure","9":"product_tag-bac-a-shampoing","10":"product_tag-bac-de-lavage","11":"product_tag-meuble-de-coiffure-professionnel","12":"product_tag-salon-de-coiffure","14":"first","15":"instock","16":"taxable","17":"shipping-taxable","18":"purchasable","19":"product-type-simple"},"yoast_head":"<!-- This site is optimized with the Yoast SEO Premium plugin v27.5 (Yoast SEO v27.5) - https:\/\/yoast.com\/product\/yoast-seo-premium-wordpress\/ -->\n<title>Bac \u00e0 shampoing Hair System HSB07: Confort Optimal - Groupe Coiff<\/title>\n<meta name=\"description\" content=\"Offrez un confort optimal \u00e0 vos clients avec notre bac \u00e0 shampoing Hair System HSB07. Design italien et fonctionnalit\u00e9 exceptionnelle au rendez-vous\u00a0!\" \/>\n<meta name=\"robots\" content=\"index, follow, max-snippet:-1, max-image-preview:large, max-video-preview:-1\" \/>\n<link rel=\"canonical\" href=\"https:\/\/groupecoiff.com\/en\/product-2\/bac-a-shampoing-hair-system-hsb07\/\" \/>\n<meta property=\"og:locale\" content=\"en_US\" \/>\n<meta property=\"og:type\" content=\"article\" \/>\n<meta property=\"og:title\" content=\"Bac \u00e0 shampoing Hair system HSB07\" \/>\n<meta property=\"og:description\" content=\"Offrez un confort optimal \u00e0 vos clients avec notre bac \u00e0 shampoing Hair System HSB07. Design italien et fonctionnalit\u00e9 exceptionnelle au rendez-vous\u00a0!\" \/>\n<meta property=\"og:url\" content=\"https:\/\/groupecoiff.com\/en\/product-2\/bac-a-shampoing-hair-system-hsb07\/\" \/>\n<meta property=\"og:site_name\" content=\"Groupe Coiff\" \/>\n<meta property=\"article:publisher\" content=\"https:\/\/www.facebook.com\/GroupeCoiff\" \/>\n<meta property=\"article:modified_time\" content=\"2025-10-10T10:50:17+00:00\" \/>\n<meta property=\"og:image\" content=\"https:\/\/groupecoiff.com\/wp-content\/uploads\/2024\/10\/Hair-System-HSB07.webp\" \/>\n\t<meta property=\"og:image:width\" content=\"1080\" \/>\n\t<meta property=\"og:image:height\" content=\"1080\" \/>\n\t<meta property=\"og:image:type\" content=\"image\/webp\" \/>\n<meta name=\"twitter:card\" content=\"summary_large_image\" \/>\n<meta name=\"twitter:site\" content=\"@groupecoiff\" \/>\n<meta name=\"twitter:label1\" content=\"Price\" \/>\n\t<meta name=\"twitter:data1\" content=\"599,00&nbsp;&euro;\" \/>\n\t<meta name=\"twitter:label2\" content=\"Availability\" \/>\n\t<meta name=\"twitter:data2\" content=\"In stock\" \/>\n<script type=\"application\/ld+json\" class=\"yoast-schema-graph\">{\"@context\":\"https:\\\/\\\/schema.org\",\"@graph\":[{\"@type\":\"WebPage\",\"@id\":\"https:\\\/\\\/groupecoiff.com\\\/produit\\\/bac-a-shampoing-hair-system-hsb07\\\/\",\"url\":\"https:\\\/\\\/groupecoiff.com\\\/produit\\\/bac-a-shampoing-hair-system-hsb07\\\/\",\"name\":\"Bac \u00e0 shampoing Hair System HSB07: Confort Optimal - Groupe Coiff\",\"isPartOf\":{\"@id\":\"https:\\\/\\\/groupecoiff.com\\\/#website\"},\"primaryImageOfPage\":{\"@id\":\"https:\\\/\\\/groupecoiff.com\\\/produit\\\/bac-a-shampoing-hair-system-hsb07\\\/#primaryimage\"},\"image\":{\"@id\":\"https:\\\/\\\/groupecoiff.com\\\/produit\\\/bac-a-shampoing-hair-system-hsb07\\\/#primaryimage\"},\"thumbnailUrl\":\"https:\\\/\\\/groupecoiff.com\\\/wp-content\\\/uploads\\\/2024\\\/10\\\/Hair-System-HSB07.webp\",\"datePublished\":\"2024-10-20T18:25:33+00:00\",\"dateModified\":\"2025-10-10T10:50:17+00:00\",\"description\":\"Offrez un confort optimal \u00e0 vos clients avec notre bac \u00e0 shampoing Hair System HSB07. Design italien et fonctionnalit\u00e9 exceptionnelle au rendez-vous\u00a0!\",\"breadcrumb\":{\"@id\":\"https:\\\/\\\/groupecoiff.com\\\/produit\\\/bac-a-shampoing-hair-system-hsb07\\\/#breadcrumb\"},\"inLanguage\":\"en-US\",\"potentialAction\":[{\"@type\":\"ReadAction\",\"target\":[\"https:\\\/\\\/groupecoiff.com\\\/produit\\\/bac-a-shampoing-hair-system-hsb07\\\/\"]}]},{\"@type\":\"ImageObject\",\"inLanguage\":\"en-US\",\"@id\":\"https:\\\/\\\/groupecoiff.com\\\/produit\\\/bac-a-shampoing-hair-system-hsb07\\\/#primaryimage\",\"url\":\"https:\\\/\\\/groupecoiff.com\\\/wp-content\\\/uploads\\\/2024\\\/10\\\/Hair-System-HSB07.webp\",\"contentUrl\":\"https:\\\/\\\/groupecoiff.com\\\/wp-content\\\/uploads\\\/2024\\\/10\\\/Hair-System-HSB07.webp\",\"width\":1080,\"height\":1080,\"caption\":\"Bac \u00e0 shampoing Hair system HSB07 - Bac de lavage Hair system HSB07 - Bac \u00e0 shampoing professionnel - Bac de lavage pour salon de coiffure - Mobilier de coiffure professionnel\"},{\"@type\":\"BreadcrumbList\",\"@id\":\"https:\\\/\\\/groupecoiff.com\\\/produit\\\/bac-a-shampoing-hair-system-hsb07\\\/#breadcrumb\",\"itemListElement\":[{\"@type\":\"ListItem\",\"position\":1,\"name\":\"Accueil\",\"item\":\"https:\\\/\\\/groupecoiff.com\\\/\"},{\"@type\":\"ListItem\",\"position\":2,\"name\":\"Boutique\",\"item\":\"https:\\\/\\\/groupecoiff.com\\\/en\\\/boutique\\\/\"},{\"@type\":\"ListItem\",\"position\":3,\"name\":\"Bac \u00e0 shampoing Hair system HSB07\"}]},{\"@type\":\"WebSite\",\"@id\":\"https:\\\/\\\/groupecoiff.com\\\/#website\",\"url\":\"https:\\\/\\\/groupecoiff.com\\\/\",\"name\":\"Groupe Coiff\",\"description\":\"Tout pour la coiffure\",\"publisher\":{\"@id\":\"https:\\\/\\\/groupecoiff.com\\\/#organization\"},\"potentialAction\":[{\"@type\":\"SearchAction\",\"target\":{\"@type\":\"EntryPoint\",\"urlTemplate\":\"https:\\\/\\\/groupecoiff.com\\\/?s={search_term_string}\"},\"query-input\":{\"@type\":\"PropertyValueSpecification\",\"valueRequired\":true,\"valueName\":\"search_term_string\"}}],\"inLanguage\":\"en-US\"},{\"@type\":\"Organization\",\"@id\":\"https:\\\/\\\/groupecoiff.com\\\/#organization\",\"name\":\"Groupe Coiff\",\"alternateName\":\"Groupe Coiff : Le Mobilier De Coiffure Haut de Gamme Pour Une \u00c9l\u00e9gance In\u00e9gal\u00e9e\",\"url\":\"https:\\\/\\\/groupecoiff.com\\\/\",\"logo\":{\"@type\":\"ImageObject\",\"inLanguage\":\"en-US\",\"@id\":\"https:\\\/\\\/groupecoiff.com\\\/#\\\/schema\\\/logo\\\/image\\\/\",\"url\":\"https:\\\/\\\/groupecoiff.com\\\/wp-content\\\/uploads\\\/2024\\\/01\\\/cropped-Groupe-Coiff-Logo.webp\",\"contentUrl\":\"https:\\\/\\\/groupecoiff.com\\\/wp-content\\\/uploads\\\/2024\\\/01\\\/cropped-Groupe-Coiff-Logo.webp\",\"width\":512,\"height\":512,\"caption\":\"Groupe Coiff\"},\"image\":{\"@id\":\"https:\\\/\\\/groupecoiff.com\\\/#\\\/schema\\\/logo\\\/image\\\/\"},\"sameAs\":[\"https:\\\/\\\/www.facebook.com\\\/GroupeCoiff\",\"https:\\\/\\\/x.com\\\/groupecoiff\",\"https:\\\/\\\/www.instagram.com\\\/groupecoiff\\\/\",\"https:\\\/\\\/www.tiktok.com\\\/@groupecoiff\",\"https:\\\/\\\/www.youtube.com\\\/@groupecoiff\",\"https:\\\/\\\/twitter.com\\\/groupecoiff\",\"https:\\\/\\\/www.leboncoin.fr\\\/boutique\\\/3961302\\\/groupe_coiff.htm\"],\"description\":\"D\u00e9couvrez le mobilier de coiffure haut de gamme de Groupe Coiff, alliant \u00e9l\u00e9gance et fonctionnalit\u00e9 pour sublimer votre salon et satisfaire vos clients.\",\"email\":\"contact@groupecoiff.com\",\"telephone\":\"0676951605\",\"legalName\":\"Groupe Coiff\",\"foundingDate\":\"2022-11-16\",\"vatID\":\"FR84921406419\",\"taxID\":\"92140641900025\"}]}<\/script>\n<meta property=\"product:price:amount\" content=\"599.00\" \/>\n<meta property=\"product:price:currency\" content=\"EUR\" \/>\n<meta property=\"og:availability\" content=\"instock\" \/>\n<meta property=\"product:availability\" content=\"instock\" \/>\n<meta property=\"product:condition\" content=\"new\" \/>\n<!-- \/ Yoast SEO Premium plugin. -->","yoast_head_json":{"title":"Bac \u00e0 shampoing Hair System HSB07: Confort Optimal - Groupe Coiff","description":"Offrez un confort optimal \u00e0 vos clients avec notre bac \u00e0 shampoing Hair System HSB07. Design italien et fonctionnalit\u00e9 exceptionnelle au rendez-vous\u00a0!","robots":{"index":"index","follow":"follow","max-snippet":"max-snippet:-1","max-image-preview":"max-image-preview:large","max-video-preview":"max-video-preview:-1"},"canonical":"https:\/\/groupecoiff.com\/en\/product-2\/bac-a-shampoing-hair-system-hsb07\/","og_locale":"en_US","og_type":"article","og_title":"Bac \u00e0 shampoing Hair system HSB07","og_description":"Offrez un confort optimal \u00e0 vos clients avec notre bac \u00e0 shampoing Hair System HSB07. Design italien et fonctionnalit\u00e9 exceptionnelle au rendez-vous\u00a0!","og_url":"https:\/\/groupecoiff.com\/en\/product-2\/bac-a-shampoing-hair-system-hsb07\/","og_site_name":"Groupe Coiff","article_publisher":"https:\/\/www.facebook.com\/GroupeCoiff","article_modified_time":"2025-10-10T10:50:17+00:00","og_image":[{"width":1080,"height":1080,"url":"https:\/\/groupecoiff.com\/wp-content\/uploads\/2024\/10\/Hair-System-HSB07.webp","type":"image\/webp"}],"twitter_card":"summary_large_image","twitter_site":"@groupecoiff","twitter_misc":{"Price":"599,00&nbsp;&euro;","Availability":"In stock"},"schema":{"@context":"https:\/\/schema.org","@graph":[{"@type":"WebPage","@id":"https:\/\/groupecoiff.com\/produit\/bac-a-shampoing-hair-system-hsb07\/","url":"https:\/\/groupecoiff.com\/produit\/bac-a-shampoing-hair-system-hsb07\/","name":"Bac \u00e0 shampoing Hair System HSB07: Confort Optimal - Groupe Coiff","isPartOf":{"@id":"https:\/\/groupecoiff.com\/#website"},"primaryImageOfPage":{"@id":"https:\/\/groupecoiff.com\/produit\/bac-a-shampoing-hair-system-hsb07\/#primaryimage"},"image":{"@id":"https:\/\/groupecoiff.com\/produit\/bac-a-shampoing-hair-system-hsb07\/#primaryimage"},"thumbnailUrl":"https:\/\/groupecoiff.com\/wp-content\/uploads\/2024\/10\/Hair-System-HSB07.webp","datePublished":"2024-10-20T18:25:33+00:00","dateModified":"2025-10-10T10:50:17+00:00","description":"Offrez un confort optimal \u00e0 vos clients avec notre bac \u00e0 shampoing Hair System HSB07. Design italien et fonctionnalit\u00e9 exceptionnelle au rendez-vous\u00a0!","breadcrumb":{"@id":"https:\/\/groupecoiff.com\/produit\/bac-a-shampoing-hair-system-hsb07\/#breadcrumb"},"inLanguage":"en-US","potentialAction":[{"@type":"ReadAction","target":["https:\/\/groupecoiff.com\/produit\/bac-a-shampoing-hair-system-hsb07\/"]}]},{"@type":"ImageObject","inLanguage":"en-US","@id":"https:\/\/groupecoiff.com\/produit\/bac-a-shampoing-hair-system-hsb07\/#primaryimage","url":"https:\/\/groupecoiff.com\/wp-content\/uploads\/2024\/10\/Hair-System-HSB07.webp","contentUrl":"https:\/\/groupecoiff.com\/wp-content\/uploads\/2024\/10\/Hair-System-HSB07.webp","width":1080,"height":1080,"caption":"Bac \u00e0 shampoing Hair system HSB07 - Bac de lavage Hair system HSB07 - Bac \u00e0 shampoing professionnel - Bac de lavage pour salon de coiffure - Mobilier de coiffure professionnel"},{"@type":"BreadcrumbList","@id":"https:\/\/groupecoiff.com\/produit\/bac-a-shampoing-hair-system-hsb07\/#breadcrumb","itemListElement":[{"@type":"ListItem","position":1,"name":"Accueil","item":"https:\/\/groupecoiff.com\/"},{"@type":"ListItem","position":2,"name":"Boutique","item":"https:\/\/groupecoiff.com\/en\/boutique\/"},{"@type":"ListItem","position":3,"name":"Bac \u00e0 shampoing Hair system HSB07"}]},{"@type":"WebSite","@id":"https:\/\/groupecoiff.com\/#website","url":"https:\/\/groupecoiff.com\/","name":"Coiff Group","description":"Everything for the hairdresser","publisher":{"@id":"https:\/\/groupecoiff.com\/#organization"},"potentialAction":[{"@type":"SearchAction","target":{"@type":"EntryPoint","urlTemplate":"https:\/\/groupecoiff.com\/?s={search_term_string}"},"query-input":{"@type":"PropertyValueSpecification","valueRequired":true,"valueName":"search_term_string"}}],"inLanguage":"en-US"},{"@type":"Organization","@id":"https:\/\/groupecoiff.com\/#organization","name":"Coiff Group","alternateName":"Groupe Coiff : Le Mobilier De Coiffure Haut de Gamme Pour Une \u00c9l\u00e9gance In\u00e9gal\u00e9e","url":"https:\/\/groupecoiff.com\/","logo":{"@type":"ImageObject","inLanguage":"en-US","@id":"https:\/\/groupecoiff.com\/#\/schema\/logo\/image\/","url":"https:\/\/groupecoiff.com\/wp-content\/uploads\/2024\/01\/cropped-Groupe-Coiff-Logo.webp","contentUrl":"https:\/\/groupecoiff.com\/wp-content\/uploads\/2024\/01\/cropped-Groupe-Coiff-Logo.webp","width":512,"height":512,"caption":"Groupe Coiff"},"image":{"@id":"https:\/\/groupecoiff.com\/#\/schema\/logo\/image\/"},"sameAs":["https:\/\/www.facebook.com\/GroupeCoiff","https:\/\/x.com\/groupecoiff","https:\/\/www.instagram.com\/groupecoiff\/","https:\/\/www.tiktok.com\/@groupecoiff","https:\/\/www.youtube.com\/@groupecoiff","https:\/\/twitter.com\/groupecoiff","https:\/\/www.leboncoin.fr\/boutique\/3961302\/groupe_coiff.htm"],"description":"Discover Groupe Coiff's top-of-the-range hairdressing furniture, combining elegance and functionality to enhance your salon and satisfy your customers.","email":"contact@groupecoiff.com","telephone":"0676951605","legalName":"Groupe Coiff","foundingDate":"2022-11-16","vatID":"FR84921406419","taxID":"92140641900025"}]},"product_price_amount":"599.00","product_price_currency":"EUR","og_availability":"instock","product_availability":"instock","product_condition":"new"},"jetpack_publicize_connections":[],"jetpack_likes_enabled":true,"jetpack_sharing_enabled":true,"_links":{"self":[{"href":"https:\/\/groupecoiff.com\/en\/wp-json\/wp\/v2\/product\/35627","targetHints":{"allow":["GET"]}}],"collection":[{"href":"https:\/\/groupecoiff.com\/en\/wp-json\/wp\/v2\/product"}],"about":[{"href":"https:\/\/groupecoiff.com\/en\/wp-json\/wp\/v2\/types\/product"}],"replies":[{"embeddable":true,"href":"https:\/\/groupecoiff.com\/en\/wp-json\/wp\/v2\/comments?post=35627"}],"version-history":[{"count":0,"href":"https:\/\/groupecoiff.com\/en\/wp-json\/wp\/v2\/product\/35627\/revisions"}],"wp:featuredmedia":[{"embeddable":true,"href":"https:\/\/groupecoiff.com\/en\/wp-json\/wp\/v2\/media\/45682"}],"wp:attachment":[{"href":"https:\/\/groupecoiff.com\/en\/wp-json\/wp\/v2\/media?parent=35627"}],"wp:term":[{"taxonomy":"product_brand","embeddable":true,"href":"https:\/\/groupecoiff.com\/en\/wp-json\/wp\/v2\/product_brand?post=35627"},{"taxonomy":"product_cat","embeddable":true,"href":"https:\/\/groupecoiff.com\/en\/wp-json\/wp\/v2\/product_cat?post=35627"},{"taxonomy":"product_tag","embeddable":true,"href":"https:\/\/groupecoiff.com\/en\/wp-json\/wp\/v2\/product_tag?post=35627"}],"curies":[{"name":"wp","href":"https:\/\/api.w.org\/{rel}","templated":true}]}}