{"id":35803,"date":"2024-10-31T20:14:19","date_gmt":"2024-10-31T19:14:19","guid":{"rendered":"https:\/\/groupecoiff.com\/?post_type=product&#038;p=35803"},"modified":"2025-01-01T00:01:08","modified_gmt":"2024-12-31T23:01:08","slug":"hilton-spa-pedicure-chair-black","status":"publish","type":"product","link":"https:\/\/groupecoiff.com\/en\/produit\/fauteuil-pedicure-spa-hilton-noir\/","title":{"rendered":"Fauteuil P\u00e9dicure Spa Hilton Noir"},"content":{"rendered":"<ul>\n<li>\n<h4>Hilton Black Spa Pedicure Chair - Elegance and Comfort for Your SPA Treatments<\/h4>\n<\/li>\n<\/ul>\n<p>The Hilton Black Spa Pedicure Chair combines elegance and comfort, ideal for offering a high-end pedicure experience. Covered in soft, durable eco leather, it's easy to clean and retains a luxurious look. This pedicure chair is a perfect choice for beauty salons looking to enhance their aesthetic furnishings.<\/p>\n<h4>Optimal Comfort and Manual Adjustability<\/h4>\n<p>The SPA Hilton Noir pedicure chair is designed to adapt to all your pedicure needs thanks to its manual adjustment options:<\/p>\n<p>Reclining backrest: to find the ideal position for each customer.<\/p>\n<p>Adjustable leg rest: facilitates the beautician's work by adapting to treatment needs.<\/p>\n<p>Spacious seat: 85 cm wide, it offers exceptional comfort for extended sessions.<\/p>\n<h4>Practicality and storage space<\/h4>\n<p>This Hilton Noir beauty chair features a practical drawer for the pedicure basin, optimizing workspace while providing discreet storage. This aspect makes it a top-of-the-range piece of beauty furniture, perfect for professional use.<\/p>\n<h4>Technical specifications<\/h4>\n<p>Covering: durable, easy-care eco leather<\/p>\n<p>Dimensions: 85 cm wide<\/p>\n<p>Couleur : noir \u00e9l\u00e9gant<\/p>\n<p>Mechanism: manual backrest and legrest adjustments<\/p>\n<p>Weight: 54 kg<\/p>\n<h4>Benefits of the Hilton Pedicure Chair<\/h4>\n<p>1. Versatile and comfortable, ideal for beauty salons.<\/p>\n<p>2. Chic, functional design with eco leather for easy maintenance.<\/p>\n<p>3. Full adjustability for maximum comfort and flexibility.<\/p>\n<p>Invest in the Hilton Spa Pedicure Chair Black and turn every treatment into a luxurious experience.<\/p>","protected":false},"excerpt":{"rendered":"<div class=\"yst-label yst-radio__label yst-flex yst-flex-wrap yst-items-center\">Opt for the Hilton Spa Pedicure Chair Black and offer your customers the ultimate pedicure experience. Comfort, quality and aesthetics all in one chair \ud83d\udcab<\/div>","protected":false},"featured_media":35805,"comment_status":"open","ping_status":"closed","template":"","meta":{"googlesitekit_rrm_CAow0YCiDA:productID":"","jetpack_post_was_ever_published":false,"jetpack_publicize_message":"","jetpack_publicize_feature_enabled":true,"jetpack_social_post_already_shared":true,"jetpack_social_options":{"image_generator_settings":{"template":"highway","default_image_id":0,"font":"","enabled":false},"version":2}},"product_brand":[],"product_cat":[52,61],"product_tag":[328,368],"class_list":{"0":"post-35803","1":"product","2":"type-product","3":"status-publish","4":"has-post-thumbnail","6":"product_cat-fauteuil-pedicure-spa","7":"product_cat-mobilier-esthetique","8":"product_tag-fauteuil-pedicure","9":"product_tag-mobilier-esthetique-professionnel","11":"first","12":"instock","13":"taxable","14":"shipping-taxable","15":"purchasable","16":"product-type-simple"},"yoast_head":"<!-- This site is optimized with the Yoast SEO Premium plugin v27.4 (Yoast SEO v27.4) - https:\/\/yoast.com\/product\/yoast-seo-premium-wordpress\/ -->\n<title>Fauteuil P\u00e9dicure Spa Hilton Noir: Confort et Durabilit\u00e9 Assur\u00e9s - Groupe Coiff<\/title>\n<meta name=\"description\" content=\"Rendez votre institut de beaut\u00e9 unique avec le Fauteuil P\u00e9dicure Spa Hilton Noir. Confort et style combin\u00e9s pour des moments de d\u00e9tente inoubliables. \ud83d\udc85\" \/>\n<meta name=\"robots\" content=\"index, follow, max-snippet:-1, max-image-preview:large, max-video-preview:-1\" \/>\n<link rel=\"canonical\" href=\"https:\/\/groupecoiff.com\/en\/product-2\/hilton-spa-pedicure-chair-black\/\" \/>\n<meta property=\"og:locale\" content=\"en_US\" \/>\n<meta property=\"og:type\" content=\"article\" \/>\n<meta property=\"og:title\" content=\"Fauteuil P\u00e9dicure Spa Hilton Noir\" \/>\n<meta property=\"og:description\" content=\"Rendez votre institut de beaut\u00e9 unique avec le Fauteuil P\u00e9dicure Spa Hilton Noir. Confort et style combin\u00e9s pour des moments de d\u00e9tente inoubliables. \ud83d\udc85\" \/>\n<meta property=\"og:url\" content=\"https:\/\/groupecoiff.com\/en\/product-2\/hilton-spa-pedicure-chair-black\/\" \/>\n<meta property=\"og:site_name\" content=\"Groupe Coiff\" \/>\n<meta property=\"article:publisher\" content=\"https:\/\/www.facebook.com\/GroupeCoiff\" \/>\n<meta property=\"article:modified_time\" content=\"2024-12-31T23:01:08+00:00\" \/>\n<meta property=\"og:image\" content=\"https:\/\/groupecoiff.com\/wp-content\/uploads\/2024\/10\/Fauteuil-Pedicure-Spa-Hilton-Noir-2.webp\" \/>\n\t<meta property=\"og:image:width\" content=\"1080\" \/>\n\t<meta property=\"og:image:height\" content=\"1080\" \/>\n\t<meta property=\"og:image:type\" content=\"image\/webp\" \/>\n<meta name=\"twitter:card\" content=\"summary_large_image\" \/>\n<meta name=\"twitter:site\" content=\"@groupecoiff\" \/>\n<meta name=\"twitter:label1\" content=\"Price\" \/>\n\t<meta name=\"twitter:data1\" content=\"849,00&nbsp;&euro;\" \/>\n\t<meta name=\"twitter:label2\" content=\"Availability\" \/>\n\t<meta name=\"twitter:data2\" content=\"In stock\" \/>\n<script type=\"application\/ld+json\" class=\"yoast-schema-graph\">{\"@context\":\"https:\\\/\\\/schema.org\",\"@graph\":[{\"@type\":\"WebPage\",\"@id\":\"https:\\\/\\\/groupecoiff.com\\\/produit\\\/fauteuil-pedicure-spa-hilton-noir\\\/\",\"url\":\"https:\\\/\\\/groupecoiff.com\\\/produit\\\/fauteuil-pedicure-spa-hilton-noir\\\/\",\"name\":\"Fauteuil P\u00e9dicure Spa Hilton Noir: Confort et Durabilit\u00e9 Assur\u00e9s - Groupe Coiff\",\"isPartOf\":{\"@id\":\"https:\\\/\\\/groupecoiff.com\\\/#website\"},\"primaryImageOfPage\":{\"@id\":\"https:\\\/\\\/groupecoiff.com\\\/produit\\\/fauteuil-pedicure-spa-hilton-noir\\\/#primaryimage\"},\"image\":{\"@id\":\"https:\\\/\\\/groupecoiff.com\\\/produit\\\/fauteuil-pedicure-spa-hilton-noir\\\/#primaryimage\"},\"thumbnailUrl\":\"https:\\\/\\\/groupecoiff.com\\\/wp-content\\\/uploads\\\/2024\\\/10\\\/Fauteuil-Pedicure-Spa-Hilton-Noir-2.webp\",\"datePublished\":\"2024-10-31T19:14:19+00:00\",\"dateModified\":\"2024-12-31T23:01:08+00:00\",\"description\":\"Rendez votre institut de beaut\u00e9 unique avec le Fauteuil P\u00e9dicure Spa Hilton Noir. Confort et style combin\u00e9s pour des moments de d\u00e9tente inoubliables. \ud83d\udc85\",\"breadcrumb\":{\"@id\":\"https:\\\/\\\/groupecoiff.com\\\/produit\\\/fauteuil-pedicure-spa-hilton-noir\\\/#breadcrumb\"},\"inLanguage\":\"en-US\",\"potentialAction\":[{\"@type\":\"ReadAction\",\"target\":[\"https:\\\/\\\/groupecoiff.com\\\/produit\\\/fauteuil-pedicure-spa-hilton-noir\\\/\"]}]},{\"@type\":\"ImageObject\",\"inLanguage\":\"en-US\",\"@id\":\"https:\\\/\\\/groupecoiff.com\\\/produit\\\/fauteuil-pedicure-spa-hilton-noir\\\/#primaryimage\",\"url\":\"https:\\\/\\\/groupecoiff.com\\\/wp-content\\\/uploads\\\/2024\\\/10\\\/Fauteuil-Pedicure-Spa-Hilton-Noir-2.webp\",\"contentUrl\":\"https:\\\/\\\/groupecoiff.com\\\/wp-content\\\/uploads\\\/2024\\\/10\\\/Fauteuil-Pedicure-Spa-Hilton-Noir-2.webp\",\"width\":1080,\"height\":1080,\"caption\":\"Fauteuil p\u00e9dicure spa hilton noir (2)\"},{\"@type\":\"BreadcrumbList\",\"@id\":\"https:\\\/\\\/groupecoiff.com\\\/produit\\\/fauteuil-pedicure-spa-hilton-noir\\\/#breadcrumb\",\"itemListElement\":[{\"@type\":\"ListItem\",\"position\":1,\"name\":\"Accueil\",\"item\":\"https:\\\/\\\/groupecoiff.com\\\/\"},{\"@type\":\"ListItem\",\"position\":2,\"name\":\"Boutique\",\"item\":\"https:\\\/\\\/groupecoiff.com\\\/boutique\\\/\"},{\"@type\":\"ListItem\",\"position\":3,\"name\":\"Fauteuil P\u00e9dicure Spa Hilton Noir\"}]},{\"@type\":\"WebSite\",\"@id\":\"https:\\\/\\\/groupecoiff.com\\\/#website\",\"url\":\"https:\\\/\\\/groupecoiff.com\\\/\",\"name\":\"Groupe Coiff\",\"description\":\"Tout pour la coiffure\",\"publisher\":{\"@id\":\"https:\\\/\\\/groupecoiff.com\\\/#organization\"},\"potentialAction\":[{\"@type\":\"SearchAction\",\"target\":{\"@type\":\"EntryPoint\",\"urlTemplate\":\"https:\\\/\\\/groupecoiff.com\\\/?s={search_term_string}\"},\"query-input\":{\"@type\":\"PropertyValueSpecification\",\"valueRequired\":true,\"valueName\":\"search_term_string\"}}],\"inLanguage\":\"en-US\"},{\"@type\":\"Organization\",\"@id\":\"https:\\\/\\\/groupecoiff.com\\\/#organization\",\"name\":\"Groupe Coiff\",\"alternateName\":\"Groupe Coiff : Le Mobilier De Coiffure Haut de Gamme Pour Une \u00c9l\u00e9gance In\u00e9gal\u00e9e\",\"url\":\"https:\\\/\\\/groupecoiff.com\\\/\",\"logo\":{\"@type\":\"ImageObject\",\"inLanguage\":\"en-US\",\"@id\":\"https:\\\/\\\/groupecoiff.com\\\/#\\\/schema\\\/logo\\\/image\\\/\",\"url\":\"https:\\\/\\\/groupecoiff.com\\\/wp-content\\\/uploads\\\/2024\\\/01\\\/cropped-Groupe-Coiff-Logo.webp\",\"contentUrl\":\"https:\\\/\\\/groupecoiff.com\\\/wp-content\\\/uploads\\\/2024\\\/01\\\/cropped-Groupe-Coiff-Logo.webp\",\"width\":512,\"height\":512,\"caption\":\"Groupe Coiff\"},\"image\":{\"@id\":\"https:\\\/\\\/groupecoiff.com\\\/#\\\/schema\\\/logo\\\/image\\\/\"},\"sameAs\":[\"https:\\\/\\\/www.facebook.com\\\/GroupeCoiff\",\"https:\\\/\\\/x.com\\\/groupecoiff\",\"https:\\\/\\\/www.instagram.com\\\/groupecoiff\\\/\",\"https:\\\/\\\/www.tiktok.com\\\/@groupecoiff\",\"https:\\\/\\\/www.youtube.com\\\/@groupecoiff\",\"https:\\\/\\\/twitter.com\\\/groupecoiff\",\"https:\\\/\\\/www.leboncoin.fr\\\/boutique\\\/3961302\\\/groupe_coiff.htm\"],\"description\":\"D\u00e9couvrez le mobilier de coiffure haut de gamme de Groupe Coiff, alliant \u00e9l\u00e9gance et fonctionnalit\u00e9 pour sublimer votre salon et satisfaire vos clients.\",\"email\":\"contact@groupecoiff.com\",\"telephone\":\"0676951605\",\"legalName\":\"Groupe Coiff\",\"foundingDate\":\"2022-11-16\",\"vatID\":\"FR84921406419\",\"taxID\":\"92140641900025\"}]}<\/script>\n<meta property=\"product:price:amount\" content=\"849.00\" \/>\n<meta property=\"product:price:currency\" content=\"EUR\" \/>\n<meta property=\"og:availability\" content=\"instock\" \/>\n<meta property=\"product:availability\" content=\"instock\" \/>\n<meta property=\"product:condition\" content=\"new\" \/>\n<!-- \/ Yoast SEO Premium plugin. -->","yoast_head_json":{"title":"Hilton Black Spa Pedicure Chair: Comfort and Durability Assured - Groupe Coiff","description":"Make your beauty salon unique with the Fauteuil P\u00e9dicure Spa Hilton Noir. Comfort and style combined for unforgettable moments of relaxation. \ud83d\udc85","robots":{"index":"index","follow":"follow","max-snippet":"max-snippet:-1","max-image-preview":"max-image-preview:large","max-video-preview":"max-video-preview:-1"},"canonical":"https:\/\/groupecoiff.com\/en\/product-2\/hilton-spa-pedicure-chair-black\/","og_locale":"en_US","og_type":"article","og_title":"Fauteuil P\u00e9dicure Spa Hilton Noir","og_description":"Rendez votre institut de beaut\u00e9 unique avec le Fauteuil P\u00e9dicure Spa Hilton Noir. Confort et style combin\u00e9s pour des moments de d\u00e9tente inoubliables. \ud83d\udc85","og_url":"https:\/\/groupecoiff.com\/en\/product-2\/hilton-spa-pedicure-chair-black\/","og_site_name":"Groupe Coiff","article_publisher":"https:\/\/www.facebook.com\/GroupeCoiff","article_modified_time":"2024-12-31T23:01:08+00:00","og_image":[{"width":1080,"height":1080,"url":"https:\/\/groupecoiff.com\/wp-content\/uploads\/2024\/10\/Fauteuil-Pedicure-Spa-Hilton-Noir-2.webp","type":"image\/webp"}],"twitter_card":"summary_large_image","twitter_site":"@groupecoiff","twitter_misc":{"Price":"849,00&nbsp;&euro;","Availability":"In stock"},"schema":{"@context":"https:\/\/schema.org","@graph":[{"@type":"WebPage","@id":"https:\/\/groupecoiff.com\/produit\/fauteuil-pedicure-spa-hilton-noir\/","url":"https:\/\/groupecoiff.com\/produit\/fauteuil-pedicure-spa-hilton-noir\/","name":"Hilton Black Spa Pedicure Chair: Comfort and Durability Assured - Groupe Coiff","isPartOf":{"@id":"https:\/\/groupecoiff.com\/#website"},"primaryImageOfPage":{"@id":"https:\/\/groupecoiff.com\/produit\/fauteuil-pedicure-spa-hilton-noir\/#primaryimage"},"image":{"@id":"https:\/\/groupecoiff.com\/produit\/fauteuil-pedicure-spa-hilton-noir\/#primaryimage"},"thumbnailUrl":"https:\/\/groupecoiff.com\/wp-content\/uploads\/2024\/10\/Fauteuil-Pedicure-Spa-Hilton-Noir-2.webp","datePublished":"2024-10-31T19:14:19+00:00","dateModified":"2024-12-31T23:01:08+00:00","description":"Make your beauty salon unique with the Fauteuil P\u00e9dicure Spa Hilton Noir. Comfort and style combined for unforgettable moments of relaxation. \ud83d\udc85","breadcrumb":{"@id":"https:\/\/groupecoiff.com\/produit\/fauteuil-pedicure-spa-hilton-noir\/#breadcrumb"},"inLanguage":"en-US","potentialAction":[{"@type":"ReadAction","target":["https:\/\/groupecoiff.com\/produit\/fauteuil-pedicure-spa-hilton-noir\/"]}]},{"@type":"ImageObject","inLanguage":"en-US","@id":"https:\/\/groupecoiff.com\/produit\/fauteuil-pedicure-spa-hilton-noir\/#primaryimage","url":"https:\/\/groupecoiff.com\/wp-content\/uploads\/2024\/10\/Fauteuil-Pedicure-Spa-Hilton-Noir-2.webp","contentUrl":"https:\/\/groupecoiff.com\/wp-content\/uploads\/2024\/10\/Fauteuil-Pedicure-Spa-Hilton-Noir-2.webp","width":1080,"height":1080,"caption":"Fauteuil p\u00e9dicure spa hilton noir (2)"},{"@type":"BreadcrumbList","@id":"https:\/\/groupecoiff.com\/produit\/fauteuil-pedicure-spa-hilton-noir\/#breadcrumb","itemListElement":[{"@type":"ListItem","position":1,"name":"Accueil","item":"https:\/\/groupecoiff.com\/"},{"@type":"ListItem","position":2,"name":"Boutique","item":"https:\/\/groupecoiff.com\/boutique\/"},{"@type":"ListItem","position":3,"name":"Fauteuil P\u00e9dicure Spa Hilton Noir"}]},{"@type":"WebSite","@id":"https:\/\/groupecoiff.com\/#website","url":"https:\/\/groupecoiff.com\/","name":"Coiff Group","description":"Everything for the hairdresser","publisher":{"@id":"https:\/\/groupecoiff.com\/#organization"},"potentialAction":[{"@type":"SearchAction","target":{"@type":"EntryPoint","urlTemplate":"https:\/\/groupecoiff.com\/?s={search_term_string}"},"query-input":{"@type":"PropertyValueSpecification","valueRequired":true,"valueName":"search_term_string"}}],"inLanguage":"en-US"},{"@type":"Organization","@id":"https:\/\/groupecoiff.com\/#organization","name":"Coiff Group","alternateName":"Groupe Coiff : Le Mobilier De Coiffure Haut de Gamme Pour Une \u00c9l\u00e9gance In\u00e9gal\u00e9e","url":"https:\/\/groupecoiff.com\/","logo":{"@type":"ImageObject","inLanguage":"en-US","@id":"https:\/\/groupecoiff.com\/#\/schema\/logo\/image\/","url":"https:\/\/groupecoiff.com\/wp-content\/uploads\/2024\/01\/cropped-Groupe-Coiff-Logo.webp","contentUrl":"https:\/\/groupecoiff.com\/wp-content\/uploads\/2024\/01\/cropped-Groupe-Coiff-Logo.webp","width":512,"height":512,"caption":"Groupe Coiff"},"image":{"@id":"https:\/\/groupecoiff.com\/#\/schema\/logo\/image\/"},"sameAs":["https:\/\/www.facebook.com\/GroupeCoiff","https:\/\/x.com\/groupecoiff","https:\/\/www.instagram.com\/groupecoiff\/","https:\/\/www.tiktok.com\/@groupecoiff","https:\/\/www.youtube.com\/@groupecoiff","https:\/\/twitter.com\/groupecoiff","https:\/\/www.leboncoin.fr\/boutique\/3961302\/groupe_coiff.htm"],"description":"Discover Groupe Coiff's top-of-the-range hairdressing furniture, combining elegance and functionality to enhance your salon and satisfy your customers.","email":"contact@groupecoiff.com","telephone":"0676951605","legalName":"Groupe Coiff","foundingDate":"2022-11-16","vatID":"FR84921406419","taxID":"92140641900025"}]},"product_price_amount":"849.00","product_price_currency":"EUR","og_availability":"instock","product_availability":"instock","product_condition":"new"},"jetpack_publicize_connections":[],"jetpack_likes_enabled":true,"jetpack_sharing_enabled":true,"_links":{"self":[{"href":"https:\/\/groupecoiff.com\/en\/wp-json\/wp\/v2\/product\/35803","targetHints":{"allow":["GET"]}}],"collection":[{"href":"https:\/\/groupecoiff.com\/en\/wp-json\/wp\/v2\/product"}],"about":[{"href":"https:\/\/groupecoiff.com\/en\/wp-json\/wp\/v2\/types\/product"}],"replies":[{"embeddable":true,"href":"https:\/\/groupecoiff.com\/en\/wp-json\/wp\/v2\/comments?post=35803"}],"version-history":[{"count":0,"href":"https:\/\/groupecoiff.com\/en\/wp-json\/wp\/v2\/product\/35803\/revisions"}],"wp:featuredmedia":[{"embeddable":true,"href":"https:\/\/groupecoiff.com\/en\/wp-json\/wp\/v2\/media\/35805"}],"wp:attachment":[{"href":"https:\/\/groupecoiff.com\/en\/wp-json\/wp\/v2\/media?parent=35803"}],"wp:term":[{"taxonomy":"product_brand","embeddable":true,"href":"https:\/\/groupecoiff.com\/en\/wp-json\/wp\/v2\/product_brand?post=35803"},{"taxonomy":"product_cat","embeddable":true,"href":"https:\/\/groupecoiff.com\/en\/wp-json\/wp\/v2\/product_cat?post=35803"},{"taxonomy":"product_tag","embeddable":true,"href":"https:\/\/groupecoiff.com\/en\/wp-json\/wp\/v2\/product_tag?post=35803"}],"curies":[{"name":"wp","href":"https:\/\/api.w.org\/{rel}","templated":true}]}}