{"id":36485,"date":"2024-12-08T22:20:32","date_gmt":"2024-12-08T21:20:32","guid":{"rendered":"https:\/\/groupecoiff.com\/?post_type=product&#038;p=36485"},"modified":"2024-12-08T22:20:33","modified_gmt":"2024-12-08T21:20:33","slug":"sillon-luxury-white-electric-beauty-chair","status":"publish","type":"product","link":"https:\/\/groupecoiff.com\/en\/produit\/fauteuil-esthetique-electrique-sillon-luxury-blanc\/","title":{"rendered":"Fauteuil Esth\u00e9tique \u00c9lectrique Sillon Luxury Blanc"},"content":{"rendered":"<ul>\n<li>\n<h4>Sillon Luxury White Electric Beauty Chair - Elegance and Comfort for Your Professional Treatments<\/h4>\n<\/li>\n<\/ul>\n<p>The Sillon Luxury White electric beauty chair is a top-of-the-range piece of equipment designed to meet the requirements of beauty and wellness professionals.<\/p>\n<ul>\n<li><strong>Comfort and versatility with electric drive<\/strong><\/li>\n<\/ul>\n<p>Equipped with three electric motors, this wheelchair allows precise adjustment:<\/p>\n<p>Height adjustment from 60 cm to 82 cm to suit all body shapes.<\/p>\n<p>Tilting backrest and footrest for a semi-recumbent position ideal for facial or body treatments.<\/p>\n<p>Appui-t\u00eate et accoudoirs amovibles, facilitant l&rsquo;acc\u00e8s aux clients et am\u00e9liorant leur confort.<\/p>\n<ul>\n<li><strong>Elegant design and advanced ergonomics<\/strong><\/li>\n<\/ul>\n<p>The Electric Beauty Chair is made of durable materials:<\/p>\n<p>Rev\u00eatement en cuir synth\u00e9tique blanc, r\u00e9sistant \u00e0 l&rsquo;humidit\u00e9 et facile \u00e0 nettoyer.<\/p>\n<p>High-density foam for maximum comfort and resistance to deformation.<\/p>\n<p>LED lighting under the base, creating a relaxing, modern ambience in your treatment room.<\/p>\n<ul>\n<li><strong>Technical specifications<\/strong><\/li>\n<\/ul>\n<p>Power: 200 W<\/p>\n<p>Voltage: 220-230 V<\/p>\n<p>Dimensions : More than 2 meters when extended to accommodate all customers.<\/p>\n<p>Accessories included: remote control, AC adapter and headrest cushion.<\/p>\n<ul>\n<li><strong>Key benefits<\/strong><\/li>\n<\/ul>\n<p>1. Optimized ergonomics: ideal for long-term care thanks to a wide, reclining seat.<\/p>\n<p>2. Improved hygiene: hands-free system with foot control.<\/p>\n<p>3. Refined aesthetics: modern design and LED lighting for a unique ambience.<\/p>\n<ul>\n<li><strong>Why choose the Sillon Luxury White electric beauty chair?<\/strong><\/li>\n<\/ul>\n<p>This professional electric beauty chair is a must-have for beauty salons and wellness centers. It ensures comfort, efficiency and elegance, while meeting the expectations of the most demanding customers.<\/p>","protected":false},"excerpt":{"rendered":"<p>Enjoy a top-of-the-range beauty chair with the Sillon Luxury White electric beauty chair. Designed to meet all professional requirements.<\/p>","protected":false},"featured_media":36488,"comment_status":"open","ping_status":"closed","template":"","meta":{"googlesitekit_rrm_CAow0YCiDA:productID":"","jetpack_post_was_ever_published":false,"jetpack_publicize_message":"","jetpack_publicize_feature_enabled":true,"jetpack_social_post_already_shared":true,"jetpack_social_options":{"image_generator_settings":{"template":"highway","default_image_id":0,"font":"","enabled":false},"version":2}},"product_brand":[],"product_cat":[486,61],"product_tag":[369,370,368],"class_list":{"0":"post-36485","1":"product","2":"type-product","3":"status-publish","4":"has-post-thumbnail","6":"product_cat-fauteuil-de-soins-esthetique","7":"product_cat-mobilier-esthetique","8":"product_tag-fauteuil-de-soins-electrique","9":"product_tag-fauteuil-esthetique-electrique","10":"product_tag-mobilier-esthetique-professionnel","12":"first","13":"instock","14":"sale","15":"taxable","16":"shipping-taxable","17":"purchasable","18":"product-type-simple"},"yoast_head":"<!-- This site is optimized with the Yoast SEO Premium plugin v27.4 (Yoast SEO v27.4) - https:\/\/yoast.com\/product\/yoast-seo-premium-wordpress\/ -->\n<title>Fauteuil Esth\u00e9tique \u00c9lectrique Sillon Luxury Blanc Professionnel - Groupe Coiff<\/title>\n<meta name=\"description\" content=\"Le Fauteuil esth\u00e9tique \u00e9lectrique Sillon Luxury Blanc : le choix des professionnels. Confort, polyvalence et pr\u00e9cision pour des soins parfaits.\" \/>\n<meta name=\"robots\" content=\"index, follow, max-snippet:-1, max-image-preview:large, max-video-preview:-1\" \/>\n<link rel=\"canonical\" href=\"https:\/\/groupecoiff.com\/en\/product-2\/sillon-luxury-white-electric-beauty-chair\/\" \/>\n<meta property=\"og:locale\" content=\"en_US\" \/>\n<meta property=\"og:type\" content=\"article\" \/>\n<meta property=\"og:title\" content=\"Fauteuil Esth\u00e9tique \u00c9lectrique Sillon Luxury Blanc\" \/>\n<meta property=\"og:description\" content=\"Le Fauteuil esth\u00e9tique \u00e9lectrique Sillon Luxury Blanc : le choix des professionnels. Confort, polyvalence et pr\u00e9cision pour des soins parfaits.\" \/>\n<meta property=\"og:url\" content=\"https:\/\/groupecoiff.com\/en\/product-2\/sillon-luxury-white-electric-beauty-chair\/\" \/>\n<meta property=\"og:site_name\" content=\"Groupe Coiff\" \/>\n<meta property=\"article:publisher\" content=\"https:\/\/www.facebook.com\/GroupeCoiff\" \/>\n<meta property=\"article:modified_time\" content=\"2024-12-08T21:20:33+00:00\" \/>\n<meta property=\"og:image\" content=\"https:\/\/groupecoiff.com\/wp-content\/uploads\/2024\/12\/Fauteuil-Esthetique-Electrique-Sillon-Luxury-Blanc-3.webp\" \/>\n\t<meta property=\"og:image:width\" content=\"1080\" \/>\n\t<meta property=\"og:image:height\" content=\"1080\" \/>\n\t<meta property=\"og:image:type\" content=\"image\/webp\" \/>\n<meta name=\"twitter:card\" content=\"summary_large_image\" \/>\n<meta name=\"twitter:site\" content=\"@groupecoiff\" \/>\n<meta name=\"twitter:label1\" content=\"Price\" \/>\n\t<meta name=\"twitter:data1\" content=\"999,00&nbsp;&euro;\" \/>\n\t<meta name=\"twitter:label2\" content=\"Availability\" \/>\n\t<meta name=\"twitter:data2\" content=\"In stock\" \/>\n<script type=\"application\/ld+json\" class=\"yoast-schema-graph\">{\"@context\":\"https:\\\/\\\/schema.org\",\"@graph\":[{\"@type\":\"WebPage\",\"@id\":\"https:\\\/\\\/groupecoiff.com\\\/produit\\\/fauteuil-esthetique-electrique-sillon-luxury-blanc\\\/\",\"url\":\"https:\\\/\\\/groupecoiff.com\\\/produit\\\/fauteuil-esthetique-electrique-sillon-luxury-blanc\\\/\",\"name\":\"Fauteuil Esth\u00e9tique \u00c9lectrique Sillon Luxury Blanc Professionnel - Groupe Coiff\",\"isPartOf\":{\"@id\":\"https:\\\/\\\/groupecoiff.com\\\/#website\"},\"primaryImageOfPage\":{\"@id\":\"https:\\\/\\\/groupecoiff.com\\\/produit\\\/fauteuil-esthetique-electrique-sillon-luxury-blanc\\\/#primaryimage\"},\"image\":{\"@id\":\"https:\\\/\\\/groupecoiff.com\\\/produit\\\/fauteuil-esthetique-electrique-sillon-luxury-blanc\\\/#primaryimage\"},\"thumbnailUrl\":\"https:\\\/\\\/groupecoiff.com\\\/wp-content\\\/uploads\\\/2024\\\/12\\\/Fauteuil-Esthetique-Electrique-Sillon-Luxury-Blanc-3.webp\",\"datePublished\":\"2024-12-08T21:20:32+00:00\",\"dateModified\":\"2024-12-08T21:20:33+00:00\",\"description\":\"Le Fauteuil esth\u00e9tique \u00e9lectrique Sillon Luxury Blanc : le choix des professionnels. Confort, polyvalence et pr\u00e9cision pour des soins parfaits.\",\"breadcrumb\":{\"@id\":\"https:\\\/\\\/groupecoiff.com\\\/produit\\\/fauteuil-esthetique-electrique-sillon-luxury-blanc\\\/#breadcrumb\"},\"inLanguage\":\"en-US\",\"potentialAction\":[{\"@type\":\"ReadAction\",\"target\":[\"https:\\\/\\\/groupecoiff.com\\\/produit\\\/fauteuil-esthetique-electrique-sillon-luxury-blanc\\\/\"]}]},{\"@type\":\"ImageObject\",\"inLanguage\":\"en-US\",\"@id\":\"https:\\\/\\\/groupecoiff.com\\\/produit\\\/fauteuil-esthetique-electrique-sillon-luxury-blanc\\\/#primaryimage\",\"url\":\"https:\\\/\\\/groupecoiff.com\\\/wp-content\\\/uploads\\\/2024\\\/12\\\/Fauteuil-Esthetique-Electrique-Sillon-Luxury-Blanc-3.webp\",\"contentUrl\":\"https:\\\/\\\/groupecoiff.com\\\/wp-content\\\/uploads\\\/2024\\\/12\\\/Fauteuil-Esthetique-Electrique-Sillon-Luxury-Blanc-3.webp\",\"width\":1080,\"height\":1080,\"caption\":\"Fauteuil esth\u00e9tique \u00c9lectrique sillon luxury blanc (3)\"},{\"@type\":\"BreadcrumbList\",\"@id\":\"https:\\\/\\\/groupecoiff.com\\\/produit\\\/fauteuil-esthetique-electrique-sillon-luxury-blanc\\\/#breadcrumb\",\"itemListElement\":[{\"@type\":\"ListItem\",\"position\":1,\"name\":\"Accueil\",\"item\":\"https:\\\/\\\/groupecoiff.com\\\/\"},{\"@type\":\"ListItem\",\"position\":2,\"name\":\"Boutique\",\"item\":\"https:\\\/\\\/groupecoiff.com\\\/boutique\\\/\"},{\"@type\":\"ListItem\",\"position\":3,\"name\":\"Fauteuil Esth\u00e9tique \u00c9lectrique Sillon Luxury Blanc\"}]},{\"@type\":\"WebSite\",\"@id\":\"https:\\\/\\\/groupecoiff.com\\\/#website\",\"url\":\"https:\\\/\\\/groupecoiff.com\\\/\",\"name\":\"Groupe Coiff\",\"description\":\"Tout pour la coiffure\",\"publisher\":{\"@id\":\"https:\\\/\\\/groupecoiff.com\\\/#organization\"},\"potentialAction\":[{\"@type\":\"SearchAction\",\"target\":{\"@type\":\"EntryPoint\",\"urlTemplate\":\"https:\\\/\\\/groupecoiff.com\\\/?s={search_term_string}\"},\"query-input\":{\"@type\":\"PropertyValueSpecification\",\"valueRequired\":true,\"valueName\":\"search_term_string\"}}],\"inLanguage\":\"en-US\"},{\"@type\":\"Organization\",\"@id\":\"https:\\\/\\\/groupecoiff.com\\\/#organization\",\"name\":\"Groupe Coiff\",\"alternateName\":\"Groupe Coiff : Le Mobilier De Coiffure Haut de Gamme Pour Une \u00c9l\u00e9gance In\u00e9gal\u00e9e\",\"url\":\"https:\\\/\\\/groupecoiff.com\\\/\",\"logo\":{\"@type\":\"ImageObject\",\"inLanguage\":\"en-US\",\"@id\":\"https:\\\/\\\/groupecoiff.com\\\/#\\\/schema\\\/logo\\\/image\\\/\",\"url\":\"https:\\\/\\\/groupecoiff.com\\\/wp-content\\\/uploads\\\/2024\\\/01\\\/cropped-Groupe-Coiff-Logo.webp\",\"contentUrl\":\"https:\\\/\\\/groupecoiff.com\\\/wp-content\\\/uploads\\\/2024\\\/01\\\/cropped-Groupe-Coiff-Logo.webp\",\"width\":512,\"height\":512,\"caption\":\"Groupe Coiff\"},\"image\":{\"@id\":\"https:\\\/\\\/groupecoiff.com\\\/#\\\/schema\\\/logo\\\/image\\\/\"},\"sameAs\":[\"https:\\\/\\\/www.facebook.com\\\/GroupeCoiff\",\"https:\\\/\\\/x.com\\\/groupecoiff\",\"https:\\\/\\\/www.instagram.com\\\/groupecoiff\\\/\",\"https:\\\/\\\/www.tiktok.com\\\/@groupecoiff\",\"https:\\\/\\\/www.youtube.com\\\/@groupecoiff\",\"https:\\\/\\\/twitter.com\\\/groupecoiff\",\"https:\\\/\\\/www.leboncoin.fr\\\/boutique\\\/3961302\\\/groupe_coiff.htm\"],\"description\":\"D\u00e9couvrez le mobilier de coiffure haut de gamme de Groupe Coiff, alliant \u00e9l\u00e9gance et fonctionnalit\u00e9 pour sublimer votre salon et satisfaire vos clients.\",\"email\":\"contact@groupecoiff.com\",\"telephone\":\"0676951605\",\"legalName\":\"Groupe Coiff\",\"foundingDate\":\"2022-11-16\",\"vatID\":\"FR84921406419\",\"taxID\":\"92140641900025\"}]}<\/script>\n<meta property=\"product:price:amount\" content=\"999.00\" \/>\n<meta property=\"product:price:currency\" content=\"EUR\" \/>\n<meta property=\"og:availability\" content=\"instock\" \/>\n<meta property=\"product:availability\" content=\"instock\" \/>\n<meta property=\"product:condition\" content=\"new\" \/>\n<!-- \/ Yoast SEO Premium plugin. -->","yoast_head_json":{"title":"Sillon Luxury White Professional Electric Beauty Chair - Groupe Coiff","description":"The Sillon Luxury White electric beauty chair: the choice of professionals. Comfort, versatility and precision for perfect care.","robots":{"index":"index","follow":"follow","max-snippet":"max-snippet:-1","max-image-preview":"max-image-preview:large","max-video-preview":"max-video-preview:-1"},"canonical":"https:\/\/groupecoiff.com\/en\/product-2\/sillon-luxury-white-electric-beauty-chair\/","og_locale":"en_US","og_type":"article","og_title":"Fauteuil Esth\u00e9tique \u00c9lectrique Sillon Luxury Blanc","og_description":"Le Fauteuil esth\u00e9tique \u00e9lectrique Sillon Luxury Blanc : le choix des professionnels. Confort, polyvalence et pr\u00e9cision pour des soins parfaits.","og_url":"https:\/\/groupecoiff.com\/en\/product-2\/sillon-luxury-white-electric-beauty-chair\/","og_site_name":"Groupe Coiff","article_publisher":"https:\/\/www.facebook.com\/GroupeCoiff","article_modified_time":"2024-12-08T21:20:33+00:00","og_image":[{"width":1080,"height":1080,"url":"https:\/\/groupecoiff.com\/wp-content\/uploads\/2024\/12\/Fauteuil-Esthetique-Electrique-Sillon-Luxury-Blanc-3.webp","type":"image\/webp"}],"twitter_card":"summary_large_image","twitter_site":"@groupecoiff","twitter_misc":{"Price":"999,00&nbsp;&euro;","Availability":"In stock"},"schema":{"@context":"https:\/\/schema.org","@graph":[{"@type":"WebPage","@id":"https:\/\/groupecoiff.com\/produit\/fauteuil-esthetique-electrique-sillon-luxury-blanc\/","url":"https:\/\/groupecoiff.com\/produit\/fauteuil-esthetique-electrique-sillon-luxury-blanc\/","name":"Sillon Luxury White Professional Electric Beauty Chair - Groupe Coiff","isPartOf":{"@id":"https:\/\/groupecoiff.com\/#website"},"primaryImageOfPage":{"@id":"https:\/\/groupecoiff.com\/produit\/fauteuil-esthetique-electrique-sillon-luxury-blanc\/#primaryimage"},"image":{"@id":"https:\/\/groupecoiff.com\/produit\/fauteuil-esthetique-electrique-sillon-luxury-blanc\/#primaryimage"},"thumbnailUrl":"https:\/\/groupecoiff.com\/wp-content\/uploads\/2024\/12\/Fauteuil-Esthetique-Electrique-Sillon-Luxury-Blanc-3.webp","datePublished":"2024-12-08T21:20:32+00:00","dateModified":"2024-12-08T21:20:33+00:00","description":"The Sillon Luxury White electric beauty chair: the choice of professionals. Comfort, versatility and precision for perfect care.","breadcrumb":{"@id":"https:\/\/groupecoiff.com\/produit\/fauteuil-esthetique-electrique-sillon-luxury-blanc\/#breadcrumb"},"inLanguage":"en-US","potentialAction":[{"@type":"ReadAction","target":["https:\/\/groupecoiff.com\/produit\/fauteuil-esthetique-electrique-sillon-luxury-blanc\/"]}]},{"@type":"ImageObject","inLanguage":"en-US","@id":"https:\/\/groupecoiff.com\/produit\/fauteuil-esthetique-electrique-sillon-luxury-blanc\/#primaryimage","url":"https:\/\/groupecoiff.com\/wp-content\/uploads\/2024\/12\/Fauteuil-Esthetique-Electrique-Sillon-Luxury-Blanc-3.webp","contentUrl":"https:\/\/groupecoiff.com\/wp-content\/uploads\/2024\/12\/Fauteuil-Esthetique-Electrique-Sillon-Luxury-Blanc-3.webp","width":1080,"height":1080,"caption":"Fauteuil esth\u00e9tique \u00c9lectrique sillon luxury blanc (3)"},{"@type":"BreadcrumbList","@id":"https:\/\/groupecoiff.com\/produit\/fauteuil-esthetique-electrique-sillon-luxury-blanc\/#breadcrumb","itemListElement":[{"@type":"ListItem","position":1,"name":"Accueil","item":"https:\/\/groupecoiff.com\/"},{"@type":"ListItem","position":2,"name":"Boutique","item":"https:\/\/groupecoiff.com\/boutique\/"},{"@type":"ListItem","position":3,"name":"Fauteuil Esth\u00e9tique \u00c9lectrique Sillon Luxury Blanc"}]},{"@type":"WebSite","@id":"https:\/\/groupecoiff.com\/#website","url":"https:\/\/groupecoiff.com\/","name":"Coiff Group","description":"Everything for the hairdresser","publisher":{"@id":"https:\/\/groupecoiff.com\/#organization"},"potentialAction":[{"@type":"SearchAction","target":{"@type":"EntryPoint","urlTemplate":"https:\/\/groupecoiff.com\/?s={search_term_string}"},"query-input":{"@type":"PropertyValueSpecification","valueRequired":true,"valueName":"search_term_string"}}],"inLanguage":"en-US"},{"@type":"Organization","@id":"https:\/\/groupecoiff.com\/#organization","name":"Coiff Group","alternateName":"Groupe Coiff : Le Mobilier De Coiffure Haut de Gamme Pour Une \u00c9l\u00e9gance In\u00e9gal\u00e9e","url":"https:\/\/groupecoiff.com\/","logo":{"@type":"ImageObject","inLanguage":"en-US","@id":"https:\/\/groupecoiff.com\/#\/schema\/logo\/image\/","url":"https:\/\/groupecoiff.com\/wp-content\/uploads\/2024\/01\/cropped-Groupe-Coiff-Logo.webp","contentUrl":"https:\/\/groupecoiff.com\/wp-content\/uploads\/2024\/01\/cropped-Groupe-Coiff-Logo.webp","width":512,"height":512,"caption":"Groupe Coiff"},"image":{"@id":"https:\/\/groupecoiff.com\/#\/schema\/logo\/image\/"},"sameAs":["https:\/\/www.facebook.com\/GroupeCoiff","https:\/\/x.com\/groupecoiff","https:\/\/www.instagram.com\/groupecoiff\/","https:\/\/www.tiktok.com\/@groupecoiff","https:\/\/www.youtube.com\/@groupecoiff","https:\/\/twitter.com\/groupecoiff","https:\/\/www.leboncoin.fr\/boutique\/3961302\/groupe_coiff.htm"],"description":"Discover Groupe Coiff's top-of-the-range hairdressing furniture, combining elegance and functionality to enhance your salon and satisfy your customers.","email":"contact@groupecoiff.com","telephone":"0676951605","legalName":"Groupe Coiff","foundingDate":"2022-11-16","vatID":"FR84921406419","taxID":"92140641900025"}]},"product_price_amount":"999.00","product_price_currency":"EUR","og_availability":"instock","product_availability":"instock","product_condition":"new"},"jetpack_publicize_connections":[],"jetpack_likes_enabled":true,"jetpack_sharing_enabled":true,"_links":{"self":[{"href":"https:\/\/groupecoiff.com\/en\/wp-json\/wp\/v2\/product\/36485","targetHints":{"allow":["GET"]}}],"collection":[{"href":"https:\/\/groupecoiff.com\/en\/wp-json\/wp\/v2\/product"}],"about":[{"href":"https:\/\/groupecoiff.com\/en\/wp-json\/wp\/v2\/types\/product"}],"replies":[{"embeddable":true,"href":"https:\/\/groupecoiff.com\/en\/wp-json\/wp\/v2\/comments?post=36485"}],"version-history":[{"count":0,"href":"https:\/\/groupecoiff.com\/en\/wp-json\/wp\/v2\/product\/36485\/revisions"}],"wp:featuredmedia":[{"embeddable":true,"href":"https:\/\/groupecoiff.com\/en\/wp-json\/wp\/v2\/media\/36488"}],"wp:attachment":[{"href":"https:\/\/groupecoiff.com\/en\/wp-json\/wp\/v2\/media?parent=36485"}],"wp:term":[{"taxonomy":"product_brand","embeddable":true,"href":"https:\/\/groupecoiff.com\/en\/wp-json\/wp\/v2\/product_brand?post=36485"},{"taxonomy":"product_cat","embeddable":true,"href":"https:\/\/groupecoiff.com\/en\/wp-json\/wp\/v2\/product_cat?post=36485"},{"taxonomy":"product_tag","embeddable":true,"href":"https:\/\/groupecoiff.com\/en\/wp-json\/wp\/v2\/product_tag?post=36485"}],"curies":[{"name":"wp","href":"https:\/\/api.w.org\/{rel}","templated":true}]}}