{"id":36603,"date":"2024-12-18T19:53:29","date_gmt":"2024-12-18T18:53:29","guid":{"rendered":"https:\/\/groupecoiff.com\/?post_type=product&#038;p=36603"},"modified":"2025-09-22T13:07:42","modified_gmt":"2025-09-22T11:07:42","slug":"tondeuse-de-finition-onyx-2020t-b-jrl","status":"publish","type":"product","link":"https:\/\/groupecoiff.com\/en\/produit\/tondeuse-de-finition-onyx-2020t-b-jrl\/","title":{"rendered":"Tondeuse de finition ONYX 2020T-B JRL"},"content":{"rendered":"<ul>\n<li>\n<h4>ONYX 2020T-B JRL Professional Trimmer: Precision and High Performance<\/h4>\n<\/li>\n<\/ul>\n<p>The ONYX 2020T-B JRL finishing trimmer embodies precision and performance for professionals. Designed for hair design and dry shaving, it guarantees impeccable results.<\/p>\n<ul>\n<li><strong>Optimized performance with Smart-Clip<\/strong><\/li>\n<\/ul>\n<p>Thanks to Smart-Clip technology, the motor automatically adjusts its speed. It detects resistance and avoids power loss.<br \/>\nAs a result, the clipper delivers a smooth, even cut, even on thick hair.<\/p>\n<ul>\n<li><strong>Comfort and convenience for barbers<\/strong><\/li>\n<\/ul>\n<p>With its Lithium-ion battery, this lawnmower offers 3.5 hours of autonomy. It recharges completely in just 1.5 hours.<br \/>\nIts integrated LED display clearly shows the remaining battery level. You can work with complete peace of mind, without interruption.<\/p>\n<ul>\n<li><strong>Ergonomic, lightweight design<\/strong><\/li>\n<\/ul>\n<p>Weighing in at just 305 grams, this JRL professional hair clipper ensures optimum comfort. It is ergonomic and easy to handle.<\/p>\n<ul>\n<li><strong>Accessories Included for Complete Use<\/strong><\/li>\n<\/ul>\n<p>5 counter-chasers: 1.5 mm, 3 mm, 6 mm, 8 mm and 10 mm.<\/p>\n<p>1 charging base and 1 power cord.<\/p>\n<p>1 cleaning brush and 1 lubricating oil.<\/p>\n<p>1 blade guard, 1 screwdriver and 1 blade adjustment tool.<\/p>\n<ul>\n<li><strong>Why choose the ONYX 2020T-B lawnmower?<\/strong><\/li>\n<\/ul>\n<p>1. Onyx EZ-GAP blade: zero space for an impeccable finish.<\/p>\n<p>2. Smart-Clip technology: automatic adjustment for consistent performance.<\/p>\n<p>3. Powerful rotary motor: 8,200 rpm.<\/p>\n<p>4. Long-running autonomy: 3.5 hours without interruption.<\/p>\n<p>5. Ergonomic design: optimal handling for professionals.<\/p>\n<ul>\n<li><strong>L&rsquo;\u00c9quipement Incontournable pour les Barbiers Modernes<\/strong><\/li>\n<\/ul>\n<p>The JRL 2020T ONYX finishing trimmer is the perfect ally for precise cuts. Its design, power and features meet the needs of demanding professional barbers.<\/p>","protected":false},"excerpt":{"rendered":"<p>La tondeuse de finition ONYX 2020T-B JRL est le choix id\u00e9al des professionnels. Performance optimis\u00e9e avec la technologie Smart-Clip. Essayez-la d\u00e8s aujourd&rsquo;hui!<\/p>","protected":false},"featured_media":36604,"comment_status":"open","ping_status":"closed","template":"","meta":{"googlesitekit_rrm_CAow0YCiDA:productID":"","jetpack_publicize_message":"","jetpack_publicize_feature_enabled":true,"jetpack_social_post_already_shared":true,"jetpack_social_options":{"image_generator_settings":{"template":"highway","default_image_id":0,"font":"","enabled":false},"version":2}},"product_brand":[],"product_cat":[42,502],"product_tag":[452,504,503],"class_list":{"0":"post-36603","1":"product","2":"type-product","3":"status-publish","4":"has-post-thumbnail","6":"product_cat-accessoires","7":"product_cat-tondeuse","8":"product_tag-barbershop","9":"product_tag-onyx-2020t-b-jrl","10":"product_tag-tondeuse-de-finition-professionnelle","12":"first","13":"outofstock","14":"taxable","15":"shipping-taxable","16":"purchasable","17":"product-type-simple"},"yoast_head":"<!-- This site is optimized with the Yoast SEO Premium plugin v27.5 (Yoast SEO v27.5) - https:\/\/yoast.com\/product\/yoast-seo-premium-wordpress\/ -->\n<title>Tondeuse de finition ONYX 2020T-B JRL: Pr\u00e9cision et Performance - Groupe Coiff<\/title>\n<meta name=\"description\" content=\"D\u00e9couvrez la tondeuse de finition ONYX 2020T-B JRL pour des coupes pr\u00e9cises et fluides. Confort et praticit\u00e9 pour les barbiers. Essayez-la d\u00e8s maintenant!\" \/>\n<meta name=\"robots\" content=\"index, follow, max-snippet:-1, max-image-preview:large, max-video-preview:-1\" \/>\n<link rel=\"canonical\" href=\"https:\/\/groupecoiff.com\/en\/product-2\/tondeuse-de-finition-onyx-2020t-b-jrl\/\" \/>\n<meta property=\"og:locale\" content=\"en_US\" \/>\n<meta property=\"og:type\" content=\"article\" \/>\n<meta property=\"og:title\" content=\"Tondeuse de finition ONYX 2020T-B JRL\" \/>\n<meta property=\"og:description\" content=\"D\u00e9couvrez la tondeuse de finition ONYX 2020T-B JRL pour des coupes pr\u00e9cises et fluides. Confort et praticit\u00e9 pour les barbiers. Essayez-la d\u00e8s maintenant!\" \/>\n<meta property=\"og:url\" content=\"https:\/\/groupecoiff.com\/en\/product-2\/tondeuse-de-finition-onyx-2020t-b-jrl\/\" \/>\n<meta property=\"og:site_name\" content=\"Groupe Coiff\" \/>\n<meta property=\"article:publisher\" content=\"https:\/\/www.facebook.com\/GroupeCoiff\" \/>\n<meta property=\"article:modified_time\" content=\"2025-09-22T11:07:42+00:00\" \/>\n<meta property=\"og:image\" content=\"https:\/\/groupecoiff.com\/wp-content\/uploads\/2024\/12\/Tondeuse-de-finition-ONYX-2020T-B-JRL-1.webp\" \/>\n\t<meta property=\"og:image:width\" content=\"1080\" \/>\n\t<meta property=\"og:image:height\" content=\"1080\" \/>\n\t<meta property=\"og:image:type\" content=\"image\/webp\" \/>\n<meta name=\"twitter:card\" content=\"summary_large_image\" \/>\n<meta name=\"twitter:site\" content=\"@groupecoiff\" \/>\n<meta name=\"twitter:label1\" content=\"Price\" \/>\n\t<meta name=\"twitter:data1\" content=\"135,00&nbsp;&euro;\" \/>\n\t<meta name=\"twitter:label2\" content=\"Availability\" \/>\n\t<meta name=\"twitter:data2\" content=\"Out of stock\" \/>\n<script type=\"application\/ld+json\" class=\"yoast-schema-graph\">{\"@context\":\"https:\\\/\\\/schema.org\",\"@graph\":[{\"@type\":\"WebPage\",\"@id\":\"https:\\\/\\\/groupecoiff.com\\\/en\\\/produit\\\/tondeuse-de-finition-onyx-2020t-b-jrl\\\/\",\"url\":\"https:\\\/\\\/groupecoiff.com\\\/en\\\/produit\\\/tondeuse-de-finition-onyx-2020t-b-jrl\\\/\",\"name\":\"Tondeuse de finition ONYX 2020T-B JRL: Pr\u00e9cision et Performance - Groupe Coiff\",\"isPartOf\":{\"@id\":\"https:\\\/\\\/groupecoiff.com\\\/#website\"},\"primaryImageOfPage\":{\"@id\":\"https:\\\/\\\/groupecoiff.com\\\/en\\\/produit\\\/tondeuse-de-finition-onyx-2020t-b-jrl\\\/#primaryimage\"},\"image\":{\"@id\":\"https:\\\/\\\/groupecoiff.com\\\/en\\\/produit\\\/tondeuse-de-finition-onyx-2020t-b-jrl\\\/#primaryimage\"},\"thumbnailUrl\":\"https:\\\/\\\/groupecoiff.com\\\/wp-content\\\/uploads\\\/2024\\\/12\\\/Tondeuse-de-finition-ONYX-2020T-B-JRL-1.webp\",\"datePublished\":\"2024-12-18T18:53:29+00:00\",\"dateModified\":\"2025-09-22T11:07:42+00:00\",\"description\":\"D\u00e9couvrez la tondeuse de finition ONYX 2020T-B JRL pour des coupes pr\u00e9cises et fluides. Confort et praticit\u00e9 pour les barbiers. Essayez-la d\u00e8s maintenant!\",\"breadcrumb\":{\"@id\":\"https:\\\/\\\/groupecoiff.com\\\/en\\\/produit\\\/tondeuse-de-finition-onyx-2020t-b-jrl\\\/#breadcrumb\"},\"inLanguage\":\"en-US\",\"potentialAction\":[{\"@type\":\"ReadAction\",\"target\":[\"https:\\\/\\\/groupecoiff.com\\\/en\\\/produit\\\/tondeuse-de-finition-onyx-2020t-b-jrl\\\/\"]}]},{\"@type\":\"ImageObject\",\"inLanguage\":\"en-US\",\"@id\":\"https:\\\/\\\/groupecoiff.com\\\/en\\\/produit\\\/tondeuse-de-finition-onyx-2020t-b-jrl\\\/#primaryimage\",\"url\":\"https:\\\/\\\/groupecoiff.com\\\/wp-content\\\/uploads\\\/2024\\\/12\\\/Tondeuse-de-finition-ONYX-2020T-B-JRL-1.webp\",\"contentUrl\":\"https:\\\/\\\/groupecoiff.com\\\/wp-content\\\/uploads\\\/2024\\\/12\\\/Tondeuse-de-finition-ONYX-2020T-B-JRL-1.webp\",\"width\":1080,\"height\":1080,\"caption\":\"Tondeuse de finition onyx 2020t b jrl (1)\"},{\"@type\":\"BreadcrumbList\",\"@id\":\"https:\\\/\\\/groupecoiff.com\\\/en\\\/produit\\\/tondeuse-de-finition-onyx-2020t-b-jrl\\\/#breadcrumb\",\"itemListElement\":[{\"@type\":\"ListItem\",\"position\":1,\"name\":\"Accueil\",\"item\":\"https:\\\/\\\/groupecoiff.com\\\/\"},{\"@type\":\"ListItem\",\"position\":2,\"name\":\"Boutique\",\"item\":\"https:\\\/\\\/groupecoiff.com\\\/en\\\/boutique\\\/\"},{\"@type\":\"ListItem\",\"position\":3,\"name\":\"Tondeuse de finition ONYX 2020T-B JRL\"}]},{\"@type\":\"WebSite\",\"@id\":\"https:\\\/\\\/groupecoiff.com\\\/#website\",\"url\":\"https:\\\/\\\/groupecoiff.com\\\/\",\"name\":\"Groupe Coiff\",\"description\":\"Tout pour la coiffure\",\"publisher\":{\"@id\":\"https:\\\/\\\/groupecoiff.com\\\/#organization\"},\"potentialAction\":[{\"@type\":\"SearchAction\",\"target\":{\"@type\":\"EntryPoint\",\"urlTemplate\":\"https:\\\/\\\/groupecoiff.com\\\/?s={search_term_string}\"},\"query-input\":{\"@type\":\"PropertyValueSpecification\",\"valueRequired\":true,\"valueName\":\"search_term_string\"}}],\"inLanguage\":\"en-US\"},{\"@type\":\"Organization\",\"@id\":\"https:\\\/\\\/groupecoiff.com\\\/#organization\",\"name\":\"Groupe Coiff\",\"alternateName\":\"Groupe Coiff : Le Mobilier De Coiffure Haut de Gamme Pour Une \u00c9l\u00e9gance In\u00e9gal\u00e9e\",\"url\":\"https:\\\/\\\/groupecoiff.com\\\/\",\"logo\":{\"@type\":\"ImageObject\",\"inLanguage\":\"en-US\",\"@id\":\"https:\\\/\\\/groupecoiff.com\\\/#\\\/schema\\\/logo\\\/image\\\/\",\"url\":\"https:\\\/\\\/groupecoiff.com\\\/wp-content\\\/uploads\\\/2024\\\/01\\\/cropped-Groupe-Coiff-Logo.webp\",\"contentUrl\":\"https:\\\/\\\/groupecoiff.com\\\/wp-content\\\/uploads\\\/2024\\\/01\\\/cropped-Groupe-Coiff-Logo.webp\",\"width\":512,\"height\":512,\"caption\":\"Groupe Coiff\"},\"image\":{\"@id\":\"https:\\\/\\\/groupecoiff.com\\\/#\\\/schema\\\/logo\\\/image\\\/\"},\"sameAs\":[\"https:\\\/\\\/www.facebook.com\\\/GroupeCoiff\",\"https:\\\/\\\/x.com\\\/groupecoiff\",\"https:\\\/\\\/www.instagram.com\\\/groupecoiff\\\/\",\"https:\\\/\\\/www.tiktok.com\\\/@groupecoiff\",\"https:\\\/\\\/www.youtube.com\\\/@groupecoiff\",\"https:\\\/\\\/twitter.com\\\/groupecoiff\",\"https:\\\/\\\/www.leboncoin.fr\\\/boutique\\\/3961302\\\/groupe_coiff.htm\"],\"description\":\"D\u00e9couvrez le mobilier de coiffure haut de gamme de Groupe Coiff, alliant \u00e9l\u00e9gance et fonctionnalit\u00e9 pour sublimer votre salon et satisfaire vos clients.\",\"email\":\"contact@groupecoiff.com\",\"telephone\":\"0676951605\",\"legalName\":\"Groupe Coiff\",\"foundingDate\":\"2022-11-16\",\"vatID\":\"FR84921406419\",\"taxID\":\"92140641900025\"}]}<\/script>\n<meta property=\"product:price:amount\" content=\"135.00\" \/>\n<meta property=\"product:price:currency\" content=\"EUR\" \/>\n<meta property=\"og:availability\" content=\"out of stock\" \/>\n<meta property=\"product:availability\" content=\"out of stock\" \/>\n<meta property=\"product:condition\" content=\"new\" \/>\n<!-- \/ Yoast SEO Premium plugin. -->","yoast_head_json":{"title":"Tondeuse de finition ONYX 2020T-B JRL: Pr\u00e9cision et Performance - Groupe Coiff","description":"D\u00e9couvrez la tondeuse de finition ONYX 2020T-B JRL pour des coupes pr\u00e9cises et fluides. Confort et praticit\u00e9 pour les barbiers. Essayez-la d\u00e8s maintenant!","robots":{"index":"index","follow":"follow","max-snippet":"max-snippet:-1","max-image-preview":"max-image-preview:large","max-video-preview":"max-video-preview:-1"},"canonical":"https:\/\/groupecoiff.com\/en\/product-2\/tondeuse-de-finition-onyx-2020t-b-jrl\/","og_locale":"en_US","og_type":"article","og_title":"Tondeuse de finition ONYX 2020T-B JRL","og_description":"D\u00e9couvrez la tondeuse de finition ONYX 2020T-B JRL pour des coupes pr\u00e9cises et fluides. Confort et praticit\u00e9 pour les barbiers. Essayez-la d\u00e8s maintenant!","og_url":"https:\/\/groupecoiff.com\/en\/product-2\/tondeuse-de-finition-onyx-2020t-b-jrl\/","og_site_name":"Groupe Coiff","article_publisher":"https:\/\/www.facebook.com\/GroupeCoiff","article_modified_time":"2025-09-22T11:07:42+00:00","og_image":[{"width":1080,"height":1080,"url":"https:\/\/groupecoiff.com\/wp-content\/uploads\/2024\/12\/Tondeuse-de-finition-ONYX-2020T-B-JRL-1.webp","type":"image\/webp"}],"twitter_card":"summary_large_image","twitter_site":"@groupecoiff","twitter_misc":{"Price":"135,00&nbsp;&euro;","Availability":"Out of stock"},"schema":{"@context":"https:\/\/schema.org","@graph":[{"@type":"WebPage","@id":"https:\/\/groupecoiff.com\/en\/produit\/tondeuse-de-finition-onyx-2020t-b-jrl\/","url":"https:\/\/groupecoiff.com\/en\/produit\/tondeuse-de-finition-onyx-2020t-b-jrl\/","name":"Tondeuse de finition ONYX 2020T-B JRL: Pr\u00e9cision et Performance - Groupe Coiff","isPartOf":{"@id":"https:\/\/groupecoiff.com\/#website"},"primaryImageOfPage":{"@id":"https:\/\/groupecoiff.com\/en\/produit\/tondeuse-de-finition-onyx-2020t-b-jrl\/#primaryimage"},"image":{"@id":"https:\/\/groupecoiff.com\/en\/produit\/tondeuse-de-finition-onyx-2020t-b-jrl\/#primaryimage"},"thumbnailUrl":"https:\/\/groupecoiff.com\/wp-content\/uploads\/2024\/12\/Tondeuse-de-finition-ONYX-2020T-B-JRL-1.webp","datePublished":"2024-12-18T18:53:29+00:00","dateModified":"2025-09-22T11:07:42+00:00","description":"D\u00e9couvrez la tondeuse de finition ONYX 2020T-B JRL pour des coupes pr\u00e9cises et fluides. Confort et praticit\u00e9 pour les barbiers. Essayez-la d\u00e8s maintenant!","breadcrumb":{"@id":"https:\/\/groupecoiff.com\/en\/produit\/tondeuse-de-finition-onyx-2020t-b-jrl\/#breadcrumb"},"inLanguage":"en-US","potentialAction":[{"@type":"ReadAction","target":["https:\/\/groupecoiff.com\/en\/produit\/tondeuse-de-finition-onyx-2020t-b-jrl\/"]}]},{"@type":"ImageObject","inLanguage":"en-US","@id":"https:\/\/groupecoiff.com\/en\/produit\/tondeuse-de-finition-onyx-2020t-b-jrl\/#primaryimage","url":"https:\/\/groupecoiff.com\/wp-content\/uploads\/2024\/12\/Tondeuse-de-finition-ONYX-2020T-B-JRL-1.webp","contentUrl":"https:\/\/groupecoiff.com\/wp-content\/uploads\/2024\/12\/Tondeuse-de-finition-ONYX-2020T-B-JRL-1.webp","width":1080,"height":1080,"caption":"Tondeuse de finition onyx 2020t b jrl (1)"},{"@type":"BreadcrumbList","@id":"https:\/\/groupecoiff.com\/en\/produit\/tondeuse-de-finition-onyx-2020t-b-jrl\/#breadcrumb","itemListElement":[{"@type":"ListItem","position":1,"name":"Accueil","item":"https:\/\/groupecoiff.com\/"},{"@type":"ListItem","position":2,"name":"Boutique","item":"https:\/\/groupecoiff.com\/en\/boutique\/"},{"@type":"ListItem","position":3,"name":"Tondeuse de finition ONYX 2020T-B JRL"}]},{"@type":"WebSite","@id":"https:\/\/groupecoiff.com\/#website","url":"https:\/\/groupecoiff.com\/","name":"Coiff Group","description":"Everything for the hairdresser","publisher":{"@id":"https:\/\/groupecoiff.com\/#organization"},"potentialAction":[{"@type":"SearchAction","target":{"@type":"EntryPoint","urlTemplate":"https:\/\/groupecoiff.com\/?s={search_term_string}"},"query-input":{"@type":"PropertyValueSpecification","valueRequired":true,"valueName":"search_term_string"}}],"inLanguage":"en-US"},{"@type":"Organization","@id":"https:\/\/groupecoiff.com\/#organization","name":"Coiff Group","alternateName":"Groupe Coiff : Le Mobilier De Coiffure Haut de Gamme Pour Une \u00c9l\u00e9gance In\u00e9gal\u00e9e","url":"https:\/\/groupecoiff.com\/","logo":{"@type":"ImageObject","inLanguage":"en-US","@id":"https:\/\/groupecoiff.com\/#\/schema\/logo\/image\/","url":"https:\/\/groupecoiff.com\/wp-content\/uploads\/2024\/01\/cropped-Groupe-Coiff-Logo.webp","contentUrl":"https:\/\/groupecoiff.com\/wp-content\/uploads\/2024\/01\/cropped-Groupe-Coiff-Logo.webp","width":512,"height":512,"caption":"Groupe Coiff"},"image":{"@id":"https:\/\/groupecoiff.com\/#\/schema\/logo\/image\/"},"sameAs":["https:\/\/www.facebook.com\/GroupeCoiff","https:\/\/x.com\/groupecoiff","https:\/\/www.instagram.com\/groupecoiff\/","https:\/\/www.tiktok.com\/@groupecoiff","https:\/\/www.youtube.com\/@groupecoiff","https:\/\/twitter.com\/groupecoiff","https:\/\/www.leboncoin.fr\/boutique\/3961302\/groupe_coiff.htm"],"description":"Discover Groupe Coiff's top-of-the-range hairdressing furniture, combining elegance and functionality to enhance your salon and satisfy your customers.","email":"contact@groupecoiff.com","telephone":"0676951605","legalName":"Groupe Coiff","foundingDate":"2022-11-16","vatID":"FR84921406419","taxID":"92140641900025"}]},"product_price_amount":"135.00","product_price_currency":"EUR","og_availability":"out of stock","product_availability":"out of stock","product_condition":"new"},"jetpack_publicize_connections":[],"jetpack_likes_enabled":true,"jetpack_sharing_enabled":true,"_links":{"self":[{"href":"https:\/\/groupecoiff.com\/en\/wp-json\/wp\/v2\/product\/36603","targetHints":{"allow":["GET"]}}],"collection":[{"href":"https:\/\/groupecoiff.com\/en\/wp-json\/wp\/v2\/product"}],"about":[{"href":"https:\/\/groupecoiff.com\/en\/wp-json\/wp\/v2\/types\/product"}],"replies":[{"embeddable":true,"href":"https:\/\/groupecoiff.com\/en\/wp-json\/wp\/v2\/comments?post=36603"}],"version-history":[{"count":0,"href":"https:\/\/groupecoiff.com\/en\/wp-json\/wp\/v2\/product\/36603\/revisions"}],"wp:featuredmedia":[{"embeddable":true,"href":"https:\/\/groupecoiff.com\/en\/wp-json\/wp\/v2\/media\/36604"}],"wp:attachment":[{"href":"https:\/\/groupecoiff.com\/en\/wp-json\/wp\/v2\/media?parent=36603"}],"wp:term":[{"taxonomy":"product_brand","embeddable":true,"href":"https:\/\/groupecoiff.com\/en\/wp-json\/wp\/v2\/product_brand?post=36603"},{"taxonomy":"product_cat","embeddable":true,"href":"https:\/\/groupecoiff.com\/en\/wp-json\/wp\/v2\/product_cat?post=36603"},{"taxonomy":"product_tag","embeddable":true,"href":"https:\/\/groupecoiff.com\/en\/wp-json\/wp\/v2\/product_tag?post=36603"}],"curies":[{"name":"wp","href":"https:\/\/api.w.org\/{rel}","templated":true}]}}