{"id":38918,"date":"2025-03-02T07:41:33","date_gmt":"2025-03-02T06:41:33","guid":{"rendered":"https:\/\/groupecoiff.com\/?post_type=product&#038;p=38918"},"modified":"2025-09-18T13:40:58","modified_gmt":"2025-09-18T11:40:58","slug":"reception-furniture-henry-s","status":"publish","type":"product","link":"https:\/\/groupecoiff.com\/en\/produit\/meuble-de-reception-henry-s\/","title":{"rendered":"Meuble de Re\u0301ception Henry S"},"content":{"rendered":"<ul>\n<li>\n<h4>Comptoir caisse Henry S - Harmony and elegance for your living room<\/h4>\n<\/li>\n<\/ul>\n<p>The Henry S reception unit is designed to perfectly match the Henry wall-mounted dressing tables. Its modern, customizable design enhances your workspace.<\/p>\n<ul>\n<li><strong>Furniture to match your Henry dressing tables<\/strong><\/li>\n<\/ul>\n<ol>\n<li>\u2714 Design coordinated with Henry wall-mounted dressing tables, for perfect harmony.<\/li>\n<li>\u2714 Decorative slats available in 5 elegant colors.<\/li>\n<li>\u2714 Panel available in 23 colors, including white or gloss black (standard) and 12 shades from the RAL palette.<\/li>\n<\/ol>\n<ul>\n<li><strong>A reception counter that's both practical and elegant<\/strong><\/li>\n<\/ul>\n<ol>\n<li>Body and shelf in sturdy laminate panel.<\/li>\n<li>Decorative slat fronts add a sophisticated touch.<\/li>\n<li>Skirting board with integrated LED lighting, for a bright, modern look.<\/li>\n<\/ol>\n<ul>\n<li><strong>A functional reception area<\/strong><\/li>\n<\/ul>\n<p>The Henry S checkout counter offers optimized space for efficient organization:<\/p>\n<ol>\n<li>Hauteur du plan de travail : 80 cm, pour un confort optimal.<\/li>\n<li>\u2714 Tough, easy-care materials for maximum durability.<\/li>\n<li>Options de <a href=\"https:\/\/groupecoiff.com\/en\/product-2\/armoire-sous-comptoir-henry\/\">rangement<\/a> disponibles pour un espace bien organise\u0301.<\/li>\n<\/ol>\n<ul>\n<li><strong>Ideal dimensions for any living room<\/strong><\/li>\n<\/ul>\n<p><strong>\ud83d\udccf Exact dimensions :<\/strong><\/p>\n<ol>\n<li>Height: 106 cm<\/li>\n<li>Width: 117 cm<\/li>\n<li>Depth: 67 cm<\/li>\n<\/ol>\n<ul>\n<li><strong>\ud83d\udcc5 Manufacturing within 3 to 5 weeks, depending on your needs.<\/strong><\/li>\n<\/ul>\n<p><strong>An essential piece of home furniture<\/strong><\/p>\n<p>Henry S reception furniture enhances your salon and creates a professional atmosphere. It integrates perfectly with your salon furniture.<\/p>\n<p>\ud83d\udd39 Order your Henry S reception unit today and give your space a new dimension!<\/p>","protected":false},"excerpt":{"rendered":"<div class=\"yst-label yst-radio__label yst-flex yst-flex-wrap yst-items-center\">D\u00e9couvrez le meuble de r\u00e9ception Henry S, id\u00e9al pour harmoniser votre espace de travail. Choisissez parmi 23 couleurs et 5 lames \u00e9l\u00e9gantes ! \ud83c\udf08<\/div>","protected":false},"featured_media":44693,"comment_status":"open","ping_status":"closed","template":"","meta":{"googlesitekit_rrm_CAow0YCiDA:productID":"","jetpack_publicize_message":"","jetpack_publicize_feature_enabled":true,"jetpack_social_post_already_shared":true,"jetpack_social_options":{"image_generator_settings":{"template":"highway","default_image_id":0,"font":"","enabled":false},"version":2}},"product_brand":[594],"product_cat":[59,313],"product_tag":[331,324,332,125],"class_list":{"0":"post-38918","1":"product","2":"type-product","3":"status-publish","4":"has-post-thumbnail","6":"product_brand-mila","7":"product_cat-comptoir-daccueil","8":"product_cat-meuble-de-coiffure","9":"product_tag-comptoir-daccueil","10":"product_tag-meuble-de-coiffure-professionnel","11":"product_tag-meuble-de-reception","12":"product_tag-salon-de-coiffure","14":"first","15":"instock","16":"taxable","17":"shipping-taxable","18":"purchasable","19":"product-type-simple"},"yoast_head":"<!-- This site is optimized with the Yoast SEO Premium plugin v27.5 (Yoast SEO v27.5) - https:\/\/yoast.com\/product\/yoast-seo-premium-wordpress\/ -->\n<title>Meuble de Re\u0301ception Henry S \u2013 Design Personnalisable \u00e0 Souhait - Groupe Coiff<\/title>\n<meta name=\"description\" content=\"Optez pour le meuble de r\u00e9ception Henry S et harmonisez votre d\u00e9cor avec style. Un meuble pratique et chic pour votre espace professionnel ! \u2728\" \/>\n<meta name=\"robots\" content=\"index, follow, max-snippet:-1, max-image-preview:large, max-video-preview:-1\" \/>\n<link rel=\"canonical\" href=\"https:\/\/groupecoiff.com\/en\/product-2\/reception-furniture-henry-s\/\" \/>\n<meta property=\"og:locale\" content=\"en_US\" \/>\n<meta property=\"og:type\" content=\"article\" \/>\n<meta property=\"og:title\" content=\"Meuble de Re\u0301ception Henry S\" \/>\n<meta property=\"og:description\" content=\"Optez pour le meuble de r\u00e9ception Henry S et harmonisez votre d\u00e9cor avec style. Un meuble pratique et chic pour votre espace professionnel ! \u2728\" \/>\n<meta property=\"og:url\" content=\"https:\/\/groupecoiff.com\/en\/product-2\/reception-furniture-henry-s\/\" \/>\n<meta property=\"og:site_name\" content=\"Groupe Coiff\" \/>\n<meta property=\"article:publisher\" content=\"https:\/\/www.facebook.com\/GroupeCoiff\" \/>\n<meta property=\"article:modified_time\" content=\"2025-09-18T11:40:58+00:00\" \/>\n<meta property=\"og:image\" content=\"https:\/\/groupecoiff.com\/wp-content\/uploads\/2025\/03\/Comptoir-Henry-S.webp\" \/>\n\t<meta property=\"og:image:width\" content=\"1512\" \/>\n\t<meta property=\"og:image:height\" content=\"1512\" \/>\n\t<meta property=\"og:image:type\" content=\"image\/webp\" \/>\n<meta name=\"twitter:card\" content=\"summary_large_image\" \/>\n<meta name=\"twitter:site\" content=\"@groupecoiff\" \/>\n<meta name=\"twitter:label1\" content=\"Price\" \/>\n\t<meta name=\"twitter:data1\" content=\"899,00&nbsp;&euro;\" \/>\n\t<meta name=\"twitter:label2\" content=\"Availability\" \/>\n\t<meta name=\"twitter:data2\" content=\"In stock\" \/>\n<script type=\"application\/ld+json\" class=\"yoast-schema-graph\">{\"@context\":\"https:\\\/\\\/schema.org\",\"@graph\":[{\"@type\":\"WebPage\",\"@id\":\"https:\\\/\\\/groupecoiff.com\\\/produit\\\/meuble-de-reception-henry-s\\\/\",\"url\":\"https:\\\/\\\/groupecoiff.com\\\/produit\\\/meuble-de-reception-henry-s\\\/\",\"name\":\"Meuble de Re\u0301ception Henry S \u2013 Design Personnalisable \u00e0 Souhait - Groupe Coiff\",\"isPartOf\":{\"@id\":\"https:\\\/\\\/groupecoiff.com\\\/#website\"},\"primaryImageOfPage\":{\"@id\":\"https:\\\/\\\/groupecoiff.com\\\/produit\\\/meuble-de-reception-henry-s\\\/#primaryimage\"},\"image\":{\"@id\":\"https:\\\/\\\/groupecoiff.com\\\/produit\\\/meuble-de-reception-henry-s\\\/#primaryimage\"},\"thumbnailUrl\":\"https:\\\/\\\/groupecoiff.com\\\/wp-content\\\/uploads\\\/2025\\\/03\\\/Comptoir-Henry-S.webp\",\"datePublished\":\"2025-03-02T06:41:33+00:00\",\"dateModified\":\"2025-09-18T11:40:58+00:00\",\"description\":\"Optez pour le meuble de r\u00e9ception Henry S et harmonisez votre d\u00e9cor avec style. Un meuble pratique et chic pour votre espace professionnel ! \u2728\",\"breadcrumb\":{\"@id\":\"https:\\\/\\\/groupecoiff.com\\\/produit\\\/meuble-de-reception-henry-s\\\/#breadcrumb\"},\"inLanguage\":\"en-US\",\"potentialAction\":[{\"@type\":\"ReadAction\",\"target\":[\"https:\\\/\\\/groupecoiff.com\\\/produit\\\/meuble-de-reception-henry-s\\\/\"]}]},{\"@type\":\"ImageObject\",\"inLanguage\":\"en-US\",\"@id\":\"https:\\\/\\\/groupecoiff.com\\\/produit\\\/meuble-de-reception-henry-s\\\/#primaryimage\",\"url\":\"https:\\\/\\\/groupecoiff.com\\\/wp-content\\\/uploads\\\/2025\\\/03\\\/Comptoir-Henry-S.webp\",\"contentUrl\":\"https:\\\/\\\/groupecoiff.com\\\/wp-content\\\/uploads\\\/2025\\\/03\\\/Comptoir-Henry-S.webp\",\"width\":1512,\"height\":1512,\"caption\":\"Meuble de re\u0301ception henry s - comptoir caisse henry s - Meuble d'accueil salon de coiffure - meuble de r\u00e9ception henry s - mobilier de coiffure professionnel\"},{\"@type\":\"BreadcrumbList\",\"@id\":\"https:\\\/\\\/groupecoiff.com\\\/produit\\\/meuble-de-reception-henry-s\\\/#breadcrumb\",\"itemListElement\":[{\"@type\":\"ListItem\",\"position\":1,\"name\":\"Accueil\",\"item\":\"https:\\\/\\\/groupecoiff.com\\\/\"},{\"@type\":\"ListItem\",\"position\":2,\"name\":\"Boutique\",\"item\":\"https:\\\/\\\/groupecoiff.com\\\/en\\\/boutique\\\/\"},{\"@type\":\"ListItem\",\"position\":3,\"name\":\"Meuble de Re\u0301ception Henry S\"}]},{\"@type\":\"WebSite\",\"@id\":\"https:\\\/\\\/groupecoiff.com\\\/#website\",\"url\":\"https:\\\/\\\/groupecoiff.com\\\/\",\"name\":\"Groupe Coiff\",\"description\":\"Tout pour la coiffure\",\"publisher\":{\"@id\":\"https:\\\/\\\/groupecoiff.com\\\/#organization\"},\"potentialAction\":[{\"@type\":\"SearchAction\",\"target\":{\"@type\":\"EntryPoint\",\"urlTemplate\":\"https:\\\/\\\/groupecoiff.com\\\/?s={search_term_string}\"},\"query-input\":{\"@type\":\"PropertyValueSpecification\",\"valueRequired\":true,\"valueName\":\"search_term_string\"}}],\"inLanguage\":\"en-US\"},{\"@type\":\"Organization\",\"@id\":\"https:\\\/\\\/groupecoiff.com\\\/#organization\",\"name\":\"Groupe Coiff\",\"alternateName\":\"Groupe Coiff : Le Mobilier De Coiffure Haut de Gamme Pour Une \u00c9l\u00e9gance In\u00e9gal\u00e9e\",\"url\":\"https:\\\/\\\/groupecoiff.com\\\/\",\"logo\":{\"@type\":\"ImageObject\",\"inLanguage\":\"en-US\",\"@id\":\"https:\\\/\\\/groupecoiff.com\\\/#\\\/schema\\\/logo\\\/image\\\/\",\"url\":\"https:\\\/\\\/groupecoiff.com\\\/wp-content\\\/uploads\\\/2024\\\/01\\\/cropped-Groupe-Coiff-Logo.webp\",\"contentUrl\":\"https:\\\/\\\/groupecoiff.com\\\/wp-content\\\/uploads\\\/2024\\\/01\\\/cropped-Groupe-Coiff-Logo.webp\",\"width\":512,\"height\":512,\"caption\":\"Groupe Coiff\"},\"image\":{\"@id\":\"https:\\\/\\\/groupecoiff.com\\\/#\\\/schema\\\/logo\\\/image\\\/\"},\"sameAs\":[\"https:\\\/\\\/www.facebook.com\\\/GroupeCoiff\",\"https:\\\/\\\/x.com\\\/groupecoiff\",\"https:\\\/\\\/www.instagram.com\\\/groupecoiff\\\/\",\"https:\\\/\\\/www.tiktok.com\\\/@groupecoiff\",\"https:\\\/\\\/www.youtube.com\\\/@groupecoiff\",\"https:\\\/\\\/twitter.com\\\/groupecoiff\",\"https:\\\/\\\/www.leboncoin.fr\\\/boutique\\\/3961302\\\/groupe_coiff.htm\"],\"description\":\"D\u00e9couvrez le mobilier de coiffure haut de gamme de Groupe Coiff, alliant \u00e9l\u00e9gance et fonctionnalit\u00e9 pour sublimer votre salon et satisfaire vos clients.\",\"email\":\"contact@groupecoiff.com\",\"telephone\":\"0676951605\",\"legalName\":\"Groupe Coiff\",\"foundingDate\":\"2022-11-16\",\"vatID\":\"FR84921406419\",\"taxID\":\"92140641900025\"}]}<\/script>\n<meta property=\"product:price:amount\" content=\"899.00\" \/>\n<meta property=\"product:price:currency\" content=\"EUR\" \/>\n<meta property=\"og:availability\" content=\"instock\" \/>\n<meta property=\"product:availability\" content=\"instock\" \/>\n<meta property=\"product:condition\" content=\"new\" \/>\n<!-- \/ Yoast SEO Premium plugin. -->","yoast_head_json":{"title":"Henry S Reception Cabinet - Customizable Design - Groupe Coiff","description":"Opt for Henry S reception furniture and harmonize your d\u00e9cor with style. A practical and chic piece of furniture for your professional space! \u2728","robots":{"index":"index","follow":"follow","max-snippet":"max-snippet:-1","max-image-preview":"max-image-preview:large","max-video-preview":"max-video-preview:-1"},"canonical":"https:\/\/groupecoiff.com\/en\/product-2\/reception-furniture-henry-s\/","og_locale":"en_US","og_type":"article","og_title":"Meuble de Re\u0301ception Henry S","og_description":"Optez pour le meuble de r\u00e9ception Henry S et harmonisez votre d\u00e9cor avec style. Un meuble pratique et chic pour votre espace professionnel ! \u2728","og_url":"https:\/\/groupecoiff.com\/en\/product-2\/reception-furniture-henry-s\/","og_site_name":"Groupe Coiff","article_publisher":"https:\/\/www.facebook.com\/GroupeCoiff","article_modified_time":"2025-09-18T11:40:58+00:00","og_image":[{"width":1512,"height":1512,"url":"https:\/\/groupecoiff.com\/wp-content\/uploads\/2025\/03\/Comptoir-Henry-S.webp","type":"image\/webp"}],"twitter_card":"summary_large_image","twitter_site":"@groupecoiff","twitter_misc":{"Price":"899,00&nbsp;&euro;","Availability":"In stock"},"schema":{"@context":"https:\/\/schema.org","@graph":[{"@type":"WebPage","@id":"https:\/\/groupecoiff.com\/produit\/meuble-de-reception-henry-s\/","url":"https:\/\/groupecoiff.com\/produit\/meuble-de-reception-henry-s\/","name":"Henry S Reception Cabinet - Customizable Design - Groupe Coiff","isPartOf":{"@id":"https:\/\/groupecoiff.com\/#website"},"primaryImageOfPage":{"@id":"https:\/\/groupecoiff.com\/produit\/meuble-de-reception-henry-s\/#primaryimage"},"image":{"@id":"https:\/\/groupecoiff.com\/produit\/meuble-de-reception-henry-s\/#primaryimage"},"thumbnailUrl":"https:\/\/groupecoiff.com\/wp-content\/uploads\/2025\/03\/Comptoir-Henry-S.webp","datePublished":"2025-03-02T06:41:33+00:00","dateModified":"2025-09-18T11:40:58+00:00","description":"Opt for Henry S reception furniture and harmonize your d\u00e9cor with style. A practical and chic piece of furniture for your professional space! \u2728","breadcrumb":{"@id":"https:\/\/groupecoiff.com\/produit\/meuble-de-reception-henry-s\/#breadcrumb"},"inLanguage":"en-US","potentialAction":[{"@type":"ReadAction","target":["https:\/\/groupecoiff.com\/produit\/meuble-de-reception-henry-s\/"]}]},{"@type":"ImageObject","inLanguage":"en-US","@id":"https:\/\/groupecoiff.com\/produit\/meuble-de-reception-henry-s\/#primaryimage","url":"https:\/\/groupecoiff.com\/wp-content\/uploads\/2025\/03\/Comptoir-Henry-S.webp","contentUrl":"https:\/\/groupecoiff.com\/wp-content\/uploads\/2025\/03\/Comptoir-Henry-S.webp","width":1512,"height":1512,"caption":"Meuble de re\u0301ception henry s - comptoir caisse henry s - Meuble d'accueil salon de coiffure - meuble de r\u00e9ception henry s - mobilier de coiffure professionnel"},{"@type":"BreadcrumbList","@id":"https:\/\/groupecoiff.com\/produit\/meuble-de-reception-henry-s\/#breadcrumb","itemListElement":[{"@type":"ListItem","position":1,"name":"Accueil","item":"https:\/\/groupecoiff.com\/"},{"@type":"ListItem","position":2,"name":"Boutique","item":"https:\/\/groupecoiff.com\/en\/boutique\/"},{"@type":"ListItem","position":3,"name":"Meuble de Re\u0301ception Henry S"}]},{"@type":"WebSite","@id":"https:\/\/groupecoiff.com\/#website","url":"https:\/\/groupecoiff.com\/","name":"Coiff Group","description":"Everything for the hairdresser","publisher":{"@id":"https:\/\/groupecoiff.com\/#organization"},"potentialAction":[{"@type":"SearchAction","target":{"@type":"EntryPoint","urlTemplate":"https:\/\/groupecoiff.com\/?s={search_term_string}"},"query-input":{"@type":"PropertyValueSpecification","valueRequired":true,"valueName":"search_term_string"}}],"inLanguage":"en-US"},{"@type":"Organization","@id":"https:\/\/groupecoiff.com\/#organization","name":"Coiff Group","alternateName":"Groupe Coiff : Le Mobilier De Coiffure Haut de Gamme Pour Une \u00c9l\u00e9gance In\u00e9gal\u00e9e","url":"https:\/\/groupecoiff.com\/","logo":{"@type":"ImageObject","inLanguage":"en-US","@id":"https:\/\/groupecoiff.com\/#\/schema\/logo\/image\/","url":"https:\/\/groupecoiff.com\/wp-content\/uploads\/2024\/01\/cropped-Groupe-Coiff-Logo.webp","contentUrl":"https:\/\/groupecoiff.com\/wp-content\/uploads\/2024\/01\/cropped-Groupe-Coiff-Logo.webp","width":512,"height":512,"caption":"Groupe Coiff"},"image":{"@id":"https:\/\/groupecoiff.com\/#\/schema\/logo\/image\/"},"sameAs":["https:\/\/www.facebook.com\/GroupeCoiff","https:\/\/x.com\/groupecoiff","https:\/\/www.instagram.com\/groupecoiff\/","https:\/\/www.tiktok.com\/@groupecoiff","https:\/\/www.youtube.com\/@groupecoiff","https:\/\/twitter.com\/groupecoiff","https:\/\/www.leboncoin.fr\/boutique\/3961302\/groupe_coiff.htm"],"description":"Discover Groupe Coiff's top-of-the-range hairdressing furniture, combining elegance and functionality to enhance your salon and satisfy your customers.","email":"contact@groupecoiff.com","telephone":"0676951605","legalName":"Groupe Coiff","foundingDate":"2022-11-16","vatID":"FR84921406419","taxID":"92140641900025"}]},"product_price_amount":"899.00","product_price_currency":"EUR","og_availability":"instock","product_availability":"instock","product_condition":"new"},"jetpack_publicize_connections":[],"jetpack_likes_enabled":true,"jetpack_sharing_enabled":true,"_links":{"self":[{"href":"https:\/\/groupecoiff.com\/en\/wp-json\/wp\/v2\/product\/38918","targetHints":{"allow":["GET"]}}],"collection":[{"href":"https:\/\/groupecoiff.com\/en\/wp-json\/wp\/v2\/product"}],"about":[{"href":"https:\/\/groupecoiff.com\/en\/wp-json\/wp\/v2\/types\/product"}],"replies":[{"embeddable":true,"href":"https:\/\/groupecoiff.com\/en\/wp-json\/wp\/v2\/comments?post=38918"}],"version-history":[{"count":0,"href":"https:\/\/groupecoiff.com\/en\/wp-json\/wp\/v2\/product\/38918\/revisions"}],"wp:featuredmedia":[{"embeddable":true,"href":"https:\/\/groupecoiff.com\/en\/wp-json\/wp\/v2\/media\/44693"}],"wp:attachment":[{"href":"https:\/\/groupecoiff.com\/en\/wp-json\/wp\/v2\/media?parent=38918"}],"wp:term":[{"taxonomy":"product_brand","embeddable":true,"href":"https:\/\/groupecoiff.com\/en\/wp-json\/wp\/v2\/product_brand?post=38918"},{"taxonomy":"product_cat","embeddable":true,"href":"https:\/\/groupecoiff.com\/en\/wp-json\/wp\/v2\/product_cat?post=38918"},{"taxonomy":"product_tag","embeddable":true,"href":"https:\/\/groupecoiff.com\/en\/wp-json\/wp\/v2\/product_tag?post=38918"}],"curies":[{"name":"wp","href":"https:\/\/api.w.org\/{rel}","templated":true}]}}