{"id":41594,"date":"2025-04-12T19:21:39","date_gmt":"2025-04-12T17:21:39","guid":{"rendered":"https:\/\/groupecoiff.com\/?post_type=product&#038;p=41594"},"modified":"2025-11-13T13:36:30","modified_gmt":"2025-11-13T12:36:30","slug":"virgo-4-motor-massage-table","status":"publish","type":"product","link":"https:\/\/groupecoiff.com\/en\/produit\/table-de-massage-virgo-4-moteurs\/","title":{"rendered":"Table de massage VIRGO 4 Moteurs"},"content":{"rendered":"<ul>\n<li>\n<h3>VIRGO 4 Motor Electric Massage Table: Exceptional Comfort and Luxury<\/h3>\n<\/li>\n<\/ul>\n<p>Discover the VIRGO 4 Motor Massage Table, a top-of-the-range choice for wellness professionals. Thanks to its four motors, it combines innovation and comfort for an unrivalled experience.<\/p>\n<ul>\n<li><strong>Advanced Design and Optimal Comfort<\/strong><\/li>\n<\/ul>\n<p>This professional electric treatment table is equipped with four powerful motors. You can adjust the height and inclination of the backrest, footrest and seat. The thick, comfortable mattress with integrated heating ensures relaxation.<\/p>\n<ul>\n<li><strong>Elegant and Functional Design<\/strong><\/li>\n<\/ul>\n<p>The sturdy oak base guarantees exceptional stability. Integrated LEDs create a soothing ambience, with interchangeable colors. Adjustable armrests and headrest, with face hole, add to comfort.<\/p>\n<ul>\n<li><strong>Technical specifications<\/strong><\/li>\n<\/ul>\n<ol>\n<li>Dimensions: 200 x 74 x (630-930) mm<\/li>\n<li>Weight: 124 kg<\/li>\n<li>Load capacity: 200 kg<\/li>\n<li>Power: AC 100-240v, 50Hz\/60Hz<\/li>\n<li>Couleur rev\u00eatement : Blanc (Virgo 4 W GR) ou Beige (Virgo 4 CR OAK).<\/li>\n<\/ol>\n<ul>\n<li><strong>High-End Aesthetic Furniture<\/strong><\/li>\n<\/ul>\n<p>This electric SPA massage table is designed for discerning establishments. It offers refined durability and style, making it a must-have choice.<\/p>\n<p>Invest in the VIRGO 4-motor beauty table and offer your customers an exceptional treatment experience. This top-of-the-range beauty furniture is perfect for optimizing your wellness area.<\/p>\n<h6 style=\"text-align: center;\"><\/h6>\n<h6 style=\"text-align: center;\"><span style=\"color: #808000;\"><a style=\"color: #808000;\" href=\"https:\/\/groupecoiff.com\/wp-content\/uploads\/2025\/04\/VIRGO-Fiche-Technique.pdf\">VIRGO - Technical data<\/a><\/span><\/h6>\n<h6 style=\"text-align: center;\"><span style=\"color: #808000;\"><a style=\"color: #808000;\" href=\"https:\/\/groupecoiff.com\/wp-content\/uploads\/2025\/04\/VIRGO-Mode-demploi.pdf\">VIRGO - Instructions for use<\/a><\/span><\/h6>","protected":false},"excerpt":{"rendered":"<p>Vivez une exp\u00e9rience de relaxation unique avec la Table de massage VIRGO 4 Moteurs. Profitez de ses nombreux r\u00e9glages et de son matelas chauffant! \ud83d\udc86\u200d\u2640\ufe0f<\/p>","protected":false},"featured_media":47934,"comment_status":"open","ping_status":"closed","template":"","meta":{"googlesitekit_rrm_CAow0YCiDA:productID":"","jetpack_publicize_message":"","jetpack_publicize_feature_enabled":true,"jetpack_social_post_already_shared":true,"jetpack_social_options":{"image_generator_settings":{"template":"highway","default_image_id":0,"font":"","enabled":false},"version":2}},"product_brand":[575],"product_cat":[61,77],"product_tag":[368,364,363],"class_list":{"0":"post-41594","1":"product","2":"type-product","3":"status-publish","4":"has-post-thumbnail","6":"product_brand-mirplay","7":"product_cat-mobilier-esthetique","8":"product_cat-table-de-massage","9":"product_tag-mobilier-esthetique-professionnel","10":"product_tag-table-de-massage-professionnel","11":"product_tag-table-de-soins-esthetique","13":"first","14":"instock","15":"sale","16":"taxable","17":"shipping-taxable","18":"purchasable","19":"product-type-variable"},"yoast_head":"<!-- This site is optimized with the Yoast SEO Premium plugin v27.5 (Yoast SEO v27.5) - https:\/\/yoast.com\/product\/yoast-seo-premium-wordpress\/ -->\n<title>Table de massage VIRGO 4 Moteurs avec Chauffage Int\u00e9gr\u00e9 - Groupe Coiff<\/title>\n<meta name=\"description\" content=\"Offrez un confort in\u00e9gal\u00e9 avec la Table de massage VIRGO 4 Moteurs, id\u00e9ale pour les professionnels. D\u00e9couvrez ses options de personnalisation!\" \/>\n<meta name=\"robots\" content=\"index, follow, max-snippet:-1, max-image-preview:large, max-video-preview:-1\" \/>\n<link rel=\"canonical\" href=\"https:\/\/groupecoiff.com\/en\/product-2\/virgo-4-motor-massage-table\/\" \/>\n<meta property=\"og:locale\" content=\"en_US\" \/>\n<meta property=\"og:type\" content=\"article\" \/>\n<meta property=\"og:title\" content=\"Table de massage VIRGO 4 Moteurs\" \/>\n<meta property=\"og:description\" content=\"Offrez un confort in\u00e9gal\u00e9 avec la Table de massage VIRGO 4 Moteurs, id\u00e9ale pour les professionnels. D\u00e9couvrez ses options de personnalisation!\" \/>\n<meta property=\"og:url\" content=\"https:\/\/groupecoiff.com\/en\/product-2\/virgo-4-motor-massage-table\/\" \/>\n<meta property=\"og:site_name\" content=\"Groupe Coiff\" \/>\n<meta property=\"article:publisher\" content=\"https:\/\/www.facebook.com\/GroupeCoiff\" \/>\n<meta property=\"article:modified_time\" content=\"2025-11-13T12:36:30+00:00\" \/>\n<meta property=\"og:image\" content=\"https:\/\/groupecoiff.com\/wp-content\/uploads\/2025\/04\/Virgo-4.png\" \/>\n\t<meta property=\"og:image:width\" content=\"600\" \/>\n\t<meta property=\"og:image:height\" content=\"600\" \/>\n\t<meta property=\"og:image:type\" content=\"image\/png\" \/>\n<meta name=\"twitter:card\" content=\"summary_large_image\" \/>\n<meta name=\"twitter:site\" content=\"@groupecoiff\" \/>\n<meta name=\"twitter:label1\" content=\"Availability\" \/>\n\t<meta name=\"twitter:data1\" content=\"In stock\" \/>\n<script type=\"application\/ld+json\" class=\"yoast-schema-graph\">{\"@context\":\"https:\\\/\\\/schema.org\",\"@graph\":[{\"@type\":\"WebPage\",\"@id\":\"https:\\\/\\\/groupecoiff.com\\\/produit\\\/table-de-massage-virgo-4-moteurs\\\/\",\"url\":\"https:\\\/\\\/groupecoiff.com\\\/produit\\\/table-de-massage-virgo-4-moteurs\\\/\",\"name\":\"Table de massage VIRGO 4 Moteurs avec Chauffage Int\u00e9gr\u00e9 - Groupe Coiff\",\"isPartOf\":{\"@id\":\"https:\\\/\\\/groupecoiff.com\\\/#website\"},\"primaryImageOfPage\":{\"@id\":\"https:\\\/\\\/groupecoiff.com\\\/produit\\\/table-de-massage-virgo-4-moteurs\\\/#primaryimage\"},\"image\":{\"@id\":\"https:\\\/\\\/groupecoiff.com\\\/produit\\\/table-de-massage-virgo-4-moteurs\\\/#primaryimage\"},\"thumbnailUrl\":\"https:\\\/\\\/groupecoiff.com\\\/wp-content\\\/uploads\\\/2025\\\/04\\\/Virgo-4.png\",\"datePublished\":\"2025-04-12T17:21:39+00:00\",\"dateModified\":\"2025-11-13T12:36:30+00:00\",\"description\":\"Offrez un confort in\u00e9gal\u00e9 avec la Table de massage VIRGO 4 Moteurs, id\u00e9ale pour les professionnels. D\u00e9couvrez ses options de personnalisation!\",\"breadcrumb\":{\"@id\":\"https:\\\/\\\/groupecoiff.com\\\/produit\\\/table-de-massage-virgo-4-moteurs\\\/#breadcrumb\"},\"inLanguage\":\"en-US\",\"potentialAction\":[{\"@type\":\"ReadAction\",\"target\":[\"https:\\\/\\\/groupecoiff.com\\\/produit\\\/table-de-massage-virgo-4-moteurs\\\/\"]}]},{\"@type\":\"ImageObject\",\"inLanguage\":\"en-US\",\"@id\":\"https:\\\/\\\/groupecoiff.com\\\/produit\\\/table-de-massage-virgo-4-moteurs\\\/#primaryimage\",\"url\":\"https:\\\/\\\/groupecoiff.com\\\/wp-content\\\/uploads\\\/2025\\\/04\\\/Virgo-4.png\",\"contentUrl\":\"https:\\\/\\\/groupecoiff.com\\\/wp-content\\\/uploads\\\/2025\\\/04\\\/Virgo-4.png\",\"width\":600,\"height\":600,\"caption\":\"Table de massage virgo 4 moteurs - table de soins esth\u00e9tique professionnelle - mobilier esth\u00e9tique professionnel - mobilier esth\u00e9tique pour salon SPA - Table de massage professionnelle\"},{\"@type\":\"BreadcrumbList\",\"@id\":\"https:\\\/\\\/groupecoiff.com\\\/produit\\\/table-de-massage-virgo-4-moteurs\\\/#breadcrumb\",\"itemListElement\":[{\"@type\":\"ListItem\",\"position\":1,\"name\":\"Accueil\",\"item\":\"https:\\\/\\\/groupecoiff.com\\\/\"},{\"@type\":\"ListItem\",\"position\":2,\"name\":\"Boutique\",\"item\":\"https:\\\/\\\/groupecoiff.com\\\/en\\\/boutique\\\/\"},{\"@type\":\"ListItem\",\"position\":3,\"name\":\"Table de massage VIRGO 4 Moteurs\"}]},{\"@type\":\"WebSite\",\"@id\":\"https:\\\/\\\/groupecoiff.com\\\/#website\",\"url\":\"https:\\\/\\\/groupecoiff.com\\\/\",\"name\":\"Groupe Coiff\",\"description\":\"Tout pour la coiffure\",\"publisher\":{\"@id\":\"https:\\\/\\\/groupecoiff.com\\\/#organization\"},\"potentialAction\":[{\"@type\":\"SearchAction\",\"target\":{\"@type\":\"EntryPoint\",\"urlTemplate\":\"https:\\\/\\\/groupecoiff.com\\\/?s={search_term_string}\"},\"query-input\":{\"@type\":\"PropertyValueSpecification\",\"valueRequired\":true,\"valueName\":\"search_term_string\"}}],\"inLanguage\":\"en-US\"},{\"@type\":\"Organization\",\"@id\":\"https:\\\/\\\/groupecoiff.com\\\/#organization\",\"name\":\"Groupe Coiff\",\"alternateName\":\"Groupe Coiff : Le Mobilier De Coiffure Haut de Gamme Pour Une \u00c9l\u00e9gance In\u00e9gal\u00e9e\",\"url\":\"https:\\\/\\\/groupecoiff.com\\\/\",\"logo\":{\"@type\":\"ImageObject\",\"inLanguage\":\"en-US\",\"@id\":\"https:\\\/\\\/groupecoiff.com\\\/#\\\/schema\\\/logo\\\/image\\\/\",\"url\":\"https:\\\/\\\/groupecoiff.com\\\/wp-content\\\/uploads\\\/2024\\\/01\\\/cropped-Groupe-Coiff-Logo.webp\",\"contentUrl\":\"https:\\\/\\\/groupecoiff.com\\\/wp-content\\\/uploads\\\/2024\\\/01\\\/cropped-Groupe-Coiff-Logo.webp\",\"width\":512,\"height\":512,\"caption\":\"Groupe Coiff\"},\"image\":{\"@id\":\"https:\\\/\\\/groupecoiff.com\\\/#\\\/schema\\\/logo\\\/image\\\/\"},\"sameAs\":[\"https:\\\/\\\/www.facebook.com\\\/GroupeCoiff\",\"https:\\\/\\\/x.com\\\/groupecoiff\",\"https:\\\/\\\/www.instagram.com\\\/groupecoiff\\\/\",\"https:\\\/\\\/www.tiktok.com\\\/@groupecoiff\",\"https:\\\/\\\/www.youtube.com\\\/@groupecoiff\",\"https:\\\/\\\/twitter.com\\\/groupecoiff\",\"https:\\\/\\\/www.leboncoin.fr\\\/boutique\\\/3961302\\\/groupe_coiff.htm\"],\"description\":\"D\u00e9couvrez le mobilier de coiffure haut de gamme de Groupe Coiff, alliant \u00e9l\u00e9gance et fonctionnalit\u00e9 pour sublimer votre salon et satisfaire vos clients.\",\"email\":\"contact@groupecoiff.com\",\"telephone\":\"0676951605\",\"legalName\":\"Groupe Coiff\",\"foundingDate\":\"2022-11-16\",\"vatID\":\"FR84921406419\",\"taxID\":\"92140641900025\"}]}<\/script>\n<meta property=\"og:availability\" content=\"instock\" \/>\n<meta property=\"product:availability\" content=\"instock\" \/>\n<meta property=\"product:condition\" content=\"new\" \/>\n<!-- \/ Yoast SEO Premium plugin. -->","yoast_head_json":{"title":"Massage table VIRGO 4 Motors with Integrated Heater - Groupe Coiff","description":"Offer unparalleled comfort with the VIRGO 4 Motor Massage Table, ideal for professionals. Discover its customization options!","robots":{"index":"index","follow":"follow","max-snippet":"max-snippet:-1","max-image-preview":"max-image-preview:large","max-video-preview":"max-video-preview:-1"},"canonical":"https:\/\/groupecoiff.com\/en\/product-2\/virgo-4-motor-massage-table\/","og_locale":"en_US","og_type":"article","og_title":"Table de massage VIRGO 4 Moteurs","og_description":"Offrez un confort in\u00e9gal\u00e9 avec la Table de massage VIRGO 4 Moteurs, id\u00e9ale pour les professionnels. D\u00e9couvrez ses options de personnalisation!","og_url":"https:\/\/groupecoiff.com\/en\/product-2\/virgo-4-motor-massage-table\/","og_site_name":"Groupe Coiff","article_publisher":"https:\/\/www.facebook.com\/GroupeCoiff","article_modified_time":"2025-11-13T12:36:30+00:00","og_image":[{"width":600,"height":600,"url":"https:\/\/groupecoiff.com\/wp-content\/uploads\/2025\/04\/Virgo-4.png","type":"image\/png"}],"twitter_card":"summary_large_image","twitter_site":"@groupecoiff","twitter_misc":{"Availability":"In stock"},"schema":{"@context":"https:\/\/schema.org","@graph":[{"@type":"WebPage","@id":"https:\/\/groupecoiff.com\/produit\/table-de-massage-virgo-4-moteurs\/","url":"https:\/\/groupecoiff.com\/produit\/table-de-massage-virgo-4-moteurs\/","name":"Massage table VIRGO 4 Motors with Integrated Heater - Groupe Coiff","isPartOf":{"@id":"https:\/\/groupecoiff.com\/#website"},"primaryImageOfPage":{"@id":"https:\/\/groupecoiff.com\/produit\/table-de-massage-virgo-4-moteurs\/#primaryimage"},"image":{"@id":"https:\/\/groupecoiff.com\/produit\/table-de-massage-virgo-4-moteurs\/#primaryimage"},"thumbnailUrl":"https:\/\/groupecoiff.com\/wp-content\/uploads\/2025\/04\/Virgo-4.png","datePublished":"2025-04-12T17:21:39+00:00","dateModified":"2025-11-13T12:36:30+00:00","description":"Offer unparalleled comfort with the VIRGO 4 Motor Massage Table, ideal for professionals. Discover its customization options!","breadcrumb":{"@id":"https:\/\/groupecoiff.com\/produit\/table-de-massage-virgo-4-moteurs\/#breadcrumb"},"inLanguage":"en-US","potentialAction":[{"@type":"ReadAction","target":["https:\/\/groupecoiff.com\/produit\/table-de-massage-virgo-4-moteurs\/"]}]},{"@type":"ImageObject","inLanguage":"en-US","@id":"https:\/\/groupecoiff.com\/produit\/table-de-massage-virgo-4-moteurs\/#primaryimage","url":"https:\/\/groupecoiff.com\/wp-content\/uploads\/2025\/04\/Virgo-4.png","contentUrl":"https:\/\/groupecoiff.com\/wp-content\/uploads\/2025\/04\/Virgo-4.png","width":600,"height":600,"caption":"Table de massage virgo 4 moteurs - table de soins esth\u00e9tique professionnelle - mobilier esth\u00e9tique professionnel - mobilier esth\u00e9tique pour salon SPA - Table de massage professionnelle"},{"@type":"BreadcrumbList","@id":"https:\/\/groupecoiff.com\/produit\/table-de-massage-virgo-4-moteurs\/#breadcrumb","itemListElement":[{"@type":"ListItem","position":1,"name":"Accueil","item":"https:\/\/groupecoiff.com\/"},{"@type":"ListItem","position":2,"name":"Boutique","item":"https:\/\/groupecoiff.com\/en\/boutique\/"},{"@type":"ListItem","position":3,"name":"Table de massage VIRGO 4 Moteurs"}]},{"@type":"WebSite","@id":"https:\/\/groupecoiff.com\/#website","url":"https:\/\/groupecoiff.com\/","name":"Coiff Group","description":"Everything for the hairdresser","publisher":{"@id":"https:\/\/groupecoiff.com\/#organization"},"potentialAction":[{"@type":"SearchAction","target":{"@type":"EntryPoint","urlTemplate":"https:\/\/groupecoiff.com\/?s={search_term_string}"},"query-input":{"@type":"PropertyValueSpecification","valueRequired":true,"valueName":"search_term_string"}}],"inLanguage":"en-US"},{"@type":"Organization","@id":"https:\/\/groupecoiff.com\/#organization","name":"Coiff Group","alternateName":"Groupe Coiff : Le Mobilier De Coiffure Haut de Gamme Pour Une \u00c9l\u00e9gance In\u00e9gal\u00e9e","url":"https:\/\/groupecoiff.com\/","logo":{"@type":"ImageObject","inLanguage":"en-US","@id":"https:\/\/groupecoiff.com\/#\/schema\/logo\/image\/","url":"https:\/\/groupecoiff.com\/wp-content\/uploads\/2024\/01\/cropped-Groupe-Coiff-Logo.webp","contentUrl":"https:\/\/groupecoiff.com\/wp-content\/uploads\/2024\/01\/cropped-Groupe-Coiff-Logo.webp","width":512,"height":512,"caption":"Groupe Coiff"},"image":{"@id":"https:\/\/groupecoiff.com\/#\/schema\/logo\/image\/"},"sameAs":["https:\/\/www.facebook.com\/GroupeCoiff","https:\/\/x.com\/groupecoiff","https:\/\/www.instagram.com\/groupecoiff\/","https:\/\/www.tiktok.com\/@groupecoiff","https:\/\/www.youtube.com\/@groupecoiff","https:\/\/twitter.com\/groupecoiff","https:\/\/www.leboncoin.fr\/boutique\/3961302\/groupe_coiff.htm"],"description":"Discover Groupe Coiff's top-of-the-range hairdressing furniture, combining elegance and functionality to enhance your salon and satisfy your customers.","email":"contact@groupecoiff.com","telephone":"0676951605","legalName":"Groupe Coiff","foundingDate":"2022-11-16","vatID":"FR84921406419","taxID":"92140641900025"}]},"og_availability":"instock","product_availability":"instock","product_condition":"new"},"jetpack_publicize_connections":[],"jetpack_likes_enabled":true,"jetpack_sharing_enabled":true,"_links":{"self":[{"href":"https:\/\/groupecoiff.com\/en\/wp-json\/wp\/v2\/product\/41594","targetHints":{"allow":["GET"]}}],"collection":[{"href":"https:\/\/groupecoiff.com\/en\/wp-json\/wp\/v2\/product"}],"about":[{"href":"https:\/\/groupecoiff.com\/en\/wp-json\/wp\/v2\/types\/product"}],"replies":[{"embeddable":true,"href":"https:\/\/groupecoiff.com\/en\/wp-json\/wp\/v2\/comments?post=41594"}],"version-history":[{"count":0,"href":"https:\/\/groupecoiff.com\/en\/wp-json\/wp\/v2\/product\/41594\/revisions"}],"wp:featuredmedia":[{"embeddable":true,"href":"https:\/\/groupecoiff.com\/en\/wp-json\/wp\/v2\/media\/47934"}],"wp:attachment":[{"href":"https:\/\/groupecoiff.com\/en\/wp-json\/wp\/v2\/media?parent=41594"}],"wp:term":[{"taxonomy":"product_brand","embeddable":true,"href":"https:\/\/groupecoiff.com\/en\/wp-json\/wp\/v2\/product_brand?post=41594"},{"taxonomy":"product_cat","embeddable":true,"href":"https:\/\/groupecoiff.com\/en\/wp-json\/wp\/v2\/product_cat?post=41594"},{"taxonomy":"product_tag","embeddable":true,"href":"https:\/\/groupecoiff.com\/en\/wp-json\/wp\/v2\/product_tag?post=41594"}],"curies":[{"name":"wp","href":"https:\/\/api.w.org\/{rel}","templated":true}]}}