{"id":41828,"date":"2025-04-27T21:21:05","date_gmt":"2025-04-27T19:21:05","guid":{"rendered":"https:\/\/groupecoiff.com\/?post_type=product&#038;p=41828"},"modified":"2026-02-23T11:00:07","modified_gmt":"2026-02-23T10:00:07","slug":"pack-sillon-lux-273b-tabouret-am-304-white","status":"publish","type":"product","link":"https:\/\/groupecoiff.com\/en\/produit\/pack-sillon-lux-273b-tabouret-am-304-white\/","title":{"rendered":"Pack Sillon Lux 273b + Tabouret Am-304 white"},"content":{"rendered":"<ul>\n<li>\n<h3>Pack Fauteuil Esth\u00e9tique avec Tabouret white : \u00c9l\u00e9gance et Confort<\/h3>\n<\/li>\n<\/ul>\n<p>D\u00e9couvrez le pack Sillon Lux 273b + Tabouret Am-304 white, con\u00e7u pour les professionnels exigeants. Cet ensemble combine fonctionnalit\u00e9, ergonomie et design haut de gamme.<\/p>\n<ul>\n<li><strong>Fauteuil de Soins \u00c9lectrique<\/strong><\/li>\n<\/ul>\n<p>Le fauteuil Sillon Lux 273b est \u00e9quip\u00e9 de trois moteurs performants. Ils permettent un r\u00e9glage pr\u00e9cis de la hauteur, du dossier et du repose-pieds.<\/p>\n<ul>\n<li><strong>Personalized Comfort<\/strong><\/li>\n<\/ul>\n<p>La t\u00e9l\u00e9commande filaire permet des ajustements faciles. La position horizontale est parfaite pour le visage ou le corps. Le rev\u00eatement en cuir synth\u00e9tique blanc est r\u00e9sistant \u00e0 l&rsquo;humidit\u00e9 et facile \u00e0 nettoyer. Les accoudoirs pivotants et le repose-t\u00eate ajustable ajoutent un confort personnalis\u00e9.<\/p>\n<ul>\n<li><strong>Tabouret Ergonomique<\/strong><\/li>\n<\/ul>\n<p>Le tabouret offre une assise confortable et un soutien optimal. Sa hauteur est ajustable gr\u00e2ce \u00e0 un syst\u00e8me hydraulique robuste. La base \u00e0 cinq branches garantit une stabilit\u00e9 parfaite. Les roues silencieuses facilitent les d\u00e9placements pendant les soins.<\/p>\n<ul>\n<li><strong>Key benefits<\/strong><\/li>\n<\/ul>\n<ol>\n<li>R\u00e9glages \u00e9lectriques pr\u00e9cis pour le fauteuil<\/li>\n<li>Mat\u00e9riaux durables et r\u00e9sistants<\/li>\n<li>Design moderne et \u00e9l\u00e9gant<\/li>\n<li>Polyvalence pour soins esth\u00e9tiques et massages<\/li>\n<\/ol>","protected":false},"excerpt":{"rendered":"<div class=\"yst-label yst-radio__label yst-flex yst-flex-wrap yst-items-center\">Explorez le pack Sillon Lux 273b + Tabouret Am-304 white, con\u00e7u pour un confort optimal et des r\u00e9glages faciles. Procurez-vous cet ensemble exceptionnel !\u2728<\/div>","protected":false},"featured_media":49911,"comment_status":"open","ping_status":"closed","template":"","meta":{"googlesitekit_rrm_CAow0YCiDA:productID":"","jetpack_publicize_message":"","jetpack_publicize_feature_enabled":true,"jetpack_social_post_already_shared":true,"jetpack_social_options":{"image_generator_settings":{"template":"highway","default_image_id":0,"font":"","enabled":false},"version":2}},"product_brand":[650],"product_cat":[486,61],"product_tag":[369,370,368],"class_list":{"0":"post-41828","1":"product","2":"type-product","3":"status-publish","4":"has-post-thumbnail","6":"product_brand-sillon","7":"product_cat-fauteuil-de-soins-esthetique","8":"product_cat-mobilier-esthetique","9":"product_tag-fauteuil-de-soins-electrique","10":"product_tag-fauteuil-esthetique-electrique","11":"product_tag-mobilier-esthetique-professionnel","13":"first","14":"instock","15":"sale","16":"taxable","17":"shipping-taxable","18":"purchasable","19":"product-type-simple"},"yoast_head":"<!-- This site is optimized with the Yoast SEO Premium plugin v27.5 (Yoast SEO v27.5) - https:\/\/yoast.com\/product\/yoast-seo-premium-wordpress\/ -->\n<title>Pack Sillon Lux 273b + Tabouret Am-304 white Confort Optimal - Groupe Coiff<\/title>\n<meta name=\"description\" content=\"Transformez votre exp\u00e9rience professionnelle avec le pack Sillon Lux 273b + Tabouret Am-304 white. Ne manquez pas ce mobilier haut de gamme ! \u2728\" \/>\n<meta name=\"robots\" content=\"index, follow, max-snippet:-1, max-image-preview:large, max-video-preview:-1\" \/>\n<link rel=\"canonical\" href=\"https:\/\/groupecoiff.com\/en\/product-2\/pack-sillon-lux-273b-tabouret-am-304-white\/\" \/>\n<meta property=\"og:locale\" content=\"en_US\" \/>\n<meta property=\"og:type\" content=\"article\" \/>\n<meta property=\"og:title\" content=\"Pack Sillon Lux 273b + Tabouret Am-304 white\" \/>\n<meta property=\"og:description\" content=\"Transformez votre exp\u00e9rience professionnelle avec le pack Sillon Lux 273b + Tabouret Am-304 white. Ne manquez pas ce mobilier haut de gamme ! \u2728\" \/>\n<meta property=\"og:url\" content=\"https:\/\/groupecoiff.com\/en\/product-2\/pack-sillon-lux-273b-tabouret-am-304-white\/\" \/>\n<meta property=\"og:site_name\" content=\"Groupe Coiff\" \/>\n<meta property=\"article:publisher\" content=\"https:\/\/www.facebook.com\/GroupeCoiff\" \/>\n<meta property=\"article:modified_time\" content=\"2026-02-23T10:00:07+00:00\" \/>\n<meta property=\"og:image\" content=\"https:\/\/groupecoiff.com\/wp-content\/uploads\/2025\/04\/Lux-273b-Tabouret-Am-304-white-1.webp\" \/>\n\t<meta property=\"og:image:width\" content=\"600\" \/>\n\t<meta property=\"og:image:height\" content=\"600\" \/>\n\t<meta property=\"og:image:type\" content=\"image\/webp\" \/>\n<meta name=\"twitter:card\" content=\"summary_large_image\" \/>\n<meta name=\"twitter:site\" content=\"@groupecoiff\" \/>\n<meta name=\"twitter:label1\" content=\"Price\" \/>\n\t<meta name=\"twitter:data1\" content=\"899,00&nbsp;&euro;\" \/>\n\t<meta name=\"twitter:label2\" content=\"Availability\" \/>\n\t<meta name=\"twitter:data2\" content=\"In stock\" \/>\n<script type=\"application\/ld+json\" class=\"yoast-schema-graph\">{\"@context\":\"https:\\\/\\\/schema.org\",\"@graph\":[{\"@type\":\"WebPage\",\"@id\":\"https:\\\/\\\/groupecoiff.com\\\/produit\\\/pack-sillon-lux-273b-tabouret-am-304-white\\\/\",\"url\":\"https:\\\/\\\/groupecoiff.com\\\/produit\\\/pack-sillon-lux-273b-tabouret-am-304-white\\\/\",\"name\":\"Pack Sillon Lux 273b + Tabouret Am-304 white Confort Optimal - Groupe Coiff\",\"isPartOf\":{\"@id\":\"https:\\\/\\\/groupecoiff.com\\\/#website\"},\"primaryImageOfPage\":{\"@id\":\"https:\\\/\\\/groupecoiff.com\\\/produit\\\/pack-sillon-lux-273b-tabouret-am-304-white\\\/#primaryimage\"},\"image\":{\"@id\":\"https:\\\/\\\/groupecoiff.com\\\/produit\\\/pack-sillon-lux-273b-tabouret-am-304-white\\\/#primaryimage\"},\"thumbnailUrl\":\"https:\\\/\\\/groupecoiff.com\\\/wp-content\\\/uploads\\\/2025\\\/04\\\/Lux-273b-Tabouret-Am-304-white-1.webp\",\"datePublished\":\"2025-04-27T19:21:05+00:00\",\"dateModified\":\"2026-02-23T10:00:07+00:00\",\"description\":\"Transformez votre exp\u00e9rience professionnelle avec le pack Sillon Lux 273b + Tabouret Am-304 white. Ne manquez pas ce mobilier haut de gamme ! \u2728\",\"breadcrumb\":{\"@id\":\"https:\\\/\\\/groupecoiff.com\\\/produit\\\/pack-sillon-lux-273b-tabouret-am-304-white\\\/#breadcrumb\"},\"inLanguage\":\"en-US\",\"potentialAction\":[{\"@type\":\"ReadAction\",\"target\":[\"https:\\\/\\\/groupecoiff.com\\\/produit\\\/pack-sillon-lux-273b-tabouret-am-304-white\\\/\"]}]},{\"@type\":\"ImageObject\",\"inLanguage\":\"en-US\",\"@id\":\"https:\\\/\\\/groupecoiff.com\\\/produit\\\/pack-sillon-lux-273b-tabouret-am-304-white\\\/#primaryimage\",\"url\":\"https:\\\/\\\/groupecoiff.com\\\/wp-content\\\/uploads\\\/2025\\\/04\\\/Lux-273b-Tabouret-Am-304-white-1.webp\",\"contentUrl\":\"https:\\\/\\\/groupecoiff.com\\\/wp-content\\\/uploads\\\/2025\\\/04\\\/Lux-273b-Tabouret-Am-304-white-1.webp\",\"width\":600,\"height\":600,\"caption\":\"Pack sillon lux 273b + tabouret am-304 white - pack Sillon Lux 273b - pack fauteuil esth\u00e9tique - mobilier esth\u00e9tique professionnel - Mobilier Esth\u00e9tique Haut de Gamme\"},{\"@type\":\"BreadcrumbList\",\"@id\":\"https:\\\/\\\/groupecoiff.com\\\/produit\\\/pack-sillon-lux-273b-tabouret-am-304-white\\\/#breadcrumb\",\"itemListElement\":[{\"@type\":\"ListItem\",\"position\":1,\"name\":\"Accueil\",\"item\":\"https:\\\/\\\/groupecoiff.com\\\/\"},{\"@type\":\"ListItem\",\"position\":2,\"name\":\"Boutique\",\"item\":\"https:\\\/\\\/groupecoiff.com\\\/en\\\/boutique\\\/\"},{\"@type\":\"ListItem\",\"position\":3,\"name\":\"Pack Sillon Lux 273b + Tabouret Am-304 white\"}]},{\"@type\":\"WebSite\",\"@id\":\"https:\\\/\\\/groupecoiff.com\\\/#website\",\"url\":\"https:\\\/\\\/groupecoiff.com\\\/\",\"name\":\"Groupe Coiff\",\"description\":\"Tout pour la coiffure\",\"publisher\":{\"@id\":\"https:\\\/\\\/groupecoiff.com\\\/#organization\"},\"potentialAction\":[{\"@type\":\"SearchAction\",\"target\":{\"@type\":\"EntryPoint\",\"urlTemplate\":\"https:\\\/\\\/groupecoiff.com\\\/?s={search_term_string}\"},\"query-input\":{\"@type\":\"PropertyValueSpecification\",\"valueRequired\":true,\"valueName\":\"search_term_string\"}}],\"inLanguage\":\"en-US\"},{\"@type\":\"Organization\",\"@id\":\"https:\\\/\\\/groupecoiff.com\\\/#organization\",\"name\":\"Groupe Coiff\",\"alternateName\":\"Groupe Coiff : Le Mobilier De Coiffure Haut de Gamme Pour Une \u00c9l\u00e9gance In\u00e9gal\u00e9e\",\"url\":\"https:\\\/\\\/groupecoiff.com\\\/\",\"logo\":{\"@type\":\"ImageObject\",\"inLanguage\":\"en-US\",\"@id\":\"https:\\\/\\\/groupecoiff.com\\\/#\\\/schema\\\/logo\\\/image\\\/\",\"url\":\"https:\\\/\\\/groupecoiff.com\\\/wp-content\\\/uploads\\\/2024\\\/01\\\/cropped-Groupe-Coiff-Logo.webp\",\"contentUrl\":\"https:\\\/\\\/groupecoiff.com\\\/wp-content\\\/uploads\\\/2024\\\/01\\\/cropped-Groupe-Coiff-Logo.webp\",\"width\":512,\"height\":512,\"caption\":\"Groupe Coiff\"},\"image\":{\"@id\":\"https:\\\/\\\/groupecoiff.com\\\/#\\\/schema\\\/logo\\\/image\\\/\"},\"sameAs\":[\"https:\\\/\\\/www.facebook.com\\\/GroupeCoiff\",\"https:\\\/\\\/x.com\\\/groupecoiff\",\"https:\\\/\\\/www.instagram.com\\\/groupecoiff\\\/\",\"https:\\\/\\\/www.tiktok.com\\\/@groupecoiff\",\"https:\\\/\\\/www.youtube.com\\\/@groupecoiff\",\"https:\\\/\\\/twitter.com\\\/groupecoiff\",\"https:\\\/\\\/www.leboncoin.fr\\\/boutique\\\/3961302\\\/groupe_coiff.htm\"],\"description\":\"D\u00e9couvrez le mobilier de coiffure haut de gamme de Groupe Coiff, alliant \u00e9l\u00e9gance et fonctionnalit\u00e9 pour sublimer votre salon et satisfaire vos clients.\",\"email\":\"contact@groupecoiff.com\",\"telephone\":\"0676951605\",\"legalName\":\"Groupe Coiff\",\"foundingDate\":\"2022-11-16\",\"vatID\":\"FR84921406419\",\"taxID\":\"92140641900025\"}]}<\/script>\n<meta property=\"product:price:amount\" content=\"899.00\" \/>\n<meta property=\"product:price:currency\" content=\"EUR\" \/>\n<meta property=\"og:availability\" content=\"instock\" \/>\n<meta property=\"product:availability\" content=\"instock\" \/>\n<meta property=\"product:condition\" content=\"new\" \/>\n<!-- \/ Yoast SEO Premium plugin. -->","yoast_head_json":{"title":"Pack Sillon Lux 273b + Tabouret Am-304 white Confort Optimal - Groupe Coiff","description":"Transformez votre exp\u00e9rience professionnelle avec le pack Sillon Lux 273b + Tabouret Am-304 white. Ne manquez pas ce mobilier haut de gamme ! \u2728","robots":{"index":"index","follow":"follow","max-snippet":"max-snippet:-1","max-image-preview":"max-image-preview:large","max-video-preview":"max-video-preview:-1"},"canonical":"https:\/\/groupecoiff.com\/en\/product-2\/pack-sillon-lux-273b-tabouret-am-304-white\/","og_locale":"en_US","og_type":"article","og_title":"Pack Sillon Lux 273b + Tabouret Am-304 white","og_description":"Transformez votre exp\u00e9rience professionnelle avec le pack Sillon Lux 273b + Tabouret Am-304 white. Ne manquez pas ce mobilier haut de gamme ! \u2728","og_url":"https:\/\/groupecoiff.com\/en\/product-2\/pack-sillon-lux-273b-tabouret-am-304-white\/","og_site_name":"Groupe Coiff","article_publisher":"https:\/\/www.facebook.com\/GroupeCoiff","article_modified_time":"2026-02-23T10:00:07+00:00","og_image":[{"width":600,"height":600,"url":"https:\/\/groupecoiff.com\/wp-content\/uploads\/2025\/04\/Lux-273b-Tabouret-Am-304-white-1.webp","type":"image\/webp"}],"twitter_card":"summary_large_image","twitter_site":"@groupecoiff","twitter_misc":{"Price":"899,00&nbsp;&euro;","Availability":"In stock"},"schema":{"@context":"https:\/\/schema.org","@graph":[{"@type":"WebPage","@id":"https:\/\/groupecoiff.com\/produit\/pack-sillon-lux-273b-tabouret-am-304-white\/","url":"https:\/\/groupecoiff.com\/produit\/pack-sillon-lux-273b-tabouret-am-304-white\/","name":"Pack Sillon Lux 273b + Tabouret Am-304 white Confort Optimal - Groupe Coiff","isPartOf":{"@id":"https:\/\/groupecoiff.com\/#website"},"primaryImageOfPage":{"@id":"https:\/\/groupecoiff.com\/produit\/pack-sillon-lux-273b-tabouret-am-304-white\/#primaryimage"},"image":{"@id":"https:\/\/groupecoiff.com\/produit\/pack-sillon-lux-273b-tabouret-am-304-white\/#primaryimage"},"thumbnailUrl":"https:\/\/groupecoiff.com\/wp-content\/uploads\/2025\/04\/Lux-273b-Tabouret-Am-304-white-1.webp","datePublished":"2025-04-27T19:21:05+00:00","dateModified":"2026-02-23T10:00:07+00:00","description":"Transformez votre exp\u00e9rience professionnelle avec le pack Sillon Lux 273b + Tabouret Am-304 white. Ne manquez pas ce mobilier haut de gamme ! \u2728","breadcrumb":{"@id":"https:\/\/groupecoiff.com\/produit\/pack-sillon-lux-273b-tabouret-am-304-white\/#breadcrumb"},"inLanguage":"en-US","potentialAction":[{"@type":"ReadAction","target":["https:\/\/groupecoiff.com\/produit\/pack-sillon-lux-273b-tabouret-am-304-white\/"]}]},{"@type":"ImageObject","inLanguage":"en-US","@id":"https:\/\/groupecoiff.com\/produit\/pack-sillon-lux-273b-tabouret-am-304-white\/#primaryimage","url":"https:\/\/groupecoiff.com\/wp-content\/uploads\/2025\/04\/Lux-273b-Tabouret-Am-304-white-1.webp","contentUrl":"https:\/\/groupecoiff.com\/wp-content\/uploads\/2025\/04\/Lux-273b-Tabouret-Am-304-white-1.webp","width":600,"height":600,"caption":"Pack sillon lux 273b + tabouret am-304 white - pack Sillon Lux 273b - pack fauteuil esth\u00e9tique - mobilier esth\u00e9tique professionnel - Mobilier Esth\u00e9tique Haut de Gamme"},{"@type":"BreadcrumbList","@id":"https:\/\/groupecoiff.com\/produit\/pack-sillon-lux-273b-tabouret-am-304-white\/#breadcrumb","itemListElement":[{"@type":"ListItem","position":1,"name":"Accueil","item":"https:\/\/groupecoiff.com\/"},{"@type":"ListItem","position":2,"name":"Boutique","item":"https:\/\/groupecoiff.com\/en\/boutique\/"},{"@type":"ListItem","position":3,"name":"Pack Sillon Lux 273b + Tabouret Am-304 white"}]},{"@type":"WebSite","@id":"https:\/\/groupecoiff.com\/#website","url":"https:\/\/groupecoiff.com\/","name":"Coiff Group","description":"Everything for the hairdresser","publisher":{"@id":"https:\/\/groupecoiff.com\/#organization"},"potentialAction":[{"@type":"SearchAction","target":{"@type":"EntryPoint","urlTemplate":"https:\/\/groupecoiff.com\/?s={search_term_string}"},"query-input":{"@type":"PropertyValueSpecification","valueRequired":true,"valueName":"search_term_string"}}],"inLanguage":"en-US"},{"@type":"Organization","@id":"https:\/\/groupecoiff.com\/#organization","name":"Coiff Group","alternateName":"Groupe Coiff : Le Mobilier De Coiffure Haut de Gamme Pour Une \u00c9l\u00e9gance In\u00e9gal\u00e9e","url":"https:\/\/groupecoiff.com\/","logo":{"@type":"ImageObject","inLanguage":"en-US","@id":"https:\/\/groupecoiff.com\/#\/schema\/logo\/image\/","url":"https:\/\/groupecoiff.com\/wp-content\/uploads\/2024\/01\/cropped-Groupe-Coiff-Logo.webp","contentUrl":"https:\/\/groupecoiff.com\/wp-content\/uploads\/2024\/01\/cropped-Groupe-Coiff-Logo.webp","width":512,"height":512,"caption":"Groupe Coiff"},"image":{"@id":"https:\/\/groupecoiff.com\/#\/schema\/logo\/image\/"},"sameAs":["https:\/\/www.facebook.com\/GroupeCoiff","https:\/\/x.com\/groupecoiff","https:\/\/www.instagram.com\/groupecoiff\/","https:\/\/www.tiktok.com\/@groupecoiff","https:\/\/www.youtube.com\/@groupecoiff","https:\/\/twitter.com\/groupecoiff","https:\/\/www.leboncoin.fr\/boutique\/3961302\/groupe_coiff.htm"],"description":"Discover Groupe Coiff's top-of-the-range hairdressing furniture, combining elegance and functionality to enhance your salon and satisfy your customers.","email":"contact@groupecoiff.com","telephone":"0676951605","legalName":"Groupe Coiff","foundingDate":"2022-11-16","vatID":"FR84921406419","taxID":"92140641900025"}]},"product_price_amount":"899.00","product_price_currency":"EUR","og_availability":"instock","product_availability":"instock","product_condition":"new"},"jetpack_publicize_connections":[],"jetpack_likes_enabled":true,"jetpack_sharing_enabled":true,"_links":{"self":[{"href":"https:\/\/groupecoiff.com\/en\/wp-json\/wp\/v2\/product\/41828","targetHints":{"allow":["GET"]}}],"collection":[{"href":"https:\/\/groupecoiff.com\/en\/wp-json\/wp\/v2\/product"}],"about":[{"href":"https:\/\/groupecoiff.com\/en\/wp-json\/wp\/v2\/types\/product"}],"replies":[{"embeddable":true,"href":"https:\/\/groupecoiff.com\/en\/wp-json\/wp\/v2\/comments?post=41828"}],"version-history":[{"count":2,"href":"https:\/\/groupecoiff.com\/en\/wp-json\/wp\/v2\/product\/41828\/revisions"}],"predecessor-version":[{"id":49910,"href":"https:\/\/groupecoiff.com\/en\/wp-json\/wp\/v2\/product\/41828\/revisions\/49910"}],"wp:featuredmedia":[{"embeddable":true,"href":"https:\/\/groupecoiff.com\/en\/wp-json\/wp\/v2\/media\/49911"}],"wp:attachment":[{"href":"https:\/\/groupecoiff.com\/en\/wp-json\/wp\/v2\/media?parent=41828"}],"wp:term":[{"taxonomy":"product_brand","embeddable":true,"href":"https:\/\/groupecoiff.com\/en\/wp-json\/wp\/v2\/product_brand?post=41828"},{"taxonomy":"product_cat","embeddable":true,"href":"https:\/\/groupecoiff.com\/en\/wp-json\/wp\/v2\/product_cat?post=41828"},{"taxonomy":"product_tag","embeddable":true,"href":"https:\/\/groupecoiff.com\/en\/wp-json\/wp\/v2\/product_tag?post=41828"}],"curies":[{"name":"wp","href":"https:\/\/api.w.org\/{rel}","templated":true}]}}