{"id":42396,"date":"2025-05-24T13:19:03","date_gmt":"2025-05-24T11:19:03","guid":{"rendered":"https:\/\/groupecoiff.com\/?post_type=product&#038;p=42396"},"modified":"2026-03-09T10:44:44","modified_gmt":"2026-03-09T09:44:44","slug":"nuvola-styling-mirror","status":"publish","type":"product","link":"https:\/\/groupecoiff.com\/en\/produit\/miroir-de-coiffure-nuvola\/","title":{"rendered":"Miroir de coiffure NUVOLA"},"content":{"rendered":"<ul>\n<li>\n<h3>NUVOLA Hairdressing Mirror: Illuminate Your Salon with Elegance<\/h3>\n<\/li>\n<\/ul>\n<p>Discover the NUVOLA styling mirror, a must-have for every salon. Its sturdy metal structure and reflective surface create a feeling of space and modernity.<\/p>\n<ul>\n<li><strong>Caract\u00e9ristiques Principales :<\/strong><\/li>\n<\/ul>\n<ol>\n<li>Height: 193 cm<\/li>\n<li>Width: 80 cm<\/li>\n<li>Thickness: 3 cm<\/li>\n<li>Option d&rsquo;\u00e9clairage LED pour cr\u00e9er une ambiance lumineuse et accueillante<\/li>\n<li>Horizontal mounting possible with integrated hooks<\/li>\n<\/ol>\n<ul>\n<li><strong>Functionality and practicality<\/strong><\/li>\n<\/ul>\n<ol>\n<li>Offer your customers a perfect view during treatment<\/li>\n<li>Make eye contact with the stylist while applying products<\/li>\n<\/ol>\n<ul>\n<li><strong>Manufacturing quality and delivery times<\/strong><\/li>\n<\/ul>\n<p>Made in Italy, this professional styling furniture is built to last. Delivery time: 3 to 5 weeks.<\/p>\n<ul>\n<li><strong>Why choose the NUVOLA Hairdressing Mirror?<\/strong><\/li>\n<\/ul>\n<ol>\n<li>A key element in the design of your living room<\/li>\n<li>Adds a modern, elegant touch<\/li>\n<li>Improves the overall aesthetics of your space<\/li>\n<\/ol>\n<ul>\n<li><strong>En r\u00e9sum\u00e9<\/strong><\/li>\n<\/ul>\n<p>In short, the NUVOLA mirror is the perfect choice for combining style and functionality. Give your customers an unforgettable experience while enhancing your living room!<\/p>","protected":false},"excerpt":{"rendered":"<p>Bring a welcoming atmosphere to your living room with the NUVOLA mirror. With its generous dimensions and lighting, it's a must-have! \ud83c\udf1f<\/p>","protected":false},"featured_media":48630,"comment_status":"open","ping_status":"closed","template":"","meta":{"googlesitekit_rrm_CAow0YCiDA:productID":"","jetpack_publicize_message":"","jetpack_publicize_feature_enabled":true,"jetpack_social_post_already_shared":true,"jetpack_social_options":{"image_generator_settings":{"template":"highway","default_image_id":0,"font":"","enabled":false},"version":2}},"product_brand":[559],"product_cat":[313,48],"product_tag":[367,468,535],"class_list":{"0":"post-42396","1":"product","2":"type-product","3":"status-publish","4":"has-post-thumbnail","6":"product_brand-ceriotti","7":"product_cat-meuble-de-coiffure","8":"product_cat-poste-de-coiffage-professionnel","9":"product_tag-coiffeuse-pour-salon-de-coiffure","10":"product_tag-miroir-de-coiffure","11":"product_tag-mobilier-de-coiffure-professionnel","13":"first","14":"instock","15":"taxable","16":"shipping-taxable","17":"purchasable","18":"product-type-simple"},"yoast_head":"<!-- This site is optimized with the Yoast SEO Premium plugin v27.5 (Yoast SEO v27.5) - https:\/\/yoast.com\/product\/yoast-seo-premium-wordpress\/ -->\n<title>Miroir de coiffure NUVOLA: \u00c9l\u00e9gance et Modernit\u00e9 - Groupe Coiff<\/title>\n<meta name=\"description\" content=\"Offrez \u00e0 vos clients une vue parfaite gr\u00e2ce au miroir de coiffure NUVOLA! Profitez de son design en m\u00e9tal et de sa fabrication italienne de qualit\u00e9.\" \/>\n<meta name=\"robots\" content=\"index, follow, max-snippet:-1, max-image-preview:large, max-video-preview:-1\" \/>\n<link rel=\"canonical\" href=\"https:\/\/groupecoiff.com\/en\/product-2\/nuvola-styling-mirror\/\" \/>\n<meta property=\"og:locale\" content=\"en_US\" \/>\n<meta property=\"og:type\" content=\"article\" \/>\n<meta property=\"og:title\" content=\"Miroir de coiffure NUVOLA\" \/>\n<meta property=\"og:description\" content=\"Offrez \u00e0 vos clients une vue parfaite gr\u00e2ce au miroir de coiffure NUVOLA! Profitez de son design en m\u00e9tal et de sa fabrication italienne de qualit\u00e9.\" \/>\n<meta property=\"og:url\" content=\"https:\/\/groupecoiff.com\/en\/product-2\/nuvola-styling-mirror\/\" \/>\n<meta property=\"og:site_name\" content=\"Groupe Coiff\" \/>\n<meta property=\"article:publisher\" content=\"https:\/\/www.facebook.com\/GroupeCoiff\" \/>\n<meta property=\"article:modified_time\" content=\"2026-03-09T09:44:44+00:00\" \/>\n<meta property=\"og:image\" content=\"https:\/\/groupecoiff.com\/wp-content\/uploads\/2025\/05\/NUVOLA-1.webp\" \/>\n\t<meta property=\"og:image:width\" content=\"600\" \/>\n\t<meta property=\"og:image:height\" content=\"644\" \/>\n\t<meta property=\"og:image:type\" content=\"image\/webp\" \/>\n<meta name=\"twitter:card\" content=\"summary_large_image\" \/>\n<meta name=\"twitter:site\" content=\"@groupecoiff\" \/>\n<meta name=\"twitter:label1\" content=\"Price\" \/>\n\t<meta name=\"twitter:data1\" content=\"725,00&nbsp;&euro;\" \/>\n\t<meta name=\"twitter:label2\" content=\"Availability\" \/>\n\t<meta name=\"twitter:data2\" content=\"In stock\" \/>\n<script type=\"application\/ld+json\" class=\"yoast-schema-graph\">{\"@context\":\"https:\\\/\\\/schema.org\",\"@graph\":[{\"@type\":\"WebPage\",\"@id\":\"https:\\\/\\\/groupecoiff.com\\\/produit\\\/miroir-de-coiffure-nuvola\\\/\",\"url\":\"https:\\\/\\\/groupecoiff.com\\\/produit\\\/miroir-de-coiffure-nuvola\\\/\",\"name\":\"Miroir de coiffure NUVOLA: \u00c9l\u00e9gance et Modernit\u00e9 - Groupe Coiff\",\"isPartOf\":{\"@id\":\"https:\\\/\\\/groupecoiff.com\\\/#website\"},\"primaryImageOfPage\":{\"@id\":\"https:\\\/\\\/groupecoiff.com\\\/produit\\\/miroir-de-coiffure-nuvola\\\/#primaryimage\"},\"image\":{\"@id\":\"https:\\\/\\\/groupecoiff.com\\\/produit\\\/miroir-de-coiffure-nuvola\\\/#primaryimage\"},\"thumbnailUrl\":\"https:\\\/\\\/groupecoiff.com\\\/wp-content\\\/uploads\\\/2025\\\/05\\\/NUVOLA-1.webp\",\"datePublished\":\"2025-05-24T11:19:03+00:00\",\"dateModified\":\"2026-03-09T09:44:44+00:00\",\"description\":\"Offrez \u00e0 vos clients une vue parfaite gr\u00e2ce au miroir de coiffure NUVOLA! Profitez de son design en m\u00e9tal et de sa fabrication italienne de qualit\u00e9.\",\"breadcrumb\":{\"@id\":\"https:\\\/\\\/groupecoiff.com\\\/produit\\\/miroir-de-coiffure-nuvola\\\/#breadcrumb\"},\"inLanguage\":\"en-US\",\"potentialAction\":[{\"@type\":\"ReadAction\",\"target\":[\"https:\\\/\\\/groupecoiff.com\\\/produit\\\/miroir-de-coiffure-nuvola\\\/\"]}]},{\"@type\":\"ImageObject\",\"inLanguage\":\"en-US\",\"@id\":\"https:\\\/\\\/groupecoiff.com\\\/produit\\\/miroir-de-coiffure-nuvola\\\/#primaryimage\",\"url\":\"https:\\\/\\\/groupecoiff.com\\\/wp-content\\\/uploads\\\/2025\\\/05\\\/NUVOLA-1.webp\",\"contentUrl\":\"https:\\\/\\\/groupecoiff.com\\\/wp-content\\\/uploads\\\/2025\\\/05\\\/NUVOLA-1.webp\",\"width\":600,\"height\":644,\"caption\":\"Miroir de coiffure nuvola - Poste de coiffage nuvola- Coiffeuse murale nuvola - Poste de coiffage pour salon de coiffure - mobilier de coiffure professionnel - meuble pour pour salon de coiffure - mobilier ceriotti\"},{\"@type\":\"BreadcrumbList\",\"@id\":\"https:\\\/\\\/groupecoiff.com\\\/produit\\\/miroir-de-coiffure-nuvola\\\/#breadcrumb\",\"itemListElement\":[{\"@type\":\"ListItem\",\"position\":1,\"name\":\"Accueil\",\"item\":\"https:\\\/\\\/groupecoiff.com\\\/\"},{\"@type\":\"ListItem\",\"position\":2,\"name\":\"Boutique\",\"item\":\"https:\\\/\\\/groupecoiff.com\\\/en\\\/boutique\\\/\"},{\"@type\":\"ListItem\",\"position\":3,\"name\":\"Miroir de coiffure NUVOLA\"}]},{\"@type\":\"WebSite\",\"@id\":\"https:\\\/\\\/groupecoiff.com\\\/#website\",\"url\":\"https:\\\/\\\/groupecoiff.com\\\/\",\"name\":\"Groupe Coiff\",\"description\":\"Tout pour la coiffure\",\"publisher\":{\"@id\":\"https:\\\/\\\/groupecoiff.com\\\/#organization\"},\"potentialAction\":[{\"@type\":\"SearchAction\",\"target\":{\"@type\":\"EntryPoint\",\"urlTemplate\":\"https:\\\/\\\/groupecoiff.com\\\/?s={search_term_string}\"},\"query-input\":{\"@type\":\"PropertyValueSpecification\",\"valueRequired\":true,\"valueName\":\"search_term_string\"}}],\"inLanguage\":\"en-US\"},{\"@type\":\"Organization\",\"@id\":\"https:\\\/\\\/groupecoiff.com\\\/#organization\",\"name\":\"Groupe Coiff\",\"alternateName\":\"Groupe Coiff : Le Mobilier De Coiffure Haut de Gamme Pour Une \u00c9l\u00e9gance In\u00e9gal\u00e9e\",\"url\":\"https:\\\/\\\/groupecoiff.com\\\/\",\"logo\":{\"@type\":\"ImageObject\",\"inLanguage\":\"en-US\",\"@id\":\"https:\\\/\\\/groupecoiff.com\\\/#\\\/schema\\\/logo\\\/image\\\/\",\"url\":\"https:\\\/\\\/groupecoiff.com\\\/wp-content\\\/uploads\\\/2024\\\/01\\\/cropped-Groupe-Coiff-Logo.webp\",\"contentUrl\":\"https:\\\/\\\/groupecoiff.com\\\/wp-content\\\/uploads\\\/2024\\\/01\\\/cropped-Groupe-Coiff-Logo.webp\",\"width\":512,\"height\":512,\"caption\":\"Groupe Coiff\"},\"image\":{\"@id\":\"https:\\\/\\\/groupecoiff.com\\\/#\\\/schema\\\/logo\\\/image\\\/\"},\"sameAs\":[\"https:\\\/\\\/www.facebook.com\\\/GroupeCoiff\",\"https:\\\/\\\/x.com\\\/groupecoiff\",\"https:\\\/\\\/www.instagram.com\\\/groupecoiff\\\/\",\"https:\\\/\\\/www.tiktok.com\\\/@groupecoiff\",\"https:\\\/\\\/www.youtube.com\\\/@groupecoiff\",\"https:\\\/\\\/twitter.com\\\/groupecoiff\",\"https:\\\/\\\/www.leboncoin.fr\\\/boutique\\\/3961302\\\/groupe_coiff.htm\"],\"description\":\"D\u00e9couvrez le mobilier de coiffure haut de gamme de Groupe Coiff, alliant \u00e9l\u00e9gance et fonctionnalit\u00e9 pour sublimer votre salon et satisfaire vos clients.\",\"email\":\"contact@groupecoiff.com\",\"telephone\":\"0676951605\",\"legalName\":\"Groupe Coiff\",\"foundingDate\":\"2022-11-16\",\"vatID\":\"FR84921406419\",\"taxID\":\"92140641900025\"}]}<\/script>\n<meta property=\"product:price:amount\" content=\"725.00\" \/>\n<meta property=\"product:price:currency\" content=\"EUR\" \/>\n<meta property=\"og:availability\" content=\"instock\" \/>\n<meta property=\"product:availability\" content=\"instock\" \/>\n<meta property=\"product:condition\" content=\"new\" \/>\n<!-- \/ Yoast SEO Premium plugin. -->","yoast_head_json":{"title":"Hairdressing mirror NUVOLA: Elegance and modernity - Groupe Coiff","description":"Give your customers the perfect view with the NUVOLA hairdressing mirror! Enjoy its metal design and quality Italian manufacture.","robots":{"index":"index","follow":"follow","max-snippet":"max-snippet:-1","max-image-preview":"max-image-preview:large","max-video-preview":"max-video-preview:-1"},"canonical":"https:\/\/groupecoiff.com\/en\/product-2\/nuvola-styling-mirror\/","og_locale":"en_US","og_type":"article","og_title":"Miroir de coiffure NUVOLA","og_description":"Offrez \u00e0 vos clients une vue parfaite gr\u00e2ce au miroir de coiffure NUVOLA! Profitez de son design en m\u00e9tal et de sa fabrication italienne de qualit\u00e9.","og_url":"https:\/\/groupecoiff.com\/en\/product-2\/nuvola-styling-mirror\/","og_site_name":"Groupe Coiff","article_publisher":"https:\/\/www.facebook.com\/GroupeCoiff","article_modified_time":"2026-03-09T09:44:44+00:00","og_image":[{"width":600,"height":644,"url":"https:\/\/groupecoiff.com\/wp-content\/uploads\/2025\/05\/NUVOLA-1.webp","type":"image\/webp"}],"twitter_card":"summary_large_image","twitter_site":"@groupecoiff","twitter_misc":{"Price":"725,00&nbsp;&euro;","Availability":"In stock"},"schema":{"@context":"https:\/\/schema.org","@graph":[{"@type":"WebPage","@id":"https:\/\/groupecoiff.com\/produit\/miroir-de-coiffure-nuvola\/","url":"https:\/\/groupecoiff.com\/produit\/miroir-de-coiffure-nuvola\/","name":"Hairdressing mirror NUVOLA: Elegance and modernity - Groupe Coiff","isPartOf":{"@id":"https:\/\/groupecoiff.com\/#website"},"primaryImageOfPage":{"@id":"https:\/\/groupecoiff.com\/produit\/miroir-de-coiffure-nuvola\/#primaryimage"},"image":{"@id":"https:\/\/groupecoiff.com\/produit\/miroir-de-coiffure-nuvola\/#primaryimage"},"thumbnailUrl":"https:\/\/groupecoiff.com\/wp-content\/uploads\/2025\/05\/NUVOLA-1.webp","datePublished":"2025-05-24T11:19:03+00:00","dateModified":"2026-03-09T09:44:44+00:00","description":"Give your customers the perfect view with the NUVOLA hairdressing mirror! Enjoy its metal design and quality Italian manufacture.","breadcrumb":{"@id":"https:\/\/groupecoiff.com\/produit\/miroir-de-coiffure-nuvola\/#breadcrumb"},"inLanguage":"en-US","potentialAction":[{"@type":"ReadAction","target":["https:\/\/groupecoiff.com\/produit\/miroir-de-coiffure-nuvola\/"]}]},{"@type":"ImageObject","inLanguage":"en-US","@id":"https:\/\/groupecoiff.com\/produit\/miroir-de-coiffure-nuvola\/#primaryimage","url":"https:\/\/groupecoiff.com\/wp-content\/uploads\/2025\/05\/NUVOLA-1.webp","contentUrl":"https:\/\/groupecoiff.com\/wp-content\/uploads\/2025\/05\/NUVOLA-1.webp","width":600,"height":644,"caption":"Miroir de coiffure nuvola - Poste de coiffage nuvola- Coiffeuse murale nuvola - Poste de coiffage pour salon de coiffure - mobilier de coiffure professionnel - meuble pour pour salon de coiffure - mobilier ceriotti"},{"@type":"BreadcrumbList","@id":"https:\/\/groupecoiff.com\/produit\/miroir-de-coiffure-nuvola\/#breadcrumb","itemListElement":[{"@type":"ListItem","position":1,"name":"Accueil","item":"https:\/\/groupecoiff.com\/"},{"@type":"ListItem","position":2,"name":"Boutique","item":"https:\/\/groupecoiff.com\/en\/boutique\/"},{"@type":"ListItem","position":3,"name":"Miroir de coiffure NUVOLA"}]},{"@type":"WebSite","@id":"https:\/\/groupecoiff.com\/#website","url":"https:\/\/groupecoiff.com\/","name":"Coiff Group","description":"Everything for the hairdresser","publisher":{"@id":"https:\/\/groupecoiff.com\/#organization"},"potentialAction":[{"@type":"SearchAction","target":{"@type":"EntryPoint","urlTemplate":"https:\/\/groupecoiff.com\/?s={search_term_string}"},"query-input":{"@type":"PropertyValueSpecification","valueRequired":true,"valueName":"search_term_string"}}],"inLanguage":"en-US"},{"@type":"Organization","@id":"https:\/\/groupecoiff.com\/#organization","name":"Coiff Group","alternateName":"Groupe Coiff : Le Mobilier De Coiffure Haut de Gamme Pour Une \u00c9l\u00e9gance In\u00e9gal\u00e9e","url":"https:\/\/groupecoiff.com\/","logo":{"@type":"ImageObject","inLanguage":"en-US","@id":"https:\/\/groupecoiff.com\/#\/schema\/logo\/image\/","url":"https:\/\/groupecoiff.com\/wp-content\/uploads\/2024\/01\/cropped-Groupe-Coiff-Logo.webp","contentUrl":"https:\/\/groupecoiff.com\/wp-content\/uploads\/2024\/01\/cropped-Groupe-Coiff-Logo.webp","width":512,"height":512,"caption":"Groupe Coiff"},"image":{"@id":"https:\/\/groupecoiff.com\/#\/schema\/logo\/image\/"},"sameAs":["https:\/\/www.facebook.com\/GroupeCoiff","https:\/\/x.com\/groupecoiff","https:\/\/www.instagram.com\/groupecoiff\/","https:\/\/www.tiktok.com\/@groupecoiff","https:\/\/www.youtube.com\/@groupecoiff","https:\/\/twitter.com\/groupecoiff","https:\/\/www.leboncoin.fr\/boutique\/3961302\/groupe_coiff.htm"],"description":"Discover Groupe Coiff's top-of-the-range hairdressing furniture, combining elegance and functionality to enhance your salon and satisfy your customers.","email":"contact@groupecoiff.com","telephone":"0676951605","legalName":"Groupe Coiff","foundingDate":"2022-11-16","vatID":"FR84921406419","taxID":"92140641900025"}]},"product_price_amount":"725.00","product_price_currency":"EUR","og_availability":"instock","product_availability":"instock","product_condition":"new"},"jetpack_publicize_connections":[],"jetpack_likes_enabled":true,"jetpack_sharing_enabled":true,"_links":{"self":[{"href":"https:\/\/groupecoiff.com\/en\/wp-json\/wp\/v2\/product\/42396","targetHints":{"allow":["GET"]}}],"collection":[{"href":"https:\/\/groupecoiff.com\/en\/wp-json\/wp\/v2\/product"}],"about":[{"href":"https:\/\/groupecoiff.com\/en\/wp-json\/wp\/v2\/types\/product"}],"replies":[{"embeddable":true,"href":"https:\/\/groupecoiff.com\/en\/wp-json\/wp\/v2\/comments?post=42396"}],"version-history":[{"count":2,"href":"https:\/\/groupecoiff.com\/en\/wp-json\/wp\/v2\/product\/42396\/revisions"}],"predecessor-version":[{"id":50861,"href":"https:\/\/groupecoiff.com\/en\/wp-json\/wp\/v2\/product\/42396\/revisions\/50861"}],"wp:featuredmedia":[{"embeddable":true,"href":"https:\/\/groupecoiff.com\/en\/wp-json\/wp\/v2\/media\/48630"}],"wp:attachment":[{"href":"https:\/\/groupecoiff.com\/en\/wp-json\/wp\/v2\/media?parent=42396"}],"wp:term":[{"taxonomy":"product_brand","embeddable":true,"href":"https:\/\/groupecoiff.com\/en\/wp-json\/wp\/v2\/product_brand?post=42396"},{"taxonomy":"product_cat","embeddable":true,"href":"https:\/\/groupecoiff.com\/en\/wp-json\/wp\/v2\/product_cat?post=42396"},{"taxonomy":"product_tag","embeddable":true,"href":"https:\/\/groupecoiff.com\/en\/wp-json\/wp\/v2\/product_tag?post=42396"}],"curies":[{"name":"wp","href":"https:\/\/api.w.org\/{rel}","templated":true}]}}