{"id":42549,"date":"2025-06-13T23:35:09","date_gmt":"2025-06-13T21:35:09","guid":{"rendered":"https:\/\/groupecoiff.com\/?post_type=product&#038;p=42549"},"modified":"2025-10-06T14:02:38","modified_gmt":"2025-10-06T12:02:38","slug":"bac-a-shampoing-prisma-ceriotti","status":"publish","type":"product","link":"https:\/\/groupecoiff.com\/en\/produit\/bac-a-shampoing-prisma-ceriotti\/","title":{"rendered":"Bac \u00e0 shampoing Prisma Ceriotti"},"content":{"rendered":"<ul>\n<li>\n<h4>Prisma Ceriotti Shampoo Tray: Absolute Elegance and Comfort<\/h4>\n<\/li>\n<\/ul>\n<p>Discover the Prisma Ceriotti shampoo tub, the perfect solution for modern salons. This model combines comfort, innovation and aesthetics, offering an unrivalled washing experience.<\/p>\n<ul>\n<li><strong>Three versions to meet all your needs<\/strong><\/li>\n<\/ul>\n<ol>\n<li>Basic version: Ideal for everyday use, with a tilting ceramic basin.<\/li>\n<li>Relax version: Equipped with an electric leg rest for added comfort during hair care.<\/li>\n<li>Luxury version: Includes electric leg rest and Shiatsu massage function for optimum relaxation.<\/li>\n<\/ol>\n<ul>\n<li><strong>Reclining For Total Relaxation<\/strong><\/li>\n<\/ul>\n<p>This wash basin allows you to lie down, taking the strain off your neck and legs. Its basin adapts perfectly to all body shapes, ensuring maximum comfort.<\/p>\n<ul>\n<li><strong>Durable and Aesthetic Professional Hairdressing Furniture<\/strong><\/li>\n<\/ul>\n<p>Made from fiberglass, this professional styling furniture is both sturdy and elegant. The hard-wearing skai upholstery is available in a range of colors, offering customization to match your d\u00e9cor. Ceriotti's Italian quality guarantees an impeccable finish.<\/p>\n<ul>\n<li><strong>Well-thought-out features for hairdressers<\/strong><\/li>\n<\/ul>\n<ol>\n<li>Drip-free taps<\/li>\n<li>Soft hand shower<\/li>\n<li>Quick-drain system<\/li>\n<\/ol>\n<ul>\n<li><strong>Customize your massaging wash tub<\/strong><\/li>\n<\/ul>\n<ol>\n<li>Motorized legrest (Relax and Luxe versions)<\/li>\n<li>Shiatsu massage function (Luxury version)<\/li>\n<li>Silicone neck support<\/li>\n<li>Black or white basin<\/li>\n<li>Embroidered or embossed logo<\/li>\n<\/ol>\n<ul>\n<li><strong>Technical information and delivery times<\/strong><\/li>\n<\/ul>\n<p><strong>Dimensions<\/strong> Width 97 cm, depth 135 to 171 cm (legs up), height 101 cm.<br \/>\nEach bin is made to order, with a delivery time of 3 to 4 weeks.<\/p>\n<p>In short, the Prisma Ceriotti shampoo container is the ideal choice for combining style and functionality. Offer your customers a memorable washing experience while optimizing your workspace.<\/p>","protected":false},"excerpt":{"rendered":"<p class=\"ai-optimize-26\">Transformez l&rsquo;exp\u00e9rience de lavage avec le bac \u00e0 shampoing Prisma Ceriotti. Sa qualit\u00e9 italienne et son design raffin\u00e9 s\u2019adaptent \u00e0 toutes les morphologies !\u2728<\/p>","protected":false},"featured_media":45540,"comment_status":"open","ping_status":"closed","template":"","meta":{"googlesitekit_rrm_CAow0YCiDA:productID":"","jetpack_post_was_ever_published":false,"jetpack_publicize_message":"","jetpack_publicize_feature_enabled":true,"jetpack_social_post_already_shared":true,"jetpack_social_options":{"image_generator_settings":{"template":"highway","default_image_id":0,"font":"","enabled":false},"version":2}},"product_brand":[559],"product_cat":[44,313],"product_tag":[323,322,324,125],"class_list":{"0":"post-42549","1":"product","2":"type-product","3":"status-publish","4":"has-post-thumbnail","6":"product_brand-ceriotti","7":"product_cat-bac-de-lavage","8":"product_cat-meuble-de-coiffure","9":"product_tag-bac-a-shampoing","10":"product_tag-bac-de-lavage","11":"product_tag-meuble-de-coiffure-professionnel","12":"product_tag-salon-de-coiffure","14":"first","15":"instock","16":"taxable","17":"shipping-taxable","18":"purchasable","19":"product-type-simple"},"yoast_head":"<!-- This site is optimized with the Yoast SEO Premium plugin v27.4 (Yoast SEO v27.4) - https:\/\/yoast.com\/product\/yoast-seo-premium-wordpress\/ -->\n<title>Bac \u00e0 shampoing Prisma Ceriotti: Innovation et Design - Groupe Coiff<\/title>\n<meta name=\"description\" content=\"Offrez \u00e0 vos clients un confort ultime avec le bac \u00e0 shampoing Prisma Ceriotti, parfait pour les salons modernes. D\u00e9couvrez ce mod\u00e8le innovant !\u2728\" \/>\n<meta name=\"robots\" content=\"index, follow, max-snippet:-1, max-image-preview:large, max-video-preview:-1\" \/>\n<link rel=\"canonical\" href=\"https:\/\/groupecoiff.com\/en\/product-2\/bac-a-shampoing-prisma-ceriotti\/\" \/>\n<meta property=\"og:locale\" content=\"en_US\" \/>\n<meta property=\"og:type\" content=\"article\" \/>\n<meta property=\"og:title\" content=\"Bac \u00e0 shampoing Prisma Ceriotti\" \/>\n<meta property=\"og:description\" content=\"Offrez \u00e0 vos clients un confort ultime avec le bac \u00e0 shampoing Prisma Ceriotti, parfait pour les salons modernes. D\u00e9couvrez ce mod\u00e8le innovant !\u2728\" \/>\n<meta property=\"og:url\" content=\"https:\/\/groupecoiff.com\/en\/product-2\/bac-a-shampoing-prisma-ceriotti\/\" \/>\n<meta property=\"og:site_name\" content=\"Groupe Coiff\" \/>\n<meta property=\"article:publisher\" content=\"https:\/\/www.facebook.com\/GroupeCoiff\" \/>\n<meta property=\"article:modified_time\" content=\"2025-10-06T12:02:38+00:00\" \/>\n<meta property=\"og:image\" content=\"https:\/\/groupecoiff.com\/wp-content\/uploads\/2025\/06\/Prisma_Relax-1-2.webp\" \/>\n\t<meta property=\"og:image:width\" content=\"1200\" \/>\n\t<meta property=\"og:image:height\" content=\"1200\" \/>\n\t<meta property=\"og:image:type\" content=\"image\/webp\" \/>\n<meta name=\"twitter:card\" content=\"summary_large_image\" \/>\n<meta name=\"twitter:site\" content=\"@groupecoiff\" \/>\n<meta name=\"twitter:label1\" content=\"Price\" \/>\n\t<meta name=\"twitter:data1\" content=\"1399,00&nbsp;&euro;\" \/>\n\t<meta name=\"twitter:label2\" content=\"Availability\" \/>\n\t<meta name=\"twitter:data2\" content=\"In stock\" \/>\n<script type=\"application\/ld+json\" class=\"yoast-schema-graph\">{\"@context\":\"https:\\\/\\\/schema.org\",\"@graph\":[{\"@type\":\"WebPage\",\"@id\":\"https:\\\/\\\/groupecoiff.com\\\/produit\\\/bac-a-shampoing-prisma-ceriotti\\\/\",\"url\":\"https:\\\/\\\/groupecoiff.com\\\/produit\\\/bac-a-shampoing-prisma-ceriotti\\\/\",\"name\":\"Bac \u00e0 shampoing Prisma Ceriotti: Innovation et Design - Groupe Coiff\",\"isPartOf\":{\"@id\":\"https:\\\/\\\/groupecoiff.com\\\/#website\"},\"primaryImageOfPage\":{\"@id\":\"https:\\\/\\\/groupecoiff.com\\\/produit\\\/bac-a-shampoing-prisma-ceriotti\\\/#primaryimage\"},\"image\":{\"@id\":\"https:\\\/\\\/groupecoiff.com\\\/produit\\\/bac-a-shampoing-prisma-ceriotti\\\/#primaryimage\"},\"thumbnailUrl\":\"https:\\\/\\\/groupecoiff.com\\\/wp-content\\\/uploads\\\/2025\\\/06\\\/Prisma_Relax-1-2.webp\",\"datePublished\":\"2025-06-13T21:35:09+00:00\",\"dateModified\":\"2025-10-06T12:02:38+00:00\",\"description\":\"Offrez \u00e0 vos clients un confort ultime avec le bac \u00e0 shampoing Prisma Ceriotti, parfait pour les salons modernes. D\u00e9couvrez ce mod\u00e8le innovant !\u2728\",\"breadcrumb\":{\"@id\":\"https:\\\/\\\/groupecoiff.com\\\/produit\\\/bac-a-shampoing-prisma-ceriotti\\\/#breadcrumb\"},\"inLanguage\":\"en-US\",\"potentialAction\":[{\"@type\":\"ReadAction\",\"target\":[\"https:\\\/\\\/groupecoiff.com\\\/produit\\\/bac-a-shampoing-prisma-ceriotti\\\/\"]}]},{\"@type\":\"ImageObject\",\"inLanguage\":\"en-US\",\"@id\":\"https:\\\/\\\/groupecoiff.com\\\/produit\\\/bac-a-shampoing-prisma-ceriotti\\\/#primaryimage\",\"url\":\"https:\\\/\\\/groupecoiff.com\\\/wp-content\\\/uploads\\\/2025\\\/06\\\/Prisma_Relax-1-2.webp\",\"contentUrl\":\"https:\\\/\\\/groupecoiff.com\\\/wp-content\\\/uploads\\\/2025\\\/06\\\/Prisma_Relax-1-2.webp\",\"width\":1200,\"height\":1200,\"caption\":\"Bac \u00e0 shampoing prisma ceriotti - Bac de lavage massant - Mobilier de coiffure professionnel - bac de lavage pour salon de coiffure - bac de lavage prisma ceriotti\"},{\"@type\":\"BreadcrumbList\",\"@id\":\"https:\\\/\\\/groupecoiff.com\\\/produit\\\/bac-a-shampoing-prisma-ceriotti\\\/#breadcrumb\",\"itemListElement\":[{\"@type\":\"ListItem\",\"position\":1,\"name\":\"Accueil\",\"item\":\"https:\\\/\\\/groupecoiff.com\\\/\"},{\"@type\":\"ListItem\",\"position\":2,\"name\":\"Boutique\",\"item\":\"https:\\\/\\\/groupecoiff.com\\\/boutique\\\/\"},{\"@type\":\"ListItem\",\"position\":3,\"name\":\"Bac \u00e0 shampoing Prisma Ceriotti\"}]},{\"@type\":\"WebSite\",\"@id\":\"https:\\\/\\\/groupecoiff.com\\\/#website\",\"url\":\"https:\\\/\\\/groupecoiff.com\\\/\",\"name\":\"Groupe Coiff\",\"description\":\"Tout pour la coiffure\",\"publisher\":{\"@id\":\"https:\\\/\\\/groupecoiff.com\\\/#organization\"},\"potentialAction\":[{\"@type\":\"SearchAction\",\"target\":{\"@type\":\"EntryPoint\",\"urlTemplate\":\"https:\\\/\\\/groupecoiff.com\\\/?s={search_term_string}\"},\"query-input\":{\"@type\":\"PropertyValueSpecification\",\"valueRequired\":true,\"valueName\":\"search_term_string\"}}],\"inLanguage\":\"en-US\"},{\"@type\":\"Organization\",\"@id\":\"https:\\\/\\\/groupecoiff.com\\\/#organization\",\"name\":\"Groupe Coiff\",\"alternateName\":\"Groupe Coiff : Le Mobilier De Coiffure Haut de Gamme Pour Une \u00c9l\u00e9gance In\u00e9gal\u00e9e\",\"url\":\"https:\\\/\\\/groupecoiff.com\\\/\",\"logo\":{\"@type\":\"ImageObject\",\"inLanguage\":\"en-US\",\"@id\":\"https:\\\/\\\/groupecoiff.com\\\/#\\\/schema\\\/logo\\\/image\\\/\",\"url\":\"https:\\\/\\\/groupecoiff.com\\\/wp-content\\\/uploads\\\/2024\\\/01\\\/cropped-Groupe-Coiff-Logo.webp\",\"contentUrl\":\"https:\\\/\\\/groupecoiff.com\\\/wp-content\\\/uploads\\\/2024\\\/01\\\/cropped-Groupe-Coiff-Logo.webp\",\"width\":512,\"height\":512,\"caption\":\"Groupe Coiff\"},\"image\":{\"@id\":\"https:\\\/\\\/groupecoiff.com\\\/#\\\/schema\\\/logo\\\/image\\\/\"},\"sameAs\":[\"https:\\\/\\\/www.facebook.com\\\/GroupeCoiff\",\"https:\\\/\\\/x.com\\\/groupecoiff\",\"https:\\\/\\\/www.instagram.com\\\/groupecoiff\\\/\",\"https:\\\/\\\/www.tiktok.com\\\/@groupecoiff\",\"https:\\\/\\\/www.youtube.com\\\/@groupecoiff\",\"https:\\\/\\\/twitter.com\\\/groupecoiff\",\"https:\\\/\\\/www.leboncoin.fr\\\/boutique\\\/3961302\\\/groupe_coiff.htm\"],\"description\":\"D\u00e9couvrez le mobilier de coiffure haut de gamme de Groupe Coiff, alliant \u00e9l\u00e9gance et fonctionnalit\u00e9 pour sublimer votre salon et satisfaire vos clients.\",\"email\":\"contact@groupecoiff.com\",\"telephone\":\"0676951605\",\"legalName\":\"Groupe Coiff\",\"foundingDate\":\"2022-11-16\",\"vatID\":\"FR84921406419\",\"taxID\":\"92140641900025\"}]}<\/script>\n<meta property=\"product:price:amount\" content=\"1399.00\" \/>\n<meta property=\"product:price:currency\" content=\"EUR\" \/>\n<meta property=\"og:availability\" content=\"instock\" \/>\n<meta property=\"product:availability\" content=\"instock\" \/>\n<meta property=\"product:condition\" content=\"new\" \/>\n<!-- \/ Yoast SEO Premium plugin. -->","yoast_head_json":{"title":"Bac \u00e0 shampoing Prisma Ceriotti: Innovation et Design - Groupe Coiff","description":"Offrez \u00e0 vos clients un confort ultime avec le bac \u00e0 shampoing Prisma Ceriotti, parfait pour les salons modernes. D\u00e9couvrez ce mod\u00e8le innovant !\u2728","robots":{"index":"index","follow":"follow","max-snippet":"max-snippet:-1","max-image-preview":"max-image-preview:large","max-video-preview":"max-video-preview:-1"},"canonical":"https:\/\/groupecoiff.com\/en\/product-2\/bac-a-shampoing-prisma-ceriotti\/","og_locale":"en_US","og_type":"article","og_title":"Bac \u00e0 shampoing Prisma Ceriotti","og_description":"Offrez \u00e0 vos clients un confort ultime avec le bac \u00e0 shampoing Prisma Ceriotti, parfait pour les salons modernes. D\u00e9couvrez ce mod\u00e8le innovant !\u2728","og_url":"https:\/\/groupecoiff.com\/en\/product-2\/bac-a-shampoing-prisma-ceriotti\/","og_site_name":"Groupe Coiff","article_publisher":"https:\/\/www.facebook.com\/GroupeCoiff","article_modified_time":"2025-10-06T12:02:38+00:00","og_image":[{"width":1200,"height":1200,"url":"https:\/\/groupecoiff.com\/wp-content\/uploads\/2025\/06\/Prisma_Relax-1-2.webp","type":"image\/webp"}],"twitter_card":"summary_large_image","twitter_site":"@groupecoiff","twitter_misc":{"Price":"1399,00&nbsp;&euro;","Availability":"In stock"},"schema":{"@context":"https:\/\/schema.org","@graph":[{"@type":"WebPage","@id":"https:\/\/groupecoiff.com\/produit\/bac-a-shampoing-prisma-ceriotti\/","url":"https:\/\/groupecoiff.com\/produit\/bac-a-shampoing-prisma-ceriotti\/","name":"Bac \u00e0 shampoing Prisma Ceriotti: Innovation et Design - Groupe Coiff","isPartOf":{"@id":"https:\/\/groupecoiff.com\/#website"},"primaryImageOfPage":{"@id":"https:\/\/groupecoiff.com\/produit\/bac-a-shampoing-prisma-ceriotti\/#primaryimage"},"image":{"@id":"https:\/\/groupecoiff.com\/produit\/bac-a-shampoing-prisma-ceriotti\/#primaryimage"},"thumbnailUrl":"https:\/\/groupecoiff.com\/wp-content\/uploads\/2025\/06\/Prisma_Relax-1-2.webp","datePublished":"2025-06-13T21:35:09+00:00","dateModified":"2025-10-06T12:02:38+00:00","description":"Offrez \u00e0 vos clients un confort ultime avec le bac \u00e0 shampoing Prisma Ceriotti, parfait pour les salons modernes. D\u00e9couvrez ce mod\u00e8le innovant !\u2728","breadcrumb":{"@id":"https:\/\/groupecoiff.com\/produit\/bac-a-shampoing-prisma-ceriotti\/#breadcrumb"},"inLanguage":"en-US","potentialAction":[{"@type":"ReadAction","target":["https:\/\/groupecoiff.com\/produit\/bac-a-shampoing-prisma-ceriotti\/"]}]},{"@type":"ImageObject","inLanguage":"en-US","@id":"https:\/\/groupecoiff.com\/produit\/bac-a-shampoing-prisma-ceriotti\/#primaryimage","url":"https:\/\/groupecoiff.com\/wp-content\/uploads\/2025\/06\/Prisma_Relax-1-2.webp","contentUrl":"https:\/\/groupecoiff.com\/wp-content\/uploads\/2025\/06\/Prisma_Relax-1-2.webp","width":1200,"height":1200,"caption":"Bac \u00e0 shampoing prisma ceriotti - Bac de lavage massant - Mobilier de coiffure professionnel - bac de lavage pour salon de coiffure - bac de lavage prisma ceriotti"},{"@type":"BreadcrumbList","@id":"https:\/\/groupecoiff.com\/produit\/bac-a-shampoing-prisma-ceriotti\/#breadcrumb","itemListElement":[{"@type":"ListItem","position":1,"name":"Accueil","item":"https:\/\/groupecoiff.com\/"},{"@type":"ListItem","position":2,"name":"Boutique","item":"https:\/\/groupecoiff.com\/boutique\/"},{"@type":"ListItem","position":3,"name":"Bac \u00e0 shampoing Prisma Ceriotti"}]},{"@type":"WebSite","@id":"https:\/\/groupecoiff.com\/#website","url":"https:\/\/groupecoiff.com\/","name":"Coiff Group","description":"Everything for the hairdresser","publisher":{"@id":"https:\/\/groupecoiff.com\/#organization"},"potentialAction":[{"@type":"SearchAction","target":{"@type":"EntryPoint","urlTemplate":"https:\/\/groupecoiff.com\/?s={search_term_string}"},"query-input":{"@type":"PropertyValueSpecification","valueRequired":true,"valueName":"search_term_string"}}],"inLanguage":"en-US"},{"@type":"Organization","@id":"https:\/\/groupecoiff.com\/#organization","name":"Coiff Group","alternateName":"Groupe Coiff : Le Mobilier De Coiffure Haut de Gamme Pour Une \u00c9l\u00e9gance In\u00e9gal\u00e9e","url":"https:\/\/groupecoiff.com\/","logo":{"@type":"ImageObject","inLanguage":"en-US","@id":"https:\/\/groupecoiff.com\/#\/schema\/logo\/image\/","url":"https:\/\/groupecoiff.com\/wp-content\/uploads\/2024\/01\/cropped-Groupe-Coiff-Logo.webp","contentUrl":"https:\/\/groupecoiff.com\/wp-content\/uploads\/2024\/01\/cropped-Groupe-Coiff-Logo.webp","width":512,"height":512,"caption":"Groupe Coiff"},"image":{"@id":"https:\/\/groupecoiff.com\/#\/schema\/logo\/image\/"},"sameAs":["https:\/\/www.facebook.com\/GroupeCoiff","https:\/\/x.com\/groupecoiff","https:\/\/www.instagram.com\/groupecoiff\/","https:\/\/www.tiktok.com\/@groupecoiff","https:\/\/www.youtube.com\/@groupecoiff","https:\/\/twitter.com\/groupecoiff","https:\/\/www.leboncoin.fr\/boutique\/3961302\/groupe_coiff.htm"],"description":"Discover Groupe Coiff's top-of-the-range hairdressing furniture, combining elegance and functionality to enhance your salon and satisfy your customers.","email":"contact@groupecoiff.com","telephone":"0676951605","legalName":"Groupe Coiff","foundingDate":"2022-11-16","vatID":"FR84921406419","taxID":"92140641900025"}]},"product_price_amount":"1399.00","product_price_currency":"EUR","og_availability":"instock","product_availability":"instock","product_condition":"new"},"jetpack_publicize_connections":[],"jetpack_likes_enabled":true,"jetpack_sharing_enabled":true,"_links":{"self":[{"href":"https:\/\/groupecoiff.com\/en\/wp-json\/wp\/v2\/product\/42549","targetHints":{"allow":["GET"]}}],"collection":[{"href":"https:\/\/groupecoiff.com\/en\/wp-json\/wp\/v2\/product"}],"about":[{"href":"https:\/\/groupecoiff.com\/en\/wp-json\/wp\/v2\/types\/product"}],"replies":[{"embeddable":true,"href":"https:\/\/groupecoiff.com\/en\/wp-json\/wp\/v2\/comments?post=42549"}],"version-history":[{"count":0,"href":"https:\/\/groupecoiff.com\/en\/wp-json\/wp\/v2\/product\/42549\/revisions"}],"wp:featuredmedia":[{"embeddable":true,"href":"https:\/\/groupecoiff.com\/en\/wp-json\/wp\/v2\/media\/45540"}],"wp:attachment":[{"href":"https:\/\/groupecoiff.com\/en\/wp-json\/wp\/v2\/media?parent=42549"}],"wp:term":[{"taxonomy":"product_brand","embeddable":true,"href":"https:\/\/groupecoiff.com\/en\/wp-json\/wp\/v2\/product_brand?post=42549"},{"taxonomy":"product_cat","embeddable":true,"href":"https:\/\/groupecoiff.com\/en\/wp-json\/wp\/v2\/product_cat?post=42549"},{"taxonomy":"product_tag","embeddable":true,"href":"https:\/\/groupecoiff.com\/en\/wp-json\/wp\/v2\/product_tag?post=42549"}],"curies":[{"name":"wp","href":"https:\/\/api.w.org\/{rel}","templated":true}]}}