{"id":43271,"date":"2025-07-20T12:28:27","date_gmt":"2025-07-20T10:28:27","guid":{"rendered":"https:\/\/groupecoiff.com\/?post_type=product&#038;p=43271"},"modified":"2026-05-03T19:03:01","modified_gmt":"2026-05-03T17:03:01","slug":"chariot-de-coiffure-gracie","status":"publish","type":"product","link":"https:\/\/groupecoiff.com\/en\/produit\/chariot-de-coiffure-gracie\/","title":{"rendered":"Chariot de coiffure Gracie"},"content":{"rendered":"<h3>Chariot de Coiffure GRACIE : L&rsquo;Organisation Ultime de Votre Salon<\/h3>\n<div class=\"container\">\n<p>Optimisez l&rsquo;efficacit\u00e9 de votre espace. Le Chariot de coiffure Gracie, en noir et or, est la solution id\u00e9ale. Il combine \u00e9l\u00e9gance et fonctionnalit\u00e9. Il facilite grandement l&rsquo;organisation de votre travail. C&rsquo;est un v\u00e9ritable atout.<\/p>\n<h4><strong>Une Solution de Rangement Intelligente<\/strong><\/h4>\n<p>Ce Chariot de rangement est con\u00e7u pour la praticit\u00e9. Il est \u00e9quip\u00e9 de deux tiroirs spacieux. Une \u00e9tag\u00e8re ouverte offre un espace de rangement suppl\u00e9mentaire. Stockez facilement tous vos produits et outils n\u00e9cessaires. Tout reste \u00e0 port\u00e9e de main.<\/p>\n<h4><strong>Acc\u00e8s Facile aux Outils Essentiels<\/strong><\/h4>\n<p>Sur la partie sup\u00e9rieure, trouvez deux supports astucieux. Ils sont adapt\u00e9s \u00e0 la plupart des s\u00e8che-cheveux. Vous pouvez aussi y ranger d&rsquo;autres \u00e9quipements. L&rsquo;acc\u00e8s \u00e0 vos outils est direct pendant les services. Gagnez en rapidit\u00e9.<\/p>\n<h4><strong>Design Sophistiqu\u00e9 et Durabilit\u00e9 Assur\u00e9e<\/strong><\/h4>\n<p>Le Chariot pour salon de coiffure Gracie est \u00e9l\u00e9gant. Son design noir mat attire le regard. Il s&rsquo;int\u00e8gre parfaitement aux int\u00e9rieurs professionnels. Des \u00e9l\u00e9ments m\u00e9talliques dor\u00e9s polis subliment l&rsquo;ensemble. Sa construction en bois massif assure une grande durabilit\u00e9.<\/p>\n<h4><strong>Nettoyage Simplifi\u00e9 et Esth\u00e9tique Impeccable<\/strong><\/h4>\n<p>Les pieds dor\u00e9s n&rsquo;ajoutent pas seulement du style. Ils facilitent le nettoyage sous le meuble. La propret\u00e9 est essentielle dans chaque salon professionnel.<\/p>\n<h4><strong>Dimensions Pr\u00e9cises pour une Int\u00e9gration Parfaite<\/strong><\/h4>\n<ol>\n<li>Hauteur totale : 80 cm<\/li>\n<li>Largeur totale : 38 cm<\/li>\n<li>Profondeur totale : 30 cm<\/li>\n<li>Hauteur du tiroir sup\u00e9rieur (int\u00e9rieur) : 20 cm<\/li>\n<li>Hauteur du tiroir inf\u00e9rieur (int\u00e9rieur) : 24 cm<\/li>\n<li>Largeur des tiroirs (int\u00e9rieur) : 29 cm<\/li>\n<li>Profondeur des tiroirs (int\u00e9rieur) : 34,5 cm<\/li>\n<li>Diam\u00e8tre des supports s\u00e8che-cheveux : 7 cm<\/li>\n<\/ol>\n<\/div>","protected":false},"excerpt":{"rendered":"<p>Cr\u00e9ez un environnement de travail \u00e9l\u00e9gant avec le Chariot de coiffure Gracie. Profitez de son rangement intelligent pour un acc\u00e8s facile \u00e0 tous vos essentiels !\u2728<\/p>","protected":false},"featured_media":52596,"comment_status":"open","ping_status":"closed","template":"","meta":{"googlesitekit_rrm_CAow0YCiDA:productID":"","jetpack_publicize_message":"","jetpack_publicize_feature_enabled":true,"jetpack_social_post_already_shared":true,"jetpack_social_options":{"image_generator_settings":{"template":"highway","default_image_id":0,"font":"","enabled":false},"version":2}},"product_brand":[579],"product_cat":[47],"product_tag":[565,563,564,125],"class_list":{"0":"post-43271","1":"product","2":"type-product","3":"status-publish","4":"has-post-thumbnail","6":"product_brand-gabbiano","7":"product_cat-chariots","8":"product_tag-chariot-a-outils","9":"product_tag-chariot-de-coiffure","10":"product_tag-meuble-de-rangement","11":"product_tag-salon-de-coiffure","13":"first","14":"instock","15":"featured","16":"taxable","17":"shipping-taxable","18":"purchasable","19":"product-type-simple"},"yoast_head":"<!-- This site is optimized with the Yoast SEO Premium plugin v27.5 (Yoast SEO v27.5) - https:\/\/yoast.com\/product\/yoast-seo-premium-wordpress\/ -->\n<title>Chariot de coiffure Gracie avec Stockage Optimal Et Design - Groupe Coiff<\/title>\n<meta name=\"description\" content=\"D\u00e9couvrez le Chariot de coiffure Gracie : un design noir mat pour une organisation parfaite. Ayez tout \u00e0 port\u00e9e de main pour gagner du temps ! \u2728\" \/>\n<meta name=\"robots\" content=\"index, follow, max-snippet:-1, max-image-preview:large, max-video-preview:-1\" \/>\n<link rel=\"canonical\" href=\"https:\/\/groupecoiff.com\/en\/product-2\/chariot-de-coiffure-gracie\/\" \/>\n<meta property=\"og:locale\" content=\"en_US\" \/>\n<meta property=\"og:type\" content=\"article\" \/>\n<meta property=\"og:title\" content=\"Chariot de coiffure Gracie\" \/>\n<meta property=\"og:description\" content=\"D\u00e9couvrez le Chariot de coiffure Gracie : un design noir mat pour une organisation parfaite. Ayez tout \u00e0 port\u00e9e de main pour gagner du temps ! \u2728\" \/>\n<meta property=\"og:url\" content=\"https:\/\/groupecoiff.com\/en\/product-2\/chariot-de-coiffure-gracie\/\" \/>\n<meta property=\"og:site_name\" content=\"Groupe Coiff\" \/>\n<meta property=\"article:publisher\" content=\"https:\/\/www.facebook.com\/GroupeCoiff\" \/>\n<meta property=\"article:modified_time\" content=\"2026-05-03T17:03:01+00:00\" \/>\n<meta property=\"og:image\" content=\"https:\/\/groupecoiff.com\/wp-content\/uploads\/2025\/07\/Meuble-de-rangemen-GRACIE-1.webp\" \/>\n\t<meta property=\"og:image:width\" content=\"650\" \/>\n\t<meta property=\"og:image:height\" content=\"650\" \/>\n\t<meta property=\"og:image:type\" content=\"image\/webp\" \/>\n<meta name=\"twitter:card\" content=\"summary_large_image\" \/>\n<meta name=\"twitter:site\" content=\"@groupecoiff\" \/>\n<meta name=\"twitter:label1\" content=\"Price\" \/>\n\t<meta name=\"twitter:data1\" content=\"149,00&nbsp;&euro;\" \/>\n\t<meta name=\"twitter:label2\" content=\"Availability\" \/>\n\t<meta name=\"twitter:data2\" content=\"In stock\" \/>\n<script type=\"application\/ld+json\" class=\"yoast-schema-graph\">{\"@context\":\"https:\\\/\\\/schema.org\",\"@graph\":[{\"@type\":\"WebPage\",\"@id\":\"https:\\\/\\\/groupecoiff.com\\\/produit\\\/chariot-de-coiffure-gracie\\\/\",\"url\":\"https:\\\/\\\/groupecoiff.com\\\/produit\\\/chariot-de-coiffure-gracie\\\/\",\"name\":\"Chariot de coiffure Gracie avec Stockage Optimal Et Design - Groupe Coiff\",\"isPartOf\":{\"@id\":\"https:\\\/\\\/groupecoiff.com\\\/#website\"},\"primaryImageOfPage\":{\"@id\":\"https:\\\/\\\/groupecoiff.com\\\/produit\\\/chariot-de-coiffure-gracie\\\/#primaryimage\"},\"image\":{\"@id\":\"https:\\\/\\\/groupecoiff.com\\\/produit\\\/chariot-de-coiffure-gracie\\\/#primaryimage\"},\"thumbnailUrl\":\"https:\\\/\\\/groupecoiff.com\\\/wp-content\\\/uploads\\\/2025\\\/07\\\/Meuble-de-rangemen-GRACIE-1.webp\",\"datePublished\":\"2025-07-20T10:28:27+00:00\",\"dateModified\":\"2026-05-03T17:03:01+00:00\",\"description\":\"D\u00e9couvrez le Chariot de coiffure Gracie : un design noir mat pour une organisation parfaite. Ayez tout \u00e0 port\u00e9e de main pour gagner du temps ! \u2728\",\"breadcrumb\":{\"@id\":\"https:\\\/\\\/groupecoiff.com\\\/produit\\\/chariot-de-coiffure-gracie\\\/#breadcrumb\"},\"inLanguage\":\"en-US\",\"potentialAction\":[{\"@type\":\"ReadAction\",\"target\":[\"https:\\\/\\\/groupecoiff.com\\\/produit\\\/chariot-de-coiffure-gracie\\\/\"]}]},{\"@type\":\"ImageObject\",\"inLanguage\":\"en-US\",\"@id\":\"https:\\\/\\\/groupecoiff.com\\\/produit\\\/chariot-de-coiffure-gracie\\\/#primaryimage\",\"url\":\"https:\\\/\\\/groupecoiff.com\\\/wp-content\\\/uploads\\\/2025\\\/07\\\/Meuble-de-rangemen-GRACIE-1.webp\",\"contentUrl\":\"https:\\\/\\\/groupecoiff.com\\\/wp-content\\\/uploads\\\/2025\\\/07\\\/Meuble-de-rangemen-GRACIE-1.webp\",\"width\":650,\"height\":650,\"caption\":\"Chariot de coiffure Gracie - meuble de rangement Gracie - mobilier de coiffure professionnel - meuble de rangement Gracie - Chariot pour salon de coiffure - groupe coiff - mobicoiff - malys\"},{\"@type\":\"BreadcrumbList\",\"@id\":\"https:\\\/\\\/groupecoiff.com\\\/produit\\\/chariot-de-coiffure-gracie\\\/#breadcrumb\",\"itemListElement\":[{\"@type\":\"ListItem\",\"position\":1,\"name\":\"Accueil\",\"item\":\"https:\\\/\\\/groupecoiff.com\\\/\"},{\"@type\":\"ListItem\",\"position\":2,\"name\":\"Boutique\",\"item\":\"https:\\\/\\\/groupecoiff.com\\\/en\\\/boutique\\\/\"},{\"@type\":\"ListItem\",\"position\":3,\"name\":\"Chariot de coiffure Gracie\"}]},{\"@type\":\"WebSite\",\"@id\":\"https:\\\/\\\/groupecoiff.com\\\/#website\",\"url\":\"https:\\\/\\\/groupecoiff.com\\\/\",\"name\":\"Groupe Coiff\",\"description\":\"Tout pour la coiffure\",\"publisher\":{\"@id\":\"https:\\\/\\\/groupecoiff.com\\\/#organization\"},\"potentialAction\":[{\"@type\":\"SearchAction\",\"target\":{\"@type\":\"EntryPoint\",\"urlTemplate\":\"https:\\\/\\\/groupecoiff.com\\\/?s={search_term_string}\"},\"query-input\":{\"@type\":\"PropertyValueSpecification\",\"valueRequired\":true,\"valueName\":\"search_term_string\"}}],\"inLanguage\":\"en-US\"},{\"@type\":\"Organization\",\"@id\":\"https:\\\/\\\/groupecoiff.com\\\/#organization\",\"name\":\"Groupe Coiff\",\"alternateName\":\"Groupe Coiff : Le Mobilier De Coiffure Haut de Gamme Pour Une \u00c9l\u00e9gance In\u00e9gal\u00e9e\",\"url\":\"https:\\\/\\\/groupecoiff.com\\\/\",\"logo\":{\"@type\":\"ImageObject\",\"inLanguage\":\"en-US\",\"@id\":\"https:\\\/\\\/groupecoiff.com\\\/#\\\/schema\\\/logo\\\/image\\\/\",\"url\":\"https:\\\/\\\/groupecoiff.com\\\/wp-content\\\/uploads\\\/2024\\\/01\\\/cropped-Groupe-Coiff-Logo.webp\",\"contentUrl\":\"https:\\\/\\\/groupecoiff.com\\\/wp-content\\\/uploads\\\/2024\\\/01\\\/cropped-Groupe-Coiff-Logo.webp\",\"width\":512,\"height\":512,\"caption\":\"Groupe Coiff\"},\"image\":{\"@id\":\"https:\\\/\\\/groupecoiff.com\\\/#\\\/schema\\\/logo\\\/image\\\/\"},\"sameAs\":[\"https:\\\/\\\/www.facebook.com\\\/GroupeCoiff\",\"https:\\\/\\\/x.com\\\/groupecoiff\",\"https:\\\/\\\/www.instagram.com\\\/groupecoiff\\\/\",\"https:\\\/\\\/www.tiktok.com\\\/@groupecoiff\",\"https:\\\/\\\/www.youtube.com\\\/@groupecoiff\",\"https:\\\/\\\/twitter.com\\\/groupecoiff\",\"https:\\\/\\\/www.leboncoin.fr\\\/boutique\\\/3961302\\\/groupe_coiff.htm\"],\"description\":\"D\u00e9couvrez le mobilier de coiffure haut de gamme de Groupe Coiff, alliant \u00e9l\u00e9gance et fonctionnalit\u00e9 pour sublimer votre salon et satisfaire vos clients.\",\"email\":\"contact@groupecoiff.com\",\"telephone\":\"0676951605\",\"legalName\":\"Groupe Coiff\",\"foundingDate\":\"2022-11-16\",\"vatID\":\"FR84921406419\",\"taxID\":\"92140641900025\"}]}<\/script>\n<meta property=\"product:price:amount\" content=\"149.00\" \/>\n<meta property=\"product:price:currency\" content=\"EUR\" \/>\n<meta property=\"og:availability\" content=\"instock\" \/>\n<meta property=\"product:availability\" content=\"instock\" \/>\n<meta property=\"product:condition\" content=\"new\" \/>\n<!-- \/ Yoast SEO Premium plugin. -->","yoast_head_json":{"title":"Chariot de coiffure Gracie avec Stockage Optimal Et Design - Groupe Coiff","description":"D\u00e9couvrez le Chariot de coiffure Gracie : un design noir mat pour une organisation parfaite. Ayez tout \u00e0 port\u00e9e de main pour gagner du temps ! \u2728","robots":{"index":"index","follow":"follow","max-snippet":"max-snippet:-1","max-image-preview":"max-image-preview:large","max-video-preview":"max-video-preview:-1"},"canonical":"https:\/\/groupecoiff.com\/en\/product-2\/chariot-de-coiffure-gracie\/","og_locale":"en_US","og_type":"article","og_title":"Chariot de coiffure Gracie","og_description":"D\u00e9couvrez le Chariot de coiffure Gracie : un design noir mat pour une organisation parfaite. Ayez tout \u00e0 port\u00e9e de main pour gagner du temps ! \u2728","og_url":"https:\/\/groupecoiff.com\/en\/product-2\/chariot-de-coiffure-gracie\/","og_site_name":"Groupe Coiff","article_publisher":"https:\/\/www.facebook.com\/GroupeCoiff","article_modified_time":"2026-05-03T17:03:01+00:00","og_image":[{"width":650,"height":650,"url":"https:\/\/groupecoiff.com\/wp-content\/uploads\/2025\/07\/Meuble-de-rangemen-GRACIE-1.webp","type":"image\/webp"}],"twitter_card":"summary_large_image","twitter_site":"@groupecoiff","twitter_misc":{"Price":"149,00&nbsp;&euro;","Availability":"In stock"},"schema":{"@context":"https:\/\/schema.org","@graph":[{"@type":"WebPage","@id":"https:\/\/groupecoiff.com\/produit\/chariot-de-coiffure-gracie\/","url":"https:\/\/groupecoiff.com\/produit\/chariot-de-coiffure-gracie\/","name":"Chariot de coiffure Gracie avec Stockage Optimal Et Design - Groupe Coiff","isPartOf":{"@id":"https:\/\/groupecoiff.com\/#website"},"primaryImageOfPage":{"@id":"https:\/\/groupecoiff.com\/produit\/chariot-de-coiffure-gracie\/#primaryimage"},"image":{"@id":"https:\/\/groupecoiff.com\/produit\/chariot-de-coiffure-gracie\/#primaryimage"},"thumbnailUrl":"https:\/\/groupecoiff.com\/wp-content\/uploads\/2025\/07\/Meuble-de-rangemen-GRACIE-1.webp","datePublished":"2025-07-20T10:28:27+00:00","dateModified":"2026-05-03T17:03:01+00:00","description":"D\u00e9couvrez le Chariot de coiffure Gracie : un design noir mat pour une organisation parfaite. Ayez tout \u00e0 port\u00e9e de main pour gagner du temps ! \u2728","breadcrumb":{"@id":"https:\/\/groupecoiff.com\/produit\/chariot-de-coiffure-gracie\/#breadcrumb"},"inLanguage":"en-US","potentialAction":[{"@type":"ReadAction","target":["https:\/\/groupecoiff.com\/produit\/chariot-de-coiffure-gracie\/"]}]},{"@type":"ImageObject","inLanguage":"en-US","@id":"https:\/\/groupecoiff.com\/produit\/chariot-de-coiffure-gracie\/#primaryimage","url":"https:\/\/groupecoiff.com\/wp-content\/uploads\/2025\/07\/Meuble-de-rangemen-GRACIE-1.webp","contentUrl":"https:\/\/groupecoiff.com\/wp-content\/uploads\/2025\/07\/Meuble-de-rangemen-GRACIE-1.webp","width":650,"height":650,"caption":"Chariot de coiffure Gracie - meuble de rangement Gracie - mobilier de coiffure professionnel - meuble de rangement Gracie - Chariot pour salon de coiffure - groupe coiff - mobicoiff - malys"},{"@type":"BreadcrumbList","@id":"https:\/\/groupecoiff.com\/produit\/chariot-de-coiffure-gracie\/#breadcrumb","itemListElement":[{"@type":"ListItem","position":1,"name":"Accueil","item":"https:\/\/groupecoiff.com\/"},{"@type":"ListItem","position":2,"name":"Boutique","item":"https:\/\/groupecoiff.com\/en\/boutique\/"},{"@type":"ListItem","position":3,"name":"Chariot de coiffure Gracie"}]},{"@type":"WebSite","@id":"https:\/\/groupecoiff.com\/#website","url":"https:\/\/groupecoiff.com\/","name":"Coiff Group","description":"Everything for the hairdresser","publisher":{"@id":"https:\/\/groupecoiff.com\/#organization"},"potentialAction":[{"@type":"SearchAction","target":{"@type":"EntryPoint","urlTemplate":"https:\/\/groupecoiff.com\/?s={search_term_string}"},"query-input":{"@type":"PropertyValueSpecification","valueRequired":true,"valueName":"search_term_string"}}],"inLanguage":"en-US"},{"@type":"Organization","@id":"https:\/\/groupecoiff.com\/#organization","name":"Coiff Group","alternateName":"Groupe Coiff : Le Mobilier De Coiffure Haut de Gamme Pour Une \u00c9l\u00e9gance In\u00e9gal\u00e9e","url":"https:\/\/groupecoiff.com\/","logo":{"@type":"ImageObject","inLanguage":"en-US","@id":"https:\/\/groupecoiff.com\/#\/schema\/logo\/image\/","url":"https:\/\/groupecoiff.com\/wp-content\/uploads\/2024\/01\/cropped-Groupe-Coiff-Logo.webp","contentUrl":"https:\/\/groupecoiff.com\/wp-content\/uploads\/2024\/01\/cropped-Groupe-Coiff-Logo.webp","width":512,"height":512,"caption":"Groupe Coiff"},"image":{"@id":"https:\/\/groupecoiff.com\/#\/schema\/logo\/image\/"},"sameAs":["https:\/\/www.facebook.com\/GroupeCoiff","https:\/\/x.com\/groupecoiff","https:\/\/www.instagram.com\/groupecoiff\/","https:\/\/www.tiktok.com\/@groupecoiff","https:\/\/www.youtube.com\/@groupecoiff","https:\/\/twitter.com\/groupecoiff","https:\/\/www.leboncoin.fr\/boutique\/3961302\/groupe_coiff.htm"],"description":"Discover Groupe Coiff's top-of-the-range hairdressing furniture, combining elegance and functionality to enhance your salon and satisfy your customers.","email":"contact@groupecoiff.com","telephone":"0676951605","legalName":"Groupe Coiff","foundingDate":"2022-11-16","vatID":"FR84921406419","taxID":"92140641900025"}]},"product_price_amount":"149.00","product_price_currency":"EUR","og_availability":"instock","product_availability":"instock","product_condition":"new"},"jetpack_publicize_connections":[],"jetpack_likes_enabled":true,"jetpack_sharing_enabled":true,"_links":{"self":[{"href":"https:\/\/groupecoiff.com\/en\/wp-json\/wp\/v2\/product\/43271","targetHints":{"allow":["GET"]}}],"collection":[{"href":"https:\/\/groupecoiff.com\/en\/wp-json\/wp\/v2\/product"}],"about":[{"href":"https:\/\/groupecoiff.com\/en\/wp-json\/wp\/v2\/types\/product"}],"replies":[{"embeddable":true,"href":"https:\/\/groupecoiff.com\/en\/wp-json\/wp\/v2\/comments?post=43271"}],"version-history":[{"count":2,"href":"https:\/\/groupecoiff.com\/en\/wp-json\/wp\/v2\/product\/43271\/revisions"}],"predecessor-version":[{"id":52605,"href":"https:\/\/groupecoiff.com\/en\/wp-json\/wp\/v2\/product\/43271\/revisions\/52605"}],"wp:featuredmedia":[{"embeddable":true,"href":"https:\/\/groupecoiff.com\/en\/wp-json\/wp\/v2\/media\/52596"}],"wp:attachment":[{"href":"https:\/\/groupecoiff.com\/en\/wp-json\/wp\/v2\/media?parent=43271"}],"wp:term":[{"taxonomy":"product_brand","embeddable":true,"href":"https:\/\/groupecoiff.com\/en\/wp-json\/wp\/v2\/product_brand?post=43271"},{"taxonomy":"product_cat","embeddable":true,"href":"https:\/\/groupecoiff.com\/en\/wp-json\/wp\/v2\/product_cat?post=43271"},{"taxonomy":"product_tag","embeddable":true,"href":"https:\/\/groupecoiff.com\/en\/wp-json\/wp\/v2\/product_tag?post=43271"}],"curies":[{"name":"wp","href":"https:\/\/api.w.org\/{rel}","templated":true}]}}