{"id":43641,"date":"2025-08-05T11:27:45","date_gmt":"2025-08-05T09:27:45","guid":{"rendered":"https:\/\/groupecoiff.com\/?post_type=product&#038;p=43641"},"modified":"2025-10-14T07:55:00","modified_gmt":"2025-10-14T05:55:00","slug":"meuble-de-reception-harlo","status":"publish","type":"product","link":"https:\/\/groupecoiff.com\/en\/produit\/meuble-de-reception-harlo\/","title":{"rendered":"Meuble de r\u00e9ception HARLO"},"content":{"rendered":"<ul>\n<li>\n<h4>Meuble d&rsquo;Accueil HARLO : L&rsquo;\u00c9l\u00e9gance sur-mesure pour votre Salon<\/h4>\n<\/li>\n<\/ul>\n<p>Le Meuble de r\u00e9ception HARLO est un comptoir caisse haut de gamme. Ce meuble \u00e0 la fois simple et tr\u00e8s pratique. Sa forme en quart de cercle s&rsquo;int\u00e8gre parfaitement dans les coins de votre salon. Il vous offre une surface de travail priv\u00e9e et de vastes rangements \u00e0 l&rsquo;arri\u00e8re. Nous fabriquons ce mobilier avec du bois issu de sources durables.<\/p>\n<ul>\n<li><strong>Un design modulable et personnalisable<\/strong><\/li>\n<\/ul>\n<p>Le Meuble d&rsquo;accueil HARLO est une solution \u00e9l\u00e9gante. Vous le personnalisez selon vos envies. En effet, il est disponible dans toute la gamme de stratifi\u00e9s REM. Vous avez la possibilit\u00e9 de combiner jusqu&rsquo;\u00e0 trois couleurs. Le design s&rsquo;adapte ainsi parfaitement \u00e0 votre identit\u00e9 de marque.<\/p>\n<ul>\n<li><strong>Fonctionnalit\u00e9s et options pour votre quotidien<\/strong><\/li>\n<\/ul>\n<p>Nous avons con\u00e7u le Mobilier de coiffure professionnel HARLO pour votre efficacit\u00e9. Il dispose d&rsquo;une \u00e9tag\u00e8re ouverte en standard. Pour optimiser votre espace, des options sont disponibles.<\/p>\n<ol>\n<li>Un tiroir-caisse verrouillable est propos\u00e9 en option.<\/li>\n<li>De m\u00eame, une d\u00e9coupe de 575 mm pour un \u00e9cran peut \u00eatre ajout\u00e9e.<\/li>\n<li>Ses dimensions sont de 92 cm de large et 92 cm de profondeur.<\/li>\n<li>Le plan de travail est \u00e0 81 cm de hauteur, tandis que la hauteur totale est de 106 cm.<\/li>\n<\/ol>\n<ul>\n<li><strong>Le choix de l&rsquo;excellence et la logistique<\/strong><\/li>\n<\/ul>\n<p>Vous choisissez le comptoir caisse HARLO pour un investissement judicieux. Ce mobilier refl\u00e8te le professionnalisme de votre salon. De plus, nous sommes \u00e0 votre disposition pour vous aider. Le d\u00e9lai de fabrication est de 3 \u00e0 5 semaines. Par ailleurs, des frais de transport peuvent \u00eatre ajust\u00e9s. Les contr\u00f4les douaniers peuvent \u00e9galement occasionner des retards<\/p>","protected":false},"excerpt":{"rendered":"<p>Choisissez le Meuble de r\u00e9ception HARLO pour un am\u00e9nagement \u00e9l\u00e9gant et pratique. Son design en quart de cercle s&rsquo;adapte \u00e0 tous les coins !\u2728<\/p>","protected":false},"featured_media":45869,"comment_status":"open","ping_status":"closed","template":"","meta":{"googlesitekit_rrm_CAow0YCiDA:productID":"","jetpack_publicize_message":"","jetpack_publicize_feature_enabled":true,"jetpack_social_post_already_shared":true,"jetpack_social_options":{"image_generator_settings":{"template":"highway","default_image_id":0,"font":"","enabled":false},"version":2}},"product_brand":[612],"product_cat":[59,313],"product_tag":[331,332,535,125],"class_list":{"0":"post-43641","1":"product","2":"type-product","3":"status-publish","4":"has-post-thumbnail","6":"product_brand-rem","7":"product_cat-comptoir-daccueil","8":"product_cat-meuble-de-coiffure","9":"product_tag-comptoir-daccueil","10":"product_tag-meuble-de-reception","11":"product_tag-mobilier-de-coiffure-professionnel","12":"product_tag-salon-de-coiffure","14":"first","15":"instock","16":"featured","17":"taxable","18":"shipping-taxable","19":"purchasable","20":"product-type-simple"},"yoast_head":"<!-- This site is optimized with the Yoast SEO Premium plugin v27.5 (Yoast SEO v27.5) - https:\/\/yoast.com\/product\/yoast-seo-premium-wordpress\/ -->\n<title>Meuble de r\u00e9ception HARLO: Confort et Rangement Optimal - Groupe Coiff<\/title>\n<meta name=\"description\" content=\"D\u00e9couvrez le Meuble de r\u00e9ception HARLO, un mobilier haut de gamme qui combine fonctionnalit\u00e9 et esth\u00e9tique. Transformez votre espace d\u00e8s maintenant ! \ud83c\udf1f\" \/>\n<meta name=\"robots\" content=\"index, follow, max-snippet:-1, max-image-preview:large, max-video-preview:-1\" \/>\n<link rel=\"canonical\" href=\"https:\/\/groupecoiff.com\/en\/product-2\/meuble-de-reception-harlo\/\" \/>\n<meta property=\"og:locale\" content=\"en_US\" \/>\n<meta property=\"og:type\" content=\"article\" \/>\n<meta property=\"og:title\" content=\"Meuble de r\u00e9ception HARLO\" \/>\n<meta property=\"og:description\" content=\"D\u00e9couvrez le Meuble de r\u00e9ception HARLO, un mobilier haut de gamme qui combine fonctionnalit\u00e9 et esth\u00e9tique. Transformez votre espace d\u00e8s maintenant ! \ud83c\udf1f\" \/>\n<meta property=\"og:url\" content=\"https:\/\/groupecoiff.com\/en\/product-2\/meuble-de-reception-harlo\/\" \/>\n<meta property=\"og:site_name\" content=\"Groupe Coiff\" \/>\n<meta property=\"article:publisher\" content=\"https:\/\/www.facebook.com\/GroupeCoiff\" \/>\n<meta property=\"article:modified_time\" content=\"2025-10-14T05:55:00+00:00\" \/>\n<meta property=\"og:image\" content=\"https:\/\/groupecoiff.com\/wp-content\/uploads\/2025\/08\/Harlo-REM-2.webp\" \/>\n\t<meta property=\"og:image:width\" content=\"1080\" \/>\n\t<meta property=\"og:image:height\" content=\"1080\" \/>\n\t<meta property=\"og:image:type\" content=\"image\/webp\" \/>\n<meta name=\"twitter:card\" content=\"summary_large_image\" \/>\n<meta name=\"twitter:site\" content=\"@groupecoiff\" \/>\n<meta name=\"twitter:label1\" content=\"Price\" \/>\n\t<meta name=\"twitter:data1\" content=\"849,00&nbsp;&euro;\" \/>\n\t<meta name=\"twitter:label2\" content=\"Availability\" \/>\n\t<meta name=\"twitter:data2\" content=\"In stock\" \/>\n<script type=\"application\/ld+json\" class=\"yoast-schema-graph\">{\"@context\":\"https:\\\/\\\/schema.org\",\"@graph\":[{\"@type\":\"WebPage\",\"@id\":\"https:\\\/\\\/groupecoiff.com\\\/produit\\\/meuble-de-reception-harlo\\\/\",\"url\":\"https:\\\/\\\/groupecoiff.com\\\/produit\\\/meuble-de-reception-harlo\\\/\",\"name\":\"Meuble de r\u00e9ception HARLO: Confort et Rangement Optimal - Groupe Coiff\",\"isPartOf\":{\"@id\":\"https:\\\/\\\/groupecoiff.com\\\/#website\"},\"primaryImageOfPage\":{\"@id\":\"https:\\\/\\\/groupecoiff.com\\\/produit\\\/meuble-de-reception-harlo\\\/#primaryimage\"},\"image\":{\"@id\":\"https:\\\/\\\/groupecoiff.com\\\/produit\\\/meuble-de-reception-harlo\\\/#primaryimage\"},\"thumbnailUrl\":\"https:\\\/\\\/groupecoiff.com\\\/wp-content\\\/uploads\\\/2025\\\/08\\\/Harlo-REM-2.webp\",\"datePublished\":\"2025-08-05T09:27:45+00:00\",\"dateModified\":\"2025-10-14T05:55:00+00:00\",\"description\":\"D\u00e9couvrez le Meuble de r\u00e9ception HARLO, un mobilier haut de gamme qui combine fonctionnalit\u00e9 et esth\u00e9tique. Transformez votre espace d\u00e8s maintenant ! \ud83c\udf1f\",\"breadcrumb\":{\"@id\":\"https:\\\/\\\/groupecoiff.com\\\/produit\\\/meuble-de-reception-harlo\\\/#breadcrumb\"},\"inLanguage\":\"en-US\",\"potentialAction\":[{\"@type\":\"ReadAction\",\"target\":[\"https:\\\/\\\/groupecoiff.com\\\/produit\\\/meuble-de-reception-harlo\\\/\"]}]},{\"@type\":\"ImageObject\",\"inLanguage\":\"en-US\",\"@id\":\"https:\\\/\\\/groupecoiff.com\\\/produit\\\/meuble-de-reception-harlo\\\/#primaryimage\",\"url\":\"https:\\\/\\\/groupecoiff.com\\\/wp-content\\\/uploads\\\/2025\\\/08\\\/Harlo-REM-2.webp\",\"contentUrl\":\"https:\\\/\\\/groupecoiff.com\\\/wp-content\\\/uploads\\\/2025\\\/08\\\/Harlo-REM-2.webp\",\"width\":1080,\"height\":1080,\"caption\":\"Meuble de r\u00e9ception HARLO - Comptoir d'Accueil HARLO - Meuble d'Accueil HARLO - Comptoir caisse HARLO - mobilier de coiffure haut de gamme\"},{\"@type\":\"BreadcrumbList\",\"@id\":\"https:\\\/\\\/groupecoiff.com\\\/produit\\\/meuble-de-reception-harlo\\\/#breadcrumb\",\"itemListElement\":[{\"@type\":\"ListItem\",\"position\":1,\"name\":\"Accueil\",\"item\":\"https:\\\/\\\/groupecoiff.com\\\/\"},{\"@type\":\"ListItem\",\"position\":2,\"name\":\"Boutique\",\"item\":\"https:\\\/\\\/groupecoiff.com\\\/en\\\/boutique\\\/\"},{\"@type\":\"ListItem\",\"position\":3,\"name\":\"Meuble de r\u00e9ception HARLO\"}]},{\"@type\":\"WebSite\",\"@id\":\"https:\\\/\\\/groupecoiff.com\\\/#website\",\"url\":\"https:\\\/\\\/groupecoiff.com\\\/\",\"name\":\"Groupe Coiff\",\"description\":\"Tout pour la coiffure\",\"publisher\":{\"@id\":\"https:\\\/\\\/groupecoiff.com\\\/#organization\"},\"potentialAction\":[{\"@type\":\"SearchAction\",\"target\":{\"@type\":\"EntryPoint\",\"urlTemplate\":\"https:\\\/\\\/groupecoiff.com\\\/?s={search_term_string}\"},\"query-input\":{\"@type\":\"PropertyValueSpecification\",\"valueRequired\":true,\"valueName\":\"search_term_string\"}}],\"inLanguage\":\"en-US\"},{\"@type\":\"Organization\",\"@id\":\"https:\\\/\\\/groupecoiff.com\\\/#organization\",\"name\":\"Groupe Coiff\",\"alternateName\":\"Groupe Coiff : Le Mobilier De Coiffure Haut de Gamme Pour Une \u00c9l\u00e9gance In\u00e9gal\u00e9e\",\"url\":\"https:\\\/\\\/groupecoiff.com\\\/\",\"logo\":{\"@type\":\"ImageObject\",\"inLanguage\":\"en-US\",\"@id\":\"https:\\\/\\\/groupecoiff.com\\\/#\\\/schema\\\/logo\\\/image\\\/\",\"url\":\"https:\\\/\\\/groupecoiff.com\\\/wp-content\\\/uploads\\\/2024\\\/01\\\/cropped-Groupe-Coiff-Logo.webp\",\"contentUrl\":\"https:\\\/\\\/groupecoiff.com\\\/wp-content\\\/uploads\\\/2024\\\/01\\\/cropped-Groupe-Coiff-Logo.webp\",\"width\":512,\"height\":512,\"caption\":\"Groupe Coiff\"},\"image\":{\"@id\":\"https:\\\/\\\/groupecoiff.com\\\/#\\\/schema\\\/logo\\\/image\\\/\"},\"sameAs\":[\"https:\\\/\\\/www.facebook.com\\\/GroupeCoiff\",\"https:\\\/\\\/x.com\\\/groupecoiff\",\"https:\\\/\\\/www.instagram.com\\\/groupecoiff\\\/\",\"https:\\\/\\\/www.tiktok.com\\\/@groupecoiff\",\"https:\\\/\\\/www.youtube.com\\\/@groupecoiff\",\"https:\\\/\\\/twitter.com\\\/groupecoiff\",\"https:\\\/\\\/www.leboncoin.fr\\\/boutique\\\/3961302\\\/groupe_coiff.htm\"],\"description\":\"D\u00e9couvrez le mobilier de coiffure haut de gamme de Groupe Coiff, alliant \u00e9l\u00e9gance et fonctionnalit\u00e9 pour sublimer votre salon et satisfaire vos clients.\",\"email\":\"contact@groupecoiff.com\",\"telephone\":\"0676951605\",\"legalName\":\"Groupe Coiff\",\"foundingDate\":\"2022-11-16\",\"vatID\":\"FR84921406419\",\"taxID\":\"92140641900025\"}]}<\/script>\n<meta property=\"product:price:amount\" content=\"849.00\" \/>\n<meta property=\"product:price:currency\" content=\"EUR\" \/>\n<meta property=\"og:availability\" content=\"instock\" \/>\n<meta property=\"product:availability\" content=\"instock\" \/>\n<meta property=\"product:condition\" content=\"new\" \/>\n<!-- \/ Yoast SEO Premium plugin. -->","yoast_head_json":{"title":"Meuble de r\u00e9ception HARLO: Confort et Rangement Optimal - Groupe Coiff","description":"D\u00e9couvrez le Meuble de r\u00e9ception HARLO, un mobilier haut de gamme qui combine fonctionnalit\u00e9 et esth\u00e9tique. Transformez votre espace d\u00e8s maintenant ! \ud83c\udf1f","robots":{"index":"index","follow":"follow","max-snippet":"max-snippet:-1","max-image-preview":"max-image-preview:large","max-video-preview":"max-video-preview:-1"},"canonical":"https:\/\/groupecoiff.com\/en\/product-2\/meuble-de-reception-harlo\/","og_locale":"en_US","og_type":"article","og_title":"Meuble de r\u00e9ception HARLO","og_description":"D\u00e9couvrez le Meuble de r\u00e9ception HARLO, un mobilier haut de gamme qui combine fonctionnalit\u00e9 et esth\u00e9tique. Transformez votre espace d\u00e8s maintenant ! \ud83c\udf1f","og_url":"https:\/\/groupecoiff.com\/en\/product-2\/meuble-de-reception-harlo\/","og_site_name":"Groupe Coiff","article_publisher":"https:\/\/www.facebook.com\/GroupeCoiff","article_modified_time":"2025-10-14T05:55:00+00:00","og_image":[{"width":1080,"height":1080,"url":"https:\/\/groupecoiff.com\/wp-content\/uploads\/2025\/08\/Harlo-REM-2.webp","type":"image\/webp"}],"twitter_card":"summary_large_image","twitter_site":"@groupecoiff","twitter_misc":{"Price":"849,00&nbsp;&euro;","Availability":"In stock"},"schema":{"@context":"https:\/\/schema.org","@graph":[{"@type":"WebPage","@id":"https:\/\/groupecoiff.com\/produit\/meuble-de-reception-harlo\/","url":"https:\/\/groupecoiff.com\/produit\/meuble-de-reception-harlo\/","name":"Meuble de r\u00e9ception HARLO: Confort et Rangement Optimal - Groupe Coiff","isPartOf":{"@id":"https:\/\/groupecoiff.com\/#website"},"primaryImageOfPage":{"@id":"https:\/\/groupecoiff.com\/produit\/meuble-de-reception-harlo\/#primaryimage"},"image":{"@id":"https:\/\/groupecoiff.com\/produit\/meuble-de-reception-harlo\/#primaryimage"},"thumbnailUrl":"https:\/\/groupecoiff.com\/wp-content\/uploads\/2025\/08\/Harlo-REM-2.webp","datePublished":"2025-08-05T09:27:45+00:00","dateModified":"2025-10-14T05:55:00+00:00","description":"D\u00e9couvrez le Meuble de r\u00e9ception HARLO, un mobilier haut de gamme qui combine fonctionnalit\u00e9 et esth\u00e9tique. Transformez votre espace d\u00e8s maintenant ! \ud83c\udf1f","breadcrumb":{"@id":"https:\/\/groupecoiff.com\/produit\/meuble-de-reception-harlo\/#breadcrumb"},"inLanguage":"en-US","potentialAction":[{"@type":"ReadAction","target":["https:\/\/groupecoiff.com\/produit\/meuble-de-reception-harlo\/"]}]},{"@type":"ImageObject","inLanguage":"en-US","@id":"https:\/\/groupecoiff.com\/produit\/meuble-de-reception-harlo\/#primaryimage","url":"https:\/\/groupecoiff.com\/wp-content\/uploads\/2025\/08\/Harlo-REM-2.webp","contentUrl":"https:\/\/groupecoiff.com\/wp-content\/uploads\/2025\/08\/Harlo-REM-2.webp","width":1080,"height":1080,"caption":"Meuble de r\u00e9ception HARLO - Comptoir d'Accueil HARLO - Meuble d'Accueil HARLO - Comptoir caisse HARLO - mobilier de coiffure haut de gamme"},{"@type":"BreadcrumbList","@id":"https:\/\/groupecoiff.com\/produit\/meuble-de-reception-harlo\/#breadcrumb","itemListElement":[{"@type":"ListItem","position":1,"name":"Accueil","item":"https:\/\/groupecoiff.com\/"},{"@type":"ListItem","position":2,"name":"Boutique","item":"https:\/\/groupecoiff.com\/en\/boutique\/"},{"@type":"ListItem","position":3,"name":"Meuble de r\u00e9ception HARLO"}]},{"@type":"WebSite","@id":"https:\/\/groupecoiff.com\/#website","url":"https:\/\/groupecoiff.com\/","name":"Coiff Group","description":"Everything for the hairdresser","publisher":{"@id":"https:\/\/groupecoiff.com\/#organization"},"potentialAction":[{"@type":"SearchAction","target":{"@type":"EntryPoint","urlTemplate":"https:\/\/groupecoiff.com\/?s={search_term_string}"},"query-input":{"@type":"PropertyValueSpecification","valueRequired":true,"valueName":"search_term_string"}}],"inLanguage":"en-US"},{"@type":"Organization","@id":"https:\/\/groupecoiff.com\/#organization","name":"Coiff Group","alternateName":"Groupe Coiff : Le Mobilier De Coiffure Haut de Gamme Pour Une \u00c9l\u00e9gance In\u00e9gal\u00e9e","url":"https:\/\/groupecoiff.com\/","logo":{"@type":"ImageObject","inLanguage":"en-US","@id":"https:\/\/groupecoiff.com\/#\/schema\/logo\/image\/","url":"https:\/\/groupecoiff.com\/wp-content\/uploads\/2024\/01\/cropped-Groupe-Coiff-Logo.webp","contentUrl":"https:\/\/groupecoiff.com\/wp-content\/uploads\/2024\/01\/cropped-Groupe-Coiff-Logo.webp","width":512,"height":512,"caption":"Groupe Coiff"},"image":{"@id":"https:\/\/groupecoiff.com\/#\/schema\/logo\/image\/"},"sameAs":["https:\/\/www.facebook.com\/GroupeCoiff","https:\/\/x.com\/groupecoiff","https:\/\/www.instagram.com\/groupecoiff\/","https:\/\/www.tiktok.com\/@groupecoiff","https:\/\/www.youtube.com\/@groupecoiff","https:\/\/twitter.com\/groupecoiff","https:\/\/www.leboncoin.fr\/boutique\/3961302\/groupe_coiff.htm"],"description":"Discover Groupe Coiff's top-of-the-range hairdressing furniture, combining elegance and functionality to enhance your salon and satisfy your customers.","email":"contact@groupecoiff.com","telephone":"0676951605","legalName":"Groupe Coiff","foundingDate":"2022-11-16","vatID":"FR84921406419","taxID":"92140641900025"}]},"product_price_amount":"849.00","product_price_currency":"EUR","og_availability":"instock","product_availability":"instock","product_condition":"new"},"jetpack_publicize_connections":[],"jetpack_likes_enabled":true,"jetpack_sharing_enabled":true,"_links":{"self":[{"href":"https:\/\/groupecoiff.com\/en\/wp-json\/wp\/v2\/product\/43641","targetHints":{"allow":["GET"]}}],"collection":[{"href":"https:\/\/groupecoiff.com\/en\/wp-json\/wp\/v2\/product"}],"about":[{"href":"https:\/\/groupecoiff.com\/en\/wp-json\/wp\/v2\/types\/product"}],"replies":[{"embeddable":true,"href":"https:\/\/groupecoiff.com\/en\/wp-json\/wp\/v2\/comments?post=43641"}],"version-history":[{"count":0,"href":"https:\/\/groupecoiff.com\/en\/wp-json\/wp\/v2\/product\/43641\/revisions"}],"wp:featuredmedia":[{"embeddable":true,"href":"https:\/\/groupecoiff.com\/en\/wp-json\/wp\/v2\/media\/45869"}],"wp:attachment":[{"href":"https:\/\/groupecoiff.com\/en\/wp-json\/wp\/v2\/media?parent=43641"}],"wp:term":[{"taxonomy":"product_brand","embeddable":true,"href":"https:\/\/groupecoiff.com\/en\/wp-json\/wp\/v2\/product_brand?post=43641"},{"taxonomy":"product_cat","embeddable":true,"href":"https:\/\/groupecoiff.com\/en\/wp-json\/wp\/v2\/product_cat?post=43641"},{"taxonomy":"product_tag","embeddable":true,"href":"https:\/\/groupecoiff.com\/en\/wp-json\/wp\/v2\/product_tag?post=43641"}],"curies":[{"name":"wp","href":"https:\/\/api.w.org\/{rel}","templated":true}]}}