{"id":44765,"date":"2025-09-19T10:43:35","date_gmt":"2025-09-19T08:43:35","guid":{"rendered":"https:\/\/groupecoiff.com\/?post_type=product&#038;p=44765"},"modified":"2026-04-23T13:12:52","modified_gmt":"2026-04-23T11:12:52","slug":"bac-a-shampoing-holly-sofa","status":"publish","type":"product","link":"https:\/\/groupecoiff.com\/en\/produit\/bac-a-shampoing-holly-sofa\/","title":{"rendered":"Bac \u00e0 shampoing HOLLY SOFA"},"content":{"rendered":"<h3>Bac \u00e0 Shampoing HOLLY SOFA : Mobilier de coiffure professionnel haut de gamme<\/h3>\n<p>Le Bac \u00e0 shampoing HOLLY SOFA apporte modernit\u00e9 et \u00e9l\u00e9gance \u00e0 votre salon. Ses lignes \u00e9pur\u00e9es s\u00e9duisent vos clients et offrent une exp\u00e9rience de coiffure agr\u00e9able. Id\u00e9al comme bac \u00e0 shampoing pour salon de coiffure.<\/p>\n<h4><strong>Personnalisation compl\u00e8te et sur-mesure<\/strong><\/h4>\n<ol>\n<li>Rev\u00eatement disponible en 55 couleurs.<\/li>\n<li>Associez diff\u00e9rentes couleurs pour l\u2019assise et les accoudoirs.<\/li>\n<li>Coutures contrast\u00e9es d\u00e9coratives : or, noir, blanc ou rouge.<\/li>\n<li>Configuration modulable selon le nombre de bacs souhait\u00e9.<\/li>\n<\/ol>\n<h4><strong>Confort et fonctionnalit\u00e9s avanc\u00e9es<\/strong><\/h4>\n<ol>\n<li>Rev\u00eatement disponible en version bicolore ( nous contacter)<\/li>\n<li>Repose-jambes \u00e9lectrique en option pour un confort optimal.<\/li>\n<li>Fonction vibromassage int\u00e9gr\u00e9e, r\u00e9glable segment par segment.<\/li>\n<li>Vasque c\u00e9ramique disponibles en noir ou blanc.<\/li>\n<li>Raccordement par l\u2019arri\u00e8re ou par le bas selon l\u2019installation.<\/li>\n<\/ol>\n<h4><strong>Harmonie parfaite avec votre mobilier<\/strong><\/h4>\n<ol>\n<li>Associez le Bac HOLLY SOFA au <strong><a href=\"https:\/\/groupecoiff.com\/en\/product-2\/fauteuil-de-coiffure-holly\/\">fauteuil de coiffure HOLLY<\/a> <\/strong>pour un ensemble coordonn\u00e9.<\/li>\n<li>Cr\u00e9ez un salon \u00e9l\u00e9gant et harmonieux.<\/li>\n<li>Id\u00e9al pour un espace coh\u00e9rent et raffin\u00e9.<\/li>\n<\/ol>\n<h4><strong>Qualit\u00e9 professionnelle et durabilit\u00e9<\/strong><\/h4>\n<ol>\n<li>Dimensions : 134 cm long, 77 cm large, 106 cm haut.<\/li>\n<li>Largeur d\u2019assise : 51 cm ; accoudoirs : 11 cm.<\/li>\n<li>Robinetterie et tuyauterie incluses, finition acier inoxydable gris.<\/li>\n<li>Garantie 1 an pour un usage intensif.<\/li>\n<\/ol>\n<h4>Avantages du Bac de lavage professionnel HOLLY SOFA<\/h4>\n<ol>\n<li>Exp\u00e9rience client unique gr\u00e2ce au confort et au style.<\/li>\n<li>Optimisation de l\u2019espace avec un bac \u00e0 shampoing professionnel double.<\/li>\n<li>Mobilier de coiffure professionnel robuste et \u00e9l\u00e9gant.<\/li>\n<li>Personnalisation compl\u00e8te pour refl\u00e9ter l\u2019identit\u00e9 de votre salon.<\/li>\n<\/ol>\n<p>Avec le Bac de lavage double HOLLY SOFA, offrez \u00e0 vos clients confort, style et harmonie. Investissement durable et design parfait pour salons de coiffure et instituts de beaut\u00e9.<\/p>","protected":false},"excerpt":{"rendered":"<p>Transformez votre salon avec le Bac \u00e0 shampoing HOLLY SOFA, disponible en 55 couleurs diff\u00e9rentes. Faites le choix d&rsquo;une \u00e9l\u00e9gance sur-mesure pour vos clients ! \ud83c\udfa8<\/p>","protected":false},"featured_media":51883,"comment_status":"open","ping_status":"closed","template":"","meta":{"googlesitekit_rrm_CAow0YCiDA:productID":"","jetpack_post_was_ever_published":false,"jetpack_publicize_message":"","jetpack_publicize_feature_enabled":true,"jetpack_social_post_already_shared":true,"jetpack_social_options":{"image_generator_settings":{"template":"highway","default_image_id":0,"font":"","enabled":false},"version":2}},"product_brand":[578],"product_cat":[44,313],"product_tag":[600,406,535],"class_list":{"0":"post-44765","1":"product","2":"type-product","3":"status-publish","4":"has-post-thumbnail","6":"product_brand-ayala","7":"product_cat-bac-de-lavage","8":"product_cat-meuble-de-coiffure","9":"product_tag-bac-a-shampoing-double","10":"product_tag-bac-de-lavage-massant","11":"product_tag-mobilier-de-coiffure-professionnel","13":"first","14":"instock","15":"taxable","16":"shipping-taxable","17":"purchasable","18":"product-type-simple"},"yoast_head":"<!-- This site is optimized with the Yoast SEO Premium plugin v27.5 (Yoast SEO v27.5) - https:\/\/yoast.com\/product\/yoast-seo-premium-wordpress\/ -->\n<title>Bac \u00e0 shampoing HOLLY SOFA avec personnalisation totale<\/title>\n<meta name=\"description\" content=\"Offrez \u00e0 vos clients un confort in\u00e9gal\u00e9 avec le Bac \u00e0 shampoing HOLLY SOFA. Personnalisez-le selon vos envies et embellissez votre espace de coiffure !\" \/>\n<meta name=\"robots\" content=\"index, follow, max-snippet:-1, max-image-preview:large, max-video-preview:-1\" \/>\n<link rel=\"canonical\" href=\"https:\/\/groupecoiff.com\/en\/product-2\/bac-a-shampoing-holly-sofa\/\" \/>\n<meta property=\"og:locale\" content=\"en_US\" \/>\n<meta property=\"og:type\" content=\"article\" \/>\n<meta property=\"og:title\" content=\"Bac \u00e0 shampoing HOLLY SOFA\" \/>\n<meta property=\"og:description\" content=\"Offrez \u00e0 vos clients un confort in\u00e9gal\u00e9 avec le Bac \u00e0 shampoing HOLLY SOFA. Personnalisez-le selon vos envies et embellissez votre espace de coiffure !\" \/>\n<meta property=\"og:url\" content=\"https:\/\/groupecoiff.com\/en\/product-2\/bac-a-shampoing-holly-sofa\/\" \/>\n<meta property=\"og:site_name\" content=\"Groupe Coiff\" \/>\n<meta property=\"article:publisher\" content=\"https:\/\/www.facebook.com\/GroupeCoiff\" \/>\n<meta property=\"article:modified_time\" content=\"2026-04-23T11:12:52+00:00\" \/>\n<meta property=\"og:image\" content=\"https:\/\/groupecoiff.com\/wp-content\/uploads\/2025\/09\/bac-Holly-sofa-3.webp\" \/>\n\t<meta property=\"og:image:width\" content=\"650\" \/>\n\t<meta property=\"og:image:height\" content=\"650\" \/>\n\t<meta property=\"og:image:type\" content=\"image\/webp\" \/>\n<meta name=\"twitter:card\" content=\"summary_large_image\" \/>\n<meta name=\"twitter:site\" content=\"@groupecoiff\" \/>\n<meta name=\"twitter:label1\" content=\"Price\" \/>\n\t<meta name=\"twitter:data1\" content=\"2390,00&nbsp;&euro;\" \/>\n\t<meta name=\"twitter:label2\" content=\"Availability\" \/>\n\t<meta name=\"twitter:data2\" content=\"In stock\" \/>\n<script type=\"application\/ld+json\" class=\"yoast-schema-graph\">{\"@context\":\"https:\\\/\\\/schema.org\",\"@graph\":[{\"@type\":\"WebPage\",\"@id\":\"https:\\\/\\\/groupecoiff.com\\\/produit\\\/bac-a-shampoing-holly-sofa\\\/\",\"url\":\"https:\\\/\\\/groupecoiff.com\\\/produit\\\/bac-a-shampoing-holly-sofa\\\/\",\"name\":\"Bac \u00e0 shampoing HOLLY SOFA avec personnalisation totale\",\"isPartOf\":{\"@id\":\"https:\\\/\\\/groupecoiff.com\\\/#website\"},\"primaryImageOfPage\":{\"@id\":\"https:\\\/\\\/groupecoiff.com\\\/produit\\\/bac-a-shampoing-holly-sofa\\\/#primaryimage\"},\"image\":{\"@id\":\"https:\\\/\\\/groupecoiff.com\\\/produit\\\/bac-a-shampoing-holly-sofa\\\/#primaryimage\"},\"thumbnailUrl\":\"https:\\\/\\\/groupecoiff.com\\\/wp-content\\\/uploads\\\/2025\\\/09\\\/bac-Holly-sofa-3.webp\",\"datePublished\":\"2025-09-19T08:43:35+00:00\",\"dateModified\":\"2026-04-23T11:12:52+00:00\",\"description\":\"Offrez \u00e0 vos clients un confort in\u00e9gal\u00e9 avec le Bac \u00e0 shampoing HOLLY SOFA. Personnalisez-le selon vos envies et embellissez votre espace de coiffure !\",\"breadcrumb\":{\"@id\":\"https:\\\/\\\/groupecoiff.com\\\/produit\\\/bac-a-shampoing-holly-sofa\\\/#breadcrumb\"},\"inLanguage\":\"en-US\",\"potentialAction\":[{\"@type\":\"ReadAction\",\"target\":[\"https:\\\/\\\/groupecoiff.com\\\/produit\\\/bac-a-shampoing-holly-sofa\\\/\"]}]},{\"@type\":\"ImageObject\",\"inLanguage\":\"en-US\",\"@id\":\"https:\\\/\\\/groupecoiff.com\\\/produit\\\/bac-a-shampoing-holly-sofa\\\/#primaryimage\",\"url\":\"https:\\\/\\\/groupecoiff.com\\\/wp-content\\\/uploads\\\/2025\\\/09\\\/bac-Holly-sofa-3.webp\",\"contentUrl\":\"https:\\\/\\\/groupecoiff.com\\\/wp-content\\\/uploads\\\/2025\\\/09\\\/bac-Holly-sofa-3.webp\",\"width\":650,\"height\":650,\"caption\":\"Bac \u00e0 shampoing professionnel HOLLY SOFA - Bac de lavage professionnel HOLLY SOFA - Bac \u00e0 shampoing massant - Bac de lavage massant - Mobilier de coiffure professionnel\"},{\"@type\":\"BreadcrumbList\",\"@id\":\"https:\\\/\\\/groupecoiff.com\\\/produit\\\/bac-a-shampoing-holly-sofa\\\/#breadcrumb\",\"itemListElement\":[{\"@type\":\"ListItem\",\"position\":1,\"name\":\"Accueil\",\"item\":\"https:\\\/\\\/groupecoiff.com\\\/\"},{\"@type\":\"ListItem\",\"position\":2,\"name\":\"Boutique\",\"item\":\"https:\\\/\\\/groupecoiff.com\\\/en\\\/boutique\\\/\"},{\"@type\":\"ListItem\",\"position\":3,\"name\":\"Bac \u00e0 shampoing HOLLY SOFA\"}]},{\"@type\":\"WebSite\",\"@id\":\"https:\\\/\\\/groupecoiff.com\\\/#website\",\"url\":\"https:\\\/\\\/groupecoiff.com\\\/\",\"name\":\"Groupe Coiff\",\"description\":\"Tout pour la coiffure\",\"publisher\":{\"@id\":\"https:\\\/\\\/groupecoiff.com\\\/#organization\"},\"potentialAction\":[{\"@type\":\"SearchAction\",\"target\":{\"@type\":\"EntryPoint\",\"urlTemplate\":\"https:\\\/\\\/groupecoiff.com\\\/?s={search_term_string}\"},\"query-input\":{\"@type\":\"PropertyValueSpecification\",\"valueRequired\":true,\"valueName\":\"search_term_string\"}}],\"inLanguage\":\"en-US\"},{\"@type\":\"Organization\",\"@id\":\"https:\\\/\\\/groupecoiff.com\\\/#organization\",\"name\":\"Groupe Coiff\",\"alternateName\":\"Groupe Coiff : Le Mobilier De Coiffure Haut de Gamme Pour Une \u00c9l\u00e9gance In\u00e9gal\u00e9e\",\"url\":\"https:\\\/\\\/groupecoiff.com\\\/\",\"logo\":{\"@type\":\"ImageObject\",\"inLanguage\":\"en-US\",\"@id\":\"https:\\\/\\\/groupecoiff.com\\\/#\\\/schema\\\/logo\\\/image\\\/\",\"url\":\"https:\\\/\\\/groupecoiff.com\\\/wp-content\\\/uploads\\\/2024\\\/01\\\/cropped-Groupe-Coiff-Logo.webp\",\"contentUrl\":\"https:\\\/\\\/groupecoiff.com\\\/wp-content\\\/uploads\\\/2024\\\/01\\\/cropped-Groupe-Coiff-Logo.webp\",\"width\":512,\"height\":512,\"caption\":\"Groupe Coiff\"},\"image\":{\"@id\":\"https:\\\/\\\/groupecoiff.com\\\/#\\\/schema\\\/logo\\\/image\\\/\"},\"sameAs\":[\"https:\\\/\\\/www.facebook.com\\\/GroupeCoiff\",\"https:\\\/\\\/x.com\\\/groupecoiff\",\"https:\\\/\\\/www.instagram.com\\\/groupecoiff\\\/\",\"https:\\\/\\\/www.tiktok.com\\\/@groupecoiff\",\"https:\\\/\\\/www.youtube.com\\\/@groupecoiff\",\"https:\\\/\\\/twitter.com\\\/groupecoiff\",\"https:\\\/\\\/www.leboncoin.fr\\\/boutique\\\/3961302\\\/groupe_coiff.htm\"],\"description\":\"D\u00e9couvrez le mobilier de coiffure haut de gamme de Groupe Coiff, alliant \u00e9l\u00e9gance et fonctionnalit\u00e9 pour sublimer votre salon et satisfaire vos clients.\",\"email\":\"contact@groupecoiff.com\",\"telephone\":\"0676951605\",\"legalName\":\"Groupe Coiff\",\"foundingDate\":\"2022-11-16\",\"vatID\":\"FR84921406419\",\"taxID\":\"92140641900025\"}]}<\/script>\n<meta property=\"product:price:amount\" content=\"2390.00\" \/>\n<meta property=\"product:price:currency\" content=\"EUR\" \/>\n<meta property=\"og:availability\" content=\"instock\" \/>\n<meta property=\"product:availability\" content=\"instock\" \/>\n<meta property=\"product:condition\" content=\"new\" \/>\n<!-- \/ Yoast SEO Premium plugin. -->","yoast_head_json":{"title":"Bac \u00e0 shampoing HOLLY SOFA avec personnalisation totale","description":"Offrez \u00e0 vos clients un confort in\u00e9gal\u00e9 avec le Bac \u00e0 shampoing HOLLY SOFA. Personnalisez-le selon vos envies et embellissez votre espace de coiffure !","robots":{"index":"index","follow":"follow","max-snippet":"max-snippet:-1","max-image-preview":"max-image-preview:large","max-video-preview":"max-video-preview:-1"},"canonical":"https:\/\/groupecoiff.com\/en\/product-2\/bac-a-shampoing-holly-sofa\/","og_locale":"en_US","og_type":"article","og_title":"Bac \u00e0 shampoing HOLLY SOFA","og_description":"Offrez \u00e0 vos clients un confort in\u00e9gal\u00e9 avec le Bac \u00e0 shampoing HOLLY SOFA. Personnalisez-le selon vos envies et embellissez votre espace de coiffure !","og_url":"https:\/\/groupecoiff.com\/en\/product-2\/bac-a-shampoing-holly-sofa\/","og_site_name":"Groupe Coiff","article_publisher":"https:\/\/www.facebook.com\/GroupeCoiff","article_modified_time":"2026-04-23T11:12:52+00:00","og_image":[{"width":650,"height":650,"url":"https:\/\/groupecoiff.com\/wp-content\/uploads\/2025\/09\/bac-Holly-sofa-3.webp","type":"image\/webp"}],"twitter_card":"summary_large_image","twitter_site":"@groupecoiff","twitter_misc":{"Price":"2390,00&nbsp;&euro;","Availability":"In stock"},"schema":{"@context":"https:\/\/schema.org","@graph":[{"@type":"WebPage","@id":"https:\/\/groupecoiff.com\/produit\/bac-a-shampoing-holly-sofa\/","url":"https:\/\/groupecoiff.com\/produit\/bac-a-shampoing-holly-sofa\/","name":"Bac \u00e0 shampoing HOLLY SOFA avec personnalisation totale","isPartOf":{"@id":"https:\/\/groupecoiff.com\/#website"},"primaryImageOfPage":{"@id":"https:\/\/groupecoiff.com\/produit\/bac-a-shampoing-holly-sofa\/#primaryimage"},"image":{"@id":"https:\/\/groupecoiff.com\/produit\/bac-a-shampoing-holly-sofa\/#primaryimage"},"thumbnailUrl":"https:\/\/groupecoiff.com\/wp-content\/uploads\/2025\/09\/bac-Holly-sofa-3.webp","datePublished":"2025-09-19T08:43:35+00:00","dateModified":"2026-04-23T11:12:52+00:00","description":"Offrez \u00e0 vos clients un confort in\u00e9gal\u00e9 avec le Bac \u00e0 shampoing HOLLY SOFA. Personnalisez-le selon vos envies et embellissez votre espace de coiffure !","breadcrumb":{"@id":"https:\/\/groupecoiff.com\/produit\/bac-a-shampoing-holly-sofa\/#breadcrumb"},"inLanguage":"en-US","potentialAction":[{"@type":"ReadAction","target":["https:\/\/groupecoiff.com\/produit\/bac-a-shampoing-holly-sofa\/"]}]},{"@type":"ImageObject","inLanguage":"en-US","@id":"https:\/\/groupecoiff.com\/produit\/bac-a-shampoing-holly-sofa\/#primaryimage","url":"https:\/\/groupecoiff.com\/wp-content\/uploads\/2025\/09\/bac-Holly-sofa-3.webp","contentUrl":"https:\/\/groupecoiff.com\/wp-content\/uploads\/2025\/09\/bac-Holly-sofa-3.webp","width":650,"height":650,"caption":"Bac \u00e0 shampoing professionnel HOLLY SOFA - Bac de lavage professionnel HOLLY SOFA - Bac \u00e0 shampoing massant - Bac de lavage massant - Mobilier de coiffure professionnel"},{"@type":"BreadcrumbList","@id":"https:\/\/groupecoiff.com\/produit\/bac-a-shampoing-holly-sofa\/#breadcrumb","itemListElement":[{"@type":"ListItem","position":1,"name":"Accueil","item":"https:\/\/groupecoiff.com\/"},{"@type":"ListItem","position":2,"name":"Boutique","item":"https:\/\/groupecoiff.com\/en\/boutique\/"},{"@type":"ListItem","position":3,"name":"Bac \u00e0 shampoing HOLLY SOFA"}]},{"@type":"WebSite","@id":"https:\/\/groupecoiff.com\/#website","url":"https:\/\/groupecoiff.com\/","name":"Coiff Group","description":"Everything for the hairdresser","publisher":{"@id":"https:\/\/groupecoiff.com\/#organization"},"potentialAction":[{"@type":"SearchAction","target":{"@type":"EntryPoint","urlTemplate":"https:\/\/groupecoiff.com\/?s={search_term_string}"},"query-input":{"@type":"PropertyValueSpecification","valueRequired":true,"valueName":"search_term_string"}}],"inLanguage":"en-US"},{"@type":"Organization","@id":"https:\/\/groupecoiff.com\/#organization","name":"Coiff Group","alternateName":"Groupe Coiff : Le Mobilier De Coiffure Haut de Gamme Pour Une \u00c9l\u00e9gance In\u00e9gal\u00e9e","url":"https:\/\/groupecoiff.com\/","logo":{"@type":"ImageObject","inLanguage":"en-US","@id":"https:\/\/groupecoiff.com\/#\/schema\/logo\/image\/","url":"https:\/\/groupecoiff.com\/wp-content\/uploads\/2024\/01\/cropped-Groupe-Coiff-Logo.webp","contentUrl":"https:\/\/groupecoiff.com\/wp-content\/uploads\/2024\/01\/cropped-Groupe-Coiff-Logo.webp","width":512,"height":512,"caption":"Groupe Coiff"},"image":{"@id":"https:\/\/groupecoiff.com\/#\/schema\/logo\/image\/"},"sameAs":["https:\/\/www.facebook.com\/GroupeCoiff","https:\/\/x.com\/groupecoiff","https:\/\/www.instagram.com\/groupecoiff\/","https:\/\/www.tiktok.com\/@groupecoiff","https:\/\/www.youtube.com\/@groupecoiff","https:\/\/twitter.com\/groupecoiff","https:\/\/www.leboncoin.fr\/boutique\/3961302\/groupe_coiff.htm"],"description":"Discover Groupe Coiff's top-of-the-range hairdressing furniture, combining elegance and functionality to enhance your salon and satisfy your customers.","email":"contact@groupecoiff.com","telephone":"0676951605","legalName":"Groupe Coiff","foundingDate":"2022-11-16","vatID":"FR84921406419","taxID":"92140641900025"}]},"product_price_amount":"2390.00","product_price_currency":"EUR","og_availability":"instock","product_availability":"instock","product_condition":"new"},"jetpack_publicize_connections":[],"jetpack_likes_enabled":true,"jetpack_sharing_enabled":true,"_links":{"self":[{"href":"https:\/\/groupecoiff.com\/en\/wp-json\/wp\/v2\/product\/44765","targetHints":{"allow":["GET"]}}],"collection":[{"href":"https:\/\/groupecoiff.com\/en\/wp-json\/wp\/v2\/product"}],"about":[{"href":"https:\/\/groupecoiff.com\/en\/wp-json\/wp\/v2\/types\/product"}],"replies":[{"embeddable":true,"href":"https:\/\/groupecoiff.com\/en\/wp-json\/wp\/v2\/comments?post=44765"}],"version-history":[{"count":3,"href":"https:\/\/groupecoiff.com\/en\/wp-json\/wp\/v2\/product\/44765\/revisions"}],"predecessor-version":[{"id":49943,"href":"https:\/\/groupecoiff.com\/en\/wp-json\/wp\/v2\/product\/44765\/revisions\/49943"}],"wp:featuredmedia":[{"embeddable":true,"href":"https:\/\/groupecoiff.com\/en\/wp-json\/wp\/v2\/media\/51883"}],"wp:attachment":[{"href":"https:\/\/groupecoiff.com\/en\/wp-json\/wp\/v2\/media?parent=44765"}],"wp:term":[{"taxonomy":"product_brand","embeddable":true,"href":"https:\/\/groupecoiff.com\/en\/wp-json\/wp\/v2\/product_brand?post=44765"},{"taxonomy":"product_cat","embeddable":true,"href":"https:\/\/groupecoiff.com\/en\/wp-json\/wp\/v2\/product_cat?post=44765"},{"taxonomy":"product_tag","embeddable":true,"href":"https:\/\/groupecoiff.com\/en\/wp-json\/wp\/v2\/product_tag?post=44765"}],"curies":[{"name":"wp","href":"https:\/\/api.w.org\/{rel}","templated":true}]}}