{"id":44837,"date":"2025-09-21T15:42:07","date_gmt":"2025-09-21T13:42:07","guid":{"rendered":"https:\/\/groupecoiff.com\/?post_type=product&#038;p=44837"},"modified":"2026-05-11T15:27:15","modified_gmt":"2026-05-11T13:27:15","slug":"meuble-de-reception-obsession-ii","status":"publish","type":"product","link":"https:\/\/groupecoiff.com\/en\/produit\/meuble-de-reception-obsession-ii\/","title":{"rendered":"Meuble de r\u00e9ception OBSESSION II"},"content":{"rendered":"<h3>Meuble de r\u00e9ception OBSESSION II : \u00c9l\u00e9gance et Fonctionnalit\u00e9 pour Votre Salon<\/h3>\n<p>Le meuble de r\u00e9ception OBSESSION II est une pi\u00e8ce prestigieuse qui donne imm\u00e9diatement une image haut de gamme \u00e0 votre \u00e9tablissement. Son design arrondi et son devant capitonn\u00e9, d\u00e9cor\u00e9 de cristaux Swarovski\u00ae, attirent tous les regards. Ce mobilier de coiffure professionnel allie luxe et praticit\u00e9.<\/p>\n<h4><strong>Un comptoir d&rsquo;accueil unique et personnalisable<\/strong><\/h4>\n<ul>\n<li>Rev\u00eatement disponible en dizaines de couleurs<\/li>\n<li>Pieds en bois de h\u00eatre teint\u00e9s ou laqu\u00e9s RAL\/NCS<\/li>\n<li>Style adapt\u00e9 aux int\u00e9rieurs glamour, modernes ou classiques<\/li>\n<\/ul>\n<h4><strong>Un comptoir caisse spacieux et pratique<\/strong><\/h4>\n<ul>\n<li>Tiroir int\u00e9gr\u00e9 avec syst\u00e8me robuste<\/li>\n<li>Deux placards ferm\u00e9s et deux \u00e9tag\u00e8res ouvertes<\/li>\n<li>Poign\u00e9es argent\u00e9es et verrou disponible en option<\/li>\n<\/ul>\n<h4><strong>Technical specifications<\/strong><\/h4>\n<ul>\n<li>Hauteur : 113 cm<\/li>\n<li>Largeur : 161 cm<\/li>\n<li>Profondeur : 64 cm<\/li>\n<li>Structure en panneau lamin\u00e9 (non bois massif)<\/li>\n<li>Lead time: 3 to 5 weeks<\/li>\n<\/ul>\n<p>Ce meuble d\u2019accueil pour salon de coiffure optimise votre organisation et impressionne vos clients d\u00e8s leur arriv\u00e9e. Le comptoir caisse OBSESSION II est un meuble pour salon de coiffure pens\u00e9 pour durer, alliant design raffin\u00e9, rangements fonctionnels et \u00e9l\u00e9gance intemporelle.<\/p>","protected":false},"excerpt":{"rendered":"<p>Transformez l&rsquo;image de votre salon avec le meuble de r\u00e9ception OBSESSION II. Un design unique et personnalisable qui impressionnera vos clients ! \u2728<\/p>","protected":false},"featured_media":53154,"comment_status":"open","ping_status":"closed","template":"","meta":{"googlesitekit_rrm_CAow0YCiDA:productID":"","jetpack_publicize_message":"","jetpack_publicize_feature_enabled":true,"jetpack_social_post_already_shared":true,"jetpack_social_options":{"image_generator_settings":{"template":"highway","default_image_id":0,"font":"","enabled":false},"version":2}},"product_brand":[578],"product_cat":[59,313],"product_tag":[331,332,535,125],"class_list":{"0":"post-44837","1":"product","2":"type-product","3":"status-publish","4":"has-post-thumbnail","6":"product_brand-ayala","7":"product_cat-comptoir-daccueil","8":"product_cat-meuble-de-coiffure","9":"product_tag-comptoir-daccueil","10":"product_tag-meuble-de-reception","11":"product_tag-mobilier-de-coiffure-professionnel","12":"product_tag-salon-de-coiffure","14":"first","15":"instock","16":"sale","17":"featured","18":"taxable","19":"shipping-taxable","20":"purchasable","21":"product-type-simple"},"yoast_head":"<!-- This site is optimized with the Yoast SEO Premium plugin v27.5 (Yoast SEO v27.5) - https:\/\/yoast.com\/product\/yoast-seo-premium-wordpress\/ -->\n<title>Meuble de r\u00e9ception OBSESSION II avec D\u00e9cor Cristal - Groupe Coiff<\/title>\n<meta name=\"description\" content=\"Le meuble de r\u00e9ception OBSESSION II est l&#039;\u00e9l\u00e9ment parfait pour rehausser votre \u00e9tablissement. Luxueux et personnalis\u00e9, il saura s\u00e9duire vos clients. \ud83d\ude0d\" \/>\n<meta name=\"robots\" content=\"index, follow, max-snippet:-1, max-image-preview:large, max-video-preview:-1\" \/>\n<link rel=\"canonical\" href=\"https:\/\/groupecoiff.com\/en\/product-2\/meuble-de-reception-obsession-ii\/\" \/>\n<meta property=\"og:locale\" content=\"en_US\" \/>\n<meta property=\"og:type\" content=\"article\" \/>\n<meta property=\"og:title\" content=\"Meuble de r\u00e9ception OBSESSION II\" \/>\n<meta property=\"og:description\" content=\"Le meuble de r\u00e9ception OBSESSION II est l&#039;\u00e9l\u00e9ment parfait pour rehausser votre \u00e9tablissement. Luxueux et personnalis\u00e9, il saura s\u00e9duire vos clients. \ud83d\ude0d\" \/>\n<meta property=\"og:url\" content=\"https:\/\/groupecoiff.com\/en\/product-2\/meuble-de-reception-obsession-ii\/\" \/>\n<meta property=\"og:site_name\" content=\"Groupe Coiff\" \/>\n<meta property=\"article:publisher\" content=\"https:\/\/www.facebook.com\/GroupeCoiff\" \/>\n<meta property=\"article:modified_time\" content=\"2026-05-11T13:27:15+00:00\" \/>\n<meta property=\"og:image\" content=\"https:\/\/groupecoiff.com\/wp-content\/uploads\/2025\/09\/OBSESSION-II-1.webp\" \/>\n\t<meta property=\"og:image:width\" content=\"650\" \/>\n\t<meta property=\"og:image:height\" content=\"650\" \/>\n\t<meta property=\"og:image:type\" content=\"image\/webp\" \/>\n<meta name=\"twitter:card\" content=\"summary_large_image\" \/>\n<meta name=\"twitter:site\" content=\"@groupecoiff\" \/>\n<meta name=\"twitter:label1\" content=\"Price\" \/>\n\t<meta name=\"twitter:data1\" content=\"2250,00&nbsp;&euro;\" \/>\n\t<meta name=\"twitter:label2\" content=\"Availability\" \/>\n\t<meta name=\"twitter:data2\" content=\"In stock\" \/>\n<script type=\"application\/ld+json\" class=\"yoast-schema-graph\">{\"@context\":\"https:\\\/\\\/schema.org\",\"@graph\":[{\"@type\":\"WebPage\",\"@id\":\"https:\\\/\\\/groupecoiff.com\\\/produit\\\/meuble-de-reception-obsession-ii\\\/\",\"url\":\"https:\\\/\\\/groupecoiff.com\\\/produit\\\/meuble-de-reception-obsession-ii\\\/\",\"name\":\"Meuble de r\u00e9ception OBSESSION II avec D\u00e9cor Cristal - Groupe Coiff\",\"isPartOf\":{\"@id\":\"https:\\\/\\\/groupecoiff.com\\\/#website\"},\"primaryImageOfPage\":{\"@id\":\"https:\\\/\\\/groupecoiff.com\\\/produit\\\/meuble-de-reception-obsession-ii\\\/#primaryimage\"},\"image\":{\"@id\":\"https:\\\/\\\/groupecoiff.com\\\/produit\\\/meuble-de-reception-obsession-ii\\\/#primaryimage\"},\"thumbnailUrl\":\"https:\\\/\\\/groupecoiff.com\\\/wp-content\\\/uploads\\\/2025\\\/09\\\/OBSESSION-II-1.webp\",\"datePublished\":\"2025-09-21T13:42:07+00:00\",\"dateModified\":\"2026-05-11T13:27:15+00:00\",\"description\":\"Le meuble de r\u00e9ception OBSESSION II est l'\u00e9l\u00e9ment parfait pour rehausser votre \u00e9tablissement. Luxueux et personnalis\u00e9, il saura s\u00e9duire vos clients. \ud83d\ude0d\",\"breadcrumb\":{\"@id\":\"https:\\\/\\\/groupecoiff.com\\\/produit\\\/meuble-de-reception-obsession-ii\\\/#breadcrumb\"},\"inLanguage\":\"en-US\",\"potentialAction\":[{\"@type\":\"ReadAction\",\"target\":[\"https:\\\/\\\/groupecoiff.com\\\/produit\\\/meuble-de-reception-obsession-ii\\\/\"]}]},{\"@type\":\"ImageObject\",\"inLanguage\":\"en-US\",\"@id\":\"https:\\\/\\\/groupecoiff.com\\\/produit\\\/meuble-de-reception-obsession-ii\\\/#primaryimage\",\"url\":\"https:\\\/\\\/groupecoiff.com\\\/wp-content\\\/uploads\\\/2025\\\/09\\\/OBSESSION-II-1.webp\",\"contentUrl\":\"https:\\\/\\\/groupecoiff.com\\\/wp-content\\\/uploads\\\/2025\\\/09\\\/OBSESSION-II-1.webp\",\"width\":650,\"height\":650,\"caption\":\"Meuble de r\u00e9ception OBSESSION-II - Comptoir d'Accueil OBSESSION-II - Meuble d'Accueil OBSESSION-II - Comptoir caisse OBSESSION-II - mobilier de coiffure haut de gamme - meuble pour salon de coiffure\"},{\"@type\":\"BreadcrumbList\",\"@id\":\"https:\\\/\\\/groupecoiff.com\\\/produit\\\/meuble-de-reception-obsession-ii\\\/#breadcrumb\",\"itemListElement\":[{\"@type\":\"ListItem\",\"position\":1,\"name\":\"Accueil\",\"item\":\"https:\\\/\\\/groupecoiff.com\\\/\"},{\"@type\":\"ListItem\",\"position\":2,\"name\":\"Boutique\",\"item\":\"https:\\\/\\\/groupecoiff.com\\\/en\\\/boutique\\\/\"},{\"@type\":\"ListItem\",\"position\":3,\"name\":\"Meuble de r\u00e9ception OBSESSION II\"}]},{\"@type\":\"WebSite\",\"@id\":\"https:\\\/\\\/groupecoiff.com\\\/#website\",\"url\":\"https:\\\/\\\/groupecoiff.com\\\/\",\"name\":\"Groupe Coiff\",\"description\":\"Tout pour la coiffure\",\"publisher\":{\"@id\":\"https:\\\/\\\/groupecoiff.com\\\/#organization\"},\"potentialAction\":[{\"@type\":\"SearchAction\",\"target\":{\"@type\":\"EntryPoint\",\"urlTemplate\":\"https:\\\/\\\/groupecoiff.com\\\/?s={search_term_string}\"},\"query-input\":{\"@type\":\"PropertyValueSpecification\",\"valueRequired\":true,\"valueName\":\"search_term_string\"}}],\"inLanguage\":\"en-US\"},{\"@type\":\"Organization\",\"@id\":\"https:\\\/\\\/groupecoiff.com\\\/#organization\",\"name\":\"Groupe Coiff\",\"alternateName\":\"Groupe Coiff : Le Mobilier De Coiffure Haut de Gamme Pour Une \u00c9l\u00e9gance In\u00e9gal\u00e9e\",\"url\":\"https:\\\/\\\/groupecoiff.com\\\/\",\"logo\":{\"@type\":\"ImageObject\",\"inLanguage\":\"en-US\",\"@id\":\"https:\\\/\\\/groupecoiff.com\\\/#\\\/schema\\\/logo\\\/image\\\/\",\"url\":\"https:\\\/\\\/groupecoiff.com\\\/wp-content\\\/uploads\\\/2024\\\/01\\\/cropped-Groupe-Coiff-Logo.webp\",\"contentUrl\":\"https:\\\/\\\/groupecoiff.com\\\/wp-content\\\/uploads\\\/2024\\\/01\\\/cropped-Groupe-Coiff-Logo.webp\",\"width\":512,\"height\":512,\"caption\":\"Groupe Coiff\"},\"image\":{\"@id\":\"https:\\\/\\\/groupecoiff.com\\\/#\\\/schema\\\/logo\\\/image\\\/\"},\"sameAs\":[\"https:\\\/\\\/www.facebook.com\\\/GroupeCoiff\",\"https:\\\/\\\/x.com\\\/groupecoiff\",\"https:\\\/\\\/www.instagram.com\\\/groupecoiff\\\/\",\"https:\\\/\\\/www.tiktok.com\\\/@groupecoiff\",\"https:\\\/\\\/www.youtube.com\\\/@groupecoiff\",\"https:\\\/\\\/twitter.com\\\/groupecoiff\",\"https:\\\/\\\/www.leboncoin.fr\\\/boutique\\\/3961302\\\/groupe_coiff.htm\"],\"description\":\"D\u00e9couvrez le mobilier de coiffure haut de gamme de Groupe Coiff, alliant \u00e9l\u00e9gance et fonctionnalit\u00e9 pour sublimer votre salon et satisfaire vos clients.\",\"email\":\"contact@groupecoiff.com\",\"telephone\":\"0676951605\",\"legalName\":\"Groupe Coiff\",\"foundingDate\":\"2022-11-16\",\"vatID\":\"FR84921406419\",\"taxID\":\"92140641900025\"}]}<\/script>\n<meta property=\"product:price:amount\" content=\"2250.00\" \/>\n<meta property=\"product:price:currency\" content=\"EUR\" \/>\n<meta property=\"og:availability\" content=\"instock\" \/>\n<meta property=\"product:availability\" content=\"instock\" \/>\n<meta property=\"product:condition\" content=\"new\" \/>\n<!-- \/ Yoast SEO Premium plugin. -->","yoast_head_json":{"title":"Meuble de r\u00e9ception OBSESSION II avec D\u00e9cor Cristal - Groupe Coiff","description":"Le meuble de r\u00e9ception OBSESSION II est l'\u00e9l\u00e9ment parfait pour rehausser votre \u00e9tablissement. Luxueux et personnalis\u00e9, il saura s\u00e9duire vos clients. \ud83d\ude0d","robots":{"index":"index","follow":"follow","max-snippet":"max-snippet:-1","max-image-preview":"max-image-preview:large","max-video-preview":"max-video-preview:-1"},"canonical":"https:\/\/groupecoiff.com\/en\/product-2\/meuble-de-reception-obsession-ii\/","og_locale":"en_US","og_type":"article","og_title":"Meuble de r\u00e9ception OBSESSION II","og_description":"Le meuble de r\u00e9ception OBSESSION II est l'\u00e9l\u00e9ment parfait pour rehausser votre \u00e9tablissement. Luxueux et personnalis\u00e9, il saura s\u00e9duire vos clients. \ud83d\ude0d","og_url":"https:\/\/groupecoiff.com\/en\/product-2\/meuble-de-reception-obsession-ii\/","og_site_name":"Groupe Coiff","article_publisher":"https:\/\/www.facebook.com\/GroupeCoiff","article_modified_time":"2026-05-11T13:27:15+00:00","og_image":[{"width":650,"height":650,"url":"https:\/\/groupecoiff.com\/wp-content\/uploads\/2025\/09\/OBSESSION-II-1.webp","type":"image\/webp"}],"twitter_card":"summary_large_image","twitter_site":"@groupecoiff","twitter_misc":{"Price":"2250,00&nbsp;&euro;","Availability":"In stock"},"schema":{"@context":"https:\/\/schema.org","@graph":[{"@type":"WebPage","@id":"https:\/\/groupecoiff.com\/produit\/meuble-de-reception-obsession-ii\/","url":"https:\/\/groupecoiff.com\/produit\/meuble-de-reception-obsession-ii\/","name":"Meuble de r\u00e9ception OBSESSION II avec D\u00e9cor Cristal - Groupe Coiff","isPartOf":{"@id":"https:\/\/groupecoiff.com\/#website"},"primaryImageOfPage":{"@id":"https:\/\/groupecoiff.com\/produit\/meuble-de-reception-obsession-ii\/#primaryimage"},"image":{"@id":"https:\/\/groupecoiff.com\/produit\/meuble-de-reception-obsession-ii\/#primaryimage"},"thumbnailUrl":"https:\/\/groupecoiff.com\/wp-content\/uploads\/2025\/09\/OBSESSION-II-1.webp","datePublished":"2025-09-21T13:42:07+00:00","dateModified":"2026-05-11T13:27:15+00:00","description":"Le meuble de r\u00e9ception OBSESSION II est l'\u00e9l\u00e9ment parfait pour rehausser votre \u00e9tablissement. Luxueux et personnalis\u00e9, il saura s\u00e9duire vos clients. \ud83d\ude0d","breadcrumb":{"@id":"https:\/\/groupecoiff.com\/produit\/meuble-de-reception-obsession-ii\/#breadcrumb"},"inLanguage":"en-US","potentialAction":[{"@type":"ReadAction","target":["https:\/\/groupecoiff.com\/produit\/meuble-de-reception-obsession-ii\/"]}]},{"@type":"ImageObject","inLanguage":"en-US","@id":"https:\/\/groupecoiff.com\/produit\/meuble-de-reception-obsession-ii\/#primaryimage","url":"https:\/\/groupecoiff.com\/wp-content\/uploads\/2025\/09\/OBSESSION-II-1.webp","contentUrl":"https:\/\/groupecoiff.com\/wp-content\/uploads\/2025\/09\/OBSESSION-II-1.webp","width":650,"height":650,"caption":"Meuble de r\u00e9ception OBSESSION-II - Comptoir d'Accueil OBSESSION-II - Meuble d'Accueil OBSESSION-II - Comptoir caisse OBSESSION-II - mobilier de coiffure haut de gamme - meuble pour salon de coiffure"},{"@type":"BreadcrumbList","@id":"https:\/\/groupecoiff.com\/produit\/meuble-de-reception-obsession-ii\/#breadcrumb","itemListElement":[{"@type":"ListItem","position":1,"name":"Accueil","item":"https:\/\/groupecoiff.com\/"},{"@type":"ListItem","position":2,"name":"Boutique","item":"https:\/\/groupecoiff.com\/en\/boutique\/"},{"@type":"ListItem","position":3,"name":"Meuble de r\u00e9ception OBSESSION II"}]},{"@type":"WebSite","@id":"https:\/\/groupecoiff.com\/#website","url":"https:\/\/groupecoiff.com\/","name":"Coiff Group","description":"Everything for the hairdresser","publisher":{"@id":"https:\/\/groupecoiff.com\/#organization"},"potentialAction":[{"@type":"SearchAction","target":{"@type":"EntryPoint","urlTemplate":"https:\/\/groupecoiff.com\/?s={search_term_string}"},"query-input":{"@type":"PropertyValueSpecification","valueRequired":true,"valueName":"search_term_string"}}],"inLanguage":"en-US"},{"@type":"Organization","@id":"https:\/\/groupecoiff.com\/#organization","name":"Coiff Group","alternateName":"Groupe Coiff : Le Mobilier De Coiffure Haut de Gamme Pour Une \u00c9l\u00e9gance In\u00e9gal\u00e9e","url":"https:\/\/groupecoiff.com\/","logo":{"@type":"ImageObject","inLanguage":"en-US","@id":"https:\/\/groupecoiff.com\/#\/schema\/logo\/image\/","url":"https:\/\/groupecoiff.com\/wp-content\/uploads\/2024\/01\/cropped-Groupe-Coiff-Logo.webp","contentUrl":"https:\/\/groupecoiff.com\/wp-content\/uploads\/2024\/01\/cropped-Groupe-Coiff-Logo.webp","width":512,"height":512,"caption":"Groupe Coiff"},"image":{"@id":"https:\/\/groupecoiff.com\/#\/schema\/logo\/image\/"},"sameAs":["https:\/\/www.facebook.com\/GroupeCoiff","https:\/\/x.com\/groupecoiff","https:\/\/www.instagram.com\/groupecoiff\/","https:\/\/www.tiktok.com\/@groupecoiff","https:\/\/www.youtube.com\/@groupecoiff","https:\/\/twitter.com\/groupecoiff","https:\/\/www.leboncoin.fr\/boutique\/3961302\/groupe_coiff.htm"],"description":"Discover Groupe Coiff's top-of-the-range hairdressing furniture, combining elegance and functionality to enhance your salon and satisfy your customers.","email":"contact@groupecoiff.com","telephone":"0676951605","legalName":"Groupe Coiff","foundingDate":"2022-11-16","vatID":"FR84921406419","taxID":"92140641900025"}]},"product_price_amount":"2250.00","product_price_currency":"EUR","og_availability":"instock","product_availability":"instock","product_condition":"new"},"jetpack_publicize_connections":[],"jetpack_likes_enabled":true,"jetpack_sharing_enabled":true,"_links":{"self":[{"href":"https:\/\/groupecoiff.com\/en\/wp-json\/wp\/v2\/product\/44837","targetHints":{"allow":["GET"]}}],"collection":[{"href":"https:\/\/groupecoiff.com\/en\/wp-json\/wp\/v2\/product"}],"about":[{"href":"https:\/\/groupecoiff.com\/en\/wp-json\/wp\/v2\/types\/product"}],"replies":[{"embeddable":true,"href":"https:\/\/groupecoiff.com\/en\/wp-json\/wp\/v2\/comments?post=44837"}],"version-history":[{"count":2,"href":"https:\/\/groupecoiff.com\/en\/wp-json\/wp\/v2\/product\/44837\/revisions"}],"predecessor-version":[{"id":53153,"href":"https:\/\/groupecoiff.com\/en\/wp-json\/wp\/v2\/product\/44837\/revisions\/53153"}],"wp:featuredmedia":[{"embeddable":true,"href":"https:\/\/groupecoiff.com\/en\/wp-json\/wp\/v2\/media\/53154"}],"wp:attachment":[{"href":"https:\/\/groupecoiff.com\/en\/wp-json\/wp\/v2\/media?parent=44837"}],"wp:term":[{"taxonomy":"product_brand","embeddable":true,"href":"https:\/\/groupecoiff.com\/en\/wp-json\/wp\/v2\/product_brand?post=44837"},{"taxonomy":"product_cat","embeddable":true,"href":"https:\/\/groupecoiff.com\/en\/wp-json\/wp\/v2\/product_cat?post=44837"},{"taxonomy":"product_tag","embeddable":true,"href":"https:\/\/groupecoiff.com\/en\/wp-json\/wp\/v2\/product_tag?post=44837"}],"curies":[{"name":"wp","href":"https:\/\/api.w.org\/{rel}","templated":true}]}}