{"id":50317,"date":"2026-02-27T12:53:07","date_gmt":"2026-02-27T11:53:07","guid":{"rendered":"https:\/\/groupecoiff.com\/?post_type=product&#038;p=50317"},"modified":"2026-03-24T20:19:58","modified_gmt":"2026-03-24T19:19:58","slug":"fauteuil-extension-de-cils-courbe-corona","status":"publish","type":"product","link":"https:\/\/groupecoiff.com\/en\/produit\/fauteuil-extension-de-cils-courbe-corona\/","title":{"rendered":"Fauteuil extension de cils courb\u00e9 CORONA"},"content":{"rendered":"<h3>\u2022 Lit de beaut\u00e9 \u00e0 cils courb\u00e9 CORONA : ergonomie parfaite et image premium<\/h3>\n<p>Le Fauteuil extension de cils courb\u00e9 CORONA\u00a0est con\u00e7u pour les sp\u00e9cialistes des extensions de cils, du microblading et du maquillage permanent.<br \/>\nIl associe confort avanc\u00e9 et design luxueux.<br \/>\nAinsi, il am\u00e9liore la pr\u00e9cision des prestations tout en valorisant imm\u00e9diatement l\u2019image de votre institut.<\/p>\n<h3><strong>Un design haut de gamme qui attire le regard<\/strong><\/h3>\n<p>Son rev\u00eatement en velours noir capitonn\u00e9 apporte une touche \u00e9l\u00e9gante et moderne.<br \/>\nLa base m\u00e9tallique dor\u00e9e garantit stabilit\u00e9 et r\u00e9sistance dans le temps.<br \/>\nPar cons\u00e9quent, votre cabine refl\u00e8te un positionnement professionnel et premium.<\/p>\n<p>L\u2019alliance du noir profond et du dor\u00e9 cr\u00e9e une signature visuelle forte adapt\u00e9e aux espaces sp\u00e9cialis\u00e9s.<\/p>\n<h3><strong>R\u00e9glages pr\u00e9cis et confort de travail optimal<\/strong><\/h3>\n<p>La hauteur se r\u00e8gle sur une amplitude de \u00b117 cm gr\u00e2ce \u00e0 une pompe hydraulique fiable.<br \/>\nLa t\u00eati\u00e8re varie de 75 \u00e0 92 cm selon vos besoins.<br \/>\nDe plus, la rotation \u00e0 360\u00b0 facilite vos mouvements autour de la cliente.<\/p>\n<p>Un syst\u00e8me de verrouillage int\u00e9gr\u00e9 maintient la position s\u00e9lectionn\u00e9e.<br \/>\nLa base crois\u00e9e de 125 cm assure un excellent \u00e9quilibre pendant les soins techniques.<\/p>\n<h3><strong>Confort \u00e9tudi\u00e9 pour les prestations longues<\/strong><\/h3>\n<p>Le matelas incurv\u00e9 \u00e9pouse naturellement les formes du corps.<br \/>\nLa mousse haute densit\u00e9 offre un maintien ferme et homog\u00e8ne.<br \/>\nAinsi, la cliente reste d\u00e9tendue sans points de pression.<\/p>\n<p>Deux coussins ergonomiques amovibles sont inclus pour adapter le soutien selon chaque morphologie.<\/p>\n<h3><strong>Dimensions techniques<\/strong><\/h3>\n<ul>\n<li>Longueur totale : 190 cm<\/li>\n<li>Largeur d\u2019assise : 70 cm<\/li>\n<li>Hauteur pieds : 50 \u00e0 67 cm<\/li>\n<li>Rev\u00eatement : velours premium capitonn\u00e9<\/li>\n<li>Base : m\u00e9tal dor\u00e9 robuste<\/li>\n<\/ul>\n<p>Choisir CORONA, c\u2019est investir dans un mobilier esth\u00e9tique durable, stable et con\u00e7u pour optimiser vos prestations professionnelles au quotidien.<\/p>","protected":false},"excerpt":{"rendered":"<p>Transformez votre institut avec le fauteuil extension de cils courb\u00e9 CORONA. Son design \u00e9l\u00e9gant et sa fonction hydraulique vont vous ravir !\ud83c\udf1f<\/p>","protected":false},"featured_media":50394,"comment_status":"open","ping_status":"closed","template":"","meta":{"googlesitekit_rrm_CAow0YCiDA:productID":"","jetpack_publicize_message":"Fauteuil extension de cils courb\u00e9 CORONA","jetpack_publicize_feature_enabled":true,"jetpack_social_post_already_shared":true,"jetpack_social_options":{"image_generator_settings":{"template":"highway","default_image_id":0,"font":"","enabled":false},"version":2}},"product_brand":[650],"product_cat":[486,61,77],"product_tag":[658,659,368],"class_list":{"0":"post-50317","1":"product","2":"type-product","3":"status-publish","4":"has-post-thumbnail","6":"product_brand-sillon","7":"product_cat-fauteuil-de-soins-esthetique","8":"product_cat-mobilier-esthetique","9":"product_cat-table-de-massage","10":"product_tag-fauteuil-extension-de-cils","11":"product_tag-lit-esthetique-professionnel","12":"product_tag-mobilier-esthetique-professionnel","14":"first","15":"outofstock","16":"sale","17":"taxable","18":"shipping-taxable","19":"purchasable","20":"product-type-simple"},"yoast_head":"<!-- This site is optimized with the Yoast SEO Premium plugin v27.5 (Yoast SEO v27.5) - https:\/\/yoast.com\/product\/yoast-seo-premium-wordpress\/ -->\n<title>Fauteuil extension de cils courb\u00e9 CORONA pour Professionnels - Groupe Coiff<\/title>\n<meta name=\"description\" content=\"Le fauteuil extension de cils courb\u00e9 CORONA allie confort et ergonomie pour un travail optimal. Faites le choix du professionnalisme, commandez-le !\" \/>\n<meta name=\"robots\" content=\"index, follow, max-snippet:-1, max-image-preview:large, max-video-preview:-1\" \/>\n<link rel=\"canonical\" href=\"https:\/\/groupecoiff.com\/en\/product-2\/fauteuil-extension-de-cils-courbe-corona\/\" \/>\n<meta property=\"og:locale\" content=\"en_US\" \/>\n<meta property=\"og:type\" content=\"article\" \/>\n<meta property=\"og:title\" content=\"Fauteuil extension de cils courb\u00e9 CORONA\" \/>\n<meta property=\"og:description\" content=\"Le fauteuil extension de cils courb\u00e9 CORONA allie confort et ergonomie pour un travail optimal. Faites le choix du professionnalisme, commandez-le !\" \/>\n<meta property=\"og:url\" content=\"https:\/\/groupecoiff.com\/en\/product-2\/fauteuil-extension-de-cils-courbe-corona\/\" \/>\n<meta property=\"og:site_name\" content=\"Groupe Coiff\" \/>\n<meta property=\"article:publisher\" content=\"https:\/\/www.facebook.com\/GroupeCoiff\" \/>\n<meta property=\"article:modified_time\" content=\"2026-03-24T19:19:58+00:00\" \/>\n<meta property=\"og:image\" content=\"https:\/\/groupecoiff.com\/wp-content\/uploads\/2026\/02\/Corona-17.png\" \/>\n\t<meta property=\"og:image:width\" content=\"650\" \/>\n\t<meta property=\"og:image:height\" content=\"650\" \/>\n\t<meta property=\"og:image:type\" content=\"image\/png\" \/>\n<meta name=\"twitter:card\" content=\"summary_large_image\" \/>\n<meta name=\"twitter:site\" content=\"@groupecoiff\" \/>\n<meta name=\"twitter:label1\" content=\"Price\" \/>\n\t<meta name=\"twitter:data1\" content=\"790,00&nbsp;&euro;\" \/>\n\t<meta name=\"twitter:label2\" content=\"Availability\" \/>\n\t<meta name=\"twitter:data2\" content=\"Out of stock\" \/>\n<script type=\"application\/ld+json\" class=\"yoast-schema-graph\">{\"@context\":\"https:\\\/\\\/schema.org\",\"@graph\":[{\"@type\":\"WebPage\",\"@id\":\"https:\\\/\\\/groupecoiff.com\\\/produit\\\/fauteuil-extension-de-cils-courbe-corona\\\/\",\"url\":\"https:\\\/\\\/groupecoiff.com\\\/produit\\\/fauteuil-extension-de-cils-courbe-corona\\\/\",\"name\":\"Fauteuil extension de cils courb\u00e9 CORONA pour Professionnels - Groupe Coiff\",\"isPartOf\":{\"@id\":\"https:\\\/\\\/groupecoiff.com\\\/#website\"},\"primaryImageOfPage\":{\"@id\":\"https:\\\/\\\/groupecoiff.com\\\/produit\\\/fauteuil-extension-de-cils-courbe-corona\\\/#primaryimage\"},\"image\":{\"@id\":\"https:\\\/\\\/groupecoiff.com\\\/produit\\\/fauteuil-extension-de-cils-courbe-corona\\\/#primaryimage\"},\"thumbnailUrl\":\"https:\\\/\\\/groupecoiff.com\\\/wp-content\\\/uploads\\\/2026\\\/02\\\/Corona-17.png\",\"datePublished\":\"2026-02-27T11:53:07+00:00\",\"dateModified\":\"2026-03-24T19:19:58+00:00\",\"description\":\"Le fauteuil extension de cils courb\u00e9 CORONA allie confort et ergonomie pour un travail optimal. Faites le choix du professionnalisme, commandez-le !\",\"breadcrumb\":{\"@id\":\"https:\\\/\\\/groupecoiff.com\\\/produit\\\/fauteuil-extension-de-cils-courbe-corona\\\/#breadcrumb\"},\"inLanguage\":\"en-US\",\"potentialAction\":[{\"@type\":\"ReadAction\",\"target\":[\"https:\\\/\\\/groupecoiff.com\\\/produit\\\/fauteuil-extension-de-cils-courbe-corona\\\/\"]}]},{\"@type\":\"ImageObject\",\"inLanguage\":\"en-US\",\"@id\":\"https:\\\/\\\/groupecoiff.com\\\/produit\\\/fauteuil-extension-de-cils-courbe-corona\\\/#primaryimage\",\"url\":\"https:\\\/\\\/groupecoiff.com\\\/wp-content\\\/uploads\\\/2026\\\/02\\\/Corona-17.png\",\"contentUrl\":\"https:\\\/\\\/groupecoiff.com\\\/wp-content\\\/uploads\\\/2026\\\/02\\\/Corona-17.png\",\"width\":650,\"height\":650,\"caption\":\"Lit de beaut\u00e9 \u00e0 cils courb\u00e9 CORONA - lit esth\u00e9tique professionnel - fauteuil esth\u00e9tique professionnel - mobilier esth\u00e9tique professionnel - fauteuil extension de cils\"},{\"@type\":\"BreadcrumbList\",\"@id\":\"https:\\\/\\\/groupecoiff.com\\\/produit\\\/fauteuil-extension-de-cils-courbe-corona\\\/#breadcrumb\",\"itemListElement\":[{\"@type\":\"ListItem\",\"position\":1,\"name\":\"Accueil\",\"item\":\"https:\\\/\\\/groupecoiff.com\\\/\"},{\"@type\":\"ListItem\",\"position\":2,\"name\":\"Boutique\",\"item\":\"https:\\\/\\\/groupecoiff.com\\\/en\\\/boutique\\\/\"},{\"@type\":\"ListItem\",\"position\":3,\"name\":\"Fauteuil extension de cils courb\u00e9 CORONA\"}]},{\"@type\":\"WebSite\",\"@id\":\"https:\\\/\\\/groupecoiff.com\\\/#website\",\"url\":\"https:\\\/\\\/groupecoiff.com\\\/\",\"name\":\"Groupe Coiff\",\"description\":\"Tout pour la coiffure\",\"publisher\":{\"@id\":\"https:\\\/\\\/groupecoiff.com\\\/#organization\"},\"potentialAction\":[{\"@type\":\"SearchAction\",\"target\":{\"@type\":\"EntryPoint\",\"urlTemplate\":\"https:\\\/\\\/groupecoiff.com\\\/?s={search_term_string}\"},\"query-input\":{\"@type\":\"PropertyValueSpecification\",\"valueRequired\":true,\"valueName\":\"search_term_string\"}}],\"inLanguage\":\"en-US\"},{\"@type\":\"Organization\",\"@id\":\"https:\\\/\\\/groupecoiff.com\\\/#organization\",\"name\":\"Groupe Coiff\",\"alternateName\":\"Groupe Coiff : Le Mobilier De Coiffure Haut de Gamme Pour Une \u00c9l\u00e9gance In\u00e9gal\u00e9e\",\"url\":\"https:\\\/\\\/groupecoiff.com\\\/\",\"logo\":{\"@type\":\"ImageObject\",\"inLanguage\":\"en-US\",\"@id\":\"https:\\\/\\\/groupecoiff.com\\\/#\\\/schema\\\/logo\\\/image\\\/\",\"url\":\"https:\\\/\\\/groupecoiff.com\\\/wp-content\\\/uploads\\\/2024\\\/01\\\/cropped-Groupe-Coiff-Logo.webp\",\"contentUrl\":\"https:\\\/\\\/groupecoiff.com\\\/wp-content\\\/uploads\\\/2024\\\/01\\\/cropped-Groupe-Coiff-Logo.webp\",\"width\":512,\"height\":512,\"caption\":\"Groupe Coiff\"},\"image\":{\"@id\":\"https:\\\/\\\/groupecoiff.com\\\/#\\\/schema\\\/logo\\\/image\\\/\"},\"sameAs\":[\"https:\\\/\\\/www.facebook.com\\\/GroupeCoiff\",\"https:\\\/\\\/x.com\\\/groupecoiff\",\"https:\\\/\\\/www.instagram.com\\\/groupecoiff\\\/\",\"https:\\\/\\\/www.tiktok.com\\\/@groupecoiff\",\"https:\\\/\\\/www.youtube.com\\\/@groupecoiff\",\"https:\\\/\\\/twitter.com\\\/groupecoiff\",\"https:\\\/\\\/www.leboncoin.fr\\\/boutique\\\/3961302\\\/groupe_coiff.htm\"],\"description\":\"D\u00e9couvrez le mobilier de coiffure haut de gamme de Groupe Coiff, alliant \u00e9l\u00e9gance et fonctionnalit\u00e9 pour sublimer votre salon et satisfaire vos clients.\",\"email\":\"contact@groupecoiff.com\",\"telephone\":\"0676951605\",\"legalName\":\"Groupe Coiff\",\"foundingDate\":\"2022-11-16\",\"vatID\":\"FR84921406419\",\"taxID\":\"92140641900025\"}]}<\/script>\n<meta property=\"product:price:amount\" content=\"790.00\" \/>\n<meta property=\"product:price:currency\" content=\"EUR\" \/>\n<meta property=\"og:availability\" content=\"out of stock\" \/>\n<meta property=\"product:availability\" content=\"out of stock\" \/>\n<meta property=\"product:condition\" content=\"new\" \/>\n<!-- \/ Yoast SEO Premium plugin. -->","yoast_head_json":{"title":"Fauteuil extension de cils courb\u00e9 CORONA pour Professionnels - Groupe Coiff","description":"Le fauteuil extension de cils courb\u00e9 CORONA allie confort et ergonomie pour un travail optimal. Faites le choix du professionnalisme, commandez-le !","robots":{"index":"index","follow":"follow","max-snippet":"max-snippet:-1","max-image-preview":"max-image-preview:large","max-video-preview":"max-video-preview:-1"},"canonical":"https:\/\/groupecoiff.com\/en\/product-2\/fauteuil-extension-de-cils-courbe-corona\/","og_locale":"en_US","og_type":"article","og_title":"Fauteuil extension de cils courb\u00e9 CORONA","og_description":"Le fauteuil extension de cils courb\u00e9 CORONA allie confort et ergonomie pour un travail optimal. Faites le choix du professionnalisme, commandez-le !","og_url":"https:\/\/groupecoiff.com\/en\/product-2\/fauteuil-extension-de-cils-courbe-corona\/","og_site_name":"Groupe Coiff","article_publisher":"https:\/\/www.facebook.com\/GroupeCoiff","article_modified_time":"2026-03-24T19:19:58+00:00","og_image":[{"width":650,"height":650,"url":"https:\/\/groupecoiff.com\/wp-content\/uploads\/2026\/02\/Corona-17.png","type":"image\/png"}],"twitter_card":"summary_large_image","twitter_site":"@groupecoiff","twitter_misc":{"Price":"790,00&nbsp;&euro;","Availability":"Out of stock"},"schema":{"@context":"https:\/\/schema.org","@graph":[{"@type":"WebPage","@id":"https:\/\/groupecoiff.com\/produit\/fauteuil-extension-de-cils-courbe-corona\/","url":"https:\/\/groupecoiff.com\/produit\/fauteuil-extension-de-cils-courbe-corona\/","name":"Fauteuil extension de cils courb\u00e9 CORONA pour Professionnels - Groupe Coiff","isPartOf":{"@id":"https:\/\/groupecoiff.com\/#website"},"primaryImageOfPage":{"@id":"https:\/\/groupecoiff.com\/produit\/fauteuil-extension-de-cils-courbe-corona\/#primaryimage"},"image":{"@id":"https:\/\/groupecoiff.com\/produit\/fauteuil-extension-de-cils-courbe-corona\/#primaryimage"},"thumbnailUrl":"https:\/\/groupecoiff.com\/wp-content\/uploads\/2026\/02\/Corona-17.png","datePublished":"2026-02-27T11:53:07+00:00","dateModified":"2026-03-24T19:19:58+00:00","description":"Le fauteuil extension de cils courb\u00e9 CORONA allie confort et ergonomie pour un travail optimal. Faites le choix du professionnalisme, commandez-le !","breadcrumb":{"@id":"https:\/\/groupecoiff.com\/produit\/fauteuil-extension-de-cils-courbe-corona\/#breadcrumb"},"inLanguage":"en-US","potentialAction":[{"@type":"ReadAction","target":["https:\/\/groupecoiff.com\/produit\/fauteuil-extension-de-cils-courbe-corona\/"]}]},{"@type":"ImageObject","inLanguage":"en-US","@id":"https:\/\/groupecoiff.com\/produit\/fauteuil-extension-de-cils-courbe-corona\/#primaryimage","url":"https:\/\/groupecoiff.com\/wp-content\/uploads\/2026\/02\/Corona-17.png","contentUrl":"https:\/\/groupecoiff.com\/wp-content\/uploads\/2026\/02\/Corona-17.png","width":650,"height":650,"caption":"Lit de beaut\u00e9 \u00e0 cils courb\u00e9 CORONA - lit esth\u00e9tique professionnel - fauteuil esth\u00e9tique professionnel - mobilier esth\u00e9tique professionnel - fauteuil extension de cils"},{"@type":"BreadcrumbList","@id":"https:\/\/groupecoiff.com\/produit\/fauteuil-extension-de-cils-courbe-corona\/#breadcrumb","itemListElement":[{"@type":"ListItem","position":1,"name":"Accueil","item":"https:\/\/groupecoiff.com\/"},{"@type":"ListItem","position":2,"name":"Boutique","item":"https:\/\/groupecoiff.com\/en\/boutique\/"},{"@type":"ListItem","position":3,"name":"Fauteuil extension de cils courb\u00e9 CORONA"}]},{"@type":"WebSite","@id":"https:\/\/groupecoiff.com\/#website","url":"https:\/\/groupecoiff.com\/","name":"Coiff Group","description":"Everything for the hairdresser","publisher":{"@id":"https:\/\/groupecoiff.com\/#organization"},"potentialAction":[{"@type":"SearchAction","target":{"@type":"EntryPoint","urlTemplate":"https:\/\/groupecoiff.com\/?s={search_term_string}"},"query-input":{"@type":"PropertyValueSpecification","valueRequired":true,"valueName":"search_term_string"}}],"inLanguage":"en-US"},{"@type":"Organization","@id":"https:\/\/groupecoiff.com\/#organization","name":"Coiff Group","alternateName":"Groupe Coiff : Le Mobilier De Coiffure Haut de Gamme Pour Une \u00c9l\u00e9gance In\u00e9gal\u00e9e","url":"https:\/\/groupecoiff.com\/","logo":{"@type":"ImageObject","inLanguage":"en-US","@id":"https:\/\/groupecoiff.com\/#\/schema\/logo\/image\/","url":"https:\/\/groupecoiff.com\/wp-content\/uploads\/2024\/01\/cropped-Groupe-Coiff-Logo.webp","contentUrl":"https:\/\/groupecoiff.com\/wp-content\/uploads\/2024\/01\/cropped-Groupe-Coiff-Logo.webp","width":512,"height":512,"caption":"Groupe Coiff"},"image":{"@id":"https:\/\/groupecoiff.com\/#\/schema\/logo\/image\/"},"sameAs":["https:\/\/www.facebook.com\/GroupeCoiff","https:\/\/x.com\/groupecoiff","https:\/\/www.instagram.com\/groupecoiff\/","https:\/\/www.tiktok.com\/@groupecoiff","https:\/\/www.youtube.com\/@groupecoiff","https:\/\/twitter.com\/groupecoiff","https:\/\/www.leboncoin.fr\/boutique\/3961302\/groupe_coiff.htm"],"description":"Discover Groupe Coiff's top-of-the-range hairdressing furniture, combining elegance and functionality to enhance your salon and satisfy your customers.","email":"contact@groupecoiff.com","telephone":"0676951605","legalName":"Groupe Coiff","foundingDate":"2022-11-16","vatID":"FR84921406419","taxID":"92140641900025"}]},"product_price_amount":"790.00","product_price_currency":"EUR","og_availability":"out of stock","product_availability":"out of stock","product_condition":"new"},"jetpack_publicize_connections":[],"jetpack_likes_enabled":true,"jetpack_sharing_enabled":true,"_links":{"self":[{"href":"https:\/\/groupecoiff.com\/en\/wp-json\/wp\/v2\/product\/50317","targetHints":{"allow":["GET"]}}],"collection":[{"href":"https:\/\/groupecoiff.com\/en\/wp-json\/wp\/v2\/product"}],"about":[{"href":"https:\/\/groupecoiff.com\/en\/wp-json\/wp\/v2\/types\/product"}],"replies":[{"embeddable":true,"href":"https:\/\/groupecoiff.com\/en\/wp-json\/wp\/v2\/comments?post=50317"}],"version-history":[{"count":3,"href":"https:\/\/groupecoiff.com\/en\/wp-json\/wp\/v2\/product\/50317\/revisions"}],"predecessor-version":[{"id":50377,"href":"https:\/\/groupecoiff.com\/en\/wp-json\/wp\/v2\/product\/50317\/revisions\/50377"}],"wp:featuredmedia":[{"embeddable":true,"href":"https:\/\/groupecoiff.com\/en\/wp-json\/wp\/v2\/media\/50394"}],"wp:attachment":[{"href":"https:\/\/groupecoiff.com\/en\/wp-json\/wp\/v2\/media?parent=50317"}],"wp:term":[{"taxonomy":"product_brand","embeddable":true,"href":"https:\/\/groupecoiff.com\/en\/wp-json\/wp\/v2\/product_brand?post=50317"},{"taxonomy":"product_cat","embeddable":true,"href":"https:\/\/groupecoiff.com\/en\/wp-json\/wp\/v2\/product_cat?post=50317"},{"taxonomy":"product_tag","embeddable":true,"href":"https:\/\/groupecoiff.com\/en\/wp-json\/wp\/v2\/product_tag?post=50317"}],"curies":[{"name":"wp","href":"https:\/\/api.w.org\/{rel}","templated":true}]}}