{"id":51453,"date":"2026-03-23T14:05:49","date_gmt":"2026-03-23T13:05:49","guid":{"rendered":"https:\/\/groupecoiff.com\/?post_type=product&#038;p=51453"},"modified":"2026-03-23T14:24:04","modified_gmt":"2026-03-23T13:24:04","slug":"meuble-de-rangement-henry-l","status":"publish","type":"product","link":"https:\/\/groupecoiff.com\/en\/produit\/meuble-de-rangement-henry-l\/","title":{"rendered":"Meuble de rangement HENRY L"},"content":{"rendered":"<section>\n<h3>Meuble de Rangement HENRY L : L\u2019Extension du Comptoir d\u2019Accueil<\/h3>\n<p>Le meuble de rangement HENRY L s&rsquo;impose comme l&rsquo;extension indispensable pour compl\u00e9ter parfaitement votre comptoir d\u2019accueil HENRY L. Ce mobilier professionnel, con\u00e7u en panneau stratifi\u00e9 robuste, garantit une harmonie visuelle totale tout en optimisant l&rsquo;organisation de votre r\u00e9ception.<\/p>\n<h4>Un Design Harmonis\u00e9 et Premium<\/h4>\n<p>Le meuble de rangement HENRY L arbore une fa\u00e7ade \u00e9l\u00e9gante en lamelles, disponible en 5 coloris tendances. Pour sublimer votre espace, les poign\u00e9es sont propos\u00e9es en finition or ou noir. Par ailleurs, une option de serrure s\u00e9curise efficacement vos documents confidentiels.<\/p>\n<h4>Caract\u00e9ristiques Techniques (H106 x L41 x P38 cm)<\/h4>\n<p>Ce mobilier de bureau se d\u00e9cline en cinq configurations strat\u00e9giques pour r\u00e9pondre \u00e0 chaque besoin de stockage :<\/p>\n<ul>\n<li><strong>HL0<\/strong> : Structure avec \u00e9tag\u00e8res ouvertes pour un acc\u00e8s imm\u00e9diat.<\/li>\n<li><strong>HL1<\/strong> : Mod\u00e8le enti\u00e8rement ferm\u00e9 avec une porte int\u00e9grale \u00e9pur\u00e9e.<\/li>\n<li><strong>HL2<\/strong> : Rangement mixte combinant une niche ouverte et un placard.<\/li>\n<li><strong>HL3<\/strong> : Polyvalence maximale avec niche, tiroir et porte int\u00e9gr\u00e9e.<\/li>\n<li><strong>HL4<\/strong> : Organisation optimale via une niche et trois tiroirs spacieux.<\/li>\n<\/ul>\n<h4>Une Solution de Rangement Strat\u00e9gique<\/h4>\n<p>En conclusion, ce caisson devient le partenaire id\u00e9al de votre banque d&rsquo;accueil. Il offre un gain de place intelligent et renforce imm\u00e9diatement votre image de marque aupr\u00e8s de vos clients. C&rsquo;est un investissement durable pour un secr\u00e9tariat ordonn\u00e9 et professionnel.<\/p>\n<\/section>","protected":false},"excerpt":{"rendered":"<div class=\"yst-label yst-radio__label yst-flex yst-flex-wrap yst-items-center\">D\u00e9couvrez le meuble de rangement HENRY L pour un accueil \u00e9l\u00e9gant et organis\u00e9. Ajoutez cette pi\u00e8ce ma\u00eetresse \u00e0 votre comptoir d\u00e8s aujourd&rsquo;hui !<\/div>","protected":false},"featured_media":51460,"comment_status":"open","ping_status":"closed","template":"","meta":{"googlesitekit_rrm_CAow0YCiDA:productID":"","jetpack_publicize_message":"","jetpack_publicize_feature_enabled":true,"jetpack_social_post_already_shared":true,"jetpack_social_options":{"image_generator_settings":{"template":"highway","default_image_id":0,"font":"","enabled":false},"version":2}},"product_brand":[594],"product_cat":[59,313],"product_tag":[331,324,332,125],"class_list":{"0":"post-51453","1":"product","2":"type-product","3":"status-publish","4":"has-post-thumbnail","6":"product_brand-mila","7":"product_cat-comptoir-daccueil","8":"product_cat-meuble-de-coiffure","9":"product_tag-comptoir-daccueil","10":"product_tag-meuble-de-coiffure-professionnel","11":"product_tag-meuble-de-reception","12":"product_tag-salon-de-coiffure","14":"first","15":"instock","16":"taxable","17":"shipping-taxable","18":"purchasable","19":"product-type-simple"},"yoast_head":"<!-- This site is optimized with the Yoast SEO Premium plugin v27.5 (Yoast SEO v27.5) - https:\/\/yoast.com\/product\/yoast-seo-premium-wordpress\/ -->\n<title>Meuble de rangement HENRY L pour une organisation optimale - Groupe Coiff<\/title>\n<meta name=\"description\" content=\"Optimisez votre espace avec le meuble de rangement HENRY L. Con\u00e7u en panneau stratifi\u00e9, il apporte une touche sophistiqu\u00e9e \u00e0 votre r\u00e9ception ! \u2728\" \/>\n<meta name=\"robots\" content=\"index, follow, max-snippet:-1, max-image-preview:large, max-video-preview:-1\" \/>\n<link rel=\"canonical\" href=\"https:\/\/groupecoiff.com\/en\/product-2\/meuble-de-rangement-henry-l\/\" \/>\n<meta property=\"og:locale\" content=\"en_US\" \/>\n<meta property=\"og:type\" content=\"article\" \/>\n<meta property=\"og:title\" content=\"Meuble de rangement HENRY L\" \/>\n<meta property=\"og:description\" content=\"Optimisez votre espace avec le meuble de rangement HENRY L. Con\u00e7u en panneau stratifi\u00e9, il apporte une touche sophistiqu\u00e9e \u00e0 votre r\u00e9ception ! \u2728\" \/>\n<meta property=\"og:url\" content=\"https:\/\/groupecoiff.com\/en\/product-2\/meuble-de-rangement-henry-l\/\" \/>\n<meta property=\"og:site_name\" content=\"Groupe Coiff\" \/>\n<meta property=\"article:publisher\" content=\"https:\/\/www.facebook.com\/GroupeCoiff\" \/>\n<meta property=\"article:modified_time\" content=\"2026-03-23T13:24:04+00:00\" \/>\n<meta property=\"og:image\" content=\"https:\/\/groupecoiff.com\/wp-content\/uploads\/2026\/03\/Ragement-HENRY-L-7.webp\" \/>\n\t<meta property=\"og:image:width\" content=\"1000\" \/>\n\t<meta property=\"og:image:height\" content=\"1000\" \/>\n\t<meta property=\"og:image:type\" content=\"image\/webp\" \/>\n<meta name=\"twitter:card\" content=\"summary_large_image\" \/>\n<meta name=\"twitter:site\" content=\"@groupecoiff\" \/>\n<meta name=\"twitter:label1\" content=\"Price\" \/>\n\t<meta name=\"twitter:data1\" content=\"290,00&nbsp;&euro;\" \/>\n\t<meta name=\"twitter:label2\" content=\"Availability\" \/>\n\t<meta name=\"twitter:data2\" content=\"In stock\" \/>\n<script type=\"application\/ld+json\" class=\"yoast-schema-graph\">{\"@context\":\"https:\\\/\\\/schema.org\",\"@graph\":[{\"@type\":\"WebPage\",\"@id\":\"https:\\\/\\\/groupecoiff.com\\\/produit\\\/meuble-de-rangement-henry-l\\\/\",\"url\":\"https:\\\/\\\/groupecoiff.com\\\/produit\\\/meuble-de-rangement-henry-l\\\/\",\"name\":\"Meuble de rangement HENRY L pour une organisation optimale - Groupe Coiff\",\"isPartOf\":{\"@id\":\"https:\\\/\\\/groupecoiff.com\\\/#website\"},\"primaryImageOfPage\":{\"@id\":\"https:\\\/\\\/groupecoiff.com\\\/produit\\\/meuble-de-rangement-henry-l\\\/#primaryimage\"},\"image\":{\"@id\":\"https:\\\/\\\/groupecoiff.com\\\/produit\\\/meuble-de-rangement-henry-l\\\/#primaryimage\"},\"thumbnailUrl\":\"https:\\\/\\\/groupecoiff.com\\\/wp-content\\\/uploads\\\/2026\\\/03\\\/Ragement-HENRY-L-7.webp\",\"datePublished\":\"2026-03-23T13:05:49+00:00\",\"dateModified\":\"2026-03-23T13:24:04+00:00\",\"description\":\"Optimisez votre espace avec le meuble de rangement HENRY L. Con\u00e7u en panneau stratifi\u00e9, il apporte une touche sophistiqu\u00e9e \u00e0 votre r\u00e9ception ! \u2728\",\"breadcrumb\":{\"@id\":\"https:\\\/\\\/groupecoiff.com\\\/produit\\\/meuble-de-rangement-henry-l\\\/#breadcrumb\"},\"inLanguage\":\"en-US\",\"potentialAction\":[{\"@type\":\"ReadAction\",\"target\":[\"https:\\\/\\\/groupecoiff.com\\\/produit\\\/meuble-de-rangement-henry-l\\\/\"]}]},{\"@type\":\"ImageObject\",\"inLanguage\":\"en-US\",\"@id\":\"https:\\\/\\\/groupecoiff.com\\\/produit\\\/meuble-de-rangement-henry-l\\\/#primaryimage\",\"url\":\"https:\\\/\\\/groupecoiff.com\\\/wp-content\\\/uploads\\\/2026\\\/03\\\/Ragement-HENRY-L-7.webp\",\"contentUrl\":\"https:\\\/\\\/groupecoiff.com\\\/wp-content\\\/uploads\\\/2026\\\/03\\\/Ragement-HENRY-L-7.webp\",\"width\":1000,\"height\":1000,\"caption\":\"Meuble de re\u0301ception henry l - comptoir caisse henry l - Meuble d'accueil salon de coiffure - meuble de r\u00e9ception henry l - mobilier de coiffure professionnel\"},{\"@type\":\"BreadcrumbList\",\"@id\":\"https:\\\/\\\/groupecoiff.com\\\/produit\\\/meuble-de-rangement-henry-l\\\/#breadcrumb\",\"itemListElement\":[{\"@type\":\"ListItem\",\"position\":1,\"name\":\"Accueil\",\"item\":\"https:\\\/\\\/groupecoiff.com\\\/\"},{\"@type\":\"ListItem\",\"position\":2,\"name\":\"Boutique\",\"item\":\"https:\\\/\\\/groupecoiff.com\\\/en\\\/boutique\\\/\"},{\"@type\":\"ListItem\",\"position\":3,\"name\":\"Meuble de rangement HENRY L\"}]},{\"@type\":\"WebSite\",\"@id\":\"https:\\\/\\\/groupecoiff.com\\\/#website\",\"url\":\"https:\\\/\\\/groupecoiff.com\\\/\",\"name\":\"Groupe Coiff\",\"description\":\"Tout pour la coiffure\",\"publisher\":{\"@id\":\"https:\\\/\\\/groupecoiff.com\\\/#organization\"},\"potentialAction\":[{\"@type\":\"SearchAction\",\"target\":{\"@type\":\"EntryPoint\",\"urlTemplate\":\"https:\\\/\\\/groupecoiff.com\\\/?s={search_term_string}\"},\"query-input\":{\"@type\":\"PropertyValueSpecification\",\"valueRequired\":true,\"valueName\":\"search_term_string\"}}],\"inLanguage\":\"en-US\"},{\"@type\":\"Organization\",\"@id\":\"https:\\\/\\\/groupecoiff.com\\\/#organization\",\"name\":\"Groupe Coiff\",\"alternateName\":\"Groupe Coiff : Le Mobilier De Coiffure Haut de Gamme Pour Une \u00c9l\u00e9gance In\u00e9gal\u00e9e\",\"url\":\"https:\\\/\\\/groupecoiff.com\\\/\",\"logo\":{\"@type\":\"ImageObject\",\"inLanguage\":\"en-US\",\"@id\":\"https:\\\/\\\/groupecoiff.com\\\/#\\\/schema\\\/logo\\\/image\\\/\",\"url\":\"https:\\\/\\\/groupecoiff.com\\\/wp-content\\\/uploads\\\/2024\\\/01\\\/cropped-Groupe-Coiff-Logo.webp\",\"contentUrl\":\"https:\\\/\\\/groupecoiff.com\\\/wp-content\\\/uploads\\\/2024\\\/01\\\/cropped-Groupe-Coiff-Logo.webp\",\"width\":512,\"height\":512,\"caption\":\"Groupe Coiff\"},\"image\":{\"@id\":\"https:\\\/\\\/groupecoiff.com\\\/#\\\/schema\\\/logo\\\/image\\\/\"},\"sameAs\":[\"https:\\\/\\\/www.facebook.com\\\/GroupeCoiff\",\"https:\\\/\\\/x.com\\\/groupecoiff\",\"https:\\\/\\\/www.instagram.com\\\/groupecoiff\\\/\",\"https:\\\/\\\/www.tiktok.com\\\/@groupecoiff\",\"https:\\\/\\\/www.youtube.com\\\/@groupecoiff\",\"https:\\\/\\\/twitter.com\\\/groupecoiff\",\"https:\\\/\\\/www.leboncoin.fr\\\/boutique\\\/3961302\\\/groupe_coiff.htm\"],\"description\":\"D\u00e9couvrez le mobilier de coiffure haut de gamme de Groupe Coiff, alliant \u00e9l\u00e9gance et fonctionnalit\u00e9 pour sublimer votre salon et satisfaire vos clients.\",\"email\":\"contact@groupecoiff.com\",\"telephone\":\"0676951605\",\"legalName\":\"Groupe Coiff\",\"foundingDate\":\"2022-11-16\",\"vatID\":\"FR84921406419\",\"taxID\":\"92140641900025\"}]}<\/script>\n<meta property=\"product:price:amount\" content=\"290.00\" \/>\n<meta property=\"product:price:currency\" content=\"EUR\" \/>\n<meta property=\"og:availability\" content=\"instock\" \/>\n<meta property=\"product:availability\" content=\"instock\" \/>\n<meta property=\"product:condition\" content=\"new\" \/>\n<!-- \/ Yoast SEO Premium plugin. -->","yoast_head_json":{"title":"Meuble de rangement HENRY L pour une organisation optimale - Groupe Coiff","description":"Optimisez votre espace avec le meuble de rangement HENRY L. Con\u00e7u en panneau stratifi\u00e9, il apporte une touche sophistiqu\u00e9e \u00e0 votre r\u00e9ception ! \u2728","robots":{"index":"index","follow":"follow","max-snippet":"max-snippet:-1","max-image-preview":"max-image-preview:large","max-video-preview":"max-video-preview:-1"},"canonical":"https:\/\/groupecoiff.com\/en\/product-2\/meuble-de-rangement-henry-l\/","og_locale":"en_US","og_type":"article","og_title":"Meuble de rangement HENRY L","og_description":"Optimisez votre espace avec le meuble de rangement HENRY L. Con\u00e7u en panneau stratifi\u00e9, il apporte une touche sophistiqu\u00e9e \u00e0 votre r\u00e9ception ! \u2728","og_url":"https:\/\/groupecoiff.com\/en\/product-2\/meuble-de-rangement-henry-l\/","og_site_name":"Groupe Coiff","article_publisher":"https:\/\/www.facebook.com\/GroupeCoiff","article_modified_time":"2026-03-23T13:24:04+00:00","og_image":[{"width":1000,"height":1000,"url":"https:\/\/groupecoiff.com\/wp-content\/uploads\/2026\/03\/Ragement-HENRY-L-7.webp","type":"image\/webp"}],"twitter_card":"summary_large_image","twitter_site":"@groupecoiff","twitter_misc":{"Price":"290,00&nbsp;&euro;","Availability":"In stock"},"schema":{"@context":"https:\/\/schema.org","@graph":[{"@type":"WebPage","@id":"https:\/\/groupecoiff.com\/produit\/meuble-de-rangement-henry-l\/","url":"https:\/\/groupecoiff.com\/produit\/meuble-de-rangement-henry-l\/","name":"Meuble de rangement HENRY L pour une organisation optimale - Groupe Coiff","isPartOf":{"@id":"https:\/\/groupecoiff.com\/#website"},"primaryImageOfPage":{"@id":"https:\/\/groupecoiff.com\/produit\/meuble-de-rangement-henry-l\/#primaryimage"},"image":{"@id":"https:\/\/groupecoiff.com\/produit\/meuble-de-rangement-henry-l\/#primaryimage"},"thumbnailUrl":"https:\/\/groupecoiff.com\/wp-content\/uploads\/2026\/03\/Ragement-HENRY-L-7.webp","datePublished":"2026-03-23T13:05:49+00:00","dateModified":"2026-03-23T13:24:04+00:00","description":"Optimisez votre espace avec le meuble de rangement HENRY L. Con\u00e7u en panneau stratifi\u00e9, il apporte une touche sophistiqu\u00e9e \u00e0 votre r\u00e9ception ! \u2728","breadcrumb":{"@id":"https:\/\/groupecoiff.com\/produit\/meuble-de-rangement-henry-l\/#breadcrumb"},"inLanguage":"en-US","potentialAction":[{"@type":"ReadAction","target":["https:\/\/groupecoiff.com\/produit\/meuble-de-rangement-henry-l\/"]}]},{"@type":"ImageObject","inLanguage":"en-US","@id":"https:\/\/groupecoiff.com\/produit\/meuble-de-rangement-henry-l\/#primaryimage","url":"https:\/\/groupecoiff.com\/wp-content\/uploads\/2026\/03\/Ragement-HENRY-L-7.webp","contentUrl":"https:\/\/groupecoiff.com\/wp-content\/uploads\/2026\/03\/Ragement-HENRY-L-7.webp","width":1000,"height":1000,"caption":"Meuble de re\u0301ception henry l - comptoir caisse henry l - Meuble d'accueil salon de coiffure - meuble de r\u00e9ception henry l - mobilier de coiffure professionnel"},{"@type":"BreadcrumbList","@id":"https:\/\/groupecoiff.com\/produit\/meuble-de-rangement-henry-l\/#breadcrumb","itemListElement":[{"@type":"ListItem","position":1,"name":"Accueil","item":"https:\/\/groupecoiff.com\/"},{"@type":"ListItem","position":2,"name":"Boutique","item":"https:\/\/groupecoiff.com\/en\/boutique\/"},{"@type":"ListItem","position":3,"name":"Meuble de rangement HENRY L"}]},{"@type":"WebSite","@id":"https:\/\/groupecoiff.com\/#website","url":"https:\/\/groupecoiff.com\/","name":"Coiff Group","description":"Everything for the hairdresser","publisher":{"@id":"https:\/\/groupecoiff.com\/#organization"},"potentialAction":[{"@type":"SearchAction","target":{"@type":"EntryPoint","urlTemplate":"https:\/\/groupecoiff.com\/?s={search_term_string}"},"query-input":{"@type":"PropertyValueSpecification","valueRequired":true,"valueName":"search_term_string"}}],"inLanguage":"en-US"},{"@type":"Organization","@id":"https:\/\/groupecoiff.com\/#organization","name":"Coiff Group","alternateName":"Groupe Coiff : Le Mobilier De Coiffure Haut de Gamme Pour Une \u00c9l\u00e9gance In\u00e9gal\u00e9e","url":"https:\/\/groupecoiff.com\/","logo":{"@type":"ImageObject","inLanguage":"en-US","@id":"https:\/\/groupecoiff.com\/#\/schema\/logo\/image\/","url":"https:\/\/groupecoiff.com\/wp-content\/uploads\/2024\/01\/cropped-Groupe-Coiff-Logo.webp","contentUrl":"https:\/\/groupecoiff.com\/wp-content\/uploads\/2024\/01\/cropped-Groupe-Coiff-Logo.webp","width":512,"height":512,"caption":"Groupe Coiff"},"image":{"@id":"https:\/\/groupecoiff.com\/#\/schema\/logo\/image\/"},"sameAs":["https:\/\/www.facebook.com\/GroupeCoiff","https:\/\/x.com\/groupecoiff","https:\/\/www.instagram.com\/groupecoiff\/","https:\/\/www.tiktok.com\/@groupecoiff","https:\/\/www.youtube.com\/@groupecoiff","https:\/\/twitter.com\/groupecoiff","https:\/\/www.leboncoin.fr\/boutique\/3961302\/groupe_coiff.htm"],"description":"Discover Groupe Coiff's top-of-the-range hairdressing furniture, combining elegance and functionality to enhance your salon and satisfy your customers.","email":"contact@groupecoiff.com","telephone":"0676951605","legalName":"Groupe Coiff","foundingDate":"2022-11-16","vatID":"FR84921406419","taxID":"92140641900025"}]},"product_price_amount":"290.00","product_price_currency":"EUR","og_availability":"instock","product_availability":"instock","product_condition":"new"},"jetpack_publicize_connections":[],"jetpack_likes_enabled":true,"jetpack_sharing_enabled":true,"_links":{"self":[{"href":"https:\/\/groupecoiff.com\/en\/wp-json\/wp\/v2\/product\/51453","targetHints":{"allow":["GET"]}}],"collection":[{"href":"https:\/\/groupecoiff.com\/en\/wp-json\/wp\/v2\/product"}],"about":[{"href":"https:\/\/groupecoiff.com\/en\/wp-json\/wp\/v2\/types\/product"}],"replies":[{"embeddable":true,"href":"https:\/\/groupecoiff.com\/en\/wp-json\/wp\/v2\/comments?post=51453"}],"version-history":[{"count":2,"href":"https:\/\/groupecoiff.com\/en\/wp-json\/wp\/v2\/product\/51453\/revisions"}],"predecessor-version":[{"id":51471,"href":"https:\/\/groupecoiff.com\/en\/wp-json\/wp\/v2\/product\/51453\/revisions\/51471"}],"wp:featuredmedia":[{"embeddable":true,"href":"https:\/\/groupecoiff.com\/en\/wp-json\/wp\/v2\/media\/51460"}],"wp:attachment":[{"href":"https:\/\/groupecoiff.com\/en\/wp-json\/wp\/v2\/media?parent=51453"}],"wp:term":[{"taxonomy":"product_brand","embeddable":true,"href":"https:\/\/groupecoiff.com\/en\/wp-json\/wp\/v2\/product_brand?post=51453"},{"taxonomy":"product_cat","embeddable":true,"href":"https:\/\/groupecoiff.com\/en\/wp-json\/wp\/v2\/product_cat?post=51453"},{"taxonomy":"product_tag","embeddable":true,"href":"https:\/\/groupecoiff.com\/en\/wp-json\/wp\/v2\/product_tag?post=51453"}],"curies":[{"name":"wp","href":"https:\/\/api.w.org\/{rel}","templated":true}]}}